{"id":95987,"date":"2014-05-15T16:11:35","date_gmt":"2014-05-15T16:11:35","guid":{"rendered":"https:\/\/www.smartystore.it\/prodotto\/aimants-de-couleur\/"},"modified":"2025-10-17T11:36:07","modified_gmt":"2025-10-17T09:36:07","slug":"aimants-de-couleur","status":"publish","type":"product","link":"https:\/\/www.smartystore.it\/fr\/prodotto\/aimants-de-couleur\/","title":{"rendered":"Aimants de couleur"},"content":{"rendered":"<p>Aimants pour tableaux noirs.<\/p>\n<p>Diam\u00e8tre de l&rsquo;aimant : 30 mm.<\/p>\n<p>Disponible en quatre couleurs : bleu &#8211; fuchsia &#8211; vert &#8211; jaune.<\/p>\n<p>Paquet de 8 aimants<\/p>\n<p>A utiliser en combinaison avec tous les tableaux noirs et tableaux d&rsquo;affichage \u00e0 fond magn\u00e9tique du magasin.<\/p>\n","protected":false},"excerpt":{"rendered":"<p>Jeu d&rsquo;aimants color\u00e9s pour tableaux magn\u00e9tiques.<\/p>\n","protected":false},"featured_media":92912,"comment_status":"open","ping_status":"closed","template":"","meta":{"_acf_changed":false},"pwb-brand":[],"product_brand":[],"product_cat":[3659,3134,2997],"product_tag":[5664,5662,5663],"class_list":{"0":"post-95987","1":"product","2":"type-product","3":"status-publish","4":"has-post-thumbnail","6":"product_cat-reparer-accrocher","7":"product_cat-tableaux-magnetiques","8":"product_cat-tableaux-de-messages","9":"product_tag-aimants-colores-pour-surfaces-metalliques","10":"product_tag-aimants-de-couleur","11":"product_tag-aimants-de-couleur-pour-tableau-noir","12":"pa_c2c_color-bleu","13":"pa_c2c_color-fuchsia-fr","14":"pa_c2c_color-jaune","15":"pa_c2c_color-vert","16":"pa_c2c_trovraprezzi-oui","18":"first","19":"instock","20":"taxable","21":"shipping-taxable","22":"purchasable","23":"product-type-simple"},"acf":[],"yoast_head":"<!-- This site is optimized with the Yoast SEO plugin v27.4 - https:\/\/yoast.com\/product\/yoast-seo-wordpress\/ -->\n<title>Aimants de couleur - Achetez au Meilleur Prix<\/title>\n<meta name=\"description\" content=\"Aimants color\u00e9s pour tableau noir avec surface m\u00e9tallique, en lots de 8 aimants d&#039;un diam\u00e8tre de 30 mm, couleurs assorties pour une meilleure identification.\" \/>\n<meta name=\"robots\" content=\"index, follow, max-snippet:-1, max-image-preview:large, max-video-preview:-1\" \/>\n<link rel=\"canonical\" href=\"https:\/\/www.smartystore.it\/fr\/prodotto\/aimants-de-couleur\/\" \/>\n<meta property=\"og:locale\" content=\"fr_FR\" \/>\n<meta property=\"og:type\" content=\"article\" \/>\n<meta property=\"og:title\" content=\"Aimants de couleur - Achetez au Meilleur Prix\" \/>\n<meta property=\"og:description\" content=\"Aimants color\u00e9s pour tableau noir avec surface m\u00e9tallique, en lots de 8 aimants d&#039;un diam\u00e8tre de 30 mm, couleurs assorties pour une meilleure identification.\" \/>\n<meta property=\"og:url\" content=\"https:\/\/www.smartystore.it\/fr\/prodotto\/aimants-de-couleur\/\" \/>\n<meta property=\"og:site_name\" content=\"Smarty Store\" \/>\n<meta property=\"article:modified_time\" content=\"2025-10-17T09:36:07+00:00\" \/>\n<meta property=\"og:image\" content=\"https:\/\/www.smartystore.it\/v25\/wp-content\/uploads\/2014\/05\/Kit-confezione-magneti-colorati-per-lavagne-bacheche.jpg\" \/>\n\t<meta property=\"og:image:width\" content=\"1000\" \/>\n\t<meta property=\"og:image:height\" content=\"1000\" \/>\n\t<meta property=\"og:image:type\" content=\"image\/jpeg\" \/>\n<meta name=\"twitter:card\" content=\"summary_large_image\" \/>\n<meta name=\"twitter:label1\" content=\"Dur\u00e9e de lecture estim\u00e9e\" \/>\n\t<meta name=\"twitter:data1\" content=\"1 minute\" \/>\n<script type=\"application\/ld+json\" class=\"yoast-schema-graph\">{\"@context\":\"https:\\\/\\\/schema.org\",\"@graph\":[{\"@type\":\"WebPage\",\"@id\":\"https:\\\/\\\/www.smartystore.it\\\/fr\\\/prodotto\\\/aimants-de-couleur\\\/\",\"url\":\"https:\\\/\\\/www.smartystore.it\\\/fr\\\/prodotto\\\/aimants-de-couleur\\\/\",\"name\":\"Aimants de couleur - Achetez au Meilleur Prix\",\"isPartOf\":{\"@id\":\"https:\\\/\\\/www.smartystore.it\\\/fr\\\/#website\"},\"primaryImageOfPage\":{\"@id\":\"https:\\\/\\\/www.smartystore.it\\\/fr\\\/prodotto\\\/aimants-de-couleur\\\/#primaryimage\"},\"image\":{\"@id\":\"https:\\\/\\\/www.smartystore.it\\\/fr\\\/prodotto\\\/aimants-de-couleur\\\/#primaryimage\"},\"thumbnailUrl\":\"https:\\\/\\\/www.smartystore.it\\\/v25\\\/wp-content\\\/uploads\\\/2014\\\/05\\\/Kit-confezione-magneti-colorati-per-lavagne-bacheche.jpg\",\"datePublished\":\"2014-05-15T16:11:35+00:00\",\"dateModified\":\"2025-10-17T09:36:07+00:00\",\"description\":\"Aimants color\u00e9s pour tableau noir avec surface m\u00e9tallique, en lots de 8 aimants d'un diam\u00e8tre de 30 mm, couleurs assorties pour une meilleure identification.\",\"breadcrumb\":{\"@id\":\"https:\\\/\\\/www.smartystore.it\\\/fr\\\/prodotto\\\/aimants-de-couleur\\\/#breadcrumb\"},\"inLanguage\":\"fr-FR\",\"potentialAction\":[{\"@type\":\"ReadAction\",\"target\":[\"https:\\\/\\\/www.smartystore.it\\\/fr\\\/prodotto\\\/aimants-de-couleur\\\/\"]}]},{\"@type\":\"ImageObject\",\"inLanguage\":\"fr-FR\",\"@id\":\"https:\\\/\\\/www.smartystore.it\\\/fr\\\/prodotto\\\/aimants-de-couleur\\\/#primaryimage\",\"url\":\"https:\\\/\\\/www.smartystore.it\\\/v25\\\/wp-content\\\/uploads\\\/2014\\\/05\\\/Kit-confezione-magneti-colorati-per-lavagne-bacheche.jpg\",\"contentUrl\":\"https:\\\/\\\/www.smartystore.it\\\/v25\\\/wp-content\\\/uploads\\\/2014\\\/05\\\/Kit-confezione-magneti-colorati-per-lavagne-bacheche.jpg\",\"width\":1000,\"height\":1000,\"caption\":\"Aimants de couleur\"},{\"@type\":\"BreadcrumbList\",\"@id\":\"https:\\\/\\\/www.smartystore.it\\\/fr\\\/prodotto\\\/aimants-de-couleur\\\/#breadcrumb\",\"itemListElement\":[{\"@type\":\"ListItem\",\"position\":1,\"name\":\"Home\",\"item\":\"https:\\\/\\\/www.smartystore.it\\\/fr\\\/\"},{\"@type\":\"ListItem\",\"position\":2,\"name\":\"Boutique\",\"item\":\"https:\\\/\\\/www.smartystore.it\\\/fr\\\/boutique\\\/\"},{\"@type\":\"ListItem\",\"position\":3,\"name\":\"Aimants de couleur\"}]},{\"@type\":\"WebSite\",\"@id\":\"https:\\\/\\\/www.smartystore.it\\\/fr\\\/#website\",\"url\":\"https:\\\/\\\/www.smartystore.it\\\/fr\\\/\",\"name\":\"Smarty Store\",\"description\":\"Espositori Pubblicitari e Sistemi di Comunicazione Visiva\",\"potentialAction\":[{\"@type\":\"SearchAction\",\"target\":{\"@type\":\"EntryPoint\",\"urlTemplate\":\"https:\\\/\\\/www.smartystore.it\\\/fr\\\/?s={search_term_string}\"},\"query-input\":{\"@type\":\"PropertyValueSpecification\",\"valueRequired\":true,\"valueName\":\"search_term_string\"}}],\"inLanguage\":\"fr-FR\"}]}<\/script>\n<!-- \/ Yoast SEO plugin. -->","yoast_head_json":{"title":"Aimants de couleur - Achetez au Meilleur Prix","description":"Aimants color\u00e9s pour tableau noir avec surface m\u00e9tallique, en lots de 8 aimants d'un diam\u00e8tre de 30 mm, couleurs assorties pour une meilleure identification.","robots":{"index":"index","follow":"follow","max-snippet":"max-snippet:-1","max-image-preview":"max-image-preview:large","max-video-preview":"max-video-preview:-1"},"canonical":"https:\/\/www.smartystore.it\/fr\/prodotto\/aimants-de-couleur\/","og_locale":"fr_FR","og_type":"article","og_title":"Aimants de couleur - Achetez au Meilleur Prix","og_description":"Aimants color\u00e9s pour tableau noir avec surface m\u00e9tallique, en lots de 8 aimants d'un diam\u00e8tre de 30 mm, couleurs assorties pour une meilleure identification.","og_url":"https:\/\/www.smartystore.it\/fr\/prodotto\/aimants-de-couleur\/","og_site_name":"Smarty Store","article_modified_time":"2025-10-17T09:36:07+00:00","og_image":[{"width":1000,"height":1000,"url":"https:\/\/www.smartystore.it\/v25\/wp-content\/uploads\/2014\/05\/Kit-confezione-magneti-colorati-per-lavagne-bacheche.jpg","type":"image\/jpeg"}],"twitter_card":"summary_large_image","twitter_misc":{"Dur\u00e9e de lecture estim\u00e9e":"1 minute"},"schema":{"@context":"https:\/\/schema.org","@graph":[{"@type":"WebPage","@id":"https:\/\/www.smartystore.it\/fr\/prodotto\/aimants-de-couleur\/","url":"https:\/\/www.smartystore.it\/fr\/prodotto\/aimants-de-couleur\/","name":"Aimants de couleur - Achetez au Meilleur Prix","isPartOf":{"@id":"https:\/\/www.smartystore.it\/fr\/#website"},"primaryImageOfPage":{"@id":"https:\/\/www.smartystore.it\/fr\/prodotto\/aimants-de-couleur\/#primaryimage"},"image":{"@id":"https:\/\/www.smartystore.it\/fr\/prodotto\/aimants-de-couleur\/#primaryimage"},"thumbnailUrl":"https:\/\/www.smartystore.it\/v25\/wp-content\/uploads\/2014\/05\/Kit-confezione-magneti-colorati-per-lavagne-bacheche.jpg","datePublished":"2014-05-15T16:11:35+00:00","dateModified":"2025-10-17T09:36:07+00:00","description":"Aimants color\u00e9s pour tableau noir avec surface m\u00e9tallique, en lots de 8 aimants d'un diam\u00e8tre de 30 mm, couleurs assorties pour une meilleure identification.","breadcrumb":{"@id":"https:\/\/www.smartystore.it\/fr\/prodotto\/aimants-de-couleur\/#breadcrumb"},"inLanguage":"fr-FR","potentialAction":[{"@type":"ReadAction","target":["https:\/\/www.smartystore.it\/fr\/prodotto\/aimants-de-couleur\/"]}]},{"@type":"ImageObject","inLanguage":"fr-FR","@id":"https:\/\/www.smartystore.it\/fr\/prodotto\/aimants-de-couleur\/#primaryimage","url":"https:\/\/www.smartystore.it\/v25\/wp-content\/uploads\/2014\/05\/Kit-confezione-magneti-colorati-per-lavagne-bacheche.jpg","contentUrl":"https:\/\/www.smartystore.it\/v25\/wp-content\/uploads\/2014\/05\/Kit-confezione-magneti-colorati-per-lavagne-bacheche.jpg","width":1000,"height":1000,"caption":"Aimants de couleur"},{"@type":"BreadcrumbList","@id":"https:\/\/www.smartystore.it\/fr\/prodotto\/aimants-de-couleur\/#breadcrumb","itemListElement":[{"@type":"ListItem","position":1,"name":"Home","item":"https:\/\/www.smartystore.it\/fr\/"},{"@type":"ListItem","position":2,"name":"Boutique","item":"https:\/\/www.smartystore.it\/fr\/boutique\/"},{"@type":"ListItem","position":3,"name":"Aimants de couleur"}]},{"@type":"WebSite","@id":"https:\/\/www.smartystore.it\/fr\/#website","url":"https:\/\/www.smartystore.it\/fr\/","name":"Smarty Store","description":"Espositori Pubblicitari e Sistemi di Comunicazione Visiva","potentialAction":[{"@type":"SearchAction","target":{"@type":"EntryPoint","urlTemplate":"https:\/\/www.smartystore.it\/fr\/?s={search_term_string}"},"query-input":{"@type":"PropertyValueSpecification","valueRequired":true,"valueName":"search_term_string"}}],"inLanguage":"fr-FR"}]}},"brands":[],"_links":{"self":[{"href":"https:\/\/www.smartystore.it\/fr\/wp-json\/wp\/v2\/product\/95987","targetHints":{"allow":["GET"]}}],"collection":[{"href":"https:\/\/www.smartystore.it\/fr\/wp-json\/wp\/v2\/product"}],"about":[{"href":"https:\/\/www.smartystore.it\/fr\/wp-json\/wp\/v2\/types\/product"}],"replies":[{"embeddable":true,"href":"https:\/\/www.smartystore.it\/fr\/wp-json\/wp\/v2\/comments?post=95987"}],"wp:featuredmedia":[{"embeddable":true,"href":"https:\/\/www.smartystore.it\/fr\/wp-json\/wp\/v2\/media\/92912"}],"wp:attachment":[{"href":"https:\/\/www.smartystore.it\/fr\/wp-json\/wp\/v2\/media?parent=95987"}],"wp:term":[{"taxonomy":"pwb-brand","embeddable":true,"href":"https:\/\/www.smartystore.it\/fr\/wp-json\/wp\/v2\/pwb-brand?post=95987"},{"taxonomy":"product_brand","embeddable":true,"href":"https:\/\/www.smartystore.it\/fr\/wp-json\/wp\/v2\/product_brand?post=95987"},{"taxonomy":"product_cat","embeddable":true,"href":"https:\/\/www.smartystore.it\/fr\/wp-json\/wp\/v2\/product_cat?post=95987"},{"taxonomy":"product_tag","embeddable":true,"href":"https:\/\/www.smartystore.it\/fr\/wp-json\/wp\/v2\/product_tag?post=95987"}],"curies":[{"name":"wp","href":"https:\/\/api.w.org\/{rel}","templated":true}]}}