{"id":95978,"date":"2014-07-25T16:26:46","date_gmt":"2014-07-25T14:26:46","guid":{"rendered":"https:\/\/www.smartystore.it\/prodotto\/cadre-clipsable-double-face-a4-pour-vitrines\/"},"modified":"2025-10-16T15:13:24","modified_gmt":"2025-10-16T13:13:24","slug":"cadre-clipsable-double-face-a4-pour-vitrines","status":"publish","type":"product","link":"https:\/\/www.smartystore.it\/fr\/prodotto\/cadre-clipsable-double-face-a4-pour-vitrines\/","title":{"rendered":"Cadre clipsable double face A4 pour vitrines"},"content":{"rendered":"<div class=\"wpb-content-wrapper\"><p>[vc_row][vc_column][vc_column_text css=\u00a0\u00bb\u00a0\u00bb css_params=\u00a0\u00bb\u00a0\u00bb]<\/p>\n<h1>cadre \u00e0 pression A4 recto-verso pour vitrines: une solution de communication visuelle innovante<\/h1>\n<p>Le cadre clipsable double face A4 pour vitrines est une solution \u00e9l\u00e9gante et fonctionnelle pour afficher des communications visuelles \u00e0 l&rsquo;int\u00e9rieur et \u00e0 l&rsquo;ext\u00e9rieur des vitrines. Sp\u00e9cialement con\u00e7u pour une utilisation polyvalente, ce cadre est id\u00e9al pour les magasins, les centres commerciaux, les h\u00f4pitaux, les mus\u00e9es et les laboratoires m\u00e9dicaux, o\u00f9 la clart\u00e9 et la visibilit\u00e9 du message sont primordiales. <\/p>\n<p>Fabriqu\u00e9 en aluminium anodis\u00e9, le cadre pr\u00e9sente un profil robuste et durable avec des angles vifs qui lui conf\u00e8rent un aspect moderne et professionnel. Le profil du cadre mesure 25 mm, ce qui garantit une stabilit\u00e9 optimale et une int\u00e9gration parfaite dans l&rsquo;environnement. L&rsquo;installation est extr\u00eamement simple gr\u00e2ce au ruban adh\u00e9sif double face d\u00e9j\u00e0 pr\u00e9appliqu\u00e9 au dos, qui permet de fixer le cadre directement sur la surface int\u00e9rieure de la vitrine.  <\/p>\n<p>L&rsquo;un des principaux avantages du cadre \u00e0 clipser double face est qu&rsquo;il permet d&rsquo;afficher simultan\u00e9ment deux graphiques diff\u00e9rents. Gr\u00e2ce au fond transparent amovible, les utilisateurs peuvent facilement ins\u00e9rer et remplacer leurs supports d&rsquo;information de l&rsquo;int\u00e9rieur, sans avoir \u00e0 retirer le cadre lui-m\u00eame. En outre, pour am\u00e9liorer l&rsquo;esth\u00e9tique et dissimuler le ruban adh\u00e9sif double face, un contre-cadre est inclus pour \u00eatre appliqu\u00e9 \u00e0 l&rsquo;ext\u00e9rieur, ce qui garantit une apparence soign\u00e9e et professionnelle.  <\/p>\n<h2>Cadre clipsable A4 double face pour vitrines : de nombreuses utilisations pour de nombreux environnements<\/h2>\n<p>Ce cadre est particuli\u00e8rement adapt\u00e9 \u00e0 l&rsquo;affichage de messages promotionnels, de listes de prix et d&rsquo;avis importants, rendant l&rsquo;information accessible aux clients et am\u00e9liorant ainsi l&rsquo;exp\u00e9rience globale. La capacit\u00e9 d&rsquo;afficher des informations de mani\u00e8re claire et attrayante est un facteur cl\u00e9 dans la vente au d\u00e9tail et la communication d&rsquo;entreprise. <\/p>\n<p>En r\u00e9sum\u00e9, le cadre \u00e0 clipser A4 double face est un choix strat\u00e9gique pour toutes les activit\u00e9s commerciales et institutionnelles qui souhaitent maximiser la visibilit\u00e9 de leurs communications visuelles. La combinaison d&rsquo;un design raffin\u00e9, d&rsquo;une facilit\u00e9 d&rsquo;utilisation et de mat\u00e9riaux de qualit\u00e9 fait de ce produit un \u00e9l\u00e9ment indispensable pour tous ceux qui souhaitent se pr\u00e9senter de mani\u00e8re efficace et professionnelle. S&rsquo;\u00e9quiper d&rsquo;un cadre \u00e0 clipser double face, c&rsquo;est investir dans son image et sa communication, \u00e9l\u00e9ments essentiels pour attirer et maintenir l&rsquo;attention du public.  <\/p>\n<p>&nbsp;<\/p>\n<h3>Caract\u00e9ristiques<\/h3>\n<p>Format imprim\u00e9 : A4 (mm. 210&#215;297).<\/p>\n<p>Mat\u00e9riau : aluminium anodis\u00e9.<\/p>\n<p>Angles vifs.<\/p>\n<p>Profil du cadre : cadre 25 (largeur du profil mm 25)<\/p>\n<p>Fixation : \u00e0 l&rsquo;aide d&rsquo;un ruban adh\u00e9sif double face au dos, \u00e0 la fois verticalement et horizontalement.<\/p>\n<p>Fond transparent amovible pour l&rsquo;application des deux graphiques de l&rsquo;int\u00e9rieur.<\/p>\n<p>Profil\u00e9 en aluminium \u00e0 appliquer sur la face ext\u00e9rieure du verre \u00e0 l&rsquo;aide d&rsquo;un ruban adh\u00e9sif double face.<\/p>\n<p>\u00c9paisseur maximale du moule : environ 2 mm.<\/p>\n<p>Surface visible : 19,0 x 27,7 cm.<\/p>\n<p>Dimensions effectives du cadre : 24,1 x 32,8 cm.<\/p>\n<p>Poids du cadre : 0,5 kg.<\/p>\n<h4 style=\"text-align: center;\">Voir tous les cadres double face pour vitrines sur ce <strong><a href=\"https:\/\/www.smartystore.it\/fr\/?s=crps&amp;post_type=product\">LIEN<\/a><\/strong><\/h4>\n<p>&nbsp;<\/p>\n<p><a href=\"https:\/\/www.smartystore.it\/v25\/wp-content\/uploads\/2014\/07\/STR-CRPS21-20-22-23-25-26.pdf\" target=\"_blank\" rel=\"noopener\"><img loading=\"lazy\" decoding=\"async\" class=\"alignnone size-full wp-image-93510\" src=\"https:\/\/www.smartystore.it\/v25\/wp-content\/uploads\/2014\/10\/SchedaTecnica-300-e1750084266903.png\" alt=\"\" width=\"249\" height=\"63\"><\/a>[\/vc_column_text][\/vc_column][\/vc_row]<\/p>\n<\/div>","protected":false},"excerpt":{"rendered":"<p>Cadre encliquetable double face pour fen\u00eatres d&rsquo;impression A4, avec profils en aluminium anodis\u00e9 \u00e0 angles vifs<\/p>\n","protected":false},"featured_media":95977,"comment_status":"open","ping_status":"closed","template":"","meta":{"_acf_changed":false},"pwb-brand":[],"product_brand":[],"product_cat":[3008,2912],"product_tag":[5617,5615,5594,5619,5616,5618,5620,5567,5592,5596,5598,5599],"class_list":{"0":"post-95978","1":"product","2":"type-product","3":"status-publish","4":"has-post-thumbnail","6":"product_cat-cadres-clic-clac","7":"product_cat-cadres-instantanes","8":"product_tag-cadre-a-clipser-a4-en-aluminium-pour-vitrine","9":"product_tag-cadre-a-clipser-double-face-a4-pour-vitrine","10":"product_tag-cadre-a-clipser-pour-verre-rentables","11":"product_tag-cadre-a-encliqueter-pour-tirages-29-7x21-pour-verre","12":"product_tag-cadre-a-pression-double-face-21x297-pour-verre","13":"product_tag-cadre-a-pression-horizontal-a4-pour-vitrines","14":"product_tag-cadre-a-pression-pour-verre-a4-aux-prix-les-plus-bas","15":"product_tag-cadres-a-clipser-double-face-pour-vitrines","16":"product_tag-cadres-daffichage-encliquetables-a-bas-prix","17":"product_tag-cadres-dencliquetage-pour-les-fenetres-de-message","18":"product_tag-cadres-de-fenetres-a-encliqueter-de-qualite-a-prix-reduit","19":"product_tag-cadres-de-fenetres-moins-chers","20":"pa_c2c_angolo-vif","21":"pa_c2c_color-argent","22":"pa_c2c_colorefondo-transparent","23":"pa_c2c_dimensione-a4-21x29-7-vert","24":"pa_c2c_mono_bifacciale-double-face","25":"pa_c2c_trovraprezzi-oui","27":"first","28":"instock","29":"taxable","30":"shipping-taxable","31":"purchasable","32":"product-type-simple"},"acf":[],"yoast_head":"<!-- This site is optimized with the Yoast SEO plugin v27.4 - https:\/\/yoast.com\/product\/yoast-seo-wordpress\/ -->\n<title>Cadre clipsable double face A4 pour vitrines angle vif<\/title>\n<meta name=\"description\" content=\"Cadre clipsable double face A4 pour vitrines, angle vif. Achetez des cadres de fen\u00eatres pour les utiliser comme syst\u00e8mes de communication modernes.\" \/>\n<meta name=\"robots\" content=\"index, follow, max-snippet:-1, max-image-preview:large, max-video-preview:-1\" \/>\n<link rel=\"canonical\" href=\"https:\/\/www.smartystore.it\/fr\/prodotto\/cadre-clipsable-double-face-a4-pour-vitrines\/\" \/>\n<meta property=\"og:locale\" content=\"fr_FR\" \/>\n<meta property=\"og:type\" content=\"article\" \/>\n<meta property=\"og:title\" content=\"Cadre clipsable double face A4 pour vitrines angle vif\" \/>\n<meta property=\"og:description\" content=\"Cadre clipsable double face A4 pour vitrines, angle vif. Achetez des cadres de fen\u00eatres pour les utiliser comme syst\u00e8mes de communication modernes.\" \/>\n<meta property=\"og:url\" content=\"https:\/\/www.smartystore.it\/fr\/prodotto\/cadre-clipsable-double-face-a4-pour-vitrines\/\" \/>\n<meta property=\"og:site_name\" content=\"Smarty Store\" \/>\n<meta property=\"article:modified_time\" content=\"2025-10-16T13:13:24+00:00\" \/>\n<meta property=\"og:image\" content=\"https:\/\/www.smartystore.it\/v25\/wp-content\/uploads\/2014\/07\/Cornice-scatto-bifacciale-da-vetro-con-biadesivo-per-foglio-A4-1.jpg\" \/>\n\t<meta property=\"og:image:width\" content=\"1000\" \/>\n\t<meta property=\"og:image:height\" content=\"1000\" \/>\n\t<meta property=\"og:image:type\" content=\"image\/jpeg\" \/>\n<meta name=\"twitter:card\" content=\"summary_large_image\" \/>\n<meta name=\"twitter:label1\" content=\"Dur\u00e9e de lecture estim\u00e9e\" \/>\n\t<meta name=\"twitter:data1\" content=\"3 minutes\" \/>\n<script type=\"application\/ld+json\" class=\"yoast-schema-graph\">{\"@context\":\"https:\\\/\\\/schema.org\",\"@graph\":[{\"@type\":\"WebPage\",\"@id\":\"https:\\\/\\\/www.smartystore.it\\\/fr\\\/prodotto\\\/cadre-clipsable-double-face-a4-pour-vitrines\\\/\",\"url\":\"https:\\\/\\\/www.smartystore.it\\\/fr\\\/prodotto\\\/cadre-clipsable-double-face-a4-pour-vitrines\\\/\",\"name\":\"Cadre clipsable double face A4 pour vitrines angle vif\",\"isPartOf\":{\"@id\":\"https:\\\/\\\/www.smartystore.it\\\/fr\\\/#website\"},\"primaryImageOfPage\":{\"@id\":\"https:\\\/\\\/www.smartystore.it\\\/fr\\\/prodotto\\\/cadre-clipsable-double-face-a4-pour-vitrines\\\/#primaryimage\"},\"image\":{\"@id\":\"https:\\\/\\\/www.smartystore.it\\\/fr\\\/prodotto\\\/cadre-clipsable-double-face-a4-pour-vitrines\\\/#primaryimage\"},\"thumbnailUrl\":\"https:\\\/\\\/www.smartystore.it\\\/v25\\\/wp-content\\\/uploads\\\/2014\\\/07\\\/Cornice-scatto-bifacciale-da-vetro-con-biadesivo-per-foglio-A4-1.jpg\",\"datePublished\":\"2014-07-25T14:26:46+00:00\",\"dateModified\":\"2025-10-16T13:13:24+00:00\",\"description\":\"Cadre clipsable double face A4 pour vitrines, angle vif. Achetez des cadres de fen\u00eatres pour les utiliser comme syst\u00e8mes de communication modernes.\",\"breadcrumb\":{\"@id\":\"https:\\\/\\\/www.smartystore.it\\\/fr\\\/prodotto\\\/cadre-clipsable-double-face-a4-pour-vitrines\\\/#breadcrumb\"},\"inLanguage\":\"fr-FR\",\"potentialAction\":[{\"@type\":\"ReadAction\",\"target\":[\"https:\\\/\\\/www.smartystore.it\\\/fr\\\/prodotto\\\/cadre-clipsable-double-face-a4-pour-vitrines\\\/\"]}]},{\"@type\":\"ImageObject\",\"inLanguage\":\"fr-FR\",\"@id\":\"https:\\\/\\\/www.smartystore.it\\\/fr\\\/prodotto\\\/cadre-clipsable-double-face-a4-pour-vitrines\\\/#primaryimage\",\"url\":\"https:\\\/\\\/www.smartystore.it\\\/v25\\\/wp-content\\\/uploads\\\/2014\\\/07\\\/Cornice-scatto-bifacciale-da-vetro-con-biadesivo-per-foglio-A4-1.jpg\",\"contentUrl\":\"https:\\\/\\\/www.smartystore.it\\\/v25\\\/wp-content\\\/uploads\\\/2014\\\/07\\\/Cornice-scatto-bifacciale-da-vetro-con-biadesivo-per-foglio-A4-1.jpg\",\"width\":1000,\"height\":1000,\"caption\":\"Cadre clipsable double face A4 pour vitrines\"},{\"@type\":\"BreadcrumbList\",\"@id\":\"https:\\\/\\\/www.smartystore.it\\\/fr\\\/prodotto\\\/cadre-clipsable-double-face-a4-pour-vitrines\\\/#breadcrumb\",\"itemListElement\":[{\"@type\":\"ListItem\",\"position\":1,\"name\":\"Home\",\"item\":\"https:\\\/\\\/www.smartystore.it\\\/fr\\\/\"},{\"@type\":\"ListItem\",\"position\":2,\"name\":\"Boutique\",\"item\":\"https:\\\/\\\/www.smartystore.it\\\/fr\\\/boutique\\\/\"},{\"@type\":\"ListItem\",\"position\":3,\"name\":\"Cadre clipsable double face A4 pour vitrines\"}]},{\"@type\":\"WebSite\",\"@id\":\"https:\\\/\\\/www.smartystore.it\\\/fr\\\/#website\",\"url\":\"https:\\\/\\\/www.smartystore.it\\\/fr\\\/\",\"name\":\"Smarty Store\",\"description\":\"Espositori Pubblicitari e Sistemi di Comunicazione Visiva\",\"potentialAction\":[{\"@type\":\"SearchAction\",\"target\":{\"@type\":\"EntryPoint\",\"urlTemplate\":\"https:\\\/\\\/www.smartystore.it\\\/fr\\\/?s={search_term_string}\"},\"query-input\":{\"@type\":\"PropertyValueSpecification\",\"valueRequired\":true,\"valueName\":\"search_term_string\"}}],\"inLanguage\":\"fr-FR\"}]}<\/script>\n<!-- \/ Yoast SEO plugin. -->","yoast_head_json":{"title":"Cadre clipsable double face A4 pour vitrines angle vif","description":"Cadre clipsable double face A4 pour vitrines, angle vif. Achetez des cadres de fen\u00eatres pour les utiliser comme syst\u00e8mes de communication modernes.","robots":{"index":"index","follow":"follow","max-snippet":"max-snippet:-1","max-image-preview":"max-image-preview:large","max-video-preview":"max-video-preview:-1"},"canonical":"https:\/\/www.smartystore.it\/fr\/prodotto\/cadre-clipsable-double-face-a4-pour-vitrines\/","og_locale":"fr_FR","og_type":"article","og_title":"Cadre clipsable double face A4 pour vitrines angle vif","og_description":"Cadre clipsable double face A4 pour vitrines, angle vif. Achetez des cadres de fen\u00eatres pour les utiliser comme syst\u00e8mes de communication modernes.","og_url":"https:\/\/www.smartystore.it\/fr\/prodotto\/cadre-clipsable-double-face-a4-pour-vitrines\/","og_site_name":"Smarty Store","article_modified_time":"2025-10-16T13:13:24+00:00","og_image":[{"width":1000,"height":1000,"url":"https:\/\/www.smartystore.it\/v25\/wp-content\/uploads\/2014\/07\/Cornice-scatto-bifacciale-da-vetro-con-biadesivo-per-foglio-A4-1.jpg","type":"image\/jpeg"}],"twitter_card":"summary_large_image","twitter_misc":{"Dur\u00e9e de lecture estim\u00e9e":"3 minutes"},"schema":{"@context":"https:\/\/schema.org","@graph":[{"@type":"WebPage","@id":"https:\/\/www.smartystore.it\/fr\/prodotto\/cadre-clipsable-double-face-a4-pour-vitrines\/","url":"https:\/\/www.smartystore.it\/fr\/prodotto\/cadre-clipsable-double-face-a4-pour-vitrines\/","name":"Cadre clipsable double face A4 pour vitrines angle vif","isPartOf":{"@id":"https:\/\/www.smartystore.it\/fr\/#website"},"primaryImageOfPage":{"@id":"https:\/\/www.smartystore.it\/fr\/prodotto\/cadre-clipsable-double-face-a4-pour-vitrines\/#primaryimage"},"image":{"@id":"https:\/\/www.smartystore.it\/fr\/prodotto\/cadre-clipsable-double-face-a4-pour-vitrines\/#primaryimage"},"thumbnailUrl":"https:\/\/www.smartystore.it\/v25\/wp-content\/uploads\/2014\/07\/Cornice-scatto-bifacciale-da-vetro-con-biadesivo-per-foglio-A4-1.jpg","datePublished":"2014-07-25T14:26:46+00:00","dateModified":"2025-10-16T13:13:24+00:00","description":"Cadre clipsable double face A4 pour vitrines, angle vif. Achetez des cadres de fen\u00eatres pour les utiliser comme syst\u00e8mes de communication modernes.","breadcrumb":{"@id":"https:\/\/www.smartystore.it\/fr\/prodotto\/cadre-clipsable-double-face-a4-pour-vitrines\/#breadcrumb"},"inLanguage":"fr-FR","potentialAction":[{"@type":"ReadAction","target":["https:\/\/www.smartystore.it\/fr\/prodotto\/cadre-clipsable-double-face-a4-pour-vitrines\/"]}]},{"@type":"ImageObject","inLanguage":"fr-FR","@id":"https:\/\/www.smartystore.it\/fr\/prodotto\/cadre-clipsable-double-face-a4-pour-vitrines\/#primaryimage","url":"https:\/\/www.smartystore.it\/v25\/wp-content\/uploads\/2014\/07\/Cornice-scatto-bifacciale-da-vetro-con-biadesivo-per-foglio-A4-1.jpg","contentUrl":"https:\/\/www.smartystore.it\/v25\/wp-content\/uploads\/2014\/07\/Cornice-scatto-bifacciale-da-vetro-con-biadesivo-per-foglio-A4-1.jpg","width":1000,"height":1000,"caption":"Cadre clipsable double face A4 pour vitrines"},{"@type":"BreadcrumbList","@id":"https:\/\/www.smartystore.it\/fr\/prodotto\/cadre-clipsable-double-face-a4-pour-vitrines\/#breadcrumb","itemListElement":[{"@type":"ListItem","position":1,"name":"Home","item":"https:\/\/www.smartystore.it\/fr\/"},{"@type":"ListItem","position":2,"name":"Boutique","item":"https:\/\/www.smartystore.it\/fr\/boutique\/"},{"@type":"ListItem","position":3,"name":"Cadre clipsable double face A4 pour vitrines"}]},{"@type":"WebSite","@id":"https:\/\/www.smartystore.it\/fr\/#website","url":"https:\/\/www.smartystore.it\/fr\/","name":"Smarty Store","description":"Espositori Pubblicitari e Sistemi di Comunicazione Visiva","potentialAction":[{"@type":"SearchAction","target":{"@type":"EntryPoint","urlTemplate":"https:\/\/www.smartystore.it\/fr\/?s={search_term_string}"},"query-input":{"@type":"PropertyValueSpecification","valueRequired":true,"valueName":"search_term_string"}}],"inLanguage":"fr-FR"}]}},"brands":[],"_links":{"self":[{"href":"https:\/\/www.smartystore.it\/fr\/wp-json\/wp\/v2\/product\/95978","targetHints":{"allow":["GET"]}}],"collection":[{"href":"https:\/\/www.smartystore.it\/fr\/wp-json\/wp\/v2\/product"}],"about":[{"href":"https:\/\/www.smartystore.it\/fr\/wp-json\/wp\/v2\/types\/product"}],"replies":[{"embeddable":true,"href":"https:\/\/www.smartystore.it\/fr\/wp-json\/wp\/v2\/comments?post=95978"}],"wp:featuredmedia":[{"embeddable":true,"href":"https:\/\/www.smartystore.it\/fr\/wp-json\/wp\/v2\/media\/95977"}],"wp:attachment":[{"href":"https:\/\/www.smartystore.it\/fr\/wp-json\/wp\/v2\/media?parent=95978"}],"wp:term":[{"taxonomy":"pwb-brand","embeddable":true,"href":"https:\/\/www.smartystore.it\/fr\/wp-json\/wp\/v2\/pwb-brand?post=95978"},{"taxonomy":"product_brand","embeddable":true,"href":"https:\/\/www.smartystore.it\/fr\/wp-json\/wp\/v2\/product_brand?post=95978"},{"taxonomy":"product_cat","embeddable":true,"href":"https:\/\/www.smartystore.it\/fr\/wp-json\/wp\/v2\/product_cat?post=95978"},{"taxonomy":"product_tag","embeddable":true,"href":"https:\/\/www.smartystore.it\/fr\/wp-json\/wp\/v2\/product_tag?post=95978"}],"curies":[{"name":"wp","href":"https:\/\/api.w.org\/{rel}","templated":true}]}}