{"id":95975,"date":"2014-07-25T16:27:56","date_gmt":"2014-07-25T14:27:56","guid":{"rendered":"https:\/\/www.smartystore.it\/prodotto\/cadre-clic-clac-a3-double-face-pour-vitrines\/"},"modified":"2025-10-16T10:36:05","modified_gmt":"2025-10-16T08:36:05","slug":"cadre-clic-clac-a3-double-face-pour-vitrines","status":"publish","type":"product","link":"https:\/\/www.smartystore.it\/fr\/prodotto\/cadre-clic-clac-a3-double-face-pour-vitrines\/","title":{"rendered":"Cadre clic clac A3 double face pour vitrines"},"content":{"rendered":"<div class=\"wpb-content-wrapper\"><p>[vc_row][vc_column][vc_column_text css=\u00a0\u00bb\u00a0\u00bb css_params=\u00a0\u00bb\u00a0\u00bb]<\/p>\n<h1>Cadre clic clac A3 double face pour vitrines: la solution id\u00e9ale pour afficher vos messages<\/h1>\n<p>Dans un march\u00e9 de plus en plus concurrentiel, la capacit\u00e9 \u00e0 communiquer efficacement votre message est cruciale. Le cadre A3 double face pour vitrine est une solution innovante et pratique pour communiquer \u00e0 travers les vitrines de tout type d&rsquo;entreprise, permettant d&rsquo;afficher un contenu promotionnel aussi bien \u00e0 l&rsquo;int\u00e9rieur qu&rsquo;\u00e0 l&rsquo;ext\u00e9rieur des locaux. Ce syst\u00e8me permet non seulement d&rsquo;am\u00e9liorer la visibilit\u00e9 de votre communication, mais aussi de donner \u00e0 votre pr\u00e9sentation un aspect professionnel et soign\u00e9.<\/p>\n<p>Le cadre est en aluminium anodis\u00e9, un mat\u00e9riau reconnu pour sa r\u00e9sistance et sa l\u00e9g\u00e8ret\u00e9. Ce choix garantit la durabilit\u00e9 et une finition de haute qualit\u00e9, contribuant \u00e0 maintenir son aspect esth\u00e9tique au fil du temps. Les angles vifs du profil\u00e9 lui conf\u00e8rent un design moderne et minimaliste, id\u00e9al pour tous les types d&rsquo;environnements commerciaux.<\/p>\n<p>Le format A3 (mm. 297&#215;420) est id\u00e9al pour les contenus publicitaires de taille moyenne, permettant de transmettre des messages clairs et visibles, m\u00eame \u00e0 distance. Gr\u00e2ce au syst\u00e8me de clic, le changement de graphisme est extr\u00eamement rapide et facile, ce qui rend ce cadre particuli\u00e8rement adapt\u00e9 aux promotions temporaires ou aux mises \u00e0 jour fr\u00e9quentes.<\/p>\n<h2>Cadre \u00e0 pression A3 double face pour vitrines : application rapide et facile<\/h2>\n<p>Une autre caract\u00e9ristique de ce cadre est le ruban adh\u00e9sif double face appliqu\u00e9 au dos, con\u00e7u pour une installation rapide et simple. Ce ruban permet de fixer solidement le cadre \u00e0 l&rsquo;int\u00e9rieur de la vitrine, tandis que le cadre de support fourni dissimule \u00e9l\u00e9gamment le ruban adh\u00e9sif double face, ce qui lui conf\u00e8re un aspect net et soign\u00e9.<\/p>\n<p>Le fond transparent amovible offre la possibilit\u00e9 d&rsquo;ins\u00e9rer des graphiques des deux c\u00f4t\u00e9s, ce qui maximise l&rsquo;impact visuel et les possibilit\u00e9s de communication. Cette caract\u00e9ristique rend le cadre double face particuli\u00e8rement efficace dans les contextes o\u00f9 le message doit \u00eatre per\u00e7u sous diff\u00e9rents angles, comme dans les magasins donnant sur des rues tr\u00e8s fr\u00e9quent\u00e9es ou dans les centres commerciaux.<\/p>\n<p>Enfin, l&rsquo;installation du profil\u00e9 en aluminium sur la face ext\u00e9rieure du verre \u00e0 l&rsquo;aide d&rsquo;un ruban adh\u00e9sif double face apporte une stabilit\u00e9 suppl\u00e9mentaire, prot\u00e9geant ainsi le contenu expos\u00e9 des agents ext\u00e9rieurs. Le cadre \u00e0 clipser double face A3 repr\u00e9sente donc un choix strat\u00e9gique pour ceux qui souhaitent maximiser leur visibilit\u00e9, en alliant fonctionnalit\u00e9, design et praticit\u00e9 d&rsquo;utilisation. Choisir ce cadre, c&rsquo;est investir dans une communication non seulement efficace mais aussi esth\u00e9tique.<\/p>\n<h3>Caract\u00e9ristiques<\/h3>\n<p>Format imprim\u00e9 : A3 (mm. 297&#215;420).<\/p>\n<p>Mat\u00e9riau : aluminium anodis\u00e9.<\/p>\n<p>Angles vifs.<\/p>\n<p>Profil du cadre : cadre 25 (largeur des bords mm 25)<\/p>\n<p>Application : Ruban adh\u00e9sif double face au dos.<\/p>\n<p>Fond transparent amovible pour l&rsquo;application des deux graphiques de l&rsquo;int\u00e9rieur.<\/p>\n<p>Profil\u00e9 en aluminium \u00e0 appliquer sur la face ext\u00e9rieure du verre \u00e0 l&rsquo;aide d&rsquo;un ruban adh\u00e9sif double face.<\/p>\n<p>\u00c9paisseur maximale du moule : environ 2 mm.<\/p>\n<p>Surface visible : 27,7 x 40,0 cm.<\/p>\n<p>Dimensions effectives du cadre : 32,8 x 45,1 cm.<\/p>\n<p>Poids du cadre : 0,61 kg.<\/p>\n<h4 style=\"text-align: center;\">Voir tous les cadres double face pour vitrines sur ce <strong><a href=\"https:\/\/www.smartystore.it\/fr\/?s=crps&amp;post_type=product\">LIEN<\/a><br \/>\n<\/strong><\/h4>\n<p>&nbsp;<\/p>\n<p><a href=\"https:\/\/www.smartystore.it\/v25\/wp-content\/uploads\/2014\/07\/STR-CRPS21-20-22-23-25-26.pdf\" target=\"_blank\" rel=\"noopener\"><img loading=\"lazy\" decoding=\"async\" class=\"alignnone size-full wp-image-93510\" src=\"https:\/\/www.smartystore.it\/v25\/wp-content\/uploads\/2014\/10\/SchedaTecnica-300-e1750084266903.png\" alt=\"\" width=\"249\" height=\"63\"><\/a>[\/vc_column_text][\/vc_column][\/vc_row]<\/p>\n<\/div>","protected":false},"excerpt":{"rendered":"<p>Cadre \u00e0 encliqueter double face A3 pour vitrines avec profils en aluminium anodis\u00e9 \u00e0 angles vifs<\/p>\n","protected":false},"featured_media":95974,"comment_status":"open","ping_status":"closed","template":"","meta":{"_acf_changed":false},"pwb-brand":[],"product_brand":[],"product_cat":[3008,2912],"product_tag":[5590,5593,5595,5594,5591,5597,5567,5600,5592,5596,5598,5599],"class_list":{"0":"post-95975","1":"product","2":"type-product","3":"status-publish","4":"has-post-thumbnail","6":"product_cat-cadres-clic-clac","7":"product_cat-cadres-instantanes","8":"product_tag-cadre-a-clipser-double-face-a3-pour-vitrine","9":"product_tag-cadre-a-clipser-en-aluminium-a3-pour-vitrine","10":"product_tag-cadre-a-clipser-horizontal-a3-pour-vitrines","11":"product_tag-cadre-a-clipser-pour-verre-rentables","12":"product_tag-cadre-double-face-297x42-pour-verre","13":"product_tag-cadre-pour-impressions-29-7x42-pour-verre","14":"product_tag-cadres-a-clipser-double-face-pour-vitrines","15":"product_tag-cadres-a-encliqueter-a3-pour-le-verre-aux-prix-les-plus-bas","16":"product_tag-cadres-daffichage-encliquetables-a-bas-prix","17":"product_tag-cadres-dencliquetage-pour-les-fenetres-de-message","18":"product_tag-cadres-de-fenetres-a-encliqueter-de-qualite-a-prix-reduit","19":"product_tag-cadres-de-fenetres-moins-chers","20":"pa_c2c_angolo-vif","21":"pa_c2c_color-argent","22":"pa_c2c_colorefondo-transparent","23":"pa_c2c_dimensione-a3-30x42-vert","24":"pa_c2c_mono_bifacciale-double-face","25":"pa_c2c_trovraprezzi-oui","27":"first","28":"instock","29":"taxable","30":"shipping-taxable","31":"purchasable","32":"product-type-simple"},"acf":[],"yoast_head":"<!-- This site is optimized with the Yoast SEO plugin v27.4 - https:\/\/yoast.com\/product\/yoast-seo-wordpress\/ -->\n<title>Cadre A3 double face pour vitrines angle aigu<\/title>\n<meta name=\"description\" content=\"Cadre A3 double face \u00e0 clipser pour les vitrines angle aigu. Achetez des cadres muraux pour les utiliser comme syst\u00e8mes de communication modernes.\" \/>\n<meta name=\"robots\" content=\"index, follow, max-snippet:-1, max-image-preview:large, max-video-preview:-1\" \/>\n<link rel=\"canonical\" href=\"https:\/\/www.smartystore.it\/fr\/prodotto\/cadre-clic-clac-a3-double-face-pour-vitrines\/\" \/>\n<meta property=\"og:locale\" content=\"fr_FR\" \/>\n<meta property=\"og:type\" content=\"article\" \/>\n<meta property=\"og:title\" content=\"Cadre A3 double face pour vitrines angle aigu\" \/>\n<meta property=\"og:description\" content=\"Cadre A3 double face \u00e0 clipser pour les vitrines angle aigu. Achetez des cadres muraux pour les utiliser comme syst\u00e8mes de communication modernes.\" \/>\n<meta property=\"og:url\" content=\"https:\/\/www.smartystore.it\/fr\/prodotto\/cadre-clic-clac-a3-double-face-pour-vitrines\/\" \/>\n<meta property=\"og:site_name\" content=\"Smarty Store\" \/>\n<meta property=\"article:modified_time\" content=\"2025-10-16T08:36:05+00:00\" \/>\n<meta property=\"og:image\" content=\"https:\/\/www.smartystore.it\/v25\/wp-content\/uploads\/2014\/07\/Cornice-scatto-bifacciale-da-vetro-con-biadesivo-per-foglio-A3-1.jpg\" \/>\n\t<meta property=\"og:image:width\" content=\"1000\" \/>\n\t<meta property=\"og:image:height\" content=\"1000\" \/>\n\t<meta property=\"og:image:type\" content=\"image\/jpeg\" \/>\n<meta name=\"twitter:card\" content=\"summary_large_image\" \/>\n<meta name=\"twitter:label1\" content=\"Dur\u00e9e de lecture estim\u00e9e\" \/>\n\t<meta name=\"twitter:data1\" content=\"4 minutes\" \/>\n<script type=\"application\/ld+json\" class=\"yoast-schema-graph\">{\"@context\":\"https:\\\/\\\/schema.org\",\"@graph\":[{\"@type\":\"WebPage\",\"@id\":\"https:\\\/\\\/www.smartystore.it\\\/fr\\\/prodotto\\\/cadre-clic-clac-a3-double-face-pour-vitrines\\\/\",\"url\":\"https:\\\/\\\/www.smartystore.it\\\/fr\\\/prodotto\\\/cadre-clic-clac-a3-double-face-pour-vitrines\\\/\",\"name\":\"Cadre A3 double face pour vitrines angle aigu\",\"isPartOf\":{\"@id\":\"https:\\\/\\\/www.smartystore.it\\\/fr\\\/#website\"},\"primaryImageOfPage\":{\"@id\":\"https:\\\/\\\/www.smartystore.it\\\/fr\\\/prodotto\\\/cadre-clic-clac-a3-double-face-pour-vitrines\\\/#primaryimage\"},\"image\":{\"@id\":\"https:\\\/\\\/www.smartystore.it\\\/fr\\\/prodotto\\\/cadre-clic-clac-a3-double-face-pour-vitrines\\\/#primaryimage\"},\"thumbnailUrl\":\"https:\\\/\\\/www.smartystore.it\\\/v25\\\/wp-content\\\/uploads\\\/2014\\\/07\\\/Cornice-scatto-bifacciale-da-vetro-con-biadesivo-per-foglio-A3-1.jpg\",\"datePublished\":\"2014-07-25T14:27:56+00:00\",\"dateModified\":\"2025-10-16T08:36:05+00:00\",\"description\":\"Cadre A3 double face \u00e0 clipser pour les vitrines angle aigu. Achetez des cadres muraux pour les utiliser comme syst\u00e8mes de communication modernes.\",\"breadcrumb\":{\"@id\":\"https:\\\/\\\/www.smartystore.it\\\/fr\\\/prodotto\\\/cadre-clic-clac-a3-double-face-pour-vitrines\\\/#breadcrumb\"},\"inLanguage\":\"fr-FR\",\"potentialAction\":[{\"@type\":\"ReadAction\",\"target\":[\"https:\\\/\\\/www.smartystore.it\\\/fr\\\/prodotto\\\/cadre-clic-clac-a3-double-face-pour-vitrines\\\/\"]}]},{\"@type\":\"ImageObject\",\"inLanguage\":\"fr-FR\",\"@id\":\"https:\\\/\\\/www.smartystore.it\\\/fr\\\/prodotto\\\/cadre-clic-clac-a3-double-face-pour-vitrines\\\/#primaryimage\",\"url\":\"https:\\\/\\\/www.smartystore.it\\\/v25\\\/wp-content\\\/uploads\\\/2014\\\/07\\\/Cornice-scatto-bifacciale-da-vetro-con-biadesivo-per-foglio-A3-1.jpg\",\"contentUrl\":\"https:\\\/\\\/www.smartystore.it\\\/v25\\\/wp-content\\\/uploads\\\/2014\\\/07\\\/Cornice-scatto-bifacciale-da-vetro-con-biadesivo-per-foglio-A3-1.jpg\",\"width\":1000,\"height\":1000,\"caption\":\"Cadre clic clac A3 double face pour vitrines\"},{\"@type\":\"BreadcrumbList\",\"@id\":\"https:\\\/\\\/www.smartystore.it\\\/fr\\\/prodotto\\\/cadre-clic-clac-a3-double-face-pour-vitrines\\\/#breadcrumb\",\"itemListElement\":[{\"@type\":\"ListItem\",\"position\":1,\"name\":\"Home\",\"item\":\"https:\\\/\\\/www.smartystore.it\\\/fr\\\/\"},{\"@type\":\"ListItem\",\"position\":2,\"name\":\"Boutique\",\"item\":\"https:\\\/\\\/www.smartystore.it\\\/fr\\\/boutique\\\/\"},{\"@type\":\"ListItem\",\"position\":3,\"name\":\"Cadre clic clac A3 double face pour vitrines\"}]},{\"@type\":\"WebSite\",\"@id\":\"https:\\\/\\\/www.smartystore.it\\\/fr\\\/#website\",\"url\":\"https:\\\/\\\/www.smartystore.it\\\/fr\\\/\",\"name\":\"Smarty Store\",\"description\":\"Espositori Pubblicitari e Sistemi di Comunicazione Visiva\",\"potentialAction\":[{\"@type\":\"SearchAction\",\"target\":{\"@type\":\"EntryPoint\",\"urlTemplate\":\"https:\\\/\\\/www.smartystore.it\\\/fr\\\/?s={search_term_string}\"},\"query-input\":{\"@type\":\"PropertyValueSpecification\",\"valueRequired\":true,\"valueName\":\"search_term_string\"}}],\"inLanguage\":\"fr-FR\"}]}<\/script>\n<!-- \/ Yoast SEO plugin. -->","yoast_head_json":{"title":"Cadre A3 double face pour vitrines angle aigu","description":"Cadre A3 double face \u00e0 clipser pour les vitrines angle aigu. Achetez des cadres muraux pour les utiliser comme syst\u00e8mes de communication modernes.","robots":{"index":"index","follow":"follow","max-snippet":"max-snippet:-1","max-image-preview":"max-image-preview:large","max-video-preview":"max-video-preview:-1"},"canonical":"https:\/\/www.smartystore.it\/fr\/prodotto\/cadre-clic-clac-a3-double-face-pour-vitrines\/","og_locale":"fr_FR","og_type":"article","og_title":"Cadre A3 double face pour vitrines angle aigu","og_description":"Cadre A3 double face \u00e0 clipser pour les vitrines angle aigu. Achetez des cadres muraux pour les utiliser comme syst\u00e8mes de communication modernes.","og_url":"https:\/\/www.smartystore.it\/fr\/prodotto\/cadre-clic-clac-a3-double-face-pour-vitrines\/","og_site_name":"Smarty Store","article_modified_time":"2025-10-16T08:36:05+00:00","og_image":[{"width":1000,"height":1000,"url":"https:\/\/www.smartystore.it\/v25\/wp-content\/uploads\/2014\/07\/Cornice-scatto-bifacciale-da-vetro-con-biadesivo-per-foglio-A3-1.jpg","type":"image\/jpeg"}],"twitter_card":"summary_large_image","twitter_misc":{"Dur\u00e9e de lecture estim\u00e9e":"4 minutes"},"schema":{"@context":"https:\/\/schema.org","@graph":[{"@type":"WebPage","@id":"https:\/\/www.smartystore.it\/fr\/prodotto\/cadre-clic-clac-a3-double-face-pour-vitrines\/","url":"https:\/\/www.smartystore.it\/fr\/prodotto\/cadre-clic-clac-a3-double-face-pour-vitrines\/","name":"Cadre A3 double face pour vitrines angle aigu","isPartOf":{"@id":"https:\/\/www.smartystore.it\/fr\/#website"},"primaryImageOfPage":{"@id":"https:\/\/www.smartystore.it\/fr\/prodotto\/cadre-clic-clac-a3-double-face-pour-vitrines\/#primaryimage"},"image":{"@id":"https:\/\/www.smartystore.it\/fr\/prodotto\/cadre-clic-clac-a3-double-face-pour-vitrines\/#primaryimage"},"thumbnailUrl":"https:\/\/www.smartystore.it\/v25\/wp-content\/uploads\/2014\/07\/Cornice-scatto-bifacciale-da-vetro-con-biadesivo-per-foglio-A3-1.jpg","datePublished":"2014-07-25T14:27:56+00:00","dateModified":"2025-10-16T08:36:05+00:00","description":"Cadre A3 double face \u00e0 clipser pour les vitrines angle aigu. Achetez des cadres muraux pour les utiliser comme syst\u00e8mes de communication modernes.","breadcrumb":{"@id":"https:\/\/www.smartystore.it\/fr\/prodotto\/cadre-clic-clac-a3-double-face-pour-vitrines\/#breadcrumb"},"inLanguage":"fr-FR","potentialAction":[{"@type":"ReadAction","target":["https:\/\/www.smartystore.it\/fr\/prodotto\/cadre-clic-clac-a3-double-face-pour-vitrines\/"]}]},{"@type":"ImageObject","inLanguage":"fr-FR","@id":"https:\/\/www.smartystore.it\/fr\/prodotto\/cadre-clic-clac-a3-double-face-pour-vitrines\/#primaryimage","url":"https:\/\/www.smartystore.it\/v25\/wp-content\/uploads\/2014\/07\/Cornice-scatto-bifacciale-da-vetro-con-biadesivo-per-foglio-A3-1.jpg","contentUrl":"https:\/\/www.smartystore.it\/v25\/wp-content\/uploads\/2014\/07\/Cornice-scatto-bifacciale-da-vetro-con-biadesivo-per-foglio-A3-1.jpg","width":1000,"height":1000,"caption":"Cadre clic clac A3 double face pour vitrines"},{"@type":"BreadcrumbList","@id":"https:\/\/www.smartystore.it\/fr\/prodotto\/cadre-clic-clac-a3-double-face-pour-vitrines\/#breadcrumb","itemListElement":[{"@type":"ListItem","position":1,"name":"Home","item":"https:\/\/www.smartystore.it\/fr\/"},{"@type":"ListItem","position":2,"name":"Boutique","item":"https:\/\/www.smartystore.it\/fr\/boutique\/"},{"@type":"ListItem","position":3,"name":"Cadre clic clac A3 double face pour vitrines"}]},{"@type":"WebSite","@id":"https:\/\/www.smartystore.it\/fr\/#website","url":"https:\/\/www.smartystore.it\/fr\/","name":"Smarty Store","description":"Espositori Pubblicitari e Sistemi di Comunicazione Visiva","potentialAction":[{"@type":"SearchAction","target":{"@type":"EntryPoint","urlTemplate":"https:\/\/www.smartystore.it\/fr\/?s={search_term_string}"},"query-input":{"@type":"PropertyValueSpecification","valueRequired":true,"valueName":"search_term_string"}}],"inLanguage":"fr-FR"}]}},"brands":[],"_links":{"self":[{"href":"https:\/\/www.smartystore.it\/fr\/wp-json\/wp\/v2\/product\/95975","targetHints":{"allow":["GET"]}}],"collection":[{"href":"https:\/\/www.smartystore.it\/fr\/wp-json\/wp\/v2\/product"}],"about":[{"href":"https:\/\/www.smartystore.it\/fr\/wp-json\/wp\/v2\/types\/product"}],"replies":[{"embeddable":true,"href":"https:\/\/www.smartystore.it\/fr\/wp-json\/wp\/v2\/comments?post=95975"}],"wp:featuredmedia":[{"embeddable":true,"href":"https:\/\/www.smartystore.it\/fr\/wp-json\/wp\/v2\/media\/95974"}],"wp:attachment":[{"href":"https:\/\/www.smartystore.it\/fr\/wp-json\/wp\/v2\/media?parent=95975"}],"wp:term":[{"taxonomy":"pwb-brand","embeddable":true,"href":"https:\/\/www.smartystore.it\/fr\/wp-json\/wp\/v2\/pwb-brand?post=95975"},{"taxonomy":"product_brand","embeddable":true,"href":"https:\/\/www.smartystore.it\/fr\/wp-json\/wp\/v2\/product_brand?post=95975"},{"taxonomy":"product_cat","embeddable":true,"href":"https:\/\/www.smartystore.it\/fr\/wp-json\/wp\/v2\/product_cat?post=95975"},{"taxonomy":"product_tag","embeddable":true,"href":"https:\/\/www.smartystore.it\/fr\/wp-json\/wp\/v2\/product_tag?post=95975"}],"curies":[{"name":"wp","href":"https:\/\/api.w.org\/{rel}","templated":true}]}}