{"id":95931,"date":"2014-08-07T14:54:51","date_gmt":"2014-08-07T12:54:51","guid":{"rendered":"https:\/\/www.smartystore.it\/prodotto\/cadre-de-comptoir-double-face\/"},"modified":"2025-10-14T18:20:30","modified_gmt":"2025-10-14T16:20:30","slug":"cadre-de-comptoir-double-face","status":"publish","type":"product","link":"https:\/\/www.smartystore.it\/fr\/prodotto\/cadre-de-comptoir-double-face\/","title":{"rendered":"Cadre de comptoir double face"},"content":{"rendered":"<div class=\"wpb-content-wrapper\"><p>[vc_row][vc_column][vc_column_text css=\u00a0\u00bb\u00a0\u00bb css_params=\u00a0\u00bb\u00a0\u00bb]<\/p>\n<h1>Cadre de comptoir double face : une solution id\u00e9ale pour la communication visuelle<\/h1>\n<p>Le cadre de comptoir double face est une option polyvalente et efficace pour les affichages et les communications visuelles dans les environnements commerciaux. Sp\u00e9cialement con\u00e7u pour les formats A3 et A4, ce cadre est particuli\u00e8rement adapt\u00e9 au montage sur les comptoirs, les tables, les pompes \u00e0 essence et partout o\u00f9 il est n\u00e9cessaire d&rsquo;afficher des messages promotionnels, des avis, des remises et d&rsquo;autres informations pertinentes pour les clients. <\/p>\n<p>Fabriqu\u00e9 en aluminium anodis\u00e9, le cadre pr\u00e9sente un design \u00e9l\u00e9gant et moderne, id\u00e9al pour s&rsquo;int\u00e9grer dans tout contexte commercial. Son angle aigu lui conf\u00e8re un aspect professionnel et soign\u00e9, ce qui le rend particuli\u00e8rement adapt\u00e9 aux activit\u00e9s de marketing et de vente. Le syst\u00e8me d&rsquo;entr\u00e9e lat\u00e9rale de la feuille facilite le remplacement des informations affich\u00e9es, garantissant que les messages sont toujours \u00e0 jour et coh\u00e9rents avec les offres en cours.  <\/p>\n<p>Un autre avantage de ce cadre est la double feuille de protection antireflet, con\u00e7ue pour assurer une visibilit\u00e9 optimale du contenu. Cet \u00e9l\u00e9ment cl\u00e9 r\u00e9duit les reflets ind\u00e9sirables caus\u00e9s par les sources de lumi\u00e8re ambiante, ce qui permet aux clients de lire facilement les informations sans \u00eatre distraits. En outre, le joint en caoutchouc herm\u00e9tique emp\u00eache la p\u00e9n\u00e9tration de la poussi\u00e8re et de l&rsquo;humidit\u00e9, garantissant ainsi que les objets expos\u00e9s restent dans un \u00e9tat optimal au fil du temps.  <\/p>\n<h2>Cadre de comptoir double face : assemblage facile<\/h2>\n<p>Le cadre double face est con\u00e7u pour \u00eatre solidement fix\u00e9 \u00e0 la surface souhait\u00e9e, gr\u00e2ce au kit de fixation de la base double face. Cette caract\u00e9ristique permet une installation rapide et facile sans outils suppl\u00e9mentaires. La possibilit\u00e9 de le positionner de mani\u00e8re stable sur des surfaces horizontales le rend id\u00e9al pour les points de vente, les \u00e9v\u00e9nements, les foires commerciales et toutes les situations o\u00f9 il est important de capter l&rsquo;attention du public.  <\/p>\n<p>En conclusion, le cadre de comptoir double face en aluminium anodis\u00e9 est un produit hautement fonctionnel et stylistiquement attrayant qui r\u00e9pond aux besoins de communication visuelle des entreprises de diff\u00e9rentes tailles. Gr\u00e2ce \u00e0 sa polyvalence, sa facilit\u00e9 d&rsquo;utilisation et sa robustesse, il constitue un choix id\u00e9al pour toute entreprise souhaitant faire une promotion efficace et professionnelle. <\/p>\n<h3>Caract\u00e9ristiques<\/h3>\n<ol>\n<li>Cadre de comptoir.<\/li>\n<li>Le coin du direct.<\/li>\n<li>Double feuille de protection antireflet.<\/li>\n<li>Format d&rsquo;impression : A3 (42&#215;29,7 cm) ou A4 (29,7&#215;21 cm), tous deux horizontaux.<\/li>\n<li>Mat\u00e9riau du cadre : aluminium.<\/li>\n<li>Insertion lat\u00e9rale de la feuille.<\/li>\n<li>Joint en caoutchouc pour emp\u00eacher la poussi\u00e8re ou la pluie de p\u00e9n\u00e9trer.<\/li>\n<li>Couleur : aluminium anodis\u00e9.<\/li>\n<li>Zone visible :<br \/>A3 : 41,3 x 29 cm.<br \/>A4 : 29 x 20,3 cm.<\/li>\n<li>Dimensions effectives du cadre :<br \/>A3 : 44,7 x 32,4 cm.<br \/>A4 : 32,4 x 23,7 cm.<\/li>\n<li>Poids du cadre :<br \/>A3 : 0,90 Kg.<br \/>A4 : 0,60 Kg.<\/li>\n<\/ol>\n<p>L&#8217;emballage contient un ruban adh\u00e9sif double face pour la fixation de la base.<\/p>\n<p>&nbsp;<\/p>\n<p><a href=\"https:\/\/www.smartystore.it\/v25\/wp-content\/uploads\/2014\/08\/STR-CRPS11-12.pdf\" target=\"_blank\" rel=\"noopener\"><img loading=\"lazy\" decoding=\"async\" class=\"alignnone size-full wp-image-93510\" src=\"https:\/\/www.smartystore.it\/v25\/wp-content\/uploads\/2014\/10\/SchedaTecnica-300-e1750084266903.png\" alt=\"\" width=\"249\" height=\"63\"><\/a><\/p>\n<p>&nbsp;[\/vc_column_text][\/vc_column][\/vc_row]<\/p>\n<\/div>","protected":false},"excerpt":{"rendered":"<p>Cadre de comptoir recto-verso en aluminium de format A3 ou A4.<\/p>\n","protected":false},"featured_media":96128,"comment_status":"open","ping_status":"closed","template":"","meta":{"_acf_changed":false},"pwb-brand":[],"product_brand":[],"product_cat":[3010,3008,2912,3011],"product_tag":[5502,5501,5510,5505,5511,5503,5504,5509,5500,5508,5507,5506],"class_list":{"0":"post-95931","1":"product","2":"type-product","3":"status-publish","4":"has-post-thumbnail","6":"product_cat-affichage-porte-avis-emplacement","7":"product_cat-cadres-clic-clac","8":"product_cat-cadres-instantanes","9":"product_cat-porte-avis-de-comptoir","10":"product_tag-cadre-de-comptoir-a4-double-face","11":"product_tag-cadre-de-comptoir-double-face-a3","12":"product_tag-cadre-de-comptoir-en-aluminium-42x29-7","13":"product_tag-cadre-de-comptoir-horizontal-a3-et-a4","14":"product_tag-cadre-de-comptoir-pour-tirages-29-7x21","15":"product_tag-cadres-de-comptoir-a-bas-prix","16":"product_tag-cadres-de-comptoir-abordables","17":"product_tag-cadres-de-comptoir-aux-prix-les-plus-bas","18":"product_tag-cadres-de-comptoir-double-face","19":"product_tag-cadres-de-comptoir-les-moins-chers","20":"product_tag-cadres-photo-de-qualite-a-prix-reduit","21":"product_tag-trames-de-comptage-pour-les-messages","22":"pa_c2c_angolo-vif","23":"pa_c2c_color-argent","24":"pa_c2c_dimensione-a3-42x30-orizz","25":"pa_c2c_dimensione-a4-297x21-horizontalement","26":"pa_c2c_mono_bifacciale-double-face","27":"pa_c2c_trovraprezzi-oui","29":"first","30":"outofstock","31":"taxable","32":"shipping-taxable","33":"purchasable","34":"product-type-variable"},"acf":[],"yoast_head":"<!-- This site is optimized with the Yoast SEO plugin v27.4 - https:\/\/yoast.com\/product\/yoast-seo-wordpress\/ -->\n<title>Cadre de comptoir double face A3 ou A4 horizontal<\/title>\n<meta name=\"description\" content=\"Cadre de comptoir double face en aluminium A3 ou A4. Exploitez le potentiel publicitaire des cadres en aluminium. Achetez des cadres de comptoir pour les utiliser dans votre entreprise ou votre commerce comme syst\u00e8mes de communication modernes.\" \/>\n<meta name=\"robots\" content=\"index, follow, max-snippet:-1, max-image-preview:large, max-video-preview:-1\" \/>\n<link rel=\"canonical\" href=\"https:\/\/www.smartystore.it\/fr\/prodotto\/cadre-de-comptoir-double-face\/\" \/>\n<meta property=\"og:locale\" content=\"fr_FR\" \/>\n<meta property=\"og:type\" content=\"article\" \/>\n<meta property=\"og:title\" content=\"Cadre de comptoir double face A3 ou A4 horizontal\" \/>\n<meta property=\"og:description\" content=\"Cadre de comptoir double face en aluminium A3 ou A4. Exploitez le potentiel publicitaire des cadres en aluminium. Achetez des cadres de comptoir pour les utiliser dans votre entreprise ou votre commerce comme syst\u00e8mes de communication modernes.\" \/>\n<meta property=\"og:url\" content=\"https:\/\/www.smartystore.it\/fr\/prodotto\/cadre-de-comptoir-double-face\/\" \/>\n<meta property=\"og:site_name\" content=\"Smarty Store\" \/>\n<meta property=\"article:modified_time\" content=\"2025-10-14T16:20:30+00:00\" \/>\n<meta property=\"og:image\" content=\"https:\/\/www.smartystore.it\/v25\/wp-content\/uploads\/2014\/08\/Cornice-bifacciale-da-banco-con-biadesivo_A3-A4.jpg\" \/>\n\t<meta property=\"og:image:width\" content=\"1000\" \/>\n\t<meta property=\"og:image:height\" content=\"1000\" \/>\n\t<meta property=\"og:image:type\" content=\"image\/jpeg\" \/>\n<meta name=\"twitter:card\" content=\"summary_large_image\" \/>\n<meta name=\"twitter:label1\" content=\"Dur\u00e9e de lecture estim\u00e9e\" \/>\n\t<meta name=\"twitter:data1\" content=\"3 minutes\" \/>\n<script type=\"application\/ld+json\" class=\"yoast-schema-graph\">{\"@context\":\"https:\\\/\\\/schema.org\",\"@graph\":[{\"@type\":\"WebPage\",\"@id\":\"https:\\\/\\\/www.smartystore.it\\\/fr\\\/prodotto\\\/cadre-de-comptoir-double-face\\\/\",\"url\":\"https:\\\/\\\/www.smartystore.it\\\/fr\\\/prodotto\\\/cadre-de-comptoir-double-face\\\/\",\"name\":\"Cadre de comptoir double face A3 ou A4 horizontal\",\"isPartOf\":{\"@id\":\"https:\\\/\\\/www.smartystore.it\\\/fr\\\/#website\"},\"primaryImageOfPage\":{\"@id\":\"https:\\\/\\\/www.smartystore.it\\\/fr\\\/prodotto\\\/cadre-de-comptoir-double-face\\\/#primaryimage\"},\"image\":{\"@id\":\"https:\\\/\\\/www.smartystore.it\\\/fr\\\/prodotto\\\/cadre-de-comptoir-double-face\\\/#primaryimage\"},\"thumbnailUrl\":\"https:\\\/\\\/www.smartystore.it\\\/v25\\\/wp-content\\\/uploads\\\/2014\\\/08\\\/Cornice-bifacciale-da-banco-con-biadesivo_A3-A4.jpg\",\"datePublished\":\"2014-08-07T12:54:51+00:00\",\"dateModified\":\"2025-10-14T16:20:30+00:00\",\"description\":\"Cadre de comptoir double face en aluminium A3 ou A4. Exploitez le potentiel publicitaire des cadres en aluminium. Achetez des cadres de comptoir pour les utiliser dans votre entreprise ou votre commerce comme syst\u00e8mes de communication modernes.\",\"breadcrumb\":{\"@id\":\"https:\\\/\\\/www.smartystore.it\\\/fr\\\/prodotto\\\/cadre-de-comptoir-double-face\\\/#breadcrumb\"},\"inLanguage\":\"fr-FR\",\"potentialAction\":[{\"@type\":\"ReadAction\",\"target\":[\"https:\\\/\\\/www.smartystore.it\\\/fr\\\/prodotto\\\/cadre-de-comptoir-double-face\\\/\"]}]},{\"@type\":\"ImageObject\",\"inLanguage\":\"fr-FR\",\"@id\":\"https:\\\/\\\/www.smartystore.it\\\/fr\\\/prodotto\\\/cadre-de-comptoir-double-face\\\/#primaryimage\",\"url\":\"https:\\\/\\\/www.smartystore.it\\\/v25\\\/wp-content\\\/uploads\\\/2014\\\/08\\\/Cornice-bifacciale-da-banco-con-biadesivo_A3-A4.jpg\",\"contentUrl\":\"https:\\\/\\\/www.smartystore.it\\\/v25\\\/wp-content\\\/uploads\\\/2014\\\/08\\\/Cornice-bifacciale-da-banco-con-biadesivo_A3-A4.jpg\",\"width\":1000,\"height\":1000},{\"@type\":\"BreadcrumbList\",\"@id\":\"https:\\\/\\\/www.smartystore.it\\\/fr\\\/prodotto\\\/cadre-de-comptoir-double-face\\\/#breadcrumb\",\"itemListElement\":[{\"@type\":\"ListItem\",\"position\":1,\"name\":\"Home\",\"item\":\"https:\\\/\\\/www.smartystore.it\\\/fr\\\/\"},{\"@type\":\"ListItem\",\"position\":2,\"name\":\"Boutique\",\"item\":\"https:\\\/\\\/www.smartystore.it\\\/fr\\\/boutique\\\/\"},{\"@type\":\"ListItem\",\"position\":3,\"name\":\"Cadre de comptoir double face\"}]},{\"@type\":\"WebSite\",\"@id\":\"https:\\\/\\\/www.smartystore.it\\\/fr\\\/#website\",\"url\":\"https:\\\/\\\/www.smartystore.it\\\/fr\\\/\",\"name\":\"Smarty Store\",\"description\":\"Espositori Pubblicitari e Sistemi di Comunicazione Visiva\",\"potentialAction\":[{\"@type\":\"SearchAction\",\"target\":{\"@type\":\"EntryPoint\",\"urlTemplate\":\"https:\\\/\\\/www.smartystore.it\\\/fr\\\/?s={search_term_string}\"},\"query-input\":{\"@type\":\"PropertyValueSpecification\",\"valueRequired\":true,\"valueName\":\"search_term_string\"}}],\"inLanguage\":\"fr-FR\"}]}<\/script>\n<!-- \/ Yoast SEO plugin. -->","yoast_head_json":{"title":"Cadre de comptoir double face A3 ou A4 horizontal","description":"Cadre de comptoir double face en aluminium A3 ou A4. Exploitez le potentiel publicitaire des cadres en aluminium. Achetez des cadres de comptoir pour les utiliser dans votre entreprise ou votre commerce comme syst\u00e8mes de communication modernes.","robots":{"index":"index","follow":"follow","max-snippet":"max-snippet:-1","max-image-preview":"max-image-preview:large","max-video-preview":"max-video-preview:-1"},"canonical":"https:\/\/www.smartystore.it\/fr\/prodotto\/cadre-de-comptoir-double-face\/","og_locale":"fr_FR","og_type":"article","og_title":"Cadre de comptoir double face A3 ou A4 horizontal","og_description":"Cadre de comptoir double face en aluminium A3 ou A4. Exploitez le potentiel publicitaire des cadres en aluminium. Achetez des cadres de comptoir pour les utiliser dans votre entreprise ou votre commerce comme syst\u00e8mes de communication modernes.","og_url":"https:\/\/www.smartystore.it\/fr\/prodotto\/cadre-de-comptoir-double-face\/","og_site_name":"Smarty Store","article_modified_time":"2025-10-14T16:20:30+00:00","og_image":[{"width":1000,"height":1000,"url":"https:\/\/www.smartystore.it\/v25\/wp-content\/uploads\/2014\/08\/Cornice-bifacciale-da-banco-con-biadesivo_A3-A4.jpg","type":"image\/jpeg"}],"twitter_card":"summary_large_image","twitter_misc":{"Dur\u00e9e de lecture estim\u00e9e":"3 minutes"},"schema":{"@context":"https:\/\/schema.org","@graph":[{"@type":"WebPage","@id":"https:\/\/www.smartystore.it\/fr\/prodotto\/cadre-de-comptoir-double-face\/","url":"https:\/\/www.smartystore.it\/fr\/prodotto\/cadre-de-comptoir-double-face\/","name":"Cadre de comptoir double face A3 ou A4 horizontal","isPartOf":{"@id":"https:\/\/www.smartystore.it\/fr\/#website"},"primaryImageOfPage":{"@id":"https:\/\/www.smartystore.it\/fr\/prodotto\/cadre-de-comptoir-double-face\/#primaryimage"},"image":{"@id":"https:\/\/www.smartystore.it\/fr\/prodotto\/cadre-de-comptoir-double-face\/#primaryimage"},"thumbnailUrl":"https:\/\/www.smartystore.it\/v25\/wp-content\/uploads\/2014\/08\/Cornice-bifacciale-da-banco-con-biadesivo_A3-A4.jpg","datePublished":"2014-08-07T12:54:51+00:00","dateModified":"2025-10-14T16:20:30+00:00","description":"Cadre de comptoir double face en aluminium A3 ou A4. Exploitez le potentiel publicitaire des cadres en aluminium. Achetez des cadres de comptoir pour les utiliser dans votre entreprise ou votre commerce comme syst\u00e8mes de communication modernes.","breadcrumb":{"@id":"https:\/\/www.smartystore.it\/fr\/prodotto\/cadre-de-comptoir-double-face\/#breadcrumb"},"inLanguage":"fr-FR","potentialAction":[{"@type":"ReadAction","target":["https:\/\/www.smartystore.it\/fr\/prodotto\/cadre-de-comptoir-double-face\/"]}]},{"@type":"ImageObject","inLanguage":"fr-FR","@id":"https:\/\/www.smartystore.it\/fr\/prodotto\/cadre-de-comptoir-double-face\/#primaryimage","url":"https:\/\/www.smartystore.it\/v25\/wp-content\/uploads\/2014\/08\/Cornice-bifacciale-da-banco-con-biadesivo_A3-A4.jpg","contentUrl":"https:\/\/www.smartystore.it\/v25\/wp-content\/uploads\/2014\/08\/Cornice-bifacciale-da-banco-con-biadesivo_A3-A4.jpg","width":1000,"height":1000},{"@type":"BreadcrumbList","@id":"https:\/\/www.smartystore.it\/fr\/prodotto\/cadre-de-comptoir-double-face\/#breadcrumb","itemListElement":[{"@type":"ListItem","position":1,"name":"Home","item":"https:\/\/www.smartystore.it\/fr\/"},{"@type":"ListItem","position":2,"name":"Boutique","item":"https:\/\/www.smartystore.it\/fr\/boutique\/"},{"@type":"ListItem","position":3,"name":"Cadre de comptoir double face"}]},{"@type":"WebSite","@id":"https:\/\/www.smartystore.it\/fr\/#website","url":"https:\/\/www.smartystore.it\/fr\/","name":"Smarty Store","description":"Espositori Pubblicitari e Sistemi di Comunicazione Visiva","potentialAction":[{"@type":"SearchAction","target":{"@type":"EntryPoint","urlTemplate":"https:\/\/www.smartystore.it\/fr\/?s={search_term_string}"},"query-input":{"@type":"PropertyValueSpecification","valueRequired":true,"valueName":"search_term_string"}}],"inLanguage":"fr-FR"}]}},"brands":[],"_links":{"self":[{"href":"https:\/\/www.smartystore.it\/fr\/wp-json\/wp\/v2\/product\/95931","targetHints":{"allow":["GET"]}}],"collection":[{"href":"https:\/\/www.smartystore.it\/fr\/wp-json\/wp\/v2\/product"}],"about":[{"href":"https:\/\/www.smartystore.it\/fr\/wp-json\/wp\/v2\/types\/product"}],"replies":[{"embeddable":true,"href":"https:\/\/www.smartystore.it\/fr\/wp-json\/wp\/v2\/comments?post=95931"}],"wp:featuredmedia":[{"embeddable":true,"href":"https:\/\/www.smartystore.it\/fr\/wp-json\/wp\/v2\/media\/96128"}],"wp:attachment":[{"href":"https:\/\/www.smartystore.it\/fr\/wp-json\/wp\/v2\/media?parent=95931"}],"wp:term":[{"taxonomy":"pwb-brand","embeddable":true,"href":"https:\/\/www.smartystore.it\/fr\/wp-json\/wp\/v2\/pwb-brand?post=95931"},{"taxonomy":"product_brand","embeddable":true,"href":"https:\/\/www.smartystore.it\/fr\/wp-json\/wp\/v2\/product_brand?post=95931"},{"taxonomy":"product_cat","embeddable":true,"href":"https:\/\/www.smartystore.it\/fr\/wp-json\/wp\/v2\/product_cat?post=95931"},{"taxonomy":"product_tag","embeddable":true,"href":"https:\/\/www.smartystore.it\/fr\/wp-json\/wp\/v2\/product_tag?post=95931"}],"curies":[{"name":"wp","href":"https:\/\/api.w.org\/{rel}","templated":true}]}}