{"id":95913,"date":"2019-11-13T15:56:25","date_gmt":"2019-11-13T13:56:25","guid":{"rendered":"https:\/\/www.smartystore.it\/prodotto\/panneau-daffichage-exterieur-autoportant-a4-avec-eclairage-led\/"},"modified":"2026-03-14T17:09:51","modified_gmt":"2026-03-14T15:09:51","slug":"panneau-daffichage-exterieur-autoportant-a4-avec-eclairage-led","status":"publish","type":"product","link":"https:\/\/www.smartystore.it\/fr\/prodotto\/panneau-daffichage-exterieur-autoportant-a4-avec-eclairage-led\/","title":{"rendered":"Panneau d&rsquo;affichage ext\u00e9rieur autoportant A4 avec \u00e9clairage"},"content":{"rendered":"<div class=\"wpb-content-wrapper\"><p>[vc_row][vc_column][vc_column_text css=\u00a0\u00bb\u00a0\u00bb css_params=\u00a0\u00bb\u00a0\u00bb]<\/p>\n<h1>Panneau d&rsquo;affichage ext\u00e9rieur autoportant A4 avec \u00e9clairage LED<\/h1>\n<p><span dir=\"auto\">Notre panneau d&rsquo;affichage ext\u00e9rieur autoportant A4 innovant avec \u00e9clairage LED est sp\u00e9cialement con\u00e7u pour r\u00e9pondre aux besoins des restaurants, pharmacies et autres entreprises qui souhaitent pr\u00e9senter des informations de mani\u00e8re efficace et attrayante. Ce panneau d&rsquo;affichage est constitu\u00e9 d&rsquo;un cadre robuste en aluminium anodis\u00e9, disponible dans d&rsquo;\u00e9l\u00e9gantes finitions argent\u00e9es et noires, ce qui lui conf\u00e8re un aspect moderne et professionnel. <\/span><\/p>\n<p><span dir=\"auto\">La base du panneau d&rsquo;affichage, en acier peint, mesure 45&#215;45 cm, ce qui garantit une excellente stabilit\u00e9, m\u00eame en cas de vent. Le poteau ovale, d&rsquo;une hauteur de 115 cm, assure une visibilit\u00e9 optimale, permettant aux passants de remarquer facilement le contenu expos\u00e9. <\/span><\/p>\n<h2><span dir=\"auto\">Panneau d&rsquo;affichage ext\u00e9rieur autoportant A4 avec \u00e9clairage : messages tr\u00e8s visibles et prot\u00e9g\u00e9s<\/span><\/h2>\n<p><span dir=\"auto\">Le c\u0153ur du tableau d&rsquo;affichage est le porte-menu \u00e0 fond m\u00e9tallique magn\u00e9tique, sp\u00e9cialement con\u00e7u pour accueillir des documents au format A4 portrait. Gr\u00e2ce \u00e0 la porte transparente en polycarbonate, les informations sont prot\u00e9g\u00e9es des intemp\u00e9ries et toujours bien visibles. L&rsquo;ouverture du rabat facilite la mise \u00e0 jour du contenu, rendant l&rsquo;op\u00e9ration simple m\u00eame pour le personnel moins exp\u00e9riment\u00e9.  <\/span><\/p>\n<p><span dir=\"auto\">En outre, le tableau d&rsquo;affichage est \u00e9quip\u00e9 d&rsquo;une serrure \u00e0 cl\u00e9s qui garantit la s\u00e9curit\u00e9 des documents affich\u00e9s et la tranquillit\u00e9 d&rsquo;esprit des propri\u00e9taires d&rsquo;entreprise. Cet \u00e9l\u00e9ment de s\u00e9curit\u00e9 est essentiel, en particulier pour les entreprises qui pr\u00e9sentent des informations sensibles ou promotionnelles. <\/span><\/p>\n<p><span dir=\"auto\">Pour rendre ce panneau d&rsquo;affichage encore plus exclusif, un panneau d&rsquo;en-t\u00eate personnalisable avec le logo de l&rsquo;entreprise est disponible. Cette option ne se contente pas d&rsquo;am\u00e9liorer l&rsquo;esth\u00e9tique, elle sert \u00e9galement d&rsquo;outil de promotion de la marque et contribue \u00e0 cr\u00e9er un lien imm\u00e9diat entre le client et l&rsquo;entreprise. <\/span><\/p>\n<h3>L&rsquo;\u00c9CLAIRAGE LED : LA DIFF\u00c9RENCE QUE VOUS POUVEZ VOIR<\/h3>\n<p><span dir=\"auto\">Le panneau d&rsquo;affichage autoportant avec \u00e9clairage LED n&rsquo;est pas un simple accessoire, mais un v\u00e9ritable outil de marketing qui vous permet de communiquer de mani\u00e8re efficace et visible. Qu&rsquo;il s&rsquo;agisse du menu du jour, d&rsquo;offres sp\u00e9ciales ou d&rsquo;informations sur les services, cette solution moderne et pratique est un choix strat\u00e9gique pour tous ceux qui souhaitent renforcer leur activit\u00e9 et attirer de nouveaux clients. Investir dans un panneau d&rsquo;affichage de qualit\u00e9, c&rsquo;est investir dans l&rsquo;avenir de votre entreprise.  <\/span><\/p>\n<p><strong>CARACT\u00c9RISTIQUES:<\/strong><\/p>\n<ol>\n<li>Porte-menu pour l&rsquo;ext\u00e9rieur.<\/li>\n<li>Cadre en aluminium anodis\u00e9 disponible en finition argent\u00e9e ou noire.<\/li>\n<li>Base en acier peint : 45&#215;45 cm<\/li>\n<li>Montant ovale : H 115 cm.<\/li>\n<li>Porte-menu avec fond m\u00e9tallique magn\u00e9tique pour format A4 portrait.<\/li>\n<li>Porte en polycarbonate transparent.<\/li>\n<li>Ouverture du rabat.<\/li>\n<li>Panneau sup\u00e9rieur personnalisable<\/li>\n<li>Serrure avec cl\u00e9s fournies.<\/li>\n<li>Panneau d&rsquo;en-t\u00eate personnalisable avec logo.<\/li>\n<li>Dimensions du panneau personnalisable avec logo (en cm) : H 10 &#8211; L 23,4<\/li>\n<li>Zone de personnalisation visible (en cm) : H 9,3 &#8211; L 22,0<\/li>\n<li>Dimensions du cadre de communication (en cm) : L 29,0 &#8211; H 47,7<\/li>\n<li>Poids de l&rsquo;article : 9,1 kg environ.<\/li>\n<\/ol>\n<p><strong>\u00c9quip\u00e9 d&rsquo;une bande LED positionn\u00e9e en haut.<\/strong><\/p>\n<p><strong><span style=\"color: #993300;\"><strong>POUR LE FICHIER GRAPHIQUE : cr\u00e9ez le fichier aux dimensions 23,4&#215;10 cm (\u00e9chelle 1:1) avec les textes convertis en trac\u00e9s, apr\u00e8s avoir sauvegard\u00e9 le fichier en format PDF (r\u00e9solution minimale de 200 dpi), envoyez le document \u00e0 l&rsquo;adresse \u00e9lectronique suivante<\/strong><\/span><strong> <a href=\"mailto:grafica@smartystore.it\">grafica@smartystore.it<\/a> <\/strong><span style=\"color: #993300;\"><strong>en mentionnant le num\u00e9ro de commande.<\/strong><\/span><\/strong><\/p>\n<p>&nbsp;<\/p>\n<h4 style=\"text-align: center;\">Voir les autres mod\u00e8les sur ce <strong><a href=\"https:\/\/www.smartystore.it\/fr\/categoria-prodotto\/tableaux-de-messages\/panneaux-daffichage-exterieurs\/\">LIEN<\/a><\/strong><\/h4>\n<p>&nbsp;<\/p>\n<p><strong><a href=\"https:\/\/www.smartystore.it\/v25\/wp-content\/uploads\/2019\/11\/STR-CITY311-312-311LED-312LED.pdf\" target=\"_blank\" rel=\"noopener\"><img loading=\"lazy\" decoding=\"async\" class=\"alignnone size-full wp-image-93672\" src=\"https:\/\/www.smartystore.it\/v25\/wp-content\/uploads\/2023\/11\/LogoDownload_yellow.jpg\" alt=\"\" width=\"50\" height=\"50\">  FICHE TECHNIQUE &#8211; VERSION ARGENT<\/a><\/strong><\/p>\n<p><strong><a href=\"https:\/\/www.smartystore.it\/v25\/wp-content\/uploads\/2025\/10\/STR-CITY311N-312N-311NLED-312NLED.pdf\" target=\"_blank\" rel=\"noopener\"><img loading=\"lazy\" decoding=\"async\" class=\"alignnone size-full wp-image-93672\" src=\"https:\/\/www.smartystore.it\/v25\/wp-content\/uploads\/2023\/11\/LogoDownload_yellow.jpg\" alt=\"\" width=\"50\" height=\"50\">  FICHE TECHNIQUE &#8211; VERSION NOIRE<\/a><\/strong><\/p>\n<p>&nbsp;<\/p>\n<p><a href=\"https:\/\/www.smartystore.it\/v25\/wp-content\/uploads\/2023\/04\/STR-CITY301.pdf\" target=\"_blank\" rel=\"noopener\"><img loading=\"lazy\" decoding=\"async\" class=\"alignnone size-full wp-image-93645\" src=\"https:\/\/www.smartystore.it\/v25\/wp-content\/uploads\/2022\/09\/LogoDownload_tracciato-fustella-2.jpg\" alt=\"\" width=\"250\" height=\"63\"><\/a><\/p>\n<p>[\/vc_column_text][\/vc_column][\/vc_row]<\/p>\n<\/div>","protected":false},"excerpt":{"rendered":"<p>Panneau d&rsquo;affichage ext\u00e9rieur A4 vertical avec panneau personnalisable et \u00e9clairage LED. Disponible en noir et argent. <\/p>\n","protected":false},"featured_media":95876,"comment_status":"open","ping_status":"closed","template":"","meta":{"_acf_changed":false},"pwb-brand":[],"product_brand":[],"product_cat":[2999,3001,2997],"product_tag":[4636,4776,4632,4633,4631,6629,6628,5451,5450,4635,4775,4777,4634],"class_list":{"0":"post-95913","1":"product","2":"type-product","3":"status-publish","4":"has-post-thumbnail","6":"product_cat-panneaux-daffichage-exterieurs","7":"product_cat-porte-menu","8":"product_cat-tableaux-de-messages","9":"product_tag-panneau-daffichage-de-la-pharmacie","10":"product_tag-panneau-daffichage-exterieur-avec-eclairage-led","11":"product_tag-panneau-daffichage-exterieur-personnalisable","12":"product_tag-panneau-de-menu-exterieur-personnalisable","13":"product_tag-panneau-de-menu-personnalisable","14":"product_tag-porte-menu-led-a4-noir-pour-lexterieur","15":"product_tag-porte-menu-led-a4-pour-lexterieur","16":"product_tag-pupitre-avec-eclairage-led","17":"product_tag-tableau-daffichage","18":"product_tag-tableau-daffichage-du-restaurant","19":"product_tag-tableau-daffichage-exterieur-avec-eclairage-led","20":"product_tag-tableau-daffichage-personnalisable-avec-eclairage-led","21":"product_tag-tableau-daffichage-pour-feuilles-a4","22":"pa_c2c_angolo-vif","23":"pa_c2c_color-argent","24":"pa_c2c_color-noir","25":"pa_c2c_dimensione-a4-21x29-7-vert","26":"pa_c2c_illuminazione-avec-eclairage","27":"pa_c2c_mono_bifacciale-simple-face","28":"pa_c2c_stampa-non","29":"pa_c2c_stampa-oui","30":"pa_c2c_trovraprezzi-oui","32":"first","33":"instock","34":"taxable","35":"shipping-taxable","36":"purchasable","37":"product-type-variable"},"acf":[],"yoast_head":"<!-- This site is optimized with the Yoast SEO plugin v27.4 - https:\/\/yoast.com\/product\/yoast-seo-wordpress\/ -->\n<title>Panneau d&#039;affichage ext\u00e9rieur autoportant A4 avec \u00e9clairage - Smarty Store<\/title>\n<meta name=\"description\" content=\"Panneau d&#039;affichage ext\u00e9rieur autoportant A4 \u00e9clair\u00e9 par LED avec panneau personnalisable. Disponible en noir et argent.\" \/>\n<meta name=\"robots\" content=\"index, follow, max-snippet:-1, max-image-preview:large, max-video-preview:-1\" \/>\n<link rel=\"canonical\" href=\"https:\/\/www.smartystore.it\/fr\/prodotto\/panneau-daffichage-exterieur-autoportant-a4-avec-eclairage-led\/\" \/>\n<meta property=\"og:locale\" content=\"fr_FR\" \/>\n<meta property=\"og:type\" content=\"article\" \/>\n<meta property=\"og:title\" content=\"Panneau d&#039;affichage ext\u00e9rieur autoportant A4 avec \u00e9clairage - Smarty Store\" \/>\n<meta property=\"og:description\" content=\"Panneau d&#039;affichage ext\u00e9rieur autoportant A4 \u00e9clair\u00e9 par LED avec panneau personnalisable. Disponible en noir et argent.\" \/>\n<meta property=\"og:url\" content=\"https:\/\/www.smartystore.it\/fr\/prodotto\/panneau-daffichage-exterieur-autoportant-a4-avec-eclairage-led\/\" \/>\n<meta property=\"og:site_name\" content=\"Smarty Store\" \/>\n<meta property=\"article:modified_time\" content=\"2026-03-14T15:09:51+00:00\" \/>\n<meta property=\"og:image\" content=\"https:\/\/www.smartystore.it\/v25\/wp-content\/uploads\/2019\/11\/Bacheca-porta-menu-esterno-autoportante-A4-con-illuminazione-led_silver-e-nera.jpg\" \/>\n\t<meta property=\"og:image:width\" content=\"1000\" \/>\n\t<meta property=\"og:image:height\" content=\"1000\" \/>\n\t<meta property=\"og:image:type\" content=\"image\/jpeg\" \/>\n<meta name=\"twitter:card\" content=\"summary_large_image\" \/>\n<meta name=\"twitter:label1\" content=\"Dur\u00e9e de lecture estim\u00e9e\" \/>\n\t<meta name=\"twitter:data1\" content=\"4 minutes\" \/>\n<script type=\"application\/ld+json\" class=\"yoast-schema-graph\">{\"@context\":\"https:\\\/\\\/schema.org\",\"@graph\":[{\"@type\":\"WebPage\",\"@id\":\"https:\\\/\\\/www.smartystore.it\\\/fr\\\/prodotto\\\/panneau-daffichage-exterieur-autoportant-a4-avec-eclairage-led\\\/\",\"url\":\"https:\\\/\\\/www.smartystore.it\\\/fr\\\/prodotto\\\/panneau-daffichage-exterieur-autoportant-a4-avec-eclairage-led\\\/\",\"name\":\"Panneau d'affichage ext\u00e9rieur autoportant A4 avec \u00e9clairage - Smarty Store\",\"isPartOf\":{\"@id\":\"https:\\\/\\\/www.smartystore.it\\\/fr\\\/#website\"},\"primaryImageOfPage\":{\"@id\":\"https:\\\/\\\/www.smartystore.it\\\/fr\\\/prodotto\\\/panneau-daffichage-exterieur-autoportant-a4-avec-eclairage-led\\\/#primaryimage\"},\"image\":{\"@id\":\"https:\\\/\\\/www.smartystore.it\\\/fr\\\/prodotto\\\/panneau-daffichage-exterieur-autoportant-a4-avec-eclairage-led\\\/#primaryimage\"},\"thumbnailUrl\":\"https:\\\/\\\/www.smartystore.it\\\/v25\\\/wp-content\\\/uploads\\\/2019\\\/11\\\/Bacheca-porta-menu-esterno-autoportante-A4-con-illuminazione-led_silver-e-nera.jpg\",\"datePublished\":\"2019-11-13T13:56:25+00:00\",\"dateModified\":\"2026-03-14T15:09:51+00:00\",\"description\":\"Panneau d'affichage ext\u00e9rieur autoportant A4 \u00e9clair\u00e9 par LED avec panneau personnalisable. Disponible en noir et argent.\",\"breadcrumb\":{\"@id\":\"https:\\\/\\\/www.smartystore.it\\\/fr\\\/prodotto\\\/panneau-daffichage-exterieur-autoportant-a4-avec-eclairage-led\\\/#breadcrumb\"},\"inLanguage\":\"fr-FR\",\"potentialAction\":[{\"@type\":\"ReadAction\",\"target\":[\"https:\\\/\\\/www.smartystore.it\\\/fr\\\/prodotto\\\/panneau-daffichage-exterieur-autoportant-a4-avec-eclairage-led\\\/\"]}]},{\"@type\":\"ImageObject\",\"inLanguage\":\"fr-FR\",\"@id\":\"https:\\\/\\\/www.smartystore.it\\\/fr\\\/prodotto\\\/panneau-daffichage-exterieur-autoportant-a4-avec-eclairage-led\\\/#primaryimage\",\"url\":\"https:\\\/\\\/www.smartystore.it\\\/v25\\\/wp-content\\\/uploads\\\/2019\\\/11\\\/Bacheca-porta-menu-esterno-autoportante-A4-con-illuminazione-led_silver-e-nera.jpg\",\"contentUrl\":\"https:\\\/\\\/www.smartystore.it\\\/v25\\\/wp-content\\\/uploads\\\/2019\\\/11\\\/Bacheca-porta-menu-esterno-autoportante-A4-con-illuminazione-led_silver-e-nera.jpg\",\"width\":1000,\"height\":1000,\"caption\":\"Panneau d'affichage ext\u00e9rieur autoportant A4 avec \u00e9clairage LED\"},{\"@type\":\"BreadcrumbList\",\"@id\":\"https:\\\/\\\/www.smartystore.it\\\/fr\\\/prodotto\\\/panneau-daffichage-exterieur-autoportant-a4-avec-eclairage-led\\\/#breadcrumb\",\"itemListElement\":[{\"@type\":\"ListItem\",\"position\":1,\"name\":\"Home\",\"item\":\"https:\\\/\\\/www.smartystore.it\\\/fr\\\/\"},{\"@type\":\"ListItem\",\"position\":2,\"name\":\"Boutique\",\"item\":\"https:\\\/\\\/www.smartystore.it\\\/fr\\\/boutique\\\/\"},{\"@type\":\"ListItem\",\"position\":3,\"name\":\"Panneau d&#8217;affichage ext\u00e9rieur autoportant A4 avec \u00e9clairage\"}]},{\"@type\":\"WebSite\",\"@id\":\"https:\\\/\\\/www.smartystore.it\\\/fr\\\/#website\",\"url\":\"https:\\\/\\\/www.smartystore.it\\\/fr\\\/\",\"name\":\"Smarty Store\",\"description\":\"Espositori Pubblicitari e Sistemi di Comunicazione Visiva\",\"potentialAction\":[{\"@type\":\"SearchAction\",\"target\":{\"@type\":\"EntryPoint\",\"urlTemplate\":\"https:\\\/\\\/www.smartystore.it\\\/fr\\\/?s={search_term_string}\"},\"query-input\":{\"@type\":\"PropertyValueSpecification\",\"valueRequired\":true,\"valueName\":\"search_term_string\"}}],\"inLanguage\":\"fr-FR\"}]}<\/script>\n<!-- \/ Yoast SEO plugin. -->","yoast_head_json":{"title":"Panneau d'affichage ext\u00e9rieur autoportant A4 avec \u00e9clairage - Smarty Store","description":"Panneau d'affichage ext\u00e9rieur autoportant A4 \u00e9clair\u00e9 par LED avec panneau personnalisable. Disponible en noir et argent.","robots":{"index":"index","follow":"follow","max-snippet":"max-snippet:-1","max-image-preview":"max-image-preview:large","max-video-preview":"max-video-preview:-1"},"canonical":"https:\/\/www.smartystore.it\/fr\/prodotto\/panneau-daffichage-exterieur-autoportant-a4-avec-eclairage-led\/","og_locale":"fr_FR","og_type":"article","og_title":"Panneau d'affichage ext\u00e9rieur autoportant A4 avec \u00e9clairage - Smarty Store","og_description":"Panneau d'affichage ext\u00e9rieur autoportant A4 \u00e9clair\u00e9 par LED avec panneau personnalisable. Disponible en noir et argent.","og_url":"https:\/\/www.smartystore.it\/fr\/prodotto\/panneau-daffichage-exterieur-autoportant-a4-avec-eclairage-led\/","og_site_name":"Smarty Store","article_modified_time":"2026-03-14T15:09:51+00:00","og_image":[{"width":1000,"height":1000,"url":"https:\/\/www.smartystore.it\/v25\/wp-content\/uploads\/2019\/11\/Bacheca-porta-menu-esterno-autoportante-A4-con-illuminazione-led_silver-e-nera.jpg","type":"image\/jpeg"}],"twitter_card":"summary_large_image","twitter_misc":{"Dur\u00e9e de lecture estim\u00e9e":"4 minutes"},"schema":{"@context":"https:\/\/schema.org","@graph":[{"@type":"WebPage","@id":"https:\/\/www.smartystore.it\/fr\/prodotto\/panneau-daffichage-exterieur-autoportant-a4-avec-eclairage-led\/","url":"https:\/\/www.smartystore.it\/fr\/prodotto\/panneau-daffichage-exterieur-autoportant-a4-avec-eclairage-led\/","name":"Panneau d'affichage ext\u00e9rieur autoportant A4 avec \u00e9clairage - Smarty Store","isPartOf":{"@id":"https:\/\/www.smartystore.it\/fr\/#website"},"primaryImageOfPage":{"@id":"https:\/\/www.smartystore.it\/fr\/prodotto\/panneau-daffichage-exterieur-autoportant-a4-avec-eclairage-led\/#primaryimage"},"image":{"@id":"https:\/\/www.smartystore.it\/fr\/prodotto\/panneau-daffichage-exterieur-autoportant-a4-avec-eclairage-led\/#primaryimage"},"thumbnailUrl":"https:\/\/www.smartystore.it\/v25\/wp-content\/uploads\/2019\/11\/Bacheca-porta-menu-esterno-autoportante-A4-con-illuminazione-led_silver-e-nera.jpg","datePublished":"2019-11-13T13:56:25+00:00","dateModified":"2026-03-14T15:09:51+00:00","description":"Panneau d'affichage ext\u00e9rieur autoportant A4 \u00e9clair\u00e9 par LED avec panneau personnalisable. Disponible en noir et argent.","breadcrumb":{"@id":"https:\/\/www.smartystore.it\/fr\/prodotto\/panneau-daffichage-exterieur-autoportant-a4-avec-eclairage-led\/#breadcrumb"},"inLanguage":"fr-FR","potentialAction":[{"@type":"ReadAction","target":["https:\/\/www.smartystore.it\/fr\/prodotto\/panneau-daffichage-exterieur-autoportant-a4-avec-eclairage-led\/"]}]},{"@type":"ImageObject","inLanguage":"fr-FR","@id":"https:\/\/www.smartystore.it\/fr\/prodotto\/panneau-daffichage-exterieur-autoportant-a4-avec-eclairage-led\/#primaryimage","url":"https:\/\/www.smartystore.it\/v25\/wp-content\/uploads\/2019\/11\/Bacheca-porta-menu-esterno-autoportante-A4-con-illuminazione-led_silver-e-nera.jpg","contentUrl":"https:\/\/www.smartystore.it\/v25\/wp-content\/uploads\/2019\/11\/Bacheca-porta-menu-esterno-autoportante-A4-con-illuminazione-led_silver-e-nera.jpg","width":1000,"height":1000,"caption":"Panneau d'affichage ext\u00e9rieur autoportant A4 avec \u00e9clairage LED"},{"@type":"BreadcrumbList","@id":"https:\/\/www.smartystore.it\/fr\/prodotto\/panneau-daffichage-exterieur-autoportant-a4-avec-eclairage-led\/#breadcrumb","itemListElement":[{"@type":"ListItem","position":1,"name":"Home","item":"https:\/\/www.smartystore.it\/fr\/"},{"@type":"ListItem","position":2,"name":"Boutique","item":"https:\/\/www.smartystore.it\/fr\/boutique\/"},{"@type":"ListItem","position":3,"name":"Panneau d&#8217;affichage ext\u00e9rieur autoportant A4 avec \u00e9clairage"}]},{"@type":"WebSite","@id":"https:\/\/www.smartystore.it\/fr\/#website","url":"https:\/\/www.smartystore.it\/fr\/","name":"Smarty Store","description":"Espositori Pubblicitari e Sistemi di Comunicazione Visiva","potentialAction":[{"@type":"SearchAction","target":{"@type":"EntryPoint","urlTemplate":"https:\/\/www.smartystore.it\/fr\/?s={search_term_string}"},"query-input":{"@type":"PropertyValueSpecification","valueRequired":true,"valueName":"search_term_string"}}],"inLanguage":"fr-FR"}]}},"brands":[],"_links":{"self":[{"href":"https:\/\/www.smartystore.it\/fr\/wp-json\/wp\/v2\/product\/95913","targetHints":{"allow":["GET"]}}],"collection":[{"href":"https:\/\/www.smartystore.it\/fr\/wp-json\/wp\/v2\/product"}],"about":[{"href":"https:\/\/www.smartystore.it\/fr\/wp-json\/wp\/v2\/types\/product"}],"replies":[{"embeddable":true,"href":"https:\/\/www.smartystore.it\/fr\/wp-json\/wp\/v2\/comments?post=95913"}],"wp:featuredmedia":[{"embeddable":true,"href":"https:\/\/www.smartystore.it\/fr\/wp-json\/wp\/v2\/media\/95876"}],"wp:attachment":[{"href":"https:\/\/www.smartystore.it\/fr\/wp-json\/wp\/v2\/media?parent=95913"}],"wp:term":[{"taxonomy":"pwb-brand","embeddable":true,"href":"https:\/\/www.smartystore.it\/fr\/wp-json\/wp\/v2\/pwb-brand?post=95913"},{"taxonomy":"product_brand","embeddable":true,"href":"https:\/\/www.smartystore.it\/fr\/wp-json\/wp\/v2\/product_brand?post=95913"},{"taxonomy":"product_cat","embeddable":true,"href":"https:\/\/www.smartystore.it\/fr\/wp-json\/wp\/v2\/product_cat?post=95913"},{"taxonomy":"product_tag","embeddable":true,"href":"https:\/\/www.smartystore.it\/fr\/wp-json\/wp\/v2\/product_tag?post=95913"}],"curies":[{"name":"wp","href":"https:\/\/api.w.org\/{rel}","templated":true}]}}