{"id":95882,"date":"2020-01-29T13:33:48","date_gmt":"2020-01-29T13:33:48","guid":{"rendered":"https:\/\/www.smartystore.it\/prodotto\/cadre-mural-noir-a-angle-aigu\/"},"modified":"2025-10-21T17:20:50","modified_gmt":"2025-10-21T15:20:50","slug":"cadre-mural-noir-a-angle-aigu","status":"publish","type":"product","link":"https:\/\/www.smartystore.it\/fr\/prodotto\/cadre-mural-noir-a-angle-aigu\/","title":{"rendered":"Cadre mural noir \u00e0 angle aigu"},"content":{"rendered":"<div class=\"wpb-content-wrapper\"><p>[vc_row][vc_column][vc_column_text css=\u00a0\u00bb\u00a0\u00bb css_params=\u00a0\u00bb\u00a0\u00bb]<\/p>\n<h1>Cadre mural noir \u00e0 angle aigu : id\u00e9al pour chaque pi\u00e8ce<\/h1>\n<p>Si vous cherchez un moyen d&rsquo;ajouter une touche de style \u00e0 votre espace, vous ne pouvez pas manquer notre fantastique cadre mural noir \u00e0 ar\u00eates vives ! Parfaits pour afficher vos posters pr\u00e9f\u00e9r\u00e9s, ces cadres sont l&rsquo;accessoire id\u00e9al pour ceux qui aiment d\u00e9corer avec go\u00fbt et facilit\u00e9. <\/p>\n<p>Commen\u00e7ons par le design : gr\u00e2ce \u00e0 leur angle aigu et \u00e0 leur profil Frame 25 (25 mm), ces cadres apportent une touche de modernit\u00e9 \u00e0 n&rsquo;importe quelle pi\u00e8ce. Fabriqu\u00e9s en aluminium robuste, ils sont \u00e0 la fois l\u00e9gers et durables, ce qui vous permet de les suspendre en toute tranquillit\u00e9. Sans oublier la couleur noire, un classique intemporel qui se marie avec toutes les d\u00e9corations !  <\/p>\n<h2>Cadre mural noir \u00e0 angle aigu : Qualit\u00e9 et protection<\/h2>\n<p>Mais ce n&rsquo;est pas tout ! Chaque cadre est \u00e9quip\u00e9 d&rsquo;une feuille anti-reflet qui prot\u00e8ge non seulement votre \u0153uvre, mais garantit \u00e9galement que les couleurs sont toujours vives et \u00e9clatantes, sans reflets g\u00eanants. Qu&rsquo;il s&rsquo;agisse d&rsquo;une photo de famille, d&rsquo;une \u0153uvre d&rsquo;art ou d&rsquo;une affiche de film culte, votre travail sera toujours mis en valeur.  <\/p>\n<p>L&#8217;emballage comprend des ancres murales, ce qui vous \u00e9vite d&rsquo;avoir \u00e0 acheter des accessoires d&rsquo;installation s\u00e9par\u00e9ment. Tout est pr\u00eat \u00e0 \u00eatre accroch\u00e9 et vous pouvez commencer \u00e0 vous mettre en valeur ! <\/p>\n<p>Notre cadre mural \u00e0 angle aigu 25 snap frame noir est disponible en diff\u00e9rentes tailles pour r\u00e9pondre \u00e0 vos besoins, notamment A3, A4, 50&#215;70 et 70&#215;100. Quel que soit votre choix, chaque cadre est con\u00e7u pour transformer votre espace et faire de n&rsquo;importe quel mur une v\u00e9ritable galerie d&rsquo;art. <\/p>\n<p>Alors, qu&rsquo;attendez-vous ? Renouvelez vos espaces avec nos cadres noirs et faites passer votre d\u00e9cor au niveau sup\u00e9rieur ! <\/p>\n<p>Voir aussi la version avec finition en aluminium argent\u00e9 : <strong><span style=\"color: #ff0000;\"><a style=\"color: #ff0000;\" href=\"https:\/\/www.smartystore.it\/fr\/categoria-prodotto\/cadres-instantanes\/cadres-clic-clac\/\">LIEN<\/a><\/span><\/strong><\/p>\n<h2>CARACT\u00c9RISTIQUES<\/h2>\n<ol>\n<li>Cadre noir \u00e0 fixation murale.<\/li>\n<li>Le coin du direct.<\/li>\n<li>Trous au dos pour une application murale.<\/li>\n<li>Feuille de protection en PVC antireflet.<\/li>\n<li>Profil du cadre : Cadre 25.<\/li>\n<li>Mat\u00e9riau du cadre : aluminium<\/li>\n<li>Mat\u00e9riau du fond : polistyr\u00e8ne.<\/li>\n<li>Couleur : noir.<\/li>\n<\/ol>\n<p>Fourni avec des vis et des chevilles pour le montage mural.<\/p>\n<p>Disponible en format poster : A3 &#8211; A4 &#8211; 50&#215;70 et 70&#215;100<\/p>\n<p><strong><a href=\"https:\/\/www.smartystore.it\/v25\/wp-content\/uploads\/2025\/10\/SST-CSN.pdf\" target=\"_blank\" rel=\"noopener\"><img loading=\"lazy\" decoding=\"async\" class=\"alignnone size-full wp-image-93672\" src=\"https:\/\/www.smartystore.it\/v25\/wp-content\/uploads\/2023\/11\/LogoDownload_yellow.jpg\" alt=\"\" width=\"50\" height=\"50\"><\/a><a href=\"https:\/\/www.smartystore.it\/v25\/wp-content\/uploads\/2025\/10\/SST-CSN.pdf\" target=\"_blank\" rel=\"noopener\">  FICHE TECHNIQUE<\/a><\/strong>[\/vc_column_text][\/vc_column][\/vc_row]<\/p>\n<\/div>","protected":false},"excerpt":{"rendered":"<p>Cadre en aluminium de couleur noire avec ouverture profil\u00e9e encliquetable. Disponible pour les affiches A3, A4, 50&#215;70 et 70&#215;100. <\/p>\n","protected":false},"featured_media":90427,"comment_status":"open","ping_status":"closed","template":"","meta":{"_acf_changed":false},"pwb-brand":[],"product_brand":[],"product_cat":[3008,2912],"product_tag":[5439,5440,5441,5436,5438,5444,5442,5443,5437],"class_list":{"0":"post-95882","1":"product","2":"type-product","3":"status-publish","4":"has-post-thumbnail","6":"product_cat-cadres-clic-clac","7":"product_cat-cadres-instantanes","8":"product_tag-cadre-a3-catto-noir","9":"product_tag-cadre-noir-50x70","10":"product_tag-cadre-noir-70x100","11":"product_tag-cadre-noir-a-boutons-pression","12":"product_tag-cadre-noir-a4-a-pression","13":"product_tag-cadres-a-pression-en-aluminium-noir","14":"product_tag-cadres-click-clac-noirs","15":"product_tag-cadres-muraux-noirs","16":"product_tag-cadres-noirs-a-boutons-pression","17":"pa_c2c_angolo-vif","18":"pa_c2c_color-noir","19":"pa_c2c_dimensione-50x70","20":"pa_c2c_dimensione-70x100","21":"pa_c2c_dimensione-a3-30x42","22":"pa_c2c_dimensione-a4-21x29-7","23":"pa_c2c_mono_bifacciale-simple-face","24":"pa_c2c_trovraprezzi-oui","26":"first","27":"instock","28":"taxable","29":"shipping-taxable","30":"purchasable","31":"product-type-variable"},"acf":[],"yoast_head":"<!-- This site is optimized with the Yoast SEO plugin v27.4 - https:\/\/yoast.com\/product\/yoast-seo-wordpress\/ -->\n<title>Cadre mural noir \u00e0 angle aigu - Smarty Store<\/title>\n<meta name=\"description\" content=\"Cadre mural noir \u00e0 angle vif, disponible en formats A4, A3, 50x70 et 70x100. La couleur noire s&#039;int\u00e8gre \u00e9l\u00e9gamment dans tous les environnements\" \/>\n<meta name=\"robots\" content=\"index, follow, max-snippet:-1, max-image-preview:large, max-video-preview:-1\" \/>\n<link rel=\"canonical\" href=\"https:\/\/www.smartystore.it\/fr\/prodotto\/cadre-mural-noir-a-angle-aigu\/\" \/>\n<meta property=\"og:locale\" content=\"fr_FR\" \/>\n<meta property=\"og:type\" content=\"article\" \/>\n<meta property=\"og:title\" content=\"Cadre mural noir \u00e0 angle aigu - Smarty Store\" \/>\n<meta property=\"og:description\" content=\"Cadre mural noir \u00e0 angle vif, disponible en formats A4, A3, 50x70 et 70x100. La couleur noire s&#039;int\u00e8gre \u00e9l\u00e9gamment dans tous les environnements\" \/>\n<meta property=\"og:url\" content=\"https:\/\/www.smartystore.it\/fr\/prodotto\/cadre-mural-noir-a-angle-aigu\/\" \/>\n<meta property=\"og:site_name\" content=\"Smarty Store\" \/>\n<meta property=\"article:modified_time\" content=\"2025-10-21T15:20:50+00:00\" \/>\n<meta property=\"og:image\" content=\"https:\/\/www.smartystore.it\/v25\/wp-content\/uploads\/2020\/01\/Cornice-a-scatto-nera-in-alluminio-con-angoli-vivi-e-pvc-antiriflesso.jpg\" \/>\n\t<meta property=\"og:image:width\" content=\"1000\" \/>\n\t<meta property=\"og:image:height\" content=\"1000\" \/>\n\t<meta property=\"og:image:type\" content=\"image\/jpeg\" \/>\n<meta name=\"twitter:card\" content=\"summary_large_image\" \/>\n<meta name=\"twitter:label1\" content=\"Dur\u00e9e de lecture estim\u00e9e\" \/>\n\t<meta name=\"twitter:data1\" content=\"3 minutes\" \/>\n<script type=\"application\/ld+json\" class=\"yoast-schema-graph\">{\"@context\":\"https:\\\/\\\/schema.org\",\"@graph\":[{\"@type\":\"WebPage\",\"@id\":\"https:\\\/\\\/www.smartystore.it\\\/fr\\\/prodotto\\\/cadre-mural-noir-a-angle-aigu\\\/\",\"url\":\"https:\\\/\\\/www.smartystore.it\\\/fr\\\/prodotto\\\/cadre-mural-noir-a-angle-aigu\\\/\",\"name\":\"Cadre mural noir \u00e0 angle aigu - Smarty Store\",\"isPartOf\":{\"@id\":\"https:\\\/\\\/www.smartystore.it\\\/fr\\\/#website\"},\"primaryImageOfPage\":{\"@id\":\"https:\\\/\\\/www.smartystore.it\\\/fr\\\/prodotto\\\/cadre-mural-noir-a-angle-aigu\\\/#primaryimage\"},\"image\":{\"@id\":\"https:\\\/\\\/www.smartystore.it\\\/fr\\\/prodotto\\\/cadre-mural-noir-a-angle-aigu\\\/#primaryimage\"},\"thumbnailUrl\":\"https:\\\/\\\/www.smartystore.it\\\/v25\\\/wp-content\\\/uploads\\\/2020\\\/01\\\/Cornice-a-scatto-nera-in-alluminio-con-angoli-vivi-e-pvc-antiriflesso.jpg\",\"datePublished\":\"2020-01-29T13:33:48+00:00\",\"dateModified\":\"2025-10-21T15:20:50+00:00\",\"description\":\"Cadre mural noir \u00e0 angle vif, disponible en formats A4, A3, 50x70 et 70x100. La couleur noire s'int\u00e8gre \u00e9l\u00e9gamment dans tous les environnements\",\"breadcrumb\":{\"@id\":\"https:\\\/\\\/www.smartystore.it\\\/fr\\\/prodotto\\\/cadre-mural-noir-a-angle-aigu\\\/#breadcrumb\"},\"inLanguage\":\"fr-FR\",\"potentialAction\":[{\"@type\":\"ReadAction\",\"target\":[\"https:\\\/\\\/www.smartystore.it\\\/fr\\\/prodotto\\\/cadre-mural-noir-a-angle-aigu\\\/\"]}]},{\"@type\":\"ImageObject\",\"inLanguage\":\"fr-FR\",\"@id\":\"https:\\\/\\\/www.smartystore.it\\\/fr\\\/prodotto\\\/cadre-mural-noir-a-angle-aigu\\\/#primaryimage\",\"url\":\"https:\\\/\\\/www.smartystore.it\\\/v25\\\/wp-content\\\/uploads\\\/2020\\\/01\\\/Cornice-a-scatto-nera-in-alluminio-con-angoli-vivi-e-pvc-antiriflesso.jpg\",\"contentUrl\":\"https:\\\/\\\/www.smartystore.it\\\/v25\\\/wp-content\\\/uploads\\\/2020\\\/01\\\/Cornice-a-scatto-nera-in-alluminio-con-angoli-vivi-e-pvc-antiriflesso.jpg\",\"width\":1000,\"height\":1000,\"caption\":\"Cadre mural noir \u00e0 angle aigu\"},{\"@type\":\"BreadcrumbList\",\"@id\":\"https:\\\/\\\/www.smartystore.it\\\/fr\\\/prodotto\\\/cadre-mural-noir-a-angle-aigu\\\/#breadcrumb\",\"itemListElement\":[{\"@type\":\"ListItem\",\"position\":1,\"name\":\"Home\",\"item\":\"https:\\\/\\\/www.smartystore.it\\\/fr\\\/\"},{\"@type\":\"ListItem\",\"position\":2,\"name\":\"Boutique\",\"item\":\"https:\\\/\\\/www.smartystore.it\\\/fr\\\/boutique\\\/\"},{\"@type\":\"ListItem\",\"position\":3,\"name\":\"Cadre mural noir \u00e0 angle aigu\"}]},{\"@type\":\"WebSite\",\"@id\":\"https:\\\/\\\/www.smartystore.it\\\/fr\\\/#website\",\"url\":\"https:\\\/\\\/www.smartystore.it\\\/fr\\\/\",\"name\":\"Smarty Store\",\"description\":\"Espositori Pubblicitari e Sistemi di Comunicazione Visiva\",\"potentialAction\":[{\"@type\":\"SearchAction\",\"target\":{\"@type\":\"EntryPoint\",\"urlTemplate\":\"https:\\\/\\\/www.smartystore.it\\\/fr\\\/?s={search_term_string}\"},\"query-input\":{\"@type\":\"PropertyValueSpecification\",\"valueRequired\":true,\"valueName\":\"search_term_string\"}}],\"inLanguage\":\"fr-FR\"}]}<\/script>\n<!-- \/ Yoast SEO plugin. -->","yoast_head_json":{"title":"Cadre mural noir \u00e0 angle aigu - Smarty Store","description":"Cadre mural noir \u00e0 angle vif, disponible en formats A4, A3, 50x70 et 70x100. La couleur noire s'int\u00e8gre \u00e9l\u00e9gamment dans tous les environnements","robots":{"index":"index","follow":"follow","max-snippet":"max-snippet:-1","max-image-preview":"max-image-preview:large","max-video-preview":"max-video-preview:-1"},"canonical":"https:\/\/www.smartystore.it\/fr\/prodotto\/cadre-mural-noir-a-angle-aigu\/","og_locale":"fr_FR","og_type":"article","og_title":"Cadre mural noir \u00e0 angle aigu - Smarty Store","og_description":"Cadre mural noir \u00e0 angle vif, disponible en formats A4, A3, 50x70 et 70x100. La couleur noire s'int\u00e8gre \u00e9l\u00e9gamment dans tous les environnements","og_url":"https:\/\/www.smartystore.it\/fr\/prodotto\/cadre-mural-noir-a-angle-aigu\/","og_site_name":"Smarty Store","article_modified_time":"2025-10-21T15:20:50+00:00","og_image":[{"width":1000,"height":1000,"url":"https:\/\/www.smartystore.it\/v25\/wp-content\/uploads\/2020\/01\/Cornice-a-scatto-nera-in-alluminio-con-angoli-vivi-e-pvc-antiriflesso.jpg","type":"image\/jpeg"}],"twitter_card":"summary_large_image","twitter_misc":{"Dur\u00e9e de lecture estim\u00e9e":"3 minutes"},"schema":{"@context":"https:\/\/schema.org","@graph":[{"@type":"WebPage","@id":"https:\/\/www.smartystore.it\/fr\/prodotto\/cadre-mural-noir-a-angle-aigu\/","url":"https:\/\/www.smartystore.it\/fr\/prodotto\/cadre-mural-noir-a-angle-aigu\/","name":"Cadre mural noir \u00e0 angle aigu - Smarty Store","isPartOf":{"@id":"https:\/\/www.smartystore.it\/fr\/#website"},"primaryImageOfPage":{"@id":"https:\/\/www.smartystore.it\/fr\/prodotto\/cadre-mural-noir-a-angle-aigu\/#primaryimage"},"image":{"@id":"https:\/\/www.smartystore.it\/fr\/prodotto\/cadre-mural-noir-a-angle-aigu\/#primaryimage"},"thumbnailUrl":"https:\/\/www.smartystore.it\/v25\/wp-content\/uploads\/2020\/01\/Cornice-a-scatto-nera-in-alluminio-con-angoli-vivi-e-pvc-antiriflesso.jpg","datePublished":"2020-01-29T13:33:48+00:00","dateModified":"2025-10-21T15:20:50+00:00","description":"Cadre mural noir \u00e0 angle vif, disponible en formats A4, A3, 50x70 et 70x100. La couleur noire s'int\u00e8gre \u00e9l\u00e9gamment dans tous les environnements","breadcrumb":{"@id":"https:\/\/www.smartystore.it\/fr\/prodotto\/cadre-mural-noir-a-angle-aigu\/#breadcrumb"},"inLanguage":"fr-FR","potentialAction":[{"@type":"ReadAction","target":["https:\/\/www.smartystore.it\/fr\/prodotto\/cadre-mural-noir-a-angle-aigu\/"]}]},{"@type":"ImageObject","inLanguage":"fr-FR","@id":"https:\/\/www.smartystore.it\/fr\/prodotto\/cadre-mural-noir-a-angle-aigu\/#primaryimage","url":"https:\/\/www.smartystore.it\/v25\/wp-content\/uploads\/2020\/01\/Cornice-a-scatto-nera-in-alluminio-con-angoli-vivi-e-pvc-antiriflesso.jpg","contentUrl":"https:\/\/www.smartystore.it\/v25\/wp-content\/uploads\/2020\/01\/Cornice-a-scatto-nera-in-alluminio-con-angoli-vivi-e-pvc-antiriflesso.jpg","width":1000,"height":1000,"caption":"Cadre mural noir \u00e0 angle aigu"},{"@type":"BreadcrumbList","@id":"https:\/\/www.smartystore.it\/fr\/prodotto\/cadre-mural-noir-a-angle-aigu\/#breadcrumb","itemListElement":[{"@type":"ListItem","position":1,"name":"Home","item":"https:\/\/www.smartystore.it\/fr\/"},{"@type":"ListItem","position":2,"name":"Boutique","item":"https:\/\/www.smartystore.it\/fr\/boutique\/"},{"@type":"ListItem","position":3,"name":"Cadre mural noir \u00e0 angle aigu"}]},{"@type":"WebSite","@id":"https:\/\/www.smartystore.it\/fr\/#website","url":"https:\/\/www.smartystore.it\/fr\/","name":"Smarty Store","description":"Espositori Pubblicitari e Sistemi di Comunicazione Visiva","potentialAction":[{"@type":"SearchAction","target":{"@type":"EntryPoint","urlTemplate":"https:\/\/www.smartystore.it\/fr\/?s={search_term_string}"},"query-input":{"@type":"PropertyValueSpecification","valueRequired":true,"valueName":"search_term_string"}}],"inLanguage":"fr-FR"}]}},"brands":[],"_links":{"self":[{"href":"https:\/\/www.smartystore.it\/fr\/wp-json\/wp\/v2\/product\/95882","targetHints":{"allow":["GET"]}}],"collection":[{"href":"https:\/\/www.smartystore.it\/fr\/wp-json\/wp\/v2\/product"}],"about":[{"href":"https:\/\/www.smartystore.it\/fr\/wp-json\/wp\/v2\/types\/product"}],"replies":[{"embeddable":true,"href":"https:\/\/www.smartystore.it\/fr\/wp-json\/wp\/v2\/comments?post=95882"}],"wp:featuredmedia":[{"embeddable":true,"href":"https:\/\/www.smartystore.it\/fr\/wp-json\/wp\/v2\/media\/90427"}],"wp:attachment":[{"href":"https:\/\/www.smartystore.it\/fr\/wp-json\/wp\/v2\/media?parent=95882"}],"wp:term":[{"taxonomy":"pwb-brand","embeddable":true,"href":"https:\/\/www.smartystore.it\/fr\/wp-json\/wp\/v2\/pwb-brand?post=95882"},{"taxonomy":"product_brand","embeddable":true,"href":"https:\/\/www.smartystore.it\/fr\/wp-json\/wp\/v2\/product_brand?post=95882"},{"taxonomy":"product_cat","embeddable":true,"href":"https:\/\/www.smartystore.it\/fr\/wp-json\/wp\/v2\/product_cat?post=95882"},{"taxonomy":"product_tag","embeddable":true,"href":"https:\/\/www.smartystore.it\/fr\/wp-json\/wp\/v2\/product_tag?post=95882"}],"curies":[{"name":"wp","href":"https:\/\/api.w.org\/{rel}","templated":true}]}}