{"id":95870,"date":"2014-03-25T15:24:07","date_gmt":"2014-03-25T13:24:07","guid":{"rendered":"https:\/\/www.smartystore.it\/prodotto\/cadre-mural-a3-a-angle-vif\/"},"modified":"2025-10-14T16:18:43","modified_gmt":"2025-10-14T14:18:43","slug":"cadre-mural-a3-a-angle-vif","status":"publish","type":"product","link":"https:\/\/www.smartystore.it\/fr\/prodotto\/cadre-mural-a3-a-angle-vif\/","title":{"rendered":"Cadre mural A3 \u00e0 angle vif"},"content":{"rendered":"<div class=\"wpb-content-wrapper\"><p>[vc_row][vc_column][vc_column_text css=\u00a0\u00bb\u00a0\u00bb css_params=\u00a0\u00bb\u00a0\u00bb]<\/p>\n<h1>Cadre mural A3 \u00e0 angle vif<\/h1>\n<p>Le cadre mural Sharp Corner A3 (30&#215;42 cm) est un \u00e9l\u00e9ment essentiel pour tous ceux qui souhaitent exposer des \u0153uvres d&rsquo;art, des photographies ou des certificats de mani\u00e8re \u00e9l\u00e9gante et professionnelle. Avec un format A3 (30&#215;42 cm) et une largeur de bordure de 25 mm, ce cadre se distingue par son design raffin\u00e9 et moderne, ce qui le rend id\u00e9al pour tout environnement, qu&rsquo;il soit priv\u00e9 ou public. <\/p>\n<p>La version murale de ce cadre se caract\u00e9rise par un angle aigu qui lui conf\u00e8re un aspect \u00e9pur\u00e9 et contemporain. La finition de haute qualit\u00e9 est con\u00e7ue pour rehausser l&rsquo;esth\u00e9tique du contenu pr\u00e9sent\u00e9 et lui donner un aspect nettement plus professionnel. En outre, le film PVC transparent antireflet garantit que les images sont visibles sans distorsions caus\u00e9es par des reflets ind\u00e9sirables, tout en prot\u00e9geant vos pr\u00e9cieux documents de l&rsquo;usure du temps.  <\/p>\n<h2>Montage mural de l&rsquo;angle A3 viv snap frame : Installation facile<\/h2>\n<p>Un autre avantage important du cadre Frame 25 est sa facilit\u00e9 d&rsquo;installation. L&#8217;emballage comprend des vis de fixation et des chevilles, ce qui permet un montage rapide et facile sur n&rsquo;importe quel type de mur. Cela facilite grandement le processus d&rsquo;installation, permettant m\u00eame \u00e0 ceux qui n&rsquo;ont pas de comp\u00e9tences en bricolage d&rsquo;utiliser le produit sans difficult\u00e9.  <\/p>\n<p>En conclusion, le cadre Frame 25 Angolo Vivo est un choix id\u00e9al pour tous ceux qui recherchent un moyen efficace et raffin\u00e9 d&rsquo;exposer leurs images. La combinaison de la fonctionnalit\u00e9, de l&rsquo;esth\u00e9tique et de la praticit\u00e9 fait de ce produit un must pour les collectionneurs, les artistes et les passionn\u00e9s de photographie, garantissant un r\u00e9sultat final qui ne manquera pas d&rsquo;impressionner tout visiteur. <\/p>\n<p>Pensez \u00e9galement \u00e0 la version en aluminium noir en cliquant sur ce lien <span style=\"color: #ff0000;\"><br \/>\n  <a style=\"color: #ff0000;\" href=\"https:\/\/www.smartystore.it\/fr\/prodotto\/cadre-mural-noir-a-angle-aigu\/\">LIEN<\/a><br \/>\n<\/span><\/p>\n<h3>Caract\u00e9ristiques<\/h3>\n<ul>\n<li>Cadre d&rsquo;encliquetage mural.<\/li>\n<li>Le coin du direct.<\/li>\n<li>Trous au dos pour une application murale.<\/li>\n<li>Feuille de protection en PVC antireflet.<\/li>\n<li>Profil du cadre : Cadre 25.<\/li>\n<li>Format imprim\u00e9 : A3.<\/li>\n<li>Mat\u00e9riau du cadre : aluminium<\/li>\n<li>Mat\u00e9riau du fond : polistyr\u00e8ne.<\/li>\n<li>Couleur : aluminium anodis\u00e9.<\/li>\n<li>Surface visible : 27,7 x 40 cm.<\/li>\n<li>Dimensions effectives du cadre : 32,8 x 45,1 cm.<\/li>\n<li>Poids du cadre : 0,66 kg.<\/li>\n<li>Fourni avec des vis et des chevilles pour le montage mural.<\/li>\n<li>\n<\/li>\n<\/ul>\n<p><a href=\"https:\/\/www.smartystore.it\/v25\/wp-content\/uploads\/2014\/03\/STR-CRPT11-12-18-14-15-16.pdf\" target=\"_blank\" rel=\"noopener\"><img loading=\"lazy\" decoding=\"async\" class=\"alignnone size-full wp-image-93510\" src=\"https:\/\/www.smartystore.it\/v25\/wp-content\/uploads\/2014\/10\/SchedaTecnica-300-e1750084266903.png\" alt=\"\" width=\"249\" height=\"63\"><\/a><\/p>\n<p>[\/vc_column_text][\/vc_column][\/vc_row]<\/p>\n<\/div>","protected":false},"excerpt":{"rendered":"<p style=\"font-size: 16px;\"><strong>Cadre<\/strong> aluminium <strong>30&#215;42<\/strong> avec format A3 et cadre 25 (angle vif) en vente en ligne sur Smartystore. Le cadre est \u00e9quip\u00e9 de : un <strong>syst\u00e8me click clac<\/strong>, une feuille de <strong>protection anti-reflet<\/strong> pour am\u00e9liorer la visibilit\u00e9 m\u00eame sous la lumi\u00e8re, des trous au dos pour faciliter la fixation murale. Le produit est accompagn\u00e9 d&rsquo;un paquet de chevilles pour la fixation. Les <strong>cadres 30&#215;42<\/strong> sont l\u00e9gers, durables et d&rsquo;excellente qualit\u00e9 pour leur prix.   <\/p>\n","protected":false},"featured_media":90165,"comment_status":"open","ping_status":"closed","template":"","meta":{"_acf_changed":false},"pwb-brand":[],"product_brand":[],"product_cat":[3008,2912],"product_tag":[5425,5326,5330,5329,5000,4996,5334,5332,4993,5415,5001,5028,4998,5333,4995,5287,5426,4999],"class_list":{"0":"post-95870","1":"product","2":"type-product","3":"status-publish","4":"has-post-thumbnail","6":"product_cat-cadres-clic-clac","7":"product_cat-cadres-instantanes","8":"product_tag-30x42-cadres-a-pression-a-angle-vif","9":"product_tag-cadre-a-encliqueter-a3","10":"product_tag-cadre-a-encliqueter-pour-poster-a3","11":"product_tag-cadre-dencliquetage-en-aluminium-a3","12":"product_tag-cadre-dencliquetage-horizontal-et-vertical","13":"product_tag-cadre-mural-encliquetable","14":"product_tag-cadres-a-encliqueter-a3-moins-chers","15":"product_tag-cadres-a3-click-clack","16":"product_tag-cadres-clic-clac","17":"product_tag-cadres-click-clac-aux-aretes-vives","18":"product_tag-cadres-de-messages-encliquetables","19":"product_tag-cadres-de-qualite-a-prix-reduit","20":"product_tag-cadres-muraux-encliquetables","21":"product_tag-cadres-pour-photos-30x42","22":"product_tag-cadres-snap-a-bas-prix","23":"product_tag-cadres-snap-aux-prix-les-plus-bas","24":"product_tag-clic-clac-30x42-cadre","25":"product_tag-des-cadres-a-prix-abordables","26":"pa_c2c_angolo-vif","27":"pa_c2c_color-argent","28":"pa_c2c_dimensione-a3-30x42-vert","29":"pa_c2c_mono_bifacciale-simple-face","30":"pa_c2c_trovraprezzi-oui","32":"first","33":"instock","34":"taxable","35":"shipping-taxable","36":"purchasable","37":"product-type-simple"},"acf":[],"yoast_head":"<!-- This site is optimized with the Yoast SEO plugin v27.4 - https:\/\/yoast.com\/product\/yoast-seo-wordpress\/ -->\n<title>Cadre mural A3 \u00e0 angle vif<\/title>\n<meta name=\"description\" content=\"Cadre mural A3 \u00e0 angle vif (30x42 cm). Achetez des cadres muraux pour les utiliser comme syst\u00e8mes de communication modernes.\" \/>\n<meta name=\"robots\" content=\"index, follow, max-snippet:-1, max-image-preview:large, max-video-preview:-1\" \/>\n<link rel=\"canonical\" href=\"https:\/\/www.smartystore.it\/fr\/prodotto\/cadre-mural-a3-a-angle-vif\/\" \/>\n<meta property=\"og:locale\" content=\"fr_FR\" \/>\n<meta property=\"og:type\" content=\"article\" \/>\n<meta property=\"og:title\" content=\"Cadre mural A3 \u00e0 angle vif\" \/>\n<meta property=\"og:description\" content=\"Cadre mural A3 \u00e0 angle vif (30x42 cm). Achetez des cadres muraux pour les utiliser comme syst\u00e8mes de communication modernes.\" \/>\n<meta property=\"og:url\" content=\"https:\/\/www.smartystore.it\/fr\/prodotto\/cadre-mural-a3-a-angle-vif\/\" \/>\n<meta property=\"og:site_name\" content=\"Smarty Store\" \/>\n<meta property=\"article:modified_time\" content=\"2025-10-14T14:18:43+00:00\" \/>\n<meta property=\"og:image\" content=\"https:\/\/www.smartystore.it\/v25\/wp-content\/uploads\/2014\/03\/Cornice-a-scatto-parete-A3-frame-25-angolo-vivo-1.jpg\" \/>\n\t<meta property=\"og:image:width\" content=\"1000\" \/>\n\t<meta property=\"og:image:height\" content=\"1000\" \/>\n\t<meta property=\"og:image:type\" content=\"image\/jpeg\" \/>\n<meta name=\"twitter:card\" content=\"summary_large_image\" \/>\n<meta name=\"twitter:label1\" content=\"Dur\u00e9e de lecture estim\u00e9e\" \/>\n\t<meta name=\"twitter:data1\" content=\"3 minutes\" \/>\n<script type=\"application\/ld+json\" class=\"yoast-schema-graph\">{\"@context\":\"https:\\\/\\\/schema.org\",\"@graph\":[{\"@type\":\"WebPage\",\"@id\":\"https:\\\/\\\/www.smartystore.it\\\/fr\\\/prodotto\\\/cadre-mural-a3-a-angle-vif\\\/\",\"url\":\"https:\\\/\\\/www.smartystore.it\\\/fr\\\/prodotto\\\/cadre-mural-a3-a-angle-vif\\\/\",\"name\":\"Cadre mural A3 \u00e0 angle vif\",\"isPartOf\":{\"@id\":\"https:\\\/\\\/www.smartystore.it\\\/fr\\\/#website\"},\"primaryImageOfPage\":{\"@id\":\"https:\\\/\\\/www.smartystore.it\\\/fr\\\/prodotto\\\/cadre-mural-a3-a-angle-vif\\\/#primaryimage\"},\"image\":{\"@id\":\"https:\\\/\\\/www.smartystore.it\\\/fr\\\/prodotto\\\/cadre-mural-a3-a-angle-vif\\\/#primaryimage\"},\"thumbnailUrl\":\"https:\\\/\\\/www.smartystore.it\\\/v25\\\/wp-content\\\/uploads\\\/2014\\\/03\\\/Cornice-a-scatto-parete-A3-frame-25-angolo-vivo-1.jpg\",\"datePublished\":\"2014-03-25T13:24:07+00:00\",\"dateModified\":\"2025-10-14T14:18:43+00:00\",\"description\":\"Cadre mural A3 \u00e0 angle vif (30x42 cm). Achetez des cadres muraux pour les utiliser comme syst\u00e8mes de communication modernes.\",\"breadcrumb\":{\"@id\":\"https:\\\/\\\/www.smartystore.it\\\/fr\\\/prodotto\\\/cadre-mural-a3-a-angle-vif\\\/#breadcrumb\"},\"inLanguage\":\"fr-FR\",\"potentialAction\":[{\"@type\":\"ReadAction\",\"target\":[\"https:\\\/\\\/www.smartystore.it\\\/fr\\\/prodotto\\\/cadre-mural-a3-a-angle-vif\\\/\"]}]},{\"@type\":\"ImageObject\",\"inLanguage\":\"fr-FR\",\"@id\":\"https:\\\/\\\/www.smartystore.it\\\/fr\\\/prodotto\\\/cadre-mural-a3-a-angle-vif\\\/#primaryimage\",\"url\":\"https:\\\/\\\/www.smartystore.it\\\/v25\\\/wp-content\\\/uploads\\\/2014\\\/03\\\/Cornice-a-scatto-parete-A3-frame-25-angolo-vivo-1.jpg\",\"contentUrl\":\"https:\\\/\\\/www.smartystore.it\\\/v25\\\/wp-content\\\/uploads\\\/2014\\\/03\\\/Cornice-a-scatto-parete-A3-frame-25-angolo-vivo-1.jpg\",\"width\":1000,\"height\":1000,\"caption\":\"Cadre mural A3 \u00e0 angle vif\"},{\"@type\":\"BreadcrumbList\",\"@id\":\"https:\\\/\\\/www.smartystore.it\\\/fr\\\/prodotto\\\/cadre-mural-a3-a-angle-vif\\\/#breadcrumb\",\"itemListElement\":[{\"@type\":\"ListItem\",\"position\":1,\"name\":\"Home\",\"item\":\"https:\\\/\\\/www.smartystore.it\\\/fr\\\/\"},{\"@type\":\"ListItem\",\"position\":2,\"name\":\"Boutique\",\"item\":\"https:\\\/\\\/www.smartystore.it\\\/fr\\\/boutique\\\/\"},{\"@type\":\"ListItem\",\"position\":3,\"name\":\"Cadre mural A3 \u00e0 angle vif\"}]},{\"@type\":\"WebSite\",\"@id\":\"https:\\\/\\\/www.smartystore.it\\\/fr\\\/#website\",\"url\":\"https:\\\/\\\/www.smartystore.it\\\/fr\\\/\",\"name\":\"Smarty Store\",\"description\":\"Espositori Pubblicitari e Sistemi di Comunicazione Visiva\",\"potentialAction\":[{\"@type\":\"SearchAction\",\"target\":{\"@type\":\"EntryPoint\",\"urlTemplate\":\"https:\\\/\\\/www.smartystore.it\\\/fr\\\/?s={search_term_string}\"},\"query-input\":{\"@type\":\"PropertyValueSpecification\",\"valueRequired\":true,\"valueName\":\"search_term_string\"}}],\"inLanguage\":\"fr-FR\"}]}<\/script>\n<!-- \/ Yoast SEO plugin. -->","yoast_head_json":{"title":"Cadre mural A3 \u00e0 angle vif","description":"Cadre mural A3 \u00e0 angle vif (30x42 cm). Achetez des cadres muraux pour les utiliser comme syst\u00e8mes de communication modernes.","robots":{"index":"index","follow":"follow","max-snippet":"max-snippet:-1","max-image-preview":"max-image-preview:large","max-video-preview":"max-video-preview:-1"},"canonical":"https:\/\/www.smartystore.it\/fr\/prodotto\/cadre-mural-a3-a-angle-vif\/","og_locale":"fr_FR","og_type":"article","og_title":"Cadre mural A3 \u00e0 angle vif","og_description":"Cadre mural A3 \u00e0 angle vif (30x42 cm). Achetez des cadres muraux pour les utiliser comme syst\u00e8mes de communication modernes.","og_url":"https:\/\/www.smartystore.it\/fr\/prodotto\/cadre-mural-a3-a-angle-vif\/","og_site_name":"Smarty Store","article_modified_time":"2025-10-14T14:18:43+00:00","og_image":[{"width":1000,"height":1000,"url":"https:\/\/www.smartystore.it\/v25\/wp-content\/uploads\/2014\/03\/Cornice-a-scatto-parete-A3-frame-25-angolo-vivo-1.jpg","type":"image\/jpeg"}],"twitter_card":"summary_large_image","twitter_misc":{"Dur\u00e9e de lecture estim\u00e9e":"3 minutes"},"schema":{"@context":"https:\/\/schema.org","@graph":[{"@type":"WebPage","@id":"https:\/\/www.smartystore.it\/fr\/prodotto\/cadre-mural-a3-a-angle-vif\/","url":"https:\/\/www.smartystore.it\/fr\/prodotto\/cadre-mural-a3-a-angle-vif\/","name":"Cadre mural A3 \u00e0 angle vif","isPartOf":{"@id":"https:\/\/www.smartystore.it\/fr\/#website"},"primaryImageOfPage":{"@id":"https:\/\/www.smartystore.it\/fr\/prodotto\/cadre-mural-a3-a-angle-vif\/#primaryimage"},"image":{"@id":"https:\/\/www.smartystore.it\/fr\/prodotto\/cadre-mural-a3-a-angle-vif\/#primaryimage"},"thumbnailUrl":"https:\/\/www.smartystore.it\/v25\/wp-content\/uploads\/2014\/03\/Cornice-a-scatto-parete-A3-frame-25-angolo-vivo-1.jpg","datePublished":"2014-03-25T13:24:07+00:00","dateModified":"2025-10-14T14:18:43+00:00","description":"Cadre mural A3 \u00e0 angle vif (30x42 cm). Achetez des cadres muraux pour les utiliser comme syst\u00e8mes de communication modernes.","breadcrumb":{"@id":"https:\/\/www.smartystore.it\/fr\/prodotto\/cadre-mural-a3-a-angle-vif\/#breadcrumb"},"inLanguage":"fr-FR","potentialAction":[{"@type":"ReadAction","target":["https:\/\/www.smartystore.it\/fr\/prodotto\/cadre-mural-a3-a-angle-vif\/"]}]},{"@type":"ImageObject","inLanguage":"fr-FR","@id":"https:\/\/www.smartystore.it\/fr\/prodotto\/cadre-mural-a3-a-angle-vif\/#primaryimage","url":"https:\/\/www.smartystore.it\/v25\/wp-content\/uploads\/2014\/03\/Cornice-a-scatto-parete-A3-frame-25-angolo-vivo-1.jpg","contentUrl":"https:\/\/www.smartystore.it\/v25\/wp-content\/uploads\/2014\/03\/Cornice-a-scatto-parete-A3-frame-25-angolo-vivo-1.jpg","width":1000,"height":1000,"caption":"Cadre mural A3 \u00e0 angle vif"},{"@type":"BreadcrumbList","@id":"https:\/\/www.smartystore.it\/fr\/prodotto\/cadre-mural-a3-a-angle-vif\/#breadcrumb","itemListElement":[{"@type":"ListItem","position":1,"name":"Home","item":"https:\/\/www.smartystore.it\/fr\/"},{"@type":"ListItem","position":2,"name":"Boutique","item":"https:\/\/www.smartystore.it\/fr\/boutique\/"},{"@type":"ListItem","position":3,"name":"Cadre mural A3 \u00e0 angle vif"}]},{"@type":"WebSite","@id":"https:\/\/www.smartystore.it\/fr\/#website","url":"https:\/\/www.smartystore.it\/fr\/","name":"Smarty Store","description":"Espositori Pubblicitari e Sistemi di Comunicazione Visiva","potentialAction":[{"@type":"SearchAction","target":{"@type":"EntryPoint","urlTemplate":"https:\/\/www.smartystore.it\/fr\/?s={search_term_string}"},"query-input":{"@type":"PropertyValueSpecification","valueRequired":true,"valueName":"search_term_string"}}],"inLanguage":"fr-FR"}]}},"brands":[],"_links":{"self":[{"href":"https:\/\/www.smartystore.it\/fr\/wp-json\/wp\/v2\/product\/95870","targetHints":{"allow":["GET"]}}],"collection":[{"href":"https:\/\/www.smartystore.it\/fr\/wp-json\/wp\/v2\/product"}],"about":[{"href":"https:\/\/www.smartystore.it\/fr\/wp-json\/wp\/v2\/types\/product"}],"replies":[{"embeddable":true,"href":"https:\/\/www.smartystore.it\/fr\/wp-json\/wp\/v2\/comments?post=95870"}],"wp:featuredmedia":[{"embeddable":true,"href":"https:\/\/www.smartystore.it\/fr\/wp-json\/wp\/v2\/media\/90165"}],"wp:attachment":[{"href":"https:\/\/www.smartystore.it\/fr\/wp-json\/wp\/v2\/media?parent=95870"}],"wp:term":[{"taxonomy":"pwb-brand","embeddable":true,"href":"https:\/\/www.smartystore.it\/fr\/wp-json\/wp\/v2\/pwb-brand?post=95870"},{"taxonomy":"product_brand","embeddable":true,"href":"https:\/\/www.smartystore.it\/fr\/wp-json\/wp\/v2\/product_brand?post=95870"},{"taxonomy":"product_cat","embeddable":true,"href":"https:\/\/www.smartystore.it\/fr\/wp-json\/wp\/v2\/product_cat?post=95870"},{"taxonomy":"product_tag","embeddable":true,"href":"https:\/\/www.smartystore.it\/fr\/wp-json\/wp\/v2\/product_tag?post=95870"}],"curies":[{"name":"wp","href":"https:\/\/api.w.org\/{rel}","templated":true}]}}