{"id":95869,"date":"2014-03-25T15:40:26","date_gmt":"2014-03-25T13:40:26","guid":{"rendered":"https:\/\/www.smartystore.it\/prodotto\/cadre-a-encliqueter-50x70-angle-vif\/"},"modified":"2025-10-14T14:53:56","modified_gmt":"2025-10-14T12:53:56","slug":"cadre-a-encliqueter-50x70-angle-vif","status":"publish","type":"product","link":"https:\/\/www.smartystore.it\/fr\/prodotto\/cadre-a-encliqueter-50x70-angle-vif\/","title":{"rendered":"Cadre \u00e0 encliqueter 50&#215;70 angle vif"},"content":{"rendered":"<div class=\"wpb-content-wrapper\"><p>[vc_row][vc_column][vc_column_text css=\u00a0\u00bb\u00a0\u00bb css_params=\u00a0\u00bb\u00a0\u00bb]<\/p>\n<h1>Cadre Snap 50&#215;70 Live Angle : El\u00e9gance et fonctionnalit\u00e9<\/h1>\n<p>Le cadre 50&#215;70 \u00e0 ar\u00eates vives est une solution id\u00e9ale pour ceux qui souhaitent exposer leurs images de mani\u00e8re \u00e9l\u00e9gante et pratique. Avec une largeur de bordure de 25 mm, ce cadre offre un \u00e9quilibre parfait entre robustesse et l\u00e9g\u00e8ret\u00e9, ce qui le rend adapt\u00e9 \u00e0 diff\u00e9rents contextes, de la maison au bureau. <\/p>\n<p>L&rsquo;angle vif donne un aspect moderne et raffin\u00e9, mettant en valeur les \u0153uvres d&rsquo;art ou les photographies sans compromettre leur impact visuel. Ce type de cadre est particuli\u00e8rement appr\u00e9ci\u00e9 pour sa capacit\u00e9 \u00e0 s&rsquo;int\u00e9grer harmonieusement dans n&rsquo;importe quel environnement, tout en gardant le souci du d\u00e9tail. <\/p>\n<h2>Cadre de protection 50&#215;70 \u00e0 angle aigu : Protection et qualit\u00e9<\/h2>\n<p>L&rsquo;\u00e9l\u00e9ment distinctif de ce cadre est le film PVC transparent antireflet, qui garantit une protection optimale des images affich\u00e9es. Ce mat\u00e9riau sp\u00e9cial pr\u00e9serve non seulement la qualit\u00e9 visuelle du contenu, mais r\u00e9duit \u00e9galement les reflets ind\u00e9sirables, permettant une vue claire et d\u00e9gag\u00e9e. Gr\u00e2ce \u00e0 ces caract\u00e9ristiques, le cadre est parfait pour les expositions, les \u00e9v\u00e9nements ou simplement pour la d\u00e9coration murale de la maison.  <\/p>\n<p>De plus, le cadre encliquetable est fourni avec des vis et des chevilles, ce qui rend l&rsquo;installation simple et directe. Vous n&rsquo;avez pas besoin d&rsquo;\u00eatre un expert en bricolage ; en suivant les instructions fournies, n&rsquo;importe qui peut accrocher son cadre en toute s\u00e9curit\u00e9 et avec pr\u00e9cision. <\/p>\n<p>En conclusion, le cadre 50&#215;70 \u00e0 angle vif, feuille de PVC antireflet et kit de fixation est un excellent choix pour ceux qui souhaitent embellir les espaces avec \u00e9l\u00e9gance et fonctionnalit\u00e9. Choisir ce cadre, c&rsquo;est opter pour un produit de qualit\u00e9, capable de mettre en valeur chaque image avec simplicit\u00e9 et style. <\/p>\n<p>Vous recherchez une version plus robuste ? Pensez au mod\u00e8le Frame 32 que vous trouverez \u00e0 ce <span style=\"color: #ff0000;\"><br \/>\n  <a style=\"color: #ff0000;\" href=\"https:\/\/www.smartystore.it\/fr\/prodotto\/cadre-a-encliqueter-50-x-70-frame-32-coin-rond\/\">LIEN<\/a><br \/>\n<\/span> <\/p>\n<h3>Caract\u00e9ristiques<\/h3>\n<ol>\n<li>Cadre d&rsquo;encliquetage mural.<\/li>\n<li>Le coin du direct.<\/li>\n<li>Trous au dos pour une application murale.<\/li>\n<li>Feuille de protection en PVC antireflet.<\/li>\n<li>Profil du cadre : Cadre 25 (largeur du profil mm. 25).<\/li>\n<li>Dimensions imprim\u00e9es : 50&#215;70 cm.<\/li>\n<li>Mat\u00e9riau du cadre : aluminium<\/li>\n<li>Mat\u00e9riau du fond : polistyr\u00e8ne.<\/li>\n<li>Couleur : aluminium anodis\u00e9.<\/li>\n<li>Zone visible : 48 x 68 cm.<\/li>\n<li>Dimensions effectives du cadre : 53,1 x 73,1 cm.<\/li>\n<li>Poids du cadre : 1,33 kg.<\/li>\n<\/ol>\n<p>Fourni avec des vis et des chevilles pour le montage mural.<\/p>\n<p>&nbsp;<\/p>\n<p><a href=\"https:\/\/www.smartystore.it\/v25\/wp-content\/uploads\/2014\/03\/STR-CRPT11-12-18-14-15-16.pdf\" target=\"_blank\" rel=\"noopener\"><img loading=\"lazy\" decoding=\"async\" class=\"alignnone size-full wp-image-93510\" src=\"https:\/\/www.smartystore.it\/v25\/wp-content\/uploads\/2014\/10\/SchedaTecnica-300-e1750084266903.png\" alt=\"\" width=\"249\" height=\"63\"><\/a><\/p>\n<p>&nbsp;[\/vc_column_text][\/vc_column][\/vc_row]<\/p>\n<\/div>","protected":false},"excerpt":{"rendered":"<p>Cadre mural en aluminium encliquetable avec angles vifs pour affiches de 50&#215;70 cm. PVC transparent anti-reflet pour prot\u00e9ger l&rsquo;imprim\u00e9 <\/p>\n","protected":false},"featured_media":90163,"comment_status":"open","ping_status":"closed","template":"","meta":{"_acf_changed":false},"pwb-brand":[],"product_brand":[],"product_cat":[3008,2912],"product_tag":[5279,5283,5282,5000,5281,4996,5286,5420,4993,5415,5284,5001,5028,4998,5285,4995,5287,4999],"class_list":{"0":"post-95869","1":"product","2":"type-product","3":"status-publish","4":"has-post-thumbnail","6":"product_cat-cadres-clic-clac","7":"product_cat-cadres-instantanes","8":"product_tag-cadre-a-encliqueter-50x70","9":"product_tag-cadre-click-clac-50x70","10":"product_tag-cadre-daffichage-50x70","11":"product_tag-cadre-dencliquetage-horizontal-et-vertical","12":"product_tag-cadre-en-aluminium-50x70","13":"product_tag-cadre-mural-encliquetable","14":"product_tag-cadres-a-clipser-50x70-les-moins-chers","15":"product_tag-cadres-a-pression-50x70-a-angle-vif","16":"product_tag-cadres-clic-clac","17":"product_tag-cadres-click-clac-aux-aretes-vives","18":"product_tag-cadres-click-clack-50x70","19":"product_tag-cadres-de-messages-encliquetables","20":"product_tag-cadres-de-qualite-a-prix-reduit","21":"product_tag-cadres-muraux-encliquetables","22":"product_tag-cadres-photo-encliquetables-50x70","23":"product_tag-cadres-snap-a-bas-prix","24":"product_tag-cadres-snap-aux-prix-les-plus-bas","25":"product_tag-des-cadres-a-prix-abordables","26":"pa_c2c_angolo-vif","27":"pa_c2c_color-argent","28":"pa_c2c_dimensione-50x70","29":"pa_c2c_mono_bifacciale-simple-face","30":"pa_c2c_trovraprezzi-oui","32":"first","33":"instock","34":"taxable","35":"shipping-taxable","36":"purchasable","37":"product-type-simple"},"acf":[],"yoast_head":"<!-- This site is optimized with the Yoast SEO plugin v27.4 - https:\/\/yoast.com\/product\/yoast-seo-wordpress\/ -->\n<title>Cadre \u00e0 encliqueter 50x70 angle vif<\/title>\n<meta name=\"description\" content=\"Cadre mural en aluminium 50x70 \u00e0 angle vif. Achetez des cadres muraux destin\u00e9s \u00e0 \u00eatre utilis\u00e9s comme syst\u00e8mes de communication modernes.\" \/>\n<meta name=\"robots\" content=\"index, follow, max-snippet:-1, max-image-preview:large, max-video-preview:-1\" \/>\n<link rel=\"canonical\" href=\"https:\/\/www.smartystore.it\/fr\/prodotto\/cadre-a-encliqueter-50x70-angle-vif\/\" \/>\n<meta property=\"og:locale\" content=\"fr_FR\" \/>\n<meta property=\"og:type\" content=\"article\" \/>\n<meta property=\"og:title\" content=\"Cadre \u00e0 encliqueter 50x70 angle vif\" \/>\n<meta property=\"og:description\" content=\"Cadre mural en aluminium 50x70 \u00e0 angle vif. Achetez des cadres muraux destin\u00e9s \u00e0 \u00eatre utilis\u00e9s comme syst\u00e8mes de communication modernes.\" \/>\n<meta property=\"og:url\" content=\"https:\/\/www.smartystore.it\/fr\/prodotto\/cadre-a-encliqueter-50x70-angle-vif\/\" \/>\n<meta property=\"og:site_name\" content=\"Smarty Store\" \/>\n<meta property=\"article:modified_time\" content=\"2025-10-14T12:53:56+00:00\" \/>\n<meta property=\"og:image\" content=\"https:\/\/www.smartystore.it\/v25\/wp-content\/uploads\/2014\/03\/Cornice-a-scatto-parete-50x70-frame-25-angolo-vivo-1.jpg\" \/>\n\t<meta property=\"og:image:width\" content=\"1000\" \/>\n\t<meta property=\"og:image:height\" content=\"1000\" \/>\n\t<meta property=\"og:image:type\" content=\"image\/jpeg\" \/>\n<meta name=\"twitter:card\" content=\"summary_large_image\" \/>\n<meta name=\"twitter:label1\" content=\"Dur\u00e9e de lecture estim\u00e9e\" \/>\n\t<meta name=\"twitter:data1\" content=\"3 minutes\" \/>\n<script type=\"application\/ld+json\" class=\"yoast-schema-graph\">{\"@context\":\"https:\\\/\\\/schema.org\",\"@graph\":[{\"@type\":\"WebPage\",\"@id\":\"https:\\\/\\\/www.smartystore.it\\\/fr\\\/prodotto\\\/cadre-a-encliqueter-50x70-angle-vif\\\/\",\"url\":\"https:\\\/\\\/www.smartystore.it\\\/fr\\\/prodotto\\\/cadre-a-encliqueter-50x70-angle-vif\\\/\",\"name\":\"Cadre \u00e0 encliqueter 50x70 angle vif\",\"isPartOf\":{\"@id\":\"https:\\\/\\\/www.smartystore.it\\\/fr\\\/#website\"},\"primaryImageOfPage\":{\"@id\":\"https:\\\/\\\/www.smartystore.it\\\/fr\\\/prodotto\\\/cadre-a-encliqueter-50x70-angle-vif\\\/#primaryimage\"},\"image\":{\"@id\":\"https:\\\/\\\/www.smartystore.it\\\/fr\\\/prodotto\\\/cadre-a-encliqueter-50x70-angle-vif\\\/#primaryimage\"},\"thumbnailUrl\":\"https:\\\/\\\/www.smartystore.it\\\/v25\\\/wp-content\\\/uploads\\\/2014\\\/03\\\/Cornice-a-scatto-parete-50x70-frame-25-angolo-vivo-1.jpg\",\"datePublished\":\"2014-03-25T13:40:26+00:00\",\"dateModified\":\"2025-10-14T12:53:56+00:00\",\"description\":\"Cadre mural en aluminium 50x70 \u00e0 angle vif. Achetez des cadres muraux destin\u00e9s \u00e0 \u00eatre utilis\u00e9s comme syst\u00e8mes de communication modernes.\",\"breadcrumb\":{\"@id\":\"https:\\\/\\\/www.smartystore.it\\\/fr\\\/prodotto\\\/cadre-a-encliqueter-50x70-angle-vif\\\/#breadcrumb\"},\"inLanguage\":\"fr-FR\",\"potentialAction\":[{\"@type\":\"ReadAction\",\"target\":[\"https:\\\/\\\/www.smartystore.it\\\/fr\\\/prodotto\\\/cadre-a-encliqueter-50x70-angle-vif\\\/\"]}]},{\"@type\":\"ImageObject\",\"inLanguage\":\"fr-FR\",\"@id\":\"https:\\\/\\\/www.smartystore.it\\\/fr\\\/prodotto\\\/cadre-a-encliqueter-50x70-angle-vif\\\/#primaryimage\",\"url\":\"https:\\\/\\\/www.smartystore.it\\\/v25\\\/wp-content\\\/uploads\\\/2014\\\/03\\\/Cornice-a-scatto-parete-50x70-frame-25-angolo-vivo-1.jpg\",\"contentUrl\":\"https:\\\/\\\/www.smartystore.it\\\/v25\\\/wp-content\\\/uploads\\\/2014\\\/03\\\/Cornice-a-scatto-parete-50x70-frame-25-angolo-vivo-1.jpg\",\"width\":1000,\"height\":1000,\"caption\":\"Cadre \u00e0 encliqueter 50x70 angle vif\"},{\"@type\":\"BreadcrumbList\",\"@id\":\"https:\\\/\\\/www.smartystore.it\\\/fr\\\/prodotto\\\/cadre-a-encliqueter-50x70-angle-vif\\\/#breadcrumb\",\"itemListElement\":[{\"@type\":\"ListItem\",\"position\":1,\"name\":\"Home\",\"item\":\"https:\\\/\\\/www.smartystore.it\\\/fr\\\/\"},{\"@type\":\"ListItem\",\"position\":2,\"name\":\"Boutique\",\"item\":\"https:\\\/\\\/www.smartystore.it\\\/fr\\\/boutique\\\/\"},{\"@type\":\"ListItem\",\"position\":3,\"name\":\"Cadre \u00e0 encliqueter 50&#215;70 angle vif\"}]},{\"@type\":\"WebSite\",\"@id\":\"https:\\\/\\\/www.smartystore.it\\\/fr\\\/#website\",\"url\":\"https:\\\/\\\/www.smartystore.it\\\/fr\\\/\",\"name\":\"Smarty Store\",\"description\":\"Espositori Pubblicitari e Sistemi di Comunicazione Visiva\",\"potentialAction\":[{\"@type\":\"SearchAction\",\"target\":{\"@type\":\"EntryPoint\",\"urlTemplate\":\"https:\\\/\\\/www.smartystore.it\\\/fr\\\/?s={search_term_string}\"},\"query-input\":{\"@type\":\"PropertyValueSpecification\",\"valueRequired\":true,\"valueName\":\"search_term_string\"}}],\"inLanguage\":\"fr-FR\"}]}<\/script>\n<!-- \/ Yoast SEO plugin. -->","yoast_head_json":{"title":"Cadre \u00e0 encliqueter 50x70 angle vif","description":"Cadre mural en aluminium 50x70 \u00e0 angle vif. Achetez des cadres muraux destin\u00e9s \u00e0 \u00eatre utilis\u00e9s comme syst\u00e8mes de communication modernes.","robots":{"index":"index","follow":"follow","max-snippet":"max-snippet:-1","max-image-preview":"max-image-preview:large","max-video-preview":"max-video-preview:-1"},"canonical":"https:\/\/www.smartystore.it\/fr\/prodotto\/cadre-a-encliqueter-50x70-angle-vif\/","og_locale":"fr_FR","og_type":"article","og_title":"Cadre \u00e0 encliqueter 50x70 angle vif","og_description":"Cadre mural en aluminium 50x70 \u00e0 angle vif. Achetez des cadres muraux destin\u00e9s \u00e0 \u00eatre utilis\u00e9s comme syst\u00e8mes de communication modernes.","og_url":"https:\/\/www.smartystore.it\/fr\/prodotto\/cadre-a-encliqueter-50x70-angle-vif\/","og_site_name":"Smarty Store","article_modified_time":"2025-10-14T12:53:56+00:00","og_image":[{"width":1000,"height":1000,"url":"https:\/\/www.smartystore.it\/v25\/wp-content\/uploads\/2014\/03\/Cornice-a-scatto-parete-50x70-frame-25-angolo-vivo-1.jpg","type":"image\/jpeg"}],"twitter_card":"summary_large_image","twitter_misc":{"Dur\u00e9e de lecture estim\u00e9e":"3 minutes"},"schema":{"@context":"https:\/\/schema.org","@graph":[{"@type":"WebPage","@id":"https:\/\/www.smartystore.it\/fr\/prodotto\/cadre-a-encliqueter-50x70-angle-vif\/","url":"https:\/\/www.smartystore.it\/fr\/prodotto\/cadre-a-encliqueter-50x70-angle-vif\/","name":"Cadre \u00e0 encliqueter 50x70 angle vif","isPartOf":{"@id":"https:\/\/www.smartystore.it\/fr\/#website"},"primaryImageOfPage":{"@id":"https:\/\/www.smartystore.it\/fr\/prodotto\/cadre-a-encliqueter-50x70-angle-vif\/#primaryimage"},"image":{"@id":"https:\/\/www.smartystore.it\/fr\/prodotto\/cadre-a-encliqueter-50x70-angle-vif\/#primaryimage"},"thumbnailUrl":"https:\/\/www.smartystore.it\/v25\/wp-content\/uploads\/2014\/03\/Cornice-a-scatto-parete-50x70-frame-25-angolo-vivo-1.jpg","datePublished":"2014-03-25T13:40:26+00:00","dateModified":"2025-10-14T12:53:56+00:00","description":"Cadre mural en aluminium 50x70 \u00e0 angle vif. Achetez des cadres muraux destin\u00e9s \u00e0 \u00eatre utilis\u00e9s comme syst\u00e8mes de communication modernes.","breadcrumb":{"@id":"https:\/\/www.smartystore.it\/fr\/prodotto\/cadre-a-encliqueter-50x70-angle-vif\/#breadcrumb"},"inLanguage":"fr-FR","potentialAction":[{"@type":"ReadAction","target":["https:\/\/www.smartystore.it\/fr\/prodotto\/cadre-a-encliqueter-50x70-angle-vif\/"]}]},{"@type":"ImageObject","inLanguage":"fr-FR","@id":"https:\/\/www.smartystore.it\/fr\/prodotto\/cadre-a-encliqueter-50x70-angle-vif\/#primaryimage","url":"https:\/\/www.smartystore.it\/v25\/wp-content\/uploads\/2014\/03\/Cornice-a-scatto-parete-50x70-frame-25-angolo-vivo-1.jpg","contentUrl":"https:\/\/www.smartystore.it\/v25\/wp-content\/uploads\/2014\/03\/Cornice-a-scatto-parete-50x70-frame-25-angolo-vivo-1.jpg","width":1000,"height":1000,"caption":"Cadre \u00e0 encliqueter 50x70 angle vif"},{"@type":"BreadcrumbList","@id":"https:\/\/www.smartystore.it\/fr\/prodotto\/cadre-a-encliqueter-50x70-angle-vif\/#breadcrumb","itemListElement":[{"@type":"ListItem","position":1,"name":"Home","item":"https:\/\/www.smartystore.it\/fr\/"},{"@type":"ListItem","position":2,"name":"Boutique","item":"https:\/\/www.smartystore.it\/fr\/boutique\/"},{"@type":"ListItem","position":3,"name":"Cadre \u00e0 encliqueter 50&#215;70 angle vif"}]},{"@type":"WebSite","@id":"https:\/\/www.smartystore.it\/fr\/#website","url":"https:\/\/www.smartystore.it\/fr\/","name":"Smarty Store","description":"Espositori Pubblicitari e Sistemi di Comunicazione Visiva","potentialAction":[{"@type":"SearchAction","target":{"@type":"EntryPoint","urlTemplate":"https:\/\/www.smartystore.it\/fr\/?s={search_term_string}"},"query-input":{"@type":"PropertyValueSpecification","valueRequired":true,"valueName":"search_term_string"}}],"inLanguage":"fr-FR"}]}},"brands":[],"_links":{"self":[{"href":"https:\/\/www.smartystore.it\/fr\/wp-json\/wp\/v2\/product\/95869","targetHints":{"allow":["GET"]}}],"collection":[{"href":"https:\/\/www.smartystore.it\/fr\/wp-json\/wp\/v2\/product"}],"about":[{"href":"https:\/\/www.smartystore.it\/fr\/wp-json\/wp\/v2\/types\/product"}],"replies":[{"embeddable":true,"href":"https:\/\/www.smartystore.it\/fr\/wp-json\/wp\/v2\/comments?post=95869"}],"wp:featuredmedia":[{"embeddable":true,"href":"https:\/\/www.smartystore.it\/fr\/wp-json\/wp\/v2\/media\/90163"}],"wp:attachment":[{"href":"https:\/\/www.smartystore.it\/fr\/wp-json\/wp\/v2\/media?parent=95869"}],"wp:term":[{"taxonomy":"pwb-brand","embeddable":true,"href":"https:\/\/www.smartystore.it\/fr\/wp-json\/wp\/v2\/pwb-brand?post=95869"},{"taxonomy":"product_brand","embeddable":true,"href":"https:\/\/www.smartystore.it\/fr\/wp-json\/wp\/v2\/product_brand?post=95869"},{"taxonomy":"product_cat","embeddable":true,"href":"https:\/\/www.smartystore.it\/fr\/wp-json\/wp\/v2\/product_cat?post=95869"},{"taxonomy":"product_tag","embeddable":true,"href":"https:\/\/www.smartystore.it\/fr\/wp-json\/wp\/v2\/product_tag?post=95869"}],"curies":[{"name":"wp","href":"https:\/\/api.w.org\/{rel}","templated":true}]}}