{"id":95868,"date":"2014-07-22T14:53:18","date_gmt":"2014-07-22T12:53:18","guid":{"rendered":"https:\/\/www.smartystore.it\/prodotto\/cadre-dencliquetage-mural-a1-angle-vif\/"},"modified":"2025-10-14T14:23:21","modified_gmt":"2025-10-14T12:23:21","slug":"cadre-dencliquetage-mural-a1-angle-vif","status":"publish","type":"product","link":"https:\/\/www.smartystore.it\/fr\/prodotto\/cadre-dencliquetage-mural-a1-angle-vif\/","title":{"rendered":"Cadre d&rsquo;encliquetage mural A1 angle vif"},"content":{"rendered":"<div class=\"wpb-content-wrapper\"><p>[vc_row][vc_column][vc_column_text css=\u00a0\u00bb\u00a0\u00bb css_params=\u00a0\u00bb\u00a0\u00bb]<\/p>\n<h1>Cadre photo mural A1 Vivo Corner<\/h1>\n<p>Le cadre \u00e0 clipser mural A1 repr\u00e9sente une solution innovante et pratique pour afficher des messages, des posters et des communications visuelles dans les espaces publics et priv\u00e9s. Ce produit se distingue par sa polyvalence, ce qui le rend id\u00e9al pour une large gamme d&rsquo;environnements, y compris les bureaux, les magasins, les laboratoires m\u00e9dicaux, les administrations publiques et les mus\u00e9es. Le cadre, con\u00e7u pour s&rsquo;adapter parfaitement aux angles aigus des pi\u00e8ces, assure une int\u00e9gration esth\u00e9tique et fonctionnelle optimale.  <\/p>\n<p>Fabriqu\u00e9 en aluminium de haute qualit\u00e9, le cadre pr\u00e9sente un profil \u00e9l\u00e9gant avec une dimension Frame 25, qui assure robustesse et durabilit\u00e9 sans compromettre le design. La couleur anodis\u00e9e de l&rsquo;aluminium offre non seulement un aspect moderne, mais garantit \u00e9galement une r\u00e9sistance \u00e0 la corrosion et \u00e0 l&rsquo;usure au fil du temps. Avec des dimensions effectives de 62,5 x 87,2 cm, le cadre peut accueillir des feuilles imprim\u00e9es au format A1, offrant une surface visible de 57,4 x 82,1 cm, parfaite pour capter l&rsquo;attention du public.  <\/p>\n<p>L&rsquo;une des caract\u00e9ristiques de ce cadre est le film protecteur antireflet, qui garantit une visibilit\u00e9 optimale du contenu affich\u00e9, m\u00eame dans des conditions d&rsquo;\u00e9clairage difficiles. Ce cadre est donc particuli\u00e8rement adapt\u00e9 aux environnements lumineux ou aux vitrines, o\u00f9 la clart\u00e9 et la lisibilit\u00e9 du message sont cruciales. <\/p>\n<h2>Cadre \u00e0 encliqueter A1 pour montage mural viv corner : installation facile<\/h2>\n<p>Pour faciliter l&rsquo;installation, le cadre est dot\u00e9 de trous \u00e0 l&rsquo;arri\u00e8re, ce qui permet une fixation murale facile et s\u00fbre. L&#8217;emballage comprend \u00e9galement des vis et des chevilles, ce qui rend l&rsquo;ensemble du processus d&rsquo;installation intuitif et rapide. Pesant seulement 1,67 kg, le cadre est \u00e0 la fois l\u00e9ger et robuste, ce qui facilite sa manipulation et son montage.  <\/p>\n<p>En r\u00e9sum\u00e9, le cadre \u00e0 clipser mural A1 est la solution id\u00e9ale pour ceux qui souhaitent afficher des informations et du mat\u00e9riel promotionnel de mani\u00e8re professionnelle et \u00e9l\u00e9gante. La qualit\u00e9 des mat\u00e9riaux utilis\u00e9s, combin\u00e9e \u00e0 une installation pratique et \u00e0 une esth\u00e9tique moderne, fait de ce produit un must pour tout environnement de travail ou d&rsquo;exposition. Assurant une pr\u00e9sentation efficace de l&rsquo;information, il vous permet de communiquer clairement et directement avec votre public.  <\/p>\n<p style=\"text-align: center;\">Voyez la gamme de cadres \u00e0 clipser sur ce <strong><br \/>\n  <a href=\"https:\/\/www.smartystore.it\/fr\/categoria-prodotto\/cadres-instantanes\/cadres-clic-clac\/\">LIEN<\/a><br \/>\n<\/strong><\/p>\n<h3>Caract\u00e9ristiques<\/h3>\n<ol>\n<li>Cadre d&rsquo;encliquetage mural.<\/li>\n<li>Le coin du direct.<\/li>\n<li>Trous au dos pour une application murale.<\/li>\n<li>Feuille de protection en PVC antireflet.<\/li>\n<li>Profil du cadre : Cadre 25 (largeur des bords mm. 25).<\/li>\n<li>Format imprim\u00e9 : A1 (mm. 594 x841).<\/li>\n<li>Mat\u00e9riau du cadre : aluminium<\/li>\n<li>Mat\u00e9riau du fond : polistyr\u00e8ne.<\/li>\n<li>Couleur : aluminium anodis\u00e9.<\/li>\n<li>Surface visible : 57,4 x 82,1 cm.<\/li>\n<li>Dimensions effectives du cadre : 62,5 x 87,2 cm.<\/li>\n<li>Poids du cadre : 1,67 kg.<\/li>\n<\/ol>\n<p>Fourni avec des vis et des chevilles pour le montage mural.<\/p>\n<p>&nbsp;<\/p>\n<p><a href=\"https:\/\/www.smartystore.it\/v25\/wp-content\/uploads\/2014\/03\/STR-CRPT11-12-18-14-15-16.pdf\" target=\"_blank\" rel=\"noopener\"><img loading=\"lazy\" decoding=\"async\" class=\"alignnone size-full wp-image-93510\" src=\"https:\/\/www.smartystore.it\/v25\/wp-content\/uploads\/2014\/10\/SchedaTecnica-300-e1750084266903.png\" alt=\"\" width=\"249\" height=\"63\"><\/a><\/p>\n<p>&nbsp;[\/vc_column_text][\/vc_column][\/vc_row]<\/p>\n<\/div>","protected":false},"excerpt":{"rendered":"<p>Cadre mural encliquetable avec angles vifs pour impressions au format A1 &#8211; mm. 594&#215;841 .<\/p>\n","protected":false},"featured_media":95867,"comment_status":"open","ping_status":"closed","template":"","meta":{"_acf_changed":false},"pwb-brand":[],"product_brand":[],"product_cat":[3008,2912],"product_tag":[5409,5412,5411,5000,4996,5410,5417,4993,5415,5001,5028,4998,5416,4995,5287,5414,5413,4999],"class_list":{"0":"post-95868","1":"product","2":"type-product","3":"status-publish","4":"has-post-thumbnail","6":"product_cat-cadres-clic-clac","7":"product_cat-cadres-instantanes","8":"product_tag-cadre-a-encliqueter-a1","9":"product_tag-cadre-daffichage-a1","10":"product_tag-cadre-dencliquetage-en-aluminium-a1","11":"product_tag-cadre-dencliquetage-horizontal-et-vertical","12":"product_tag-cadre-mural-encliquetable","13":"product_tag-cadres-a-angle-droit-594x841","14":"product_tag-cadres-a-encliqueter-a1-moins-chers","15":"product_tag-cadres-clic-clac","16":"product_tag-cadres-click-clac-aux-aretes-vives","17":"product_tag-cadres-de-messages-encliquetables","18":"product_tag-cadres-de-qualite-a-prix-reduit","19":"product_tag-cadres-muraux-encliquetables","20":"product_tag-cadres-photo-encliquetables-594x841","21":"product_tag-cadres-snap-a-bas-prix","22":"product_tag-cadres-snap-aux-prix-les-plus-bas","23":"product_tag-click-clack-a1-frames","24":"product_tag-cliquez-sur-le-cadre-594x841","25":"product_tag-des-cadres-a-prix-abordables","26":"pa_c2c_angolo-vif","27":"pa_c2c_color-argent","28":"pa_c2c_dimensione-a1-60x84","29":"pa_c2c_mono_bifacciale-simple-face","30":"pa_c2c_trovraprezzi-oui","32":"first","33":"instock","34":"taxable","35":"shipping-taxable","36":"purchasable","37":"product-type-simple"},"acf":[],"yoast_head":"<!-- This site is optimized with the Yoast SEO plugin v27.4 - https:\/\/yoast.com\/product\/yoast-seo-wordpress\/ -->\n<title>Cadre d&#039;encliquetage mural A1 angle vif<\/title>\n<meta name=\"description\" content=\"Cadre mural en aluminium \u00e0 clipser A1 60x84cm Angle Vivo. Achetez des cadres muraux pour les utiliser comme syst\u00e8mes de communication modernes.\" \/>\n<meta name=\"robots\" content=\"index, follow, max-snippet:-1, max-image-preview:large, max-video-preview:-1\" \/>\n<link rel=\"canonical\" href=\"https:\/\/www.smartystore.it\/fr\/prodotto\/cadre-dencliquetage-mural-a1-angle-vif\/\" \/>\n<meta property=\"og:locale\" content=\"fr_FR\" \/>\n<meta property=\"og:type\" content=\"article\" \/>\n<meta property=\"og:title\" content=\"Cadre d&#039;encliquetage mural A1 angle vif\" \/>\n<meta property=\"og:description\" content=\"Cadre mural en aluminium \u00e0 clipser A1 60x84cm Angle Vivo. Achetez des cadres muraux pour les utiliser comme syst\u00e8mes de communication modernes.\" \/>\n<meta property=\"og:url\" content=\"https:\/\/www.smartystore.it\/fr\/prodotto\/cadre-dencliquetage-mural-a1-angle-vif\/\" \/>\n<meta property=\"og:site_name\" content=\"Smarty Store\" \/>\n<meta property=\"article:modified_time\" content=\"2025-10-14T12:23:21+00:00\" \/>\n<meta property=\"og:image\" content=\"https:\/\/www.smartystore.it\/v25\/wp-content\/uploads\/2014\/07\/Cornice-a-scatto-parete-A1-frame-25-angolo-vivo-1.jpg\" \/>\n\t<meta property=\"og:image:width\" content=\"1000\" \/>\n\t<meta property=\"og:image:height\" content=\"1000\" \/>\n\t<meta property=\"og:image:type\" content=\"image\/jpeg\" \/>\n<meta name=\"twitter:card\" content=\"summary_large_image\" \/>\n<meta name=\"twitter:label1\" content=\"Dur\u00e9e de lecture estim\u00e9e\" \/>\n\t<meta name=\"twitter:data1\" content=\"3 minutes\" \/>\n<script type=\"application\/ld+json\" class=\"yoast-schema-graph\">{\"@context\":\"https:\\\/\\\/schema.org\",\"@graph\":[{\"@type\":\"WebPage\",\"@id\":\"https:\\\/\\\/www.smartystore.it\\\/fr\\\/prodotto\\\/cadre-dencliquetage-mural-a1-angle-vif\\\/\",\"url\":\"https:\\\/\\\/www.smartystore.it\\\/fr\\\/prodotto\\\/cadre-dencliquetage-mural-a1-angle-vif\\\/\",\"name\":\"Cadre d'encliquetage mural A1 angle vif\",\"isPartOf\":{\"@id\":\"https:\\\/\\\/www.smartystore.it\\\/fr\\\/#website\"},\"primaryImageOfPage\":{\"@id\":\"https:\\\/\\\/www.smartystore.it\\\/fr\\\/prodotto\\\/cadre-dencliquetage-mural-a1-angle-vif\\\/#primaryimage\"},\"image\":{\"@id\":\"https:\\\/\\\/www.smartystore.it\\\/fr\\\/prodotto\\\/cadre-dencliquetage-mural-a1-angle-vif\\\/#primaryimage\"},\"thumbnailUrl\":\"https:\\\/\\\/www.smartystore.it\\\/v25\\\/wp-content\\\/uploads\\\/2014\\\/07\\\/Cornice-a-scatto-parete-A1-frame-25-angolo-vivo-1.jpg\",\"datePublished\":\"2014-07-22T12:53:18+00:00\",\"dateModified\":\"2025-10-14T12:23:21+00:00\",\"description\":\"Cadre mural en aluminium \u00e0 clipser A1 60x84cm Angle Vivo. Achetez des cadres muraux pour les utiliser comme syst\u00e8mes de communication modernes.\",\"breadcrumb\":{\"@id\":\"https:\\\/\\\/www.smartystore.it\\\/fr\\\/prodotto\\\/cadre-dencliquetage-mural-a1-angle-vif\\\/#breadcrumb\"},\"inLanguage\":\"fr-FR\",\"potentialAction\":[{\"@type\":\"ReadAction\",\"target\":[\"https:\\\/\\\/www.smartystore.it\\\/fr\\\/prodotto\\\/cadre-dencliquetage-mural-a1-angle-vif\\\/\"]}]},{\"@type\":\"ImageObject\",\"inLanguage\":\"fr-FR\",\"@id\":\"https:\\\/\\\/www.smartystore.it\\\/fr\\\/prodotto\\\/cadre-dencliquetage-mural-a1-angle-vif\\\/#primaryimage\",\"url\":\"https:\\\/\\\/www.smartystore.it\\\/v25\\\/wp-content\\\/uploads\\\/2014\\\/07\\\/Cornice-a-scatto-parete-A1-frame-25-angolo-vivo-1.jpg\",\"contentUrl\":\"https:\\\/\\\/www.smartystore.it\\\/v25\\\/wp-content\\\/uploads\\\/2014\\\/07\\\/Cornice-a-scatto-parete-A1-frame-25-angolo-vivo-1.jpg\",\"width\":1000,\"height\":1000,\"caption\":\"Cadre d'encliquetage mural A1 angle vif\"},{\"@type\":\"BreadcrumbList\",\"@id\":\"https:\\\/\\\/www.smartystore.it\\\/fr\\\/prodotto\\\/cadre-dencliquetage-mural-a1-angle-vif\\\/#breadcrumb\",\"itemListElement\":[{\"@type\":\"ListItem\",\"position\":1,\"name\":\"Home\",\"item\":\"https:\\\/\\\/www.smartystore.it\\\/fr\\\/\"},{\"@type\":\"ListItem\",\"position\":2,\"name\":\"Boutique\",\"item\":\"https:\\\/\\\/www.smartystore.it\\\/fr\\\/boutique\\\/\"},{\"@type\":\"ListItem\",\"position\":3,\"name\":\"Cadre d&rsquo;encliquetage mural A1 angle vif\"}]},{\"@type\":\"WebSite\",\"@id\":\"https:\\\/\\\/www.smartystore.it\\\/fr\\\/#website\",\"url\":\"https:\\\/\\\/www.smartystore.it\\\/fr\\\/\",\"name\":\"Smarty Store\",\"description\":\"Espositori Pubblicitari e Sistemi di Comunicazione Visiva\",\"potentialAction\":[{\"@type\":\"SearchAction\",\"target\":{\"@type\":\"EntryPoint\",\"urlTemplate\":\"https:\\\/\\\/www.smartystore.it\\\/fr\\\/?s={search_term_string}\"},\"query-input\":{\"@type\":\"PropertyValueSpecification\",\"valueRequired\":true,\"valueName\":\"search_term_string\"}}],\"inLanguage\":\"fr-FR\"}]}<\/script>\n<!-- \/ Yoast SEO plugin. -->","yoast_head_json":{"title":"Cadre d'encliquetage mural A1 angle vif","description":"Cadre mural en aluminium \u00e0 clipser A1 60x84cm Angle Vivo. Achetez des cadres muraux pour les utiliser comme syst\u00e8mes de communication modernes.","robots":{"index":"index","follow":"follow","max-snippet":"max-snippet:-1","max-image-preview":"max-image-preview:large","max-video-preview":"max-video-preview:-1"},"canonical":"https:\/\/www.smartystore.it\/fr\/prodotto\/cadre-dencliquetage-mural-a1-angle-vif\/","og_locale":"fr_FR","og_type":"article","og_title":"Cadre d'encliquetage mural A1 angle vif","og_description":"Cadre mural en aluminium \u00e0 clipser A1 60x84cm Angle Vivo. Achetez des cadres muraux pour les utiliser comme syst\u00e8mes de communication modernes.","og_url":"https:\/\/www.smartystore.it\/fr\/prodotto\/cadre-dencliquetage-mural-a1-angle-vif\/","og_site_name":"Smarty Store","article_modified_time":"2025-10-14T12:23:21+00:00","og_image":[{"width":1000,"height":1000,"url":"https:\/\/www.smartystore.it\/v25\/wp-content\/uploads\/2014\/07\/Cornice-a-scatto-parete-A1-frame-25-angolo-vivo-1.jpg","type":"image\/jpeg"}],"twitter_card":"summary_large_image","twitter_misc":{"Dur\u00e9e de lecture estim\u00e9e":"3 minutes"},"schema":{"@context":"https:\/\/schema.org","@graph":[{"@type":"WebPage","@id":"https:\/\/www.smartystore.it\/fr\/prodotto\/cadre-dencliquetage-mural-a1-angle-vif\/","url":"https:\/\/www.smartystore.it\/fr\/prodotto\/cadre-dencliquetage-mural-a1-angle-vif\/","name":"Cadre d'encliquetage mural A1 angle vif","isPartOf":{"@id":"https:\/\/www.smartystore.it\/fr\/#website"},"primaryImageOfPage":{"@id":"https:\/\/www.smartystore.it\/fr\/prodotto\/cadre-dencliquetage-mural-a1-angle-vif\/#primaryimage"},"image":{"@id":"https:\/\/www.smartystore.it\/fr\/prodotto\/cadre-dencliquetage-mural-a1-angle-vif\/#primaryimage"},"thumbnailUrl":"https:\/\/www.smartystore.it\/v25\/wp-content\/uploads\/2014\/07\/Cornice-a-scatto-parete-A1-frame-25-angolo-vivo-1.jpg","datePublished":"2014-07-22T12:53:18+00:00","dateModified":"2025-10-14T12:23:21+00:00","description":"Cadre mural en aluminium \u00e0 clipser A1 60x84cm Angle Vivo. Achetez des cadres muraux pour les utiliser comme syst\u00e8mes de communication modernes.","breadcrumb":{"@id":"https:\/\/www.smartystore.it\/fr\/prodotto\/cadre-dencliquetage-mural-a1-angle-vif\/#breadcrumb"},"inLanguage":"fr-FR","potentialAction":[{"@type":"ReadAction","target":["https:\/\/www.smartystore.it\/fr\/prodotto\/cadre-dencliquetage-mural-a1-angle-vif\/"]}]},{"@type":"ImageObject","inLanguage":"fr-FR","@id":"https:\/\/www.smartystore.it\/fr\/prodotto\/cadre-dencliquetage-mural-a1-angle-vif\/#primaryimage","url":"https:\/\/www.smartystore.it\/v25\/wp-content\/uploads\/2014\/07\/Cornice-a-scatto-parete-A1-frame-25-angolo-vivo-1.jpg","contentUrl":"https:\/\/www.smartystore.it\/v25\/wp-content\/uploads\/2014\/07\/Cornice-a-scatto-parete-A1-frame-25-angolo-vivo-1.jpg","width":1000,"height":1000,"caption":"Cadre d'encliquetage mural A1 angle vif"},{"@type":"BreadcrumbList","@id":"https:\/\/www.smartystore.it\/fr\/prodotto\/cadre-dencliquetage-mural-a1-angle-vif\/#breadcrumb","itemListElement":[{"@type":"ListItem","position":1,"name":"Home","item":"https:\/\/www.smartystore.it\/fr\/"},{"@type":"ListItem","position":2,"name":"Boutique","item":"https:\/\/www.smartystore.it\/fr\/boutique\/"},{"@type":"ListItem","position":3,"name":"Cadre d&rsquo;encliquetage mural A1 angle vif"}]},{"@type":"WebSite","@id":"https:\/\/www.smartystore.it\/fr\/#website","url":"https:\/\/www.smartystore.it\/fr\/","name":"Smarty Store","description":"Espositori Pubblicitari e Sistemi di Comunicazione Visiva","potentialAction":[{"@type":"SearchAction","target":{"@type":"EntryPoint","urlTemplate":"https:\/\/www.smartystore.it\/fr\/?s={search_term_string}"},"query-input":{"@type":"PropertyValueSpecification","valueRequired":true,"valueName":"search_term_string"}}],"inLanguage":"fr-FR"}]}},"brands":[],"_links":{"self":[{"href":"https:\/\/www.smartystore.it\/fr\/wp-json\/wp\/v2\/product\/95868","targetHints":{"allow":["GET"]}}],"collection":[{"href":"https:\/\/www.smartystore.it\/fr\/wp-json\/wp\/v2\/product"}],"about":[{"href":"https:\/\/www.smartystore.it\/fr\/wp-json\/wp\/v2\/types\/product"}],"replies":[{"embeddable":true,"href":"https:\/\/www.smartystore.it\/fr\/wp-json\/wp\/v2\/comments?post=95868"}],"wp:featuredmedia":[{"embeddable":true,"href":"https:\/\/www.smartystore.it\/fr\/wp-json\/wp\/v2\/media\/95867"}],"wp:attachment":[{"href":"https:\/\/www.smartystore.it\/fr\/wp-json\/wp\/v2\/media?parent=95868"}],"wp:term":[{"taxonomy":"pwb-brand","embeddable":true,"href":"https:\/\/www.smartystore.it\/fr\/wp-json\/wp\/v2\/pwb-brand?post=95868"},{"taxonomy":"product_brand","embeddable":true,"href":"https:\/\/www.smartystore.it\/fr\/wp-json\/wp\/v2\/product_brand?post=95868"},{"taxonomy":"product_cat","embeddable":true,"href":"https:\/\/www.smartystore.it\/fr\/wp-json\/wp\/v2\/product_cat?post=95868"},{"taxonomy":"product_tag","embeddable":true,"href":"https:\/\/www.smartystore.it\/fr\/wp-json\/wp\/v2\/product_tag?post=95868"}],"curies":[{"name":"wp","href":"https:\/\/api.w.org\/{rel}","templated":true}]}}