{"id":95858,"date":"2016-05-18T14:13:46","date_gmt":"2016-05-18T12:13:46","guid":{"rendered":"https:\/\/www.smartystore.it\/prodotto\/cadre-25-cadre-mural-dangle-rond-a5-15x21-cm\/"},"modified":"2025-10-14T12:30:12","modified_gmt":"2025-10-14T10:30:12","slug":"cadre-25-cadre-mural-dangle-rond-a5-15x21-cm","status":"publish","type":"product","link":"https:\/\/www.smartystore.it\/fr\/prodotto\/cadre-25-cadre-mural-dangle-rond-a5-15x21-cm\/","title":{"rendered":"Cadre 25 cadre mural d&rsquo;angle rond &#8211; A5 (15&#215;21 cm)"},"content":{"rendered":"<div class=\"wpb-content-wrapper\"><p>[vc_row][vc_column][vc_column_text css=\u00a0\u00bb\u00a0\u00bb css_params=\u00a0\u00bb\u00a0\u00bb]<\/p>\n<h1>Cadre 25 Cadre \u00e0 encliqueter mural avec coin rond &#8211; A5 (15&#215;21 cm)<\/h1>\n<p>Le cadre mural A5 Frame 25 avec coin arrondi est la solution id\u00e9ale pour tous ceux qui souhaitent afficher de petits messages, des photographies ou des informations promotionnelles de mani\u00e8re \u00e9l\u00e9gante et pratique. Gr\u00e2ce \u00e0 son design compact et raffin\u00e9, ce cadre se pr\u00eate parfaitement \u00e0 diverses applications, ce qui en fait un accessoire polyvalent pour les vitrines, les petits bureaux ou m\u00eame pour l&#8217;embellissement des espaces domestiques.<\/p>\n<p>Fabriqu\u00e9 en aluminium anodis\u00e9, le cadre offre non seulement une excellente esth\u00e9tique mais aussi une grande durabilit\u00e9. Le profil du cadre Frame 25, avec son angle arrondi, s&rsquo;int\u00e8gre harmonieusement dans n&rsquo;importe quel contexte, ajoutant une touche moderne et sophistiqu\u00e9e \u00e0 l&rsquo;environnement. Le format d&rsquo;affiche A5 (15&#215;21 cm) permet une surface visible de 128 x 210 mm, ce qui garantit une bonne visibilit\u00e9 du contenu ins\u00e9r\u00e9.<\/p>\n<p>Un aspect important de ce cadre est le film protecteur antireflet, qui garantit que les images ou les messages sont toujours clairement visibles, sans reflets g\u00eanants qui pourraient nuire \u00e0 la lisibilit\u00e9. Il s&rsquo;agit donc d&rsquo;un choix id\u00e9al non seulement pour un usage commercial, comme la mise en \u00e9vidence des prix de vente, mais aussi pour un usage priv\u00e9, o\u00f9 l&rsquo;on peut exposer ses photos les plus significatives.<\/p>\n<h2>Cadre photo mural A5 avec coins arrondis : facile \u00e0 monter<\/h2>\n<p>Le montage du cadre est simple et direct gr\u00e2ce aux trous pr\u00e9-perc\u00e9s \u00e0 l&rsquo;arri\u00e8re, qui facilitent la fixation au mur. Des chevilles de fixation sont incluses dans l&#8217;emballage, ce qui rend l&rsquo;installation encore plus pratique et imm\u00e9diate. Pesant seulement 0,34 kg, le cadre est l\u00e9ger et facile \u00e0 manipuler, ce qui fait de chaque \u00e9tape de l&rsquo;installation une op\u00e9ration sans stress.<\/p>\n<p>Ses dimensions hors tout de 179 x 241 mm en font un accessoire id\u00e9al pour les petits espaces, tout en conservant un impact visuel remarquable. Que ce soit pour la promotion d&rsquo;offres sp\u00e9ciales dans un magasin ou pour la personnalisation d&rsquo;environnements domestiques, le cadre \u00e0 clipser Frame 25 s&rsquo;av\u00e8re \u00eatre le choix id\u00e9al. Investir dans ce cadre, c&rsquo;est choisir un produit de qualit\u00e9, fonctionnel et esth\u00e9tique, qui met en valeur ce que vous souhaitez pr\u00e9senter.<\/p>\n<p style=\"text-align: center;\">Voyez la gamme de cadres \u00e0 clipser sur ce <strong><a href=\"https:\/\/www.smartystore.it\/fr\/categoria-prodotto\/cadres-instantanes\/cadres-clic-clac\/\">LIEN<\/a><br \/>\n<\/strong><\/p>\n<h3>Caract\u00e9ristiques<\/h3>\n<ol>\n<li>Cadre d&rsquo;encliquetage mural.<\/li>\n<li>Coin rond chrom\u00e9.<\/li>\n<li>Trous au dos pour une application murale.<\/li>\n<li>Feuille de protection en PVC antireflet.<\/li>\n<li>Profil du cadre : Cadre 25 (largeur des bords mm. 25).<\/li>\n<li>Format de l&rsquo;affiche : A5 (mm. 150&#215;210).<\/li>\n<li>Mat\u00e9riau du cadre : aluminium<\/li>\n<li>Mat\u00e9riau du fond : polistyr\u00e8ne.<\/li>\n<li>Couleur : aluminium anodis\u00e9.<\/li>\n<li>Zone visible : 128 x 210 mm<\/li>\n<li>Dimensions du cadre : 179x 241 mm<\/li>\n<li>Poids du cadre : 0,34 kg<\/li>\n<\/ol>\n<p>Fourni avec des vis et des chevilles pour un montage mural vertical ou horizontal.<\/p>\n<p>&nbsp;<\/p>\n<p><a href=\"https:\/\/www.smartystore.it\/v25\/wp-content\/uploads\/2013\/11\/STR-CRPT00-01-02-08-04-05-06.25.pdf\" target=\"_blank\" rel=\"noopener\"><img loading=\"lazy\" decoding=\"async\" class=\"alignnone size-full wp-image-93510\" src=\"https:\/\/www.smartystore.it\/v25\/wp-content\/uploads\/2014\/10\/SchedaTecnica-300-e1750084266903.png\" alt=\"\" width=\"249\" height=\"63\"><\/a><\/p>\n<p>&nbsp;[\/vc_column_text][\/vc_column][\/vc_row]<\/p>\n<\/div>","protected":false},"excerpt":{"rendered":"<p>Cadre mural en aluminium avec coins arrondis, pour des impressions de format A5.<\/p>\n","protected":false},"featured_media":95857,"comment_status":"open","ping_status":"closed","template":"","meta":{"_acf_changed":false},"pwb-brand":[],"product_brand":[],"product_cat":[3008,2912],"product_tag":[5354,5351,5353,5355,5000,4996,5352,5358,5356,4993,5004,5001,5028,4998,5357,4995,5287,4999],"class_list":{"0":"post-95858","1":"product","2":"type-product","3":"status-publish","4":"has-post-thumbnail","6":"product_cat-cadres-clic-clac","7":"product_cat-cadres-instantanes","8":"product_tag-cadre-a-clipser-pour-poster-a5","9":"product_tag-cadre-a-encliqueter-a5","10":"product_tag-cadre-a-encliqueter-en-aluminium-a5","11":"product_tag-cadre-click-clac-15x21","12":"product_tag-cadre-dencliquetage-horizontal-et-vertical","13":"product_tag-cadre-mural-encliquetable","14":"product_tag-cadres-a-coins-ronds-15x21","15":"product_tag-cadres-a-pression-a5-les-moins-chers","16":"product_tag-cadres-a5-click-clack","17":"product_tag-cadres-clic-clac","18":"product_tag-cadres-click-clac-a-coins-ronds","19":"product_tag-cadres-de-messages-encliquetables","20":"product_tag-cadres-de-qualite-a-prix-reduit","21":"product_tag-cadres-muraux-encliquetables","22":"product_tag-cadres-pour-photos-15x21","23":"product_tag-cadres-snap-a-bas-prix","24":"product_tag-cadres-snap-aux-prix-les-plus-bas","25":"product_tag-des-cadres-a-prix-abordables","26":"pa_c2c_angolo-rond","27":"pa_c2c_color-argent","28":"pa_c2c_dimensione-a5-fr","29":"pa_c2c_mono_bifacciale-simple-face","30":"pa_c2c_trovraprezzi-oui","32":"first","33":"instock","34":"taxable","35":"shipping-taxable","36":"purchasable","37":"product-type-simple"},"acf":[],"yoast_head":"<!-- This site is optimized with the Yoast SEO plugin v27.4 - https:\/\/yoast.com\/product\/yoast-seo-wordpress\/ -->\n<title>Cadre mural en aluminium A5 Cadre \u00e0 coins ronds 25<\/title>\n<meta name=\"description\" content=\"Cadre mural en aluminium 15x21cm A5 coin rond. Achetez des cadres muraux pour les syst\u00e8mes de communication modernes.\" \/>\n<meta name=\"robots\" content=\"index, follow, max-snippet:-1, max-image-preview:large, max-video-preview:-1\" \/>\n<link rel=\"canonical\" href=\"https:\/\/www.smartystore.it\/fr\/prodotto\/cadre-25-cadre-mural-dangle-rond-a5-15x21-cm\/\" \/>\n<meta property=\"og:locale\" content=\"fr_FR\" \/>\n<meta property=\"og:type\" content=\"article\" \/>\n<meta property=\"og:title\" content=\"Cadre mural en aluminium A5 Cadre \u00e0 coins ronds 25\" \/>\n<meta property=\"og:description\" content=\"Cadre mural en aluminium 15x21cm A5 coin rond. Achetez des cadres muraux pour les syst\u00e8mes de communication modernes.\" \/>\n<meta property=\"og:url\" content=\"https:\/\/www.smartystore.it\/fr\/prodotto\/cadre-25-cadre-mural-dangle-rond-a5-15x21-cm\/\" \/>\n<meta property=\"og:site_name\" content=\"Smarty Store\" \/>\n<meta property=\"article:modified_time\" content=\"2025-10-14T10:30:12+00:00\" \/>\n<meta property=\"og:image\" content=\"https:\/\/www.smartystore.it\/v25\/wp-content\/uploads\/2016\/05\/Cornice-a-scatto-parete-A5-frame-25-angolo-tondo-cromato-1.jpg\" \/>\n\t<meta property=\"og:image:width\" content=\"1000\" \/>\n\t<meta property=\"og:image:height\" content=\"1000\" \/>\n\t<meta property=\"og:image:type\" content=\"image\/jpeg\" \/>\n<meta name=\"twitter:card\" content=\"summary_large_image\" \/>\n<meta name=\"twitter:label1\" content=\"Dur\u00e9e de lecture estim\u00e9e\" \/>\n\t<meta name=\"twitter:data1\" content=\"3 minutes\" \/>\n<script type=\"application\/ld+json\" class=\"yoast-schema-graph\">{\"@context\":\"https:\\\/\\\/schema.org\",\"@graph\":[{\"@type\":\"WebPage\",\"@id\":\"https:\\\/\\\/www.smartystore.it\\\/fr\\\/prodotto\\\/cadre-25-cadre-mural-dangle-rond-a5-15x21-cm\\\/\",\"url\":\"https:\\\/\\\/www.smartystore.it\\\/fr\\\/prodotto\\\/cadre-25-cadre-mural-dangle-rond-a5-15x21-cm\\\/\",\"name\":\"Cadre mural en aluminium A5 Cadre \u00e0 coins ronds 25\",\"isPartOf\":{\"@id\":\"https:\\\/\\\/www.smartystore.it\\\/fr\\\/#website\"},\"primaryImageOfPage\":{\"@id\":\"https:\\\/\\\/www.smartystore.it\\\/fr\\\/prodotto\\\/cadre-25-cadre-mural-dangle-rond-a5-15x21-cm\\\/#primaryimage\"},\"image\":{\"@id\":\"https:\\\/\\\/www.smartystore.it\\\/fr\\\/prodotto\\\/cadre-25-cadre-mural-dangle-rond-a5-15x21-cm\\\/#primaryimage\"},\"thumbnailUrl\":\"https:\\\/\\\/www.smartystore.it\\\/v25\\\/wp-content\\\/uploads\\\/2016\\\/05\\\/Cornice-a-scatto-parete-A5-frame-25-angolo-tondo-cromato-1.jpg\",\"datePublished\":\"2016-05-18T12:13:46+00:00\",\"dateModified\":\"2025-10-14T10:30:12+00:00\",\"description\":\"Cadre mural en aluminium 15x21cm A5 coin rond. Achetez des cadres muraux pour les syst\u00e8mes de communication modernes.\",\"breadcrumb\":{\"@id\":\"https:\\\/\\\/www.smartystore.it\\\/fr\\\/prodotto\\\/cadre-25-cadre-mural-dangle-rond-a5-15x21-cm\\\/#breadcrumb\"},\"inLanguage\":\"fr-FR\",\"potentialAction\":[{\"@type\":\"ReadAction\",\"target\":[\"https:\\\/\\\/www.smartystore.it\\\/fr\\\/prodotto\\\/cadre-25-cadre-mural-dangle-rond-a5-15x21-cm\\\/\"]}]},{\"@type\":\"ImageObject\",\"inLanguage\":\"fr-FR\",\"@id\":\"https:\\\/\\\/www.smartystore.it\\\/fr\\\/prodotto\\\/cadre-25-cadre-mural-dangle-rond-a5-15x21-cm\\\/#primaryimage\",\"url\":\"https:\\\/\\\/www.smartystore.it\\\/v25\\\/wp-content\\\/uploads\\\/2016\\\/05\\\/Cornice-a-scatto-parete-A5-frame-25-angolo-tondo-cromato-1.jpg\",\"contentUrl\":\"https:\\\/\\\/www.smartystore.it\\\/v25\\\/wp-content\\\/uploads\\\/2016\\\/05\\\/Cornice-a-scatto-parete-A5-frame-25-angolo-tondo-cromato-1.jpg\",\"width\":1000,\"height\":1000,\"caption\":\"Cadre mural encliquetable A5\"},{\"@type\":\"BreadcrumbList\",\"@id\":\"https:\\\/\\\/www.smartystore.it\\\/fr\\\/prodotto\\\/cadre-25-cadre-mural-dangle-rond-a5-15x21-cm\\\/#breadcrumb\",\"itemListElement\":[{\"@type\":\"ListItem\",\"position\":1,\"name\":\"Home\",\"item\":\"https:\\\/\\\/www.smartystore.it\\\/fr\\\/\"},{\"@type\":\"ListItem\",\"position\":2,\"name\":\"Boutique\",\"item\":\"https:\\\/\\\/www.smartystore.it\\\/fr\\\/boutique\\\/\"},{\"@type\":\"ListItem\",\"position\":3,\"name\":\"Cadre 25 cadre mural d&rsquo;angle rond &#8211; A5 (15&#215;21 cm)\"}]},{\"@type\":\"WebSite\",\"@id\":\"https:\\\/\\\/www.smartystore.it\\\/fr\\\/#website\",\"url\":\"https:\\\/\\\/www.smartystore.it\\\/fr\\\/\",\"name\":\"Smarty Store\",\"description\":\"Espositori Pubblicitari e Sistemi di Comunicazione Visiva\",\"potentialAction\":[{\"@type\":\"SearchAction\",\"target\":{\"@type\":\"EntryPoint\",\"urlTemplate\":\"https:\\\/\\\/www.smartystore.it\\\/fr\\\/?s={search_term_string}\"},\"query-input\":{\"@type\":\"PropertyValueSpecification\",\"valueRequired\":true,\"valueName\":\"search_term_string\"}}],\"inLanguage\":\"fr-FR\"}]}<\/script>\n<!-- \/ Yoast SEO plugin. -->","yoast_head_json":{"title":"Cadre mural en aluminium A5 Cadre \u00e0 coins ronds 25","description":"Cadre mural en aluminium 15x21cm A5 coin rond. Achetez des cadres muraux pour les syst\u00e8mes de communication modernes.","robots":{"index":"index","follow":"follow","max-snippet":"max-snippet:-1","max-image-preview":"max-image-preview:large","max-video-preview":"max-video-preview:-1"},"canonical":"https:\/\/www.smartystore.it\/fr\/prodotto\/cadre-25-cadre-mural-dangle-rond-a5-15x21-cm\/","og_locale":"fr_FR","og_type":"article","og_title":"Cadre mural en aluminium A5 Cadre \u00e0 coins ronds 25","og_description":"Cadre mural en aluminium 15x21cm A5 coin rond. Achetez des cadres muraux pour les syst\u00e8mes de communication modernes.","og_url":"https:\/\/www.smartystore.it\/fr\/prodotto\/cadre-25-cadre-mural-dangle-rond-a5-15x21-cm\/","og_site_name":"Smarty Store","article_modified_time":"2025-10-14T10:30:12+00:00","og_image":[{"width":1000,"height":1000,"url":"https:\/\/www.smartystore.it\/v25\/wp-content\/uploads\/2016\/05\/Cornice-a-scatto-parete-A5-frame-25-angolo-tondo-cromato-1.jpg","type":"image\/jpeg"}],"twitter_card":"summary_large_image","twitter_misc":{"Dur\u00e9e de lecture estim\u00e9e":"3 minutes"},"schema":{"@context":"https:\/\/schema.org","@graph":[{"@type":"WebPage","@id":"https:\/\/www.smartystore.it\/fr\/prodotto\/cadre-25-cadre-mural-dangle-rond-a5-15x21-cm\/","url":"https:\/\/www.smartystore.it\/fr\/prodotto\/cadre-25-cadre-mural-dangle-rond-a5-15x21-cm\/","name":"Cadre mural en aluminium A5 Cadre \u00e0 coins ronds 25","isPartOf":{"@id":"https:\/\/www.smartystore.it\/fr\/#website"},"primaryImageOfPage":{"@id":"https:\/\/www.smartystore.it\/fr\/prodotto\/cadre-25-cadre-mural-dangle-rond-a5-15x21-cm\/#primaryimage"},"image":{"@id":"https:\/\/www.smartystore.it\/fr\/prodotto\/cadre-25-cadre-mural-dangle-rond-a5-15x21-cm\/#primaryimage"},"thumbnailUrl":"https:\/\/www.smartystore.it\/v25\/wp-content\/uploads\/2016\/05\/Cornice-a-scatto-parete-A5-frame-25-angolo-tondo-cromato-1.jpg","datePublished":"2016-05-18T12:13:46+00:00","dateModified":"2025-10-14T10:30:12+00:00","description":"Cadre mural en aluminium 15x21cm A5 coin rond. Achetez des cadres muraux pour les syst\u00e8mes de communication modernes.","breadcrumb":{"@id":"https:\/\/www.smartystore.it\/fr\/prodotto\/cadre-25-cadre-mural-dangle-rond-a5-15x21-cm\/#breadcrumb"},"inLanguage":"fr-FR","potentialAction":[{"@type":"ReadAction","target":["https:\/\/www.smartystore.it\/fr\/prodotto\/cadre-25-cadre-mural-dangle-rond-a5-15x21-cm\/"]}]},{"@type":"ImageObject","inLanguage":"fr-FR","@id":"https:\/\/www.smartystore.it\/fr\/prodotto\/cadre-25-cadre-mural-dangle-rond-a5-15x21-cm\/#primaryimage","url":"https:\/\/www.smartystore.it\/v25\/wp-content\/uploads\/2016\/05\/Cornice-a-scatto-parete-A5-frame-25-angolo-tondo-cromato-1.jpg","contentUrl":"https:\/\/www.smartystore.it\/v25\/wp-content\/uploads\/2016\/05\/Cornice-a-scatto-parete-A5-frame-25-angolo-tondo-cromato-1.jpg","width":1000,"height":1000,"caption":"Cadre mural encliquetable A5"},{"@type":"BreadcrumbList","@id":"https:\/\/www.smartystore.it\/fr\/prodotto\/cadre-25-cadre-mural-dangle-rond-a5-15x21-cm\/#breadcrumb","itemListElement":[{"@type":"ListItem","position":1,"name":"Home","item":"https:\/\/www.smartystore.it\/fr\/"},{"@type":"ListItem","position":2,"name":"Boutique","item":"https:\/\/www.smartystore.it\/fr\/boutique\/"},{"@type":"ListItem","position":3,"name":"Cadre 25 cadre mural d&rsquo;angle rond &#8211; A5 (15&#215;21 cm)"}]},{"@type":"WebSite","@id":"https:\/\/www.smartystore.it\/fr\/#website","url":"https:\/\/www.smartystore.it\/fr\/","name":"Smarty Store","description":"Espositori Pubblicitari e Sistemi di Comunicazione Visiva","potentialAction":[{"@type":"SearchAction","target":{"@type":"EntryPoint","urlTemplate":"https:\/\/www.smartystore.it\/fr\/?s={search_term_string}"},"query-input":{"@type":"PropertyValueSpecification","valueRequired":true,"valueName":"search_term_string"}}],"inLanguage":"fr-FR"}]}},"brands":[],"_links":{"self":[{"href":"https:\/\/www.smartystore.it\/fr\/wp-json\/wp\/v2\/product\/95858","targetHints":{"allow":["GET"]}}],"collection":[{"href":"https:\/\/www.smartystore.it\/fr\/wp-json\/wp\/v2\/product"}],"about":[{"href":"https:\/\/www.smartystore.it\/fr\/wp-json\/wp\/v2\/types\/product"}],"replies":[{"embeddable":true,"href":"https:\/\/www.smartystore.it\/fr\/wp-json\/wp\/v2\/comments?post=95858"}],"wp:featuredmedia":[{"embeddable":true,"href":"https:\/\/www.smartystore.it\/fr\/wp-json\/wp\/v2\/media\/95857"}],"wp:attachment":[{"href":"https:\/\/www.smartystore.it\/fr\/wp-json\/wp\/v2\/media?parent=95858"}],"wp:term":[{"taxonomy":"pwb-brand","embeddable":true,"href":"https:\/\/www.smartystore.it\/fr\/wp-json\/wp\/v2\/pwb-brand?post=95858"},{"taxonomy":"product_brand","embeddable":true,"href":"https:\/\/www.smartystore.it\/fr\/wp-json\/wp\/v2\/product_brand?post=95858"},{"taxonomy":"product_cat","embeddable":true,"href":"https:\/\/www.smartystore.it\/fr\/wp-json\/wp\/v2\/product_cat?post=95858"},{"taxonomy":"product_tag","embeddable":true,"href":"https:\/\/www.smartystore.it\/fr\/wp-json\/wp\/v2\/product_tag?post=95858"}],"curies":[{"name":"wp","href":"https:\/\/api.w.org\/{rel}","templated":true}]}}