{"id":95824,"date":"2019-11-13T15:23:51","date_gmt":"2019-11-13T13:23:51","guid":{"rendered":"https:\/\/www.smartystore.it\/prodotto\/panneau-daffichage-exterieur-autoportant-a4\/"},"modified":"2026-03-14T17:30:27","modified_gmt":"2026-03-14T15:30:27","slug":"panneau-daffichage-exterieur-autoportant-a4","status":"publish","type":"product","link":"https:\/\/www.smartystore.it\/fr\/prodotto\/panneau-daffichage-exterieur-autoportant-a4\/","title":{"rendered":"Panneau d&rsquo;affichage ext\u00e9rieur autoportant A4"},"content":{"rendered":"<div class=\"wpb-content-wrapper\"><p>[vc_row][vc_column][vc_column_text css=\u00a0\u00bb\u00a0\u00bb css_params=\u00a0\u00bb\u00a0\u00bb]<\/p>\n<h1>Panneau d&rsquo;affichage ext\u00e9rieur autoportant A4<\/h1>\n<p><span dir=\"auto\">Notre panneau d&rsquo;affichage ext\u00e9rieur autoportant A4 est la solution id\u00e9ale pour les restaurants, les pharmacies et les entreprises qui souhaitent afficher des informations importantes de mani\u00e8re <strong>\u00e9l\u00e9gante et professionnelle<\/strong>. Disponible en argent ou en noir, ce panneau d&rsquo;affichage allie <strong>fonctionnalit\u00e9 et design moderne<\/strong>, assurant une visibilit\u00e9 optimale des menus, des horaires et des annonces publiques.<\/span><\/p>\n<p><span dir=\"auto\">La structure est en aluminium anodis\u00e9, un mat\u00e9riau connu pour sa l\u00e9g\u00e8ret\u00e9 et sa r\u00e9sistance aux intemp\u00e9ries, ce qui lui assure une longue dur\u00e9e de vie. La base en acier peint, de dimensions 45&#215;45 cm, offre stabilit\u00e9 et s\u00e9curit\u00e9, ce qui permet d&rsquo;utiliser le panneau d&rsquo;affichage \u00e0 l&rsquo;ext\u00e9rieur dans diff\u00e9rentes conditions m\u00e9t\u00e9orologiques. <\/span><\/p>\n<p><span dir=\"auto\">La hauteur du poteau ovale de 115 cm permet de voir facilement les informations affich\u00e9es, ce qui les rend faciles \u00e0 lire, m\u00eame \u00e0 distance. Le tableau de menu, con\u00e7u pour accueillir des documents A4 en position verticale, est dot\u00e9 d&rsquo;un fond m\u00e9tallique magn\u00e9tique qui permet de fixer facilement les feuilles sans avoir recours \u00e0 des clips ou \u00e0 des pinces. <\/span><\/p>\n<p><span dir=\"auto\">La porte transparente en polycarbonate prot\u00e8ge le contenu des agents ext\u00e9rieurs, le gardant visible mais en s\u00e9curit\u00e9. L&rsquo;ouverture du volet du tableau d&rsquo;affichage facilite l&rsquo;acc\u00e8s au contenu interne, ce qui permet de mettre \u00e0 jour rapidement et facilement les informations affich\u00e9es. En outre, une serrure \u00e0 cl\u00e9 fournie garantit la s\u00e9curit\u00e9 des documents, en \u00e9vitant les manipulations et les vols.  <\/span><\/p>\n<h2>Panneau d&rsquo;affichage ext\u00e9rieur autoportant A4 : <span dir=\"auto\">la personnalisation pour se d\u00e9marquer<\/span><\/h2>\n<p><span dir=\"auto\">L&rsquo;un des aspects distinctifs de notre panneau d&rsquo;affichage est le panneau d&rsquo;en-t\u00eate personnalisable. Vous pouvez y imprimer votre propre logo, ce qui vous offre une occasion unique de faire conna\u00eetre votre marque tout en communiquant efficacement avec vos clients. Cette fonction est particuli\u00e8rement utile pour les restaurants qui souhaitent offrir un aper\u00e7u de leur menu ou pour les pharmacies qui ont besoin d&rsquo;afficher leurs heures d&rsquo;ouverture de mani\u00e8re claire et professionnelle.  <\/span><\/p>\n<p><span dir=\"auto\">En r\u00e9sum\u00e9, notre panneau d&rsquo;affichage ext\u00e9rieur autoportant A4 est le choix id\u00e9al pour toute entreprise qui souhaite promouvoir ses services de mani\u00e8re attrayante et durable. Esth\u00e9tique et robuste, il offre une solution pratique pour la communication visuelle en ext\u00e9rieur, contribuant \u00e0 am\u00e9liorer l&rsquo;image et l&rsquo;accessibilit\u00e9 de vos informations. <\/span><\/p>\n<h3>CARACT\u00c9RISTIQUES:<\/h3>\n<ul>\n<li>Porte-menu pour l&rsquo;ext\u00e9rieur.<\/li>\n<li>Cadre en aluminium anodis\u00e9 argent ou noir.<\/li>\n<li>Base en acier peint : 45&#215;45 cm<\/li>\n<li>Montant ovale : H 115 cm.<\/li>\n<li>Porte-menu avec fond m\u00e9tallique magn\u00e9tique pour format A4 portrait.<\/li>\n<li>Porte en polycarbonate transparent.<\/li>\n<li>Ouverture du rabat.<\/li>\n<li>Serrure avec cl\u00e9s fournies.<\/li>\n<li>Panneau d&rsquo;en-t\u00eate personnalisable avec logo.<\/li>\n<li>Dimensions du panneau personnalisable avec logo (en cm) : L 23,4 H 10<\/li>\n<li>Zone de personnalisation visible (en cm) : H 9,3 &#8211; L 22,0<\/li>\n<li>Dimensions du cadre de communication (en cm) : L 29,0 &#8211; H 47,7<\/li>\n<li>Poids de l&rsquo;article : 9,1 kg environ.<\/li>\n<\/ul>\n<p>&nbsp;<\/p>\n<p><strong><span style=\"color: #993300;\"><strong>POUR LE FICHIER GRAPHIQUE : cr\u00e9ez le fichier aux dimensions 23,4&#215;10 cm (\u00e9chelle 1:1) avec les textes convertis en trac\u00e9s, apr\u00e8s avoir sauvegard\u00e9 le fichier en format PDF (r\u00e9solution minimale de 200 dpi), envoyez le document \u00e0 l&rsquo;adresse \u00e9lectronique suivante<\/strong><\/span><strong> <a href=\"mailto:grafica@smartystore.it\">grafica@smartystore.it<\/a> <\/strong><span style=\"color: #993300;\"><strong>en mentionnant le num\u00e9ro de commande.<\/strong><\/span><\/strong><\/p>\n<p>&nbsp;<\/p>\n<h4 style=\"text-align: center;\">Voir les autres mod\u00e8les sur ce <strong><a href=\"https:\/\/www.smartystore.it\/fr\/categoria-prodotto\/tableaux-de-messages\/panneaux-daffichage-exterieurs\/\">LIEN<\/a><\/strong><\/h4>\n<p>&nbsp;<\/p>\n<p><strong><a href=\"https:\/\/www.smartystore.it\/v25\/wp-content\/uploads\/2019\/11\/STR-CITY311-312-311LED-312LED.pdf\" target=\"_blank\" rel=\"noopener\"><img loading=\"lazy\" decoding=\"async\" class=\"alignnone size-full wp-image-93672\" src=\"https:\/\/www.smartystore.it\/v25\/wp-content\/uploads\/2023\/11\/LogoDownload_yellow.jpg\" alt=\"\" width=\"50\" height=\"50\">  FICHE TECHNIQUE &#8211; VERSION ARGENT<\/a><\/strong><\/p>\n<p><strong><a href=\"https:\/\/www.smartystore.it\/v25\/wp-content\/uploads\/2025\/10\/STR-CITY311N-312N.pdf\" target=\"_blank\" rel=\"noopener\"><img loading=\"lazy\" decoding=\"async\" class=\"alignnone size-full wp-image-93672\" src=\"https:\/\/www.smartystore.it\/v25\/wp-content\/uploads\/2023\/11\/LogoDownload_yellow.jpg\" alt=\"\" width=\"50\" height=\"50\">  FICHE TECHNIQUE &#8211; VERSION NOIRE<\/a><\/strong><\/p>\n<p>&nbsp;<\/p>\n<p><a href=\"https:\/\/www.smartystore.it\/v25\/wp-content\/uploads\/2023\/04\/STR-CITY301.pdf\" target=\"_blank\" rel=\"noopener\"><img loading=\"lazy\" decoding=\"async\" class=\"alignnone size-full wp-image-93645\" src=\"https:\/\/www.smartystore.it\/v25\/wp-content\/uploads\/2022\/09\/LogoDownload_tracciato-fustella-2.jpg\" alt=\"\" width=\"250\" height=\"63\"><\/a><\/p>\n<p>&nbsp;<\/p>\n<p>[\/vc_column_text][\/vc_column][\/vc_row]<\/p>\n<\/div>","protected":false},"excerpt":{"rendered":"<p>Pupitre de communication ext\u00e9rieur pour impression A4 portrait avec panneau personnalisable. Disponible en argent ou en noir <\/p>\n","protected":false},"featured_media":95823,"comment_status":"open","ping_status":"closed","template":"","meta":{"_acf_changed":false},"pwb-brand":[],"product_brand":[],"product_cat":[2999,3001,2997],"product_tag":[4636,6638,4632,4633,4631,5455,6636,6637,5450,4635,4634],"class_list":{"0":"post-95824","1":"product","2":"type-product","3":"status-publish","4":"has-post-thumbnail","6":"product_cat-panneaux-daffichage-exterieurs","7":"product_cat-porte-menu","8":"product_cat-tableaux-de-messages","9":"product_tag-panneau-daffichage-de-la-pharmacie","10":"product_tag-panneau-daffichage-exterieur-autoportant-a4","11":"product_tag-panneau-daffichage-exterieur-personnalisable","12":"product_tag-panneau-de-menu-exterieur-personnalisable","13":"product_tag-panneau-de-menu-personnalisable","14":"product_tag-pupitre-a4","15":"product_tag-pupitre-dexterieur-a4","16":"product_tag-pupitre-dexterieur-a4-noir","17":"product_tag-tableau-daffichage","18":"product_tag-tableau-daffichage-du-restaurant","19":"product_tag-tableau-daffichage-pour-feuilles-a4","20":"pa_c2c_angolo-vif","21":"pa_c2c_color-argent","22":"pa_c2c_color-noir","23":"pa_c2c_dimensione-a4-21x29-7-vert","24":"pa_c2c_illuminazione-sans-eclairage","25":"pa_c2c_mono_bifacciale-simple-face","26":"pa_c2c_stampa-non","27":"pa_c2c_stampa-oui","28":"pa_c2c_trovraprezzi-oui","30":"first","31":"instock","32":"taxable","33":"shipping-taxable","34":"purchasable","35":"product-type-variable"},"acf":[],"yoast_head":"<!-- This site is optimized with the Yoast SEO plugin v27.4 - https:\/\/yoast.com\/product\/yoast-seo-wordpress\/ -->\n<title>Panneau d&#039;affichage ext\u00e9rieur autoportant A4 - Smarty Store Au Meilleur Prix<\/title>\n<meta name=\"description\" content=\"Panneau d&#039;affichage ext\u00e9rieur autoportant pour impressions A4 en format portrait avec pupitre autoportant personnalisable\" \/>\n<meta name=\"robots\" content=\"index, follow, max-snippet:-1, max-image-preview:large, max-video-preview:-1\" \/>\n<link rel=\"canonical\" href=\"https:\/\/www.smartystore.it\/fr\/prodotto\/panneau-daffichage-exterieur-autoportant-a4\/\" \/>\n<meta property=\"og:locale\" content=\"fr_FR\" \/>\n<meta property=\"og:type\" content=\"article\" \/>\n<meta property=\"og:title\" content=\"Panneau d&#039;affichage ext\u00e9rieur autoportant A4 - Smarty Store Au Meilleur Prix\" \/>\n<meta property=\"og:description\" content=\"Panneau d&#039;affichage ext\u00e9rieur autoportant pour impressions A4 en format portrait avec pupitre autoportant personnalisable\" \/>\n<meta property=\"og:url\" content=\"https:\/\/www.smartystore.it\/fr\/prodotto\/panneau-daffichage-exterieur-autoportant-a4\/\" \/>\n<meta property=\"og:site_name\" content=\"Smarty Store\" \/>\n<meta property=\"article:modified_time\" content=\"2026-03-14T15:30:27+00:00\" \/>\n<meta property=\"og:image\" content=\"https:\/\/www.smartystore.it\/v25\/wp-content\/uploads\/2019\/11\/Bacheca-autoportante-per-esterno-formato-A4_-silver-e-nera.jpg\" \/>\n\t<meta property=\"og:image:width\" content=\"1000\" \/>\n\t<meta property=\"og:image:height\" content=\"1000\" \/>\n\t<meta property=\"og:image:type\" content=\"image\/jpeg\" \/>\n<meta name=\"twitter:card\" content=\"summary_large_image\" \/>\n<meta name=\"twitter:label1\" content=\"Dur\u00e9e de lecture estim\u00e9e\" \/>\n\t<meta name=\"twitter:data1\" content=\"4 minutes\" \/>\n<script type=\"application\/ld+json\" class=\"yoast-schema-graph\">{\"@context\":\"https:\\\/\\\/schema.org\",\"@graph\":[{\"@type\":\"WebPage\",\"@id\":\"https:\\\/\\\/www.smartystore.it\\\/fr\\\/prodotto\\\/panneau-daffichage-exterieur-autoportant-a4\\\/\",\"url\":\"https:\\\/\\\/www.smartystore.it\\\/fr\\\/prodotto\\\/panneau-daffichage-exterieur-autoportant-a4\\\/\",\"name\":\"Panneau d'affichage ext\u00e9rieur autoportant A4 - Smarty Store Au Meilleur Prix\",\"isPartOf\":{\"@id\":\"https:\\\/\\\/www.smartystore.it\\\/fr\\\/#website\"},\"primaryImageOfPage\":{\"@id\":\"https:\\\/\\\/www.smartystore.it\\\/fr\\\/prodotto\\\/panneau-daffichage-exterieur-autoportant-a4\\\/#primaryimage\"},\"image\":{\"@id\":\"https:\\\/\\\/www.smartystore.it\\\/fr\\\/prodotto\\\/panneau-daffichage-exterieur-autoportant-a4\\\/#primaryimage\"},\"thumbnailUrl\":\"https:\\\/\\\/www.smartystore.it\\\/v25\\\/wp-content\\\/uploads\\\/2019\\\/11\\\/Bacheca-autoportante-per-esterno-formato-A4_-silver-e-nera.jpg\",\"datePublished\":\"2019-11-13T13:23:51+00:00\",\"dateModified\":\"2026-03-14T15:30:27+00:00\",\"description\":\"Panneau d'affichage ext\u00e9rieur autoportant pour impressions A4 en format portrait avec pupitre autoportant personnalisable\",\"breadcrumb\":{\"@id\":\"https:\\\/\\\/www.smartystore.it\\\/fr\\\/prodotto\\\/panneau-daffichage-exterieur-autoportant-a4\\\/#breadcrumb\"},\"inLanguage\":\"fr-FR\",\"potentialAction\":[{\"@type\":\"ReadAction\",\"target\":[\"https:\\\/\\\/www.smartystore.it\\\/fr\\\/prodotto\\\/panneau-daffichage-exterieur-autoportant-a4\\\/\"]}]},{\"@type\":\"ImageObject\",\"inLanguage\":\"fr-FR\",\"@id\":\"https:\\\/\\\/www.smartystore.it\\\/fr\\\/prodotto\\\/panneau-daffichage-exterieur-autoportant-a4\\\/#primaryimage\",\"url\":\"https:\\\/\\\/www.smartystore.it\\\/v25\\\/wp-content\\\/uploads\\\/2019\\\/11\\\/Bacheca-autoportante-per-esterno-formato-A4_-silver-e-nera.jpg\",\"contentUrl\":\"https:\\\/\\\/www.smartystore.it\\\/v25\\\/wp-content\\\/uploads\\\/2019\\\/11\\\/Bacheca-autoportante-per-esterno-formato-A4_-silver-e-nera.jpg\",\"width\":1000,\"height\":1000,\"caption\":\"Panneau d'affichage ext\u00e9rieur autoportant A4\"},{\"@type\":\"BreadcrumbList\",\"@id\":\"https:\\\/\\\/www.smartystore.it\\\/fr\\\/prodotto\\\/panneau-daffichage-exterieur-autoportant-a4\\\/#breadcrumb\",\"itemListElement\":[{\"@type\":\"ListItem\",\"position\":1,\"name\":\"Home\",\"item\":\"https:\\\/\\\/www.smartystore.it\\\/fr\\\/\"},{\"@type\":\"ListItem\",\"position\":2,\"name\":\"Boutique\",\"item\":\"https:\\\/\\\/www.smartystore.it\\\/fr\\\/boutique\\\/\"},{\"@type\":\"ListItem\",\"position\":3,\"name\":\"Panneau d&#8217;affichage ext\u00e9rieur autoportant A4\"}]},{\"@type\":\"WebSite\",\"@id\":\"https:\\\/\\\/www.smartystore.it\\\/fr\\\/#website\",\"url\":\"https:\\\/\\\/www.smartystore.it\\\/fr\\\/\",\"name\":\"Smarty Store\",\"description\":\"Espositori Pubblicitari e Sistemi di Comunicazione Visiva\",\"potentialAction\":[{\"@type\":\"SearchAction\",\"target\":{\"@type\":\"EntryPoint\",\"urlTemplate\":\"https:\\\/\\\/www.smartystore.it\\\/fr\\\/?s={search_term_string}\"},\"query-input\":{\"@type\":\"PropertyValueSpecification\",\"valueRequired\":true,\"valueName\":\"search_term_string\"}}],\"inLanguage\":\"fr-FR\"}]}<\/script>\n<!-- \/ Yoast SEO plugin. -->","yoast_head_json":{"title":"Panneau d'affichage ext\u00e9rieur autoportant A4 - Smarty Store Au Meilleur Prix","description":"Panneau d'affichage ext\u00e9rieur autoportant pour impressions A4 en format portrait avec pupitre autoportant personnalisable","robots":{"index":"index","follow":"follow","max-snippet":"max-snippet:-1","max-image-preview":"max-image-preview:large","max-video-preview":"max-video-preview:-1"},"canonical":"https:\/\/www.smartystore.it\/fr\/prodotto\/panneau-daffichage-exterieur-autoportant-a4\/","og_locale":"fr_FR","og_type":"article","og_title":"Panneau d'affichage ext\u00e9rieur autoportant A4 - Smarty Store Au Meilleur Prix","og_description":"Panneau d'affichage ext\u00e9rieur autoportant pour impressions A4 en format portrait avec pupitre autoportant personnalisable","og_url":"https:\/\/www.smartystore.it\/fr\/prodotto\/panneau-daffichage-exterieur-autoportant-a4\/","og_site_name":"Smarty Store","article_modified_time":"2026-03-14T15:30:27+00:00","og_image":[{"width":1000,"height":1000,"url":"https:\/\/www.smartystore.it\/v25\/wp-content\/uploads\/2019\/11\/Bacheca-autoportante-per-esterno-formato-A4_-silver-e-nera.jpg","type":"image\/jpeg"}],"twitter_card":"summary_large_image","twitter_misc":{"Dur\u00e9e de lecture estim\u00e9e":"4 minutes"},"schema":{"@context":"https:\/\/schema.org","@graph":[{"@type":"WebPage","@id":"https:\/\/www.smartystore.it\/fr\/prodotto\/panneau-daffichage-exterieur-autoportant-a4\/","url":"https:\/\/www.smartystore.it\/fr\/prodotto\/panneau-daffichage-exterieur-autoportant-a4\/","name":"Panneau d'affichage ext\u00e9rieur autoportant A4 - Smarty Store Au Meilleur Prix","isPartOf":{"@id":"https:\/\/www.smartystore.it\/fr\/#website"},"primaryImageOfPage":{"@id":"https:\/\/www.smartystore.it\/fr\/prodotto\/panneau-daffichage-exterieur-autoportant-a4\/#primaryimage"},"image":{"@id":"https:\/\/www.smartystore.it\/fr\/prodotto\/panneau-daffichage-exterieur-autoportant-a4\/#primaryimage"},"thumbnailUrl":"https:\/\/www.smartystore.it\/v25\/wp-content\/uploads\/2019\/11\/Bacheca-autoportante-per-esterno-formato-A4_-silver-e-nera.jpg","datePublished":"2019-11-13T13:23:51+00:00","dateModified":"2026-03-14T15:30:27+00:00","description":"Panneau d'affichage ext\u00e9rieur autoportant pour impressions A4 en format portrait avec pupitre autoportant personnalisable","breadcrumb":{"@id":"https:\/\/www.smartystore.it\/fr\/prodotto\/panneau-daffichage-exterieur-autoportant-a4\/#breadcrumb"},"inLanguage":"fr-FR","potentialAction":[{"@type":"ReadAction","target":["https:\/\/www.smartystore.it\/fr\/prodotto\/panneau-daffichage-exterieur-autoportant-a4\/"]}]},{"@type":"ImageObject","inLanguage":"fr-FR","@id":"https:\/\/www.smartystore.it\/fr\/prodotto\/panneau-daffichage-exterieur-autoportant-a4\/#primaryimage","url":"https:\/\/www.smartystore.it\/v25\/wp-content\/uploads\/2019\/11\/Bacheca-autoportante-per-esterno-formato-A4_-silver-e-nera.jpg","contentUrl":"https:\/\/www.smartystore.it\/v25\/wp-content\/uploads\/2019\/11\/Bacheca-autoportante-per-esterno-formato-A4_-silver-e-nera.jpg","width":1000,"height":1000,"caption":"Panneau d'affichage ext\u00e9rieur autoportant A4"},{"@type":"BreadcrumbList","@id":"https:\/\/www.smartystore.it\/fr\/prodotto\/panneau-daffichage-exterieur-autoportant-a4\/#breadcrumb","itemListElement":[{"@type":"ListItem","position":1,"name":"Home","item":"https:\/\/www.smartystore.it\/fr\/"},{"@type":"ListItem","position":2,"name":"Boutique","item":"https:\/\/www.smartystore.it\/fr\/boutique\/"},{"@type":"ListItem","position":3,"name":"Panneau d&#8217;affichage ext\u00e9rieur autoportant A4"}]},{"@type":"WebSite","@id":"https:\/\/www.smartystore.it\/fr\/#website","url":"https:\/\/www.smartystore.it\/fr\/","name":"Smarty Store","description":"Espositori Pubblicitari e Sistemi di Comunicazione Visiva","potentialAction":[{"@type":"SearchAction","target":{"@type":"EntryPoint","urlTemplate":"https:\/\/www.smartystore.it\/fr\/?s={search_term_string}"},"query-input":{"@type":"PropertyValueSpecification","valueRequired":true,"valueName":"search_term_string"}}],"inLanguage":"fr-FR"}]}},"brands":[],"_links":{"self":[{"href":"https:\/\/www.smartystore.it\/fr\/wp-json\/wp\/v2\/product\/95824","targetHints":{"allow":["GET"]}}],"collection":[{"href":"https:\/\/www.smartystore.it\/fr\/wp-json\/wp\/v2\/product"}],"about":[{"href":"https:\/\/www.smartystore.it\/fr\/wp-json\/wp\/v2\/types\/product"}],"replies":[{"embeddable":true,"href":"https:\/\/www.smartystore.it\/fr\/wp-json\/wp\/v2\/comments?post=95824"}],"wp:featuredmedia":[{"embeddable":true,"href":"https:\/\/www.smartystore.it\/fr\/wp-json\/wp\/v2\/media\/95823"}],"wp:attachment":[{"href":"https:\/\/www.smartystore.it\/fr\/wp-json\/wp\/v2\/media?parent=95824"}],"wp:term":[{"taxonomy":"pwb-brand","embeddable":true,"href":"https:\/\/www.smartystore.it\/fr\/wp-json\/wp\/v2\/pwb-brand?post=95824"},{"taxonomy":"product_brand","embeddable":true,"href":"https:\/\/www.smartystore.it\/fr\/wp-json\/wp\/v2\/product_brand?post=95824"},{"taxonomy":"product_cat","embeddable":true,"href":"https:\/\/www.smartystore.it\/fr\/wp-json\/wp\/v2\/product_cat?post=95824"},{"taxonomy":"product_tag","embeddable":true,"href":"https:\/\/www.smartystore.it\/fr\/wp-json\/wp\/v2\/product_tag?post=95824"}],"curies":[{"name":"wp","href":"https:\/\/api.w.org\/{rel}","templated":true}]}}