{"id":95746,"date":"2014-03-20T16:30:46","date_gmt":"2014-03-20T14:30:46","guid":{"rendered":"https:\/\/www.smartystore.it\/prodotto\/cadre-a-encliqueter-a3-a-coins-arrondis\/"},"modified":"2025-10-09T17:23:29","modified_gmt":"2025-10-09T15:23:29","slug":"cadre-a-encliqueter-a3-a-coins-arrondis","status":"publish","type":"product","link":"https:\/\/www.smartystore.it\/fr\/prodotto\/cadre-a-encliqueter-a3-a-coins-arrondis\/","title":{"rendered":"Cadre \u00e0 encliqueter A3 \u00e0 coins arrondis"},"content":{"rendered":"<div class=\"wpb-content-wrapper\"><p>[vc_row][vc_column][vc_column_text css=\u00a0\u00bb\u00a0\u00bb css_params=\u00a0\u00bb\u00a0\u00bb]<\/p>\n<h1>Cadre photo mural A3 \u00e0 coins arrondis : \u00e9l\u00e9gance et praticit\u00e9 pour toutes les ambiances<\/h1>\n<p>Le cadre mural A3 \u00e0 angle arrondi est la solution id\u00e9ale pour ceux qui souhaitent afficher des posters, des photographies et des documents d&rsquo;information d&rsquo;une mani\u00e8re \u00e9l\u00e9gante et fonctionnelle. Avec un profil de 25 mm, ce cadre est con\u00e7u pour s&rsquo;adapter \u00e0 de nombreux contextes, notamment les magasins, les bureaux, les cabinets m\u00e9dicaux et les bureaux administratifs. Sa polyvalence lui permet de r\u00e9pondre \u00e0 toutes les exigences en mati\u00e8re d&rsquo;affichage, tout en conservant un aspect ordonn\u00e9 et professionnel.  <\/p>\n<p>Fabriqu\u00e9 en aluminium anodis\u00e9, le cadre pr\u00e9sente un design moderne et raffin\u00e9 qui s&rsquo;int\u00e8gre parfaitement \u00e0 tout environnement. Les coins d\u00e9licatement arrondis ajoutent une touche de sophistication, tandis que la finition chrom\u00e9e apporte un \u00e9l\u00e9ment de luminosit\u00e9 et d&rsquo;\u00e9l\u00e9gance. Le mat\u00e9riau est connu pour sa l\u00e9g\u00e8ret\u00e9 et sa solidit\u00e9, ce qui garantit une durabilit\u00e9 sans compromettre l&rsquo;esth\u00e9tique.  <\/p>\n<p>L&rsquo;arri\u00e8re du cadre comporte des trous permettant une fixation facile et s\u00fbre au mur, ce qui facilite l&rsquo;installation. L&#8217;emballage comprend des chevilles pour la fixation, ce qui facilite encore le processus de montage. Gr\u00e2ce \u00e0 sa conception soign\u00e9e, le cadre peut \u00eatre suspendu dans diff\u00e9rentes positions et orientations, ce qui le rend adapt\u00e9 aux affichages verticaux et horizontaux.  <\/p>\n<h2>Cadre mural A3 \u00e0 coins arrondis : prot\u00e8ge vos impressions<\/h2>\n<p>Un autre aspect essentiel de ce cadre est la feuille de protection transparente en PVC antireflet. Cet \u00e9l\u00e9ment prot\u00e8ge non seulement le contenu du cadre de la poussi\u00e8re et des dommages, mais il r\u00e9duit \u00e9galement les reflets, ce qui permet une vue claire et nette du mat\u00e9riel expos\u00e9. Cet \u00e9l\u00e9ment est particuli\u00e8rement utile dans les environnements tr\u00e8s \u00e9clair\u00e9s ou tr\u00e8s fr\u00e9quent\u00e9s, o\u00f9 une bonne visibilit\u00e9 est cruciale.  <\/p>\n<p>Le format standard de l&rsquo;affiche est de 29,7 x 42 cm, ce qui permet \u00e0 ce cadre de s&rsquo;adapter \u00e0 un large \u00e9ventail d&rsquo;utilisations. Qu&rsquo;il s&rsquo;agisse de promotions p\u00e9riodiques, d&rsquo;annonces de services ou de listes de prix, les utilisateurs peuvent afficher leurs documents de mani\u00e8re \u00e9l\u00e9gante, en \u00e9vitant d&rsquo;utiliser des morceaux de ruban adh\u00e9sif disgracieux. <\/p>\n<p>SmartyStore.it est le point de r\u00e9f\u00e9rence pour ceux qui recherchent une vari\u00e9t\u00e9 de cadres \u00e0 clipser \u00e0 des prix comp\u00e9titifs. Gr\u00e2ce \u00e0 sa gamme vari\u00e9e, il est possible de trouver le mod\u00e8le parfait pour chaque type de besoin d&rsquo;affichage, en garantissant un excellent rapport qualit\u00e9-prix. <\/p>\n<p>En r\u00e9sum\u00e9, le cadre clich\u00e9 mural A3 avec coin arrondi est un excellent choix pour ceux qui souhaitent combiner style et fonctionnalit\u00e9, afin de faire de chaque exposition un moment sp\u00e9cial et pr\u00e9cieux.<\/p>\n<p style=\"text-align: center;\">Voyez la gamme de cadres \u00e0 clipser sur ce <strong><br \/>\n  <a href=\"https:\/\/www.smartystore.it\/fr\/categoria-prodotto\/cadres-instantanes\/cadres-clic-clac\/\">LIEN<\/a><br \/>\n<\/strong><\/p>\n<p>&nbsp;<\/p>\n<h3>Caract\u00e9ristiques<\/h3>\n<ol>\n<li>Cadre d&rsquo;encliquetage mural.<\/li>\n<li>Coin rond chrom\u00e9.<\/li>\n<li>Trous au dos pour une application murale.<\/li>\n<li>Utilisation : verticale ou horizontale<\/li>\n<li>Feuille de protection en PVC antireflet.<\/li>\n<li>Profil du cadre : Cadre 25 (largeur du profil 25 mm)<\/li>\n<li>Format de l&rsquo;affiche : A3 (29,7&#215;42).<\/li>\n<li>Mat\u00e9riau du cadre : aluminium<\/li>\n<li>Mat\u00e9riau du fond : polistyr\u00e8ne.<\/li>\n<li>Couleur : aluminium anodis\u00e9.<\/li>\n<li>Surface visible : 27,7 x 40 cm.<\/li>\n<li>Dimensions effectives du cadre : 32,8 x 45,1 cm.<\/li>\n<li>Poids du cadre : 0,63 kg<\/li>\n<\/ol>\n<p>Fourni avec des vis et des chevilles pour le montage mural.<\/p>\n<p>&nbsp;<\/p>\n<p><a href=\"https:\/\/www.smartystore.it\/v25\/wp-content\/uploads\/2013\/11\/STR-CRPT00-01-02-08-04-05-06.25.pdf\" target=\"_blank\" rel=\"noopener\"><img loading=\"lazy\" decoding=\"async\" class=\"alignnone size-full wp-image-93510\" src=\"https:\/\/www.smartystore.it\/v25\/wp-content\/uploads\/2014\/10\/SchedaTecnica-300-e1750084266903.png\" alt=\"\" width=\"249\" height=\"63\"><\/a><\/p>\n<p>[\/vc_column_text][\/vc_column][\/vc_row]<\/p>\n<\/div>","protected":false},"excerpt":{"rendered":"<p>Cadre \u00e0 encliqueter mural en aluminium avec coin arrondi pour les impressions A3.<\/p>\n","protected":false},"featured_media":95745,"comment_status":"open","ping_status":"closed","template":"","meta":{"_acf_changed":false},"pwb-brand":[],"product_brand":[],"product_cat":[3008,2912],"product_tag":[5328,5326,5330,5329,5000,4996,5327,5334,5332,4993,5004,5001,5028,4998,5333,4995,5287,5331,4999],"class_list":{"0":"post-95746","1":"product","2":"type-product","3":"status-publish","4":"has-post-thumbnail","6":"product_cat-cadres-clic-clac","7":"product_cat-cadres-instantanes","8":"product_tag-7x42-fr","9":"product_tag-cadre-a-encliqueter-a3","10":"product_tag-cadre-a-encliqueter-pour-poster-a3","11":"product_tag-cadre-dencliquetage-en-aluminium-a3","12":"product_tag-cadre-dencliquetage-horizontal-et-vertical","13":"product_tag-cadre-mural-encliquetable","14":"product_tag-cadres-a-clipser-a-coins-ronds-29","15":"product_tag-cadres-a-encliqueter-a3-moins-chers","16":"product_tag-cadres-a3-click-clack","17":"product_tag-cadres-clic-clac","18":"product_tag-cadres-click-clac-a-coins-ronds","19":"product_tag-cadres-de-messages-encliquetables","20":"product_tag-cadres-de-qualite-a-prix-reduit","21":"product_tag-cadres-muraux-encliquetables","22":"product_tag-cadres-pour-photos-30x42","23":"product_tag-cadres-snap-a-bas-prix","24":"product_tag-cadres-snap-aux-prix-les-plus-bas","25":"product_tag-clic-clac-cadre-29","26":"product_tag-des-cadres-a-prix-abordables","27":"pa_c2c_angolo-rond","28":"pa_c2c_color-argent","29":"pa_c2c_dimensione-a3-30x42-vert","30":"pa_c2c_mono_bifacciale-simple-face","31":"pa_c2c_trovraprezzi-oui","33":"first","34":"instock","35":"taxable","36":"shipping-taxable","37":"purchasable","38":"product-type-variable"},"acf":[],"yoast_head":"<!-- This site is optimized with the Yoast SEO plugin v27.4 - https:\/\/yoast.com\/product\/yoast-seo-wordpress\/ -->\n<title>Cadre mural A3 \u00e0 coins ronds 25<\/title>\n<meta name=\"description\" content=\"Cadre mural en aluminium A3 30x42 \u00e0 coins arrondis. Achetez des cadres muraux \u00e0 utiliser comme syst\u00e8mes de communication modernes.\" \/>\n<meta name=\"robots\" content=\"index, follow, max-snippet:-1, max-image-preview:large, max-video-preview:-1\" \/>\n<link rel=\"canonical\" href=\"https:\/\/www.smartystore.it\/fr\/prodotto\/cadre-a-encliqueter-a3-a-coins-arrondis\/\" \/>\n<meta property=\"og:locale\" content=\"fr_FR\" \/>\n<meta property=\"og:type\" content=\"article\" \/>\n<meta property=\"og:title\" content=\"Cadre mural A3 \u00e0 coins ronds 25\" \/>\n<meta property=\"og:description\" content=\"Cadre mural en aluminium A3 30x42 \u00e0 coins arrondis. Achetez des cadres muraux \u00e0 utiliser comme syst\u00e8mes de communication modernes.\" \/>\n<meta property=\"og:url\" content=\"https:\/\/www.smartystore.it\/fr\/prodotto\/cadre-a-encliqueter-a3-a-coins-arrondis\/\" \/>\n<meta property=\"og:site_name\" content=\"Smarty Store\" \/>\n<meta property=\"article:modified_time\" content=\"2025-10-09T15:23:29+00:00\" \/>\n<meta property=\"og:image\" content=\"https:\/\/www.smartystore.it\/v25\/wp-content\/uploads\/2014\/03\/Cornice-a-scatto-parete-A3-frame-25-angolo-tondo-cromato-1.jpg\" \/>\n\t<meta property=\"og:image:width\" content=\"1000\" \/>\n\t<meta property=\"og:image:height\" content=\"1000\" \/>\n\t<meta property=\"og:image:type\" content=\"image\/jpeg\" \/>\n<meta name=\"twitter:card\" content=\"summary_large_image\" \/>\n<meta name=\"twitter:label1\" content=\"Dur\u00e9e de lecture estim\u00e9e\" \/>\n\t<meta name=\"twitter:data1\" content=\"4 minutes\" \/>\n<script type=\"application\/ld+json\" class=\"yoast-schema-graph\">{\"@context\":\"https:\\\/\\\/schema.org\",\"@graph\":[{\"@type\":\"WebPage\",\"@id\":\"https:\\\/\\\/www.smartystore.it\\\/fr\\\/prodotto\\\/cadre-a-encliqueter-a3-a-coins-arrondis\\\/\",\"url\":\"https:\\\/\\\/www.smartystore.it\\\/fr\\\/prodotto\\\/cadre-a-encliqueter-a3-a-coins-arrondis\\\/\",\"name\":\"Cadre mural A3 \u00e0 coins ronds 25\",\"isPartOf\":{\"@id\":\"https:\\\/\\\/www.smartystore.it\\\/fr\\\/#website\"},\"primaryImageOfPage\":{\"@id\":\"https:\\\/\\\/www.smartystore.it\\\/fr\\\/prodotto\\\/cadre-a-encliqueter-a3-a-coins-arrondis\\\/#primaryimage\"},\"image\":{\"@id\":\"https:\\\/\\\/www.smartystore.it\\\/fr\\\/prodotto\\\/cadre-a-encliqueter-a3-a-coins-arrondis\\\/#primaryimage\"},\"thumbnailUrl\":\"https:\\\/\\\/www.smartystore.it\\\/v25\\\/wp-content\\\/uploads\\\/2014\\\/03\\\/Cornice-a-scatto-parete-A3-frame-25-angolo-tondo-cromato-1.jpg\",\"datePublished\":\"2014-03-20T14:30:46+00:00\",\"dateModified\":\"2025-10-09T15:23:29+00:00\",\"description\":\"Cadre mural en aluminium A3 30x42 \u00e0 coins arrondis. Achetez des cadres muraux \u00e0 utiliser comme syst\u00e8mes de communication modernes.\",\"breadcrumb\":{\"@id\":\"https:\\\/\\\/www.smartystore.it\\\/fr\\\/prodotto\\\/cadre-a-encliqueter-a3-a-coins-arrondis\\\/#breadcrumb\"},\"inLanguage\":\"fr-FR\",\"potentialAction\":[{\"@type\":\"ReadAction\",\"target\":[\"https:\\\/\\\/www.smartystore.it\\\/fr\\\/prodotto\\\/cadre-a-encliqueter-a3-a-coins-arrondis\\\/\"]}]},{\"@type\":\"ImageObject\",\"inLanguage\":\"fr-FR\",\"@id\":\"https:\\\/\\\/www.smartystore.it\\\/fr\\\/prodotto\\\/cadre-a-encliqueter-a3-a-coins-arrondis\\\/#primaryimage\",\"url\":\"https:\\\/\\\/www.smartystore.it\\\/v25\\\/wp-content\\\/uploads\\\/2014\\\/03\\\/Cornice-a-scatto-parete-A3-frame-25-angolo-tondo-cromato-1.jpg\",\"contentUrl\":\"https:\\\/\\\/www.smartystore.it\\\/v25\\\/wp-content\\\/uploads\\\/2014\\\/03\\\/Cornice-a-scatto-parete-A3-frame-25-angolo-tondo-cromato-1.jpg\",\"width\":1000,\"height\":1000,\"caption\":\"Cadre \u00e0 encliqueter A3 \u00e0 coins arrondis\"},{\"@type\":\"BreadcrumbList\",\"@id\":\"https:\\\/\\\/www.smartystore.it\\\/fr\\\/prodotto\\\/cadre-a-encliqueter-a3-a-coins-arrondis\\\/#breadcrumb\",\"itemListElement\":[{\"@type\":\"ListItem\",\"position\":1,\"name\":\"Home\",\"item\":\"https:\\\/\\\/www.smartystore.it\\\/fr\\\/\"},{\"@type\":\"ListItem\",\"position\":2,\"name\":\"Boutique\",\"item\":\"https:\\\/\\\/www.smartystore.it\\\/fr\\\/boutique\\\/\"},{\"@type\":\"ListItem\",\"position\":3,\"name\":\"Cadre \u00e0 encliqueter A3 \u00e0 coins arrondis\"}]},{\"@type\":\"WebSite\",\"@id\":\"https:\\\/\\\/www.smartystore.it\\\/fr\\\/#website\",\"url\":\"https:\\\/\\\/www.smartystore.it\\\/fr\\\/\",\"name\":\"Smarty Store\",\"description\":\"Espositori Pubblicitari e Sistemi di Comunicazione Visiva\",\"potentialAction\":[{\"@type\":\"SearchAction\",\"target\":{\"@type\":\"EntryPoint\",\"urlTemplate\":\"https:\\\/\\\/www.smartystore.it\\\/fr\\\/?s={search_term_string}\"},\"query-input\":{\"@type\":\"PropertyValueSpecification\",\"valueRequired\":true,\"valueName\":\"search_term_string\"}}],\"inLanguage\":\"fr-FR\"}]}<\/script>\n<!-- \/ Yoast SEO plugin. -->","yoast_head_json":{"title":"Cadre mural A3 \u00e0 coins ronds 25","description":"Cadre mural en aluminium A3 30x42 \u00e0 coins arrondis. Achetez des cadres muraux \u00e0 utiliser comme syst\u00e8mes de communication modernes.","robots":{"index":"index","follow":"follow","max-snippet":"max-snippet:-1","max-image-preview":"max-image-preview:large","max-video-preview":"max-video-preview:-1"},"canonical":"https:\/\/www.smartystore.it\/fr\/prodotto\/cadre-a-encliqueter-a3-a-coins-arrondis\/","og_locale":"fr_FR","og_type":"article","og_title":"Cadre mural A3 \u00e0 coins ronds 25","og_description":"Cadre mural en aluminium A3 30x42 \u00e0 coins arrondis. Achetez des cadres muraux \u00e0 utiliser comme syst\u00e8mes de communication modernes.","og_url":"https:\/\/www.smartystore.it\/fr\/prodotto\/cadre-a-encliqueter-a3-a-coins-arrondis\/","og_site_name":"Smarty Store","article_modified_time":"2025-10-09T15:23:29+00:00","og_image":[{"width":1000,"height":1000,"url":"https:\/\/www.smartystore.it\/v25\/wp-content\/uploads\/2014\/03\/Cornice-a-scatto-parete-A3-frame-25-angolo-tondo-cromato-1.jpg","type":"image\/jpeg"}],"twitter_card":"summary_large_image","twitter_misc":{"Dur\u00e9e de lecture estim\u00e9e":"4 minutes"},"schema":{"@context":"https:\/\/schema.org","@graph":[{"@type":"WebPage","@id":"https:\/\/www.smartystore.it\/fr\/prodotto\/cadre-a-encliqueter-a3-a-coins-arrondis\/","url":"https:\/\/www.smartystore.it\/fr\/prodotto\/cadre-a-encliqueter-a3-a-coins-arrondis\/","name":"Cadre mural A3 \u00e0 coins ronds 25","isPartOf":{"@id":"https:\/\/www.smartystore.it\/fr\/#website"},"primaryImageOfPage":{"@id":"https:\/\/www.smartystore.it\/fr\/prodotto\/cadre-a-encliqueter-a3-a-coins-arrondis\/#primaryimage"},"image":{"@id":"https:\/\/www.smartystore.it\/fr\/prodotto\/cadre-a-encliqueter-a3-a-coins-arrondis\/#primaryimage"},"thumbnailUrl":"https:\/\/www.smartystore.it\/v25\/wp-content\/uploads\/2014\/03\/Cornice-a-scatto-parete-A3-frame-25-angolo-tondo-cromato-1.jpg","datePublished":"2014-03-20T14:30:46+00:00","dateModified":"2025-10-09T15:23:29+00:00","description":"Cadre mural en aluminium A3 30x42 \u00e0 coins arrondis. Achetez des cadres muraux \u00e0 utiliser comme syst\u00e8mes de communication modernes.","breadcrumb":{"@id":"https:\/\/www.smartystore.it\/fr\/prodotto\/cadre-a-encliqueter-a3-a-coins-arrondis\/#breadcrumb"},"inLanguage":"fr-FR","potentialAction":[{"@type":"ReadAction","target":["https:\/\/www.smartystore.it\/fr\/prodotto\/cadre-a-encliqueter-a3-a-coins-arrondis\/"]}]},{"@type":"ImageObject","inLanguage":"fr-FR","@id":"https:\/\/www.smartystore.it\/fr\/prodotto\/cadre-a-encliqueter-a3-a-coins-arrondis\/#primaryimage","url":"https:\/\/www.smartystore.it\/v25\/wp-content\/uploads\/2014\/03\/Cornice-a-scatto-parete-A3-frame-25-angolo-tondo-cromato-1.jpg","contentUrl":"https:\/\/www.smartystore.it\/v25\/wp-content\/uploads\/2014\/03\/Cornice-a-scatto-parete-A3-frame-25-angolo-tondo-cromato-1.jpg","width":1000,"height":1000,"caption":"Cadre \u00e0 encliqueter A3 \u00e0 coins arrondis"},{"@type":"BreadcrumbList","@id":"https:\/\/www.smartystore.it\/fr\/prodotto\/cadre-a-encliqueter-a3-a-coins-arrondis\/#breadcrumb","itemListElement":[{"@type":"ListItem","position":1,"name":"Home","item":"https:\/\/www.smartystore.it\/fr\/"},{"@type":"ListItem","position":2,"name":"Boutique","item":"https:\/\/www.smartystore.it\/fr\/boutique\/"},{"@type":"ListItem","position":3,"name":"Cadre \u00e0 encliqueter A3 \u00e0 coins arrondis"}]},{"@type":"WebSite","@id":"https:\/\/www.smartystore.it\/fr\/#website","url":"https:\/\/www.smartystore.it\/fr\/","name":"Smarty Store","description":"Espositori Pubblicitari e Sistemi di Comunicazione Visiva","potentialAction":[{"@type":"SearchAction","target":{"@type":"EntryPoint","urlTemplate":"https:\/\/www.smartystore.it\/fr\/?s={search_term_string}"},"query-input":{"@type":"PropertyValueSpecification","valueRequired":true,"valueName":"search_term_string"}}],"inLanguage":"fr-FR"}]}},"brands":[],"_links":{"self":[{"href":"https:\/\/www.smartystore.it\/fr\/wp-json\/wp\/v2\/product\/95746","targetHints":{"allow":["GET"]}}],"collection":[{"href":"https:\/\/www.smartystore.it\/fr\/wp-json\/wp\/v2\/product"}],"about":[{"href":"https:\/\/www.smartystore.it\/fr\/wp-json\/wp\/v2\/types\/product"}],"replies":[{"embeddable":true,"href":"https:\/\/www.smartystore.it\/fr\/wp-json\/wp\/v2\/comments?post=95746"}],"wp:featuredmedia":[{"embeddable":true,"href":"https:\/\/www.smartystore.it\/fr\/wp-json\/wp\/v2\/media\/95745"}],"wp:attachment":[{"href":"https:\/\/www.smartystore.it\/fr\/wp-json\/wp\/v2\/media?parent=95746"}],"wp:term":[{"taxonomy":"pwb-brand","embeddable":true,"href":"https:\/\/www.smartystore.it\/fr\/wp-json\/wp\/v2\/pwb-brand?post=95746"},{"taxonomy":"product_brand","embeddable":true,"href":"https:\/\/www.smartystore.it\/fr\/wp-json\/wp\/v2\/product_brand?post=95746"},{"taxonomy":"product_cat","embeddable":true,"href":"https:\/\/www.smartystore.it\/fr\/wp-json\/wp\/v2\/product_cat?post=95746"},{"taxonomy":"product_tag","embeddable":true,"href":"https:\/\/www.smartystore.it\/fr\/wp-json\/wp\/v2\/product_tag?post=95746"}],"curies":[{"name":"wp","href":"https:\/\/api.w.org\/{rel}","templated":true}]}}