{"id":95726,"date":"2025-10-09T10:47:03","date_gmt":"2025-10-09T08:47:03","guid":{"rendered":"https:\/\/www.smartystore.it\/prodotto\/cadre-a-encliqueter-50x70-coin-rond\/"},"modified":"2025-10-09T10:51:59","modified_gmt":"2025-10-09T08:51:59","slug":"cadre-a-encliqueter-50x70-coin-rond","status":"publish","type":"product","link":"https:\/\/www.smartystore.it\/fr\/prodotto\/cadre-a-encliqueter-50x70-coin-rond\/","title":{"rendered":"Cadre \u00e0 encliqueter 50&#215;70 coin rond"},"content":{"rendered":"<div class=\"wpb-content-wrapper\"><p>[vc_row][vc_column][vc_column_text css=\u00a0\u00bb\u00a0\u00bb css_params=\u00a0\u00bb\u00a0\u00bb]<\/p>\n<h1>Cadre \u00e0 encliqueter 50&#215;70 avec coin arrondi<\/h1>\n<p>Le cadre snap 50&#215;70 avec coin mural rond est un accessoire indispensable pour ceux qui souhaitent afficher leurs posters, photographies et communications de mani\u00e8re \u00e9l\u00e9gante et professionnelle. Caract\u00e9ris\u00e9 par un design \u00e9pur\u00e9 et intuitif, ce cadre se distingue par son angle rond chrom\u00e9, qui ajoute une touche d&rsquo;\u00e9l\u00e9gance contemporaine \u00e0 n&rsquo;importe quelle pi\u00e8ce.<\/p>\n<p>Fabriqu\u00e9 en aluminium anodis\u00e9, le cadre garantit durabilit\u00e9 et r\u00e9sistance dans le temps, tout en conservant un aspect esth\u00e9tique. Sa structure l\u00e9g\u00e8re et robuste est con\u00e7ue pour faciliter l&rsquo;utilisation quotidienne, en permettant d&rsquo;ins\u00e9rer et de remplacer facilement le mat\u00e9riel d&rsquo;affichage. Le profil du cadre, appel\u00e9 Frame 25, a une largeur de 25 mm, ce qui assure la stabilit\u00e9 et le soutien du contenu affich\u00e9.<\/p>\n<h2>Cadre \u00e0 encliqueter 50&#215;70 avec coin arrondi : prot\u00e8ge chaque impression<\/h2>\n<p>L&rsquo;une des caract\u00e9ristiques les plus appr\u00e9ci\u00e9es de ce cadre est la feuille de protection en PVC transparent et antireflet. Cette couche prot\u00e8ge non seulement votre mat\u00e9riel de la poussi\u00e8re et des rayures, mais r\u00e9duit \u00e9galement les reflets de la lumi\u00e8re, garantissant ainsi une visibilit\u00e9 optimale dans toutes les conditions d&rsquo;\u00e9clairage. Ainsi, que vous exposiez des \u0153uvres d&rsquo;art, des communications d&rsquo;entreprise ou des listes de prix, le cadre \u00e0 encliqueter offre toujours une pr\u00e9sentation impeccable.<\/p>\n<p>Pour faciliter l&rsquo;installation, le cadre est dot\u00e9 de trous au dos pour une fixation murale. Des chevilles et des vis de fixation sont incluses dans l&#8217;emballage, ce qui permet de monter le cadre rapidement et en toute s\u00e9curit\u00e9 sans avoir besoin d&rsquo;accessoires suppl\u00e9mentaires. Il s&rsquo;agit donc d&rsquo;un choix id\u00e9al pour les magasins, les bureaux, les cabinets m\u00e9dicaux et les bureaux administratifs, o\u00f9 il est essentiel de maintenir une apparence ordonn\u00e9e et \u00e9l\u00e9gante.<\/p>\n<h2>La large gamme de cadres \u00e0 clipser de SmartyStore<\/h2>\n<p>SmartyStore.fr s&rsquo;engage \u00e0 offrir une large gamme de cadres \u00e0 pression \u00e0 des prix comp\u00e9titifs, afin que chaque client puisse trouver la solution d&rsquo;affichage qui r\u00e9pond le mieux \u00e0 ses besoins. Avec le cadre snap 50&#215;70, vous pouvez afficher vos impressions de mani\u00e8re raffin\u00e9e et pratique, en \u00e9vitant les solutions adh\u00e9sives inesth\u00e9tiques qui compromettent souvent l&rsquo;aspect final de l&rsquo;information que vous souhaitez partager. Optez pour la qualit\u00e9 et l&rsquo;\u00e9l\u00e9gance de notre cadre clipsable et rehaussez votre espace avec style.<\/p>\n<p>Voyez la gamme de cadres \u00e0 clipser sur ce <span style=\"color: #ff0000;\"><strong><a style=\"color: #ff0000;\" href=\"https:\/\/www.smartystore.it\/fr\/categoria-prodotto\/cadres-instantanes\/cadres-clic-clac\/\">LIEN<\/a><br \/>\n<\/strong><br \/>\n<\/span><\/p>\n<p>&nbsp;<\/p>\n<h3>Caract\u00e9ristiques<\/h3>\n<ol>\n<li>Cadre d&rsquo;encliquetage mural.<\/li>\n<li>Coin rond chrom\u00e9.<\/li>\n<li>Trous au dos pour une application murale.<\/li>\n<li>Utilisation : verticale ou horizontale<\/li>\n<li>Feuille de protection en PVC antireflet.<\/li>\n<li>Profil du cadre : Cadre 25.<\/li>\n<li>Taille de l&rsquo;affiche : 50&#215;70.<\/li>\n<li>Mat\u00e9riau du cadre : aluminium<\/li>\n<li>Mat\u00e9riau du fond : polistyr\u00e8ne.<\/li>\n<li>Couleur : aluminium anodis\u00e9.<\/li>\n<li>Zone visible : 48 x 68 cm.<\/li>\n<li>Dimensions effectives du cadre : 53,1 x 73,1 cm.<\/li>\n<li>Poids du cadre : 1,29 kg.<\/li>\n<\/ol>\n<p>Fourni avec des vis et des chevilles pour un montage mural vertical ou horizontal.<\/p>\n<p>&nbsp;<\/p>\n<p><a href=\"https:\/\/www.smartystore.it\/v25\/wp-content\/uploads\/2013\/11\/STR-CRPT00-01-02-08-04-05-06.25.pdf\" target=\"_blank\" rel=\"noopener\"><img loading=\"lazy\" decoding=\"async\" class=\"alignnone size-full wp-image-93510\" src=\"https:\/\/www.smartystore.it\/v25\/wp-content\/uploads\/2014\/10\/SchedaTecnica-300-e1750084266903.png\" alt=\"\" width=\"249\" height=\"63\" \/><\/a>[\/vc_column_text][\/vc_column][\/vc_row]<\/p>\n<\/div>","protected":false},"excerpt":{"rendered":"<p>Cadre \u00e0 encliqueter mural en aluminium avec coins arrondis pour les impressions 50&#215;70.<\/p>\n","protected":false},"featured_media":95712,"comment_status":"open","ping_status":"closed","template":"","meta":{"_acf_changed":false},"pwb-brand":[],"product_brand":[],"product_cat":[3008,2912],"product_tag":[5279,5283,5282,5000,5281,4996,5286,5280,4993,5004,5284,5001,5028,4998,5285,4995,5287,4999],"class_list":{"0":"post-95726","1":"product","2":"type-product","3":"status-publish","4":"has-post-thumbnail","6":"product_cat-cadres-clic-clac","7":"product_cat-cadres-instantanes","8":"product_tag-cadre-a-encliqueter-50x70","9":"product_tag-cadre-click-clac-50x70","10":"product_tag-cadre-daffichage-50x70","11":"product_tag-cadre-dencliquetage-horizontal-et-vertical","12":"product_tag-cadre-en-aluminium-50x70","13":"product_tag-cadre-mural-encliquetable","14":"product_tag-cadres-a-clipser-50x70-les-moins-chers","15":"product_tag-cadres-a-coins-ronds-50x70","16":"product_tag-cadres-clic-clac","17":"product_tag-cadres-click-clac-a-coins-ronds","18":"product_tag-cadres-click-clack-50x70","19":"product_tag-cadres-de-messages-encliquetables","20":"product_tag-cadres-de-qualite-a-prix-reduit","21":"product_tag-cadres-muraux-encliquetables","22":"product_tag-cadres-photo-encliquetables-50x70","23":"product_tag-cadres-snap-a-bas-prix","24":"product_tag-cadres-snap-aux-prix-les-plus-bas","25":"product_tag-des-cadres-a-prix-abordables","27":"first","28":"instock","29":"taxable","30":"shipping-taxable","31":"purchasable","32":"product-type-simple"},"acf":[],"yoast_head":"<!-- This site is optimized with the Yoast SEO plugin v27.4 - https:\/\/yoast.com\/product\/yoast-seo-wordpress\/ -->\n<title>Cadre \u00e0 encliqueter 50x70 coin rond<\/title>\n<meta name=\"description\" content=\"Cadre \u00e0 encliqueter 50x70 coin rond pour montage mural. Achetez des cadres muraux \u00e0 utiliser comme syst\u00e8mes de communication modernes. Maintenant sur SmartyStore\" \/>\n<meta name=\"robots\" content=\"index, follow, max-snippet:-1, max-image-preview:large, max-video-preview:-1\" \/>\n<link rel=\"canonical\" href=\"https:\/\/www.smartystore.it\/fr\/prodotto\/cadre-a-encliqueter-50x70-coin-rond\/\" \/>\n<meta property=\"og:locale\" content=\"fr_FR\" \/>\n<meta property=\"og:type\" content=\"article\" \/>\n<meta property=\"og:title\" content=\"Cadre \u00e0 encliqueter 50x70 coin rond\" \/>\n<meta property=\"og:description\" content=\"Cadre \u00e0 encliqueter 50x70 coin rond pour montage mural. Achetez des cadres muraux \u00e0 utiliser comme syst\u00e8mes de communication modernes. Maintenant sur SmartyStore\" \/>\n<meta property=\"og:url\" content=\"https:\/\/www.smartystore.it\/fr\/prodotto\/cadre-a-encliqueter-50x70-coin-rond\/\" \/>\n<meta property=\"og:site_name\" content=\"Smarty Store\" \/>\n<meta property=\"article:modified_time\" content=\"2025-10-09T08:51:59+00:00\" \/>\n<meta property=\"og:image\" content=\"https:\/\/www.smartystore.it\/v25\/wp-content\/uploads\/2014\/03\/Cornice-a-scatto-parete-50x70-frame-25-angolo-tondo-cromato-1.jpg\" \/>\n\t<meta property=\"og:image:width\" content=\"1000\" \/>\n\t<meta property=\"og:image:height\" content=\"1000\" \/>\n\t<meta property=\"og:image:type\" content=\"image\/jpeg\" \/>\n<meta name=\"twitter:card\" content=\"summary_large_image\" \/>\n<meta name=\"twitter:label1\" content=\"Dur\u00e9e de lecture estim\u00e9e\" \/>\n\t<meta name=\"twitter:data1\" content=\"3 minutes\" \/>\n<script type=\"application\/ld+json\" class=\"yoast-schema-graph\">{\"@context\":\"https:\\\/\\\/schema.org\",\"@graph\":[{\"@type\":\"WebPage\",\"@id\":\"https:\\\/\\\/www.smartystore.it\\\/fr\\\/prodotto\\\/cadre-a-encliqueter-50x70-coin-rond\\\/\",\"url\":\"https:\\\/\\\/www.smartystore.it\\\/fr\\\/prodotto\\\/cadre-a-encliqueter-50x70-coin-rond\\\/\",\"name\":\"Cadre \u00e0 encliqueter 50x70 coin rond\",\"isPartOf\":{\"@id\":\"https:\\\/\\\/www.smartystore.it\\\/fr\\\/#website\"},\"primaryImageOfPage\":{\"@id\":\"https:\\\/\\\/www.smartystore.it\\\/fr\\\/prodotto\\\/cadre-a-encliqueter-50x70-coin-rond\\\/#primaryimage\"},\"image\":{\"@id\":\"https:\\\/\\\/www.smartystore.it\\\/fr\\\/prodotto\\\/cadre-a-encliqueter-50x70-coin-rond\\\/#primaryimage\"},\"thumbnailUrl\":\"https:\\\/\\\/www.smartystore.it\\\/v25\\\/wp-content\\\/uploads\\\/2014\\\/03\\\/Cornice-a-scatto-parete-50x70-frame-25-angolo-tondo-cromato-1.jpg\",\"datePublished\":\"2025-10-09T08:47:03+00:00\",\"dateModified\":\"2025-10-09T08:51:59+00:00\",\"description\":\"Cadre \u00e0 encliqueter 50x70 coin rond pour montage mural. Achetez des cadres muraux \u00e0 utiliser comme syst\u00e8mes de communication modernes. Maintenant sur SmartyStore\",\"breadcrumb\":{\"@id\":\"https:\\\/\\\/www.smartystore.it\\\/fr\\\/prodotto\\\/cadre-a-encliqueter-50x70-coin-rond\\\/#breadcrumb\"},\"inLanguage\":\"fr-FR\",\"potentialAction\":[{\"@type\":\"ReadAction\",\"target\":[\"https:\\\/\\\/www.smartystore.it\\\/fr\\\/prodotto\\\/cadre-a-encliqueter-50x70-coin-rond\\\/\"]}]},{\"@type\":\"ImageObject\",\"inLanguage\":\"fr-FR\",\"@id\":\"https:\\\/\\\/www.smartystore.it\\\/fr\\\/prodotto\\\/cadre-a-encliqueter-50x70-coin-rond\\\/#primaryimage\",\"url\":\"https:\\\/\\\/www.smartystore.it\\\/v25\\\/wp-content\\\/uploads\\\/2014\\\/03\\\/Cornice-a-scatto-parete-50x70-frame-25-angolo-tondo-cromato-1.jpg\",\"contentUrl\":\"https:\\\/\\\/www.smartystore.it\\\/v25\\\/wp-content\\\/uploads\\\/2014\\\/03\\\/Cornice-a-scatto-parete-50x70-frame-25-angolo-tondo-cromato-1.jpg\",\"width\":1000,\"height\":1000,\"caption\":\"Cadre \u00e0 encliqueter 50x70 coin rond\"},{\"@type\":\"BreadcrumbList\",\"@id\":\"https:\\\/\\\/www.smartystore.it\\\/fr\\\/prodotto\\\/cadre-a-encliqueter-50x70-coin-rond\\\/#breadcrumb\",\"itemListElement\":[{\"@type\":\"ListItem\",\"position\":1,\"name\":\"Home\",\"item\":\"https:\\\/\\\/www.smartystore.it\\\/fr\\\/\"},{\"@type\":\"ListItem\",\"position\":2,\"name\":\"Boutique\",\"item\":\"https:\\\/\\\/www.smartystore.it\\\/fr\\\/boutique\\\/\"},{\"@type\":\"ListItem\",\"position\":3,\"name\":\"Cadre \u00e0 encliqueter 50&#215;70 coin rond\"}]},{\"@type\":\"WebSite\",\"@id\":\"https:\\\/\\\/www.smartystore.it\\\/fr\\\/#website\",\"url\":\"https:\\\/\\\/www.smartystore.it\\\/fr\\\/\",\"name\":\"Smarty Store\",\"description\":\"Espositori Pubblicitari e Sistemi di Comunicazione Visiva\",\"potentialAction\":[{\"@type\":\"SearchAction\",\"target\":{\"@type\":\"EntryPoint\",\"urlTemplate\":\"https:\\\/\\\/www.smartystore.it\\\/fr\\\/?s={search_term_string}\"},\"query-input\":{\"@type\":\"PropertyValueSpecification\",\"valueRequired\":true,\"valueName\":\"search_term_string\"}}],\"inLanguage\":\"fr-FR\"}]}<\/script>\n<!-- \/ Yoast SEO plugin. -->","yoast_head_json":{"title":"Cadre \u00e0 encliqueter 50x70 coin rond","description":"Cadre \u00e0 encliqueter 50x70 coin rond pour montage mural. Achetez des cadres muraux \u00e0 utiliser comme syst\u00e8mes de communication modernes. Maintenant sur SmartyStore","robots":{"index":"index","follow":"follow","max-snippet":"max-snippet:-1","max-image-preview":"max-image-preview:large","max-video-preview":"max-video-preview:-1"},"canonical":"https:\/\/www.smartystore.it\/fr\/prodotto\/cadre-a-encliqueter-50x70-coin-rond\/","og_locale":"fr_FR","og_type":"article","og_title":"Cadre \u00e0 encliqueter 50x70 coin rond","og_description":"Cadre \u00e0 encliqueter 50x70 coin rond pour montage mural. Achetez des cadres muraux \u00e0 utiliser comme syst\u00e8mes de communication modernes. Maintenant sur SmartyStore","og_url":"https:\/\/www.smartystore.it\/fr\/prodotto\/cadre-a-encliqueter-50x70-coin-rond\/","og_site_name":"Smarty Store","article_modified_time":"2025-10-09T08:51:59+00:00","og_image":[{"width":1000,"height":1000,"url":"https:\/\/www.smartystore.it\/v25\/wp-content\/uploads\/2014\/03\/Cornice-a-scatto-parete-50x70-frame-25-angolo-tondo-cromato-1.jpg","type":"image\/jpeg"}],"twitter_card":"summary_large_image","twitter_misc":{"Dur\u00e9e de lecture estim\u00e9e":"3 minutes"},"schema":{"@context":"https:\/\/schema.org","@graph":[{"@type":"WebPage","@id":"https:\/\/www.smartystore.it\/fr\/prodotto\/cadre-a-encliqueter-50x70-coin-rond\/","url":"https:\/\/www.smartystore.it\/fr\/prodotto\/cadre-a-encliqueter-50x70-coin-rond\/","name":"Cadre \u00e0 encliqueter 50x70 coin rond","isPartOf":{"@id":"https:\/\/www.smartystore.it\/fr\/#website"},"primaryImageOfPage":{"@id":"https:\/\/www.smartystore.it\/fr\/prodotto\/cadre-a-encliqueter-50x70-coin-rond\/#primaryimage"},"image":{"@id":"https:\/\/www.smartystore.it\/fr\/prodotto\/cadre-a-encliqueter-50x70-coin-rond\/#primaryimage"},"thumbnailUrl":"https:\/\/www.smartystore.it\/v25\/wp-content\/uploads\/2014\/03\/Cornice-a-scatto-parete-50x70-frame-25-angolo-tondo-cromato-1.jpg","datePublished":"2025-10-09T08:47:03+00:00","dateModified":"2025-10-09T08:51:59+00:00","description":"Cadre \u00e0 encliqueter 50x70 coin rond pour montage mural. Achetez des cadres muraux \u00e0 utiliser comme syst\u00e8mes de communication modernes. Maintenant sur SmartyStore","breadcrumb":{"@id":"https:\/\/www.smartystore.it\/fr\/prodotto\/cadre-a-encliqueter-50x70-coin-rond\/#breadcrumb"},"inLanguage":"fr-FR","potentialAction":[{"@type":"ReadAction","target":["https:\/\/www.smartystore.it\/fr\/prodotto\/cadre-a-encliqueter-50x70-coin-rond\/"]}]},{"@type":"ImageObject","inLanguage":"fr-FR","@id":"https:\/\/www.smartystore.it\/fr\/prodotto\/cadre-a-encliqueter-50x70-coin-rond\/#primaryimage","url":"https:\/\/www.smartystore.it\/v25\/wp-content\/uploads\/2014\/03\/Cornice-a-scatto-parete-50x70-frame-25-angolo-tondo-cromato-1.jpg","contentUrl":"https:\/\/www.smartystore.it\/v25\/wp-content\/uploads\/2014\/03\/Cornice-a-scatto-parete-50x70-frame-25-angolo-tondo-cromato-1.jpg","width":1000,"height":1000,"caption":"Cadre \u00e0 encliqueter 50x70 coin rond"},{"@type":"BreadcrumbList","@id":"https:\/\/www.smartystore.it\/fr\/prodotto\/cadre-a-encliqueter-50x70-coin-rond\/#breadcrumb","itemListElement":[{"@type":"ListItem","position":1,"name":"Home","item":"https:\/\/www.smartystore.it\/fr\/"},{"@type":"ListItem","position":2,"name":"Boutique","item":"https:\/\/www.smartystore.it\/fr\/boutique\/"},{"@type":"ListItem","position":3,"name":"Cadre \u00e0 encliqueter 50&#215;70 coin rond"}]},{"@type":"WebSite","@id":"https:\/\/www.smartystore.it\/fr\/#website","url":"https:\/\/www.smartystore.it\/fr\/","name":"Smarty Store","description":"Espositori Pubblicitari e Sistemi di Comunicazione Visiva","potentialAction":[{"@type":"SearchAction","target":{"@type":"EntryPoint","urlTemplate":"https:\/\/www.smartystore.it\/fr\/?s={search_term_string}"},"query-input":{"@type":"PropertyValueSpecification","valueRequired":true,"valueName":"search_term_string"}}],"inLanguage":"fr-FR"}]}},"brands":[],"_links":{"self":[{"href":"https:\/\/www.smartystore.it\/fr\/wp-json\/wp\/v2\/product\/95726","targetHints":{"allow":["GET"]}}],"collection":[{"href":"https:\/\/www.smartystore.it\/fr\/wp-json\/wp\/v2\/product"}],"about":[{"href":"https:\/\/www.smartystore.it\/fr\/wp-json\/wp\/v2\/types\/product"}],"replies":[{"embeddable":true,"href":"https:\/\/www.smartystore.it\/fr\/wp-json\/wp\/v2\/comments?post=95726"}],"wp:featuredmedia":[{"embeddable":true,"href":"https:\/\/www.smartystore.it\/fr\/wp-json\/wp\/v2\/media\/95712"}],"wp:attachment":[{"href":"https:\/\/www.smartystore.it\/fr\/wp-json\/wp\/v2\/media?parent=95726"}],"wp:term":[{"taxonomy":"pwb-brand","embeddable":true,"href":"https:\/\/www.smartystore.it\/fr\/wp-json\/wp\/v2\/pwb-brand?post=95726"},{"taxonomy":"product_brand","embeddable":true,"href":"https:\/\/www.smartystore.it\/fr\/wp-json\/wp\/v2\/product_brand?post=95726"},{"taxonomy":"product_cat","embeddable":true,"href":"https:\/\/www.smartystore.it\/fr\/wp-json\/wp\/v2\/product_cat?post=95726"},{"taxonomy":"product_tag","embeddable":true,"href":"https:\/\/www.smartystore.it\/fr\/wp-json\/wp\/v2\/product_tag?post=95726"}],"curies":[{"name":"wp","href":"https:\/\/api.w.org\/{rel}","templated":true}]}}