{"id":95723,"date":"2019-11-13T14:23:46","date_gmt":"2019-11-13T12:23:46","guid":{"rendered":"https:\/\/www.smartystore.it\/prodotto\/panneau-de-menu-exterieur-4xa4-avec-eclairage-led\/"},"modified":"2026-03-10T19:51:24","modified_gmt":"2026-03-10T17:51:24","slug":"panneau-de-menu-exterieur-4xa4-avec-eclairage-led","status":"publish","type":"product","link":"https:\/\/www.smartystore.it\/fr\/prodotto\/panneau-de-menu-exterieur-4xa4-avec-eclairage-led\/","title":{"rendered":"Panneau de menu ext\u00e9rieur 4xA4 LED"},"content":{"rendered":"<div class=\"wpb-content-wrapper\"><p>[vc_row][vc_column][vc_column_text css=\u00a0\u00bb\u00a0\u00bb css_params=\u00a0\u00bb\u00a0\u00bb]<\/p>\n<h1>Panneau de menu ext\u00e9rieur 4xA4 LED<\/h1>\n<p><span dir=\"auto\">Le panneau d&rsquo;affichage ext\u00e9rieur 4xA4 LED est une <strong>solution \u00e9l\u00e9gante et fonctionnelle<\/strong> con\u00e7ue pour am\u00e9liorer l&rsquo;offre des restaurants et des pharmacies. Compos\u00e9 d&rsquo;un cadre en aluminium anodis\u00e9 argent, ce panneau d&rsquo;affichage offre non seulement une r\u00e9sistance optimale aux intemp\u00e9ries, mais conf\u00e8re \u00e9galement un <strong>aspect raffin\u00e9 et moderne<\/strong> \u00e0 l&rsquo;environnement ext\u00e9rieur. <\/span><\/p>\n<p><span dir=\"auto\">Le format du tableau d&rsquo;affichage est con\u00e7u pour accueillir quatre feuilles A4 dispos\u00e9es verticalement sur deux niveaux, ou deux feuilles A3 horizontalement, ce qui permet une grande souplesse dans la pr\u00e9sentation des informations. Gr\u00e2ce au fond m\u00e9tallique magn\u00e9tique, le changement de documents devient rapide et facile, ce qui permet de personnaliser ais\u00e9ment le contenu, qu&rsquo;il s&rsquo;agisse de menus quotidiens, d&rsquo;offres sp\u00e9ciales ou de communications importantes. <\/span><\/p>\n<p><span dir=\"auto\">La porte transparente en polycarbonate assure une visibilit\u00e9 optimale des informations pr\u00e9sent\u00e9es, tout en prot\u00e9geant les documents des intemp\u00e9ries et des dommages. L&rsquo;ouverture en accord\u00e9on facilite l&rsquo;acc\u00e8s aux documents, tandis que la serrure avec les cl\u00e9s fournies offre une protection suppl\u00e9mentaire contre le vandalisme ou la falsification, garantissant ainsi la s\u00e9curit\u00e9 du contenu expos\u00e9. <\/span><\/p>\n<p><span dir=\"auto\">Ce panneau d&rsquo;affichage est particuli\u00e8rement adapt\u00e9 aux restaurants et aux pharmacies, qui ont besoin d&rsquo;un affichage ext\u00e9rieur pour communiquer efficacement avec leurs clients. En outre, le panneau d&rsquo;affichage peut \u00eatre personnalis\u00e9 avec le logo de l&rsquo;entreprise, cr\u00e9ant ainsi une occasion unique d&rsquo;am\u00e9liorer la visibilit\u00e9 de la marque et d&rsquo;attirer l&rsquo;attention des passants. Cette caract\u00e9ristique repr\u00e9sente une valeur ajout\u00e9e dans le contexte d&rsquo;un march\u00e9 de plus en plus concurrentiel, o\u00f9 la premi\u00e8re impression peut faire toute la diff\u00e9rence.  <\/span><\/p>\n<h2>TABLEAU DE MENU D&rsquo;EXT\u00c9RIEUR 4xA4 LED : PERSONNALISATION ET \u00c9CLAIRAGE POUR ATTIRER L&rsquo;ATTENTION !<\/h2>\n<p><span dir=\"auto\">Enfin, l&rsquo;\u00e9clairage LED int\u00e9gr\u00e9 ne se contente pas de rehausser l&rsquo;esth\u00e9tique du panneau, il assure \u00e9galement une visibilit\u00e9 continue, m\u00eame en soir\u00e9e, rendant ainsi vos offres toujours accessibles. La combinaison d&rsquo;un design raffin\u00e9, de la fonctionnalit\u00e9 et de la s\u00e9curit\u00e9 fait du tableau d&rsquo;affichage ext\u00e9rieur un investissement id\u00e9al pour ceux qui souhaitent communiquer de mani\u00e8re professionnelle et avec style. <\/span><\/p>\n<h3><strong>CARACT\u00c9RISTIQUES :<\/strong><\/h3>\n<ol>\n<li>Panneau de menu ext\u00e9rieur.<\/li>\n<li>Cadre en aluminium anodis\u00e9 argent.<\/li>\n<li>Porte-menu avec fond m\u00e9tallique magn\u00e9tique.<\/li>\n<li>Format : 4xA4 vertical sur deux niveaux ou deux feuilles A3 horizontales.<\/li>\n<li>Porte en polycarbonate transparent.<\/li>\n<li>Ouverture du livre.<\/li>\n<li>Serrure avec cl\u00e9s fournies.<\/li>\n<li>Panneau d&rsquo;en-t\u00eate personnalisable avec logo.<\/li>\n<\/ol>\n<p>Dimensions du panneau personnalisable avec logo (en cm) : L 44,9 H 10<\/p>\n<p>Zone de personnalisation visible (en cm) : H 9,3 &#8211; L 43,5<\/p>\n<p><strong><span style=\"color: #993300;\"><strong>POUR LE FICHIER GRAPHIQUE : cr\u00e9ez le fichier aux dimensions 44,9&#215;10 cm (\u00e9chelle 1:1) avec les textes convertis en trac\u00e9s, apr\u00e8s avoir sauvegard\u00e9 le fichier en format PDF (r\u00e9solution minimale 200 dpi), envoyez le document \u00e0 l&rsquo;adresse \u00e9lectronique suivante<\/strong><\/span><strong> <a href=\"mailto:grafica@smartystore.it\">grafica@smartystore.it<\/a> <\/strong><span style=\"color: #993300;\"><strong>en mentionnant le num\u00e9ro de commande.<\/strong><\/span><\/strong><\/p>\n<p>Dimensions de la planche (en cm) : L 50,5 &#8211; H 77,9 &#8211; P 2,3<\/p>\n<p>Poids de l&rsquo;article : environ 5 kg<\/p>\n<p>\u00c9quip\u00e9 de deux bandes LED plac\u00e9es le long des profils lat\u00e9raux int\u00e9rieurs.<\/p>\n<p>Alimentation externe avec c\u00e2ble de 4,5 m\u00e8tres.<\/p>\n<p>&nbsp;<\/p>\n<p><a href=\"https:\/\/www.smartystore.it\/v25\/wp-content\/uploads\/2023\/02\/STR-CITY301LED-302LED-303LED.pdf\" target=\"_blank\" rel=\"noopener\"><img loading=\"lazy\" decoding=\"async\" class=\"alignnone size-full wp-image-93510\" src=\"https:\/\/www.smartystore.it\/v25\/wp-content\/uploads\/2014\/10\/SchedaTecnica-300-e1750084266903.png\" alt=\"\" width=\"249\" height=\"63\"><\/a><\/p>\n<p><a href=\"https:\/\/www.smartystore.it\/v25\/wp-content\/uploads\/2023\/03\/STR-CITY302-CITY303.pdf\" target=\"_blank\" rel=\"noopener\"><img loading=\"lazy\" decoding=\"async\" class=\"alignnone size-full wp-image-93645\" src=\"https:\/\/www.smartystore.it\/v25\/wp-content\/uploads\/2022\/09\/LogoDownload_tracciato-fustella-2.jpg\" alt=\"\" width=\"250\" height=\"63\"><\/a><\/p>\n<p>&nbsp;[\/vc_column_text][\/vc_column][\/vc_row]<\/p>\n<\/div>","protected":false},"excerpt":{"rendered":"<p>Panneau d&rsquo;affichage ext\u00e9rieur avec structure en aluminium anodis\u00e9 argent en format vertical 4xA4 ou horizontal 2xA3, panneau personnalisable et \u00e9clairage LED.<\/p>\n","protected":false},"featured_media":95722,"comment_status":"open","ping_status":"closed","template":"","meta":{"_acf_changed":false},"pwb-brand":[],"product_brand":[],"product_cat":[2999,3001,2997],"product_tag":[6567,5304,5305,4776,4939,4940,4938,4943,4942,4775,4777,5303],"class_list":{"0":"post-95723","1":"product","2":"type-product","3":"status-publish","4":"has-post-thumbnail","6":"product_cat-panneaux-daffichage-exterieurs","7":"product_cat-porte-menu","8":"product_cat-tableaux-de-messages","9":"product_tag-panneau-daffichage-exterieur-2xa3-avec-eclairage-led","10":"product_tag-panneau-daffichage-exterieur-4xa4-avec-eclairage-led","11":"product_tag-panneau-daffichage-exterieur-4xa4-avec-panneau-personnalisable-et-eclairage-led","12":"product_tag-panneau-daffichage-exterieur-avec-eclairage-led","13":"product_tag-panneau-daffichage-exterieur-personnalisable-avec-eclairage-led","14":"product_tag-panneau-de-menu-exterieur-personnalisable-avec-eclairage-led","15":"product_tag-panneau-de-menu-personnalisable-avec-eclairage-led","16":"product_tag-tableau-daffichage-de-la-pharmacie-avec-eclairage-led","17":"product_tag-tableau-daffichage-de-restaurant-avec-eclairage-led","18":"product_tag-tableau-daffichage-exterieur-avec-eclairage-led","19":"product_tag-tableau-daffichage-personnalisable-avec-eclairage-led","20":"product_tag-tableau-daffichage-pour-4-feuilles-a4-avec-eclairage-led","21":"pa_c2c_angolo-vif","22":"pa_c2c_color-argent","23":"pa_c2c_dimensione-4-x-a4","24":"pa_c2c_illuminazione-avec-eclairage","25":"pa_c2c_mono_bifacciale-simple-face","26":"pa_c2c_stampa-non","27":"pa_c2c_stampa-oui","28":"pa_c2c_trovraprezzi-oui","30":"first","31":"instock","32":"taxable","33":"shipping-taxable","34":"purchasable","35":"product-type-variable"},"acf":[],"yoast_head":"<!-- This site is optimized with the Yoast SEO plugin v27.4 - https:\/\/yoast.com\/product\/yoast-seo-wordpress\/ -->\n<title>Panneau de menu ext\u00e9rieur 4xA4 LED - Smarty Store Au Meilleur Prix<\/title>\n<meta name=\"description\" content=\"Panneau de menu ext\u00e9rieur 4xA4 LED ou 2 feuilles A3 horizontales. Avec panneau personnalisable pour attirer encore plus l&#039;attention.\" \/>\n<meta name=\"robots\" content=\"index, follow, max-snippet:-1, max-image-preview:large, max-video-preview:-1\" \/>\n<link rel=\"canonical\" href=\"https:\/\/www.smartystore.it\/fr\/prodotto\/panneau-de-menu-exterieur-4xa4-avec-eclairage-led\/\" \/>\n<meta property=\"og:locale\" content=\"fr_FR\" \/>\n<meta property=\"og:type\" content=\"article\" \/>\n<meta property=\"og:title\" content=\"Panneau de menu ext\u00e9rieur 4xA4 LED - Smarty Store Au Meilleur Prix\" \/>\n<meta property=\"og:description\" content=\"Panneau de menu ext\u00e9rieur 4xA4 LED ou 2 feuilles A3 horizontales. Avec panneau personnalisable pour attirer encore plus l&#039;attention.\" \/>\n<meta property=\"og:url\" content=\"https:\/\/www.smartystore.it\/fr\/prodotto\/panneau-de-menu-exterieur-4xa4-avec-eclairage-led\/\" \/>\n<meta property=\"og:site_name\" content=\"Smarty Store\" \/>\n<meta property=\"article:modified_time\" content=\"2026-03-10T17:51:24+00:00\" \/>\n<meta property=\"og:image\" content=\"https:\/\/www.smartystore.it\/v25\/wp-content\/uploads\/2019\/11\/Bacheca-porta-menu-esterno-4xA4-con-illuminazione.jpg\" \/>\n\t<meta property=\"og:image:width\" content=\"1000\" \/>\n\t<meta property=\"og:image:height\" content=\"1000\" \/>\n\t<meta property=\"og:image:type\" content=\"image\/jpeg\" \/>\n<meta name=\"twitter:card\" content=\"summary_large_image\" \/>\n<meta name=\"twitter:label1\" content=\"Dur\u00e9e de lecture estim\u00e9e\" \/>\n\t<meta name=\"twitter:data1\" content=\"4 minutes\" \/>\n<script type=\"application\/ld+json\" class=\"yoast-schema-graph\">{\"@context\":\"https:\\\/\\\/schema.org\",\"@graph\":[{\"@type\":\"WebPage\",\"@id\":\"https:\\\/\\\/www.smartystore.it\\\/fr\\\/prodotto\\\/panneau-de-menu-exterieur-4xa4-avec-eclairage-led\\\/\",\"url\":\"https:\\\/\\\/www.smartystore.it\\\/fr\\\/prodotto\\\/panneau-de-menu-exterieur-4xa4-avec-eclairage-led\\\/\",\"name\":\"Panneau de menu ext\u00e9rieur 4xA4 LED - Smarty Store Au Meilleur Prix\",\"isPartOf\":{\"@id\":\"https:\\\/\\\/www.smartystore.it\\\/fr\\\/#website\"},\"primaryImageOfPage\":{\"@id\":\"https:\\\/\\\/www.smartystore.it\\\/fr\\\/prodotto\\\/panneau-de-menu-exterieur-4xa4-avec-eclairage-led\\\/#primaryimage\"},\"image\":{\"@id\":\"https:\\\/\\\/www.smartystore.it\\\/fr\\\/prodotto\\\/panneau-de-menu-exterieur-4xa4-avec-eclairage-led\\\/#primaryimage\"},\"thumbnailUrl\":\"https:\\\/\\\/www.smartystore.it\\\/v25\\\/wp-content\\\/uploads\\\/2019\\\/11\\\/Bacheca-porta-menu-esterno-4xA4-con-illuminazione.jpg\",\"datePublished\":\"2019-11-13T12:23:46+00:00\",\"dateModified\":\"2026-03-10T17:51:24+00:00\",\"description\":\"Panneau de menu ext\u00e9rieur 4xA4 LED ou 2 feuilles A3 horizontales. Avec panneau personnalisable pour attirer encore plus l'attention.\",\"breadcrumb\":{\"@id\":\"https:\\\/\\\/www.smartystore.it\\\/fr\\\/prodotto\\\/panneau-de-menu-exterieur-4xa4-avec-eclairage-led\\\/#breadcrumb\"},\"inLanguage\":\"fr-FR\",\"potentialAction\":[{\"@type\":\"ReadAction\",\"target\":[\"https:\\\/\\\/www.smartystore.it\\\/fr\\\/prodotto\\\/panneau-de-menu-exterieur-4xa4-avec-eclairage-led\\\/\"]}]},{\"@type\":\"ImageObject\",\"inLanguage\":\"fr-FR\",\"@id\":\"https:\\\/\\\/www.smartystore.it\\\/fr\\\/prodotto\\\/panneau-de-menu-exterieur-4xa4-avec-eclairage-led\\\/#primaryimage\",\"url\":\"https:\\\/\\\/www.smartystore.it\\\/v25\\\/wp-content\\\/uploads\\\/2019\\\/11\\\/Bacheca-porta-menu-esterno-4xA4-con-illuminazione.jpg\",\"contentUrl\":\"https:\\\/\\\/www.smartystore.it\\\/v25\\\/wp-content\\\/uploads\\\/2019\\\/11\\\/Bacheca-porta-menu-esterno-4xA4-con-illuminazione.jpg\",\"width\":1000,\"height\":1000,\"caption\":\"Panneau de menu ext\u00e9rieur 4xA4 avec \u00e9clairage LED\"},{\"@type\":\"BreadcrumbList\",\"@id\":\"https:\\\/\\\/www.smartystore.it\\\/fr\\\/prodotto\\\/panneau-de-menu-exterieur-4xa4-avec-eclairage-led\\\/#breadcrumb\",\"itemListElement\":[{\"@type\":\"ListItem\",\"position\":1,\"name\":\"Home\",\"item\":\"https:\\\/\\\/www.smartystore.it\\\/fr\\\/\"},{\"@type\":\"ListItem\",\"position\":2,\"name\":\"Boutique\",\"item\":\"https:\\\/\\\/www.smartystore.it\\\/fr\\\/boutique\\\/\"},{\"@type\":\"ListItem\",\"position\":3,\"name\":\"Panneau de menu ext\u00e9rieur 4xA4 LED\"}]},{\"@type\":\"WebSite\",\"@id\":\"https:\\\/\\\/www.smartystore.it\\\/fr\\\/#website\",\"url\":\"https:\\\/\\\/www.smartystore.it\\\/fr\\\/\",\"name\":\"Smarty Store\",\"description\":\"Espositori Pubblicitari e Sistemi di Comunicazione Visiva\",\"potentialAction\":[{\"@type\":\"SearchAction\",\"target\":{\"@type\":\"EntryPoint\",\"urlTemplate\":\"https:\\\/\\\/www.smartystore.it\\\/fr\\\/?s={search_term_string}\"},\"query-input\":{\"@type\":\"PropertyValueSpecification\",\"valueRequired\":true,\"valueName\":\"search_term_string\"}}],\"inLanguage\":\"fr-FR\"}]}<\/script>\n<!-- \/ Yoast SEO plugin. -->","yoast_head_json":{"title":"Panneau de menu ext\u00e9rieur 4xA4 LED - Smarty Store Au Meilleur Prix","description":"Panneau de menu ext\u00e9rieur 4xA4 LED ou 2 feuilles A3 horizontales. Avec panneau personnalisable pour attirer encore plus l'attention.","robots":{"index":"index","follow":"follow","max-snippet":"max-snippet:-1","max-image-preview":"max-image-preview:large","max-video-preview":"max-video-preview:-1"},"canonical":"https:\/\/www.smartystore.it\/fr\/prodotto\/panneau-de-menu-exterieur-4xa4-avec-eclairage-led\/","og_locale":"fr_FR","og_type":"article","og_title":"Panneau de menu ext\u00e9rieur 4xA4 LED - Smarty Store Au Meilleur Prix","og_description":"Panneau de menu ext\u00e9rieur 4xA4 LED ou 2 feuilles A3 horizontales. Avec panneau personnalisable pour attirer encore plus l'attention.","og_url":"https:\/\/www.smartystore.it\/fr\/prodotto\/panneau-de-menu-exterieur-4xa4-avec-eclairage-led\/","og_site_name":"Smarty Store","article_modified_time":"2026-03-10T17:51:24+00:00","og_image":[{"width":1000,"height":1000,"url":"https:\/\/www.smartystore.it\/v25\/wp-content\/uploads\/2019\/11\/Bacheca-porta-menu-esterno-4xA4-con-illuminazione.jpg","type":"image\/jpeg"}],"twitter_card":"summary_large_image","twitter_misc":{"Dur\u00e9e de lecture estim\u00e9e":"4 minutes"},"schema":{"@context":"https:\/\/schema.org","@graph":[{"@type":"WebPage","@id":"https:\/\/www.smartystore.it\/fr\/prodotto\/panneau-de-menu-exterieur-4xa4-avec-eclairage-led\/","url":"https:\/\/www.smartystore.it\/fr\/prodotto\/panneau-de-menu-exterieur-4xa4-avec-eclairage-led\/","name":"Panneau de menu ext\u00e9rieur 4xA4 LED - Smarty Store Au Meilleur Prix","isPartOf":{"@id":"https:\/\/www.smartystore.it\/fr\/#website"},"primaryImageOfPage":{"@id":"https:\/\/www.smartystore.it\/fr\/prodotto\/panneau-de-menu-exterieur-4xa4-avec-eclairage-led\/#primaryimage"},"image":{"@id":"https:\/\/www.smartystore.it\/fr\/prodotto\/panneau-de-menu-exterieur-4xa4-avec-eclairage-led\/#primaryimage"},"thumbnailUrl":"https:\/\/www.smartystore.it\/v25\/wp-content\/uploads\/2019\/11\/Bacheca-porta-menu-esterno-4xA4-con-illuminazione.jpg","datePublished":"2019-11-13T12:23:46+00:00","dateModified":"2026-03-10T17:51:24+00:00","description":"Panneau de menu ext\u00e9rieur 4xA4 LED ou 2 feuilles A3 horizontales. Avec panneau personnalisable pour attirer encore plus l'attention.","breadcrumb":{"@id":"https:\/\/www.smartystore.it\/fr\/prodotto\/panneau-de-menu-exterieur-4xa4-avec-eclairage-led\/#breadcrumb"},"inLanguage":"fr-FR","potentialAction":[{"@type":"ReadAction","target":["https:\/\/www.smartystore.it\/fr\/prodotto\/panneau-de-menu-exterieur-4xa4-avec-eclairage-led\/"]}]},{"@type":"ImageObject","inLanguage":"fr-FR","@id":"https:\/\/www.smartystore.it\/fr\/prodotto\/panneau-de-menu-exterieur-4xa4-avec-eclairage-led\/#primaryimage","url":"https:\/\/www.smartystore.it\/v25\/wp-content\/uploads\/2019\/11\/Bacheca-porta-menu-esterno-4xA4-con-illuminazione.jpg","contentUrl":"https:\/\/www.smartystore.it\/v25\/wp-content\/uploads\/2019\/11\/Bacheca-porta-menu-esterno-4xA4-con-illuminazione.jpg","width":1000,"height":1000,"caption":"Panneau de menu ext\u00e9rieur 4xA4 avec \u00e9clairage LED"},{"@type":"BreadcrumbList","@id":"https:\/\/www.smartystore.it\/fr\/prodotto\/panneau-de-menu-exterieur-4xa4-avec-eclairage-led\/#breadcrumb","itemListElement":[{"@type":"ListItem","position":1,"name":"Home","item":"https:\/\/www.smartystore.it\/fr\/"},{"@type":"ListItem","position":2,"name":"Boutique","item":"https:\/\/www.smartystore.it\/fr\/boutique\/"},{"@type":"ListItem","position":3,"name":"Panneau de menu ext\u00e9rieur 4xA4 LED"}]},{"@type":"WebSite","@id":"https:\/\/www.smartystore.it\/fr\/#website","url":"https:\/\/www.smartystore.it\/fr\/","name":"Smarty Store","description":"Espositori Pubblicitari e Sistemi di Comunicazione Visiva","potentialAction":[{"@type":"SearchAction","target":{"@type":"EntryPoint","urlTemplate":"https:\/\/www.smartystore.it\/fr\/?s={search_term_string}"},"query-input":{"@type":"PropertyValueSpecification","valueRequired":true,"valueName":"search_term_string"}}],"inLanguage":"fr-FR"}]}},"brands":[],"_links":{"self":[{"href":"https:\/\/www.smartystore.it\/fr\/wp-json\/wp\/v2\/product\/95723","targetHints":{"allow":["GET"]}}],"collection":[{"href":"https:\/\/www.smartystore.it\/fr\/wp-json\/wp\/v2\/product"}],"about":[{"href":"https:\/\/www.smartystore.it\/fr\/wp-json\/wp\/v2\/types\/product"}],"replies":[{"embeddable":true,"href":"https:\/\/www.smartystore.it\/fr\/wp-json\/wp\/v2\/comments?post=95723"}],"wp:featuredmedia":[{"embeddable":true,"href":"https:\/\/www.smartystore.it\/fr\/wp-json\/wp\/v2\/media\/95722"}],"wp:attachment":[{"href":"https:\/\/www.smartystore.it\/fr\/wp-json\/wp\/v2\/media?parent=95723"}],"wp:term":[{"taxonomy":"pwb-brand","embeddable":true,"href":"https:\/\/www.smartystore.it\/fr\/wp-json\/wp\/v2\/pwb-brand?post=95723"},{"taxonomy":"product_brand","embeddable":true,"href":"https:\/\/www.smartystore.it\/fr\/wp-json\/wp\/v2\/product_brand?post=95723"},{"taxonomy":"product_cat","embeddable":true,"href":"https:\/\/www.smartystore.it\/fr\/wp-json\/wp\/v2\/product_cat?post=95723"},{"taxonomy":"product_tag","embeddable":true,"href":"https:\/\/www.smartystore.it\/fr\/wp-json\/wp\/v2\/product_tag?post=95723"}],"curies":[{"name":"wp","href":"https:\/\/api.w.org\/{rel}","templated":true}]}}