{"id":95707,"date":"2014-07-18T17:29:15","date_gmt":"2014-07-18T15:29:15","guid":{"rendered":"https:\/\/www.smartystore.it\/prodotto\/cadre-a-encliqueter-50-x-70-frame-32-coin-rond\/"},"modified":"2025-10-08T17:25:54","modified_gmt":"2025-10-08T15:25:54","slug":"cadre-a-encliqueter-50-x-70-frame-32-coin-rond","status":"publish","type":"product","link":"https:\/\/www.smartystore.it\/fr\/prodotto\/cadre-a-encliqueter-50-x-70-frame-32-coin-rond\/","title":{"rendered":"Cadre \u00e0 encliqueter 50 x 70 Frame 32 coin rond"},"content":{"rendered":"<div class=\"wpb-content-wrapper\"><p>[vc_row][vc_column][vc_column_text css=\u00a0\u00bb\u00a0\u00bb css_params=\u00a0\u00bb\u00a0\u00bb]<\/p>\n<h1>Cadre \u00e0 encliqueter 50 x 70 Frame 32 coin rond: \u00e9l\u00e9gance et robustesse<\/h1>\n<p>Si vous \u00eates \u00e0 la recherche d&rsquo;un cadre qui puisse donner une touche professionnelle et moderne \u00e0 n&rsquo;importe quelle pi\u00e8ce de votre entreprise, vous ne pouvez pas passer \u00e0 c\u00f4t\u00e9 de notre Cadre \u00e0 encliqueter 50 x 70 Frame 32 coin rond! Ce mod\u00e8le n&rsquo;est pas seulement beau \u00e0 regarder, il est aussi tr\u00e8s pratique et robuste gr\u00e2ce \u00e0 son bord de cadre de 32 mm (Frame 32), parfait pour ceux qui ont besoin d&rsquo;une solution qui r\u00e9sistera \u00e0 l&rsquo;\u00e9preuve du temps et m\u00eame \u00e0 un usage intensif.<\/p>\n<p>Le cadre, fabriqu\u00e9 en aluminium de haute qualit\u00e9, est disponible dans une couleur argent\u00e9e raffin\u00e9e qui s&rsquo;harmonise facilement avec n&rsquo;importe quel d\u00e9cor. Son design \u00e0 coins arrondis lui conf\u00e8re un aspect doux et confortable, ce qui le rend id\u00e9al pour exposer des photos, des \u0153uvres d&rsquo;art, des posters ou tout autre objet que vous souhaitez mettre en valeur. De plus, le film protecteur antireflet permet de faire briller vos images sans reflets g\u00eanants.<\/p>\n<h2>Cadre Snap 50&#215;70 Cadre 32 coins ronds : excellent pour une utilisation professionnelle<\/h2>\n<p>Mais ce n&rsquo;est pas tout ! Le fond en polystyr\u00e8ne assure une bonne fixation et une bonne protection. Vous n&rsquo;aurez pas \u00e0 vous soucier des rayures ou des dommages : ce cadre est con\u00e7u pour durer. Que vous l&rsquo;utilisiez dans un h\u00f4tel, un bureau ou un environnement commercial, il est pr\u00eat \u00e0 relever tous les d\u00e9fis.<\/p>\n<p>De plus, vous trouverez \u00e9galement toutes les chevilles n\u00e9cessaires dans l&#8217;emballage. Vous pouvez donc accrocher votre cadre en un rien de temps et commencer imm\u00e9diatement \u00e0 poser les affiches de vos publicit\u00e9s ou actions promotionnelles.<\/p>\n<p>N&rsquo;attendez plus ! Avec notre cadre snap 50&#215;70 cadre 32 coins ronds, chaque activit\u00e9 promotionnelle aura le cadre qu&rsquo;elle m\u00e9rite !<\/p>\n<p>Voir aussi la version all\u00e9g\u00e9e avec le cadre 25 : <span style=\"color: #ff0000;\"><br \/>\n<a style=\"color: #ff0000;\" href=\"https:\/\/www.smartystore.it\/prodotto\/cornice-a-scatto-50x70-frame-25-angolo-tondo\/\">LIEN<\/a><br \/>\n<\/span><\/p>\n<h3>CARACT\u00c9RISTIQUES<\/h3>\n<ul>\n<li>Cadre d&rsquo;encliquetage mural.<\/li>\n<li>Coin rond chrom\u00e9.<\/li>\n<li>Trous au dos pour une application murale.<\/li>\n<li>Feuille de protection en PVC antireflet.<\/li>\n<li>Profil du cadre : Cadre 32.<\/li>\n<li>Dimensions imprim\u00e9es : 50&#215;70.<\/li>\n<li>Mat\u00e9riau du cadre : aluminium<\/li>\n<li>Mat\u00e9riau du fond : polistyr\u00e8ne.<\/li>\n<li>Couleur : aluminium anodis\u00e9.<\/li>\n<li>Surface visible : 48,2 x 68,2 cm.<\/li>\n<li>Dimensions effectives du cadre : 54,5 x 74,5 cm.<\/li>\n<li>Poids du cadre : 1,69 kg.<\/li>\n<li>Fourni avec des chevilles pour le montage mural.<\/li>\n<\/ul>\n<p><a href=\"https:\/\/www.smartystore.it\/v25\/wp-content\/uploads\/2013\/11\/STR-CRPT03-05.32-06-07.pdf\" target=\"_blank\" rel=\"noopener\"><img loading=\"lazy\" decoding=\"async\" class=\"alignnone size-full wp-image-93510\" src=\"https:\/\/www.smartystore.it\/v25\/wp-content\/uploads\/2014\/10\/SchedaTecnica-300-e1750084266903.png\" alt=\"\" width=\"249\" height=\"63\" \/><\/a>[\/vc_column_text][\/vc_column][\/vc_row]<\/p>\n<\/div>","protected":false},"excerpt":{"rendered":"<p><strong>Cadre mural en aluminium<\/strong> <strong>50 x 70<\/strong> mod\u00e8le <strong>avec Frame 32<\/strong> (coin rond) en vente en ligne sur Smartystore. Le cadre est \u00e9quip\u00e9 d&rsquo;un syst\u00e8me click clac, de trous au dos qui facilitent la fixation murale, d&rsquo;une<g id=\"gid_2\"> feuille de protection anti-reflet<\/g> pour am\u00e9liorer la visibilit\u00e9 m\u00eame en cas de forte luminosit\u00e9, et d&rsquo;un pack de chevilles. Les <strong>cadres 50 x 70<\/strong> sont des produits l\u00e9gers et pratiques, parfaits pour l&rsquo;affichage publicitaire.  <\/p>\n","protected":false},"featured_media":90429,"comment_status":"open","ping_status":"closed","template":"","meta":{"_acf_changed":false},"pwb-brand":[],"product_brand":[],"product_cat":[3008,2912],"product_tag":[5279,5283,5282,5000,5281,4996,5286,5280,4993,5004,5284,5001,5028,4998,5285,4995,5287,4999],"class_list":{"0":"post-95707","1":"product","2":"type-product","3":"status-publish","4":"has-post-thumbnail","6":"product_cat-cadres-clic-clac","7":"product_cat-cadres-instantanes","8":"product_tag-cadre-a-encliqueter-50x70","9":"product_tag-cadre-click-clac-50x70","10":"product_tag-cadre-daffichage-50x70","11":"product_tag-cadre-dencliquetage-horizontal-et-vertical","12":"product_tag-cadre-en-aluminium-50x70","13":"product_tag-cadre-mural-encliquetable","14":"product_tag-cadres-a-clipser-50x70-les-moins-chers","15":"product_tag-cadres-a-coins-ronds-50x70","16":"product_tag-cadres-clic-clac","17":"product_tag-cadres-click-clac-a-coins-ronds","18":"product_tag-cadres-click-clack-50x70","19":"product_tag-cadres-de-messages-encliquetables","20":"product_tag-cadres-de-qualite-a-prix-reduit","21":"product_tag-cadres-muraux-encliquetables","22":"product_tag-cadres-photo-encliquetables-50x70","23":"product_tag-cadres-snap-a-bas-prix","24":"product_tag-cadres-snap-aux-prix-les-plus-bas","25":"product_tag-des-cadres-a-prix-abordables","26":"pa_c2c_angolo-rond","27":"pa_c2c_color-argent","28":"pa_c2c_dimensione-50x70","29":"pa_c2c_mono_bifacciale-simple-face","30":"pa_c2c_trovraprezzi-oui","32":"first","33":"instock","34":"taxable","35":"shipping-taxable","36":"purchasable","37":"product-type-simple"},"acf":[],"yoast_head":"<!-- This site is optimized with the Yoast SEO plugin v27.4 - https:\/\/yoast.com\/product\/yoast-seo-wordpress\/ -->\n<title>Cadre \u00e0 encliqueter 50 x 70 Frame 32 coin rond<\/title>\n<meta name=\"description\" content=\"Cadre \u00e0 encliqueter 50 x 70 Frame 32 coin rond. Achetez des cadres muraux pour les syst\u00e8mes de communication modernes.\" \/>\n<meta name=\"robots\" content=\"index, follow, max-snippet:-1, max-image-preview:large, max-video-preview:-1\" \/>\n<link rel=\"canonical\" href=\"https:\/\/www.smartystore.it\/fr\/prodotto\/cadre-a-encliqueter-50-x-70-frame-32-coin-rond\/\" \/>\n<meta property=\"og:locale\" content=\"fr_FR\" \/>\n<meta property=\"og:type\" content=\"article\" \/>\n<meta property=\"og:title\" content=\"Cadre \u00e0 encliqueter 50 x 70 Frame 32 coin rond\" \/>\n<meta property=\"og:description\" content=\"Cadre \u00e0 encliqueter 50 x 70 Frame 32 coin rond. Achetez des cadres muraux pour les syst\u00e8mes de communication modernes.\" \/>\n<meta property=\"og:url\" content=\"https:\/\/www.smartystore.it\/fr\/prodotto\/cadre-a-encliqueter-50-x-70-frame-32-coin-rond\/\" \/>\n<meta property=\"og:site_name\" content=\"Smarty Store\" \/>\n<meta property=\"article:modified_time\" content=\"2025-10-08T15:25:54+00:00\" \/>\n<meta property=\"og:image\" content=\"https:\/\/www.smartystore.it\/v25\/wp-content\/uploads\/2014\/07\/Cornice-a-scatto-parete-50x70-frame-32-angolo-tondo-cromato-1.jpg\" \/>\n\t<meta property=\"og:image:width\" content=\"1000\" \/>\n\t<meta property=\"og:image:height\" content=\"1000\" \/>\n\t<meta property=\"og:image:type\" content=\"image\/jpeg\" \/>\n<meta name=\"twitter:card\" content=\"summary_large_image\" \/>\n<meta name=\"twitter:label1\" content=\"Dur\u00e9e de lecture estim\u00e9e\" \/>\n\t<meta name=\"twitter:data1\" content=\"3 minutes\" \/>\n<script type=\"application\/ld+json\" class=\"yoast-schema-graph\">{\"@context\":\"https:\\\/\\\/schema.org\",\"@graph\":[{\"@type\":\"WebPage\",\"@id\":\"https:\\\/\\\/www.smartystore.it\\\/fr\\\/prodotto\\\/cadre-a-encliqueter-50-x-70-frame-32-coin-rond\\\/\",\"url\":\"https:\\\/\\\/www.smartystore.it\\\/fr\\\/prodotto\\\/cadre-a-encliqueter-50-x-70-frame-32-coin-rond\\\/\",\"name\":\"Cadre \u00e0 encliqueter 50 x 70 Frame 32 coin rond\",\"isPartOf\":{\"@id\":\"https:\\\/\\\/www.smartystore.it\\\/fr\\\/#website\"},\"primaryImageOfPage\":{\"@id\":\"https:\\\/\\\/www.smartystore.it\\\/fr\\\/prodotto\\\/cadre-a-encliqueter-50-x-70-frame-32-coin-rond\\\/#primaryimage\"},\"image\":{\"@id\":\"https:\\\/\\\/www.smartystore.it\\\/fr\\\/prodotto\\\/cadre-a-encliqueter-50-x-70-frame-32-coin-rond\\\/#primaryimage\"},\"thumbnailUrl\":\"https:\\\/\\\/www.smartystore.it\\\/v25\\\/wp-content\\\/uploads\\\/2014\\\/07\\\/Cornice-a-scatto-parete-50x70-frame-32-angolo-tondo-cromato-1.jpg\",\"datePublished\":\"2014-07-18T15:29:15+00:00\",\"dateModified\":\"2025-10-08T15:25:54+00:00\",\"description\":\"Cadre \u00e0 encliqueter 50 x 70 Frame 32 coin rond. Achetez des cadres muraux pour les syst\u00e8mes de communication modernes.\",\"breadcrumb\":{\"@id\":\"https:\\\/\\\/www.smartystore.it\\\/fr\\\/prodotto\\\/cadre-a-encliqueter-50-x-70-frame-32-coin-rond\\\/#breadcrumb\"},\"inLanguage\":\"fr-FR\",\"potentialAction\":[{\"@type\":\"ReadAction\",\"target\":[\"https:\\\/\\\/www.smartystore.it\\\/fr\\\/prodotto\\\/cadre-a-encliqueter-50-x-70-frame-32-coin-rond\\\/\"]}]},{\"@type\":\"ImageObject\",\"inLanguage\":\"fr-FR\",\"@id\":\"https:\\\/\\\/www.smartystore.it\\\/fr\\\/prodotto\\\/cadre-a-encliqueter-50-x-70-frame-32-coin-rond\\\/#primaryimage\",\"url\":\"https:\\\/\\\/www.smartystore.it\\\/v25\\\/wp-content\\\/uploads\\\/2014\\\/07\\\/Cornice-a-scatto-parete-50x70-frame-32-angolo-tondo-cromato-1.jpg\",\"contentUrl\":\"https:\\\/\\\/www.smartystore.it\\\/v25\\\/wp-content\\\/uploads\\\/2014\\\/07\\\/Cornice-a-scatto-parete-50x70-frame-32-angolo-tondo-cromato-1.jpg\",\"width\":1000,\"height\":1000,\"caption\":\"Cornice a scatto 50x70 frame 32 angolo tondo\"},{\"@type\":\"BreadcrumbList\",\"@id\":\"https:\\\/\\\/www.smartystore.it\\\/fr\\\/prodotto\\\/cadre-a-encliqueter-50-x-70-frame-32-coin-rond\\\/#breadcrumb\",\"itemListElement\":[{\"@type\":\"ListItem\",\"position\":1,\"name\":\"Home\",\"item\":\"https:\\\/\\\/www.smartystore.it\\\/fr\\\/\"},{\"@type\":\"ListItem\",\"position\":2,\"name\":\"Boutique\",\"item\":\"https:\\\/\\\/www.smartystore.it\\\/fr\\\/boutique\\\/\"},{\"@type\":\"ListItem\",\"position\":3,\"name\":\"Cadre \u00e0 encliqueter 50 x 70 Frame 32 coin rond\"}]},{\"@type\":\"WebSite\",\"@id\":\"https:\\\/\\\/www.smartystore.it\\\/fr\\\/#website\",\"url\":\"https:\\\/\\\/www.smartystore.it\\\/fr\\\/\",\"name\":\"Smarty Store\",\"description\":\"Espositori Pubblicitari e Sistemi di Comunicazione Visiva\",\"potentialAction\":[{\"@type\":\"SearchAction\",\"target\":{\"@type\":\"EntryPoint\",\"urlTemplate\":\"https:\\\/\\\/www.smartystore.it\\\/fr\\\/?s={search_term_string}\"},\"query-input\":{\"@type\":\"PropertyValueSpecification\",\"valueRequired\":true,\"valueName\":\"search_term_string\"}}],\"inLanguage\":\"fr-FR\"}]}<\/script>\n<!-- \/ Yoast SEO plugin. -->","yoast_head_json":{"title":"Cadre \u00e0 encliqueter 50 x 70 Frame 32 coin rond","description":"Cadre \u00e0 encliqueter 50 x 70 Frame 32 coin rond. Achetez des cadres muraux pour les syst\u00e8mes de communication modernes.","robots":{"index":"index","follow":"follow","max-snippet":"max-snippet:-1","max-image-preview":"max-image-preview:large","max-video-preview":"max-video-preview:-1"},"canonical":"https:\/\/www.smartystore.it\/fr\/prodotto\/cadre-a-encliqueter-50-x-70-frame-32-coin-rond\/","og_locale":"fr_FR","og_type":"article","og_title":"Cadre \u00e0 encliqueter 50 x 70 Frame 32 coin rond","og_description":"Cadre \u00e0 encliqueter 50 x 70 Frame 32 coin rond. Achetez des cadres muraux pour les syst\u00e8mes de communication modernes.","og_url":"https:\/\/www.smartystore.it\/fr\/prodotto\/cadre-a-encliqueter-50-x-70-frame-32-coin-rond\/","og_site_name":"Smarty Store","article_modified_time":"2025-10-08T15:25:54+00:00","og_image":[{"width":1000,"height":1000,"url":"https:\/\/www.smartystore.it\/v25\/wp-content\/uploads\/2014\/07\/Cornice-a-scatto-parete-50x70-frame-32-angolo-tondo-cromato-1.jpg","type":"image\/jpeg"}],"twitter_card":"summary_large_image","twitter_misc":{"Dur\u00e9e de lecture estim\u00e9e":"3 minutes"},"schema":{"@context":"https:\/\/schema.org","@graph":[{"@type":"WebPage","@id":"https:\/\/www.smartystore.it\/fr\/prodotto\/cadre-a-encliqueter-50-x-70-frame-32-coin-rond\/","url":"https:\/\/www.smartystore.it\/fr\/prodotto\/cadre-a-encliqueter-50-x-70-frame-32-coin-rond\/","name":"Cadre \u00e0 encliqueter 50 x 70 Frame 32 coin rond","isPartOf":{"@id":"https:\/\/www.smartystore.it\/fr\/#website"},"primaryImageOfPage":{"@id":"https:\/\/www.smartystore.it\/fr\/prodotto\/cadre-a-encliqueter-50-x-70-frame-32-coin-rond\/#primaryimage"},"image":{"@id":"https:\/\/www.smartystore.it\/fr\/prodotto\/cadre-a-encliqueter-50-x-70-frame-32-coin-rond\/#primaryimage"},"thumbnailUrl":"https:\/\/www.smartystore.it\/v25\/wp-content\/uploads\/2014\/07\/Cornice-a-scatto-parete-50x70-frame-32-angolo-tondo-cromato-1.jpg","datePublished":"2014-07-18T15:29:15+00:00","dateModified":"2025-10-08T15:25:54+00:00","description":"Cadre \u00e0 encliqueter 50 x 70 Frame 32 coin rond. Achetez des cadres muraux pour les syst\u00e8mes de communication modernes.","breadcrumb":{"@id":"https:\/\/www.smartystore.it\/fr\/prodotto\/cadre-a-encliqueter-50-x-70-frame-32-coin-rond\/#breadcrumb"},"inLanguage":"fr-FR","potentialAction":[{"@type":"ReadAction","target":["https:\/\/www.smartystore.it\/fr\/prodotto\/cadre-a-encliqueter-50-x-70-frame-32-coin-rond\/"]}]},{"@type":"ImageObject","inLanguage":"fr-FR","@id":"https:\/\/www.smartystore.it\/fr\/prodotto\/cadre-a-encliqueter-50-x-70-frame-32-coin-rond\/#primaryimage","url":"https:\/\/www.smartystore.it\/v25\/wp-content\/uploads\/2014\/07\/Cornice-a-scatto-parete-50x70-frame-32-angolo-tondo-cromato-1.jpg","contentUrl":"https:\/\/www.smartystore.it\/v25\/wp-content\/uploads\/2014\/07\/Cornice-a-scatto-parete-50x70-frame-32-angolo-tondo-cromato-1.jpg","width":1000,"height":1000,"caption":"Cornice a scatto 50x70 frame 32 angolo tondo"},{"@type":"BreadcrumbList","@id":"https:\/\/www.smartystore.it\/fr\/prodotto\/cadre-a-encliqueter-50-x-70-frame-32-coin-rond\/#breadcrumb","itemListElement":[{"@type":"ListItem","position":1,"name":"Home","item":"https:\/\/www.smartystore.it\/fr\/"},{"@type":"ListItem","position":2,"name":"Boutique","item":"https:\/\/www.smartystore.it\/fr\/boutique\/"},{"@type":"ListItem","position":3,"name":"Cadre \u00e0 encliqueter 50 x 70 Frame 32 coin rond"}]},{"@type":"WebSite","@id":"https:\/\/www.smartystore.it\/fr\/#website","url":"https:\/\/www.smartystore.it\/fr\/","name":"Smarty Store","description":"Espositori Pubblicitari e Sistemi di Comunicazione Visiva","potentialAction":[{"@type":"SearchAction","target":{"@type":"EntryPoint","urlTemplate":"https:\/\/www.smartystore.it\/fr\/?s={search_term_string}"},"query-input":{"@type":"PropertyValueSpecification","valueRequired":true,"valueName":"search_term_string"}}],"inLanguage":"fr-FR"}]}},"brands":[],"_links":{"self":[{"href":"https:\/\/www.smartystore.it\/fr\/wp-json\/wp\/v2\/product\/95707","targetHints":{"allow":["GET"]}}],"collection":[{"href":"https:\/\/www.smartystore.it\/fr\/wp-json\/wp\/v2\/product"}],"about":[{"href":"https:\/\/www.smartystore.it\/fr\/wp-json\/wp\/v2\/types\/product"}],"replies":[{"embeddable":true,"href":"https:\/\/www.smartystore.it\/fr\/wp-json\/wp\/v2\/comments?post=95707"}],"wp:featuredmedia":[{"embeddable":true,"href":"https:\/\/www.smartystore.it\/fr\/wp-json\/wp\/v2\/media\/90429"}],"wp:attachment":[{"href":"https:\/\/www.smartystore.it\/fr\/wp-json\/wp\/v2\/media?parent=95707"}],"wp:term":[{"taxonomy":"pwb-brand","embeddable":true,"href":"https:\/\/www.smartystore.it\/fr\/wp-json\/wp\/v2\/pwb-brand?post=95707"},{"taxonomy":"product_brand","embeddable":true,"href":"https:\/\/www.smartystore.it\/fr\/wp-json\/wp\/v2\/product_brand?post=95707"},{"taxonomy":"product_cat","embeddable":true,"href":"https:\/\/www.smartystore.it\/fr\/wp-json\/wp\/v2\/product_cat?post=95707"},{"taxonomy":"product_tag","embeddable":true,"href":"https:\/\/www.smartystore.it\/fr\/wp-json\/wp\/v2\/product_tag?post=95707"}],"curies":[{"name":"wp","href":"https:\/\/api.w.org\/{rel}","templated":true}]}}