{"id":95495,"date":"2025-09-26T15:53:44","date_gmt":"2025-09-26T13:53:44","guid":{"rendered":"https:\/\/www.smartystore.it\/prodotto\/cadre-a-coins-vifs-a4\/"},"modified":"2025-09-26T15:57:51","modified_gmt":"2025-09-26T13:57:51","slug":"cadre-a-coins-vifs-a4","status":"publish","type":"product","link":"https:\/\/www.smartystore.it\/fr\/prodotto\/cadre-a-coins-vifs-a4\/","title":{"rendered":"Cadre \u00e0 coins vifs A4"},"content":{"rendered":"<div class=\"wpb-content-wrapper\"><p>[vc_row][vc_column][vc_column_text css=\u00a0\u00bb\u00a0\u00bb css_params=\u00a0\u00bb\u00a0\u00bb]<\/p>\n<h1>Cadre mural A4 \u00e0 angles vifs &#8211; A4 (21&#215;29,7 cm) : \u00e9l\u00e9gance et fonctionnalit\u00e9<\/h1>\n<p>Le cadre mural A4 Sharp Corner &#8211; A4 (21&#215;29,7 cm) est une solution id\u00e9ale pour ceux qui souhaitent afficher des documents, des posters ou des \u0153uvres d&rsquo;art de mani\u00e8re \u00e9l\u00e9gante et professionnelle. Fabriqu\u00e9 avec un profil\u00e9 de 25 mm, ce cadre en aluminium est con\u00e7u pour assurer une excellente visibilit\u00e9 du contenu affich\u00e9, tout en conservant un aspect minimaliste qui s&rsquo;int\u00e8gre parfaitement \u00e0 tout environnement. <\/p>\n<p>L&rsquo;une des caract\u00e9ristiques de ce cadre est son angle aigu, qui lui conf\u00e8re une harmonie esth\u00e9tique et une \u00e9l\u00e9gance intemporelle. Le film protecteur antireflet, fabriqu\u00e9 dans un mat\u00e9riau de haute qualit\u00e9, garantit que les couleurs et les d\u00e9tails ne sont pas alt\u00e9r\u00e9s par la lumi\u00e8re ambiante, ce qui permet aux observateurs de mieux lire le message. <\/p>\n<h2>Cadre mural A4 \u00e0 angles vifs &#8211; A4 (21&#215;29,7 cm) : la qualit\u00e9 au meilleur prix<\/h2>\n<p>Fabriqu\u00e9 en aluminium anodis\u00e9, le cadre mural A4 \u00e0 angle aigu offre une r\u00e9sistance et une durabilit\u00e9 sup\u00e9rieures, ce qui le rend adapt\u00e9 aux environnements int\u00e9rieurs et ext\u00e9rieurs. La base en polystyr\u00e8ne contribue \u00e0 la l\u00e9g\u00e8ret\u00e9 de la structure, ce qui facilite sa fixation et son retrait. Le format A4 est particuli\u00e8rement polyvalent, ce qui le rend id\u00e9al pour un large \u00e9ventail d&rsquo;utilisations, des pr\u00e9sentations professionnelles aux messages d&rsquo;avertissement.  <\/p>\n<p>L&#8217;emballage est livr\u00e9 avec des ancrages muraux, ce qui facilite l&rsquo;installation. Le cadre \u00e0 encliqueter permet d&rsquo;afficher des messages de mani\u00e8re \u00e9l\u00e9gante, sans avoir recours \u00e0 du ruban adh\u00e9sif ou \u00e0 d&rsquo;autres m\u00e9thodes inesth\u00e9tiques susceptibles d&rsquo;endommager les surfaces murales. Avec ce cadre, la communication visuelle se transforme en une exp\u00e9rience esth\u00e9tique, alliant fonctionnalit\u00e9 et design raffin\u00e9. Et le prix est parmi les plus bas du march\u00e9.   <\/p>\n<p>En conclusion, le cadre mural Snap est un choix judicieux pour ceux qui souhaitent mettre en valeur leurs messages dans un contexte \u00e9l\u00e9gant sans compromettre l&rsquo;esth\u00e9tique de l&rsquo;espace environnant.<\/p>\n<p>Voir aussi la version similaire mais avec des coins arrondis : <span style=\"color: #ff0000;\"><strong><a style=\"color: #ff0000;\" href=\"https:\/\/www.smartystore.it\/fr\/prodotto\/cadre-mural-a4-a-coins-ronds-25\/\">LIEN<\/a><\/strong><\/span><\/p>\n<p>Vous pouvez \u00e9galement consulter tous les cadres \u00e0 d\u00e9clic disponibles \u00e0 cette adresse <span style=\"color: #ff0000;\"><strong><a style=\"color: #ff0000;\" href=\"https:\/\/www.smartystore.it\/fr\/categoria-prodotto\/cadres-instantanes\/cadres-clic-clac\/\">LIEN<\/a><\/strong><\/span><\/p>\n<p>&nbsp;<\/p>\n<h3>Caract\u00e9ristiques<\/h3>\n<ol>\n<li>Cadre d&rsquo;encliquetage mural.<\/li>\n<li>Le coin du direct.<\/li>\n<li>Trous au dos pour une application murale.<\/li>\n<li>Feuille de protection en PVC antireflet.<\/li>\n<li>Profil du cadre : Cadre 25 (largeur des bords mm. 25).<\/li>\n<li>Format A4 (cm. 21 x 29.7)<\/li>\n<li>Mat\u00e9riau du cadre : aluminium<\/li>\n<li>Mat\u00e9riau du fond : polistyr\u00e8ne.<\/li>\n<li>Couleur : aluminium anodis\u00e9.<\/li>\n<li>Surface visible : 19 x 27,7 cm.<\/li>\n<li>Dimensions effectives du cadre : 24,1 x 32,8 cm.<\/li>\n<li>Poids du cadre : 0,45 kg.<\/li>\n<li>Fourni avec des chevilles pour le montage mural.<\/li>\n<\/ol>\n<p>&nbsp;<\/p>\n<p><a href=\"https:\/\/www.smartystore.it\/v25\/wp-content\/uploads\/2014\/03\/STR-CRPT11-12-18-14-15-16.pdf\" target=\"_blank\" rel=\"noopener\"><img loading=\"lazy\" decoding=\"async\" class=\"alignnone size-full wp-image-93510\" src=\"https:\/\/www.smartystore.it\/v25\/wp-content\/uploads\/2014\/10\/SchedaTecnica-300-e1750084266903.png\" alt=\"\" width=\"249\" height=\"63\"><\/a>[\/vc_column_text][\/vc_column][\/vc_row]<\/p>\n<\/div>","protected":false},"excerpt":{"rendered":"<p>Format A4 (cm. 21&#215;29,7) cadre \u00e0 clipser au mur avec cadre en aluminium 25 (largeur des bords mm. 25).<\/p>\n","protected":false},"featured_media":90483,"comment_status":"open","ping_status":"closed","template":"","meta":{"_acf_changed":false},"pwb-brand":[],"product_brand":[],"product_cat":[3008,2912],"product_tag":[4991,5024,4992,5021,5019,5023,4996,5025,5020,5003,5026,5028,4998,5027,4995,5022],"class_list":{"0":"post-95495","1":"product","2":"type-product","3":"status-publish","4":"has-post-thumbnail","6":"product_cat-cadres-clic-clac","7":"product_cat-cadres-instantanes","8":"product_tag-cadre-a-encliqueter-a4","9":"product_tag-cadre-a-encliqueter-a4-avec-angles-vifs","10":"product_tag-cadre-click-clac-a4","11":"product_tag-cadre-clipsable-mural-a4","12":"product_tag-cadre-en-aluminium-a4","13":"product_tag-cadre-instantane-a4-portrait-et-paysage","14":"product_tag-cadre-mural-encliquetable","15":"product_tag-cadres-a-messages-a4","16":"product_tag-cadres-a-pression-a4","17":"product_tag-cadres-click-clack-21x30","18":"product_tag-cadres-daffichage-encliquetables","19":"product_tag-cadres-de-qualite-a-prix-reduit","20":"product_tag-cadres-muraux-encliquetables","21":"product_tag-cadres-photo-encliquetables","22":"product_tag-cadres-snap-a-bas-prix","23":"product_tag-cadre-mural-encliquetable-fr","24":"pa_c2c_angolo-vif","25":"pa_c2c_color-argent","26":"pa_c2c_dimensione-a4-21x29-7-vert","27":"pa_c2c_mono_bifacciale-simple-face","28":"pa_c2c_trovraprezzi-oui","30":"first","31":"instock","32":"taxable","33":"shipping-taxable","34":"purchasable","35":"product-type-simple"},"acf":[],"yoast_head":"<!-- This site is optimized with the Yoast SEO plugin v27.4 - https:\/\/yoast.com\/product\/yoast-seo-wordpress\/ -->\n<title>Cadre \u00e0 coins vifs A4<\/title>\n<meta name=\"description\" content=\"Cadre \u00e0 coins vifs A4 25 - A4 (21x29,7 cm). Achetez des cadres muraux comme nouveaux syst\u00e8mes de communication au prix le plus bas.\" \/>\n<meta name=\"robots\" content=\"index, follow, max-snippet:-1, max-image-preview:large, max-video-preview:-1\" \/>\n<link rel=\"canonical\" href=\"https:\/\/www.smartystore.it\/fr\/prodotto\/cadre-a-coins-vifs-a4\/\" \/>\n<meta property=\"og:locale\" content=\"fr_FR\" \/>\n<meta property=\"og:type\" content=\"article\" \/>\n<meta property=\"og:title\" content=\"Cadre \u00e0 coins vifs A4\" \/>\n<meta property=\"og:description\" content=\"Cadre \u00e0 coins vifs A4 25 - A4 (21x29,7 cm). Achetez des cadres muraux comme nouveaux syst\u00e8mes de communication au prix le plus bas.\" \/>\n<meta property=\"og:url\" content=\"https:\/\/www.smartystore.it\/fr\/prodotto\/cadre-a-coins-vifs-a4\/\" \/>\n<meta property=\"og:site_name\" content=\"Smarty Store\" \/>\n<meta property=\"article:modified_time\" content=\"2025-09-26T13:57:51+00:00\" \/>\n<meta property=\"og:image\" content=\"https:\/\/www.smartystore.it\/v25\/wp-content\/uploads\/2014\/03\/Cornice-a-scatto-parete-A4-frame-25-angolo-vivo-1.jpg\" \/>\n\t<meta property=\"og:image:width\" content=\"1000\" \/>\n\t<meta property=\"og:image:height\" content=\"1000\" \/>\n\t<meta property=\"og:image:type\" content=\"image\/jpeg\" \/>\n<meta name=\"twitter:card\" content=\"summary_large_image\" \/>\n<meta name=\"twitter:label1\" content=\"Dur\u00e9e de lecture estim\u00e9e\" \/>\n\t<meta name=\"twitter:data1\" content=\"3 minutes\" \/>\n<script type=\"application\/ld+json\" class=\"yoast-schema-graph\">{\"@context\":\"https:\\\/\\\/schema.org\",\"@graph\":[{\"@type\":\"WebPage\",\"@id\":\"https:\\\/\\\/www.smartystore.it\\\/fr\\\/prodotto\\\/cadre-a-coins-vifs-a4\\\/\",\"url\":\"https:\\\/\\\/www.smartystore.it\\\/fr\\\/prodotto\\\/cadre-a-coins-vifs-a4\\\/\",\"name\":\"Cadre \u00e0 coins vifs A4\",\"isPartOf\":{\"@id\":\"https:\\\/\\\/www.smartystore.it\\\/fr\\\/#website\"},\"primaryImageOfPage\":{\"@id\":\"https:\\\/\\\/www.smartystore.it\\\/fr\\\/prodotto\\\/cadre-a-coins-vifs-a4\\\/#primaryimage\"},\"image\":{\"@id\":\"https:\\\/\\\/www.smartystore.it\\\/fr\\\/prodotto\\\/cadre-a-coins-vifs-a4\\\/#primaryimage\"},\"thumbnailUrl\":\"https:\\\/\\\/www.smartystore.it\\\/v25\\\/wp-content\\\/uploads\\\/2014\\\/03\\\/Cornice-a-scatto-parete-A4-frame-25-angolo-vivo-1.jpg\",\"datePublished\":\"2025-09-26T13:53:44+00:00\",\"dateModified\":\"2025-09-26T13:57:51+00:00\",\"description\":\"Cadre \u00e0 coins vifs A4 25 - A4 (21x29,7 cm). Achetez des cadres muraux comme nouveaux syst\u00e8mes de communication au prix le plus bas.\",\"breadcrumb\":{\"@id\":\"https:\\\/\\\/www.smartystore.it\\\/fr\\\/prodotto\\\/cadre-a-coins-vifs-a4\\\/#breadcrumb\"},\"inLanguage\":\"fr-FR\",\"potentialAction\":[{\"@type\":\"ReadAction\",\"target\":[\"https:\\\/\\\/www.smartystore.it\\\/fr\\\/prodotto\\\/cadre-a-coins-vifs-a4\\\/\"]}]},{\"@type\":\"ImageObject\",\"inLanguage\":\"fr-FR\",\"@id\":\"https:\\\/\\\/www.smartystore.it\\\/fr\\\/prodotto\\\/cadre-a-coins-vifs-a4\\\/#primaryimage\",\"url\":\"https:\\\/\\\/www.smartystore.it\\\/v25\\\/wp-content\\\/uploads\\\/2014\\\/03\\\/Cornice-a-scatto-parete-A4-frame-25-angolo-vivo-1.jpg\",\"contentUrl\":\"https:\\\/\\\/www.smartystore.it\\\/v25\\\/wp-content\\\/uploads\\\/2014\\\/03\\\/Cornice-a-scatto-parete-A4-frame-25-angolo-vivo-1.jpg\",\"width\":1000,\"height\":1000,\"caption\":\"Cadre \u00e0 coins vifs A4\"},{\"@type\":\"BreadcrumbList\",\"@id\":\"https:\\\/\\\/www.smartystore.it\\\/fr\\\/prodotto\\\/cadre-a-coins-vifs-a4\\\/#breadcrumb\",\"itemListElement\":[{\"@type\":\"ListItem\",\"position\":1,\"name\":\"Home\",\"item\":\"https:\\\/\\\/www.smartystore.it\\\/fr\\\/\"},{\"@type\":\"ListItem\",\"position\":2,\"name\":\"Boutique\",\"item\":\"https:\\\/\\\/www.smartystore.it\\\/fr\\\/boutique\\\/\"},{\"@type\":\"ListItem\",\"position\":3,\"name\":\"Cadre \u00e0 coins vifs A4\"}]},{\"@type\":\"WebSite\",\"@id\":\"https:\\\/\\\/www.smartystore.it\\\/fr\\\/#website\",\"url\":\"https:\\\/\\\/www.smartystore.it\\\/fr\\\/\",\"name\":\"Smarty Store\",\"description\":\"Espositori Pubblicitari e Sistemi di Comunicazione Visiva\",\"potentialAction\":[{\"@type\":\"SearchAction\",\"target\":{\"@type\":\"EntryPoint\",\"urlTemplate\":\"https:\\\/\\\/www.smartystore.it\\\/fr\\\/?s={search_term_string}\"},\"query-input\":{\"@type\":\"PropertyValueSpecification\",\"valueRequired\":true,\"valueName\":\"search_term_string\"}}],\"inLanguage\":\"fr-FR\"}]}<\/script>\n<!-- \/ Yoast SEO plugin. -->","yoast_head_json":{"title":"Cadre \u00e0 coins vifs A4","description":"Cadre \u00e0 coins vifs A4 25 - A4 (21x29,7 cm). Achetez des cadres muraux comme nouveaux syst\u00e8mes de communication au prix le plus bas.","robots":{"index":"index","follow":"follow","max-snippet":"max-snippet:-1","max-image-preview":"max-image-preview:large","max-video-preview":"max-video-preview:-1"},"canonical":"https:\/\/www.smartystore.it\/fr\/prodotto\/cadre-a-coins-vifs-a4\/","og_locale":"fr_FR","og_type":"article","og_title":"Cadre \u00e0 coins vifs A4","og_description":"Cadre \u00e0 coins vifs A4 25 - A4 (21x29,7 cm). Achetez des cadres muraux comme nouveaux syst\u00e8mes de communication au prix le plus bas.","og_url":"https:\/\/www.smartystore.it\/fr\/prodotto\/cadre-a-coins-vifs-a4\/","og_site_name":"Smarty Store","article_modified_time":"2025-09-26T13:57:51+00:00","og_image":[{"width":1000,"height":1000,"url":"https:\/\/www.smartystore.it\/v25\/wp-content\/uploads\/2014\/03\/Cornice-a-scatto-parete-A4-frame-25-angolo-vivo-1.jpg","type":"image\/jpeg"}],"twitter_card":"summary_large_image","twitter_misc":{"Dur\u00e9e de lecture estim\u00e9e":"3 minutes"},"schema":{"@context":"https:\/\/schema.org","@graph":[{"@type":"WebPage","@id":"https:\/\/www.smartystore.it\/fr\/prodotto\/cadre-a-coins-vifs-a4\/","url":"https:\/\/www.smartystore.it\/fr\/prodotto\/cadre-a-coins-vifs-a4\/","name":"Cadre \u00e0 coins vifs A4","isPartOf":{"@id":"https:\/\/www.smartystore.it\/fr\/#website"},"primaryImageOfPage":{"@id":"https:\/\/www.smartystore.it\/fr\/prodotto\/cadre-a-coins-vifs-a4\/#primaryimage"},"image":{"@id":"https:\/\/www.smartystore.it\/fr\/prodotto\/cadre-a-coins-vifs-a4\/#primaryimage"},"thumbnailUrl":"https:\/\/www.smartystore.it\/v25\/wp-content\/uploads\/2014\/03\/Cornice-a-scatto-parete-A4-frame-25-angolo-vivo-1.jpg","datePublished":"2025-09-26T13:53:44+00:00","dateModified":"2025-09-26T13:57:51+00:00","description":"Cadre \u00e0 coins vifs A4 25 - A4 (21x29,7 cm). Achetez des cadres muraux comme nouveaux syst\u00e8mes de communication au prix le plus bas.","breadcrumb":{"@id":"https:\/\/www.smartystore.it\/fr\/prodotto\/cadre-a-coins-vifs-a4\/#breadcrumb"},"inLanguage":"fr-FR","potentialAction":[{"@type":"ReadAction","target":["https:\/\/www.smartystore.it\/fr\/prodotto\/cadre-a-coins-vifs-a4\/"]}]},{"@type":"ImageObject","inLanguage":"fr-FR","@id":"https:\/\/www.smartystore.it\/fr\/prodotto\/cadre-a-coins-vifs-a4\/#primaryimage","url":"https:\/\/www.smartystore.it\/v25\/wp-content\/uploads\/2014\/03\/Cornice-a-scatto-parete-A4-frame-25-angolo-vivo-1.jpg","contentUrl":"https:\/\/www.smartystore.it\/v25\/wp-content\/uploads\/2014\/03\/Cornice-a-scatto-parete-A4-frame-25-angolo-vivo-1.jpg","width":1000,"height":1000,"caption":"Cadre \u00e0 coins vifs A4"},{"@type":"BreadcrumbList","@id":"https:\/\/www.smartystore.it\/fr\/prodotto\/cadre-a-coins-vifs-a4\/#breadcrumb","itemListElement":[{"@type":"ListItem","position":1,"name":"Home","item":"https:\/\/www.smartystore.it\/fr\/"},{"@type":"ListItem","position":2,"name":"Boutique","item":"https:\/\/www.smartystore.it\/fr\/boutique\/"},{"@type":"ListItem","position":3,"name":"Cadre \u00e0 coins vifs A4"}]},{"@type":"WebSite","@id":"https:\/\/www.smartystore.it\/fr\/#website","url":"https:\/\/www.smartystore.it\/fr\/","name":"Smarty Store","description":"Espositori Pubblicitari e Sistemi di Comunicazione Visiva","potentialAction":[{"@type":"SearchAction","target":{"@type":"EntryPoint","urlTemplate":"https:\/\/www.smartystore.it\/fr\/?s={search_term_string}"},"query-input":{"@type":"PropertyValueSpecification","valueRequired":true,"valueName":"search_term_string"}}],"inLanguage":"fr-FR"}]}},"brands":[],"_links":{"self":[{"href":"https:\/\/www.smartystore.it\/fr\/wp-json\/wp\/v2\/product\/95495","targetHints":{"allow":["GET"]}}],"collection":[{"href":"https:\/\/www.smartystore.it\/fr\/wp-json\/wp\/v2\/product"}],"about":[{"href":"https:\/\/www.smartystore.it\/fr\/wp-json\/wp\/v2\/types\/product"}],"replies":[{"embeddable":true,"href":"https:\/\/www.smartystore.it\/fr\/wp-json\/wp\/v2\/comments?post=95495"}],"wp:featuredmedia":[{"embeddable":true,"href":"https:\/\/www.smartystore.it\/fr\/wp-json\/wp\/v2\/media\/90483"}],"wp:attachment":[{"href":"https:\/\/www.smartystore.it\/fr\/wp-json\/wp\/v2\/media?parent=95495"}],"wp:term":[{"taxonomy":"pwb-brand","embeddable":true,"href":"https:\/\/www.smartystore.it\/fr\/wp-json\/wp\/v2\/pwb-brand?post=95495"},{"taxonomy":"product_brand","embeddable":true,"href":"https:\/\/www.smartystore.it\/fr\/wp-json\/wp\/v2\/product_brand?post=95495"},{"taxonomy":"product_cat","embeddable":true,"href":"https:\/\/www.smartystore.it\/fr\/wp-json\/wp\/v2\/product_cat?post=95495"},{"taxonomy":"product_tag","embeddable":true,"href":"https:\/\/www.smartystore.it\/fr\/wp-json\/wp\/v2\/product_tag?post=95495"}],"curies":[{"name":"wp","href":"https:\/\/api.w.org\/{rel}","templated":true}]}}