{"id":95489,"date":"2014-03-20T16:23:28","date_gmt":"2014-03-20T14:23:28","guid":{"rendered":"https:\/\/www.smartystore.it\/prodotto\/cadre-mural-a4-a-coins-ronds-25\/"},"modified":"2025-09-26T17:59:52","modified_gmt":"2025-09-26T15:59:52","slug":"cadre-mural-a4-a-coins-ronds-25","status":"publish","type":"product","link":"https:\/\/www.smartystore.it\/fr\/prodotto\/cadre-mural-a4-a-coins-ronds-25\/","title":{"rendered":"Cadre mural A4 \u00e0 coins ronds 25"},"content":{"rendered":"<div class=\"wpb-content-wrapper\"><p>[vc_row][vc_column][vc_column_text css=\u00a0\u00bb\u00a0\u00bb css_params=\u00a0\u00bb\u00a0\u00bb]<\/p>\n<h1>Cadre clipsable mural A4 avec cadre \u00e0 coins ronds 25<\/h1>\n<p>Le cadre clipsable mural A4, en particulier le mod\u00e8le Frame 25 \u00e0 coins arrondis, est une solution tr\u00e8s efficace pour la pr\u00e9sentation de documents, d&rsquo;avis et de mat\u00e9riel promotionnel. Ce type de cadre est con\u00e7u pour faciliter le remplacement du contenu affich\u00e9, ce qui en fait une option id\u00e9ale pour une utilisation dans des contextes publics et priv\u00e9s. <\/p>\n<h2>Avantages des achats multiples<\/h2>\n<p>Opter pour l&rsquo;achat d&rsquo;un multi-pack de cadres clipsables pr\u00e9sente des avantages consid\u00e9rables, non seulement sur le plan \u00e9conomique, puisque SmartyStore pratique des prix tr\u00e8s bas, mais aussi sur le plan pratique. Tout d&rsquo;abord, l&rsquo;achat en quantit\u00e9 permet une r\u00e9duction significative du prix unitaire, ce qui permet de mieux g\u00e9rer le budget consacr\u00e9 au mobilier et \u00e0 la communication visuelle. D&rsquo;autre part, le fait de disposer d&rsquo;un plus grand nombre de cadres permet d&rsquo;organiser et d&rsquo;afficher plus facilement des informations dans diff\u00e9rentes zones sans devoir proc\u00e9der \u00e0 des achats r\u00e9p\u00e9t\u00e9s. Cette caract\u00e9ristique est particuli\u00e8rement utile dans des environnements tels que les bureaux, les magasins et les \u00e9tablissements publics, o\u00f9 il est souvent n\u00e9cessaire d&rsquo;afficher simultan\u00e9ment plusieurs avis ou promotions.   <\/p>\n<h2>Facilit\u00e9 d&rsquo;utilisation du cadre photo mural A4<\/h2>\n<p>L&rsquo;une des caract\u00e9ristiques des cadres \u00e0 clipser est leur facilit\u00e9 d&rsquo;utilisation. La conception intuitive permet de remplacer rapidement et efficacement les mat\u00e9riaux expos\u00e9s. Pour mettre \u00e0 jour le contenu, il suffit de soulever les bords en aluminium du cadre et d&rsquo;acc\u00e9der au film de protection en PVC transparent, qui pr\u00e9sente \u00e9galement la caract\u00e9ristique d&rsquo;\u00eatre antireflet. Apr\u00e8s avoir ins\u00e9r\u00e9 le nouveau document, il suffit de refermer les bords du cadre, terminant ainsi l&rsquo;op\u00e9ration. Ce syst\u00e8me optimise l&rsquo;esth\u00e9tique de l&rsquo;espace d&rsquo;affichage, en \u00e9vitant les m\u00e9thodes inesth\u00e9tiques telles que le ruban adh\u00e9sif ou les punaises.    <\/p>\n<h2>Cadre photo mural A4 : des applications polyvalentes<\/h2>\n<p>Les cadres clipsables sont utilis\u00e9s dans de nombreux contextes : dans les bureaux, ils peuvent \u00eatre utilis\u00e9s pour la communication interne, tandis que dans les bars, ils constituent un outil efficace pour afficher des listes de prix et des promotions. Dans les \u00e9tablissements m\u00e9dicaux, ils peuvent \u00eatre utilis\u00e9s pour communiquer des avis aux utilisateurs, tandis que dans les magasins, ils permettent d&rsquo;annoncer des r\u00e9ductions ou des offres sp\u00e9ciales. Gr\u00e2ce \u00e0 leur polyvalence et \u00e0 leur design \u00e9l\u00e9gant, ces cadres s&rsquo;int\u00e8grent parfaitement dans n&rsquo;importe quel environnement.  <\/p>\n<p>Le cadre \u00e0 encliqueter est fourni avec un film PVC transparent antireflet, qui non seulement prot\u00e8ge l&rsquo;impression mais en facilite \u00e9galement l&rsquo;utilisation. En outre, des vis et des chevilles sont incluses pour un montage mural simple, garantissant ainsi une installation rapide et s\u00fbre. <\/p>\n<h3>Caract\u00e9ristiques<\/h3>\n<ol>\n<li>Cadre d&rsquo;encliquetage mural en aluminium.<\/li>\n<li>Coin rond chrom\u00e9.<\/li>\n<li>Trous au dos pour une application murale.<\/li>\n<li>Feuille de protection en PVC antireflet.<\/li>\n<li>Profil du cadre : Cadre 25 (largeur des bords mm. 25).<\/li>\n<li>Format du poster : A4 &#8211; cm. 21 x 29.7<\/li>\n<li>Mat\u00e9riau du cadre : aluminium<\/li>\n<li>Mat\u00e9riau du fond : polistyr\u00e8ne.<\/li>\n<li>Couleur : aluminium anodis\u00e9.<\/li>\n<li>Surface visible : 19 x 27,7 cm.<\/li>\n<li>Dimensions effectives du cadre : 24 x 32,8 cm.<\/li>\n<li>Poids du cadre : 0,42 kg<\/li>\n<li>Fourni avec des chevilles pour le montage mural.<\/li>\n<\/ol>\n<p>Voyez la version avec des angles aigus sur ce <span style=\"color: #ff0000;\"><strong><a style=\"color: #ff0000;\" href=\"https:\/\/www.smartystore.it\/fr\/prodotto\/cadre-a-coins-vifs-a4\/\">LIEN<\/a> <\/strong><\/span>ou tous les mod\u00e8les disponibles \u00e0 ce <span style=\"color: #ff0000;\"><strong><a style=\"color: #ff0000;\" href=\"https:\/\/www.smartystore.it\/fr\/categoria-prodotto\/cadres-instantanes\/cadres-clic-clac\/\">LIEN<\/a><\/strong><\/span><\/p>\n<p>&nbsp;<\/p>\n<p><a href=\"https:\/\/www.smartystore.it\/v25\/wp-content\/uploads\/2013\/11\/STR-CRPT00-01-02-08-04-05-06.25.pdf\" target=\"_blank\" rel=\"noopener\"><img loading=\"lazy\" decoding=\"async\" class=\"alignnone size-full wp-image-93510\" src=\"https:\/\/www.smartystore.it\/v25\/wp-content\/uploads\/2014\/10\/SchedaTecnica-300-e1750084266903.png\" alt=\"\" width=\"249\" height=\"63\"><\/a>[\/vc_column_text][\/vc_column][\/vc_row]<\/p>\n<\/div>","protected":false},"excerpt":{"rendered":"<p>Cadre \u00e0 encliqueter mural au format A4 (21&#215;29,7) avec coins arrondis. Disponible en diff\u00e9rents conditionnements <\/p>\n","protected":false},"featured_media":95470,"comment_status":"open","ping_status":"closed","template":"","meta":{"_acf_changed":false},"pwb-brand":[],"product_brand":[],"product_cat":[3008,2912],"product_tag":[4997,5002,4991,4992,5000,4996,4994,4993,5004,5003,5001,4998,4995,4999],"class_list":{"0":"post-95489","1":"product","2":"type-product","3":"status-publish","4":"has-post-thumbnail","6":"product_cat-cadres-clic-clac","7":"product_cat-cadres-instantanes","8":"product_tag-cadre-a-boutons-pression-en-aluminium-a4","9":"product_tag-cadre-a-clipser-pour-poster-a4","10":"product_tag-cadre-a-encliqueter-a4","11":"product_tag-cadre-click-clac-a4","12":"product_tag-cadre-dencliquetage-horizontal-et-vertical","13":"product_tag-cadre-mural-encliquetable","14":"product_tag-cadres-a-clipser-a-coins-ronds-a4","15":"product_tag-cadres-clic-clac","16":"product_tag-cadres-click-clac-a-coins-ronds","17":"product_tag-cadres-click-clack-21x30","18":"product_tag-cadres-de-messages-encliquetables","19":"product_tag-cadres-muraux-encliquetables","20":"product_tag-cadres-snap-a-bas-prix","21":"product_tag-des-cadres-a-prix-abordables","22":"pa_c2c_angolo-rond","23":"pa_c2c_color-argent","24":"pa_c2c_dimensione-a4-21x29-7-vert","25":"pa_c2c_mono_bifacciale-simple-face","26":"pa_c2c_trovraprezzi-oui","28":"first","29":"instock","30":"taxable","31":"shipping-taxable","32":"purchasable","33":"product-type-variable"},"acf":[],"yoast_head":"<!-- This site is optimized with the Yoast SEO plugin v27.4 - https:\/\/yoast.com\/product\/yoast-seo-wordpress\/ -->\n<title>Cadre mural A4 \u00e0 coins arrondis 25<\/title>\n<meta name=\"description\" content=\"Cadre mural en aluminium A4 21x29.7 coins arrondis. Achetez des cadres muraux \u00e0 bas prix en tant que cadres modernes.\" \/>\n<meta name=\"robots\" content=\"index, follow, max-snippet:-1, max-image-preview:large, max-video-preview:-1\" \/>\n<link rel=\"canonical\" href=\"https:\/\/www.smartystore.it\/fr\/prodotto\/cadre-mural-a4-a-coins-ronds-25\/\" \/>\n<meta property=\"og:locale\" content=\"fr_FR\" \/>\n<meta property=\"og:type\" content=\"article\" \/>\n<meta property=\"og:title\" content=\"Cadre mural A4 \u00e0 coins arrondis 25\" \/>\n<meta property=\"og:description\" content=\"Cadre mural en aluminium A4 21x29.7 coins arrondis. Achetez des cadres muraux \u00e0 bas prix en tant que cadres modernes.\" \/>\n<meta property=\"og:url\" content=\"https:\/\/www.smartystore.it\/fr\/prodotto\/cadre-mural-a4-a-coins-ronds-25\/\" \/>\n<meta property=\"og:site_name\" content=\"Smarty Store\" \/>\n<meta property=\"article:modified_time\" content=\"2025-09-26T15:59:52+00:00\" \/>\n<meta property=\"og:image\" content=\"https:\/\/www.smartystore.it\/v25\/wp-content\/uploads\/2014\/03\/Cornice-a-scatto-parete-A4-frame-25-angolo-tondo-cromato-1.jpg\" \/>\n\t<meta property=\"og:image:width\" content=\"1000\" \/>\n\t<meta property=\"og:image:height\" content=\"1000\" \/>\n\t<meta property=\"og:image:type\" content=\"image\/jpeg\" \/>\n<meta name=\"twitter:card\" content=\"summary_large_image\" \/>\n<meta name=\"twitter:label1\" content=\"Dur\u00e9e de lecture estim\u00e9e\" \/>\n\t<meta name=\"twitter:data1\" content=\"4 minutes\" \/>\n<script type=\"application\/ld+json\" class=\"yoast-schema-graph\">{\"@context\":\"https:\\\/\\\/schema.org\",\"@graph\":[{\"@type\":\"WebPage\",\"@id\":\"https:\\\/\\\/www.smartystore.it\\\/fr\\\/prodotto\\\/cadre-mural-a4-a-coins-ronds-25\\\/\",\"url\":\"https:\\\/\\\/www.smartystore.it\\\/fr\\\/prodotto\\\/cadre-mural-a4-a-coins-ronds-25\\\/\",\"name\":\"Cadre mural A4 \u00e0 coins arrondis 25\",\"isPartOf\":{\"@id\":\"https:\\\/\\\/www.smartystore.it\\\/fr\\\/#website\"},\"primaryImageOfPage\":{\"@id\":\"https:\\\/\\\/www.smartystore.it\\\/fr\\\/prodotto\\\/cadre-mural-a4-a-coins-ronds-25\\\/#primaryimage\"},\"image\":{\"@id\":\"https:\\\/\\\/www.smartystore.it\\\/fr\\\/prodotto\\\/cadre-mural-a4-a-coins-ronds-25\\\/#primaryimage\"},\"thumbnailUrl\":\"https:\\\/\\\/www.smartystore.it\\\/v25\\\/wp-content\\\/uploads\\\/2014\\\/03\\\/Cornice-a-scatto-parete-A4-frame-25-angolo-tondo-cromato-1.jpg\",\"datePublished\":\"2014-03-20T14:23:28+00:00\",\"dateModified\":\"2025-09-26T15:59:52+00:00\",\"description\":\"Cadre mural en aluminium A4 21x29.7 coins arrondis. Achetez des cadres muraux \u00e0 bas prix en tant que cadres modernes.\",\"breadcrumb\":{\"@id\":\"https:\\\/\\\/www.smartystore.it\\\/fr\\\/prodotto\\\/cadre-mural-a4-a-coins-ronds-25\\\/#breadcrumb\"},\"inLanguage\":\"fr-FR\",\"potentialAction\":[{\"@type\":\"ReadAction\",\"target\":[\"https:\\\/\\\/www.smartystore.it\\\/fr\\\/prodotto\\\/cadre-mural-a4-a-coins-ronds-25\\\/\"]}]},{\"@type\":\"ImageObject\",\"inLanguage\":\"fr-FR\",\"@id\":\"https:\\\/\\\/www.smartystore.it\\\/fr\\\/prodotto\\\/cadre-mural-a4-a-coins-ronds-25\\\/#primaryimage\",\"url\":\"https:\\\/\\\/www.smartystore.it\\\/v25\\\/wp-content\\\/uploads\\\/2014\\\/03\\\/Cornice-a-scatto-parete-A4-frame-25-angolo-tondo-cromato-1.jpg\",\"contentUrl\":\"https:\\\/\\\/www.smartystore.it\\\/v25\\\/wp-content\\\/uploads\\\/2014\\\/03\\\/Cornice-a-scatto-parete-A4-frame-25-angolo-tondo-cromato-1.jpg\",\"width\":1000,\"height\":1000,\"caption\":\"Cadre mural A4 \u00e0 coins ronds\"},{\"@type\":\"BreadcrumbList\",\"@id\":\"https:\\\/\\\/www.smartystore.it\\\/fr\\\/prodotto\\\/cadre-mural-a4-a-coins-ronds-25\\\/#breadcrumb\",\"itemListElement\":[{\"@type\":\"ListItem\",\"position\":1,\"name\":\"Home\",\"item\":\"https:\\\/\\\/www.smartystore.it\\\/fr\\\/\"},{\"@type\":\"ListItem\",\"position\":2,\"name\":\"Boutique\",\"item\":\"https:\\\/\\\/www.smartystore.it\\\/fr\\\/boutique\\\/\"},{\"@type\":\"ListItem\",\"position\":3,\"name\":\"Cadre mural A4 \u00e0 coins ronds 25\"}]},{\"@type\":\"WebSite\",\"@id\":\"https:\\\/\\\/www.smartystore.it\\\/fr\\\/#website\",\"url\":\"https:\\\/\\\/www.smartystore.it\\\/fr\\\/\",\"name\":\"Smarty Store\",\"description\":\"Espositori Pubblicitari e Sistemi di Comunicazione Visiva\",\"potentialAction\":[{\"@type\":\"SearchAction\",\"target\":{\"@type\":\"EntryPoint\",\"urlTemplate\":\"https:\\\/\\\/www.smartystore.it\\\/fr\\\/?s={search_term_string}\"},\"query-input\":{\"@type\":\"PropertyValueSpecification\",\"valueRequired\":true,\"valueName\":\"search_term_string\"}}],\"inLanguage\":\"fr-FR\"}]}<\/script>\n<!-- \/ Yoast SEO plugin. -->","yoast_head_json":{"title":"Cadre mural A4 \u00e0 coins arrondis 25","description":"Cadre mural en aluminium A4 21x29.7 coins arrondis. Achetez des cadres muraux \u00e0 bas prix en tant que cadres modernes.","robots":{"index":"index","follow":"follow","max-snippet":"max-snippet:-1","max-image-preview":"max-image-preview:large","max-video-preview":"max-video-preview:-1"},"canonical":"https:\/\/www.smartystore.it\/fr\/prodotto\/cadre-mural-a4-a-coins-ronds-25\/","og_locale":"fr_FR","og_type":"article","og_title":"Cadre mural A4 \u00e0 coins arrondis 25","og_description":"Cadre mural en aluminium A4 21x29.7 coins arrondis. Achetez des cadres muraux \u00e0 bas prix en tant que cadres modernes.","og_url":"https:\/\/www.smartystore.it\/fr\/prodotto\/cadre-mural-a4-a-coins-ronds-25\/","og_site_name":"Smarty Store","article_modified_time":"2025-09-26T15:59:52+00:00","og_image":[{"width":1000,"height":1000,"url":"https:\/\/www.smartystore.it\/v25\/wp-content\/uploads\/2014\/03\/Cornice-a-scatto-parete-A4-frame-25-angolo-tondo-cromato-1.jpg","type":"image\/jpeg"}],"twitter_card":"summary_large_image","twitter_misc":{"Dur\u00e9e de lecture estim\u00e9e":"4 minutes"},"schema":{"@context":"https:\/\/schema.org","@graph":[{"@type":"WebPage","@id":"https:\/\/www.smartystore.it\/fr\/prodotto\/cadre-mural-a4-a-coins-ronds-25\/","url":"https:\/\/www.smartystore.it\/fr\/prodotto\/cadre-mural-a4-a-coins-ronds-25\/","name":"Cadre mural A4 \u00e0 coins arrondis 25","isPartOf":{"@id":"https:\/\/www.smartystore.it\/fr\/#website"},"primaryImageOfPage":{"@id":"https:\/\/www.smartystore.it\/fr\/prodotto\/cadre-mural-a4-a-coins-ronds-25\/#primaryimage"},"image":{"@id":"https:\/\/www.smartystore.it\/fr\/prodotto\/cadre-mural-a4-a-coins-ronds-25\/#primaryimage"},"thumbnailUrl":"https:\/\/www.smartystore.it\/v25\/wp-content\/uploads\/2014\/03\/Cornice-a-scatto-parete-A4-frame-25-angolo-tondo-cromato-1.jpg","datePublished":"2014-03-20T14:23:28+00:00","dateModified":"2025-09-26T15:59:52+00:00","description":"Cadre mural en aluminium A4 21x29.7 coins arrondis. Achetez des cadres muraux \u00e0 bas prix en tant que cadres modernes.","breadcrumb":{"@id":"https:\/\/www.smartystore.it\/fr\/prodotto\/cadre-mural-a4-a-coins-ronds-25\/#breadcrumb"},"inLanguage":"fr-FR","potentialAction":[{"@type":"ReadAction","target":["https:\/\/www.smartystore.it\/fr\/prodotto\/cadre-mural-a4-a-coins-ronds-25\/"]}]},{"@type":"ImageObject","inLanguage":"fr-FR","@id":"https:\/\/www.smartystore.it\/fr\/prodotto\/cadre-mural-a4-a-coins-ronds-25\/#primaryimage","url":"https:\/\/www.smartystore.it\/v25\/wp-content\/uploads\/2014\/03\/Cornice-a-scatto-parete-A4-frame-25-angolo-tondo-cromato-1.jpg","contentUrl":"https:\/\/www.smartystore.it\/v25\/wp-content\/uploads\/2014\/03\/Cornice-a-scatto-parete-A4-frame-25-angolo-tondo-cromato-1.jpg","width":1000,"height":1000,"caption":"Cadre mural A4 \u00e0 coins ronds"},{"@type":"BreadcrumbList","@id":"https:\/\/www.smartystore.it\/fr\/prodotto\/cadre-mural-a4-a-coins-ronds-25\/#breadcrumb","itemListElement":[{"@type":"ListItem","position":1,"name":"Home","item":"https:\/\/www.smartystore.it\/fr\/"},{"@type":"ListItem","position":2,"name":"Boutique","item":"https:\/\/www.smartystore.it\/fr\/boutique\/"},{"@type":"ListItem","position":3,"name":"Cadre mural A4 \u00e0 coins ronds 25"}]},{"@type":"WebSite","@id":"https:\/\/www.smartystore.it\/fr\/#website","url":"https:\/\/www.smartystore.it\/fr\/","name":"Smarty Store","description":"Espositori Pubblicitari e Sistemi di Comunicazione Visiva","potentialAction":[{"@type":"SearchAction","target":{"@type":"EntryPoint","urlTemplate":"https:\/\/www.smartystore.it\/fr\/?s={search_term_string}"},"query-input":{"@type":"PropertyValueSpecification","valueRequired":true,"valueName":"search_term_string"}}],"inLanguage":"fr-FR"}]}},"brands":[],"_links":{"self":[{"href":"https:\/\/www.smartystore.it\/fr\/wp-json\/wp\/v2\/product\/95489","targetHints":{"allow":["GET"]}}],"collection":[{"href":"https:\/\/www.smartystore.it\/fr\/wp-json\/wp\/v2\/product"}],"about":[{"href":"https:\/\/www.smartystore.it\/fr\/wp-json\/wp\/v2\/types\/product"}],"replies":[{"embeddable":true,"href":"https:\/\/www.smartystore.it\/fr\/wp-json\/wp\/v2\/comments?post=95489"}],"wp:featuredmedia":[{"embeddable":true,"href":"https:\/\/www.smartystore.it\/fr\/wp-json\/wp\/v2\/media\/95470"}],"wp:attachment":[{"href":"https:\/\/www.smartystore.it\/fr\/wp-json\/wp\/v2\/media?parent=95489"}],"wp:term":[{"taxonomy":"pwb-brand","embeddable":true,"href":"https:\/\/www.smartystore.it\/fr\/wp-json\/wp\/v2\/pwb-brand?post=95489"},{"taxonomy":"product_brand","embeddable":true,"href":"https:\/\/www.smartystore.it\/fr\/wp-json\/wp\/v2\/product_brand?post=95489"},{"taxonomy":"product_cat","embeddable":true,"href":"https:\/\/www.smartystore.it\/fr\/wp-json\/wp\/v2\/product_cat?post=95489"},{"taxonomy":"product_tag","embeddable":true,"href":"https:\/\/www.smartystore.it\/fr\/wp-json\/wp\/v2\/product_tag?post=95489"}],"curies":[{"name":"wp","href":"https:\/\/api.w.org\/{rel}","templated":true}]}}