{"id":95436,"date":"2019-11-13T11:15:57","date_gmt":"2019-11-13T09:15:57","guid":{"rendered":"https:\/\/www.smartystore.it\/prodotto\/panneau-de-menu-exterieur-format-4xa4\/"},"modified":"2025-09-25T11:37:43","modified_gmt":"2025-09-25T09:37:43","slug":"panneau-de-menu-exterieur-format-4xa4","status":"publish","type":"product","link":"https:\/\/www.smartystore.it\/fr\/prodotto\/panneau-de-menu-exterieur-format-4xa4\/","title":{"rendered":"Panneau de menu ext\u00e9rieur format 4xA4"},"content":{"rendered":"<div class=\"wpb-content-wrapper\"><p>[vc_row][vc_column][vc_column_text css=\u00a0\u00bb\u00a0\u00bb css_params=\u00a0\u00bb\u00a0\u00bb]<\/p>\n<h2>Panneau de menu ext\u00e9rieur format 4xA4<\/h2>\n<p><span dir=\"auto\">Le panneau de menu ext\u00e9rieur format 4xA4 est une solution \u00e9l\u00e9gante et fonctionnelle pour les restaurants, les pharmacies et les entreprises qui souhaitent afficher des communications importantes de mani\u00e8re claire et visible. Fabriqu\u00e9 en aluminium anodis\u00e9 de couleur argent\u00e9e, ce produit garantit non seulement la r\u00e9sistance aux intemp\u00e9ries, mais offre \u00e9galement un design moderne et attrayant qui s&rsquo;int\u00e8gre parfaitement dans tout contexte architectural. <\/span><\/p>\n<p><span dir=\"auto\">Le tableau d&rsquo;affichage est con\u00e7u pour accueillir quatre feuilles A4 dispos\u00e9es verticalement sur deux niveaux, ou deux feuilles A3 en orientation paysage. Cette polyvalence permet de s&rsquo;adapter facilement \u00e0 diff\u00e9rents besoins d&rsquo;affichage, et d&rsquo;afficher des menus, des promotions et des informations utiles pour les clients de mani\u00e8re ordonn\u00e9e et professionnelle. <\/span><\/p>\n<p><span dir=\"auto\">Le fond m\u00e9tallique magn\u00e9tique facilite le changement de documents, ce qui permet d&rsquo;actualiser rapidement les informations affich\u00e9es sans risquer d&rsquo;endommager le mat\u00e9riel. La porte transparente en polycarbonate garantit la protection du contenu affich\u00e9, le mettant \u00e0 l&rsquo;abri de la poussi\u00e8re, de l&rsquo;humidit\u00e9 et d&rsquo;autres agressions environnementales, sans compromettre la visibilit\u00e9. <\/span><\/p>\n<p><span dir=\"auto\">Le tableau d&rsquo;affichage est dot\u00e9 d&rsquo;une ouverture rabattable, ce qui facilite l&rsquo;acc\u00e8s aux documents. En outre, il est dot\u00e9 d&rsquo;un syst\u00e8me de verrouillage avec cl\u00e9s fournies, ce qui garantit une s\u00e9curit\u00e9 maximale du contenu affich\u00e9. Ceci est particuli\u00e8rement important pour les restaurants et les pharmacies, o\u00f9 la confidentialit\u00e9 et la protection des informations sont une priorit\u00e9. <\/span><\/p>\n<h2>PERSONNALISEZ VOTRE PANNEAU D&rsquo;AFFICHAGE POUR PLUS DE VISIBILIT\u00c9<\/h2>\n<p><span dir=\"auto\">Un autre point fort est le panneau d&rsquo;en-t\u00eate personnalisable, qui permet aux entreprises d&rsquo;ins\u00e9rer leur propre logo et d&rsquo;autres informations relatives \u00e0 leur marque. Cette fonction permet non seulement d&rsquo;am\u00e9liorer l&rsquo;image de l&rsquo;entreprise, mais aussi de cr\u00e9er une identit\u00e9 visuelle coh\u00e9rente et reconnaissable pour les clients. <\/span><\/p>\n<p><span dir=\"auto\">En r\u00e9sum\u00e9, le panneau de menu ext\u00e9rieur 4xA4 en aluminium anodis\u00e9 argent\u00e9 est un choix id\u00e9al pour tous ceux qui souhaitent communiquer de mani\u00e8re efficace et attrayante. Gr\u00e2ce \u00e0 son design pratique, sa s\u00e9curit\u00e9 garantie et ses possibilit\u00e9s de personnalisation, ce produit s&rsquo;av\u00e8re \u00eatre un investissement pr\u00e9cieux pour les restaurants, les pharmacies et toute entreprise qui souhaite rester en contact avec ses clients. Le choix d&rsquo;un tel panneau d&rsquo;affichage n&rsquo;est pas seulement une question d&rsquo;esth\u00e9tique, mais un \u00e9l\u00e9ment strat\u00e9gique pour am\u00e9liorer la communication et la visibilit\u00e9 de votre marque. <\/span><\/p>\n<p><strong>CARACT\u00c9RISTIQUES:<\/strong><\/p>\n<ol>\n<li>Cadre en aluminium anodis\u00e9 argent.<\/li>\n<li>Porte-menu avec fond m\u00e9tallique magn\u00e9tique.<\/li>\n<li>Format : 4xA4 vertical sur deux niveaux ou deux feuilles A3 horizontales.<\/li>\n<li>Porte en polycarbonate transparent.<\/li>\n<li>Ouverture du livre.<\/li>\n<li>Serrure avec cl\u00e9s fournies.<\/li>\n<li>Panneau d&rsquo;en-t\u00eate personnalisable avec logo.<\/li>\n<\/ol>\n<p>Dimensions du panneau personnalisable avec logo (en cm) : L 44,9 H 10<\/p>\n<p>Zone de personnalisation visible (en cm) : H 9,3 &#8211; L 43,5<\/p>\n<p><strong><span style=\"color: #993300;\"><strong>POUR LE FICHIER GRAPHIQUE : cr\u00e9ez le fichier aux dimensions 44,9&#215;10 cm (\u00e9chelle 1:1) avec les textes convertis en trac\u00e9s, apr\u00e8s avoir sauvegard\u00e9 le fichier en format PDF (r\u00e9solution minimale 200 dpi), envoyez le document \u00e0 l&rsquo;adresse \u00e9lectronique suivante<\/strong><\/span><strong> <a href=\"mailto:grafica@smartystore.it\">grafica@smartystore.it<\/a> <\/strong><span style=\"color: #993300;\"><strong>en mentionnant le num\u00e9ro de commande.<\/strong><\/span><\/strong><\/p>\n<p>Dimensions de la planche (en cm) : L 50,5 &#8211; H 77,9 &#8211; P 2,3<\/p>\n<p>Poids de l&rsquo;article : environ 5 kg<\/p>\n<p><a href=\"https:\/\/www.smartystore.it\/v25\/wp-content\/uploads\/2019\/10\/STR-CITY301-302-303.pdf\" target=\"_blank\" rel=\"noopener\"><img loading=\"lazy\" decoding=\"async\" class=\"alignnone size-full wp-image-93672\" src=\"https:\/\/www.smartystore.it\/v25\/wp-content\/uploads\/2023\/11\/LogoDownload_yellow.jpg\" alt=\"\" width=\"50\" height=\"50\"><strong> FICHE TECHNIQUE<\/strong><\/a><\/p>\n<p><a href=\"https:\/\/www.smartystore.it\/v25\/wp-content\/uploads\/2023\/03\/STR-CITY302-CITY303.pdf\" target=\"_blank\" rel=\"noopener\"><img loading=\"lazy\" decoding=\"async\" class=\"alignnone size-full wp-image-93609\" src=\"https:\/\/www.smartystore.it\/v25\/wp-content\/uploads\/2021\/02\/LogoDownload_green-1.jpg\" alt=\"\" width=\"50\" height=\"50\"><strong> DISPOSITION DE LA D\u00c9COUPE \u00c0 L&rsquo;EMPORTE-PI\u00c8CE<\/strong><\/a>[\/vc_column_text][\/vc_column][\/vc_row]<\/p>\n<\/div>","protected":false},"excerpt":{"rendered":"<p>Panneau de menu pour l&rsquo;ext\u00e9rieur avec structure en aluminium anodis\u00e9 argent\u00e9, format vertical 4xA4 avec panneau personnalisable.<\/p>\n","protected":false},"featured_media":95435,"comment_status":"open","ping_status":"closed","template":"","meta":{"_acf_changed":false},"pwb-brand":[],"product_brand":[],"product_cat":[2999,3001,2997],"product_tag":[4636,4628,4963,4964,4632,4629,4633,4631,4635,4630,4962],"class_list":{"0":"post-95436","1":"product","2":"type-product","3":"status-publish","4":"has-post-thumbnail","6":"product_cat-panneaux-daffichage-exterieurs","7":"product_cat-porte-menu","8":"product_cat-tableaux-de-messages","9":"product_tag-panneau-daffichage-de-la-pharmacie","10":"product_tag-panneau-daffichage-exterieur","11":"product_tag-panneau-daffichage-exterieur-4xa4","12":"product_tag-panneau-daffichage-exterieur-4xa4-avec-panneau-personnalisable","13":"product_tag-panneau-daffichage-exterieur-personnalisable","14":"product_tag-panneau-de-menu-exterieur","15":"product_tag-panneau-de-menu-exterieur-personnalisable","16":"product_tag-panneau-de-menu-personnalisable","17":"product_tag-tableau-daffichage-du-restaurant","18":"product_tag-tableau-daffichage-personnalisable","19":"product_tag-tableau-daffichage-pour-4-feuilles-a4","20":"pa_c2c_color-argent","21":"pa_c2c_dimensione-4-x-a4","22":"pa_c2c_mono_bifacciale-simple-face","23":"pa_c2c_stampa-non","24":"pa_c2c_stampa-oui","25":"pa_c2c_trovraprezzi-non","27":"first","28":"instock","29":"taxable","30":"shipping-taxable","31":"purchasable","32":"product-type-variable"},"acf":[],"yoast_head":"<!-- This site is optimized with the Yoast SEO plugin v27.4 - https:\/\/yoast.com\/product\/yoast-seo-wordpress\/ -->\n<title>Panneau de menu ext\u00e9rieur format 4xA4 - Smarty Store<\/title>\n<meta name=\"description\" content=\"Panneau de menu ext\u00e9rieur format 4xA4 avec panneau personnalisable pour attirer l&#039;attention et la curiosit\u00e9 sur votre entreprise.\" \/>\n<meta name=\"robots\" content=\"index, follow, max-snippet:-1, max-image-preview:large, max-video-preview:-1\" \/>\n<link rel=\"canonical\" href=\"https:\/\/www.smartystore.it\/fr\/prodotto\/panneau-de-menu-exterieur-format-4xa4\/\" \/>\n<meta property=\"og:locale\" content=\"fr_FR\" \/>\n<meta property=\"og:type\" content=\"article\" \/>\n<meta property=\"og:title\" content=\"Panneau de menu ext\u00e9rieur format 4xA4 - Smarty Store\" \/>\n<meta property=\"og:description\" content=\"Panneau de menu ext\u00e9rieur format 4xA4 avec panneau personnalisable pour attirer l&#039;attention et la curiosit\u00e9 sur votre entreprise.\" \/>\n<meta property=\"og:url\" content=\"https:\/\/www.smartystore.it\/fr\/prodotto\/panneau-de-menu-exterieur-format-4xa4\/\" \/>\n<meta property=\"og:site_name\" content=\"Smarty Store\" \/>\n<meta property=\"article:modified_time\" content=\"2025-09-25T09:37:43+00:00\" \/>\n<meta property=\"og:image\" content=\"https:\/\/www.smartystore.it\/v25\/wp-content\/uploads\/2019\/11\/Bacheca-porta-menu-esterno-4xA4-senza-personalizzazione.jpg\" \/>\n\t<meta property=\"og:image:width\" content=\"1000\" \/>\n\t<meta property=\"og:image:height\" content=\"1000\" \/>\n\t<meta property=\"og:image:type\" content=\"image\/jpeg\" \/>\n<meta name=\"twitter:card\" content=\"summary_large_image\" \/>\n<meta name=\"twitter:label1\" content=\"Dur\u00e9e de lecture estim\u00e9e\" \/>\n\t<meta name=\"twitter:data1\" content=\"4 minutes\" \/>\n<script type=\"application\/ld+json\" class=\"yoast-schema-graph\">{\"@context\":\"https:\\\/\\\/schema.org\",\"@graph\":[{\"@type\":\"WebPage\",\"@id\":\"https:\\\/\\\/www.smartystore.it\\\/fr\\\/prodotto\\\/panneau-de-menu-exterieur-format-4xa4\\\/\",\"url\":\"https:\\\/\\\/www.smartystore.it\\\/fr\\\/prodotto\\\/panneau-de-menu-exterieur-format-4xa4\\\/\",\"name\":\"Panneau de menu ext\u00e9rieur format 4xA4 - Smarty Store\",\"isPartOf\":{\"@id\":\"https:\\\/\\\/www.smartystore.it\\\/fr\\\/#website\"},\"primaryImageOfPage\":{\"@id\":\"https:\\\/\\\/www.smartystore.it\\\/fr\\\/prodotto\\\/panneau-de-menu-exterieur-format-4xa4\\\/#primaryimage\"},\"image\":{\"@id\":\"https:\\\/\\\/www.smartystore.it\\\/fr\\\/prodotto\\\/panneau-de-menu-exterieur-format-4xa4\\\/#primaryimage\"},\"thumbnailUrl\":\"https:\\\/\\\/www.smartystore.it\\\/v25\\\/wp-content\\\/uploads\\\/2019\\\/11\\\/Bacheca-porta-menu-esterno-4xA4-senza-personalizzazione.jpg\",\"datePublished\":\"2019-11-13T09:15:57+00:00\",\"dateModified\":\"2025-09-25T09:37:43+00:00\",\"description\":\"Panneau de menu ext\u00e9rieur format 4xA4 avec panneau personnalisable pour attirer l'attention et la curiosit\u00e9 sur votre entreprise.\",\"breadcrumb\":{\"@id\":\"https:\\\/\\\/www.smartystore.it\\\/fr\\\/prodotto\\\/panneau-de-menu-exterieur-format-4xa4\\\/#breadcrumb\"},\"inLanguage\":\"fr-FR\",\"potentialAction\":[{\"@type\":\"ReadAction\",\"target\":[\"https:\\\/\\\/www.smartystore.it\\\/fr\\\/prodotto\\\/panneau-de-menu-exterieur-format-4xa4\\\/\"]}]},{\"@type\":\"ImageObject\",\"inLanguage\":\"fr-FR\",\"@id\":\"https:\\\/\\\/www.smartystore.it\\\/fr\\\/prodotto\\\/panneau-de-menu-exterieur-format-4xa4\\\/#primaryimage\",\"url\":\"https:\\\/\\\/www.smartystore.it\\\/v25\\\/wp-content\\\/uploads\\\/2019\\\/11\\\/Bacheca-porta-menu-esterno-4xA4-senza-personalizzazione.jpg\",\"contentUrl\":\"https:\\\/\\\/www.smartystore.it\\\/v25\\\/wp-content\\\/uploads\\\/2019\\\/11\\\/Bacheca-porta-menu-esterno-4xA4-senza-personalizzazione.jpg\",\"width\":1000,\"height\":1000,\"caption\":\"Panneau de menu ext\u00e9rieur format 4xA4\"},{\"@type\":\"BreadcrumbList\",\"@id\":\"https:\\\/\\\/www.smartystore.it\\\/fr\\\/prodotto\\\/panneau-de-menu-exterieur-format-4xa4\\\/#breadcrumb\",\"itemListElement\":[{\"@type\":\"ListItem\",\"position\":1,\"name\":\"Home\",\"item\":\"https:\\\/\\\/www.smartystore.it\\\/fr\\\/\"},{\"@type\":\"ListItem\",\"position\":2,\"name\":\"Boutique\",\"item\":\"https:\\\/\\\/www.smartystore.it\\\/fr\\\/boutique\\\/\"},{\"@type\":\"ListItem\",\"position\":3,\"name\":\"Panneau de menu ext\u00e9rieur format 4xA4\"}]},{\"@type\":\"WebSite\",\"@id\":\"https:\\\/\\\/www.smartystore.it\\\/fr\\\/#website\",\"url\":\"https:\\\/\\\/www.smartystore.it\\\/fr\\\/\",\"name\":\"Smarty Store\",\"description\":\"Espositori Pubblicitari e Sistemi di Comunicazione Visiva\",\"potentialAction\":[{\"@type\":\"SearchAction\",\"target\":{\"@type\":\"EntryPoint\",\"urlTemplate\":\"https:\\\/\\\/www.smartystore.it\\\/fr\\\/?s={search_term_string}\"},\"query-input\":{\"@type\":\"PropertyValueSpecification\",\"valueRequired\":true,\"valueName\":\"search_term_string\"}}],\"inLanguage\":\"fr-FR\"}]}<\/script>\n<!-- \/ Yoast SEO plugin. -->","yoast_head_json":{"title":"Panneau de menu ext\u00e9rieur format 4xA4 - Smarty Store","description":"Panneau de menu ext\u00e9rieur format 4xA4 avec panneau personnalisable pour attirer l'attention et la curiosit\u00e9 sur votre entreprise.","robots":{"index":"index","follow":"follow","max-snippet":"max-snippet:-1","max-image-preview":"max-image-preview:large","max-video-preview":"max-video-preview:-1"},"canonical":"https:\/\/www.smartystore.it\/fr\/prodotto\/panneau-de-menu-exterieur-format-4xa4\/","og_locale":"fr_FR","og_type":"article","og_title":"Panneau de menu ext\u00e9rieur format 4xA4 - Smarty Store","og_description":"Panneau de menu ext\u00e9rieur format 4xA4 avec panneau personnalisable pour attirer l'attention et la curiosit\u00e9 sur votre entreprise.","og_url":"https:\/\/www.smartystore.it\/fr\/prodotto\/panneau-de-menu-exterieur-format-4xa4\/","og_site_name":"Smarty Store","article_modified_time":"2025-09-25T09:37:43+00:00","og_image":[{"width":1000,"height":1000,"url":"https:\/\/www.smartystore.it\/v25\/wp-content\/uploads\/2019\/11\/Bacheca-porta-menu-esterno-4xA4-senza-personalizzazione.jpg","type":"image\/jpeg"}],"twitter_card":"summary_large_image","twitter_misc":{"Dur\u00e9e de lecture estim\u00e9e":"4 minutes"},"schema":{"@context":"https:\/\/schema.org","@graph":[{"@type":"WebPage","@id":"https:\/\/www.smartystore.it\/fr\/prodotto\/panneau-de-menu-exterieur-format-4xa4\/","url":"https:\/\/www.smartystore.it\/fr\/prodotto\/panneau-de-menu-exterieur-format-4xa4\/","name":"Panneau de menu ext\u00e9rieur format 4xA4 - Smarty Store","isPartOf":{"@id":"https:\/\/www.smartystore.it\/fr\/#website"},"primaryImageOfPage":{"@id":"https:\/\/www.smartystore.it\/fr\/prodotto\/panneau-de-menu-exterieur-format-4xa4\/#primaryimage"},"image":{"@id":"https:\/\/www.smartystore.it\/fr\/prodotto\/panneau-de-menu-exterieur-format-4xa4\/#primaryimage"},"thumbnailUrl":"https:\/\/www.smartystore.it\/v25\/wp-content\/uploads\/2019\/11\/Bacheca-porta-menu-esterno-4xA4-senza-personalizzazione.jpg","datePublished":"2019-11-13T09:15:57+00:00","dateModified":"2025-09-25T09:37:43+00:00","description":"Panneau de menu ext\u00e9rieur format 4xA4 avec panneau personnalisable pour attirer l'attention et la curiosit\u00e9 sur votre entreprise.","breadcrumb":{"@id":"https:\/\/www.smartystore.it\/fr\/prodotto\/panneau-de-menu-exterieur-format-4xa4\/#breadcrumb"},"inLanguage":"fr-FR","potentialAction":[{"@type":"ReadAction","target":["https:\/\/www.smartystore.it\/fr\/prodotto\/panneau-de-menu-exterieur-format-4xa4\/"]}]},{"@type":"ImageObject","inLanguage":"fr-FR","@id":"https:\/\/www.smartystore.it\/fr\/prodotto\/panneau-de-menu-exterieur-format-4xa4\/#primaryimage","url":"https:\/\/www.smartystore.it\/v25\/wp-content\/uploads\/2019\/11\/Bacheca-porta-menu-esterno-4xA4-senza-personalizzazione.jpg","contentUrl":"https:\/\/www.smartystore.it\/v25\/wp-content\/uploads\/2019\/11\/Bacheca-porta-menu-esterno-4xA4-senza-personalizzazione.jpg","width":1000,"height":1000,"caption":"Panneau de menu ext\u00e9rieur format 4xA4"},{"@type":"BreadcrumbList","@id":"https:\/\/www.smartystore.it\/fr\/prodotto\/panneau-de-menu-exterieur-format-4xa4\/#breadcrumb","itemListElement":[{"@type":"ListItem","position":1,"name":"Home","item":"https:\/\/www.smartystore.it\/fr\/"},{"@type":"ListItem","position":2,"name":"Boutique","item":"https:\/\/www.smartystore.it\/fr\/boutique\/"},{"@type":"ListItem","position":3,"name":"Panneau de menu ext\u00e9rieur format 4xA4"}]},{"@type":"WebSite","@id":"https:\/\/www.smartystore.it\/fr\/#website","url":"https:\/\/www.smartystore.it\/fr\/","name":"Smarty Store","description":"Espositori Pubblicitari e Sistemi di Comunicazione Visiva","potentialAction":[{"@type":"SearchAction","target":{"@type":"EntryPoint","urlTemplate":"https:\/\/www.smartystore.it\/fr\/?s={search_term_string}"},"query-input":{"@type":"PropertyValueSpecification","valueRequired":true,"valueName":"search_term_string"}}],"inLanguage":"fr-FR"}]}},"brands":[],"_links":{"self":[{"href":"https:\/\/www.smartystore.it\/fr\/wp-json\/wp\/v2\/product\/95436","targetHints":{"allow":["GET"]}}],"collection":[{"href":"https:\/\/www.smartystore.it\/fr\/wp-json\/wp\/v2\/product"}],"about":[{"href":"https:\/\/www.smartystore.it\/fr\/wp-json\/wp\/v2\/types\/product"}],"replies":[{"embeddable":true,"href":"https:\/\/www.smartystore.it\/fr\/wp-json\/wp\/v2\/comments?post=95436"}],"wp:featuredmedia":[{"embeddable":true,"href":"https:\/\/www.smartystore.it\/fr\/wp-json\/wp\/v2\/media\/95435"}],"wp:attachment":[{"href":"https:\/\/www.smartystore.it\/fr\/wp-json\/wp\/v2\/media?parent=95436"}],"wp:term":[{"taxonomy":"pwb-brand","embeddable":true,"href":"https:\/\/www.smartystore.it\/fr\/wp-json\/wp\/v2\/pwb-brand?post=95436"},{"taxonomy":"product_brand","embeddable":true,"href":"https:\/\/www.smartystore.it\/fr\/wp-json\/wp\/v2\/product_brand?post=95436"},{"taxonomy":"product_cat","embeddable":true,"href":"https:\/\/www.smartystore.it\/fr\/wp-json\/wp\/v2\/product_cat?post=95436"},{"taxonomy":"product_tag","embeddable":true,"href":"https:\/\/www.smartystore.it\/fr\/wp-json\/wp\/v2\/product_tag?post=95436"}],"curies":[{"name":"wp","href":"https:\/\/api.w.org\/{rel}","templated":true}]}}