{"id":95430,"date":"2019-11-12T16:56:22","date_gmt":"2019-11-12T14:56:22","guid":{"rendered":"https:\/\/www.smartystore.it\/prodotto\/panneau-de-menu-exterieur-format-2xa4-avec-eclairage-led\/"},"modified":"2026-03-10T17:14:38","modified_gmt":"2026-03-10T15:14:38","slug":"panneau-de-menu-exterieur-format-2xa4-avec-eclairage-led","status":"publish","type":"product","link":"https:\/\/www.smartystore.it\/fr\/prodotto\/panneau-de-menu-exterieur-format-2xa4-avec-eclairage-led\/","title":{"rendered":"Panneau de menu ext\u00e9rieur 2xA4 LED"},"content":{"rendered":"<div class=\"wpb-content-wrapper\"><p>[vc_row][vc_column][vc_column_text css=\u00a0\u00bb\u00a0\u00bb css_params=\u00a0\u00bb\u00a0\u00bb]<\/p>\n<h1>Panneau de menu ext\u00e9rieur format 2xA4 avec \u00e9clairage LED<\/h1>\n<p><span dir=\"auto\">Le panneau d&rsquo;affichage ext\u00e9rieur 2xA4 avec \u00e9clairage LED est une solution innovante et fonctionnelle pour les restaurants et les pharmacies qui souhaitent pr\u00e9senter leurs offres de mani\u00e8re attrayante et professionnelle. Compos\u00e9 d&rsquo;un cadre en aluminium anodis\u00e9 argent, ce panneau d&rsquo;affichage allie <strong>esth\u00e9tique et robustesse<\/strong>, garantissant une excellente r\u00e9sistance aux intemp\u00e9ries et \u00e0 l&rsquo;usure du temps. <\/span><\/p>\n<p><span dir=\"auto\">La conception du tableau d&rsquo;affichage lui permet d&rsquo;accueillir des documents au format portrait 2xA4, c\u00f4te \u00e0 c\u00f4te, ou une feuille A3 horizontale, offrant ainsi une flexibilit\u00e9 maximale dans la communication de l&rsquo;information. La base m\u00e9tallique magn\u00e9tique permet une utilisation rapide et facile, ce qui permet de changer fr\u00e9quemment le contenu affich\u00e9 sans difficult\u00e9. <\/span><\/p>\n<p><span dir=\"auto\">La porte en polycarbonate transparent est con\u00e7ue pour garantir une visibilit\u00e9 optimale tout en prot\u00e9geant le mat\u00e9riel expos\u00e9 de la poussi\u00e8re et des agents ext\u00e9rieurs. Gr\u00e2ce \u00e0 l&rsquo;ouverture en accord\u00e9on, l&rsquo;utilisation du tableau d&rsquo;affichage est particuli\u00e8rement intuitive : les op\u00e9rateurs peuvent facilement acc\u00e9der aux documents et les remplacer rapidement, tout en conservant une image soign\u00e9e et ordonn\u00e9e \u00e0 tout moment. <\/span><\/p>\n<p><span dir=\"auto\">Pour assurer sa s\u00e9curit\u00e9, le tableau d&rsquo;affichage est \u00e9quip\u00e9 d&rsquo;une serrure \u00e0 cl\u00e9s. Cet \u00e9l\u00e9ment garantit que les documents affich\u00e9s sont prot\u00e9g\u00e9s contre le vol ou l&rsquo;alt\u00e9ration, ce qui permet aux utilisateurs d&rsquo;afficher leurs offres en toute s\u00e9curit\u00e9. <\/span><\/p>\n<p><span dir=\"auto\">L&rsquo;une des caract\u00e9ristiques de ce panneau d&rsquo;affichage est l&rsquo;\u00e9clairage LED int\u00e9gr\u00e9, qui permet de mettre en valeur les contenus affich\u00e9s, m\u00eame la nuit. Cette caract\u00e9ristique permet non seulement d&rsquo;accro\u00eetre la visibilit\u00e9 des menus et des informations promotionnelles, mais aussi de cr\u00e9er une atmosph\u00e8re accueillante et invitante, en attirant l&rsquo;attention des passants. <\/span><\/p>\n<h2>PERSONNALISEZ VOTRE PANNEAU DE MENU D&rsquo;EXT\u00c9RIEUR 2xA4 AVEC L&rsquo;\u00c9CLAIRAGE LED<\/h2>\n<p><span dir=\"auto\">En outre, le tableau d&rsquo;affichage peut \u00eatre personnalis\u00e9 avec le logo de l&rsquo;entreprise, offrant ainsi une occasion suppl\u00e9mentaire de renforcer l&rsquo;identit\u00e9 visuelle de la marque. Ce d\u00e9tail fait du tableau d&rsquo;affichage non seulement un outil pratique, mais aussi un moyen de marketing efficace. <\/span><\/p>\n<p><span dir=\"auto\">En conclusion, notre panneau de menu ext\u00e9rieur avec \u00e9clairage LED est le choix parfait pour ceux qui recherchent un moyen \u00e9l\u00e9gant et s\u00fbr de communiquer leurs offres, tout en garantissant visibilit\u00e9 et professionnalisme.<\/span><\/p>\n<p><strong>CARACT\u00c9RISTIQUES:<\/strong><\/p>\n<ol>\n<li>Cadre en aluminium anodis\u00e9 argent.<\/li>\n<li>Porte-menu avec fond m\u00e9tallique magn\u00e9tique.<\/li>\n<li>Format : 2xA4 vertical c\u00f4te \u00e0 c\u00f4te ou une feuille A3 horizontale.<\/li>\n<li>Porte en polycarbonate transparent.<\/li>\n<li>Ouverture du livre.<\/li>\n<li>Serrure avec cl\u00e9s fournies.<\/li>\n<li>Panneau d&rsquo;en-t\u00eate personnalisable avec logo.<\/li>\n<\/ol>\n<p>Dimensions du panneau personnalisable avec logo (en cm) : L 44,9 &#8211; H 10<\/p>\n<p>Zone de personnalisation visible (en cm) : H 9,3 &#8211; L 43,5<\/p>\n<p>Dimensions de la planche (en cm) : L 50,5 &#8211; H 47,7 &#8211; P 2,3<\/p>\n<p>Poids de l&rsquo;article : environ 3,3 kg<\/p>\n<p>\u00c9quip\u00e9 d&rsquo;une bande LED positionn\u00e9e en haut.<\/p>\n<p>Alimentation externe avec c\u00e2ble de 4,5 m\u00e8tres.<\/p>\n<p><strong><span style=\"color: #993300;\"><strong>POUR LE FICHIER GRAPHIQUE : cr\u00e9ez le fichier aux dimensions 44,9&#215;10 cm (\u00e9chelle 1:1) avec les textes convertis en trac\u00e9s, apr\u00e8s avoir sauvegard\u00e9 le fichier en format PDF (r\u00e9solution minimale 200 dpi), envoyez le document \u00e0 l&rsquo;adresse \u00e9lectronique suivante<\/strong><\/span><strong> <a href=\"mailto:grafica@smartystore.it\">grafica@smartystore.it<\/a> <\/strong><span style=\"color: #993300;\"><strong>en mentionnant le num\u00e9ro de commande.<\/strong><\/span><\/strong><\/p>\n<p>&nbsp;<\/p>\n<p><a href=\"https:\/\/www.smartystore.it\/v25\/wp-content\/uploads\/2023\/02\/STR-CITY301LED-302LED-303LED.pdf\" target=\"_blank\" rel=\"noopener\"><img loading=\"lazy\" decoding=\"async\" class=\"alignnone size-full wp-image-93672\" src=\"https:\/\/www.smartystore.it\/v25\/wp-content\/uploads\/2023\/11\/LogoDownload_yellow.jpg\" alt=\"\" width=\"50\" height=\"50\"><strong>&nbsp;  FICHE TECHNIQUE<\/strong><\/a><\/p>\n<p><a href=\"https:\/\/www.smartystore.it\/v25\/wp-content\/uploads\/2023\/03\/STR-CITY302-CITY303.pdf\" target=\"_blank\" rel=\"noopener\"><img loading=\"lazy\" decoding=\"async\" class=\"alignnone size-full wp-image-93609\" src=\"https:\/\/www.smartystore.it\/v25\/wp-content\/uploads\/2021\/02\/LogoDownload_green-1.jpg\" alt=\"\" width=\"50\" height=\"50\"><strong>&nbsp;  DISPOSITION DE LA D\u00c9COUPE \u00c0 L&rsquo;EMPORTE-PI\u00c8CE<\/strong><\/a><\/p>\n<p>&nbsp;[\/vc_column_text][\/vc_column][\/vc_row]<\/p>\n<\/div>","protected":false},"excerpt":{"rendered":"<p>Panneau de menu ext\u00e9rieur avec structure en aluminium anodis\u00e9 argent en format vertical 2xA4, panneau personnalisable et \u00e9clairage LED.<\/p>\n","protected":false},"featured_media":95429,"comment_status":"open","ping_status":"closed","template":"","meta":{"_acf_changed":false},"pwb-brand":[],"product_brand":[],"product_cat":[2999,3001,2997],"product_tag":[4636,4628,4819,4944,4820,4945,4776,4632,4939,4818,4629,4633,4940,4631,4938,4943,4942,4635,4775,4630,4777,4941],"class_list":{"0":"post-95430","1":"product","2":"type-product","3":"status-publish","4":"has-post-thumbnail","6":"product_cat-panneaux-daffichage-exterieurs","7":"product_cat-porte-menu","8":"product_cat-tableaux-de-messages","9":"product_tag-panneau-daffichage-de-la-pharmacie","10":"product_tag-panneau-daffichage-exterieur","11":"product_tag-panneau-daffichage-exterieur-2xa4","12":"product_tag-panneau-daffichage-exterieur-2xa4-avec-eclairage-led","13":"product_tag-panneau-daffichage-exterieur-2xa4-avec-panneau-personnalisable","14":"product_tag-panneau-daffichage-exterieur-2xa4-avec-panneau-personnalisable-et-eclairage-led","15":"product_tag-panneau-daffichage-exterieur-avec-eclairage-led","16":"product_tag-panneau-daffichage-exterieur-personnalisable","17":"product_tag-panneau-daffichage-exterieur-personnalisable-avec-eclairage-led","18":"product_tag-panneau-daffichage-pour-2-feuilles-a4","19":"product_tag-panneau-de-menu-exterieur","20":"product_tag-panneau-de-menu-exterieur-personnalisable","21":"product_tag-panneau-de-menu-exterieur-personnalisable-avec-eclairage-led","22":"product_tag-panneau-de-menu-personnalisable","23":"product_tag-panneau-de-menu-personnalisable-avec-eclairage-led","24":"product_tag-tableau-daffichage-de-la-pharmacie-avec-eclairage-led","25":"product_tag-tableau-daffichage-de-restaurant-avec-eclairage-led","26":"product_tag-tableau-daffichage-du-restaurant","27":"product_tag-tableau-daffichage-exterieur-avec-eclairage-led","28":"product_tag-tableau-daffichage-personnalisable","29":"product_tag-tableau-daffichage-personnalisable-avec-eclairage-led","30":"product_tag-tableau-daffichage-pour-2-feuilles-a4-avec-eclairage-led","31":"pa_c2c_angolo-vif","32":"pa_c2c_color-argent","33":"pa_c2c_dimensione-2-x-a4","34":"pa_c2c_illuminazione-avec-eclairage","35":"pa_c2c_mono_bifacciale-simple-face","36":"pa_c2c_stampa-non","37":"pa_c2c_stampa-oui","38":"pa_c2c_trovraprezzi-oui","40":"first","41":"instock","42":"taxable","43":"shipping-taxable","44":"purchasable","45":"product-type-variable"},"acf":[],"yoast_head":"<!-- This site is optimized with the Yoast SEO plugin v27.4 - https:\/\/yoast.com\/product\/yoast-seo-wordpress\/ -->\n<title>Panneau de menu ext\u00e9rieur 2xA4 LED - Smarty Store Au Meilleur Prix<\/title>\n<meta name=\"description\" content=\"Panneau de menu ext\u00e9rieur en format 2xA4 avec \u00e9clairage LED et panneau personnalisable pour une meilleure visibilit\u00e9.\" \/>\n<meta name=\"robots\" content=\"index, follow, max-snippet:-1, max-image-preview:large, max-video-preview:-1\" \/>\n<link rel=\"canonical\" href=\"https:\/\/www.smartystore.it\/fr\/prodotto\/panneau-de-menu-exterieur-format-2xa4-avec-eclairage-led\/\" \/>\n<meta property=\"og:locale\" content=\"fr_FR\" \/>\n<meta property=\"og:type\" content=\"article\" \/>\n<meta property=\"og:title\" content=\"Panneau de menu ext\u00e9rieur 2xA4 LED - Smarty Store Au Meilleur Prix\" \/>\n<meta property=\"og:description\" content=\"Panneau de menu ext\u00e9rieur en format 2xA4 avec \u00e9clairage LED et panneau personnalisable pour une meilleure visibilit\u00e9.\" \/>\n<meta property=\"og:url\" content=\"https:\/\/www.smartystore.it\/fr\/prodotto\/panneau-de-menu-exterieur-format-2xa4-avec-eclairage-led\/\" \/>\n<meta property=\"og:site_name\" content=\"Smarty Store\" \/>\n<meta property=\"article:modified_time\" content=\"2026-03-10T15:14:38+00:00\" \/>\n<meta property=\"og:image\" content=\"https:\/\/www.smartystore.it\/v25\/wp-content\/uploads\/2019\/11\/Bacheca-porta-menu-esterno-2xA4-senza-personalizzazione-e-con-illuminazione-led.jpg\" \/>\n\t<meta property=\"og:image:width\" content=\"1000\" \/>\n\t<meta property=\"og:image:height\" content=\"1000\" \/>\n\t<meta property=\"og:image:type\" content=\"image\/jpeg\" \/>\n<meta name=\"twitter:card\" content=\"summary_large_image\" \/>\n<meta name=\"twitter:label1\" content=\"Dur\u00e9e de lecture estim\u00e9e\" \/>\n\t<meta name=\"twitter:data1\" content=\"4 minutes\" \/>\n<script type=\"application\/ld+json\" class=\"yoast-schema-graph\">{\"@context\":\"https:\\\/\\\/schema.org\",\"@graph\":[{\"@type\":\"WebPage\",\"@id\":\"https:\\\/\\\/www.smartystore.it\\\/fr\\\/prodotto\\\/panneau-de-menu-exterieur-format-2xa4-avec-eclairage-led\\\/\",\"url\":\"https:\\\/\\\/www.smartystore.it\\\/fr\\\/prodotto\\\/panneau-de-menu-exterieur-format-2xa4-avec-eclairage-led\\\/\",\"name\":\"Panneau de menu ext\u00e9rieur 2xA4 LED - Smarty Store Au Meilleur Prix\",\"isPartOf\":{\"@id\":\"https:\\\/\\\/www.smartystore.it\\\/fr\\\/#website\"},\"primaryImageOfPage\":{\"@id\":\"https:\\\/\\\/www.smartystore.it\\\/fr\\\/prodotto\\\/panneau-de-menu-exterieur-format-2xa4-avec-eclairage-led\\\/#primaryimage\"},\"image\":{\"@id\":\"https:\\\/\\\/www.smartystore.it\\\/fr\\\/prodotto\\\/panneau-de-menu-exterieur-format-2xa4-avec-eclairage-led\\\/#primaryimage\"},\"thumbnailUrl\":\"https:\\\/\\\/www.smartystore.it\\\/v25\\\/wp-content\\\/uploads\\\/2019\\\/11\\\/Bacheca-porta-menu-esterno-2xA4-senza-personalizzazione-e-con-illuminazione-led.jpg\",\"datePublished\":\"2019-11-12T14:56:22+00:00\",\"dateModified\":\"2026-03-10T15:14:38+00:00\",\"description\":\"Panneau de menu ext\u00e9rieur en format 2xA4 avec \u00e9clairage LED et panneau personnalisable pour une meilleure visibilit\u00e9.\",\"breadcrumb\":{\"@id\":\"https:\\\/\\\/www.smartystore.it\\\/fr\\\/prodotto\\\/panneau-de-menu-exterieur-format-2xa4-avec-eclairage-led\\\/#breadcrumb\"},\"inLanguage\":\"fr-FR\",\"potentialAction\":[{\"@type\":\"ReadAction\",\"target\":[\"https:\\\/\\\/www.smartystore.it\\\/fr\\\/prodotto\\\/panneau-de-menu-exterieur-format-2xa4-avec-eclairage-led\\\/\"]}]},{\"@type\":\"ImageObject\",\"inLanguage\":\"fr-FR\",\"@id\":\"https:\\\/\\\/www.smartystore.it\\\/fr\\\/prodotto\\\/panneau-de-menu-exterieur-format-2xa4-avec-eclairage-led\\\/#primaryimage\",\"url\":\"https:\\\/\\\/www.smartystore.it\\\/v25\\\/wp-content\\\/uploads\\\/2019\\\/11\\\/Bacheca-porta-menu-esterno-2xA4-senza-personalizzazione-e-con-illuminazione-led.jpg\",\"contentUrl\":\"https:\\\/\\\/www.smartystore.it\\\/v25\\\/wp-content\\\/uploads\\\/2019\\\/11\\\/Bacheca-porta-menu-esterno-2xA4-senza-personalizzazione-e-con-illuminazione-led.jpg\",\"width\":1000,\"height\":1000,\"caption\":\"Panneau de menu ext\u00e9rieur format 2xA4 avec \u00e9clairage LED\"},{\"@type\":\"BreadcrumbList\",\"@id\":\"https:\\\/\\\/www.smartystore.it\\\/fr\\\/prodotto\\\/panneau-de-menu-exterieur-format-2xa4-avec-eclairage-led\\\/#breadcrumb\",\"itemListElement\":[{\"@type\":\"ListItem\",\"position\":1,\"name\":\"Home\",\"item\":\"https:\\\/\\\/www.smartystore.it\\\/fr\\\/\"},{\"@type\":\"ListItem\",\"position\":2,\"name\":\"Boutique\",\"item\":\"https:\\\/\\\/www.smartystore.it\\\/fr\\\/boutique\\\/\"},{\"@type\":\"ListItem\",\"position\":3,\"name\":\"Panneau de menu ext\u00e9rieur 2xA4 LED\"}]},{\"@type\":\"WebSite\",\"@id\":\"https:\\\/\\\/www.smartystore.it\\\/fr\\\/#website\",\"url\":\"https:\\\/\\\/www.smartystore.it\\\/fr\\\/\",\"name\":\"Smarty Store\",\"description\":\"Espositori Pubblicitari e Sistemi di Comunicazione Visiva\",\"potentialAction\":[{\"@type\":\"SearchAction\",\"target\":{\"@type\":\"EntryPoint\",\"urlTemplate\":\"https:\\\/\\\/www.smartystore.it\\\/fr\\\/?s={search_term_string}\"},\"query-input\":{\"@type\":\"PropertyValueSpecification\",\"valueRequired\":true,\"valueName\":\"search_term_string\"}}],\"inLanguage\":\"fr-FR\"}]}<\/script>\n<!-- \/ Yoast SEO plugin. -->","yoast_head_json":{"title":"Panneau de menu ext\u00e9rieur 2xA4 LED - Smarty Store Au Meilleur Prix","description":"Panneau de menu ext\u00e9rieur en format 2xA4 avec \u00e9clairage LED et panneau personnalisable pour une meilleure visibilit\u00e9.","robots":{"index":"index","follow":"follow","max-snippet":"max-snippet:-1","max-image-preview":"max-image-preview:large","max-video-preview":"max-video-preview:-1"},"canonical":"https:\/\/www.smartystore.it\/fr\/prodotto\/panneau-de-menu-exterieur-format-2xa4-avec-eclairage-led\/","og_locale":"fr_FR","og_type":"article","og_title":"Panneau de menu ext\u00e9rieur 2xA4 LED - Smarty Store Au Meilleur Prix","og_description":"Panneau de menu ext\u00e9rieur en format 2xA4 avec \u00e9clairage LED et panneau personnalisable pour une meilleure visibilit\u00e9.","og_url":"https:\/\/www.smartystore.it\/fr\/prodotto\/panneau-de-menu-exterieur-format-2xa4-avec-eclairage-led\/","og_site_name":"Smarty Store","article_modified_time":"2026-03-10T15:14:38+00:00","og_image":[{"width":1000,"height":1000,"url":"https:\/\/www.smartystore.it\/v25\/wp-content\/uploads\/2019\/11\/Bacheca-porta-menu-esterno-2xA4-senza-personalizzazione-e-con-illuminazione-led.jpg","type":"image\/jpeg"}],"twitter_card":"summary_large_image","twitter_misc":{"Dur\u00e9e de lecture estim\u00e9e":"4 minutes"},"schema":{"@context":"https:\/\/schema.org","@graph":[{"@type":"WebPage","@id":"https:\/\/www.smartystore.it\/fr\/prodotto\/panneau-de-menu-exterieur-format-2xa4-avec-eclairage-led\/","url":"https:\/\/www.smartystore.it\/fr\/prodotto\/panneau-de-menu-exterieur-format-2xa4-avec-eclairage-led\/","name":"Panneau de menu ext\u00e9rieur 2xA4 LED - Smarty Store Au Meilleur Prix","isPartOf":{"@id":"https:\/\/www.smartystore.it\/fr\/#website"},"primaryImageOfPage":{"@id":"https:\/\/www.smartystore.it\/fr\/prodotto\/panneau-de-menu-exterieur-format-2xa4-avec-eclairage-led\/#primaryimage"},"image":{"@id":"https:\/\/www.smartystore.it\/fr\/prodotto\/panneau-de-menu-exterieur-format-2xa4-avec-eclairage-led\/#primaryimage"},"thumbnailUrl":"https:\/\/www.smartystore.it\/v25\/wp-content\/uploads\/2019\/11\/Bacheca-porta-menu-esterno-2xA4-senza-personalizzazione-e-con-illuminazione-led.jpg","datePublished":"2019-11-12T14:56:22+00:00","dateModified":"2026-03-10T15:14:38+00:00","description":"Panneau de menu ext\u00e9rieur en format 2xA4 avec \u00e9clairage LED et panneau personnalisable pour une meilleure visibilit\u00e9.","breadcrumb":{"@id":"https:\/\/www.smartystore.it\/fr\/prodotto\/panneau-de-menu-exterieur-format-2xa4-avec-eclairage-led\/#breadcrumb"},"inLanguage":"fr-FR","potentialAction":[{"@type":"ReadAction","target":["https:\/\/www.smartystore.it\/fr\/prodotto\/panneau-de-menu-exterieur-format-2xa4-avec-eclairage-led\/"]}]},{"@type":"ImageObject","inLanguage":"fr-FR","@id":"https:\/\/www.smartystore.it\/fr\/prodotto\/panneau-de-menu-exterieur-format-2xa4-avec-eclairage-led\/#primaryimage","url":"https:\/\/www.smartystore.it\/v25\/wp-content\/uploads\/2019\/11\/Bacheca-porta-menu-esterno-2xA4-senza-personalizzazione-e-con-illuminazione-led.jpg","contentUrl":"https:\/\/www.smartystore.it\/v25\/wp-content\/uploads\/2019\/11\/Bacheca-porta-menu-esterno-2xA4-senza-personalizzazione-e-con-illuminazione-led.jpg","width":1000,"height":1000,"caption":"Panneau de menu ext\u00e9rieur format 2xA4 avec \u00e9clairage LED"},{"@type":"BreadcrumbList","@id":"https:\/\/www.smartystore.it\/fr\/prodotto\/panneau-de-menu-exterieur-format-2xa4-avec-eclairage-led\/#breadcrumb","itemListElement":[{"@type":"ListItem","position":1,"name":"Home","item":"https:\/\/www.smartystore.it\/fr\/"},{"@type":"ListItem","position":2,"name":"Boutique","item":"https:\/\/www.smartystore.it\/fr\/boutique\/"},{"@type":"ListItem","position":3,"name":"Panneau de menu ext\u00e9rieur 2xA4 LED"}]},{"@type":"WebSite","@id":"https:\/\/www.smartystore.it\/fr\/#website","url":"https:\/\/www.smartystore.it\/fr\/","name":"Smarty Store","description":"Espositori Pubblicitari e Sistemi di Comunicazione Visiva","potentialAction":[{"@type":"SearchAction","target":{"@type":"EntryPoint","urlTemplate":"https:\/\/www.smartystore.it\/fr\/?s={search_term_string}"},"query-input":{"@type":"PropertyValueSpecification","valueRequired":true,"valueName":"search_term_string"}}],"inLanguage":"fr-FR"}]}},"brands":[],"_links":{"self":[{"href":"https:\/\/www.smartystore.it\/fr\/wp-json\/wp\/v2\/product\/95430","targetHints":{"allow":["GET"]}}],"collection":[{"href":"https:\/\/www.smartystore.it\/fr\/wp-json\/wp\/v2\/product"}],"about":[{"href":"https:\/\/www.smartystore.it\/fr\/wp-json\/wp\/v2\/types\/product"}],"replies":[{"embeddable":true,"href":"https:\/\/www.smartystore.it\/fr\/wp-json\/wp\/v2\/comments?post=95430"}],"wp:featuredmedia":[{"embeddable":true,"href":"https:\/\/www.smartystore.it\/fr\/wp-json\/wp\/v2\/media\/95429"}],"wp:attachment":[{"href":"https:\/\/www.smartystore.it\/fr\/wp-json\/wp\/v2\/media?parent=95430"}],"wp:term":[{"taxonomy":"pwb-brand","embeddable":true,"href":"https:\/\/www.smartystore.it\/fr\/wp-json\/wp\/v2\/pwb-brand?post=95430"},{"taxonomy":"product_brand","embeddable":true,"href":"https:\/\/www.smartystore.it\/fr\/wp-json\/wp\/v2\/product_brand?post=95430"},{"taxonomy":"product_cat","embeddable":true,"href":"https:\/\/www.smartystore.it\/fr\/wp-json\/wp\/v2\/product_cat?post=95430"},{"taxonomy":"product_tag","embeddable":true,"href":"https:\/\/www.smartystore.it\/fr\/wp-json\/wp\/v2\/product_tag?post=95430"}],"curies":[{"name":"wp","href":"https:\/\/api.w.org\/{rel}","templated":true}]}}