{"id":95360,"date":"2017-12-01T17:13:31","date_gmt":"2017-12-01T15:13:31","guid":{"rendered":"https:\/\/www.smartystore.it\/prodotto\/porte-message-avec-4-pochettes-a4-double-face-eclairees-par-led\/"},"modified":"2025-09-17T17:31:58","modified_gmt":"2025-09-17T15:31:58","slug":"porte-message-avec-4-pochettes-a4-double-face-eclairees-par-led","status":"publish","type":"product","link":"https:\/\/www.smartystore.it\/fr\/prodotto\/porte-message-avec-4-pochettes-a4-double-face-eclairees-par-led\/","title":{"rendered":"Porte-message avec 4 pochettes A4 double face \u00e9clair\u00e9es par LED"},"content":{"rendered":"<div class=\"wpb-content-wrapper\"><p>[vc_row][vc_column][vc_column_text css=\u00a0\u00bb\u00a0\u00bb css_params=\u00a0\u00bb\u00a0\u00bb]<\/p>\n<h1>Porte-message avec 4 pochettes A4 double face \u00e9clair\u00e9es par LED : une solution \u00e9l\u00e9gante et polyvalente<\/h1>\n<p>Le porte-message lumineux 4 poches A4 double face s&rsquo;int\u00e8gre parfaitement dans un environnement commercial de plus en plus concurrentiel, o\u00f9 la capacit\u00e9 \u00e0 attirer l&rsquo;attention du public est cruciale. Notre porte-message 4 poches A4 recto-verso \u00e9clair\u00e9 par LED est une solution \u00e9l\u00e9gante pour la promotion et la publicit\u00e9 de votre entreprise, garantissant une visibilit\u00e9 24 heures sur 24. Cette solution innovante vous permet non seulement d&rsquo;afficher des informations de mani\u00e8re claire et attrayante, mais elle est \u00e9galement parfaitement adapt\u00e9e aux divers besoins de communication des \u00e9tablissements commerciaux.  <\/p>\n<h2>Porte-message avec 4 pochettes A4 recto-verso \u00e9clair\u00e9es : excellent pour les solutions multiples<\/h2>\n<p>Les pochettes r\u00e9tro\u00e9clair\u00e9es double face sont con\u00e7ues pour mieux pr\u00e9senter les r\u00e9ductions, les bonnes affaires, les nouveaux produits et les offres commerciales. Gr\u00e2ce \u00e0 leur \u00e9clairage LED, ces pochettes offrent une excellente visibilit\u00e9 m\u00eame en soir\u00e9e, ce qui les rend id\u00e9ales pour un large \u00e9ventail de commerces. Qu&rsquo;il s&rsquo;agisse de showrooms de voitures et de motos, d&rsquo;agences immobili\u00e8res, d&rsquo;agences de placement, de magasins de v\u00eatements ou de bijoux, cette solution s&rsquo;int\u00e8gre parfaitement dans n&rsquo;importe quel contexte, captant l&rsquo;attention des clients et augmentant l&rsquo;int\u00e9r\u00eat pour ce qui est propos\u00e9.  <\/p>\n<p>Notre solution se compose d&rsquo;\u00e9l\u00e9ments de haute qualit\u00e9. Les 4 pochettes recto-verso sont fabriqu\u00e9es au format A4 vertical et mesurent 33,0 cm de hauteur et 24,4 cm de largeur. L&rsquo;ouverture magn\u00e9tique des deux c\u00f4t\u00e9s facilite le changement des messages, ce qui permet une mise \u00e0 jour rapide et sans effort. La barre \u00e9lectrifi\u00e9e en aluminium anodis\u00e9 de 50 cm de long, ainsi que les supports articul\u00e9s en laiton chrom\u00e9 poli avec c\u00e2ble en acier de 2 m\u00e8tres, garantissent une installation s\u00fbre et esth\u00e9tique. De plus, l&rsquo;alimentation 12V 5A est compl\u00e8te avec les c\u00e2bles de connexion, assurant une connexion rapide et facile.    <\/p>\n<h2>Des solutions personnalis\u00e9es pour chaque vitrine<\/h2>\n<p>Pour ceux qui souhaitent des solutions personnalis\u00e9es, nous sommes \u00e0 votre disposition pour cr\u00e9er des compositions sur mesure. Il vous suffit d&rsquo;envoyer une demande par courriel \u00e0 info@smartystore.it, en pr\u00e9cisant les dimensions de la vitrine et la configuration souhait\u00e9e. Notre \u00e9quipe s&rsquo;efforcera de vous fournir un plan d\u00e9taill\u00e9 et un devis adapt\u00e9 \u00e0 vos besoins.  <\/p>\n<p>Investir dans un porte-message avec pochettes \u00e9clair\u00e9es par LED, c&rsquo;est choisir un produit de qualit\u00e9 capable de valoriser chaque activit\u00e9 et de transformer chaque message en une opportunit\u00e9 visuelle efficace.<\/p>\n<p>&nbsp;<\/p>\n<h3>Caract\u00e9ristiques<\/h3>\n<ul>\n<li>4 pochettes verticales A4 recto-verso r\u00e9tro-\u00e9clair\u00e9es par LED<\/li>\n<li>1 barre \u00e9lectrifi\u00e9e en aluminium anodis\u00e9 : L 50 cm.<\/li>\n<li>1 paire de raccords articul\u00e9s en laiton chrom\u00e9 poli avec c\u00e2ble en acier L 2 m.<\/li>\n<li>1 bloc d&rsquo;alimentation 12V 5A complet avec les c\u00e2bles de connexion \u00e0 la barre<\/li>\n<li>Dimensions de la poche (cm) : H 33,0 &#8211; L 24,4<\/li>\n<li>Ouverture de la poche : magn\u00e9tique des deux c\u00f4t\u00e9s<\/li>\n<\/ul>\n<p>&nbsp;<\/p>\n<h4 style=\"text-align: center;\"><strong>Pour voir d&rsquo;autres propositions de compositions, cliquez <a href=\"https:\/\/www.smartystore.it\/fr\/categoria-prodotto\/porte-message-lumineux\/\">ICI<\/a><\/strong><\/h4>\n<p>&nbsp;<\/p>\n<p><a href=\"https:\/\/www.smartystore.it\/v25\/wp-content\/uploads\/2017\/11\/TLED.pdf\" target=\"_blank\" rel=\"noopener\"><img loading=\"lazy\" decoding=\"async\" class=\"alignnone size-full wp-image-93672\" src=\"https:\/\/www.smartystore.it\/v25\/wp-content\/uploads\/2023\/11\/LogoDownload_yellow.jpg\" alt=\"\" width=\"50\" height=\"50\">  <\/a><a href=\"https:\/\/www.smartystore.it\/v25\/wp-content\/uploads\/2017\/11\/TLED.pdf\" target=\"_blank\" rel=\"noopener noreferrer\"><strong>SCHEDA TECNICA &#8211; DATA SHEET &#8211; FICHE TECHNIQUE<\/strong><\/a><\/p>\n<p>&nbsp;<\/p>\n<p><span style=\"text-decoration: underline;\"><br \/>\n<\/span><span style=\"color: #993300;\">Dans le cas de compositions personnalis\u00e9es, veuillez en faire la demande en envoyant un courrier \u00e9lectronique \u00e0<\/span> info@smartystore.it.  <span style=\"color: #993300;\">en indiquant les dimensions de la vitrine et la configuration souhait\u00e9e. Nous vous enverrons un plan et un devis.  <\/span>[\/vc_column_text][\/vc_column][\/vc_row]<\/p>\n<\/div>","protected":false},"excerpt":{"rendered":"<p>Syst\u00e8me pratique de pr\u00e9sentation de c\u00e2bles pour les vitrines avec 4 pochettes \u00e9clair\u00e9es par LED au format A4 portrait.<\/p>\n","protected":false},"featured_media":95359,"comment_status":"open","ping_status":"closed","template":"","meta":{"_acf_changed":false},"pwb-brand":[],"product_brand":[],"product_cat":[3663],"product_tag":[4799,4804,4800,4865,4802,4797,4798,4803],"class_list":{"0":"post-95360","1":"product","2":"type-product","3":"status-publish","4":"has-post-thumbnail","6":"product_cat-porte-message-lumineux","7":"product_tag-poches-legeres-pour-messages","8":"product_tag-pochettes-a-messages-a4-lumineuses-pour-vitrines","9":"product_tag-pochettes-led-pour-messages-lumineux","10":"product_tag-pochettes-vitrines-a4-lumineuses","11":"product_tag-porte-message-eclaire-par-cable","12":"product_tag-porte-message-lumineux-a-led","13":"product_tag-porte-message-lumineux-pour-vitrines","14":"product_tag-porte-messages-eclaires-par-led-double-face-a4","15":"pa_c2c_color-argent","16":"pa_c2c_dimensione-4-x-a4","17":"pa_c2c_mono_bifacciale-double-face","18":"pa_c2c_trovraprezzi-oui","20":"first","21":"instock","22":"taxable","23":"shipping-taxable","24":"purchasable","25":"product-type-simple"},"acf":[],"yoast_head":"<!-- This site is optimized with the Yoast SEO plugin v27.4 - https:\/\/yoast.com\/product\/yoast-seo-wordpress\/ -->\n<title>Porte-message avec 4 pochettes A4 double face \u00e9clair\u00e9es par LED - Achetez au meilleur prix<\/title>\n<meta name=\"description\" content=\"Porte-message avec 4 pochettes A4 \u00e9clair\u00e9es des deux c\u00f4t\u00e9s, syst\u00e8me de pr\u00e9sentation par c\u00e2ble pratique pour les vitrines avec pochettes \u00e9clair\u00e9es par LED. Maintenant sur SmartyStore\" \/>\n<meta name=\"robots\" content=\"index, follow, max-snippet:-1, max-image-preview:large, max-video-preview:-1\" \/>\n<link rel=\"canonical\" href=\"https:\/\/www.smartystore.it\/fr\/prodotto\/porte-message-avec-4-pochettes-a4-double-face-eclairees-par-led\/\" \/>\n<meta property=\"og:locale\" content=\"fr_FR\" \/>\n<meta property=\"og:type\" content=\"article\" \/>\n<meta property=\"og:title\" content=\"Porte-message avec 4 pochettes A4 double face \u00e9clair\u00e9es par LED - Achetez au meilleur prix\" \/>\n<meta property=\"og:description\" content=\"Porte-message avec 4 pochettes A4 \u00e9clair\u00e9es des deux c\u00f4t\u00e9s, syst\u00e8me de pr\u00e9sentation par c\u00e2ble pratique pour les vitrines avec pochettes \u00e9clair\u00e9es par LED. Maintenant sur SmartyStore\" \/>\n<meta property=\"og:url\" content=\"https:\/\/www.smartystore.it\/fr\/prodotto\/porte-message-avec-4-pochettes-a4-double-face-eclairees-par-led\/\" \/>\n<meta property=\"og:site_name\" content=\"Smarty Store\" \/>\n<meta property=\"article:modified_time\" content=\"2025-09-17T15:31:58+00:00\" \/>\n<meta property=\"og:image\" content=\"https:\/\/www.smartystore.it\/v25\/wp-content\/uploads\/2017\/12\/Tasche-porta-messaggio-da-vetrina-illuminazione-led-4-tasche-A4-verticale-1.jpg\" \/>\n\t<meta property=\"og:image:width\" content=\"1000\" \/>\n\t<meta property=\"og:image:height\" content=\"1000\" \/>\n\t<meta property=\"og:image:type\" content=\"image\/jpeg\" \/>\n<meta name=\"twitter:card\" content=\"summary_large_image\" \/>\n<meta name=\"twitter:label1\" content=\"Dur\u00e9e de lecture estim\u00e9e\" \/>\n\t<meta name=\"twitter:data1\" content=\"4 minutes\" \/>\n<script type=\"application\/ld+json\" class=\"yoast-schema-graph\">{\"@context\":\"https:\\\/\\\/schema.org\",\"@graph\":[{\"@type\":\"WebPage\",\"@id\":\"https:\\\/\\\/www.smartystore.it\\\/fr\\\/prodotto\\\/porte-message-avec-4-pochettes-a4-double-face-eclairees-par-led\\\/\",\"url\":\"https:\\\/\\\/www.smartystore.it\\\/fr\\\/prodotto\\\/porte-message-avec-4-pochettes-a4-double-face-eclairees-par-led\\\/\",\"name\":\"Porte-message avec 4 pochettes A4 double face \u00e9clair\u00e9es par LED - Achetez au meilleur prix\",\"isPartOf\":{\"@id\":\"https:\\\/\\\/www.smartystore.it\\\/fr\\\/#website\"},\"primaryImageOfPage\":{\"@id\":\"https:\\\/\\\/www.smartystore.it\\\/fr\\\/prodotto\\\/porte-message-avec-4-pochettes-a4-double-face-eclairees-par-led\\\/#primaryimage\"},\"image\":{\"@id\":\"https:\\\/\\\/www.smartystore.it\\\/fr\\\/prodotto\\\/porte-message-avec-4-pochettes-a4-double-face-eclairees-par-led\\\/#primaryimage\"},\"thumbnailUrl\":\"https:\\\/\\\/www.smartystore.it\\\/v25\\\/wp-content\\\/uploads\\\/2017\\\/12\\\/Tasche-porta-messaggio-da-vetrina-illuminazione-led-4-tasche-A4-verticale-1.jpg\",\"datePublished\":\"2017-12-01T15:13:31+00:00\",\"dateModified\":\"2025-09-17T15:31:58+00:00\",\"description\":\"Porte-message avec 4 pochettes A4 \u00e9clair\u00e9es des deux c\u00f4t\u00e9s, syst\u00e8me de pr\u00e9sentation par c\u00e2ble pratique pour les vitrines avec pochettes \u00e9clair\u00e9es par LED. Maintenant sur SmartyStore\",\"breadcrumb\":{\"@id\":\"https:\\\/\\\/www.smartystore.it\\\/fr\\\/prodotto\\\/porte-message-avec-4-pochettes-a4-double-face-eclairees-par-led\\\/#breadcrumb\"},\"inLanguage\":\"fr-FR\",\"potentialAction\":[{\"@type\":\"ReadAction\",\"target\":[\"https:\\\/\\\/www.smartystore.it\\\/fr\\\/prodotto\\\/porte-message-avec-4-pochettes-a4-double-face-eclairees-par-led\\\/\"]}]},{\"@type\":\"ImageObject\",\"inLanguage\":\"fr-FR\",\"@id\":\"https:\\\/\\\/www.smartystore.it\\\/fr\\\/prodotto\\\/porte-message-avec-4-pochettes-a4-double-face-eclairees-par-led\\\/#primaryimage\",\"url\":\"https:\\\/\\\/www.smartystore.it\\\/v25\\\/wp-content\\\/uploads\\\/2017\\\/12\\\/Tasche-porta-messaggio-da-vetrina-illuminazione-led-4-tasche-A4-verticale-1.jpg\",\"contentUrl\":\"https:\\\/\\\/www.smartystore.it\\\/v25\\\/wp-content\\\/uploads\\\/2017\\\/12\\\/Tasche-porta-messaggio-da-vetrina-illuminazione-led-4-tasche-A4-verticale-1.jpg\",\"width\":1000,\"height\":1000,\"caption\":\"Porte-message avec 4 pochettes A4 double face \u00e9clair\u00e9es par LED\"},{\"@type\":\"BreadcrumbList\",\"@id\":\"https:\\\/\\\/www.smartystore.it\\\/fr\\\/prodotto\\\/porte-message-avec-4-pochettes-a4-double-face-eclairees-par-led\\\/#breadcrumb\",\"itemListElement\":[{\"@type\":\"ListItem\",\"position\":1,\"name\":\"Home\",\"item\":\"https:\\\/\\\/www.smartystore.it\\\/fr\\\/\"},{\"@type\":\"ListItem\",\"position\":2,\"name\":\"Boutique\",\"item\":\"https:\\\/\\\/www.smartystore.it\\\/fr\\\/boutique\\\/\"},{\"@type\":\"ListItem\",\"position\":3,\"name\":\"Porte-message avec 4 pochettes A4 double face \u00e9clair\u00e9es par LED\"}]},{\"@type\":\"WebSite\",\"@id\":\"https:\\\/\\\/www.smartystore.it\\\/fr\\\/#website\",\"url\":\"https:\\\/\\\/www.smartystore.it\\\/fr\\\/\",\"name\":\"Smarty Store\",\"description\":\"Espositori Pubblicitari e Sistemi di Comunicazione Visiva\",\"potentialAction\":[{\"@type\":\"SearchAction\",\"target\":{\"@type\":\"EntryPoint\",\"urlTemplate\":\"https:\\\/\\\/www.smartystore.it\\\/fr\\\/?s={search_term_string}\"},\"query-input\":{\"@type\":\"PropertyValueSpecification\",\"valueRequired\":true,\"valueName\":\"search_term_string\"}}],\"inLanguage\":\"fr-FR\"}]}<\/script>\n<!-- \/ Yoast SEO plugin. -->","yoast_head_json":{"title":"Porte-message avec 4 pochettes A4 double face \u00e9clair\u00e9es par LED - Achetez au meilleur prix","description":"Porte-message avec 4 pochettes A4 \u00e9clair\u00e9es des deux c\u00f4t\u00e9s, syst\u00e8me de pr\u00e9sentation par c\u00e2ble pratique pour les vitrines avec pochettes \u00e9clair\u00e9es par LED. Maintenant sur SmartyStore","robots":{"index":"index","follow":"follow","max-snippet":"max-snippet:-1","max-image-preview":"max-image-preview:large","max-video-preview":"max-video-preview:-1"},"canonical":"https:\/\/www.smartystore.it\/fr\/prodotto\/porte-message-avec-4-pochettes-a4-double-face-eclairees-par-led\/","og_locale":"fr_FR","og_type":"article","og_title":"Porte-message avec 4 pochettes A4 double face \u00e9clair\u00e9es par LED - Achetez au meilleur prix","og_description":"Porte-message avec 4 pochettes A4 \u00e9clair\u00e9es des deux c\u00f4t\u00e9s, syst\u00e8me de pr\u00e9sentation par c\u00e2ble pratique pour les vitrines avec pochettes \u00e9clair\u00e9es par LED. Maintenant sur SmartyStore","og_url":"https:\/\/www.smartystore.it\/fr\/prodotto\/porte-message-avec-4-pochettes-a4-double-face-eclairees-par-led\/","og_site_name":"Smarty Store","article_modified_time":"2025-09-17T15:31:58+00:00","og_image":[{"width":1000,"height":1000,"url":"https:\/\/www.smartystore.it\/v25\/wp-content\/uploads\/2017\/12\/Tasche-porta-messaggio-da-vetrina-illuminazione-led-4-tasche-A4-verticale-1.jpg","type":"image\/jpeg"}],"twitter_card":"summary_large_image","twitter_misc":{"Dur\u00e9e de lecture estim\u00e9e":"4 minutes"},"schema":{"@context":"https:\/\/schema.org","@graph":[{"@type":"WebPage","@id":"https:\/\/www.smartystore.it\/fr\/prodotto\/porte-message-avec-4-pochettes-a4-double-face-eclairees-par-led\/","url":"https:\/\/www.smartystore.it\/fr\/prodotto\/porte-message-avec-4-pochettes-a4-double-face-eclairees-par-led\/","name":"Porte-message avec 4 pochettes A4 double face \u00e9clair\u00e9es par LED - Achetez au meilleur prix","isPartOf":{"@id":"https:\/\/www.smartystore.it\/fr\/#website"},"primaryImageOfPage":{"@id":"https:\/\/www.smartystore.it\/fr\/prodotto\/porte-message-avec-4-pochettes-a4-double-face-eclairees-par-led\/#primaryimage"},"image":{"@id":"https:\/\/www.smartystore.it\/fr\/prodotto\/porte-message-avec-4-pochettes-a4-double-face-eclairees-par-led\/#primaryimage"},"thumbnailUrl":"https:\/\/www.smartystore.it\/v25\/wp-content\/uploads\/2017\/12\/Tasche-porta-messaggio-da-vetrina-illuminazione-led-4-tasche-A4-verticale-1.jpg","datePublished":"2017-12-01T15:13:31+00:00","dateModified":"2025-09-17T15:31:58+00:00","description":"Porte-message avec 4 pochettes A4 \u00e9clair\u00e9es des deux c\u00f4t\u00e9s, syst\u00e8me de pr\u00e9sentation par c\u00e2ble pratique pour les vitrines avec pochettes \u00e9clair\u00e9es par LED. Maintenant sur SmartyStore","breadcrumb":{"@id":"https:\/\/www.smartystore.it\/fr\/prodotto\/porte-message-avec-4-pochettes-a4-double-face-eclairees-par-led\/#breadcrumb"},"inLanguage":"fr-FR","potentialAction":[{"@type":"ReadAction","target":["https:\/\/www.smartystore.it\/fr\/prodotto\/porte-message-avec-4-pochettes-a4-double-face-eclairees-par-led\/"]}]},{"@type":"ImageObject","inLanguage":"fr-FR","@id":"https:\/\/www.smartystore.it\/fr\/prodotto\/porte-message-avec-4-pochettes-a4-double-face-eclairees-par-led\/#primaryimage","url":"https:\/\/www.smartystore.it\/v25\/wp-content\/uploads\/2017\/12\/Tasche-porta-messaggio-da-vetrina-illuminazione-led-4-tasche-A4-verticale-1.jpg","contentUrl":"https:\/\/www.smartystore.it\/v25\/wp-content\/uploads\/2017\/12\/Tasche-porta-messaggio-da-vetrina-illuminazione-led-4-tasche-A4-verticale-1.jpg","width":1000,"height":1000,"caption":"Porte-message avec 4 pochettes A4 double face \u00e9clair\u00e9es par LED"},{"@type":"BreadcrumbList","@id":"https:\/\/www.smartystore.it\/fr\/prodotto\/porte-message-avec-4-pochettes-a4-double-face-eclairees-par-led\/#breadcrumb","itemListElement":[{"@type":"ListItem","position":1,"name":"Home","item":"https:\/\/www.smartystore.it\/fr\/"},{"@type":"ListItem","position":2,"name":"Boutique","item":"https:\/\/www.smartystore.it\/fr\/boutique\/"},{"@type":"ListItem","position":3,"name":"Porte-message avec 4 pochettes A4 double face \u00e9clair\u00e9es par LED"}]},{"@type":"WebSite","@id":"https:\/\/www.smartystore.it\/fr\/#website","url":"https:\/\/www.smartystore.it\/fr\/","name":"Smarty Store","description":"Espositori Pubblicitari e Sistemi di Comunicazione Visiva","potentialAction":[{"@type":"SearchAction","target":{"@type":"EntryPoint","urlTemplate":"https:\/\/www.smartystore.it\/fr\/?s={search_term_string}"},"query-input":{"@type":"PropertyValueSpecification","valueRequired":true,"valueName":"search_term_string"}}],"inLanguage":"fr-FR"}]}},"brands":[],"_links":{"self":[{"href":"https:\/\/www.smartystore.it\/fr\/wp-json\/wp\/v2\/product\/95360","targetHints":{"allow":["GET"]}}],"collection":[{"href":"https:\/\/www.smartystore.it\/fr\/wp-json\/wp\/v2\/product"}],"about":[{"href":"https:\/\/www.smartystore.it\/fr\/wp-json\/wp\/v2\/types\/product"}],"replies":[{"embeddable":true,"href":"https:\/\/www.smartystore.it\/fr\/wp-json\/wp\/v2\/comments?post=95360"}],"wp:featuredmedia":[{"embeddable":true,"href":"https:\/\/www.smartystore.it\/fr\/wp-json\/wp\/v2\/media\/95359"}],"wp:attachment":[{"href":"https:\/\/www.smartystore.it\/fr\/wp-json\/wp\/v2\/media?parent=95360"}],"wp:term":[{"taxonomy":"pwb-brand","embeddable":true,"href":"https:\/\/www.smartystore.it\/fr\/wp-json\/wp\/v2\/pwb-brand?post=95360"},{"taxonomy":"product_brand","embeddable":true,"href":"https:\/\/www.smartystore.it\/fr\/wp-json\/wp\/v2\/product_brand?post=95360"},{"taxonomy":"product_cat","embeddable":true,"href":"https:\/\/www.smartystore.it\/fr\/wp-json\/wp\/v2\/product_cat?post=95360"},{"taxonomy":"product_tag","embeddable":true,"href":"https:\/\/www.smartystore.it\/fr\/wp-json\/wp\/v2\/product_tag?post=95360"}],"curies":[{"name":"wp","href":"https:\/\/api.w.org\/{rel}","templated":true}]}}