{"id":95355,"date":"2017-11-30T17:11:14","date_gmt":"2017-11-30T15:11:14","guid":{"rendered":"https:\/\/www.smartystore.it\/prodotto\/porte-message-avec-3-pochettes-a3-eclairees-par-led-sur-les-deux-faces\/"},"modified":"2025-09-17T17:06:14","modified_gmt":"2025-09-17T15:06:14","slug":"porte-message-avec-3-pochettes-a3-eclairees-par-led-sur-les-deux-faces","status":"publish","type":"product","link":"https:\/\/www.smartystore.it\/fr\/prodotto\/porte-message-avec-3-pochettes-a3-eclairees-par-led-sur-les-deux-faces\/","title":{"rendered":"Porte-message avec 3 pochettes A3 \u00e9clair\u00e9es par LED sur les deux faces"},"content":{"rendered":"<div class=\"wpb-content-wrapper\"><p>[vc_row][vc_column][vc_column_text css=\u00a0\u00bb\u00a0\u00bb css_params=\u00a0\u00bb\u00a0\u00bb]<\/p>\n<h1>Porte-message avec 3 pochettes A3 \u00e9clair\u00e9es par LED sur les deux faces<\/h1>\n<p>Dans un environnement commercial de plus en plus concurrentiel, le porte-message 3 poches A3 recto-verso \u00e9clair\u00e9 par LED augmente la visibilit\u00e9 et la capacit\u00e9 \u00e0 attirer l&rsquo;attention des clients, qui jouent un r\u00f4le cl\u00e9 dans le succ\u00e8s de toute entreprise. Le porte-message 3 poches A3 recto-verso \u00e9clair\u00e9 par LED est un moyen innovant de promouvoir votre entreprise 24 heures sur 24, gr\u00e2ce \u00e0 sa capacit\u00e9 \u00e0 garantir une excellente visibilit\u00e9 m\u00eame en soir\u00e9e. <\/p>\n<p>La structure du produit consiste en trois pochettes A3 verticales, r\u00e9tro\u00e9clair\u00e9es, double face, parfaitement \u00e9quip\u00e9es pour afficher des messages publicitaires, des offres ou des informations de mani\u00e8re claire et attrayante. Chaque pochette est dot\u00e9e d&rsquo;une ouverture magn\u00e9tique des deux c\u00f4t\u00e9s, ce qui permet de changer et de mettre \u00e0 jour le contenu rapidement et sans effort. Ceci est particuli\u00e8rement utile pour les entreprises qui souhaitent que leurs messages promotionnels soient toujours frais et \u00e0 jour.  <\/p>\n<h2>Porte-message avec 3 pochettes A3 double face \u00e9clair\u00e9es par LED : un syst\u00e8me pr\u00eat \u00e0 l&#8217;emploi<\/h2>\n<p>Le porte-message est compl\u00e9t\u00e9 par une barre \u00e9lectrifi\u00e9e en aluminium anodis\u00e9 de 50 cm, con\u00e7ue pour accueillir un \u00e9clairage LED, qui fournit une lumi\u00e8re claire et uniforme. La pr\u00e9sence d&rsquo;une paire de raccords articul\u00e9s en laiton chrom\u00e9 poli, ainsi que d&rsquo;un c\u00e2ble en acier de 2 m\u00e8tres de long, permet une installation simple et s\u00fbre. De plus, l&rsquo;alimentation 12V 5A fournie avec le produit comprend tous les c\u00e2bles n\u00e9cessaires \u00e0 la connexion de la barre, ce qui rend l&rsquo;installation simple et facile.  <\/p>\n<p>Les dimensions de la pochette sont con\u00e7ues pour maximiser l&rsquo;espace d&rsquo;affichage, avec H 45,5 cm et L 33,0 cm, ce qui les rend id\u00e9ales pour une vari\u00e9t\u00e9 de secteurs. Ce porte-message convient \u00e0 la promotion de r\u00e9ductions, de bonnes affaires, de nouveaux produits et d&rsquo;offres d&#8217;emploi dans divers commerces, tels que les salles d&rsquo;exposition de voitures et de motos, les agences immobili\u00e8res, les magasins de v\u00eatements et les bijouteries, pour n&rsquo;en citer que quelques-uns. <\/p>\n<h2>Composez votre syst\u00e8me avec des poches l\u00e9g\u00e8res<\/h2>\n<p>Pour ceux qui souhaitent des compositions personnalis\u00e9es, une demande sp\u00e9cifique peut \u00eatre faite en envoyant un e-mail \u00e0 info@smartystore.it. Notre \u00e9quipe se fera un plaisir de vous fournir un dessin et un devis en fonction de la taille de la vitrine et de la configuration souhait\u00e9e. Ainsi, chaque client b\u00e9n\u00e9ficiera d&rsquo;une solution adapt\u00e9e \u00e0 ses besoins promotionnels. Optez pour notre porte-message lumineux et r\u00e9volutionnez votre communication visuelle !   <\/p>\n<p>&nbsp;<\/p>\n<h3>Caract\u00e9ristiques<\/h3>\n<ul>\n<li>3 pochettes verticales A3 recto-verso r\u00e9tro-\u00e9clair\u00e9es par LED<\/li>\n<li>1 barre \u00e9lectrifi\u00e9e en aluminium anodis\u00e9 : L 50 cm.<\/li>\n<li>1 paire de raccords articul\u00e9s en laiton chrom\u00e9 poli avec c\u00e2ble en acier L 2 m.<\/li>\n<li>1 bloc d&rsquo;alimentation 12V 5A complet avec les c\u00e2bles de connexion \u00e0 la barre<\/li>\n<li>Dimensions de la poche (cm) : H 45,5 &#8211; L 33,0<\/li>\n<li>Ouverture de la poche : magn\u00e9tique des deux c\u00f4t\u00e9s<\/li>\n<\/ul>\n<p>&nbsp;<\/p>\n<h4 style=\"text-align: center;\"><strong>Pour voir d&rsquo;autres propositions de compositions, cliquez <a href=\"https:\/\/www.smartystore.it\/fr\/categoria-prodotto\/porte-message-lumineux\/\">ICI<\/a><\/strong><\/h4>\n<p>&nbsp;<\/p>\n<p><a href=\"https:\/\/www.smartystore.it\/v25\/wp-content\/uploads\/2017\/11\/TLED.pdf\" target=\"_blank\" rel=\"noopener\"><img loading=\"lazy\" decoding=\"async\" class=\"alignnone size-full wp-image-93672\" src=\"https:\/\/www.smartystore.it\/v25\/wp-content\/uploads\/2023\/11\/LogoDownload_yellow.jpg\" alt=\"\" width=\"50\" height=\"50\"> &nbsp;<\/a><a href=\"https:\/\/www.smartystore.it\/v25\/wp-content\/uploads\/2017\/11\/TLED.pdf\" target=\"_blank\" rel=\"noopener noreferrer\"><strong>SCHEDA TECNICA &#8211; DATA SHEET &#8211; FICHE TECHNIQUE<\/strong><\/a><\/p>\n<p>&nbsp;<\/p>\n<p><span style=\"text-decoration: underline;\"><br \/><\/span><span style=\"color: #993300;\">Dans le cas de compositions personnalis\u00e9es, veuillez en faire la demande en envoyant un courrier \u00e9lectronique \u00e0<\/span> info@smartystore.it.&nbsp;<span style=\"color: #993300;\">en indiquant les dimensions de la vitrine et la configuration souhait\u00e9e. Nous vous enverrons un plan et un devis.  <\/span>[\/vc_column_text][\/vc_column][\/vc_row]<\/p>\n<\/div>","protected":false},"excerpt":{"rendered":"<p>Syst\u00e8me pratique de pr\u00e9sentation des c\u00e2bles pour les vitrines avec 3 pochettes \u00e9clair\u00e9es par LED au format A3 vertical.<\/p>\n","protected":false},"featured_media":95344,"comment_status":"open","ping_status":"closed","template":"","meta":{"_acf_changed":false},"pwb-brand":[],"product_brand":[],"product_cat":[3663],"product_tag":[4799,4850,4800,4862,4802,4797,4798,4849],"class_list":{"0":"post-95355","1":"product","2":"type-product","3":"status-publish","4":"has-post-thumbnail","6":"product_cat-porte-message-lumineux","7":"product_tag-poches-legeres-pour-messages","8":"product_tag-pochettes-eclairees-pour-les-messages-de-la-vitrine-a3","9":"product_tag-pochettes-led-pour-messages-lumineux","10":"product_tag-pochettes-vitrines-a3-lumineuses-fr","11":"product_tag-porte-message-eclaire-par-cable","12":"product_tag-porte-message-lumineux-a-led","13":"product_tag-porte-message-lumineux-pour-vitrines","14":"product_tag-porte-messages-a3-double-face-eclaires-par-led","15":"pa_c2c_color-argent","16":"pa_c2c_dimensione-3-x-a3-fr","17":"pa_c2c_mono_bifacciale-double-face","18":"pa_c2c_trovraprezzi-oui","20":"first","21":"instock","22":"taxable","23":"shipping-taxable","24":"purchasable","25":"product-type-simple"},"acf":[],"yoast_head":"<!-- This site is optimized with the Yoast SEO plugin v27.4 - https:\/\/yoast.com\/product\/yoast-seo-wordpress\/ -->\n<title>Porte-message avec 3 pochettes A3 \u00e9clair\u00e9es par LED sur les deux faces - Achetez au meilleur prix<\/title>\n<meta name=\"description\" content=\"Porte-message avec 3 pochettes A3 \u00e9clair\u00e9es par LED sur les deux faces, syst\u00e8me pratique d&#039;affichage par c\u00e2ble pour les vitrines, pour une visualisation parfaite m\u00eame la nuit.\" \/>\n<meta name=\"robots\" content=\"index, follow, max-snippet:-1, max-image-preview:large, max-video-preview:-1\" \/>\n<link rel=\"canonical\" href=\"https:\/\/www.smartystore.it\/fr\/prodotto\/porte-message-avec-3-pochettes-a3-eclairees-par-led-sur-les-deux-faces\/\" \/>\n<meta property=\"og:locale\" content=\"fr_FR\" \/>\n<meta property=\"og:type\" content=\"article\" \/>\n<meta property=\"og:title\" content=\"Porte-message avec 3 pochettes A3 \u00e9clair\u00e9es par LED sur les deux faces - Achetez au meilleur prix\" \/>\n<meta property=\"og:description\" content=\"Porte-message avec 3 pochettes A3 \u00e9clair\u00e9es par LED sur les deux faces, syst\u00e8me pratique d&#039;affichage par c\u00e2ble pour les vitrines, pour une visualisation parfaite m\u00eame la nuit.\" \/>\n<meta property=\"og:url\" content=\"https:\/\/www.smartystore.it\/fr\/prodotto\/porte-message-avec-3-pochettes-a3-eclairees-par-led-sur-les-deux-faces\/\" \/>\n<meta property=\"og:site_name\" content=\"Smarty Store\" \/>\n<meta property=\"article:modified_time\" content=\"2025-09-17T15:06:14+00:00\" \/>\n<meta property=\"og:image\" content=\"https:\/\/www.smartystore.it\/v25\/wp-content\/uploads\/2017\/11\/Tasche-porta-messaggio-da-vetrina-illuminazione-led-3-tasche-A3-verticale-1.jpg\" \/>\n\t<meta property=\"og:image:width\" content=\"1000\" \/>\n\t<meta property=\"og:image:height\" content=\"1000\" \/>\n\t<meta property=\"og:image:type\" content=\"image\/jpeg\" \/>\n<meta name=\"twitter:card\" content=\"summary_large_image\" \/>\n<meta name=\"twitter:label1\" content=\"Dur\u00e9e de lecture estim\u00e9e\" \/>\n\t<meta name=\"twitter:data1\" content=\"4 minutes\" \/>\n<script type=\"application\/ld+json\" class=\"yoast-schema-graph\">{\"@context\":\"https:\\\/\\\/schema.org\",\"@graph\":[{\"@type\":\"WebPage\",\"@id\":\"https:\\\/\\\/www.smartystore.it\\\/fr\\\/prodotto\\\/porte-message-avec-3-pochettes-a3-eclairees-par-led-sur-les-deux-faces\\\/\",\"url\":\"https:\\\/\\\/www.smartystore.it\\\/fr\\\/prodotto\\\/porte-message-avec-3-pochettes-a3-eclairees-par-led-sur-les-deux-faces\\\/\",\"name\":\"Porte-message avec 3 pochettes A3 \u00e9clair\u00e9es par LED sur les deux faces - Achetez au meilleur prix\",\"isPartOf\":{\"@id\":\"https:\\\/\\\/www.smartystore.it\\\/fr\\\/#website\"},\"primaryImageOfPage\":{\"@id\":\"https:\\\/\\\/www.smartystore.it\\\/fr\\\/prodotto\\\/porte-message-avec-3-pochettes-a3-eclairees-par-led-sur-les-deux-faces\\\/#primaryimage\"},\"image\":{\"@id\":\"https:\\\/\\\/www.smartystore.it\\\/fr\\\/prodotto\\\/porte-message-avec-3-pochettes-a3-eclairees-par-led-sur-les-deux-faces\\\/#primaryimage\"},\"thumbnailUrl\":\"https:\\\/\\\/www.smartystore.it\\\/v25\\\/wp-content\\\/uploads\\\/2017\\\/11\\\/Tasche-porta-messaggio-da-vetrina-illuminazione-led-3-tasche-A3-verticale-1.jpg\",\"datePublished\":\"2017-11-30T15:11:14+00:00\",\"dateModified\":\"2025-09-17T15:06:14+00:00\",\"description\":\"Porte-message avec 3 pochettes A3 \u00e9clair\u00e9es par LED sur les deux faces, syst\u00e8me pratique d'affichage par c\u00e2ble pour les vitrines, pour une visualisation parfaite m\u00eame la nuit.\",\"breadcrumb\":{\"@id\":\"https:\\\/\\\/www.smartystore.it\\\/fr\\\/prodotto\\\/porte-message-avec-3-pochettes-a3-eclairees-par-led-sur-les-deux-faces\\\/#breadcrumb\"},\"inLanguage\":\"fr-FR\",\"potentialAction\":[{\"@type\":\"ReadAction\",\"target\":[\"https:\\\/\\\/www.smartystore.it\\\/fr\\\/prodotto\\\/porte-message-avec-3-pochettes-a3-eclairees-par-led-sur-les-deux-faces\\\/\"]}]},{\"@type\":\"ImageObject\",\"inLanguage\":\"fr-FR\",\"@id\":\"https:\\\/\\\/www.smartystore.it\\\/fr\\\/prodotto\\\/porte-message-avec-3-pochettes-a3-eclairees-par-led-sur-les-deux-faces\\\/#primaryimage\",\"url\":\"https:\\\/\\\/www.smartystore.it\\\/v25\\\/wp-content\\\/uploads\\\/2017\\\/11\\\/Tasche-porta-messaggio-da-vetrina-illuminazione-led-3-tasche-A3-verticale-1.jpg\",\"contentUrl\":\"https:\\\/\\\/www.smartystore.it\\\/v25\\\/wp-content\\\/uploads\\\/2017\\\/11\\\/Tasche-porta-messaggio-da-vetrina-illuminazione-led-3-tasche-A3-verticale-1.jpg\",\"width\":1000,\"height\":1000,\"caption\":\"Porte-message avec 3 pochettes A3 \u00e9clair\u00e9es par LED sur les deux faces\"},{\"@type\":\"BreadcrumbList\",\"@id\":\"https:\\\/\\\/www.smartystore.it\\\/fr\\\/prodotto\\\/porte-message-avec-3-pochettes-a3-eclairees-par-led-sur-les-deux-faces\\\/#breadcrumb\",\"itemListElement\":[{\"@type\":\"ListItem\",\"position\":1,\"name\":\"Home\",\"item\":\"https:\\\/\\\/www.smartystore.it\\\/fr\\\/\"},{\"@type\":\"ListItem\",\"position\":2,\"name\":\"Boutique\",\"item\":\"https:\\\/\\\/www.smartystore.it\\\/fr\\\/boutique\\\/\"},{\"@type\":\"ListItem\",\"position\":3,\"name\":\"Porte-message avec 3 pochettes A3 \u00e9clair\u00e9es par LED sur les deux faces\"}]},{\"@type\":\"WebSite\",\"@id\":\"https:\\\/\\\/www.smartystore.it\\\/fr\\\/#website\",\"url\":\"https:\\\/\\\/www.smartystore.it\\\/fr\\\/\",\"name\":\"Smarty Store\",\"description\":\"Espositori Pubblicitari e Sistemi di Comunicazione Visiva\",\"potentialAction\":[{\"@type\":\"SearchAction\",\"target\":{\"@type\":\"EntryPoint\",\"urlTemplate\":\"https:\\\/\\\/www.smartystore.it\\\/fr\\\/?s={search_term_string}\"},\"query-input\":{\"@type\":\"PropertyValueSpecification\",\"valueRequired\":true,\"valueName\":\"search_term_string\"}}],\"inLanguage\":\"fr-FR\"}]}<\/script>\n<!-- \/ Yoast SEO plugin. -->","yoast_head_json":{"title":"Porte-message avec 3 pochettes A3 \u00e9clair\u00e9es par LED sur les deux faces - Achetez au meilleur prix","description":"Porte-message avec 3 pochettes A3 \u00e9clair\u00e9es par LED sur les deux faces, syst\u00e8me pratique d'affichage par c\u00e2ble pour les vitrines, pour une visualisation parfaite m\u00eame la nuit.","robots":{"index":"index","follow":"follow","max-snippet":"max-snippet:-1","max-image-preview":"max-image-preview:large","max-video-preview":"max-video-preview:-1"},"canonical":"https:\/\/www.smartystore.it\/fr\/prodotto\/porte-message-avec-3-pochettes-a3-eclairees-par-led-sur-les-deux-faces\/","og_locale":"fr_FR","og_type":"article","og_title":"Porte-message avec 3 pochettes A3 \u00e9clair\u00e9es par LED sur les deux faces - Achetez au meilleur prix","og_description":"Porte-message avec 3 pochettes A3 \u00e9clair\u00e9es par LED sur les deux faces, syst\u00e8me pratique d'affichage par c\u00e2ble pour les vitrines, pour une visualisation parfaite m\u00eame la nuit.","og_url":"https:\/\/www.smartystore.it\/fr\/prodotto\/porte-message-avec-3-pochettes-a3-eclairees-par-led-sur-les-deux-faces\/","og_site_name":"Smarty Store","article_modified_time":"2025-09-17T15:06:14+00:00","og_image":[{"width":1000,"height":1000,"url":"https:\/\/www.smartystore.it\/v25\/wp-content\/uploads\/2017\/11\/Tasche-porta-messaggio-da-vetrina-illuminazione-led-3-tasche-A3-verticale-1.jpg","type":"image\/jpeg"}],"twitter_card":"summary_large_image","twitter_misc":{"Dur\u00e9e de lecture estim\u00e9e":"4 minutes"},"schema":{"@context":"https:\/\/schema.org","@graph":[{"@type":"WebPage","@id":"https:\/\/www.smartystore.it\/fr\/prodotto\/porte-message-avec-3-pochettes-a3-eclairees-par-led-sur-les-deux-faces\/","url":"https:\/\/www.smartystore.it\/fr\/prodotto\/porte-message-avec-3-pochettes-a3-eclairees-par-led-sur-les-deux-faces\/","name":"Porte-message avec 3 pochettes A3 \u00e9clair\u00e9es par LED sur les deux faces - Achetez au meilleur prix","isPartOf":{"@id":"https:\/\/www.smartystore.it\/fr\/#website"},"primaryImageOfPage":{"@id":"https:\/\/www.smartystore.it\/fr\/prodotto\/porte-message-avec-3-pochettes-a3-eclairees-par-led-sur-les-deux-faces\/#primaryimage"},"image":{"@id":"https:\/\/www.smartystore.it\/fr\/prodotto\/porte-message-avec-3-pochettes-a3-eclairees-par-led-sur-les-deux-faces\/#primaryimage"},"thumbnailUrl":"https:\/\/www.smartystore.it\/v25\/wp-content\/uploads\/2017\/11\/Tasche-porta-messaggio-da-vetrina-illuminazione-led-3-tasche-A3-verticale-1.jpg","datePublished":"2017-11-30T15:11:14+00:00","dateModified":"2025-09-17T15:06:14+00:00","description":"Porte-message avec 3 pochettes A3 \u00e9clair\u00e9es par LED sur les deux faces, syst\u00e8me pratique d'affichage par c\u00e2ble pour les vitrines, pour une visualisation parfaite m\u00eame la nuit.","breadcrumb":{"@id":"https:\/\/www.smartystore.it\/fr\/prodotto\/porte-message-avec-3-pochettes-a3-eclairees-par-led-sur-les-deux-faces\/#breadcrumb"},"inLanguage":"fr-FR","potentialAction":[{"@type":"ReadAction","target":["https:\/\/www.smartystore.it\/fr\/prodotto\/porte-message-avec-3-pochettes-a3-eclairees-par-led-sur-les-deux-faces\/"]}]},{"@type":"ImageObject","inLanguage":"fr-FR","@id":"https:\/\/www.smartystore.it\/fr\/prodotto\/porte-message-avec-3-pochettes-a3-eclairees-par-led-sur-les-deux-faces\/#primaryimage","url":"https:\/\/www.smartystore.it\/v25\/wp-content\/uploads\/2017\/11\/Tasche-porta-messaggio-da-vetrina-illuminazione-led-3-tasche-A3-verticale-1.jpg","contentUrl":"https:\/\/www.smartystore.it\/v25\/wp-content\/uploads\/2017\/11\/Tasche-porta-messaggio-da-vetrina-illuminazione-led-3-tasche-A3-verticale-1.jpg","width":1000,"height":1000,"caption":"Porte-message avec 3 pochettes A3 \u00e9clair\u00e9es par LED sur les deux faces"},{"@type":"BreadcrumbList","@id":"https:\/\/www.smartystore.it\/fr\/prodotto\/porte-message-avec-3-pochettes-a3-eclairees-par-led-sur-les-deux-faces\/#breadcrumb","itemListElement":[{"@type":"ListItem","position":1,"name":"Home","item":"https:\/\/www.smartystore.it\/fr\/"},{"@type":"ListItem","position":2,"name":"Boutique","item":"https:\/\/www.smartystore.it\/fr\/boutique\/"},{"@type":"ListItem","position":3,"name":"Porte-message avec 3 pochettes A3 \u00e9clair\u00e9es par LED sur les deux faces"}]},{"@type":"WebSite","@id":"https:\/\/www.smartystore.it\/fr\/#website","url":"https:\/\/www.smartystore.it\/fr\/","name":"Smarty Store","description":"Espositori Pubblicitari e Sistemi di Comunicazione Visiva","potentialAction":[{"@type":"SearchAction","target":{"@type":"EntryPoint","urlTemplate":"https:\/\/www.smartystore.it\/fr\/?s={search_term_string}"},"query-input":{"@type":"PropertyValueSpecification","valueRequired":true,"valueName":"search_term_string"}}],"inLanguage":"fr-FR"}]}},"brands":[],"_links":{"self":[{"href":"https:\/\/www.smartystore.it\/fr\/wp-json\/wp\/v2\/product\/95355","targetHints":{"allow":["GET"]}}],"collection":[{"href":"https:\/\/www.smartystore.it\/fr\/wp-json\/wp\/v2\/product"}],"about":[{"href":"https:\/\/www.smartystore.it\/fr\/wp-json\/wp\/v2\/types\/product"}],"replies":[{"embeddable":true,"href":"https:\/\/www.smartystore.it\/fr\/wp-json\/wp\/v2\/comments?post=95355"}],"wp:featuredmedia":[{"embeddable":true,"href":"https:\/\/www.smartystore.it\/fr\/wp-json\/wp\/v2\/media\/95344"}],"wp:attachment":[{"href":"https:\/\/www.smartystore.it\/fr\/wp-json\/wp\/v2\/media?parent=95355"}],"wp:term":[{"taxonomy":"pwb-brand","embeddable":true,"href":"https:\/\/www.smartystore.it\/fr\/wp-json\/wp\/v2\/pwb-brand?post=95355"},{"taxonomy":"product_brand","embeddable":true,"href":"https:\/\/www.smartystore.it\/fr\/wp-json\/wp\/v2\/product_brand?post=95355"},{"taxonomy":"product_cat","embeddable":true,"href":"https:\/\/www.smartystore.it\/fr\/wp-json\/wp\/v2\/product_cat?post=95355"},{"taxonomy":"product_tag","embeddable":true,"href":"https:\/\/www.smartystore.it\/fr\/wp-json\/wp\/v2\/product_tag?post=95355"}],"curies":[{"name":"wp","href":"https:\/\/api.w.org\/{rel}","templated":true}]}}