{"id":95339,"date":"2017-12-04T17:18:50","date_gmt":"2017-12-04T15:18:50","guid":{"rendered":"https:\/\/www.smartystore.it\/prodotto\/porte-message-avec-pochette-eclairee-double-face-70x100\/"},"modified":"2025-09-16T16:49:35","modified_gmt":"2025-09-16T14:49:35","slug":"porte-message-avec-pochette-eclairee-double-face-70x100","status":"publish","type":"product","link":"https:\/\/www.smartystore.it\/fr\/prodotto\/porte-message-avec-pochette-eclairee-double-face-70x100\/","title":{"rendered":"Porte-message avec pochette \u00e9clair\u00e9e double face 70&#215;100"},"content":{"rendered":"<div class=\"wpb-content-wrapper\"><p>[vc_row][vc_column][vc_column_text css=\u00a0\u00bb\u00a0\u00bb css_params=\u00a0\u00bb\u00a0\u00bb]<\/p>\n<h1>Porte-message avec pochette \u00e9clair\u00e9e double face 70&#215;100<\/h1>\n<p>Le porte-message de poche lumineux double face 70&#215;100 est une solution \u00e9l\u00e9gante et fonctionnelle pour la promotion et la publicit\u00e9 de votre entreprise H 24 dans un environnement commercial de plus en plus comp\u00e9titif. La visibilit\u00e9 de sa propre activit\u00e9 est un facteur de succ\u00e8s essentiel et, gr\u00e2ce \u00e0 son design raffin\u00e9 et \u00e0 ses caract\u00e9ristiques techniques, ce produit permet d&rsquo;attirer l&rsquo;attention des passants \u00e0 tout moment de la journ\u00e9e, en garantissant d&rsquo;excellentes performances m\u00eame pendant les heures nocturnes. <\/p>\n<p>La polyvalence de cette solution est l&rsquo;un de ses points forts : vous pouvez composer votre installation en fonction de vos besoins sp\u00e9cifiques en mati\u00e8re de communication. Que vous souhaitiez annoncer des r\u00e9ductions, des occasions sp\u00e9ciales, de nouveaux produits ou des offres d&#8217;emploi, le porte-message est id\u00e9al pour un large \u00e9ventail d&rsquo;entreprises. Il convient particuli\u00e8rement aux showrooms de voitures et de motos, aux agences immobili\u00e8res, aux agences pour l&#8217;emploi, aux magasins de v\u00eatements et de bijoux, entre autres. Sa capacit\u00e9 \u00e0 se positionner strat\u00e9giquement pour am\u00e9liorer la visibilit\u00e9 de la communication visuelle en fait un outil essentiel pour ceux qui souhaitent maximiser l&rsquo;impact de leurs campagnes promotionnelles.   <\/p>\n<h2>Porte-message avec pochette \u00e9clair\u00e9e double face 70&#215;100 : une solution compl\u00e8te<\/h2>\n<p>La solution propos\u00e9e consiste en une pochette r\u00e9tro\u00e9clair\u00e9e par LED sur les deux faces, de dimensions 70 x 100 cm, qui fournit un \u00e9clairage uniforme et attrayant. Le kit comprend en outre une barre \u00e9lectrifi\u00e9e en aluminium anodis\u00e9 de 1 m\u00e8tre de long, une paire d&rsquo;attaches articul\u00e9es en laiton chrom\u00e9 poli munies de c\u00e2bles en acier de 2 m\u00e8tres de long et un bloc d&rsquo;alimentation de 12V 5A, \u00e9quip\u00e9 de tous les c\u00e2bles de connexion n\u00e9cessaires \u00e0 l&rsquo;assemblage. Les dimensions totales de la pochette sont H 103,4 cm et L 73,4 cm, avec une ouverture magn\u00e9tique des deux c\u00f4t\u00e9s, permettant un acc\u00e8s rapide et facile au mat\u00e9riel \u00e0 exposer.  <\/p>\n<p>Pour ceux qui souhaitent une solution encore plus personnalis\u00e9e, des compositions sp\u00e9cifiques peuvent \u00eatre demand\u00e9es en envoyant un e-mail \u00e0 info@smartystore.it. Veuillez indiquer les dimensions de l&rsquo;armoire et la configuration souhait\u00e9e ; notre \u00e9quipe se fera un plaisir de vous fournir un dessin et un devis d\u00e9taill\u00e9. <\/p>\n<p>Le porte-message lumineux double face est donc un choix strat\u00e9gique pour toute entreprise souhaitant accro\u00eetre sa visibilit\u00e9 et son attractivit\u00e9 sur le march\u00e9.<\/p>\n<p>&nbsp;<\/p>\n<h3>Caract\u00e9ristiques<\/h3>\n<ol>\n<li>1 pochette LED r\u00e9tro-\u00e9clair\u00e9e double face 70&#215;100<\/li>\n<li>1 barre \u00e9lectrifi\u00e9e en aluminium anodis\u00e9 : L 1 m.<\/li>\n<li>1 paire de raccords articul\u00e9s en laiton chrom\u00e9 poli avec c\u00e2ble en acier L 2 m.<\/li>\n<li>1 bloc d&rsquo;alimentation 12V 5A complet avec les c\u00e2bles de connexion \u00e0 la barre<\/li>\n<li>Dimensions de la poche (cm) : H 103,4 &#8211; L 73,4<\/li>\n<li>Ouverture de la poche : magn\u00e9tique des deux c\u00f4t\u00e9s<\/li>\n<\/ol>\n<p>&nbsp;<\/p>\n<h4 style=\"text-align: center;\"><strong>Pour voir d&rsquo;autres propositions de compositions, cliquez <a href=\"https:\/\/www.smartystore.it\/fr\/categoria-prodotto\/porte-message-lumineux\/\">ICI<\/a><\/strong><\/h4>\n<p>&nbsp;<\/p>\n<p><a href=\"https:\/\/www.smartystore.it\/v25\/wp-content\/uploads\/2017\/11\/TLED.pdf\" target=\"_blank\" rel=\"noopener\"><img loading=\"lazy\" decoding=\"async\" class=\"alignnone size-full wp-image-93672\" src=\"https:\/\/www.smartystore.it\/v25\/wp-content\/uploads\/2023\/11\/LogoDownload_yellow.jpg\" alt=\"\" width=\"50\" height=\"50\"> &nbsp;<\/a><a href=\"https:\/\/www.smartystore.it\/v25\/wp-content\/uploads\/2017\/11\/TLED.pdf\" target=\"_blank\" rel=\"noopener noreferrer\"><strong>SCHEDA TECNICA &#8211; DATA SHEET &#8211; FICHE TECHNIQUE<\/strong><\/a><\/p>\n<p>&nbsp;<\/p>\n<p><span style=\"color: #993300;\">Dans le cas de compositions personnalis\u00e9es, veuillez en faire la demande en envoyant un courrier \u00e9lectronique \u00e0<\/span> info@smartystore.it.<span style=\"color: #993300;\">&nbsp;en indiquant les dimensions de la vitrine et la configuration souhait\u00e9e. Nous vous enverrons un plan et un devis.  <\/span><\/p>\n<p>&nbsp;<\/p>\n<p>&nbsp;[\/vc_column_text][\/vc_column][\/vc_row]<\/p>\n<\/div>","protected":false},"excerpt":{"rendered":"<p>Syst\u00e8me pratique de pr\u00e9sentation par c\u00e2ble pour les vitrines avec 1 pochette \u00e9clair\u00e9e par LED au format 70&#215;100.<\/p>\n","protected":false},"featured_media":95338,"comment_status":"open","ping_status":"closed","template":"","meta":{"_acf_changed":false},"pwb-brand":[],"product_brand":[],"product_cat":[3663],"product_tag":[4799,4857,4800,4859,4802,4797,4798,4858],"class_list":{"0":"post-95339","1":"product","2":"type-product","3":"status-publish","4":"has-post-thumbnail","6":"product_cat-porte-message-lumineux","7":"product_tag-poches-legeres-pour-messages","8":"product_tag-pochette-vitrine-eclairee-70x100","9":"product_tag-pochettes-led-pour-messages-lumineux","10":"product_tag-pochettes-lumineuses-pour-messages-70x100-showcase","11":"product_tag-porte-message-eclaire-par-cable","12":"product_tag-porte-message-lumineux-a-led","13":"product_tag-porte-message-lumineux-pour-vitrines","14":"product_tag-porte-messages-led-lumineux-double-face-70x100","15":"pa_c2c_color-argent","16":"pa_c2c_dimensione-70x100","17":"pa_c2c_mono_bifacciale-double-face","18":"pa_c2c_trovraprezzi-oui","20":"first","21":"instock","22":"taxable","23":"shipping-taxable","24":"purchasable","25":"product-type-simple"},"acf":[],"yoast_head":"<!-- This site is optimized with the Yoast SEO plugin v27.4 - https:\/\/yoast.com\/product\/yoast-seo-wordpress\/ -->\n<title>Porte-message avec pochette \u00e9clair\u00e9e double face 70x100 - Achetez au meilleur prix<\/title>\n<meta name=\"description\" content=\"Porte-message avec pochette lumineuse double face 70x100, syst\u00e8me de pr\u00e9sentation par c\u00e2ble pratique pour les vitrines avec 1 pochette lumineuse LED. Voir sur SmartyStore\" \/>\n<meta name=\"robots\" content=\"index, follow, max-snippet:-1, max-image-preview:large, max-video-preview:-1\" \/>\n<link rel=\"canonical\" href=\"https:\/\/www.smartystore.it\/fr\/prodotto\/porte-message-avec-pochette-eclairee-double-face-70x100\/\" \/>\n<meta property=\"og:locale\" content=\"fr_FR\" \/>\n<meta property=\"og:type\" content=\"article\" \/>\n<meta property=\"og:title\" content=\"Porte-message avec pochette \u00e9clair\u00e9e double face 70x100 - Achetez au meilleur prix\" \/>\n<meta property=\"og:description\" content=\"Porte-message avec pochette lumineuse double face 70x100, syst\u00e8me de pr\u00e9sentation par c\u00e2ble pratique pour les vitrines avec 1 pochette lumineuse LED. Voir sur SmartyStore\" \/>\n<meta property=\"og:url\" content=\"https:\/\/www.smartystore.it\/fr\/prodotto\/porte-message-avec-pochette-eclairee-double-face-70x100\/\" \/>\n<meta property=\"og:site_name\" content=\"Smarty Store\" \/>\n<meta property=\"article:modified_time\" content=\"2025-09-16T14:49:35+00:00\" \/>\n<meta property=\"og:image\" content=\"https:\/\/www.smartystore.it\/v25\/wp-content\/uploads\/2017\/12\/Tasche-porta-messaggio-da-vetrina-illuminazione-led-1-tasca-70x100-1.jpg\" \/>\n\t<meta property=\"og:image:width\" content=\"1000\" \/>\n\t<meta property=\"og:image:height\" content=\"1000\" \/>\n\t<meta property=\"og:image:type\" content=\"image\/jpeg\" \/>\n<meta name=\"twitter:card\" content=\"summary_large_image\" \/>\n<meta name=\"twitter:label1\" content=\"Dur\u00e9e de lecture estim\u00e9e\" \/>\n\t<meta name=\"twitter:data1\" content=\"4 minutes\" \/>\n<script type=\"application\/ld+json\" class=\"yoast-schema-graph\">{\"@context\":\"https:\\\/\\\/schema.org\",\"@graph\":[{\"@type\":\"WebPage\",\"@id\":\"https:\\\/\\\/www.smartystore.it\\\/fr\\\/prodotto\\\/porte-message-avec-pochette-eclairee-double-face-70x100\\\/\",\"url\":\"https:\\\/\\\/www.smartystore.it\\\/fr\\\/prodotto\\\/porte-message-avec-pochette-eclairee-double-face-70x100\\\/\",\"name\":\"Porte-message avec pochette \u00e9clair\u00e9e double face 70x100 - Achetez au meilleur prix\",\"isPartOf\":{\"@id\":\"https:\\\/\\\/www.smartystore.it\\\/fr\\\/#website\"},\"primaryImageOfPage\":{\"@id\":\"https:\\\/\\\/www.smartystore.it\\\/fr\\\/prodotto\\\/porte-message-avec-pochette-eclairee-double-face-70x100\\\/#primaryimage\"},\"image\":{\"@id\":\"https:\\\/\\\/www.smartystore.it\\\/fr\\\/prodotto\\\/porte-message-avec-pochette-eclairee-double-face-70x100\\\/#primaryimage\"},\"thumbnailUrl\":\"https:\\\/\\\/www.smartystore.it\\\/v25\\\/wp-content\\\/uploads\\\/2017\\\/12\\\/Tasche-porta-messaggio-da-vetrina-illuminazione-led-1-tasca-70x100-1.jpg\",\"datePublished\":\"2017-12-04T15:18:50+00:00\",\"dateModified\":\"2025-09-16T14:49:35+00:00\",\"description\":\"Porte-message avec pochette lumineuse double face 70x100, syst\u00e8me de pr\u00e9sentation par c\u00e2ble pratique pour les vitrines avec 1 pochette lumineuse LED. Voir sur SmartyStore\",\"breadcrumb\":{\"@id\":\"https:\\\/\\\/www.smartystore.it\\\/fr\\\/prodotto\\\/porte-message-avec-pochette-eclairee-double-face-70x100\\\/#breadcrumb\"},\"inLanguage\":\"fr-FR\",\"potentialAction\":[{\"@type\":\"ReadAction\",\"target\":[\"https:\\\/\\\/www.smartystore.it\\\/fr\\\/prodotto\\\/porte-message-avec-pochette-eclairee-double-face-70x100\\\/\"]}]},{\"@type\":\"ImageObject\",\"inLanguage\":\"fr-FR\",\"@id\":\"https:\\\/\\\/www.smartystore.it\\\/fr\\\/prodotto\\\/porte-message-avec-pochette-eclairee-double-face-70x100\\\/#primaryimage\",\"url\":\"https:\\\/\\\/www.smartystore.it\\\/v25\\\/wp-content\\\/uploads\\\/2017\\\/12\\\/Tasche-porta-messaggio-da-vetrina-illuminazione-led-1-tasca-70x100-1.jpg\",\"contentUrl\":\"https:\\\/\\\/www.smartystore.it\\\/v25\\\/wp-content\\\/uploads\\\/2017\\\/12\\\/Tasche-porta-messaggio-da-vetrina-illuminazione-led-1-tasca-70x100-1.jpg\",\"width\":1000,\"height\":1000,\"caption\":\"Porte-message avec pochette \u00e9clair\u00e9e double face 70x100\"},{\"@type\":\"BreadcrumbList\",\"@id\":\"https:\\\/\\\/www.smartystore.it\\\/fr\\\/prodotto\\\/porte-message-avec-pochette-eclairee-double-face-70x100\\\/#breadcrumb\",\"itemListElement\":[{\"@type\":\"ListItem\",\"position\":1,\"name\":\"Home\",\"item\":\"https:\\\/\\\/www.smartystore.it\\\/fr\\\/\"},{\"@type\":\"ListItem\",\"position\":2,\"name\":\"Boutique\",\"item\":\"https:\\\/\\\/www.smartystore.it\\\/fr\\\/boutique\\\/\"},{\"@type\":\"ListItem\",\"position\":3,\"name\":\"Porte-message avec pochette \u00e9clair\u00e9e double face 70&#215;100\"}]},{\"@type\":\"WebSite\",\"@id\":\"https:\\\/\\\/www.smartystore.it\\\/fr\\\/#website\",\"url\":\"https:\\\/\\\/www.smartystore.it\\\/fr\\\/\",\"name\":\"Smarty Store\",\"description\":\"Espositori Pubblicitari e Sistemi di Comunicazione Visiva\",\"potentialAction\":[{\"@type\":\"SearchAction\",\"target\":{\"@type\":\"EntryPoint\",\"urlTemplate\":\"https:\\\/\\\/www.smartystore.it\\\/fr\\\/?s={search_term_string}\"},\"query-input\":{\"@type\":\"PropertyValueSpecification\",\"valueRequired\":true,\"valueName\":\"search_term_string\"}}],\"inLanguage\":\"fr-FR\"}]}<\/script>\n<!-- \/ Yoast SEO plugin. -->","yoast_head_json":{"title":"Porte-message avec pochette \u00e9clair\u00e9e double face 70x100 - Achetez au meilleur prix","description":"Porte-message avec pochette lumineuse double face 70x100, syst\u00e8me de pr\u00e9sentation par c\u00e2ble pratique pour les vitrines avec 1 pochette lumineuse LED. Voir sur SmartyStore","robots":{"index":"index","follow":"follow","max-snippet":"max-snippet:-1","max-image-preview":"max-image-preview:large","max-video-preview":"max-video-preview:-1"},"canonical":"https:\/\/www.smartystore.it\/fr\/prodotto\/porte-message-avec-pochette-eclairee-double-face-70x100\/","og_locale":"fr_FR","og_type":"article","og_title":"Porte-message avec pochette \u00e9clair\u00e9e double face 70x100 - Achetez au meilleur prix","og_description":"Porte-message avec pochette lumineuse double face 70x100, syst\u00e8me de pr\u00e9sentation par c\u00e2ble pratique pour les vitrines avec 1 pochette lumineuse LED. Voir sur SmartyStore","og_url":"https:\/\/www.smartystore.it\/fr\/prodotto\/porte-message-avec-pochette-eclairee-double-face-70x100\/","og_site_name":"Smarty Store","article_modified_time":"2025-09-16T14:49:35+00:00","og_image":[{"width":1000,"height":1000,"url":"https:\/\/www.smartystore.it\/v25\/wp-content\/uploads\/2017\/12\/Tasche-porta-messaggio-da-vetrina-illuminazione-led-1-tasca-70x100-1.jpg","type":"image\/jpeg"}],"twitter_card":"summary_large_image","twitter_misc":{"Dur\u00e9e de lecture estim\u00e9e":"4 minutes"},"schema":{"@context":"https:\/\/schema.org","@graph":[{"@type":"WebPage","@id":"https:\/\/www.smartystore.it\/fr\/prodotto\/porte-message-avec-pochette-eclairee-double-face-70x100\/","url":"https:\/\/www.smartystore.it\/fr\/prodotto\/porte-message-avec-pochette-eclairee-double-face-70x100\/","name":"Porte-message avec pochette \u00e9clair\u00e9e double face 70x100 - Achetez au meilleur prix","isPartOf":{"@id":"https:\/\/www.smartystore.it\/fr\/#website"},"primaryImageOfPage":{"@id":"https:\/\/www.smartystore.it\/fr\/prodotto\/porte-message-avec-pochette-eclairee-double-face-70x100\/#primaryimage"},"image":{"@id":"https:\/\/www.smartystore.it\/fr\/prodotto\/porte-message-avec-pochette-eclairee-double-face-70x100\/#primaryimage"},"thumbnailUrl":"https:\/\/www.smartystore.it\/v25\/wp-content\/uploads\/2017\/12\/Tasche-porta-messaggio-da-vetrina-illuminazione-led-1-tasca-70x100-1.jpg","datePublished":"2017-12-04T15:18:50+00:00","dateModified":"2025-09-16T14:49:35+00:00","description":"Porte-message avec pochette lumineuse double face 70x100, syst\u00e8me de pr\u00e9sentation par c\u00e2ble pratique pour les vitrines avec 1 pochette lumineuse LED. Voir sur SmartyStore","breadcrumb":{"@id":"https:\/\/www.smartystore.it\/fr\/prodotto\/porte-message-avec-pochette-eclairee-double-face-70x100\/#breadcrumb"},"inLanguage":"fr-FR","potentialAction":[{"@type":"ReadAction","target":["https:\/\/www.smartystore.it\/fr\/prodotto\/porte-message-avec-pochette-eclairee-double-face-70x100\/"]}]},{"@type":"ImageObject","inLanguage":"fr-FR","@id":"https:\/\/www.smartystore.it\/fr\/prodotto\/porte-message-avec-pochette-eclairee-double-face-70x100\/#primaryimage","url":"https:\/\/www.smartystore.it\/v25\/wp-content\/uploads\/2017\/12\/Tasche-porta-messaggio-da-vetrina-illuminazione-led-1-tasca-70x100-1.jpg","contentUrl":"https:\/\/www.smartystore.it\/v25\/wp-content\/uploads\/2017\/12\/Tasche-porta-messaggio-da-vetrina-illuminazione-led-1-tasca-70x100-1.jpg","width":1000,"height":1000,"caption":"Porte-message avec pochette \u00e9clair\u00e9e double face 70x100"},{"@type":"BreadcrumbList","@id":"https:\/\/www.smartystore.it\/fr\/prodotto\/porte-message-avec-pochette-eclairee-double-face-70x100\/#breadcrumb","itemListElement":[{"@type":"ListItem","position":1,"name":"Home","item":"https:\/\/www.smartystore.it\/fr\/"},{"@type":"ListItem","position":2,"name":"Boutique","item":"https:\/\/www.smartystore.it\/fr\/boutique\/"},{"@type":"ListItem","position":3,"name":"Porte-message avec pochette \u00e9clair\u00e9e double face 70&#215;100"}]},{"@type":"WebSite","@id":"https:\/\/www.smartystore.it\/fr\/#website","url":"https:\/\/www.smartystore.it\/fr\/","name":"Smarty Store","description":"Espositori Pubblicitari e Sistemi di Comunicazione Visiva","potentialAction":[{"@type":"SearchAction","target":{"@type":"EntryPoint","urlTemplate":"https:\/\/www.smartystore.it\/fr\/?s={search_term_string}"},"query-input":{"@type":"PropertyValueSpecification","valueRequired":true,"valueName":"search_term_string"}}],"inLanguage":"fr-FR"}]}},"brands":[],"_links":{"self":[{"href":"https:\/\/www.smartystore.it\/fr\/wp-json\/wp\/v2\/product\/95339","targetHints":{"allow":["GET"]}}],"collection":[{"href":"https:\/\/www.smartystore.it\/fr\/wp-json\/wp\/v2\/product"}],"about":[{"href":"https:\/\/www.smartystore.it\/fr\/wp-json\/wp\/v2\/types\/product"}],"replies":[{"embeddable":true,"href":"https:\/\/www.smartystore.it\/fr\/wp-json\/wp\/v2\/comments?post=95339"}],"wp:featuredmedia":[{"embeddable":true,"href":"https:\/\/www.smartystore.it\/fr\/wp-json\/wp\/v2\/media\/95338"}],"wp:attachment":[{"href":"https:\/\/www.smartystore.it\/fr\/wp-json\/wp\/v2\/media?parent=95339"}],"wp:term":[{"taxonomy":"pwb-brand","embeddable":true,"href":"https:\/\/www.smartystore.it\/fr\/wp-json\/wp\/v2\/pwb-brand?post=95339"},{"taxonomy":"product_brand","embeddable":true,"href":"https:\/\/www.smartystore.it\/fr\/wp-json\/wp\/v2\/product_brand?post=95339"},{"taxonomy":"product_cat","embeddable":true,"href":"https:\/\/www.smartystore.it\/fr\/wp-json\/wp\/v2\/product_cat?post=95339"},{"taxonomy":"product_tag","embeddable":true,"href":"https:\/\/www.smartystore.it\/fr\/wp-json\/wp\/v2\/product_tag?post=95339"}],"curies":[{"name":"wp","href":"https:\/\/api.w.org\/{rel}","templated":true}]}}