{"id":95295,"date":"2017-12-05T11:48:27","date_gmt":"2017-12-05T09:48:27","guid":{"rendered":"https:\/\/www.smartystore.it\/prodotto\/porte-message-avec-pochettes-double-face-eclairees-par-led-8-pochettes-horizontales-a4-et-1-pochette-70x100\/"},"modified":"2025-09-18T08:59:58","modified_gmt":"2025-09-18T06:59:58","slug":"porte-message-avec-pochettes-double-face-eclairees-par-led-8-pochettes-horizontales-a4-et-1-pochette-70x100","status":"publish","type":"product","link":"https:\/\/www.smartystore.it\/fr\/prodotto\/porte-message-avec-pochettes-double-face-eclairees-par-led-8-pochettes-horizontales-a4-et-1-pochette-70x100\/","title":{"rendered":"Porte-message avec pochettes double face \u00e9clair\u00e9es par LED &#8211; 8 pochettes horizontales A4 et 1 pochette 70&#215;100"},"content":{"rendered":"<div class=\"wpb-content-wrapper\"><p>[vc_row][vc_column][vc_column_text css=\u00a0\u00bb\u00a0\u00bb css_params=\u00a0\u00bb\u00a0\u00bb]<\/p>\n<h1>Porte-message avec pochettes \u00e9clair\u00e9es par LED des deux c\u00f4t\u00e9s<\/h1>\n<p>Dans un march\u00e9 concurrentiel, il est essentiel de pr\u00e9senter ses offres et ses initiatives commerciales. Notre porte-message \u00e0 c\u00e2ble, \u00e9quip\u00e9 de pochettes \u00e0 \u00e9clairage LED double face, est une solution \u00e9l\u00e9gante et fonctionnelle pour promouvoir votre entreprise \u00e0 toute heure du jour et de la nuit. <\/p>\n<p>Ce produit polyvalent est con\u00e7u pour r\u00e9pondre aux besoins de diverses entreprises disposant de vitrines publiques, telles que les agences immobili\u00e8res, les concessionnaires de voitures et de motos, les magasins de v\u00eatements et les agences pour l&#8217;emploi. La gestion de la communication visuelle est simplifi\u00e9e par la possibilit\u00e9 d&rsquo;afficher de mani\u00e8re attrayante les offres, les r\u00e9ductions, les offres d&#8217;emploi et les nouveaux produits. <\/p>\n<h2>Les caract\u00e9ristiques compl\u00e8tes du porte-message avec pochettes doublement \u00e9clair\u00e9es par LED<\/h2>\n<p>Le porte-message comprend<\/p>\n<p>&#8211; 8 pochettes LED r\u00e9tro-\u00e9clair\u00e9es recto-verso au format A4 paysage : chaque pochette mesure H 24,4 cm et L 33,0 cm, permettant une bonne visibilit\u00e9 des deux c\u00f4t\u00e9s, gr\u00e2ce \u00e0 un r\u00e9tro-\u00e9clairage qui attire l&rsquo;attention des passants.<\/p>\n<p>&#8211; 1 pochette LED r\u00e9tro-\u00e9clair\u00e9e double face 70&#215;100 : Cette pochette de dimensions H 103,4 cm et L 73,4 cm est id\u00e9ale pour les affiches plus grandes et plus importantes, offrant suffisamment d&rsquo;espace pour des communications d\u00e9taill\u00e9es ou des graphiques accrocheurs.<\/p>\n<p>&#8211; 2 barres \u00e9lectrifi\u00e9es de 1 m\u00e8tre en aluminium anodis\u00e9 : la longueur totale de 2 m\u00e8tres permet une distribution optimale de la lumi\u00e8re, garantissant un \u00e9clairage ad\u00e9quat de toutes les poches.<\/p>\n<p>&#8211; 3 paires de raccords articul\u00e9s en laiton chrom\u00e9 poli : ces raccords sont accompagn\u00e9s d&rsquo;un c\u00e2ble en acier de 2 m\u00e8tres de long, ce qui garantit une stabilit\u00e9 structurelle et un aspect professionnel.<\/p>\n<p>&#8211; 1 x bloc d&rsquo;alimentation 12V 8A : comprend tous les c\u00e2bles de connexion n\u00e9cessaires au fonctionnement des barres lumineuses.<\/p>\n<p>&#8211; 1 paire de connecteurs : facilite l&rsquo;installation et l&rsquo;utilisation du syst\u00e8me.<\/p>\n<p>L&rsquo;ouverture magn\u00e9tique des poches des deux c\u00f4t\u00e9s permet de changer rapidement et facilement le mat\u00e9riel promotionnel, ce qui rend le syst\u00e8me extr\u00eamement pratique.<\/p>\n<h2>Porte-message avec pochettes \u00e9clair\u00e9es par LED double face : un syst\u00e8me qui peut \u00eatre assembl\u00e9 \u00e0 volont\u00e9<\/h2>\n<p>Pour des compositions sur mesure, vous pouvez envoyer une demande par e-mail \u00e0 info@smartystore.it, en indiquant les dimensions de la vitrine et la configuration souhait\u00e9e. Notre \u00e9quipe s&rsquo;efforcera de vous envoyer un dessin et un devis d\u00e9taill\u00e9 pour r\u00e9pondre \u00e0 vos besoins. <\/p>\n<h2>En conclusion<\/h2>\n<p>Rendez votre communication efficace et attrayante gr\u00e2ce \u00e0 notre porte-message \u00e0 c\u00e2ble : une solution qui allie fonctionnalit\u00e9 et \u00e9l\u00e9gance pour une exposition in\u00e9gal\u00e9e.<\/p>\n<p>&nbsp;<\/p>\n<h3>Caract\u00e9ristiques<\/h3>\n<ol>\n<li>8 pochettes A4 paysage recto-verso r\u00e9tro-\u00e9clair\u00e9es par LED<\/li>\n<li>1 LED r\u00e9tro-\u00e9clair\u00e9e double face format poche 70&#215;100<\/li>\n<li>2 barres \u00e9lectrifi\u00e9es de 1 m en aluminium anodis\u00e9 : longueur totale 2 m.<\/li>\n<li>3 paires de raccords articul\u00e9s en laiton chrom\u00e9 poli avec c\u00e2ble en acier L 2 m.<\/li>\n<li>1 bloc d&rsquo;alimentation 12V 8A complet avec les c\u00e2bles de connexion \u00e0 la barre<\/li>\n<li>1 paire de connecteurs<\/li>\n<li>Dimensions de la pochette A4 (cm) : H 24,4 &#8211; L 33,0<\/li>\n<li>Dimensions de la poche 70&#215;100 (cm) : H 103,4 &#8211; L 73,4<\/li>\n<li>Ouverture de la poche : magn\u00e9tique des deux c\u00f4t\u00e9s.<\/li>\n<\/ol>\n<h4 style=\"text-align: center;\"><strong>Pour voir d&rsquo;autres propositions de compositions, cliquez <a href=\"https:\/\/www.smartystore.it\/fr\/categoria-prodotto\/porte-message-lumineux\/\">ICI<\/a><\/strong><\/h4>\n<p><a href=\"https:\/\/www.smartystore.it\/v25\/wp-content\/uploads\/2017\/11\/TLED.pdf\" target=\"_blank\" rel=\"noopener\"><img loading=\"lazy\" decoding=\"async\" class=\"alignnone size-full wp-image-93672\" src=\"https:\/\/www.smartystore.it\/v25\/wp-content\/uploads\/2023\/11\/LogoDownload_yellow.jpg\" alt=\"\" width=\"50\" height=\"50\"> &nbsp;<\/a><a href=\"https:\/\/www.smartystore.it\/v25\/wp-content\/uploads\/2017\/11\/TLED.pdf\" target=\"_blank\" rel=\"noopener noreferrer\"><strong>SCHEDA TECNICA &#8211; DATA SHEET &#8211; FICHE TECHNIQUE<\/strong><\/a><\/p>\n<p>&nbsp;<\/p>\n<p><span style=\"color: #993300;\">Dans le cas de compositions personnalis\u00e9es, veuillez en faire la demande en envoyant un courrier \u00e9lectronique \u00e0 <\/span>info@smartystore.it.&nbsp;<span style=\"color: #993300;\">en indiquant les dimensions de la vitrine et la configuration souhait\u00e9e. Nous vous enverrons un plan et un devis.  <\/span>[\/vc_column_text][\/vc_column][\/vc_row]<\/p>\n<\/div>","protected":false},"excerpt":{"rendered":"<p>Syst\u00e8me pratique de vitrine \u00e0 c\u00e2ble avec 8 pochettes A4 paysage \u00e9clair\u00e9es par LED et 1 pochette 70&#215;100.<\/p>\n","protected":false},"featured_media":95290,"comment_status":"open","ping_status":"closed","template":"","meta":{"_acf_changed":false},"pwb-brand":[],"product_brand":[],"product_cat":[3663],"product_tag":[4799,4831,4800,4829,4802,4832,4797,4798,4830],"class_list":{"0":"post-95295","1":"product","2":"type-product","3":"status-publish","4":"has-post-thumbnail","6":"product_cat-porte-message-lumineux","7":"product_tag-poches-legeres-pour-messages","8":"product_tag-pochettes-eclairees-pour-les-messages-a-fenetre-70x100-et-a4","9":"product_tag-pochettes-led-pour-messages-lumineux","10":"product_tag-pochettes-vitrines-lumineuses-70x100-et-a4","11":"product_tag-porte-message-eclaire-par-cable","12":"product_tag-porte-message-avec-pochettes-eclairees-par-led-des-deux-cotes","13":"product_tag-porte-message-lumineux-a-led","14":"product_tag-porte-message-lumineux-pour-vitrines","15":"product_tag-porte-messages-led-lumineux-recto-verso-70x100-et-a4","16":"pa_c2c_color-argent","17":"pa_c2c_dimensione-70x100","18":"pa_c2c_dimensione-8-x-a4","19":"pa_c2c_mono_bifacciale-double-face","20":"pa_c2c_trovraprezzi-oui","22":"first","23":"instock","24":"taxable","25":"shipping-taxable","26":"purchasable","27":"product-type-simple"},"acf":[],"yoast_head":"<!-- This site is optimized with the Yoast SEO plugin v27.4 - https:\/\/yoast.com\/product\/yoast-seo-wordpress\/ -->\n<title>Porte-message avec pochettes double face \u00e9clair\u00e9es par LED - 8 pochettes horizontales A4 et 1 pochette 70x100 - Achetez au meilleur prix<\/title>\n<meta name=\"description\" content=\"Porte-message avec pochettes \u00e9clair\u00e9es par LED des deux c\u00f4t\u00e9s comprenant 1 pochette 70x100 et 8 pochettes A4 horizontales. Commandez maintenant sur SmartyStore\" \/>\n<meta name=\"robots\" content=\"index, follow, max-snippet:-1, max-image-preview:large, max-video-preview:-1\" \/>\n<link rel=\"canonical\" href=\"https:\/\/www.smartystore.it\/fr\/prodotto\/porte-message-avec-pochettes-double-face-eclairees-par-led-8-pochettes-horizontales-a4-et-1-pochette-70x100\/\" \/>\n<meta property=\"og:locale\" content=\"fr_FR\" \/>\n<meta property=\"og:type\" content=\"article\" \/>\n<meta property=\"og:title\" content=\"Porte-message avec pochettes double face \u00e9clair\u00e9es par LED - 8 pochettes horizontales A4 et 1 pochette 70x100 - Achetez au meilleur prix\" \/>\n<meta property=\"og:description\" content=\"Porte-message avec pochettes \u00e9clair\u00e9es par LED des deux c\u00f4t\u00e9s comprenant 1 pochette 70x100 et 8 pochettes A4 horizontales. Commandez maintenant sur SmartyStore\" \/>\n<meta property=\"og:url\" content=\"https:\/\/www.smartystore.it\/fr\/prodotto\/porte-message-avec-pochettes-double-face-eclairees-par-led-8-pochettes-horizontales-a4-et-1-pochette-70x100\/\" \/>\n<meta property=\"og:site_name\" content=\"Smarty Store\" \/>\n<meta property=\"article:modified_time\" content=\"2025-09-18T06:59:58+00:00\" \/>\n<meta property=\"og:image\" content=\"https:\/\/www.smartystore.it\/v25\/wp-content\/uploads\/2017\/12\/Tasche-porta-messaggio-da-vetrina-illuminazione-led-8-tasche-A4-orizzontale-1-tasca-70x100-1.jpg\" \/>\n\t<meta property=\"og:image:width\" content=\"1000\" \/>\n\t<meta property=\"og:image:height\" content=\"818\" \/>\n\t<meta property=\"og:image:type\" content=\"image\/jpeg\" \/>\n<meta name=\"twitter:card\" content=\"summary_large_image\" \/>\n<meta name=\"twitter:label1\" content=\"Dur\u00e9e de lecture estim\u00e9e\" \/>\n\t<meta name=\"twitter:data1\" content=\"4 minutes\" \/>\n<script type=\"application\/ld+json\" class=\"yoast-schema-graph\">{\"@context\":\"https:\\\/\\\/schema.org\",\"@graph\":[{\"@type\":\"WebPage\",\"@id\":\"https:\\\/\\\/www.smartystore.it\\\/fr\\\/prodotto\\\/porte-message-avec-pochettes-double-face-eclairees-par-led-8-pochettes-horizontales-a4-et-1-pochette-70x100\\\/\",\"url\":\"https:\\\/\\\/www.smartystore.it\\\/fr\\\/prodotto\\\/porte-message-avec-pochettes-double-face-eclairees-par-led-8-pochettes-horizontales-a4-et-1-pochette-70x100\\\/\",\"name\":\"Porte-message avec pochettes double face \u00e9clair\u00e9es par LED - 8 pochettes horizontales A4 et 1 pochette 70x100 - Achetez au meilleur prix\",\"isPartOf\":{\"@id\":\"https:\\\/\\\/www.smartystore.it\\\/fr\\\/#website\"},\"primaryImageOfPage\":{\"@id\":\"https:\\\/\\\/www.smartystore.it\\\/fr\\\/prodotto\\\/porte-message-avec-pochettes-double-face-eclairees-par-led-8-pochettes-horizontales-a4-et-1-pochette-70x100\\\/#primaryimage\"},\"image\":{\"@id\":\"https:\\\/\\\/www.smartystore.it\\\/fr\\\/prodotto\\\/porte-message-avec-pochettes-double-face-eclairees-par-led-8-pochettes-horizontales-a4-et-1-pochette-70x100\\\/#primaryimage\"},\"thumbnailUrl\":\"https:\\\/\\\/www.smartystore.it\\\/v25\\\/wp-content\\\/uploads\\\/2017\\\/12\\\/Tasche-porta-messaggio-da-vetrina-illuminazione-led-8-tasche-A4-orizzontale-1-tasca-70x100-1.jpg\",\"datePublished\":\"2017-12-05T09:48:27+00:00\",\"dateModified\":\"2025-09-18T06:59:58+00:00\",\"description\":\"Porte-message avec pochettes \u00e9clair\u00e9es par LED des deux c\u00f4t\u00e9s comprenant 1 pochette 70x100 et 8 pochettes A4 horizontales. Commandez maintenant sur SmartyStore\",\"breadcrumb\":{\"@id\":\"https:\\\/\\\/www.smartystore.it\\\/fr\\\/prodotto\\\/porte-message-avec-pochettes-double-face-eclairees-par-led-8-pochettes-horizontales-a4-et-1-pochette-70x100\\\/#breadcrumb\"},\"inLanguage\":\"fr-FR\",\"potentialAction\":[{\"@type\":\"ReadAction\",\"target\":[\"https:\\\/\\\/www.smartystore.it\\\/fr\\\/prodotto\\\/porte-message-avec-pochettes-double-face-eclairees-par-led-8-pochettes-horizontales-a4-et-1-pochette-70x100\\\/\"]}]},{\"@type\":\"ImageObject\",\"inLanguage\":\"fr-FR\",\"@id\":\"https:\\\/\\\/www.smartystore.it\\\/fr\\\/prodotto\\\/porte-message-avec-pochettes-double-face-eclairees-par-led-8-pochettes-horizontales-a4-et-1-pochette-70x100\\\/#primaryimage\",\"url\":\"https:\\\/\\\/www.smartystore.it\\\/v25\\\/wp-content\\\/uploads\\\/2017\\\/12\\\/Tasche-porta-messaggio-da-vetrina-illuminazione-led-8-tasche-A4-orizzontale-1-tasca-70x100-1.jpg\",\"contentUrl\":\"https:\\\/\\\/www.smartystore.it\\\/v25\\\/wp-content\\\/uploads\\\/2017\\\/12\\\/Tasche-porta-messaggio-da-vetrina-illuminazione-led-8-tasche-A4-orizzontale-1-tasca-70x100-1.jpg\",\"width\":1000,\"height\":818,\"caption\":\"Porte-message avec pochettes \u00e9clair\u00e9es par LED des deux c\u00f4t\u00e9s\"},{\"@type\":\"BreadcrumbList\",\"@id\":\"https:\\\/\\\/www.smartystore.it\\\/fr\\\/prodotto\\\/porte-message-avec-pochettes-double-face-eclairees-par-led-8-pochettes-horizontales-a4-et-1-pochette-70x100\\\/#breadcrumb\",\"itemListElement\":[{\"@type\":\"ListItem\",\"position\":1,\"name\":\"Home\",\"item\":\"https:\\\/\\\/www.smartystore.it\\\/fr\\\/\"},{\"@type\":\"ListItem\",\"position\":2,\"name\":\"Boutique\",\"item\":\"https:\\\/\\\/www.smartystore.it\\\/fr\\\/boutique\\\/\"},{\"@type\":\"ListItem\",\"position\":3,\"name\":\"Porte-message avec pochettes double face \u00e9clair\u00e9es par LED &#8211; 8 pochettes horizontales A4 et 1 pochette 70&#215;100\"}]},{\"@type\":\"WebSite\",\"@id\":\"https:\\\/\\\/www.smartystore.it\\\/fr\\\/#website\",\"url\":\"https:\\\/\\\/www.smartystore.it\\\/fr\\\/\",\"name\":\"Smarty Store\",\"description\":\"Espositori Pubblicitari e Sistemi di Comunicazione Visiva\",\"potentialAction\":[{\"@type\":\"SearchAction\",\"target\":{\"@type\":\"EntryPoint\",\"urlTemplate\":\"https:\\\/\\\/www.smartystore.it\\\/fr\\\/?s={search_term_string}\"},\"query-input\":{\"@type\":\"PropertyValueSpecification\",\"valueRequired\":true,\"valueName\":\"search_term_string\"}}],\"inLanguage\":\"fr-FR\"}]}<\/script>\n<!-- \/ Yoast SEO plugin. -->","yoast_head_json":{"title":"Porte-message avec pochettes double face \u00e9clair\u00e9es par LED - 8 pochettes horizontales A4 et 1 pochette 70x100 - Achetez au meilleur prix","description":"Porte-message avec pochettes \u00e9clair\u00e9es par LED des deux c\u00f4t\u00e9s comprenant 1 pochette 70x100 et 8 pochettes A4 horizontales. Commandez maintenant sur SmartyStore","robots":{"index":"index","follow":"follow","max-snippet":"max-snippet:-1","max-image-preview":"max-image-preview:large","max-video-preview":"max-video-preview:-1"},"canonical":"https:\/\/www.smartystore.it\/fr\/prodotto\/porte-message-avec-pochettes-double-face-eclairees-par-led-8-pochettes-horizontales-a4-et-1-pochette-70x100\/","og_locale":"fr_FR","og_type":"article","og_title":"Porte-message avec pochettes double face \u00e9clair\u00e9es par LED - 8 pochettes horizontales A4 et 1 pochette 70x100 - Achetez au meilleur prix","og_description":"Porte-message avec pochettes \u00e9clair\u00e9es par LED des deux c\u00f4t\u00e9s comprenant 1 pochette 70x100 et 8 pochettes A4 horizontales. Commandez maintenant sur SmartyStore","og_url":"https:\/\/www.smartystore.it\/fr\/prodotto\/porte-message-avec-pochettes-double-face-eclairees-par-led-8-pochettes-horizontales-a4-et-1-pochette-70x100\/","og_site_name":"Smarty Store","article_modified_time":"2025-09-18T06:59:58+00:00","og_image":[{"width":1000,"height":818,"url":"https:\/\/www.smartystore.it\/v25\/wp-content\/uploads\/2017\/12\/Tasche-porta-messaggio-da-vetrina-illuminazione-led-8-tasche-A4-orizzontale-1-tasca-70x100-1.jpg","type":"image\/jpeg"}],"twitter_card":"summary_large_image","twitter_misc":{"Dur\u00e9e de lecture estim\u00e9e":"4 minutes"},"schema":{"@context":"https:\/\/schema.org","@graph":[{"@type":"WebPage","@id":"https:\/\/www.smartystore.it\/fr\/prodotto\/porte-message-avec-pochettes-double-face-eclairees-par-led-8-pochettes-horizontales-a4-et-1-pochette-70x100\/","url":"https:\/\/www.smartystore.it\/fr\/prodotto\/porte-message-avec-pochettes-double-face-eclairees-par-led-8-pochettes-horizontales-a4-et-1-pochette-70x100\/","name":"Porte-message avec pochettes double face \u00e9clair\u00e9es par LED - 8 pochettes horizontales A4 et 1 pochette 70x100 - Achetez au meilleur prix","isPartOf":{"@id":"https:\/\/www.smartystore.it\/fr\/#website"},"primaryImageOfPage":{"@id":"https:\/\/www.smartystore.it\/fr\/prodotto\/porte-message-avec-pochettes-double-face-eclairees-par-led-8-pochettes-horizontales-a4-et-1-pochette-70x100\/#primaryimage"},"image":{"@id":"https:\/\/www.smartystore.it\/fr\/prodotto\/porte-message-avec-pochettes-double-face-eclairees-par-led-8-pochettes-horizontales-a4-et-1-pochette-70x100\/#primaryimage"},"thumbnailUrl":"https:\/\/www.smartystore.it\/v25\/wp-content\/uploads\/2017\/12\/Tasche-porta-messaggio-da-vetrina-illuminazione-led-8-tasche-A4-orizzontale-1-tasca-70x100-1.jpg","datePublished":"2017-12-05T09:48:27+00:00","dateModified":"2025-09-18T06:59:58+00:00","description":"Porte-message avec pochettes \u00e9clair\u00e9es par LED des deux c\u00f4t\u00e9s comprenant 1 pochette 70x100 et 8 pochettes A4 horizontales. Commandez maintenant sur SmartyStore","breadcrumb":{"@id":"https:\/\/www.smartystore.it\/fr\/prodotto\/porte-message-avec-pochettes-double-face-eclairees-par-led-8-pochettes-horizontales-a4-et-1-pochette-70x100\/#breadcrumb"},"inLanguage":"fr-FR","potentialAction":[{"@type":"ReadAction","target":["https:\/\/www.smartystore.it\/fr\/prodotto\/porte-message-avec-pochettes-double-face-eclairees-par-led-8-pochettes-horizontales-a4-et-1-pochette-70x100\/"]}]},{"@type":"ImageObject","inLanguage":"fr-FR","@id":"https:\/\/www.smartystore.it\/fr\/prodotto\/porte-message-avec-pochettes-double-face-eclairees-par-led-8-pochettes-horizontales-a4-et-1-pochette-70x100\/#primaryimage","url":"https:\/\/www.smartystore.it\/v25\/wp-content\/uploads\/2017\/12\/Tasche-porta-messaggio-da-vetrina-illuminazione-led-8-tasche-A4-orizzontale-1-tasca-70x100-1.jpg","contentUrl":"https:\/\/www.smartystore.it\/v25\/wp-content\/uploads\/2017\/12\/Tasche-porta-messaggio-da-vetrina-illuminazione-led-8-tasche-A4-orizzontale-1-tasca-70x100-1.jpg","width":1000,"height":818,"caption":"Porte-message avec pochettes \u00e9clair\u00e9es par LED des deux c\u00f4t\u00e9s"},{"@type":"BreadcrumbList","@id":"https:\/\/www.smartystore.it\/fr\/prodotto\/porte-message-avec-pochettes-double-face-eclairees-par-led-8-pochettes-horizontales-a4-et-1-pochette-70x100\/#breadcrumb","itemListElement":[{"@type":"ListItem","position":1,"name":"Home","item":"https:\/\/www.smartystore.it\/fr\/"},{"@type":"ListItem","position":2,"name":"Boutique","item":"https:\/\/www.smartystore.it\/fr\/boutique\/"},{"@type":"ListItem","position":3,"name":"Porte-message avec pochettes double face \u00e9clair\u00e9es par LED &#8211; 8 pochettes horizontales A4 et 1 pochette 70&#215;100"}]},{"@type":"WebSite","@id":"https:\/\/www.smartystore.it\/fr\/#website","url":"https:\/\/www.smartystore.it\/fr\/","name":"Smarty Store","description":"Espositori Pubblicitari e Sistemi di Comunicazione Visiva","potentialAction":[{"@type":"SearchAction","target":{"@type":"EntryPoint","urlTemplate":"https:\/\/www.smartystore.it\/fr\/?s={search_term_string}"},"query-input":{"@type":"PropertyValueSpecification","valueRequired":true,"valueName":"search_term_string"}}],"inLanguage":"fr-FR"}]}},"brands":[],"_links":{"self":[{"href":"https:\/\/www.smartystore.it\/fr\/wp-json\/wp\/v2\/product\/95295","targetHints":{"allow":["GET"]}}],"collection":[{"href":"https:\/\/www.smartystore.it\/fr\/wp-json\/wp\/v2\/product"}],"about":[{"href":"https:\/\/www.smartystore.it\/fr\/wp-json\/wp\/v2\/types\/product"}],"replies":[{"embeddable":true,"href":"https:\/\/www.smartystore.it\/fr\/wp-json\/wp\/v2\/comments?post=95295"}],"wp:featuredmedia":[{"embeddable":true,"href":"https:\/\/www.smartystore.it\/fr\/wp-json\/wp\/v2\/media\/95290"}],"wp:attachment":[{"href":"https:\/\/www.smartystore.it\/fr\/wp-json\/wp\/v2\/media?parent=95295"}],"wp:term":[{"taxonomy":"pwb-brand","embeddable":true,"href":"https:\/\/www.smartystore.it\/fr\/wp-json\/wp\/v2\/pwb-brand?post=95295"},{"taxonomy":"product_brand","embeddable":true,"href":"https:\/\/www.smartystore.it\/fr\/wp-json\/wp\/v2\/product_brand?post=95295"},{"taxonomy":"product_cat","embeddable":true,"href":"https:\/\/www.smartystore.it\/fr\/wp-json\/wp\/v2\/product_cat?post=95295"},{"taxonomy":"product_tag","embeddable":true,"href":"https:\/\/www.smartystore.it\/fr\/wp-json\/wp\/v2\/product_tag?post=95295"}],"curies":[{"name":"wp","href":"https:\/\/api.w.org\/{rel}","templated":true}]}}