{"id":95281,"date":"2019-11-12T16:00:50","date_gmt":"2019-11-12T14:00:50","guid":{"rendered":"https:\/\/www.smartystore.it\/prodotto\/panneau-de-menu-exterieur-format-2xa4\/"},"modified":"2026-03-10T16:23:01","modified_gmt":"2026-03-10T14:23:01","slug":"panneau-de-menu-exterieur-format-2xa4","status":"publish","type":"product","link":"https:\/\/www.smartystore.it\/fr\/prodotto\/panneau-de-menu-exterieur-format-2xa4\/","title":{"rendered":"Panneau de menu ext\u00e9rieur format 2xA4"},"content":{"rendered":"<div class=\"wpb-content-wrapper\"><p>[vc_row][vc_column][vc_column_text css=\u00a0\u00bb\u00a0\u00bb css_params=\u00a0\u00bb\u00a0\u00bb]<\/p>\n<h1>Panneau de menu ext\u00e9rieur format 2xA4<\/h1>\n<p><span dir=\"auto\">Le panneau d&rsquo;affichage ext\u00e9rieur 2xA4<\/span><span dir=\"auto\">&nbsp;est une solution \u00e9l\u00e9gante et fonctionnelle con\u00e7ue pour r\u00e9pondre aux besoins des restaurants et des pharmacies. Avec un format innovant de 2xA4 portrait c\u00f4te \u00e0 c\u00f4te ou une seule feuille A3 en orientation paysage, ce tableau d&rsquo;affichage offre suffisamment d&rsquo;espace pour pr\u00e9senter les informations souhait\u00e9es de mani\u00e8re clairement ordonn\u00e9e. <\/span><\/p>\n<p><span dir=\"auto\">La structure est en aluminium anodis\u00e9 de couleur argent\u00e9e, ce qui lui conf\u00e8re non seulement un aspect moderne et professionnel, mais aussi une r\u00e9sistance aux intemp\u00e9ries et \u00e0 la corrosion. Le tableau d&rsquo;affichage conserve ainsi son int\u00e9grit\u00e9 structurelle au fil du temps, ce qui le rend id\u00e9al pour une utilisation en ext\u00e9rieur. <\/span><\/p>\n<p><span dir=\"auto\">Ce tableau d&rsquo;affichage se distingue par son fond m\u00e9tallique magn\u00e9tique, qui permet de remplacer rapidement le contenu sans outil. Cette caract\u00e9ristique est particuli\u00e8rement utile dans des contextes tels que les restaurants et les pharmacies, o\u00f9 les offres et les informations peuvent changer fr\u00e9quemment. La porte en polycarbonate transparent permet une visibilit\u00e9 optimale du mat\u00e9riel affich\u00e9, tout en le prot\u00e9geant de la poussi\u00e8re et des intemp\u00e9ries.  <\/span><\/p>\n<p><span dir=\"auto\">Un syst\u00e8me d&rsquo;ouverture des livres facilite l&rsquo;acc\u00e8s aux documents et la mise \u00e0 jour des informations. De plus, le tableau d&rsquo;affichage est \u00e9quip\u00e9 d&rsquo;une serrure \u00e0 cl\u00e9s, ce qui garantit la s\u00e9curit\u00e9 des documents expos\u00e9s et rassure les responsables quant \u00e0 la protection des informations sensibles. <\/span><\/p>\n<h2>PERSONNALISEZ VOTRE BOLDERBOARD POUR MENUBOARDS EXTERIEURS 2xA4 POUR PLUS DE VISIBILITE<\/h2>\n<p><span dir=\"auto\">Un autre avantage de ce panneau d&rsquo;affichage est le panneau d&rsquo;en-t\u00eate personnalisable. Cet \u00e9l\u00e9ment permet d&rsquo;int\u00e9grer le logo de l&rsquo;entreprise, ce qui contribue \u00e0 renforcer l&rsquo;identit\u00e9 visuelle du restaurant ou de la pharmacie. La personnalisation du panneau d&rsquo;en-t\u00eate am\u00e9liore non seulement l&rsquo;esth\u00e9tique g\u00e9n\u00e9rale du panneau d&rsquo;affichage, mais offre \u00e9galement une occasion unique de communiquer l&rsquo;image de la marque d&rsquo;une mani\u00e8re coh\u00e9rente et professionnelle.  <\/span><\/p>\n<p><span dir=\"auto\">En conclusion, le panneau de menu ext\u00e9rieur au format 2xA4 est un excellent choix pour ceux qui recherchent une solution pratique, s\u00fbre et esth\u00e9tique pour pr\u00e9senter des informations importantes. La combinaison de mat\u00e9riaux de haute qualit\u00e9, la fonctionnalit\u00e9 et les possibilit\u00e9s de personnalisation font de ce produit un investissement utile et durable pour les restaurants et les pharmacies. <\/span><\/p>\n<h3>CARACT\u00c9RISTIQUES:<\/h3>\n<ol>\n<li>Panneau de menu ext\u00e9rieur.<\/li>\n<li>Cadre en aluminium anodis\u00e9 argent.<\/li>\n<li>Tableau d&rsquo;affichage avec fond m\u00e9tallique magn\u00e9tique.<\/li>\n<li>Format : 2xA4 vertical c\u00f4te \u00e0 c\u00f4te ou une feuille A3 horizontale.<\/li>\n<li>Porte en polycarbonate transparent.<\/li>\n<li>Ouverture du livre.<\/li>\n<li>Serrure avec cl\u00e9s fournies.<\/li>\n<li>Panneau d&rsquo;en-t\u00eate personnalisable avec logo.<\/li>\n<\/ol>\n<p>Dimensions du panneau personnalisable avec logo (en cm) : L 44,9 &#8211; H 10<\/p>\n<p>Zone de personnalisation visible (en cm) : H 9,3 &#8211; L 43,5<\/p>\n<p><strong><span style=\"color: #993300;\"><strong>POUR LE FICHIER GRAPHIQUE : cr\u00e9ez le fichier aux dimensions 44,9&#215;10 cm (\u00e9chelle 1:1) avec les textes convertis en trac\u00e9s, apr\u00e8s avoir sauvegard\u00e9 le fichier en format PDF (r\u00e9solution minimale 200 dpi), envoyez le document \u00e0 l&rsquo;adresse \u00e9lectronique suivante<\/strong><\/span><strong> <a href=\"mailto:grafica@smartystore.it\">grafica@smartystore.it<\/a> <\/strong><span style=\"color: #993300;\"><strong>en mentionnant le num\u00e9ro de commande.<\/strong><\/span><\/strong><\/p>\n<p>Dimensions de la planche (en cm) : L 50,5 &#8211; H 47,7 &#8211; P 2,3<\/p>\n<p>Poids de l&rsquo;article : environ 3,3 kg<\/p>\n<p>&nbsp;<\/p>\n<p><strong><a href=\"https:\/\/www.smartystore.it\/v25\/wp-content\/uploads\/2019\/10\/STR-CITY301-302-303.pdf\" target=\"_blank\" rel=\"noopener\"><img loading=\"lazy\" decoding=\"async\" class=\"alignnone size-full wp-image-93672\" src=\"https:\/\/www.smartystore.it\/v25\/wp-content\/uploads\/2023\/11\/LogoDownload_yellow.jpg\" alt=\"\" width=\"50\" height=\"50\">&nbsp;  FICHE TECHNIQUE<\/a><\/strong><\/p>\n<p><strong><a href=\"https:\/\/www.smartystore.it\/v25\/wp-content\/uploads\/2023\/03\/STR-CITY302-CITY303.pdf\" target=\"_blank\" rel=\"noopener\"><img loading=\"lazy\" decoding=\"async\" class=\"alignnone size-full wp-image-93609\" src=\"https:\/\/www.smartystore.it\/v25\/wp-content\/uploads\/2021\/02\/LogoDownload_green-1.jpg\" alt=\"\" width=\"50\" height=\"50\">&nbsp;  DISPOSITION DE LA D\u00c9COUPE \u00c0 L&rsquo;EMPORTE-PI\u00c8CE<\/a><\/strong><\/p>\n<p>&nbsp;<\/p>\n<p>&nbsp;[\/vc_column_text][\/vc_column][\/vc_row]<\/p>\n<\/div>","protected":false},"excerpt":{"rendered":"<p>Panneau d&rsquo;affichage ext\u00e9rieur avec structure en aluminium anodis\u00e9 argent\u00e9 au format vertical 2xA4 avec panneau personnalisable.<\/p>\n","protected":false},"featured_media":95234,"comment_status":"open","ping_status":"closed","template":"","meta":{"_acf_changed":false},"pwb-brand":[],"product_brand":[],"product_cat":[2999,3001,2997],"product_tag":[4636,4628,4819,4820,4632,4818,4629,4633,4631,4635,4630],"class_list":{"0":"post-95281","1":"product","2":"type-product","3":"status-publish","4":"has-post-thumbnail","6":"product_cat-panneaux-daffichage-exterieurs","7":"product_cat-porte-menu","8":"product_cat-tableaux-de-messages","9":"product_tag-panneau-daffichage-de-la-pharmacie","10":"product_tag-panneau-daffichage-exterieur","11":"product_tag-panneau-daffichage-exterieur-2xa4","12":"product_tag-panneau-daffichage-exterieur-2xa4-avec-panneau-personnalisable","13":"product_tag-panneau-daffichage-exterieur-personnalisable","14":"product_tag-panneau-daffichage-pour-2-feuilles-a4","15":"product_tag-panneau-de-menu-exterieur","16":"product_tag-panneau-de-menu-exterieur-personnalisable","17":"product_tag-panneau-de-menu-personnalisable","18":"product_tag-tableau-daffichage-du-restaurant","19":"product_tag-tableau-daffichage-personnalisable","20":"pa_c2c_angolo-vif","21":"pa_c2c_color-argent","22":"pa_c2c_dimensione-2-x-a4","23":"pa_c2c_illuminazione-sans-eclairage","24":"pa_c2c_mono_bifacciale-simple-face","25":"pa_c2c_stampa-non","26":"pa_c2c_stampa-oui","27":"pa_c2c_trovraprezzi-oui","29":"first","30":"instock","31":"taxable","32":"shipping-taxable","33":"purchasable","34":"product-type-variable"},"acf":[],"yoast_head":"<!-- This site is optimized with the Yoast SEO plugin v27.4 - https:\/\/yoast.com\/product\/yoast-seo-wordpress\/ -->\n<title>Panneau de menu ext\u00e9rieur format 2xA4 - Smarty Store Au Meilleur Prix<\/title>\n<meta name=\"description\" content=\"Panneau de menu ext\u00e9rieur au format 2xA4 avec la possibilit\u00e9 de personnaliser le panneau pour mettre encore plus en valeur votre entreprise.\" \/>\n<meta name=\"robots\" content=\"index, follow, max-snippet:-1, max-image-preview:large, max-video-preview:-1\" \/>\n<link rel=\"canonical\" href=\"https:\/\/www.smartystore.it\/fr\/prodotto\/panneau-de-menu-exterieur-format-2xa4\/\" \/>\n<meta property=\"og:locale\" content=\"fr_FR\" \/>\n<meta property=\"og:type\" content=\"article\" \/>\n<meta property=\"og:title\" content=\"Panneau de menu ext\u00e9rieur format 2xA4 - Smarty Store Au Meilleur Prix\" \/>\n<meta property=\"og:description\" content=\"Panneau de menu ext\u00e9rieur au format 2xA4 avec la possibilit\u00e9 de personnaliser le panneau pour mettre encore plus en valeur votre entreprise.\" \/>\n<meta property=\"og:url\" content=\"https:\/\/www.smartystore.it\/fr\/prodotto\/panneau-de-menu-exterieur-format-2xa4\/\" \/>\n<meta property=\"og:site_name\" content=\"Smarty Store\" \/>\n<meta property=\"article:modified_time\" content=\"2026-03-10T14:23:01+00:00\" \/>\n<meta property=\"og:image\" content=\"https:\/\/www.smartystore.it\/v25\/wp-content\/uploads\/2019\/11\/Bacheca-porta-menu-esterno-2xA4-con-pannello-personalizzabile.jpg\" \/>\n\t<meta property=\"og:image:width\" content=\"1000\" \/>\n\t<meta property=\"og:image:height\" content=\"1000\" \/>\n\t<meta property=\"og:image:type\" content=\"image\/jpeg\" \/>\n<meta name=\"twitter:card\" content=\"summary_large_image\" \/>\n<meta name=\"twitter:label1\" content=\"Dur\u00e9e de lecture estim\u00e9e\" \/>\n\t<meta name=\"twitter:data1\" content=\"3 minutes\" \/>\n<script type=\"application\/ld+json\" class=\"yoast-schema-graph\">{\"@context\":\"https:\\\/\\\/schema.org\",\"@graph\":[{\"@type\":\"WebPage\",\"@id\":\"https:\\\/\\\/www.smartystore.it\\\/fr\\\/prodotto\\\/panneau-de-menu-exterieur-format-2xa4\\\/\",\"url\":\"https:\\\/\\\/www.smartystore.it\\\/fr\\\/prodotto\\\/panneau-de-menu-exterieur-format-2xa4\\\/\",\"name\":\"Panneau de menu ext\u00e9rieur format 2xA4 - Smarty Store Au Meilleur Prix\",\"isPartOf\":{\"@id\":\"https:\\\/\\\/www.smartystore.it\\\/fr\\\/#website\"},\"primaryImageOfPage\":{\"@id\":\"https:\\\/\\\/www.smartystore.it\\\/fr\\\/prodotto\\\/panneau-de-menu-exterieur-format-2xa4\\\/#primaryimage\"},\"image\":{\"@id\":\"https:\\\/\\\/www.smartystore.it\\\/fr\\\/prodotto\\\/panneau-de-menu-exterieur-format-2xa4\\\/#primaryimage\"},\"thumbnailUrl\":\"https:\\\/\\\/www.smartystore.it\\\/v25\\\/wp-content\\\/uploads\\\/2019\\\/11\\\/Bacheca-porta-menu-esterno-2xA4-con-pannello-personalizzabile.jpg\",\"datePublished\":\"2019-11-12T14:00:50+00:00\",\"dateModified\":\"2026-03-10T14:23:01+00:00\",\"description\":\"Panneau de menu ext\u00e9rieur au format 2xA4 avec la possibilit\u00e9 de personnaliser le panneau pour mettre encore plus en valeur votre entreprise.\",\"breadcrumb\":{\"@id\":\"https:\\\/\\\/www.smartystore.it\\\/fr\\\/prodotto\\\/panneau-de-menu-exterieur-format-2xa4\\\/#breadcrumb\"},\"inLanguage\":\"fr-FR\",\"potentialAction\":[{\"@type\":\"ReadAction\",\"target\":[\"https:\\\/\\\/www.smartystore.it\\\/fr\\\/prodotto\\\/panneau-de-menu-exterieur-format-2xa4\\\/\"]}]},{\"@type\":\"ImageObject\",\"inLanguage\":\"fr-FR\",\"@id\":\"https:\\\/\\\/www.smartystore.it\\\/fr\\\/prodotto\\\/panneau-de-menu-exterieur-format-2xa4\\\/#primaryimage\",\"url\":\"https:\\\/\\\/www.smartystore.it\\\/v25\\\/wp-content\\\/uploads\\\/2019\\\/11\\\/Bacheca-porta-menu-esterno-2xA4-con-pannello-personalizzabile.jpg\",\"contentUrl\":\"https:\\\/\\\/www.smartystore.it\\\/v25\\\/wp-content\\\/uploads\\\/2019\\\/11\\\/Bacheca-porta-menu-esterno-2xA4-con-pannello-personalizzabile.jpg\",\"width\":1000,\"height\":1000,\"caption\":\"Panneau de menu ext\u00e9rieur format 2xA4\"},{\"@type\":\"BreadcrumbList\",\"@id\":\"https:\\\/\\\/www.smartystore.it\\\/fr\\\/prodotto\\\/panneau-de-menu-exterieur-format-2xa4\\\/#breadcrumb\",\"itemListElement\":[{\"@type\":\"ListItem\",\"position\":1,\"name\":\"Home\",\"item\":\"https:\\\/\\\/www.smartystore.it\\\/fr\\\/\"},{\"@type\":\"ListItem\",\"position\":2,\"name\":\"Boutique\",\"item\":\"https:\\\/\\\/www.smartystore.it\\\/fr\\\/boutique\\\/\"},{\"@type\":\"ListItem\",\"position\":3,\"name\":\"Panneau de menu ext\u00e9rieur format 2xA4\"}]},{\"@type\":\"WebSite\",\"@id\":\"https:\\\/\\\/www.smartystore.it\\\/fr\\\/#website\",\"url\":\"https:\\\/\\\/www.smartystore.it\\\/fr\\\/\",\"name\":\"Smarty Store\",\"description\":\"Espositori Pubblicitari e Sistemi di Comunicazione Visiva\",\"potentialAction\":[{\"@type\":\"SearchAction\",\"target\":{\"@type\":\"EntryPoint\",\"urlTemplate\":\"https:\\\/\\\/www.smartystore.it\\\/fr\\\/?s={search_term_string}\"},\"query-input\":{\"@type\":\"PropertyValueSpecification\",\"valueRequired\":true,\"valueName\":\"search_term_string\"}}],\"inLanguage\":\"fr-FR\"}]}<\/script>\n<!-- \/ Yoast SEO plugin. -->","yoast_head_json":{"title":"Panneau de menu ext\u00e9rieur format 2xA4 - Smarty Store Au Meilleur Prix","description":"Panneau de menu ext\u00e9rieur au format 2xA4 avec la possibilit\u00e9 de personnaliser le panneau pour mettre encore plus en valeur votre entreprise.","robots":{"index":"index","follow":"follow","max-snippet":"max-snippet:-1","max-image-preview":"max-image-preview:large","max-video-preview":"max-video-preview:-1"},"canonical":"https:\/\/www.smartystore.it\/fr\/prodotto\/panneau-de-menu-exterieur-format-2xa4\/","og_locale":"fr_FR","og_type":"article","og_title":"Panneau de menu ext\u00e9rieur format 2xA4 - Smarty Store Au Meilleur Prix","og_description":"Panneau de menu ext\u00e9rieur au format 2xA4 avec la possibilit\u00e9 de personnaliser le panneau pour mettre encore plus en valeur votre entreprise.","og_url":"https:\/\/www.smartystore.it\/fr\/prodotto\/panneau-de-menu-exterieur-format-2xa4\/","og_site_name":"Smarty Store","article_modified_time":"2026-03-10T14:23:01+00:00","og_image":[{"width":1000,"height":1000,"url":"https:\/\/www.smartystore.it\/v25\/wp-content\/uploads\/2019\/11\/Bacheca-porta-menu-esterno-2xA4-con-pannello-personalizzabile.jpg","type":"image\/jpeg"}],"twitter_card":"summary_large_image","twitter_misc":{"Dur\u00e9e de lecture estim\u00e9e":"3 minutes"},"schema":{"@context":"https:\/\/schema.org","@graph":[{"@type":"WebPage","@id":"https:\/\/www.smartystore.it\/fr\/prodotto\/panneau-de-menu-exterieur-format-2xa4\/","url":"https:\/\/www.smartystore.it\/fr\/prodotto\/panneau-de-menu-exterieur-format-2xa4\/","name":"Panneau de menu ext\u00e9rieur format 2xA4 - Smarty Store Au Meilleur Prix","isPartOf":{"@id":"https:\/\/www.smartystore.it\/fr\/#website"},"primaryImageOfPage":{"@id":"https:\/\/www.smartystore.it\/fr\/prodotto\/panneau-de-menu-exterieur-format-2xa4\/#primaryimage"},"image":{"@id":"https:\/\/www.smartystore.it\/fr\/prodotto\/panneau-de-menu-exterieur-format-2xa4\/#primaryimage"},"thumbnailUrl":"https:\/\/www.smartystore.it\/v25\/wp-content\/uploads\/2019\/11\/Bacheca-porta-menu-esterno-2xA4-con-pannello-personalizzabile.jpg","datePublished":"2019-11-12T14:00:50+00:00","dateModified":"2026-03-10T14:23:01+00:00","description":"Panneau de menu ext\u00e9rieur au format 2xA4 avec la possibilit\u00e9 de personnaliser le panneau pour mettre encore plus en valeur votre entreprise.","breadcrumb":{"@id":"https:\/\/www.smartystore.it\/fr\/prodotto\/panneau-de-menu-exterieur-format-2xa4\/#breadcrumb"},"inLanguage":"fr-FR","potentialAction":[{"@type":"ReadAction","target":["https:\/\/www.smartystore.it\/fr\/prodotto\/panneau-de-menu-exterieur-format-2xa4\/"]}]},{"@type":"ImageObject","inLanguage":"fr-FR","@id":"https:\/\/www.smartystore.it\/fr\/prodotto\/panneau-de-menu-exterieur-format-2xa4\/#primaryimage","url":"https:\/\/www.smartystore.it\/v25\/wp-content\/uploads\/2019\/11\/Bacheca-porta-menu-esterno-2xA4-con-pannello-personalizzabile.jpg","contentUrl":"https:\/\/www.smartystore.it\/v25\/wp-content\/uploads\/2019\/11\/Bacheca-porta-menu-esterno-2xA4-con-pannello-personalizzabile.jpg","width":1000,"height":1000,"caption":"Panneau de menu ext\u00e9rieur format 2xA4"},{"@type":"BreadcrumbList","@id":"https:\/\/www.smartystore.it\/fr\/prodotto\/panneau-de-menu-exterieur-format-2xa4\/#breadcrumb","itemListElement":[{"@type":"ListItem","position":1,"name":"Home","item":"https:\/\/www.smartystore.it\/fr\/"},{"@type":"ListItem","position":2,"name":"Boutique","item":"https:\/\/www.smartystore.it\/fr\/boutique\/"},{"@type":"ListItem","position":3,"name":"Panneau de menu ext\u00e9rieur format 2xA4"}]},{"@type":"WebSite","@id":"https:\/\/www.smartystore.it\/fr\/#website","url":"https:\/\/www.smartystore.it\/fr\/","name":"Smarty Store","description":"Espositori Pubblicitari e Sistemi di Comunicazione Visiva","potentialAction":[{"@type":"SearchAction","target":{"@type":"EntryPoint","urlTemplate":"https:\/\/www.smartystore.it\/fr\/?s={search_term_string}"},"query-input":{"@type":"PropertyValueSpecification","valueRequired":true,"valueName":"search_term_string"}}],"inLanguage":"fr-FR"}]}},"brands":[],"_links":{"self":[{"href":"https:\/\/www.smartystore.it\/fr\/wp-json\/wp\/v2\/product\/95281","targetHints":{"allow":["GET"]}}],"collection":[{"href":"https:\/\/www.smartystore.it\/fr\/wp-json\/wp\/v2\/product"}],"about":[{"href":"https:\/\/www.smartystore.it\/fr\/wp-json\/wp\/v2\/types\/product"}],"replies":[{"embeddable":true,"href":"https:\/\/www.smartystore.it\/fr\/wp-json\/wp\/v2\/comments?post=95281"}],"wp:featuredmedia":[{"embeddable":true,"href":"https:\/\/www.smartystore.it\/fr\/wp-json\/wp\/v2\/media\/95234"}],"wp:attachment":[{"href":"https:\/\/www.smartystore.it\/fr\/wp-json\/wp\/v2\/media?parent=95281"}],"wp:term":[{"taxonomy":"pwb-brand","embeddable":true,"href":"https:\/\/www.smartystore.it\/fr\/wp-json\/wp\/v2\/pwb-brand?post=95281"},{"taxonomy":"product_brand","embeddable":true,"href":"https:\/\/www.smartystore.it\/fr\/wp-json\/wp\/v2\/product_brand?post=95281"},{"taxonomy":"product_cat","embeddable":true,"href":"https:\/\/www.smartystore.it\/fr\/wp-json\/wp\/v2\/product_cat?post=95281"},{"taxonomy":"product_tag","embeddable":true,"href":"https:\/\/www.smartystore.it\/fr\/wp-json\/wp\/v2\/product_tag?post=95281"}],"curies":[{"name":"wp","href":"https:\/\/api.w.org\/{rel}","templated":true}]}}