{"id":95275,"date":"2017-12-04T16:52:06","date_gmt":"2017-12-04T14:52:06","guid":{"rendered":"https:\/\/www.smartystore.it\/prodotto\/porte-message-pour-cables-avec-pochettes-doublement-eclairees-par-led-8-pochettes-a4-horizontales-et-6-pochettes-a3-horizontales\/"},"modified":"2025-09-18T08:52:35","modified_gmt":"2025-09-18T06:52:35","slug":"porte-message-pour-cables-avec-pochettes-doublement-eclairees-par-led-8-pochettes-a4-horizontales-et-6-pochettes-a3-horizontales","status":"publish","type":"product","link":"https:\/\/www.smartystore.it\/fr\/prodotto\/porte-message-pour-cables-avec-pochettes-doublement-eclairees-par-led-8-pochettes-a4-horizontales-et-6-pochettes-a3-horizontales\/","title":{"rendered":"Porte-message pour c\u00e2bles avec pochettes doublement \u00e9clair\u00e9es par LED &#8211; 8 pochettes A4 horizontales et 6 pochettes A3 horizontales"},"content":{"rendered":"<div class=\"wpb-content-wrapper\"><p>[vc_row][vc_column][vc_column_text css=\u00a0\u00bb\u00a0\u00bb css_params=\u00a0\u00bb\u00a0\u00bb]<\/p>\n<h1>Porte-message lumineux pour vitrines A3 et A4<\/h1>\n<p>Le porte-message vitrine double face \u00e9clair\u00e9 par LED A3 et A4 est une solution \u00e9l\u00e9gante et fonctionnelle pour promouvoir et annoncer votre entreprise de mani\u00e8re visible et attrayante, 24 heures sur 24. Ce syst\u00e8me, con\u00e7u pour optimiser la visibilit\u00e9 de la communication commerciale, est compos\u00e9 de plusieurs \u00e9l\u00e9ments de haute qualit\u00e9 qui garantissent son efficacit\u00e9 et sa durabilit\u00e9. <\/p>\n<h2>La configuration standard de la vitrine \u00e9clair\u00e9e A3 et A4 :<\/h2>\n<p>&#8211; 8 pochettes recto-verso r\u00e9tro-\u00e9clair\u00e9es par LED au format A4 paysage** : chaque pochette mesure 24,4 cm de hauteur et 33,0 cm de largeur, ce qui offre un espace suffisant pour afficher des informations promotionnelles, des avis ou du mat\u00e9riel publicitaire.<br \/>&#8211; 6 pochettes LED r\u00e9tro-\u00e9clair\u00e9es recto-verso au format A3 horizontal** : avec des dimensions de 33,0 cm en hauteur et 45,5 cm en largeur, ces pochettes permettent une plus grande visibilit\u00e9 pour des communications plus importantes ou des contenus \u00e0 plus fort impact visuel.<\/p>\n<p>Le syst\u00e8me est compl\u00e9t\u00e9 par :<\/p>\n<p>&#8211; <strong>2 barres \u00e9lectrifi\u00e9es en aluminium anodis\u00e9 de 1 m\u00e8tre<\/strong>, d&rsquo;une longueur totale de 2 m\u00e8tres, qui constituent un support solide et l\u00e9ger pour l&rsquo;installation.<br \/>&#8211; <strong>4 paires de raccords articul\u00e9s en laiton chrom\u00e9 poli<\/strong>, \u00e9quip\u00e9s d&rsquo;un c\u00e2ble en acier de 2 m\u00e8tres de long, qui permettent de suspendre les poches facilement et en toute s\u00e9curit\u00e9.<br \/>&#8211; <strong>1 bloc d&rsquo;alimentation 12V 12A<\/strong>, avec les c\u00e2bles de connexion n\u00e9cessaires \u00e0 l&rsquo;alimentation des barres lumineuses.<br \/>&#8211; <strong>1 paire de connecteurs<\/strong>, pour faciliter la connexion \u00e9lectrique entre les diff\u00e9rents composants.<\/p>\n<h2>Remplacement des messages en quelques secondes<\/h2>\n<p>Les pochettes sont dot\u00e9es d&rsquo;une ouverture magn\u00e9tique des deux c\u00f4t\u00e9s, ce qui permet d&rsquo;acc\u00e9der rapidement et facilement au mat\u00e9riel d&rsquo;affichage, qui peut \u00eatre facilement mis \u00e0 jour. Cet aspect rend le porte-message id\u00e9al pour les environnements professionnels dynamiques, o\u00f9 les informations doivent \u00eatre fr\u00e9quemment r\u00e9vis\u00e9es et modifi\u00e9es. <\/p>\n<p>Pour ceux qui souhaitent une composition personnalis\u00e9e, vous pouvez demander plus d&rsquo;informations en envoyant un e-mail \u00e0 info@smartystore.it, en sp\u00e9cifiant les dimensions de la vitrine et la configuration souhait\u00e9e. Nous vous fournirons un dessin technique d\u00e9taill\u00e9 et un devis personnalis\u00e9. <\/p>\n<p>D\u00e9couvrez comment notre porte-message lumineux peut mettre en valeur votre entreprise gr\u00e2ce \u00e0 un design sophistiqu\u00e9 et moderne, rendant chaque message irr\u00e9sistiblement visible.<\/p>\n<p>&nbsp;<\/p>\n<h3>CARACT\u00c9RISTIQUES<\/h3>\n<ol>\n<li>8 pochettes A4 paysage recto-verso r\u00e9tro-\u00e9clair\u00e9es par LED<\/li>\n<li>6 pochettes A3 paysage recto-verso r\u00e9tro-\u00e9clair\u00e9es par LED<\/li>\n<li>2 barres \u00e9lectrifi\u00e9es de 1 m en aluminium anodis\u00e9 : longueur totale 2 m.<\/li>\n<li>4 paires de raccords articul\u00e9s en laiton chrom\u00e9 poli avec c\u00e2ble en acier L 2 m.<\/li>\n<li>1 x bloc d&rsquo;alimentation 12V 12A avec c\u00e2bles de connexion \u00e0 la barre<\/li>\n<li>1 paire de connecteurs<\/li>\n<li>Dimensions de la pochette A4 (cm) : H 24,4 &#8211; L 33,0<\/li>\n<li>Dimensions de la poche A3 (cm) : H 33,0 &#8211; L 45,5<\/li>\n<li>Ouverture de la poche : magn\u00e9tique des deux c\u00f4t\u00e9s<\/li>\n<\/ol>\n<p style=\"text-align: center;\"><strong>Voir d&rsquo;autres propositions de compositions, cliquez <a href=\"https:\/\/www.smartystore.it\/fr\/categoria-prodotto\/porte-message-lumineux\/\">ICI<\/a><\/strong><\/p>\n<p>&nbsp;<\/p>\n<p><a href=\"https:\/\/www.smartystore.it\/v25\/wp-content\/uploads\/2017\/11\/TLED.pdf\" target=\"_blank\" rel=\"noopener\"><img loading=\"lazy\" decoding=\"async\" class=\"alignnone size-full wp-image-93672\" src=\"https:\/\/www.smartystore.it\/v25\/wp-content\/uploads\/2023\/11\/LogoDownload_yellow.jpg\" alt=\"\" width=\"50\" height=\"50\"> &nbsp;<\/a><a href=\"https:\/\/www.smartystore.it\/v25\/wp-content\/uploads\/2017\/11\/TLED.pdf\" target=\"_blank\" rel=\"noopener noreferrer\"><strong>SCHEDA TECNICA &#8211; DATA SHEET &#8211; FICHE TECHNIQUE<\/strong><\/a><\/p>\n<p>&nbsp;<\/p>\n<p><span style=\"color: #993300;\">Dans le cas de compositions personnalis\u00e9es, veuillez en faire la demande en envoyant un courrier \u00e9lectronique \u00e0<\/span> info@smartystore.it.  <span style=\"color: #993300;\">en indiquant les dimensions de la vitrine et la configuration souhait\u00e9e. Nous vous enverrons un plan et un devis.  <\/span>[\/vc_column_text][\/vc_column][\/vc_row]<\/p>\n<\/div>","protected":false},"excerpt":{"rendered":"<p>Syst\u00e8me pratique de pr\u00e9sentation de c\u00e2bles double face avec 8 pochettes horizontales A4 et 6 pochettes horizontales A3 \u00e9clair\u00e9es par LED.<\/p>\n","protected":false},"featured_media":95270,"comment_status":"open","ping_status":"closed","template":"","meta":{"_acf_changed":false},"pwb-brand":[],"product_brand":[],"product_cat":[3663],"product_tag":[4799,4814,4800,4812,4802,4797,4798,4813],"class_list":{"0":"post-95275","1":"product","2":"type-product","3":"status-publish","4":"has-post-thumbnail","6":"product_cat-porte-message-lumineux","7":"product_tag-poches-legeres-pour-messages","8":"product_tag-pochettes-eclairees-pour-les-messages-de-presentation-a3-et-a4","9":"product_tag-pochettes-led-pour-messages-lumineux","10":"product_tag-pochettes-vitrines-lumineuses-a3-et-a4","11":"product_tag-porte-message-eclaire-par-cable","12":"product_tag-porte-message-lumineux-a-led","13":"product_tag-porte-message-lumineux-pour-vitrines","14":"product_tag-porte-messages-a3-et-a4-double-face-eclaires-par-led","15":"pa_c2c_color-argent","16":"pa_c2c_dimensione-6-x-a3","17":"pa_c2c_dimensione-8-x-a4","18":"pa_c2c_mono_bifacciale-double-face","19":"pa_c2c_trovraprezzi-oui","21":"first","22":"instock","23":"taxable","24":"shipping-taxable","25":"purchasable","26":"product-type-simple"},"acf":[],"yoast_head":"<!-- This site is optimized with the Yoast SEO plugin v27.4 - https:\/\/yoast.com\/product\/yoast-seo-wordpress\/ -->\n<title>Porte-message pour c\u00e2bles avec pochettes doublement \u00e9clair\u00e9es par LED - 8 pochettes A4 horizontales et 6 pochettes A3 horizontales - Achetez au meilleur prix<\/title>\n<meta name=\"description\" content=\"Porte-messages lumineux double face A3 et A4 avec c\u00e2ble de suspension. Les pochettes \u00e9clair\u00e9es par LED permettent une lecture m\u00eame en soir\u00e9e.\" \/>\n<meta name=\"robots\" content=\"index, follow, max-snippet:-1, max-image-preview:large, max-video-preview:-1\" \/>\n<link rel=\"canonical\" href=\"https:\/\/www.smartystore.it\/fr\/prodotto\/porte-message-pour-cables-avec-pochettes-doublement-eclairees-par-led-8-pochettes-a4-horizontales-et-6-pochettes-a3-horizontales\/\" \/>\n<meta property=\"og:locale\" content=\"fr_FR\" \/>\n<meta property=\"og:type\" content=\"article\" \/>\n<meta property=\"og:title\" content=\"Porte-message pour c\u00e2bles avec pochettes doublement \u00e9clair\u00e9es par LED - 8 pochettes A4 horizontales et 6 pochettes A3 horizontales - Achetez au meilleur prix\" \/>\n<meta property=\"og:description\" content=\"Porte-messages lumineux double face A3 et A4 avec c\u00e2ble de suspension. Les pochettes \u00e9clair\u00e9es par LED permettent une lecture m\u00eame en soir\u00e9e.\" \/>\n<meta property=\"og:url\" content=\"https:\/\/www.smartystore.it\/fr\/prodotto\/porte-message-pour-cables-avec-pochettes-doublement-eclairees-par-led-8-pochettes-a4-horizontales-et-6-pochettes-a3-horizontales\/\" \/>\n<meta property=\"og:site_name\" content=\"Smarty Store\" \/>\n<meta property=\"article:modified_time\" content=\"2025-09-18T06:52:35+00:00\" \/>\n<meta property=\"og:image\" content=\"https:\/\/www.smartystore.it\/v25\/wp-content\/uploads\/2017\/12\/Tasche-porta-messaggio-da-vetrina-illuminazione-led-8-tasche-A4-orizzontale-6-tasche-A3-orizzontale-1.jpg\" \/>\n\t<meta property=\"og:image:width\" content=\"1000\" \/>\n\t<meta property=\"og:image:height\" content=\"1000\" \/>\n\t<meta property=\"og:image:type\" content=\"image\/jpeg\" \/>\n<meta name=\"twitter:card\" content=\"summary_large_image\" \/>\n<meta name=\"twitter:label1\" content=\"Dur\u00e9e de lecture estim\u00e9e\" \/>\n\t<meta name=\"twitter:data1\" content=\"4 minutes\" \/>\n<script type=\"application\/ld+json\" class=\"yoast-schema-graph\">{\"@context\":\"https:\\\/\\\/schema.org\",\"@graph\":[{\"@type\":\"WebPage\",\"@id\":\"https:\\\/\\\/www.smartystore.it\\\/fr\\\/prodotto\\\/porte-message-pour-cables-avec-pochettes-doublement-eclairees-par-led-8-pochettes-a4-horizontales-et-6-pochettes-a3-horizontales\\\/\",\"url\":\"https:\\\/\\\/www.smartystore.it\\\/fr\\\/prodotto\\\/porte-message-pour-cables-avec-pochettes-doublement-eclairees-par-led-8-pochettes-a4-horizontales-et-6-pochettes-a3-horizontales\\\/\",\"name\":\"Porte-message pour c\u00e2bles avec pochettes doublement \u00e9clair\u00e9es par LED - 8 pochettes A4 horizontales et 6 pochettes A3 horizontales - Achetez au meilleur prix\",\"isPartOf\":{\"@id\":\"https:\\\/\\\/www.smartystore.it\\\/fr\\\/#website\"},\"primaryImageOfPage\":{\"@id\":\"https:\\\/\\\/www.smartystore.it\\\/fr\\\/prodotto\\\/porte-message-pour-cables-avec-pochettes-doublement-eclairees-par-led-8-pochettes-a4-horizontales-et-6-pochettes-a3-horizontales\\\/#primaryimage\"},\"image\":{\"@id\":\"https:\\\/\\\/www.smartystore.it\\\/fr\\\/prodotto\\\/porte-message-pour-cables-avec-pochettes-doublement-eclairees-par-led-8-pochettes-a4-horizontales-et-6-pochettes-a3-horizontales\\\/#primaryimage\"},\"thumbnailUrl\":\"https:\\\/\\\/www.smartystore.it\\\/v25\\\/wp-content\\\/uploads\\\/2017\\\/12\\\/Tasche-porta-messaggio-da-vetrina-illuminazione-led-8-tasche-A4-orizzontale-6-tasche-A3-orizzontale-1.jpg\",\"datePublished\":\"2017-12-04T14:52:06+00:00\",\"dateModified\":\"2025-09-18T06:52:35+00:00\",\"description\":\"Porte-messages lumineux double face A3 et A4 avec c\u00e2ble de suspension. Les pochettes \u00e9clair\u00e9es par LED permettent une lecture m\u00eame en soir\u00e9e.\",\"breadcrumb\":{\"@id\":\"https:\\\/\\\/www.smartystore.it\\\/fr\\\/prodotto\\\/porte-message-pour-cables-avec-pochettes-doublement-eclairees-par-led-8-pochettes-a4-horizontales-et-6-pochettes-a3-horizontales\\\/#breadcrumb\"},\"inLanguage\":\"fr-FR\",\"potentialAction\":[{\"@type\":\"ReadAction\",\"target\":[\"https:\\\/\\\/www.smartystore.it\\\/fr\\\/prodotto\\\/porte-message-pour-cables-avec-pochettes-doublement-eclairees-par-led-8-pochettes-a4-horizontales-et-6-pochettes-a3-horizontales\\\/\"]}]},{\"@type\":\"ImageObject\",\"inLanguage\":\"fr-FR\",\"@id\":\"https:\\\/\\\/www.smartystore.it\\\/fr\\\/prodotto\\\/porte-message-pour-cables-avec-pochettes-doublement-eclairees-par-led-8-pochettes-a4-horizontales-et-6-pochettes-a3-horizontales\\\/#primaryimage\",\"url\":\"https:\\\/\\\/www.smartystore.it\\\/v25\\\/wp-content\\\/uploads\\\/2017\\\/12\\\/Tasche-porta-messaggio-da-vetrina-illuminazione-led-8-tasche-A4-orizzontale-6-tasche-A3-orizzontale-1.jpg\",\"contentUrl\":\"https:\\\/\\\/www.smartystore.it\\\/v25\\\/wp-content\\\/uploads\\\/2017\\\/12\\\/Tasche-porta-messaggio-da-vetrina-illuminazione-led-8-tasche-A4-orizzontale-6-tasche-A3-orizzontale-1.jpg\",\"width\":1000,\"height\":1000,\"caption\":\"Porta messaggi luminosi da vetrina A3 e A4\"},{\"@type\":\"BreadcrumbList\",\"@id\":\"https:\\\/\\\/www.smartystore.it\\\/fr\\\/prodotto\\\/porte-message-pour-cables-avec-pochettes-doublement-eclairees-par-led-8-pochettes-a4-horizontales-et-6-pochettes-a3-horizontales\\\/#breadcrumb\",\"itemListElement\":[{\"@type\":\"ListItem\",\"position\":1,\"name\":\"Home\",\"item\":\"https:\\\/\\\/www.smartystore.it\\\/fr\\\/\"},{\"@type\":\"ListItem\",\"position\":2,\"name\":\"Boutique\",\"item\":\"https:\\\/\\\/www.smartystore.it\\\/fr\\\/boutique\\\/\"},{\"@type\":\"ListItem\",\"position\":3,\"name\":\"Porte-message pour c\u00e2bles avec pochettes doublement \u00e9clair\u00e9es par LED &#8211; 8 pochettes A4 horizontales et 6 pochettes A3 horizontales\"}]},{\"@type\":\"WebSite\",\"@id\":\"https:\\\/\\\/www.smartystore.it\\\/fr\\\/#website\",\"url\":\"https:\\\/\\\/www.smartystore.it\\\/fr\\\/\",\"name\":\"Smarty Store\",\"description\":\"Espositori Pubblicitari e Sistemi di Comunicazione Visiva\",\"potentialAction\":[{\"@type\":\"SearchAction\",\"target\":{\"@type\":\"EntryPoint\",\"urlTemplate\":\"https:\\\/\\\/www.smartystore.it\\\/fr\\\/?s={search_term_string}\"},\"query-input\":{\"@type\":\"PropertyValueSpecification\",\"valueRequired\":true,\"valueName\":\"search_term_string\"}}],\"inLanguage\":\"fr-FR\"}]}<\/script>\n<!-- \/ Yoast SEO plugin. -->","yoast_head_json":{"title":"Porte-message pour c\u00e2bles avec pochettes doublement \u00e9clair\u00e9es par LED - 8 pochettes A4 horizontales et 6 pochettes A3 horizontales - Achetez au meilleur prix","description":"Porte-messages lumineux double face A3 et A4 avec c\u00e2ble de suspension. Les pochettes \u00e9clair\u00e9es par LED permettent une lecture m\u00eame en soir\u00e9e.","robots":{"index":"index","follow":"follow","max-snippet":"max-snippet:-1","max-image-preview":"max-image-preview:large","max-video-preview":"max-video-preview:-1"},"canonical":"https:\/\/www.smartystore.it\/fr\/prodotto\/porte-message-pour-cables-avec-pochettes-doublement-eclairees-par-led-8-pochettes-a4-horizontales-et-6-pochettes-a3-horizontales\/","og_locale":"fr_FR","og_type":"article","og_title":"Porte-message pour c\u00e2bles avec pochettes doublement \u00e9clair\u00e9es par LED - 8 pochettes A4 horizontales et 6 pochettes A3 horizontales - Achetez au meilleur prix","og_description":"Porte-messages lumineux double face A3 et A4 avec c\u00e2ble de suspension. Les pochettes \u00e9clair\u00e9es par LED permettent une lecture m\u00eame en soir\u00e9e.","og_url":"https:\/\/www.smartystore.it\/fr\/prodotto\/porte-message-pour-cables-avec-pochettes-doublement-eclairees-par-led-8-pochettes-a4-horizontales-et-6-pochettes-a3-horizontales\/","og_site_name":"Smarty Store","article_modified_time":"2025-09-18T06:52:35+00:00","og_image":[{"width":1000,"height":1000,"url":"https:\/\/www.smartystore.it\/v25\/wp-content\/uploads\/2017\/12\/Tasche-porta-messaggio-da-vetrina-illuminazione-led-8-tasche-A4-orizzontale-6-tasche-A3-orizzontale-1.jpg","type":"image\/jpeg"}],"twitter_card":"summary_large_image","twitter_misc":{"Dur\u00e9e de lecture estim\u00e9e":"4 minutes"},"schema":{"@context":"https:\/\/schema.org","@graph":[{"@type":"WebPage","@id":"https:\/\/www.smartystore.it\/fr\/prodotto\/porte-message-pour-cables-avec-pochettes-doublement-eclairees-par-led-8-pochettes-a4-horizontales-et-6-pochettes-a3-horizontales\/","url":"https:\/\/www.smartystore.it\/fr\/prodotto\/porte-message-pour-cables-avec-pochettes-doublement-eclairees-par-led-8-pochettes-a4-horizontales-et-6-pochettes-a3-horizontales\/","name":"Porte-message pour c\u00e2bles avec pochettes doublement \u00e9clair\u00e9es par LED - 8 pochettes A4 horizontales et 6 pochettes A3 horizontales - Achetez au meilleur prix","isPartOf":{"@id":"https:\/\/www.smartystore.it\/fr\/#website"},"primaryImageOfPage":{"@id":"https:\/\/www.smartystore.it\/fr\/prodotto\/porte-message-pour-cables-avec-pochettes-doublement-eclairees-par-led-8-pochettes-a4-horizontales-et-6-pochettes-a3-horizontales\/#primaryimage"},"image":{"@id":"https:\/\/www.smartystore.it\/fr\/prodotto\/porte-message-pour-cables-avec-pochettes-doublement-eclairees-par-led-8-pochettes-a4-horizontales-et-6-pochettes-a3-horizontales\/#primaryimage"},"thumbnailUrl":"https:\/\/www.smartystore.it\/v25\/wp-content\/uploads\/2017\/12\/Tasche-porta-messaggio-da-vetrina-illuminazione-led-8-tasche-A4-orizzontale-6-tasche-A3-orizzontale-1.jpg","datePublished":"2017-12-04T14:52:06+00:00","dateModified":"2025-09-18T06:52:35+00:00","description":"Porte-messages lumineux double face A3 et A4 avec c\u00e2ble de suspension. Les pochettes \u00e9clair\u00e9es par LED permettent une lecture m\u00eame en soir\u00e9e.","breadcrumb":{"@id":"https:\/\/www.smartystore.it\/fr\/prodotto\/porte-message-pour-cables-avec-pochettes-doublement-eclairees-par-led-8-pochettes-a4-horizontales-et-6-pochettes-a3-horizontales\/#breadcrumb"},"inLanguage":"fr-FR","potentialAction":[{"@type":"ReadAction","target":["https:\/\/www.smartystore.it\/fr\/prodotto\/porte-message-pour-cables-avec-pochettes-doublement-eclairees-par-led-8-pochettes-a4-horizontales-et-6-pochettes-a3-horizontales\/"]}]},{"@type":"ImageObject","inLanguage":"fr-FR","@id":"https:\/\/www.smartystore.it\/fr\/prodotto\/porte-message-pour-cables-avec-pochettes-doublement-eclairees-par-led-8-pochettes-a4-horizontales-et-6-pochettes-a3-horizontales\/#primaryimage","url":"https:\/\/www.smartystore.it\/v25\/wp-content\/uploads\/2017\/12\/Tasche-porta-messaggio-da-vetrina-illuminazione-led-8-tasche-A4-orizzontale-6-tasche-A3-orizzontale-1.jpg","contentUrl":"https:\/\/www.smartystore.it\/v25\/wp-content\/uploads\/2017\/12\/Tasche-porta-messaggio-da-vetrina-illuminazione-led-8-tasche-A4-orizzontale-6-tasche-A3-orizzontale-1.jpg","width":1000,"height":1000,"caption":"Porta messaggi luminosi da vetrina A3 e A4"},{"@type":"BreadcrumbList","@id":"https:\/\/www.smartystore.it\/fr\/prodotto\/porte-message-pour-cables-avec-pochettes-doublement-eclairees-par-led-8-pochettes-a4-horizontales-et-6-pochettes-a3-horizontales\/#breadcrumb","itemListElement":[{"@type":"ListItem","position":1,"name":"Home","item":"https:\/\/www.smartystore.it\/fr\/"},{"@type":"ListItem","position":2,"name":"Boutique","item":"https:\/\/www.smartystore.it\/fr\/boutique\/"},{"@type":"ListItem","position":3,"name":"Porte-message pour c\u00e2bles avec pochettes doublement \u00e9clair\u00e9es par LED &#8211; 8 pochettes A4 horizontales et 6 pochettes A3 horizontales"}]},{"@type":"WebSite","@id":"https:\/\/www.smartystore.it\/fr\/#website","url":"https:\/\/www.smartystore.it\/fr\/","name":"Smarty Store","description":"Espositori Pubblicitari e Sistemi di Comunicazione Visiva","potentialAction":[{"@type":"SearchAction","target":{"@type":"EntryPoint","urlTemplate":"https:\/\/www.smartystore.it\/fr\/?s={search_term_string}"},"query-input":{"@type":"PropertyValueSpecification","valueRequired":true,"valueName":"search_term_string"}}],"inLanguage":"fr-FR"}]}},"brands":[],"_links":{"self":[{"href":"https:\/\/www.smartystore.it\/fr\/wp-json\/wp\/v2\/product\/95275","targetHints":{"allow":["GET"]}}],"collection":[{"href":"https:\/\/www.smartystore.it\/fr\/wp-json\/wp\/v2\/product"}],"about":[{"href":"https:\/\/www.smartystore.it\/fr\/wp-json\/wp\/v2\/types\/product"}],"replies":[{"embeddable":true,"href":"https:\/\/www.smartystore.it\/fr\/wp-json\/wp\/v2\/comments?post=95275"}],"wp:featuredmedia":[{"embeddable":true,"href":"https:\/\/www.smartystore.it\/fr\/wp-json\/wp\/v2\/media\/95270"}],"wp:attachment":[{"href":"https:\/\/www.smartystore.it\/fr\/wp-json\/wp\/v2\/media?parent=95275"}],"wp:term":[{"taxonomy":"pwb-brand","embeddable":true,"href":"https:\/\/www.smartystore.it\/fr\/wp-json\/wp\/v2\/pwb-brand?post=95275"},{"taxonomy":"product_brand","embeddable":true,"href":"https:\/\/www.smartystore.it\/fr\/wp-json\/wp\/v2\/product_brand?post=95275"},{"taxonomy":"product_cat","embeddable":true,"href":"https:\/\/www.smartystore.it\/fr\/wp-json\/wp\/v2\/product_cat?post=95275"},{"taxonomy":"product_tag","embeddable":true,"href":"https:\/\/www.smartystore.it\/fr\/wp-json\/wp\/v2\/product_tag?post=95275"}],"curies":[{"name":"wp","href":"https:\/\/api.w.org\/{rel}","templated":true}]}}