{"id":95261,"date":"2024-10-08T17:25:15","date_gmt":"2024-10-08T15:25:15","guid":{"rendered":"https:\/\/www.smartystore.it\/prodotto\/porte-message-led-double-face-12-pochettes-horizontales-a4\/"},"modified":"2026-02-18T12:52:30","modified_gmt":"2026-02-18T10:52:30","slug":"porte-message-led-double-face-12-pochettes-horizontales-a4","status":"publish","type":"product","link":"https:\/\/www.smartystore.it\/fr\/prodotto\/porte-message-led-double-face-12-pochettes-horizontales-a4\/","title":{"rendered":"Porte-message double face \u00e9clair\u00e9 par Led &#8211; 12 pochettes horizontales A4"},"content":{"rendered":"<div class=\"wpb-content-wrapper\"><p>[vc_row][vc_column][vc_column_text css=\u00a0\u00bb\u00a0\u00bb css_params=\u00a0\u00bb\u00a0\u00bb]<\/p>\n<h1>Caissons lumineux LED double face : une solution \u00e9l\u00e9gante pour la promotion<\/h1>\n<p>Dans un environnement commercial de plus en plus concurrentiel, la visibilit\u00e9 et la capacit\u00e9 \u00e0 attirer l&rsquo;attention des clients sont cruciales pour le succ\u00e8s de toute entreprise. Notre solution innovante, le porte-message LED double face, offre un moyen \u00e9l\u00e9gant et fonctionnel de promouvoir et de faire la publicit\u00e9 de votre entreprise \u00e0 toute heure du jour et de la nuit. <\/p>\n<h2>Caract\u00e9ristiques du produit<\/h2>\n<p>La solution propos\u00e9e consiste en plusieurs \u00e9l\u00e9ments de haute qualit\u00e9 qui garantissent \u00e0 la fois l&rsquo;efficacit\u00e9 op\u00e9rationnelle et une esth\u00e9tique raffin\u00e9e. Ces \u00e9l\u00e9ments sont les suivants <\/p>\n<p><strong>12<\/strong> pochettes <strong>r\u00e9tro\u00e9clair\u00e9es par LED sur les deux faces<\/strong>: chaque pochette a un format A4 horizontal (H 24,4 cm &#8211; L 33,0 cm), con\u00e7u pour pr\u00e9senter efficacement des documents promotionnels sur les deux faces. Gr\u00e2ce \u00e0 l&rsquo;\u00e9clairage LED, les messages ressortent m\u00eame dans des conditions de faible luminosit\u00e9 et attirent l&rsquo;attention des passants. <\/p>\n<p><strong>2<\/strong> barres <strong>\u00e9lectrifi\u00e9es en aluminium anodis\u00e9<\/strong>: Les barres, d&rsquo;une longueur d&rsquo;un m\u00e8tre chacune, assurent non seulement une structure solide et robuste, mais conf\u00e8rent \u00e9galement \u00e0 l&rsquo;ensemble du syst\u00e8me un aspect moderne et professionnel.<\/p>\n<p>Raccords articul\u00e9s <strong>en laiton chrom\u00e9 poli<\/strong>: quatre paires de raccords articul\u00e9s \u00e9quip\u00e9s de c\u00e2bles en acier de 2 m de long chacun permettent d&rsquo;installer et d&rsquo;ajuster facilement la position des pochettes, offrant ainsi une flexibilit\u00e9 maximale dans la pr\u00e9sentation.<\/p>\n<p>Alimentation <strong>12V 12A<\/strong>: \u00c9quip\u00e9e de c\u00e2bles pour la connexion au bar, cette alimentation assure un fonctionnement s\u00fbr et constant du syst\u00e8me d&rsquo;\u00e9clairage.<\/p>\n<p><strong>Connecteurs<\/strong>: Une paire de connecteurs est incluse pour faciliter les connexions \u00e9lectriques, ce qui rend l&rsquo;installation rapide et facile.<\/p>\n<h2>Personnalisation des porte-messages LED double face<\/h2>\n<p>L&rsquo;un des grands avantages du porte-message \u00e0 c\u00e2ble est la possibilit\u00e9 de le personnaliser en fonction des besoins sp\u00e9cifiques du client. Il est possible de varier la taille des pochettes et leur nombre total, offrant ainsi des solutions sur mesure qui r\u00e9pondent \u00e0 diff\u00e9rents besoins promotionnels. <\/p>\n<h2>Conclusion<\/h2>\n<p>Opter pour le Cable Message Holder with Double-sided LED Pockets n&rsquo;est pas seulement un investissement dans des outils publicitaires, mais un pas important vers une communication visuelle efficace et accrocheuse. Gr\u00e2ce \u00e0 son \u00e9l\u00e9gance et \u00e0 sa fonctionnalit\u00e9, ce produit est id\u00e9al pour toute entreprise souhaitant am\u00e9liorer sa visibilit\u00e9 et son attrait sur le march\u00e9. Avec une proposition aussi polyvalente et personnalisable, votre entreprise se distinguera certainement dans le paysage commercial d&rsquo;aujourd&rsquo;hui.  <\/p>\n<p>&nbsp;<\/p>\n<h3>CARACT\u00c9RISTIQUES<\/h3>\n<ol>\n<li>12 pochettes A4 paysage recto-verso r\u00e9tro-\u00e9clair\u00e9es par LED<\/li>\n<li>2 barres \u00e9lectrifi\u00e9es de 1 m\u00e8tre chacune en aluminium anodis\u00e9<\/li>\n<li>4 paires de raccords articul\u00e9s en laiton chrom\u00e9 poli avec c\u00e2ble en acier L 2 m.<\/li>\n<li>1 x bloc d&rsquo;alimentation 12V 12A avec c\u00e2bles de connexion \u00e0 la barre<\/li>\n<li>1 paire de connecteurs<\/li>\n<li>Dimensions de la pochette A4 (cm) : H 24,4 &#8211; L 33,0<\/li>\n<li>Ouverture de la poche : magn\u00e9tique des deux c\u00f4t\u00e9s<\/li>\n<\/ol>\n<p style=\"text-align: center;\"><strong>Voir ici d&rsquo;autres propositions de compositions, cliquez <span style=\"color: #ff0000;\"><a style=\"color: #ff0000;\" href=\"https:\/\/www.smartystore.it\/fr\/categoria-prodotto\/porte-message-lumineux\/\">ICI<\/a><\/span><\/strong><\/p>\n<p><span style=\"color: #993300;\">Dans le cas de compositions personnalis\u00e9es, veuillez en faire la demande en envoyant un courrier \u00e9lectronique \u00e0<\/span> info@smartystore.it.  <span style=\"color: #993300;\">en indiquant les dimensions de la vitrine et la configuration souhait\u00e9e. Nous vous enverrons un plan et un devis.  <\/span><\/p>\n<p>&nbsp;<\/p>\n<p>[\/vc_column_text][\/vc_column][\/vc_row]<\/p>\n<\/div>","protected":false},"excerpt":{"rendered":"<p>Syst\u00e8me pratique de pr\u00e9sentation des c\u00e2bles avec 12 pochettes \u00e9clair\u00e9es par LED au format A4 paysage<\/p>\n","protected":false},"featured_media":89605,"comment_status":"open","ping_status":"closed","template":"","meta":{"_acf_changed":false},"pwb-brand":[],"product_brand":[],"product_cat":[3663],"product_tag":[4799,4804,4801,4800,4802,4797,4798,4803],"class_list":{"0":"post-95261","1":"product","2":"type-product","3":"status-publish","4":"has-post-thumbnail","6":"product_cat-porte-message-lumineux","7":"product_tag-poches-legeres-pour-messages","8":"product_tag-pochettes-a-messages-a4-lumineuses-pour-vitrines","9":"product_tag-pochettes-daffichage-eclairees-a4","10":"product_tag-pochettes-led-pour-messages-lumineux","11":"product_tag-porte-message-eclaire-par-cable","12":"product_tag-porte-message-lumineux-a-led","13":"product_tag-porte-message-lumineux-pour-vitrines","14":"product_tag-porte-messages-eclaires-par-led-double-face-a4","16":"first","17":"instock","18":"taxable","19":"shipping-taxable","20":"purchasable","21":"product-type-simple"},"acf":[],"yoast_head":"<!-- This site is optimized with the Yoast SEO plugin v27.4 - https:\/\/yoast.com\/product\/yoast-seo-wordpress\/ -->\n<title>Porte-message double face \u00e9clair\u00e9 par Led - 12 pochettes horizontales A4 - Smarty Store<\/title>\n<meta name=\"description\" content=\"Porte-messages double face \u00e9clair\u00e9s par LED avec 12 pochettes A4 horizontales, id\u00e9al pour le positionnement dans les vitrines et pour rendre les messages lisibles m\u00eame le soir.\" \/>\n<meta name=\"robots\" content=\"index, follow, max-snippet:-1, max-image-preview:large, max-video-preview:-1\" \/>\n<link rel=\"canonical\" href=\"https:\/\/www.smartystore.it\/fr\/prodotto\/porte-message-led-double-face-12-pochettes-horizontales-a4\/\" \/>\n<meta property=\"og:locale\" content=\"fr_FR\" \/>\n<meta property=\"og:type\" content=\"article\" \/>\n<meta property=\"og:title\" content=\"Porte-message double face \u00e9clair\u00e9 par Led - 12 pochettes horizontales A4 - Smarty Store\" \/>\n<meta property=\"og:description\" content=\"Porte-messages double face \u00e9clair\u00e9s par LED avec 12 pochettes A4 horizontales, id\u00e9al pour le positionnement dans les vitrines et pour rendre les messages lisibles m\u00eame le soir.\" \/>\n<meta property=\"og:url\" content=\"https:\/\/www.smartystore.it\/fr\/prodotto\/porte-message-led-double-face-12-pochettes-horizontales-a4\/\" \/>\n<meta property=\"og:site_name\" content=\"Smarty Store\" \/>\n<meta property=\"article:modified_time\" content=\"2026-02-18T10:52:30+00:00\" \/>\n<meta property=\"og:image\" content=\"https:\/\/www.smartystore.it\/v25\/wp-content\/uploads\/2024\/10\/Composizione-12-tasche-A4-orizzontale.jpg\" \/>\n\t<meta property=\"og:image:width\" content=\"1000\" \/>\n\t<meta property=\"og:image:height\" content=\"1000\" \/>\n\t<meta property=\"og:image:type\" content=\"image\/jpeg\" \/>\n<meta name=\"twitter:card\" content=\"summary_large_image\" \/>\n<meta name=\"twitter:label1\" content=\"Dur\u00e9e de lecture estim\u00e9e\" \/>\n\t<meta name=\"twitter:data1\" content=\"3 minutes\" \/>\n<script type=\"application\/ld+json\" class=\"yoast-schema-graph\">{\"@context\":\"https:\\\/\\\/schema.org\",\"@graph\":[{\"@type\":\"WebPage\",\"@id\":\"https:\\\/\\\/www.smartystore.it\\\/fr\\\/prodotto\\\/porte-message-led-double-face-12-pochettes-horizontales-a4\\\/\",\"url\":\"https:\\\/\\\/www.smartystore.it\\\/fr\\\/prodotto\\\/porte-message-led-double-face-12-pochettes-horizontales-a4\\\/\",\"name\":\"Porte-message double face \u00e9clair\u00e9 par Led - 12 pochettes horizontales A4 - Smarty Store\",\"isPartOf\":{\"@id\":\"https:\\\/\\\/www.smartystore.it\\\/fr\\\/#website\"},\"primaryImageOfPage\":{\"@id\":\"https:\\\/\\\/www.smartystore.it\\\/fr\\\/prodotto\\\/porte-message-led-double-face-12-pochettes-horizontales-a4\\\/#primaryimage\"},\"image\":{\"@id\":\"https:\\\/\\\/www.smartystore.it\\\/fr\\\/prodotto\\\/porte-message-led-double-face-12-pochettes-horizontales-a4\\\/#primaryimage\"},\"thumbnailUrl\":\"https:\\\/\\\/www.smartystore.it\\\/v25\\\/wp-content\\\/uploads\\\/2024\\\/10\\\/Composizione-12-tasche-A4-orizzontale.jpg\",\"datePublished\":\"2024-10-08T15:25:15+00:00\",\"dateModified\":\"2026-02-18T10:52:30+00:00\",\"description\":\"Porte-messages double face \u00e9clair\u00e9s par LED avec 12 pochettes A4 horizontales, id\u00e9al pour le positionnement dans les vitrines et pour rendre les messages lisibles m\u00eame le soir.\",\"breadcrumb\":{\"@id\":\"https:\\\/\\\/www.smartystore.it\\\/fr\\\/prodotto\\\/porte-message-led-double-face-12-pochettes-horizontales-a4\\\/#breadcrumb\"},\"inLanguage\":\"fr-FR\",\"potentialAction\":[{\"@type\":\"ReadAction\",\"target\":[\"https:\\\/\\\/www.smartystore.it\\\/fr\\\/prodotto\\\/porte-message-led-double-face-12-pochettes-horizontales-a4\\\/\"]}]},{\"@type\":\"ImageObject\",\"inLanguage\":\"fr-FR\",\"@id\":\"https:\\\/\\\/www.smartystore.it\\\/fr\\\/prodotto\\\/porte-message-led-double-face-12-pochettes-horizontales-a4\\\/#primaryimage\",\"url\":\"https:\\\/\\\/www.smartystore.it\\\/v25\\\/wp-content\\\/uploads\\\/2024\\\/10\\\/Composizione-12-tasche-A4-orizzontale.jpg\",\"contentUrl\":\"https:\\\/\\\/www.smartystore.it\\\/v25\\\/wp-content\\\/uploads\\\/2024\\\/10\\\/Composizione-12-tasche-A4-orizzontale.jpg\",\"width\":1000,\"height\":1000,\"caption\":\"Composition de 12 pochettes horizontales A4\"},{\"@type\":\"BreadcrumbList\",\"@id\":\"https:\\\/\\\/www.smartystore.it\\\/fr\\\/prodotto\\\/porte-message-led-double-face-12-pochettes-horizontales-a4\\\/#breadcrumb\",\"itemListElement\":[{\"@type\":\"ListItem\",\"position\":1,\"name\":\"Home\",\"item\":\"https:\\\/\\\/www.smartystore.it\\\/fr\\\/\"},{\"@type\":\"ListItem\",\"position\":2,\"name\":\"Boutique\",\"item\":\"https:\\\/\\\/www.smartystore.it\\\/fr\\\/boutique\\\/\"},{\"@type\":\"ListItem\",\"position\":3,\"name\":\"Porte-message double face \u00e9clair\u00e9 par Led &#8211; 12 pochettes horizontales A4\"}]},{\"@type\":\"WebSite\",\"@id\":\"https:\\\/\\\/www.smartystore.it\\\/fr\\\/#website\",\"url\":\"https:\\\/\\\/www.smartystore.it\\\/fr\\\/\",\"name\":\"Smarty Store\",\"description\":\"Espositori Pubblicitari e Sistemi di Comunicazione Visiva\",\"potentialAction\":[{\"@type\":\"SearchAction\",\"target\":{\"@type\":\"EntryPoint\",\"urlTemplate\":\"https:\\\/\\\/www.smartystore.it\\\/fr\\\/?s={search_term_string}\"},\"query-input\":{\"@type\":\"PropertyValueSpecification\",\"valueRequired\":true,\"valueName\":\"search_term_string\"}}],\"inLanguage\":\"fr-FR\"}]}<\/script>\n<!-- \/ Yoast SEO plugin. -->","yoast_head_json":{"title":"Porte-message double face \u00e9clair\u00e9 par Led - 12 pochettes horizontales A4 - Smarty Store","description":"Porte-messages double face \u00e9clair\u00e9s par LED avec 12 pochettes A4 horizontales, id\u00e9al pour le positionnement dans les vitrines et pour rendre les messages lisibles m\u00eame le soir.","robots":{"index":"index","follow":"follow","max-snippet":"max-snippet:-1","max-image-preview":"max-image-preview:large","max-video-preview":"max-video-preview:-1"},"canonical":"https:\/\/www.smartystore.it\/fr\/prodotto\/porte-message-led-double-face-12-pochettes-horizontales-a4\/","og_locale":"fr_FR","og_type":"article","og_title":"Porte-message double face \u00e9clair\u00e9 par Led - 12 pochettes horizontales A4 - Smarty Store","og_description":"Porte-messages double face \u00e9clair\u00e9s par LED avec 12 pochettes A4 horizontales, id\u00e9al pour le positionnement dans les vitrines et pour rendre les messages lisibles m\u00eame le soir.","og_url":"https:\/\/www.smartystore.it\/fr\/prodotto\/porte-message-led-double-face-12-pochettes-horizontales-a4\/","og_site_name":"Smarty Store","article_modified_time":"2026-02-18T10:52:30+00:00","og_image":[{"width":1000,"height":1000,"url":"https:\/\/www.smartystore.it\/v25\/wp-content\/uploads\/2024\/10\/Composizione-12-tasche-A4-orizzontale.jpg","type":"image\/jpeg"}],"twitter_card":"summary_large_image","twitter_misc":{"Dur\u00e9e de lecture estim\u00e9e":"3 minutes"},"schema":{"@context":"https:\/\/schema.org","@graph":[{"@type":"WebPage","@id":"https:\/\/www.smartystore.it\/fr\/prodotto\/porte-message-led-double-face-12-pochettes-horizontales-a4\/","url":"https:\/\/www.smartystore.it\/fr\/prodotto\/porte-message-led-double-face-12-pochettes-horizontales-a4\/","name":"Porte-message double face \u00e9clair\u00e9 par Led - 12 pochettes horizontales A4 - Smarty Store","isPartOf":{"@id":"https:\/\/www.smartystore.it\/fr\/#website"},"primaryImageOfPage":{"@id":"https:\/\/www.smartystore.it\/fr\/prodotto\/porte-message-led-double-face-12-pochettes-horizontales-a4\/#primaryimage"},"image":{"@id":"https:\/\/www.smartystore.it\/fr\/prodotto\/porte-message-led-double-face-12-pochettes-horizontales-a4\/#primaryimage"},"thumbnailUrl":"https:\/\/www.smartystore.it\/v25\/wp-content\/uploads\/2024\/10\/Composizione-12-tasche-A4-orizzontale.jpg","datePublished":"2024-10-08T15:25:15+00:00","dateModified":"2026-02-18T10:52:30+00:00","description":"Porte-messages double face \u00e9clair\u00e9s par LED avec 12 pochettes A4 horizontales, id\u00e9al pour le positionnement dans les vitrines et pour rendre les messages lisibles m\u00eame le soir.","breadcrumb":{"@id":"https:\/\/www.smartystore.it\/fr\/prodotto\/porte-message-led-double-face-12-pochettes-horizontales-a4\/#breadcrumb"},"inLanguage":"fr-FR","potentialAction":[{"@type":"ReadAction","target":["https:\/\/www.smartystore.it\/fr\/prodotto\/porte-message-led-double-face-12-pochettes-horizontales-a4\/"]}]},{"@type":"ImageObject","inLanguage":"fr-FR","@id":"https:\/\/www.smartystore.it\/fr\/prodotto\/porte-message-led-double-face-12-pochettes-horizontales-a4\/#primaryimage","url":"https:\/\/www.smartystore.it\/v25\/wp-content\/uploads\/2024\/10\/Composizione-12-tasche-A4-orizzontale.jpg","contentUrl":"https:\/\/www.smartystore.it\/v25\/wp-content\/uploads\/2024\/10\/Composizione-12-tasche-A4-orizzontale.jpg","width":1000,"height":1000,"caption":"Composition de 12 pochettes horizontales A4"},{"@type":"BreadcrumbList","@id":"https:\/\/www.smartystore.it\/fr\/prodotto\/porte-message-led-double-face-12-pochettes-horizontales-a4\/#breadcrumb","itemListElement":[{"@type":"ListItem","position":1,"name":"Home","item":"https:\/\/www.smartystore.it\/fr\/"},{"@type":"ListItem","position":2,"name":"Boutique","item":"https:\/\/www.smartystore.it\/fr\/boutique\/"},{"@type":"ListItem","position":3,"name":"Porte-message double face \u00e9clair\u00e9 par Led &#8211; 12 pochettes horizontales A4"}]},{"@type":"WebSite","@id":"https:\/\/www.smartystore.it\/fr\/#website","url":"https:\/\/www.smartystore.it\/fr\/","name":"Smarty Store","description":"Espositori Pubblicitari e Sistemi di Comunicazione Visiva","potentialAction":[{"@type":"SearchAction","target":{"@type":"EntryPoint","urlTemplate":"https:\/\/www.smartystore.it\/fr\/?s={search_term_string}"},"query-input":{"@type":"PropertyValueSpecification","valueRequired":true,"valueName":"search_term_string"}}],"inLanguage":"fr-FR"}]}},"brands":[],"_links":{"self":[{"href":"https:\/\/www.smartystore.it\/fr\/wp-json\/wp\/v2\/product\/95261","targetHints":{"allow":["GET"]}}],"collection":[{"href":"https:\/\/www.smartystore.it\/fr\/wp-json\/wp\/v2\/product"}],"about":[{"href":"https:\/\/www.smartystore.it\/fr\/wp-json\/wp\/v2\/types\/product"}],"replies":[{"embeddable":true,"href":"https:\/\/www.smartystore.it\/fr\/wp-json\/wp\/v2\/comments?post=95261"}],"wp:featuredmedia":[{"embeddable":true,"href":"https:\/\/www.smartystore.it\/fr\/wp-json\/wp\/v2\/media\/89605"}],"wp:attachment":[{"href":"https:\/\/www.smartystore.it\/fr\/wp-json\/wp\/v2\/media?parent=95261"}],"wp:term":[{"taxonomy":"pwb-brand","embeddable":true,"href":"https:\/\/www.smartystore.it\/fr\/wp-json\/wp\/v2\/pwb-brand?post=95261"},{"taxonomy":"product_brand","embeddable":true,"href":"https:\/\/www.smartystore.it\/fr\/wp-json\/wp\/v2\/product_brand?post=95261"},{"taxonomy":"product_cat","embeddable":true,"href":"https:\/\/www.smartystore.it\/fr\/wp-json\/wp\/v2\/product_cat?post=95261"},{"taxonomy":"product_tag","embeddable":true,"href":"https:\/\/www.smartystore.it\/fr\/wp-json\/wp\/v2\/product_tag?post=95261"}],"curies":[{"name":"wp","href":"https:\/\/api.w.org\/{rel}","templated":true}]}}