{"id":95158,"date":"2023-05-19T16:03:10","date_gmt":"2023-05-19T14:03:10","guid":{"rendered":"https:\/\/www.smartystore.it\/?post_type=product&#038;p=95158"},"modified":"2025-09-04T16:15:51","modified_gmt":"2025-09-04T14:15:51","slug":"panneau-de-menu-a4-noir-pour-l-exterieur","status":"publish","type":"product","link":"https:\/\/www.smartystore.it\/fr\/prodotto\/panneau-de-menu-a4-noir-pour-l-exterieur\/","title":{"rendered":"Panneau de menu A4 noir pour l&rsquo;ext\u00e9rieur"},"content":{"rendered":"<div class=\"wpb-content-wrapper\"><p>[vc_row][vc_column][vc_column_text css=\u00a0\u00bb\u00a0\u00bb css_params=\u00a0\u00bb\u00a0\u00bb]<\/p>\n<h1>Panneau de menu A4 noir pour l&rsquo;ext\u00e9rieur<\/h1>\n<p><span dir=\"auto\">Le panneau de menu A4 noir pour l&rsquo;ext\u00e9rieur est une solution \u00e9l\u00e9gante et fonctionnelle pour pr\u00e9senter des informations \u00e0 l&rsquo;ext\u00e9rieur. Con\u00e7u avec un cadre en aluminium anodis\u00e9 noir, ce produit offre non seulement une excellente r\u00e9sistance aux intemp\u00e9ries, mais aussi un <strong>aspect moderne et sophistiqu\u00e9<\/strong>, parfait pour les restaurants, les bars et les lieux publics. <\/span><\/p>\n<p><span dir=\"auto\">La porte en polycarbonate transparent offre une grande visibilit\u00e9 aux documents affich\u00e9s, tout en les prot\u00e9geant de la poussi\u00e8re et de l&rsquo;humidit\u00e9. Cette caract\u00e9ristique rend le tableau d&rsquo;affichage id\u00e9al pour les environnements ext\u00e9rieurs, o\u00f9 la durabilit\u00e9 et la r\u00e9sistance sont cruciales. Le polycarbonate est connu pour sa solidit\u00e9 et sa l\u00e9g\u00e8ret\u00e9, ce qui facilite sa manipulation et son installation. <\/span><\/p>\n<p><span dir=\"auto\">Un \u00e9l\u00e9ment distinctif de ce tableau d&rsquo;affichage est le panneau d&rsquo;en-t\u00eate qui peut \u00eatre personnalis\u00e9 avec le logo de l&rsquo;entreprise. Cette option permet d&rsquo;oser ajouter une touche d&rsquo;originalit\u00e9 et de professionnalisme \u00e0 l&rsquo;affichage. Gr\u00e2ce \u00e0 cette personnalisation, chaque \u00e9tablissement peut communiquer son identit\u00e9 et attirer l&rsquo;attention des clients potentiels, en rendant son menu non seulement visible, mais aussi partie int\u00e9grante de l&rsquo;image de marque de l&rsquo;entreprise. <\/span><\/p>\n<h2>Panneau de menu A4 noir pour l&rsquo;ext\u00e9rieur : \u00e9galement avec \u00e9clairage LED.<\/h2>\n<p><span dir=\"auto\">En outre, <strong>une version du tableau d&rsquo;affichage avec \u00e9clairage LED est disponible<\/strong>, ce qui am\u00e9liore encore l&rsquo;information affich\u00e9e, la rendant facile \u00e0 lire m\u00eame dans des conditions de faible luminosit\u00e9. Cette fonctionnalit\u00e9 repr\u00e9sente une valeur ajout\u00e9e, car elle permet d&rsquo;amplifier la visibilit\u00e9 de l&rsquo;offre gastronomique, m\u00eame en soir\u00e9e, et d&rsquo;attirer ainsi davantage de clients. <\/span><\/p>\n<p><span dir=\"auto\">Le panneau d&rsquo;affichage noir est donc un investissement strat\u00e9gique pour les entreprises du secteur ho.re.ca. qui souhaitent am\u00e9liorer leur communication visuelle et attirer un public plus large. En r\u00e9sum\u00e9, gr\u00e2ce \u00e0 sa structure r\u00e9sistante, \u00e0 la possibilit\u00e9 de personnalisation et \u00e0 l&rsquo;option d&rsquo;\u00e9clairage, ce panneau d&rsquo;affichage est un produit polyvalent et performant, capable de satisfaire les besoins de chaque commer\u00e7ant.<\/span><\/p>\n<h3>CARACT\u00c9RISTIQUES:<\/h3>\n<ol>\n<li>Panneau de menu ext\u00e9rieur.<\/li>\n<li>Cadre en aluminium anodis\u00e9 noir.<\/li>\n<li>Fond m\u00e9tallique magn\u00e9tique pour les imprim\u00e9s verticaux A4.<\/li>\n<li>Porte en polycarbonate transparent.<\/li>\n<li>Ouverture du livre.<\/li>\n<li>Serrure avec cl\u00e9s fournies.<\/li>\n<li>Panneau d&rsquo;en-t\u00eate personnalisable avec logo.<\/li>\n<\/ol>\n<p>Dimensions du panneau personnalisable avec logo (en cm) : L 23,4 &#8211; H 10<\/p>\n<p>Zone de personnalisation visible (en cm) : H 9,3 &#8211; L 22<\/p>\n<p><span style=\"color: #000000;\"><strong>Egalement disponible en version avec \u00e9clairage LED.<\/strong><\/span><\/p>\n<p><strong><span style=\"color: #993300;\">POUR LE FICHIER GRAPHIQUE : cr\u00e9ez le fichier aux dimensions 23,4&#215;10 cm (\u00e9chelle 1:1) avec les textes convertis en trac\u00e9s, apr\u00e8s avoir sauvegard\u00e9 le fichier en format PDF (r\u00e9solution minimale de 200 dpi), envoyez le document \u00e0 l&rsquo;adresse \u00e9lectronique suivante<\/span> <a href=\"mailto:grafica@smartystore.it\">grafica@smartystore.it<\/a> <span style=\"color: #993300;\">en mentionnant le num\u00e9ro de commande.<\/span><\/strong><\/p>\n<p><span style=\"color: #000000;\">Dimensions de la planche (en cm) : L 29,0 &#8211; H 47,7 &#8211; P 2,3<\/span><\/p>\n<p>Poids de l&rsquo;article : environ 2,2 kg<\/p>\n<p>\u00c9galement disponible en argent : <a href=\"https:\/\/www.smartystore.it\/prodotto\/bacheca-porta-menu-da-esterno-formato-a4\/\" target=\"_blank\" rel=\"noopener\"><strong>LIEN<\/strong><\/a><\/p>\n<p><a href=\"https:\/\/www.smartystore.it\/v25\/wp-content\/uploads\/2023\/04\/STR-CITY301N-302N-303N.pdf\" target=\"_blank\" rel=\"noopener\"><img loading=\"lazy\" decoding=\"async\" class=\"alignnone size-full wp-image-93672\" src=\"https:\/\/www.smartystore.it\/v25\/wp-content\/uploads\/2023\/11\/LogoDownload_yellow.jpg\" alt=\"\" width=\"50\" height=\"50\" \/><strong> FICHE TECHNIQUE<\/strong><\/a><\/p>\n<p><a href=\"https:\/\/www.smartystore.it\/v25\/wp-content\/uploads\/2023\/02\/STR-CITY301.pdf\" target=\"_blank\" rel=\"noopener\"><img loading=\"lazy\" decoding=\"async\" class=\"alignnone size-full wp-image-93609\" src=\"https:\/\/www.smartystore.it\/v25\/wp-content\/uploads\/2021\/02\/LogoDownload_green-1.jpg\" alt=\"\" width=\"50\" height=\"50\" \/> <strong> DISPOSITION DE LA D\u00c9COUPE \u00c0 L&rsquo;EMPORTE-PI\u00c8CE<\/strong><\/a>[\/vc_column_text][\/vc_column][\/vc_row]<\/p>\n<\/div>","protected":false},"excerpt":{"rendered":"<p>Panneau de menu ext\u00e9rieur avec cadre en aluminium anodis\u00e9 noir en format vertical A4.<\/p>\n<p>Disponible en version standard et avec \u00e9clairage LED.<\/p>\n","protected":false},"featured_media":95155,"comment_status":"open","ping_status":"closed","template":"","meta":{"_acf_changed":false},"pwb-brand":[],"product_brand":[],"product_cat":[2999,3001,2997],"product_tag":[4636,4754,4752,4750,4635,4749,4753,4751,4755],"class_list":{"0":"post-95158","1":"product","2":"type-product","3":"status-publish","4":"has-post-thumbnail","6":"product_cat-panneaux-daffichage-exterieurs","7":"product_cat-porte-menu","8":"product_cat-tableaux-de-messages","9":"product_tag-panneau-daffichage-de-la-pharmacie","10":"product_tag-panneau-daffichage-noir-personnalisable-pour-lexterieur","11":"product_tag-panneau-de-menu-noir-personnalisable","12":"product_tag-panneau-de-menu-noir-pour-lexterieur","13":"product_tag-tableau-daffichage-du-restaurant","14":"product_tag-tableau-daffichage-exterieur-noir","15":"product_tag-tableau-daffichage-exterieur-noir-personnalisable","16":"product_tag-tableau-daffichage-noir-personnalisable","17":"product_tag-tableau-daffichage-noir-pour-feuilles-a4","18":"pa_c2c_angolo-vif","19":"pa_c2c_color-noir","20":"pa_c2c_dimensione-a4-fr","21":"pa_c2c_illuminazione-avec-eclairage","22":"pa_c2c_illuminazione-sans-eclairage","23":"pa_c2c_mono_bifacciale-simple-face","24":"pa_c2c_stampa-non","25":"pa_c2c_stampa-oui","26":"pa_c2c_trovraprezzi-oui","28":"first","29":"instock","30":"taxable","31":"shipping-taxable","32":"purchasable","33":"product-type-variable"},"acf":[],"yoast_head":"<!-- This site is optimized with the Yoast SEO plugin v27.4 - https:\/\/yoast.com\/product\/yoast-seo-wordpress\/ -->\n<title>Panneau de menu A4 noir pour l&#039;ext\u00e9rieur - Smarty Store<\/title>\n<meta name=\"description\" content=\"Panneau de menu A4 noir pour l&#039;ext\u00e8rieur une meilleure visibilit\u00e9 de votre \u00e9tablissement. Disponible en versions standard et r\u00e9tro\u00e9clair\u00e9e par LED.\" \/>\n<meta name=\"robots\" content=\"index, follow, max-snippet:-1, max-image-preview:large, max-video-preview:-1\" \/>\n<link rel=\"canonical\" href=\"https:\/\/www.smartystore.it\/fr\/prodotto\/panneau-de-menu-a4-noir-pour-l-exterieur\/\" \/>\n<meta property=\"og:locale\" content=\"fr_FR\" \/>\n<meta property=\"og:type\" content=\"article\" \/>\n<meta property=\"og:title\" content=\"Panneau de menu A4 noir pour l&#039;ext\u00e9rieur - Smarty Store\" \/>\n<meta property=\"og:description\" content=\"Panneau de menu A4 noir pour l&#039;ext\u00e8rieur une meilleure visibilit\u00e9 de votre \u00e9tablissement. Disponible en versions standard et r\u00e9tro\u00e9clair\u00e9e par LED.\" \/>\n<meta property=\"og:url\" content=\"https:\/\/www.smartystore.it\/fr\/prodotto\/panneau-de-menu-a4-noir-pour-l-exterieur\/\" \/>\n<meta property=\"og:site_name\" content=\"Smarty Store\" \/>\n<meta property=\"article:modified_time\" content=\"2025-09-04T14:15:51+00:00\" \/>\n<meta property=\"og:image\" content=\"https:\/\/www.smartystore.it\/v25\/wp-content\/uploads\/2023\/05\/Bacheca-porta-menu-esterno-A4-color-nero-con-pannello-personalizzabile-disponibile-anche-con-illuminazione-led.jpg\" \/>\n\t<meta property=\"og:image:width\" content=\"1000\" \/>\n\t<meta property=\"og:image:height\" content=\"1000\" \/>\n\t<meta property=\"og:image:type\" content=\"image\/jpeg\" \/>\n<meta name=\"twitter:card\" content=\"summary_large_image\" \/>\n<meta name=\"twitter:label1\" content=\"Dur\u00e9e de lecture estim\u00e9e\" \/>\n\t<meta name=\"twitter:data1\" content=\"4 minutes\" \/>\n<script type=\"application\/ld+json\" class=\"yoast-schema-graph\">{\"@context\":\"https:\\\/\\\/schema.org\",\"@graph\":[{\"@type\":\"WebPage\",\"@id\":\"https:\\\/\\\/www.smartystore.it\\\/fr\\\/prodotto\\\/panneau-de-menu-a4-noir-pour-l-exterieur\\\/\",\"url\":\"https:\\\/\\\/www.smartystore.it\\\/fr\\\/prodotto\\\/panneau-de-menu-a4-noir-pour-l-exterieur\\\/\",\"name\":\"Panneau de menu A4 noir pour l'ext\u00e9rieur - Smarty Store\",\"isPartOf\":{\"@id\":\"https:\\\/\\\/www.smartystore.it\\\/fr\\\/#website\"},\"primaryImageOfPage\":{\"@id\":\"https:\\\/\\\/www.smartystore.it\\\/fr\\\/prodotto\\\/panneau-de-menu-a4-noir-pour-l-exterieur\\\/#primaryimage\"},\"image\":{\"@id\":\"https:\\\/\\\/www.smartystore.it\\\/fr\\\/prodotto\\\/panneau-de-menu-a4-noir-pour-l-exterieur\\\/#primaryimage\"},\"thumbnailUrl\":\"https:\\\/\\\/www.smartystore.it\\\/v25\\\/wp-content\\\/uploads\\\/2023\\\/05\\\/Bacheca-porta-menu-esterno-A4-color-nero-con-pannello-personalizzabile-disponibile-anche-con-illuminazione-led.jpg\",\"datePublished\":\"2023-05-19T14:03:10+00:00\",\"dateModified\":\"2025-09-04T14:15:51+00:00\",\"description\":\"Panneau de menu A4 noir pour l'ext\u00e8rieur une meilleure visibilit\u00e9 de votre \u00e9tablissement. Disponible en versions standard et r\u00e9tro\u00e9clair\u00e9e par LED.\",\"breadcrumb\":{\"@id\":\"https:\\\/\\\/www.smartystore.it\\\/fr\\\/prodotto\\\/panneau-de-menu-a4-noir-pour-l-exterieur\\\/#breadcrumb\"},\"inLanguage\":\"fr-FR\",\"potentialAction\":[{\"@type\":\"ReadAction\",\"target\":[\"https:\\\/\\\/www.smartystore.it\\\/fr\\\/prodotto\\\/panneau-de-menu-a4-noir-pour-l-exterieur\\\/\"]}]},{\"@type\":\"ImageObject\",\"inLanguage\":\"fr-FR\",\"@id\":\"https:\\\/\\\/www.smartystore.it\\\/fr\\\/prodotto\\\/panneau-de-menu-a4-noir-pour-l-exterieur\\\/#primaryimage\",\"url\":\"https:\\\/\\\/www.smartystore.it\\\/v25\\\/wp-content\\\/uploads\\\/2023\\\/05\\\/Bacheca-porta-menu-esterno-A4-color-nero-con-pannello-personalizzabile-disponibile-anche-con-illuminazione-led.jpg\",\"contentUrl\":\"https:\\\/\\\/www.smartystore.it\\\/v25\\\/wp-content\\\/uploads\\\/2023\\\/05\\\/Bacheca-porta-menu-esterno-A4-color-nero-con-pannello-personalizzabile-disponibile-anche-con-illuminazione-led.jpg\",\"width\":1000,\"height\":1000,\"caption\":\"Panneau de menu A4 noir pour l'ext\u00e9rieur\"},{\"@type\":\"BreadcrumbList\",\"@id\":\"https:\\\/\\\/www.smartystore.it\\\/fr\\\/prodotto\\\/panneau-de-menu-a4-noir-pour-l-exterieur\\\/#breadcrumb\",\"itemListElement\":[{\"@type\":\"ListItem\",\"position\":1,\"name\":\"Home\",\"item\":\"https:\\\/\\\/www.smartystore.it\\\/fr\\\/\"},{\"@type\":\"ListItem\",\"position\":2,\"name\":\"Boutique\",\"item\":\"https:\\\/\\\/www.smartystore.it\\\/fr\\\/boutique\\\/\"},{\"@type\":\"ListItem\",\"position\":3,\"name\":\"Panneau de menu A4 noir pour l&rsquo;ext\u00e9rieur\"}]},{\"@type\":\"WebSite\",\"@id\":\"https:\\\/\\\/www.smartystore.it\\\/fr\\\/#website\",\"url\":\"https:\\\/\\\/www.smartystore.it\\\/fr\\\/\",\"name\":\"Smarty Store\",\"description\":\"Espositori Pubblicitari e Sistemi di Comunicazione Visiva\",\"potentialAction\":[{\"@type\":\"SearchAction\",\"target\":{\"@type\":\"EntryPoint\",\"urlTemplate\":\"https:\\\/\\\/www.smartystore.it\\\/fr\\\/?s={search_term_string}\"},\"query-input\":{\"@type\":\"PropertyValueSpecification\",\"valueRequired\":true,\"valueName\":\"search_term_string\"}}],\"inLanguage\":\"fr-FR\"}]}<\/script>\n<!-- \/ Yoast SEO plugin. -->","yoast_head_json":{"title":"Panneau de menu A4 noir pour l'ext\u00e9rieur - Smarty Store","description":"Panneau de menu A4 noir pour l'ext\u00e8rieur une meilleure visibilit\u00e9 de votre \u00e9tablissement. Disponible en versions standard et r\u00e9tro\u00e9clair\u00e9e par LED.","robots":{"index":"index","follow":"follow","max-snippet":"max-snippet:-1","max-image-preview":"max-image-preview:large","max-video-preview":"max-video-preview:-1"},"canonical":"https:\/\/www.smartystore.it\/fr\/prodotto\/panneau-de-menu-a4-noir-pour-l-exterieur\/","og_locale":"fr_FR","og_type":"article","og_title":"Panneau de menu A4 noir pour l'ext\u00e9rieur - Smarty Store","og_description":"Panneau de menu A4 noir pour l'ext\u00e8rieur une meilleure visibilit\u00e9 de votre \u00e9tablissement. Disponible en versions standard et r\u00e9tro\u00e9clair\u00e9e par LED.","og_url":"https:\/\/www.smartystore.it\/fr\/prodotto\/panneau-de-menu-a4-noir-pour-l-exterieur\/","og_site_name":"Smarty Store","article_modified_time":"2025-09-04T14:15:51+00:00","og_image":[{"width":1000,"height":1000,"url":"https:\/\/www.smartystore.it\/v25\/wp-content\/uploads\/2023\/05\/Bacheca-porta-menu-esterno-A4-color-nero-con-pannello-personalizzabile-disponibile-anche-con-illuminazione-led.jpg","type":"image\/jpeg"}],"twitter_card":"summary_large_image","twitter_misc":{"Dur\u00e9e de lecture estim\u00e9e":"4 minutes"},"schema":{"@context":"https:\/\/schema.org","@graph":[{"@type":"WebPage","@id":"https:\/\/www.smartystore.it\/fr\/prodotto\/panneau-de-menu-a4-noir-pour-l-exterieur\/","url":"https:\/\/www.smartystore.it\/fr\/prodotto\/panneau-de-menu-a4-noir-pour-l-exterieur\/","name":"Panneau de menu A4 noir pour l'ext\u00e9rieur - Smarty Store","isPartOf":{"@id":"https:\/\/www.smartystore.it\/fr\/#website"},"primaryImageOfPage":{"@id":"https:\/\/www.smartystore.it\/fr\/prodotto\/panneau-de-menu-a4-noir-pour-l-exterieur\/#primaryimage"},"image":{"@id":"https:\/\/www.smartystore.it\/fr\/prodotto\/panneau-de-menu-a4-noir-pour-l-exterieur\/#primaryimage"},"thumbnailUrl":"https:\/\/www.smartystore.it\/v25\/wp-content\/uploads\/2023\/05\/Bacheca-porta-menu-esterno-A4-color-nero-con-pannello-personalizzabile-disponibile-anche-con-illuminazione-led.jpg","datePublished":"2023-05-19T14:03:10+00:00","dateModified":"2025-09-04T14:15:51+00:00","description":"Panneau de menu A4 noir pour l'ext\u00e8rieur une meilleure visibilit\u00e9 de votre \u00e9tablissement. Disponible en versions standard et r\u00e9tro\u00e9clair\u00e9e par LED.","breadcrumb":{"@id":"https:\/\/www.smartystore.it\/fr\/prodotto\/panneau-de-menu-a4-noir-pour-l-exterieur\/#breadcrumb"},"inLanguage":"fr-FR","potentialAction":[{"@type":"ReadAction","target":["https:\/\/www.smartystore.it\/fr\/prodotto\/panneau-de-menu-a4-noir-pour-l-exterieur\/"]}]},{"@type":"ImageObject","inLanguage":"fr-FR","@id":"https:\/\/www.smartystore.it\/fr\/prodotto\/panneau-de-menu-a4-noir-pour-l-exterieur\/#primaryimage","url":"https:\/\/www.smartystore.it\/v25\/wp-content\/uploads\/2023\/05\/Bacheca-porta-menu-esterno-A4-color-nero-con-pannello-personalizzabile-disponibile-anche-con-illuminazione-led.jpg","contentUrl":"https:\/\/www.smartystore.it\/v25\/wp-content\/uploads\/2023\/05\/Bacheca-porta-menu-esterno-A4-color-nero-con-pannello-personalizzabile-disponibile-anche-con-illuminazione-led.jpg","width":1000,"height":1000,"caption":"Panneau de menu A4 noir pour l'ext\u00e9rieur"},{"@type":"BreadcrumbList","@id":"https:\/\/www.smartystore.it\/fr\/prodotto\/panneau-de-menu-a4-noir-pour-l-exterieur\/#breadcrumb","itemListElement":[{"@type":"ListItem","position":1,"name":"Home","item":"https:\/\/www.smartystore.it\/fr\/"},{"@type":"ListItem","position":2,"name":"Boutique","item":"https:\/\/www.smartystore.it\/fr\/boutique\/"},{"@type":"ListItem","position":3,"name":"Panneau de menu A4 noir pour l&rsquo;ext\u00e9rieur"}]},{"@type":"WebSite","@id":"https:\/\/www.smartystore.it\/fr\/#website","url":"https:\/\/www.smartystore.it\/fr\/","name":"Smarty Store","description":"Espositori Pubblicitari e Sistemi di Comunicazione Visiva","potentialAction":[{"@type":"SearchAction","target":{"@type":"EntryPoint","urlTemplate":"https:\/\/www.smartystore.it\/fr\/?s={search_term_string}"},"query-input":{"@type":"PropertyValueSpecification","valueRequired":true,"valueName":"search_term_string"}}],"inLanguage":"fr-FR"}]}},"brands":[],"_links":{"self":[{"href":"https:\/\/www.smartystore.it\/fr\/wp-json\/wp\/v2\/product\/95158","targetHints":{"allow":["GET"]}}],"collection":[{"href":"https:\/\/www.smartystore.it\/fr\/wp-json\/wp\/v2\/product"}],"about":[{"href":"https:\/\/www.smartystore.it\/fr\/wp-json\/wp\/v2\/types\/product"}],"replies":[{"embeddable":true,"href":"https:\/\/www.smartystore.it\/fr\/wp-json\/wp\/v2\/comments?post=95158"}],"wp:featuredmedia":[{"embeddable":true,"href":"https:\/\/www.smartystore.it\/fr\/wp-json\/wp\/v2\/media\/95155"}],"wp:attachment":[{"href":"https:\/\/www.smartystore.it\/fr\/wp-json\/wp\/v2\/media?parent=95158"}],"wp:term":[{"taxonomy":"pwb-brand","embeddable":true,"href":"https:\/\/www.smartystore.it\/fr\/wp-json\/wp\/v2\/pwb-brand?post=95158"},{"taxonomy":"product_brand","embeddable":true,"href":"https:\/\/www.smartystore.it\/fr\/wp-json\/wp\/v2\/product_brand?post=95158"},{"taxonomy":"product_cat","embeddable":true,"href":"https:\/\/www.smartystore.it\/fr\/wp-json\/wp\/v2\/product_cat?post=95158"},{"taxonomy":"product_tag","embeddable":true,"href":"https:\/\/www.smartystore.it\/fr\/wp-json\/wp\/v2\/product_tag?post=95158"}],"curies":[{"name":"wp","href":"https:\/\/api.w.org\/{rel}","templated":true}]}}