{"id":95120,"date":"2019-10-31T11:33:28","date_gmt":"2019-10-31T09:33:28","guid":{"rendered":"https:\/\/www.smartystore.it\/prodotto\/panneau-de-menu-exterieur-a4\/"},"modified":"2025-08-28T18:06:39","modified_gmt":"2025-08-28T16:06:39","slug":"panneau-de-menu-exterieur-a4","status":"publish","type":"product","link":"https:\/\/www.smartystore.it\/fr\/prodotto\/panneau-de-menu-exterieur-a4\/","title":{"rendered":"Panneau de menu ext\u00e9rieur A4"},"content":{"rendered":"<div class=\"wpb-content-wrapper\"><p>[vc_row][vc_column][vc_column_text css=\u00a0\u00bb\u00a0\u00bb css_params=\u00a0\u00bb\u00a0\u00bb]<\/p>\n<h1>Panneau de menu ext\u00e9rieur A4<\/h1>\n<p><span dir=\"auto\">Le panneau de menu ext\u00e9rieur A4 est une <strong>solution \u00e9l\u00e9gante et fonctionnelle<\/strong> pour la pr\u00e9sentation de l&rsquo;offre gastronomique dans les restaurants, les bars et autres commerces. R\u00e9alis\u00e9 avec une structure en aluminium anodis\u00e9 argent, ce panneau d&rsquo;affichage garantit non seulement la r\u00e9sistance et la durabilit\u00e9, mais il est \u00e9galement esth\u00e9tique et s&rsquo;adapte \u00e0 diff\u00e9rents contextes architecturaux. <\/span><\/p>\n<p><span dir=\"auto\">Le porte-menu est dot\u00e9 d&rsquo;un fond m\u00e9tallique magn\u00e9tique, sp\u00e9cialement con\u00e7u pour accueillir une feuille A4 verticale. Cette caract\u00e9ristique permet d&rsquo;ins\u00e9rer et de remplacer facilement les menus sans compromettre l&rsquo;int\u00e9grit\u00e9 et la visibilit\u00e9 des informations affich\u00e9es. La porte, en polycarbonate transparent, offre une excellente protection contre les intemp\u00e9ries et l&rsquo;usure, garantissant que les documents papier restent toujours en excellent \u00e9tat, visibles et lisibles. <\/span><\/p>\n<p><span dir=\"auto\">Le panneau d&rsquo;affichage est dot\u00e9 d&rsquo;une ouverture rabattable qui permet un acc\u00e8s rapide et pratique \u00e0 l&rsquo;int\u00e9rieur, ce qui facilite particuli\u00e8rement le changement de menu ou la mise \u00e0 jour des offres. Un autre avantage est la serrure avec cl\u00e9s fournie, qui garantit la s\u00e9curit\u00e9 du contenu, en dissuadant toute tentative de vol ou d&rsquo;alt\u00e9ration. <\/span><\/p>\n<h2>PERSONNALISEZ VOTRE PANNEAU DE MENU EXT\u00c9RIEUR A4 POUR PLUS DE VISIBILIT\u00c9<\/h2>\n<p><span dir=\"auto\">De plus, ce tableau d&rsquo;affichage propose \u00e9galement un panneau d&rsquo;ent\u00eate personnalisable avec le logo de votre entreprise. Les dimensions du panneau d&rsquo;ent\u00eate sont de 23,4 cm de longueur et 10 cm de hauteur, tandis que la zone visible d\u00e9di\u00e9e \u00e0 la personnalisation mesure 22 cm de longueur et 9,3 cm de hauteur. Cette <strong>possibilit\u00e9 de personnalisation vous permet de renforcer l&rsquo;identit\u00e9 de votre marque, cr\u00e9ant ainsi une reconnaissance imm\u00e9diate de la part des clients.<\/strong> <\/span><\/p>\n<p><span dir=\"auto\">En r\u00e9sum\u00e9, le panneau de menu ext\u00e9rieur format A4 avec cadre en aluminium anodis\u00e9 argent est un investissement int\u00e9ressant pour ceux qui souhaitent promouvoir leurs sp\u00e9cialit\u00e9s culinaires de mani\u00e8re professionnelle et attrayante. La combinaison de l&rsquo;aspect pratique, de la s\u00e9curit\u00e9 et de la personnalisation fait de ce produit un alli\u00e9 pr\u00e9cieux pour toute entreprise de restauration. <\/span><\/p>\n<h3>CARACT\u00c9RISTIQUES:<\/h3>\n<ol>\n<li>Panneau de menu ext\u00e9rieur.<\/li>\n<li>Cadre en aluminium anodis\u00e9 argent.<\/li>\n<li>Porte-menu avec fond m\u00e9tallique magn\u00e9tique pour format A4 portrait.<\/li>\n<li>Porte en polycarbonate transparent.<\/li>\n<li>Ouverture du livre.<\/li>\n<li>Serrure avec cl\u00e9s fournies.<\/li>\n<\/ol>\n<p>Panneau d&rsquo;en-t\u00eate personnalisable avec logo.<\/p>\n<p>Dimensions du panneau personnalisable avec logo (en cm) : L 23,4 &#8211; H 10<\/p>\n<p>Zone de personnalisation visible (en cm) : H 9,3 &#8211; L 22<\/p>\n<p><strong><span style=\"color: #993300;\"><strong>POUR LE FICHIER GRAPHIQUE : cr\u00e9ez le fichier aux dimensions 23,4&#215;10 cm (\u00e9chelle 1:1) avec les textes convertis en trac\u00e9s, apr\u00e8s avoir sauvegard\u00e9 le fichier en format PDF (r\u00e9solution minimale de 200 dpi), envoyez le document \u00e0 l&rsquo;adresse \u00e9lectronique suivante<\/strong><\/span><strong> <a href=\"mailto:grafica@smartystore.it\">grafica@smartystore.it<\/a> <\/strong><span style=\"color: #993300;\"><strong>en mentionnant le num\u00e9ro de commande.<\/strong><\/span><\/strong><\/p>\n<p><span style=\"color: #000000;\">Dimensions de la planche (en cm) : L 29,0 &#8211; H 47,7 &#8211; P 2,3<\/span><\/p>\n<p>Poids de l&rsquo;article : environ 2,2 kg<\/p>\n<p><a href=\"https:\/\/www.smartystore.it\/v25\/wp-content\/uploads\/2019\/10\/STR-CITY301-302-303.pdf\" target=\"_blank\" rel=\"noopener\"><img loading=\"lazy\" decoding=\"async\" class=\"alignnone size-full wp-image-93672\" src=\"https:\/\/www.smartystore.it\/v25\/wp-content\/uploads\/2023\/11\/LogoDownload_yellow.jpg\" alt=\"\" width=\"50\" height=\"50\"> <strong> FICHE TECHNIQUE<\/strong><\/a><\/p>\n<p><a href=\"https:\/\/www.smartystore.it\/v25\/wp-content\/uploads\/2023\/02\/STR-CITY301.pdf\" target=\"_blank\" rel=\"noopener\"><img loading=\"lazy\" decoding=\"async\" class=\"alignnone size-full wp-image-93609\" src=\"https:\/\/www.smartystore.it\/v25\/wp-content\/uploads\/2021\/02\/LogoDownload_green-1.jpg\" alt=\"\" width=\"50\" height=\"50\"><strong> DISPOSITION DE LA D\u00c9COUPE \u00c0 L&rsquo;EMPORTE-PI\u00c8CE<\/strong><\/a>[\/vc_column_text][\/vc_column][\/vc_row]<\/p>\n<\/div>","protected":false},"excerpt":{"rendered":"<p>Panneau de menu ext\u00e9rieur avec structure en aluminium anodis\u00e9 argent\u00e9 au format vertical A4 et panneau personnalisable.<\/p>\n","protected":false},"featured_media":95119,"comment_status":"open","ping_status":"closed","template":"","meta":{"_acf_changed":false},"pwb-brand":[],"product_brand":[],"product_cat":[2999,3001,2997],"product_tag":[4636,4628,4632,4629,4633,4631,4635,4630,4634],"class_list":{"0":"post-95120","1":"product","2":"type-product","3":"status-publish","4":"has-post-thumbnail","6":"product_cat-panneaux-daffichage-exterieurs","7":"product_cat-porte-menu","8":"product_cat-tableaux-de-messages","9":"product_tag-panneau-daffichage-de-la-pharmacie","10":"product_tag-panneau-daffichage-exterieur","11":"product_tag-panneau-daffichage-exterieur-personnalisable","12":"product_tag-panneau-de-menu-exterieur","13":"product_tag-panneau-de-menu-exterieur-personnalisable","14":"product_tag-panneau-de-menu-personnalisable","15":"product_tag-tableau-daffichage-du-restaurant","16":"product_tag-tableau-daffichage-personnalisable","17":"product_tag-tableau-daffichage-pour-feuilles-a4","18":"pa_c2c_angolo-vif","19":"pa_c2c_color-argent","20":"pa_c2c_dimensione-a4-21x29-7-vert","21":"pa_c2c_mono_bifacciale-simple-face","22":"pa_c2c_stampa-non","23":"pa_c2c_stampa-oui","24":"pa_c2c_trovraprezzi-oui","26":"first","27":"instock","28":"taxable","29":"shipping-taxable","30":"purchasable","31":"product-type-variable"},"acf":[],"yoast_head":"<!-- This site is optimized with the Yoast SEO plugin v27.4 - https:\/\/yoast.com\/product\/yoast-seo-wordpress\/ -->\n<title>Panneau de menu ext\u00e9rieur A4 - Smarty Store<\/title>\n<meta name=\"description\" content=\"Panneau de menu ext\u00e9rieur A4 avec panneau personnalisable pour une meilleure visibilit\u00e9 de votre entreprise. Cadre argent\u00e9 et ouverture type livre.\" \/>\n<meta name=\"robots\" content=\"index, follow, max-snippet:-1, max-image-preview:large, max-video-preview:-1\" \/>\n<link rel=\"canonical\" href=\"https:\/\/www.smartystore.it\/fr\/prodotto\/panneau-de-menu-exterieur-a4\/\" \/>\n<meta property=\"og:locale\" content=\"fr_FR\" \/>\n<meta property=\"og:type\" content=\"article\" \/>\n<meta property=\"og:title\" content=\"Panneau de menu ext\u00e9rieur A4 - Smarty Store\" \/>\n<meta property=\"og:description\" content=\"Panneau de menu ext\u00e9rieur A4 avec panneau personnalisable pour une meilleure visibilit\u00e9 de votre entreprise. Cadre argent\u00e9 et ouverture type livre.\" \/>\n<meta property=\"og:url\" content=\"https:\/\/www.smartystore.it\/fr\/prodotto\/panneau-de-menu-exterieur-a4\/\" \/>\n<meta property=\"og:site_name\" content=\"Smarty Store\" \/>\n<meta property=\"article:modified_time\" content=\"2025-08-28T16:06:39+00:00\" \/>\n<meta property=\"og:image\" content=\"https:\/\/www.smartystore.it\/v25\/wp-content\/uploads\/2019\/10\/Bacheca-porta-menu-esterno-1xA4-con-banner-personalizzabile.jpg\" \/>\n\t<meta property=\"og:image:width\" content=\"1000\" \/>\n\t<meta property=\"og:image:height\" content=\"1000\" \/>\n\t<meta property=\"og:image:type\" content=\"image\/jpeg\" \/>\n<meta name=\"twitter:card\" content=\"summary_large_image\" \/>\n<meta name=\"twitter:label1\" content=\"Dur\u00e9e de lecture estim\u00e9e\" \/>\n\t<meta name=\"twitter:data1\" content=\"4 minutes\" \/>\n<script type=\"application\/ld+json\" class=\"yoast-schema-graph\">{\"@context\":\"https:\\\/\\\/schema.org\",\"@graph\":[{\"@type\":\"WebPage\",\"@id\":\"https:\\\/\\\/www.smartystore.it\\\/fr\\\/prodotto\\\/panneau-de-menu-exterieur-a4\\\/\",\"url\":\"https:\\\/\\\/www.smartystore.it\\\/fr\\\/prodotto\\\/panneau-de-menu-exterieur-a4\\\/\",\"name\":\"Panneau de menu ext\u00e9rieur A4 - Smarty Store\",\"isPartOf\":{\"@id\":\"https:\\\/\\\/www.smartystore.it\\\/fr\\\/#website\"},\"primaryImageOfPage\":{\"@id\":\"https:\\\/\\\/www.smartystore.it\\\/fr\\\/prodotto\\\/panneau-de-menu-exterieur-a4\\\/#primaryimage\"},\"image\":{\"@id\":\"https:\\\/\\\/www.smartystore.it\\\/fr\\\/prodotto\\\/panneau-de-menu-exterieur-a4\\\/#primaryimage\"},\"thumbnailUrl\":\"https:\\\/\\\/www.smartystore.it\\\/v25\\\/wp-content\\\/uploads\\\/2019\\\/10\\\/Bacheca-porta-menu-esterno-1xA4-con-banner-personalizzabile.jpg\",\"datePublished\":\"2019-10-31T09:33:28+00:00\",\"dateModified\":\"2025-08-28T16:06:39+00:00\",\"description\":\"Panneau de menu ext\u00e9rieur A4 avec panneau personnalisable pour une meilleure visibilit\u00e9 de votre entreprise. Cadre argent\u00e9 et ouverture type livre.\",\"breadcrumb\":{\"@id\":\"https:\\\/\\\/www.smartystore.it\\\/fr\\\/prodotto\\\/panneau-de-menu-exterieur-a4\\\/#breadcrumb\"},\"inLanguage\":\"fr-FR\",\"potentialAction\":[{\"@type\":\"ReadAction\",\"target\":[\"https:\\\/\\\/www.smartystore.it\\\/fr\\\/prodotto\\\/panneau-de-menu-exterieur-a4\\\/\"]}]},{\"@type\":\"ImageObject\",\"inLanguage\":\"fr-FR\",\"@id\":\"https:\\\/\\\/www.smartystore.it\\\/fr\\\/prodotto\\\/panneau-de-menu-exterieur-a4\\\/#primaryimage\",\"url\":\"https:\\\/\\\/www.smartystore.it\\\/v25\\\/wp-content\\\/uploads\\\/2019\\\/10\\\/Bacheca-porta-menu-esterno-1xA4-con-banner-personalizzabile.jpg\",\"contentUrl\":\"https:\\\/\\\/www.smartystore.it\\\/v25\\\/wp-content\\\/uploads\\\/2019\\\/10\\\/Bacheca-porta-menu-esterno-1xA4-con-banner-personalizzabile.jpg\",\"width\":1000,\"height\":1000,\"caption\":\"Panneau de menu ext\u00e9rieur A4\"},{\"@type\":\"BreadcrumbList\",\"@id\":\"https:\\\/\\\/www.smartystore.it\\\/fr\\\/prodotto\\\/panneau-de-menu-exterieur-a4\\\/#breadcrumb\",\"itemListElement\":[{\"@type\":\"ListItem\",\"position\":1,\"name\":\"Home\",\"item\":\"https:\\\/\\\/www.smartystore.it\\\/fr\\\/\"},{\"@type\":\"ListItem\",\"position\":2,\"name\":\"Boutique\",\"item\":\"https:\\\/\\\/www.smartystore.it\\\/fr\\\/boutique\\\/\"},{\"@type\":\"ListItem\",\"position\":3,\"name\":\"Panneau de menu ext\u00e9rieur A4\"}]},{\"@type\":\"WebSite\",\"@id\":\"https:\\\/\\\/www.smartystore.it\\\/fr\\\/#website\",\"url\":\"https:\\\/\\\/www.smartystore.it\\\/fr\\\/\",\"name\":\"Smarty Store\",\"description\":\"Espositori Pubblicitari e Sistemi di Comunicazione Visiva\",\"potentialAction\":[{\"@type\":\"SearchAction\",\"target\":{\"@type\":\"EntryPoint\",\"urlTemplate\":\"https:\\\/\\\/www.smartystore.it\\\/fr\\\/?s={search_term_string}\"},\"query-input\":{\"@type\":\"PropertyValueSpecification\",\"valueRequired\":true,\"valueName\":\"search_term_string\"}}],\"inLanguage\":\"fr-FR\"}]}<\/script>\n<!-- \/ Yoast SEO plugin. -->","yoast_head_json":{"title":"Panneau de menu ext\u00e9rieur A4 - Smarty Store","description":"Panneau de menu ext\u00e9rieur A4 avec panneau personnalisable pour une meilleure visibilit\u00e9 de votre entreprise. Cadre argent\u00e9 et ouverture type livre.","robots":{"index":"index","follow":"follow","max-snippet":"max-snippet:-1","max-image-preview":"max-image-preview:large","max-video-preview":"max-video-preview:-1"},"canonical":"https:\/\/www.smartystore.it\/fr\/prodotto\/panneau-de-menu-exterieur-a4\/","og_locale":"fr_FR","og_type":"article","og_title":"Panneau de menu ext\u00e9rieur A4 - Smarty Store","og_description":"Panneau de menu ext\u00e9rieur A4 avec panneau personnalisable pour une meilleure visibilit\u00e9 de votre entreprise. Cadre argent\u00e9 et ouverture type livre.","og_url":"https:\/\/www.smartystore.it\/fr\/prodotto\/panneau-de-menu-exterieur-a4\/","og_site_name":"Smarty Store","article_modified_time":"2025-08-28T16:06:39+00:00","og_image":[{"width":1000,"height":1000,"url":"https:\/\/www.smartystore.it\/v25\/wp-content\/uploads\/2019\/10\/Bacheca-porta-menu-esterno-1xA4-con-banner-personalizzabile.jpg","type":"image\/jpeg"}],"twitter_card":"summary_large_image","twitter_misc":{"Dur\u00e9e de lecture estim\u00e9e":"4 minutes"},"schema":{"@context":"https:\/\/schema.org","@graph":[{"@type":"WebPage","@id":"https:\/\/www.smartystore.it\/fr\/prodotto\/panneau-de-menu-exterieur-a4\/","url":"https:\/\/www.smartystore.it\/fr\/prodotto\/panneau-de-menu-exterieur-a4\/","name":"Panneau de menu ext\u00e9rieur A4 - Smarty Store","isPartOf":{"@id":"https:\/\/www.smartystore.it\/fr\/#website"},"primaryImageOfPage":{"@id":"https:\/\/www.smartystore.it\/fr\/prodotto\/panneau-de-menu-exterieur-a4\/#primaryimage"},"image":{"@id":"https:\/\/www.smartystore.it\/fr\/prodotto\/panneau-de-menu-exterieur-a4\/#primaryimage"},"thumbnailUrl":"https:\/\/www.smartystore.it\/v25\/wp-content\/uploads\/2019\/10\/Bacheca-porta-menu-esterno-1xA4-con-banner-personalizzabile.jpg","datePublished":"2019-10-31T09:33:28+00:00","dateModified":"2025-08-28T16:06:39+00:00","description":"Panneau de menu ext\u00e9rieur A4 avec panneau personnalisable pour une meilleure visibilit\u00e9 de votre entreprise. Cadre argent\u00e9 et ouverture type livre.","breadcrumb":{"@id":"https:\/\/www.smartystore.it\/fr\/prodotto\/panneau-de-menu-exterieur-a4\/#breadcrumb"},"inLanguage":"fr-FR","potentialAction":[{"@type":"ReadAction","target":["https:\/\/www.smartystore.it\/fr\/prodotto\/panneau-de-menu-exterieur-a4\/"]}]},{"@type":"ImageObject","inLanguage":"fr-FR","@id":"https:\/\/www.smartystore.it\/fr\/prodotto\/panneau-de-menu-exterieur-a4\/#primaryimage","url":"https:\/\/www.smartystore.it\/v25\/wp-content\/uploads\/2019\/10\/Bacheca-porta-menu-esterno-1xA4-con-banner-personalizzabile.jpg","contentUrl":"https:\/\/www.smartystore.it\/v25\/wp-content\/uploads\/2019\/10\/Bacheca-porta-menu-esterno-1xA4-con-banner-personalizzabile.jpg","width":1000,"height":1000,"caption":"Panneau de menu ext\u00e9rieur A4"},{"@type":"BreadcrumbList","@id":"https:\/\/www.smartystore.it\/fr\/prodotto\/panneau-de-menu-exterieur-a4\/#breadcrumb","itemListElement":[{"@type":"ListItem","position":1,"name":"Home","item":"https:\/\/www.smartystore.it\/fr\/"},{"@type":"ListItem","position":2,"name":"Boutique","item":"https:\/\/www.smartystore.it\/fr\/boutique\/"},{"@type":"ListItem","position":3,"name":"Panneau de menu ext\u00e9rieur A4"}]},{"@type":"WebSite","@id":"https:\/\/www.smartystore.it\/fr\/#website","url":"https:\/\/www.smartystore.it\/fr\/","name":"Smarty Store","description":"Espositori Pubblicitari e Sistemi di Comunicazione Visiva","potentialAction":[{"@type":"SearchAction","target":{"@type":"EntryPoint","urlTemplate":"https:\/\/www.smartystore.it\/fr\/?s={search_term_string}"},"query-input":{"@type":"PropertyValueSpecification","valueRequired":true,"valueName":"search_term_string"}}],"inLanguage":"fr-FR"}]}},"brands":[],"_links":{"self":[{"href":"https:\/\/www.smartystore.it\/fr\/wp-json\/wp\/v2\/product\/95120","targetHints":{"allow":["GET"]}}],"collection":[{"href":"https:\/\/www.smartystore.it\/fr\/wp-json\/wp\/v2\/product"}],"about":[{"href":"https:\/\/www.smartystore.it\/fr\/wp-json\/wp\/v2\/types\/product"}],"replies":[{"embeddable":true,"href":"https:\/\/www.smartystore.it\/fr\/wp-json\/wp\/v2\/comments?post=95120"}],"wp:featuredmedia":[{"embeddable":true,"href":"https:\/\/www.smartystore.it\/fr\/wp-json\/wp\/v2\/media\/95119"}],"wp:attachment":[{"href":"https:\/\/www.smartystore.it\/fr\/wp-json\/wp\/v2\/media?parent=95120"}],"wp:term":[{"taxonomy":"pwb-brand","embeddable":true,"href":"https:\/\/www.smartystore.it\/fr\/wp-json\/wp\/v2\/pwb-brand?post=95120"},{"taxonomy":"product_brand","embeddable":true,"href":"https:\/\/www.smartystore.it\/fr\/wp-json\/wp\/v2\/product_brand?post=95120"},{"taxonomy":"product_cat","embeddable":true,"href":"https:\/\/www.smartystore.it\/fr\/wp-json\/wp\/v2\/product_cat?post=95120"},{"taxonomy":"product_tag","embeddable":true,"href":"https:\/\/www.smartystore.it\/fr\/wp-json\/wp\/v2\/product_tag?post=95120"}],"curies":[{"name":"wp","href":"https:\/\/api.w.org\/{rel}","templated":true}]}}