{"id":95108,"date":"2017-10-06T17:33:55","date_gmt":"2017-10-06T15:33:55","guid":{"rendered":"https:\/\/www.smartystore.it\/prodotto\/presentoir-de-sol-faconne-pour-20-paires-de-lunettes\/"},"modified":"2026-02-05T18:12:15","modified_gmt":"2026-02-05T16:12:15","slug":"presentoir-de-sol-faconne-pour-20-paires-de-lunettes","status":"publish","type":"product","link":"https:\/\/www.smartystore.it\/fr\/prodotto\/presentoir-de-sol-faconne-pour-20-paires-de-lunettes\/","title":{"rendered":"Pr\u00e9sentoir de sol fa\u00e7onn\u00e9 pour 20 paires de lunettes"},"content":{"rendered":"<div class=\"wpb-content-wrapper\"><p>[vc_row][vc_column][vc_column_text css=\u00a0\u00bb\u00a0\u00bb css_params=\u00a0\u00bb\u00a0\u00bb]<\/p>\n<h1>Pr\u00e9sentoir de sol fa\u00e7onn\u00e9 pour 20 paires de lunettes<\/h1>\n<p><span dir=\"auto\">Le pr\u00e9sentoir de sol fa\u00e7onn\u00e9 pour 20 paires de lunettes est un \u00e9l\u00e9ment cl\u00e9 pour optimiser la pr\u00e9sentation et la visibilit\u00e9 de vos produits dans les points de vente et les salles d&rsquo;exposition. Fabriqu\u00e9 en PMMA (polym\u00e9thacrylate de m\u00e9thyle) d\u00e9poli, ce pr\u00e9sentoir offre non seulement un <strong>aspect \u00e9l\u00e9gant<\/strong> <strong>et moderne<\/strong>, mais aussi une durabilit\u00e9 et une r\u00e9sistance dans le temps, ce qui le rend id\u00e9al pour les environnements de vente au d\u00e9tail tr\u00e8s fr\u00e9quent\u00e9s. <\/span><\/p>\n<p><span dir=\"auto\">Les dimensions du pr\u00e9sentoir permettent d&rsquo;optimiser l&rsquo;espace disponible : avec une longueur de 280 mm, une hauteur de 1 870 mm et une profondeur de 350 mm, le pr\u00e9sentoir permet de disposer efficacement jusqu&rsquo;\u00e0 20 paires de lunettes l&rsquo;une \u00e0 c\u00f4t\u00e9 de l&rsquo;autre. Cette configuration favorise une bonne visibilit\u00e9 des diff\u00e9rents mod\u00e8les et facilite la s\u00e9lection des clients, contribuant ainsi \u00e0 am\u00e9liorer l&rsquo;exp\u00e9rience d&rsquo;achat. <\/span><\/p>\n<p><span dir=\"auto\">La base m\u00e9tallique assure une excellente stabilit\u00e9 du pr\u00e9sentoir, ce qui permet de l&rsquo;installer en toute s\u00e9curit\u00e9, m\u00eame dans les espaces commerciaux encombr\u00e9s. L&rsquo;utilisation de mat\u00e9riaux de haute qualit\u00e9, tels que le PMMA givr\u00e9, conf\u00e8re non seulement une \u00e9l\u00e9gance intemporelle au produit, mais facilite \u00e9galement le nettoyage et l&rsquo;entretien, garantissant ainsi que le pr\u00e9sentoir reste toujours en parfait \u00e9tat. <\/span><\/p>\n<p><span dir=\"auto\">La <strong>forme du<\/strong> pr\u00e9sentoir attire imm\u00e9diatement l&rsquo;attention des passants, stimulant la curiosit\u00e9 et l&rsquo;achat impulsif. Gr\u00e2ce \u00e0 sa polyvalence, il peut \u00eatre plac\u00e9 dans diff\u00e9rents contextes, des magasins d&rsquo;optique aux boutiques de mode, en s&rsquo;adaptant parfaitement aux diff\u00e9rents styles d&rsquo;ameublement. <\/span><\/p>\n<h2>Pr\u00e9sentoir de sol moul\u00e9 pour 20 paires de lunettes : choix du design<\/h2>\n<p><span dir=\"auto\">En outre, le pr\u00e9sentoir de sol est une solution \u00e9cologique, car le PMMA est un mat\u00e9riau recyclable qui contribue \u00e0 r\u00e9duire l&rsquo;impact sur l&rsquo;environnement. Le choix d&rsquo;un pr\u00e9sentoir fabriqu\u00e9 \u00e0 partir de mat\u00e9riaux durables t\u00e9moigne non seulement d&rsquo;une conscience \u00e9cologique, mais aussi d&rsquo;un engagement en faveur de pratiques commerciales responsables. <\/span><\/p>\n<p><span dir=\"auto\">En conclusion, le pr\u00e9sentoir de sol fa\u00e7onn\u00e9 pour 20 paires de lunettes est un choix strat\u00e9gique pour tous ceux qui souhaitent am\u00e9liorer leur assortiment de lunettes d&rsquo;une mani\u00e8re efficace et professionnelle. La combinaison de l&rsquo;esth\u00e9tique, de la fonctionnalit\u00e9 et de la durabilit\u00e9 en fait un investissement int\u00e9ressant pour toute entreprise du secteur de l&rsquo;optique et de la mode. <\/span><\/p>\n<h3>CARACT\u00c9RISTIQUES:<\/h3>\n<ol>\n<li>Pr\u00e9sentoir au sol de 20 places pour les verres<\/li>\n<li>Base en m\u00e9tal<\/li>\n<li>Mat\u00e9riau : PMMA &#8211; plexiglas givr\u00e9<\/li>\n<li>Dimensions : L 280 x H 1870 x P 350 mm<\/li>\n<\/ol>\n<p><strong>D\u00e9lai d&rsquo;exp\u00e9dition : 7-10 jours<\/strong><\/p>\n<p><strong>Le co\u00fbt se r\u00e9f\u00e8re \u00e0 un seul module de 280 x 1870 x 350 mm.<\/strong><\/p>\n<p><a href=\"https:\/\/www.smartystore.it\/v25\/wp-content\/uploads\/2022\/04\/STR-MP730.pdf\" target=\"_blank\" rel=\"noopener\"><img loading=\"lazy\" decoding=\"async\" class=\"alignnone size-full wp-image-93672\" src=\"https:\/\/www.smartystore.it\/v25\/wp-content\/uploads\/2023\/11\/LogoDownload_yellow.jpg\" alt=\"\" width=\"50\" height=\"50\"><\/a>  <a href=\"https:\/\/www.smartystore.it\/v25\/wp-content\/uploads\/2022\/04\/STR-MP730.pdf\" target=\"_blank\" rel=\"noopener\"><strong>FICHE TECHNIQUE<\/strong><\/a><\/p>\n<p>&nbsp;<\/p>\n<h3 style=\"text-align: center;\">D\u00e9couvrez d&rsquo;autres mod\u00e8les de pr\u00e9sentoirs \u00e0 lunettes sur ce <strong><a href=\"https:\/\/www.smartystore.it\/fr\/categoria-prodotto\/presentoirs-pour-lunettes\/\">LIEN<\/a><\/strong><\/h3>\n<p>&nbsp;<\/p>\n<p>[\/vc_column_text][\/vc_column][\/vc_row]<\/p>\n<\/div>","protected":false},"excerpt":{"rendered":"<p>Pr\u00e9sentoir de lunettes de forme autoportant avec 20 emplacements<\/p>\n","protected":false},"featured_media":95105,"comment_status":"open","ping_status":"closed","template":"","meta":{"_acf_changed":false},"pwb-brand":[],"product_brand":[],"product_cat":[3017,3014],"product_tag":[4301,4302,4297,4305,4299,4298,4603,4304],"class_list":{"0":"post-95108","1":"product","2":"type-product","3":"status-publish","4":"has-post-thumbnail","6":"product_cat-presentoirs-a-lunettes-au-sol","7":"product_cat-presentoirs-pour-lunettes","8":"product_tag-porte-lunettes-de-sol","9":"product_tag-porte-lunettes-independant","10":"product_tag-presentoir-a-lunettes","11":"product_tag-presentoir-de-magasin-de-lunettes","12":"product_tag-presentoir-de-sol-pour-lunettes","13":"product_tag-presentoir-independant-pour-verres","14":"product_tag-presentoir-pour-20-verres","15":"product_tag-support-de-lunettes","16":"pa_c2c_color-glace-satinee","17":"pa_c2c_dimensione-20-paires-de-lunettes","18":"pa_c2c_trovraprezzi-oui","20":"first","21":"instock","22":"taxable","23":"shipping-taxable","24":"purchasable","25":"product-type-simple"},"acf":[],"yoast_head":"<!-- This site is optimized with the Yoast SEO plugin v27.4 - https:\/\/yoast.com\/product\/yoast-seo-wordpress\/ -->\n<title>Pr\u00e9sentoir de sol fa\u00e7onn\u00e9 pour 20 paires de lunettes - Achetez au Meilleur Prix<\/title>\n<meta name=\"description\" content=\"Pr\u00e9sentoir de sol moul\u00e9 pour 20 paires de lunettes. En combinant les pr\u00e9sentoirs les uns \u00e0 c\u00f4t\u00e9 des autres, il est possible de cr\u00e9er un &quot;mur&quot; de lunettes.\" \/>\n<meta name=\"robots\" content=\"index, follow, max-snippet:-1, max-image-preview:large, max-video-preview:-1\" \/>\n<link rel=\"canonical\" href=\"https:\/\/www.smartystore.it\/fr\/prodotto\/presentoir-de-sol-faconne-pour-20-paires-de-lunettes\/\" \/>\n<meta property=\"og:locale\" content=\"fr_FR\" \/>\n<meta property=\"og:type\" content=\"article\" \/>\n<meta property=\"og:title\" content=\"Pr\u00e9sentoir de sol fa\u00e7onn\u00e9 pour 20 paires de lunettes - Achetez au Meilleur Prix\" \/>\n<meta property=\"og:description\" content=\"Pr\u00e9sentoir de sol moul\u00e9 pour 20 paires de lunettes. En combinant les pr\u00e9sentoirs les uns \u00e0 c\u00f4t\u00e9 des autres, il est possible de cr\u00e9er un &quot;mur&quot; de lunettes.\" \/>\n<meta property=\"og:url\" content=\"https:\/\/www.smartystore.it\/fr\/prodotto\/presentoir-de-sol-faconne-pour-20-paires-de-lunettes\/\" \/>\n<meta property=\"og:site_name\" content=\"Smarty Store\" \/>\n<meta property=\"article:modified_time\" content=\"2026-02-05T16:12:15+00:00\" \/>\n<meta property=\"og:image\" content=\"https:\/\/www.smartystore.it\/v25\/wp-content\/uploads\/2017\/10\/Espositore-da-terra-sagomato-per-20-paia-di-occhiali-STR-MP730.jpg\" \/>\n\t<meta property=\"og:image:width\" content=\"1000\" \/>\n\t<meta property=\"og:image:height\" content=\"1000\" \/>\n\t<meta property=\"og:image:type\" content=\"image\/jpeg\" \/>\n<meta name=\"twitter:card\" content=\"summary_large_image\" \/>\n<meta name=\"twitter:label1\" content=\"Dur\u00e9e de lecture estim\u00e9e\" \/>\n\t<meta name=\"twitter:data1\" content=\"3 minutes\" \/>\n<script type=\"application\/ld+json\" class=\"yoast-schema-graph\">{\"@context\":\"https:\\\/\\\/schema.org\",\"@graph\":[{\"@type\":\"WebPage\",\"@id\":\"https:\\\/\\\/www.smartystore.it\\\/fr\\\/prodotto\\\/presentoir-de-sol-faconne-pour-20-paires-de-lunettes\\\/\",\"url\":\"https:\\\/\\\/www.smartystore.it\\\/fr\\\/prodotto\\\/presentoir-de-sol-faconne-pour-20-paires-de-lunettes\\\/\",\"name\":\"Pr\u00e9sentoir de sol fa\u00e7onn\u00e9 pour 20 paires de lunettes - Achetez au Meilleur Prix\",\"isPartOf\":{\"@id\":\"https:\\\/\\\/www.smartystore.it\\\/fr\\\/#website\"},\"primaryImageOfPage\":{\"@id\":\"https:\\\/\\\/www.smartystore.it\\\/fr\\\/prodotto\\\/presentoir-de-sol-faconne-pour-20-paires-de-lunettes\\\/#primaryimage\"},\"image\":{\"@id\":\"https:\\\/\\\/www.smartystore.it\\\/fr\\\/prodotto\\\/presentoir-de-sol-faconne-pour-20-paires-de-lunettes\\\/#primaryimage\"},\"thumbnailUrl\":\"https:\\\/\\\/www.smartystore.it\\\/v25\\\/wp-content\\\/uploads\\\/2017\\\/10\\\/Espositore-da-terra-sagomato-per-20-paia-di-occhiali-STR-MP730.jpg\",\"datePublished\":\"2017-10-06T15:33:55+00:00\",\"dateModified\":\"2026-02-05T16:12:15+00:00\",\"description\":\"Pr\u00e9sentoir de sol moul\u00e9 pour 20 paires de lunettes. En combinant les pr\u00e9sentoirs les uns \u00e0 c\u00f4t\u00e9 des autres, il est possible de cr\u00e9er un \\\"mur\\\" de lunettes.\",\"breadcrumb\":{\"@id\":\"https:\\\/\\\/www.smartystore.it\\\/fr\\\/prodotto\\\/presentoir-de-sol-faconne-pour-20-paires-de-lunettes\\\/#breadcrumb\"},\"inLanguage\":\"fr-FR\",\"potentialAction\":[{\"@type\":\"ReadAction\",\"target\":[\"https:\\\/\\\/www.smartystore.it\\\/fr\\\/prodotto\\\/presentoir-de-sol-faconne-pour-20-paires-de-lunettes\\\/\"]}]},{\"@type\":\"ImageObject\",\"inLanguage\":\"fr-FR\",\"@id\":\"https:\\\/\\\/www.smartystore.it\\\/fr\\\/prodotto\\\/presentoir-de-sol-faconne-pour-20-paires-de-lunettes\\\/#primaryimage\",\"url\":\"https:\\\/\\\/www.smartystore.it\\\/v25\\\/wp-content\\\/uploads\\\/2017\\\/10\\\/Espositore-da-terra-sagomato-per-20-paia-di-occhiali-STR-MP730.jpg\",\"contentUrl\":\"https:\\\/\\\/www.smartystore.it\\\/v25\\\/wp-content\\\/uploads\\\/2017\\\/10\\\/Espositore-da-terra-sagomato-per-20-paia-di-occhiali-STR-MP730.jpg\",\"width\":1000,\"height\":1000,\"caption\":\"Pr\u00e9sentoir de sol fa\u00e7onn\u00e9 pour 20 paires de lunettes\"},{\"@type\":\"BreadcrumbList\",\"@id\":\"https:\\\/\\\/www.smartystore.it\\\/fr\\\/prodotto\\\/presentoir-de-sol-faconne-pour-20-paires-de-lunettes\\\/#breadcrumb\",\"itemListElement\":[{\"@type\":\"ListItem\",\"position\":1,\"name\":\"Home\",\"item\":\"https:\\\/\\\/www.smartystore.it\\\/fr\\\/\"},{\"@type\":\"ListItem\",\"position\":2,\"name\":\"Boutique\",\"item\":\"https:\\\/\\\/www.smartystore.it\\\/fr\\\/boutique\\\/\"},{\"@type\":\"ListItem\",\"position\":3,\"name\":\"Pr\u00e9sentoir de sol fa\u00e7onn\u00e9 pour 20 paires de lunettes\"}]},{\"@type\":\"WebSite\",\"@id\":\"https:\\\/\\\/www.smartystore.it\\\/fr\\\/#website\",\"url\":\"https:\\\/\\\/www.smartystore.it\\\/fr\\\/\",\"name\":\"Smarty Store\",\"description\":\"Espositori Pubblicitari e Sistemi di Comunicazione Visiva\",\"potentialAction\":[{\"@type\":\"SearchAction\",\"target\":{\"@type\":\"EntryPoint\",\"urlTemplate\":\"https:\\\/\\\/www.smartystore.it\\\/fr\\\/?s={search_term_string}\"},\"query-input\":{\"@type\":\"PropertyValueSpecification\",\"valueRequired\":true,\"valueName\":\"search_term_string\"}}],\"inLanguage\":\"fr-FR\"}]}<\/script>\n<!-- \/ Yoast SEO plugin. -->","yoast_head_json":{"title":"Pr\u00e9sentoir de sol fa\u00e7onn\u00e9 pour 20 paires de lunettes - Achetez au Meilleur Prix","description":"Pr\u00e9sentoir de sol moul\u00e9 pour 20 paires de lunettes. En combinant les pr\u00e9sentoirs les uns \u00e0 c\u00f4t\u00e9 des autres, il est possible de cr\u00e9er un \"mur\" de lunettes.","robots":{"index":"index","follow":"follow","max-snippet":"max-snippet:-1","max-image-preview":"max-image-preview:large","max-video-preview":"max-video-preview:-1"},"canonical":"https:\/\/www.smartystore.it\/fr\/prodotto\/presentoir-de-sol-faconne-pour-20-paires-de-lunettes\/","og_locale":"fr_FR","og_type":"article","og_title":"Pr\u00e9sentoir de sol fa\u00e7onn\u00e9 pour 20 paires de lunettes - Achetez au Meilleur Prix","og_description":"Pr\u00e9sentoir de sol moul\u00e9 pour 20 paires de lunettes. En combinant les pr\u00e9sentoirs les uns \u00e0 c\u00f4t\u00e9 des autres, il est possible de cr\u00e9er un \"mur\" de lunettes.","og_url":"https:\/\/www.smartystore.it\/fr\/prodotto\/presentoir-de-sol-faconne-pour-20-paires-de-lunettes\/","og_site_name":"Smarty Store","article_modified_time":"2026-02-05T16:12:15+00:00","og_image":[{"width":1000,"height":1000,"url":"https:\/\/www.smartystore.it\/v25\/wp-content\/uploads\/2017\/10\/Espositore-da-terra-sagomato-per-20-paia-di-occhiali-STR-MP730.jpg","type":"image\/jpeg"}],"twitter_card":"summary_large_image","twitter_misc":{"Dur\u00e9e de lecture estim\u00e9e":"3 minutes"},"schema":{"@context":"https:\/\/schema.org","@graph":[{"@type":"WebPage","@id":"https:\/\/www.smartystore.it\/fr\/prodotto\/presentoir-de-sol-faconne-pour-20-paires-de-lunettes\/","url":"https:\/\/www.smartystore.it\/fr\/prodotto\/presentoir-de-sol-faconne-pour-20-paires-de-lunettes\/","name":"Pr\u00e9sentoir de sol fa\u00e7onn\u00e9 pour 20 paires de lunettes - Achetez au Meilleur Prix","isPartOf":{"@id":"https:\/\/www.smartystore.it\/fr\/#website"},"primaryImageOfPage":{"@id":"https:\/\/www.smartystore.it\/fr\/prodotto\/presentoir-de-sol-faconne-pour-20-paires-de-lunettes\/#primaryimage"},"image":{"@id":"https:\/\/www.smartystore.it\/fr\/prodotto\/presentoir-de-sol-faconne-pour-20-paires-de-lunettes\/#primaryimage"},"thumbnailUrl":"https:\/\/www.smartystore.it\/v25\/wp-content\/uploads\/2017\/10\/Espositore-da-terra-sagomato-per-20-paia-di-occhiali-STR-MP730.jpg","datePublished":"2017-10-06T15:33:55+00:00","dateModified":"2026-02-05T16:12:15+00:00","description":"Pr\u00e9sentoir de sol moul\u00e9 pour 20 paires de lunettes. En combinant les pr\u00e9sentoirs les uns \u00e0 c\u00f4t\u00e9 des autres, il est possible de cr\u00e9er un \"mur\" de lunettes.","breadcrumb":{"@id":"https:\/\/www.smartystore.it\/fr\/prodotto\/presentoir-de-sol-faconne-pour-20-paires-de-lunettes\/#breadcrumb"},"inLanguage":"fr-FR","potentialAction":[{"@type":"ReadAction","target":["https:\/\/www.smartystore.it\/fr\/prodotto\/presentoir-de-sol-faconne-pour-20-paires-de-lunettes\/"]}]},{"@type":"ImageObject","inLanguage":"fr-FR","@id":"https:\/\/www.smartystore.it\/fr\/prodotto\/presentoir-de-sol-faconne-pour-20-paires-de-lunettes\/#primaryimage","url":"https:\/\/www.smartystore.it\/v25\/wp-content\/uploads\/2017\/10\/Espositore-da-terra-sagomato-per-20-paia-di-occhiali-STR-MP730.jpg","contentUrl":"https:\/\/www.smartystore.it\/v25\/wp-content\/uploads\/2017\/10\/Espositore-da-terra-sagomato-per-20-paia-di-occhiali-STR-MP730.jpg","width":1000,"height":1000,"caption":"Pr\u00e9sentoir de sol fa\u00e7onn\u00e9 pour 20 paires de lunettes"},{"@type":"BreadcrumbList","@id":"https:\/\/www.smartystore.it\/fr\/prodotto\/presentoir-de-sol-faconne-pour-20-paires-de-lunettes\/#breadcrumb","itemListElement":[{"@type":"ListItem","position":1,"name":"Home","item":"https:\/\/www.smartystore.it\/fr\/"},{"@type":"ListItem","position":2,"name":"Boutique","item":"https:\/\/www.smartystore.it\/fr\/boutique\/"},{"@type":"ListItem","position":3,"name":"Pr\u00e9sentoir de sol fa\u00e7onn\u00e9 pour 20 paires de lunettes"}]},{"@type":"WebSite","@id":"https:\/\/www.smartystore.it\/fr\/#website","url":"https:\/\/www.smartystore.it\/fr\/","name":"Smarty Store","description":"Espositori Pubblicitari e Sistemi di Comunicazione Visiva","potentialAction":[{"@type":"SearchAction","target":{"@type":"EntryPoint","urlTemplate":"https:\/\/www.smartystore.it\/fr\/?s={search_term_string}"},"query-input":{"@type":"PropertyValueSpecification","valueRequired":true,"valueName":"search_term_string"}}],"inLanguage":"fr-FR"}]}},"brands":[],"_links":{"self":[{"href":"https:\/\/www.smartystore.it\/fr\/wp-json\/wp\/v2\/product\/95108","targetHints":{"allow":["GET"]}}],"collection":[{"href":"https:\/\/www.smartystore.it\/fr\/wp-json\/wp\/v2\/product"}],"about":[{"href":"https:\/\/www.smartystore.it\/fr\/wp-json\/wp\/v2\/types\/product"}],"replies":[{"embeddable":true,"href":"https:\/\/www.smartystore.it\/fr\/wp-json\/wp\/v2\/comments?post=95108"}],"wp:featuredmedia":[{"embeddable":true,"href":"https:\/\/www.smartystore.it\/fr\/wp-json\/wp\/v2\/media\/95105"}],"wp:attachment":[{"href":"https:\/\/www.smartystore.it\/fr\/wp-json\/wp\/v2\/media?parent=95108"}],"wp:term":[{"taxonomy":"pwb-brand","embeddable":true,"href":"https:\/\/www.smartystore.it\/fr\/wp-json\/wp\/v2\/pwb-brand?post=95108"},{"taxonomy":"product_brand","embeddable":true,"href":"https:\/\/www.smartystore.it\/fr\/wp-json\/wp\/v2\/product_brand?post=95108"},{"taxonomy":"product_cat","embeddable":true,"href":"https:\/\/www.smartystore.it\/fr\/wp-json\/wp\/v2\/product_cat?post=95108"},{"taxonomy":"product_tag","embeddable":true,"href":"https:\/\/www.smartystore.it\/fr\/wp-json\/wp\/v2\/product_tag?post=95108"}],"curies":[{"name":"wp","href":"https:\/\/api.w.org\/{rel}","templated":true}]}}