{"id":95069,"date":"2017-10-13T14:29:05","date_gmt":"2017-10-13T14:29:05","guid":{"rendered":"https:\/\/www.smartystore.it\/prodotto\/presentoir-mural-satine-pour-45-paires-de-lunettes\/"},"modified":"2026-02-05T17:45:31","modified_gmt":"2026-02-05T15:45:31","slug":"presentoir-mural-satine-pour-45-paires-de-lunettes","status":"publish","type":"product","link":"https:\/\/www.smartystore.it\/fr\/prodotto\/presentoir-mural-satine-pour-45-paires-de-lunettes\/","title":{"rendered":"Pr\u00e9sentoir mural satin\u00e9 pour 45 paires de lunettes"},"content":{"rendered":"<div class=\"wpb-content-wrapper\"><p>[vc_row][vc_column][vc_column_text css=\u00a0\u00bb\u00a0\u00bb css_params=\u00a0\u00bb\u00a0\u00bb]<\/p>\n<h1>Pr\u00e9sentoir mural satin\u00e9 pour&nbsp;45 paires de lunettes<\/h1>\n<p><span dir=\"auto\">Le pr\u00e9sentoir mural givr\u00e9 pour 45 paires de lunettes repr\u00e9sente une avanc\u00e9e significative dans la pr\u00e9sentation des lunettes. Con\u00e7u avec une attention m\u00e9ticuleuse aux d\u00e9tails, ce pr\u00e9sentoir mural modulaire pr\u00e9sente un <strong>design arrondi<\/strong> compl\u00e9t\u00e9 par des c\u00f4t\u00e9s \u00e9l\u00e9gamment incurv\u00e9s, ce qui en fait un ajout remarquable \u00e0 tout environnement de vente au d\u00e9tail ou salle d&rsquo;exposition d&rsquo;optique. <\/span><\/p>\n<p><span dir=\"auto\">Disponibles en trois largeurs diff\u00e9rentes, les pr\u00e9sentoirs modulaires peuvent \u00eatre personnalis\u00e9s pour r\u00e9pondre \u00e0 diff\u00e9rentes exigences spatiales tout en conservant une coh\u00e9rence esth\u00e9tique. Chaque unit\u00e9 est dot\u00e9e d&rsquo;un espace suffisant entre chaque paire de lunettes, ce qui permet de pr\u00e9senter chaque article avec une vue d\u00e9gag\u00e9e. Cette conception permet non seulement d&rsquo;am\u00e9liorer la visibilit\u00e9, mais aussi de <strong>faciliter la s\u00e9lection pour les clients<\/strong>, ce qui favorise une exp\u00e9rience d&rsquo;achat attrayante. <\/span><\/p>\n<p><span dir=\"auto\">Le processus d&rsquo;installation a \u00e9t\u00e9 simplifi\u00e9 pour plus de commodit\u00e9 ; chaque \u00e9cran est livr\u00e9 avec quatre entretoises m\u00e9talliques incluses dans l&#8217;emballage. Ces entretoises facilitent le montage mural, garantissant la stabilit\u00e9 et l&rsquo;alignement. La <strong>finition satin\u00e9e<\/strong> de l&rsquo;\u00e9cran d\u00e9gage une sophistication moderne qui rehausse l&rsquo;ambiance g\u00e9n\u00e9rale de la pi\u00e8ce dans laquelle il est install\u00e9. Cette caract\u00e9ristique le rend particuli\u00e8rement attrayant pour les entreprises qui souhaitent pr\u00e9senter leurs collections de lunettes sous leur meilleur jour. <\/span><\/p>\n<h2>Pr\u00e9sentoir mural satin\u00e9 pour 45 paires de lunettes : une combinaison parfaite de design et de fonctionnalit\u00e9<\/h2>\n<p><span dir=\"auto\">En outre, la nature modulaire du pr\u00e9sentoir permet une grande souplesse d&rsquo;agencement. Les d\u00e9taillants peuvent combiner plusieurs unit\u00e9s pour cr\u00e9er une pr\u00e9sentation personnalis\u00e9e conforme \u00e0 leur marque et \u00e0 leur offre de produits. Gr\u00e2ce \u00e0 cette polyvalence, le pr\u00e9sentoir convient aussi bien aux petites boutiques qu&rsquo;aux espaces de vente plus vastes, et peut accueillir une large gamme de styles de lunettes, des lunettes de lecture aux lunettes de soleil haute couture. <\/span><\/p>\n<p><span dir=\"auto\">En conclusion, le pr\u00e9sentoir mural de 45 verres satin\u00e9s t\u00e9moigne de l&rsquo;alliance de la fonctionnalit\u00e9 et de l&rsquo;\u00e9l\u00e9gance du design. Sa construction robuste, combin\u00e9e \u00e0 un espacement \u00e9tudi\u00e9 et \u00e0 une installation facile, garantit qu&rsquo;il r\u00e9pond aux besoins des d\u00e9taillants et des consommateurs. En int\u00e9grant ce pr\u00e9sentoir dans votre strat\u00e9gie de pr\u00e9sentation de lunettes, vous pouvez am\u00e9liorer de mani\u00e8re significative la visibilit\u00e9 et l&rsquo;accessibilit\u00e9 de vos produits, stimuler les ventes et am\u00e9liorer l&rsquo;exp\u00e9rience globale d&rsquo;achat. Ce produit n&rsquo;est pas seulement un outil de pr\u00e9sentation, c&rsquo;est un \u00e9l\u00e9ment cl\u00e9 pour cr\u00e9er une atmosph\u00e8re raffin\u00e9e et professionnelle dans votre espace de vente. <\/span><\/p>\n<h3>CARACT\u00c9RISTIQUES:<\/h3>\n<ol>\n<li>Pr\u00e9sentoir mural de lunettes 45 places<\/li>\n<li>Mat\u00e9riau : PMMA &#8211; m\u00e9thacrylate d\u00e9poli<\/li>\n<li>Dimensions : L 660 x H 1280 mm<\/li>\n<\/ol>\n<p><strong>D\u00e9lai d&rsquo;exp\u00e9dition : 7-10 jours<\/strong><\/p>\n<p>Peut \u00eatre utilis\u00e9 en conjonction avec <span style=\"text-decoration: underline; color: #ff0000;\"><strong><a href=\"https:\/\/www.smartystore.it\/espositori-per-occhiali\/espositori-occhiali-da-parete\/espositore-da-parete-satinato-per-30-paia-di-occhiali.html\" target=\"_blank\" rel=\"noopener noreferrer\"><span style=\"text-decoration: underline; color: #ff0000;\">STR-MP266<\/span><\/a><\/strong><\/span> e <strong><span style=\"color: #ff0000;\"><a href=\"https:\/\/www.smartystore.it\/espositori-per-occhiali\/espositori-occhiali-da-parete\/espositore-da-parete-satinato-per-60-paia-di-occhiali.html\" target=\"_blank\" rel=\"noopener noreferrer\"><span style=\"color: #ff0000;\">STR-MP264<\/span><\/a><\/span><\/strong><\/p>\n<p><strong>ACHAT PAR PAIRE<\/strong><\/p>\n<p><a href=\"https:\/\/www.smartystore.it\/v25\/wp-content\/uploads\/2022\/04\/STR-MP265.pdf\" target=\"_blank\" rel=\"noopener\"><img loading=\"lazy\" decoding=\"async\" class=\"alignnone size-full wp-image-93672\" src=\"https:\/\/www.smartystore.it\/v25\/wp-content\/uploads\/2023\/11\/LogoDownload_yellow.jpg\" alt=\"\" width=\"50\" height=\"50\"><\/a>&nbsp; <a href=\"https:\/\/www.smartystore.it\/v25\/wp-content\/uploads\/2022\/04\/STR-MP265.pdf\" target=\"_blank\" rel=\"noopener\"><strong>FICHE TECHNIQUE<\/strong><\/a><\/p>\n<p>&nbsp;[\/vc_column_text][\/vc_column][\/vc_row]<\/p>\n<\/div>","protected":false},"excerpt":{"rendered":"<p>Pr\u00e9sentoir mural de lunettes 45 places<\/p>\n","protected":false},"featured_media":95068,"comment_status":"open","ping_status":"closed","template":"","meta":{"_acf_changed":false},"pwb-brand":[],"product_brand":[],"product_cat":[3016,3014],"product_tag":[4313,4419,4297,4305,4416,4312,4304,4598],"class_list":{"0":"post-95069","1":"product","2":"type-product","3":"status-publish","4":"has-post-thumbnail","6":"product_cat-presentoirs-a-lunettes-muraux","7":"product_cat-presentoirs-pour-lunettes","8":"product_tag-etui-a-lunettes-pour-45-lunettes","9":"product_tag-porte-lunettes-mural","10":"product_tag-presentoir-a-lunettes","11":"product_tag-presentoir-de-magasin-de-lunettes","12":"product_tag-presentoir-mural-pour-lunettes","13":"product_tag-presentoir-pour-45-verres","14":"product_tag-support-de-lunettes","15":"product_tag-unite-daffichage","16":"pa_c2c_color-glace-satinee","17":"pa_c2c_configurazione-exposant","18":"pa_c2c_configurazione-presentoir-4-entretoises","19":"pa_c2c_dimensione-45-paires-de-lunettes","20":"pa_c2c_trovraprezzi-oui","22":"first","23":"instock","24":"taxable","25":"shipping-taxable","26":"purchasable","27":"product-type-variable"},"acf":[],"yoast_head":"<!-- This site is optimized with the Yoast SEO plugin v27.4 - https:\/\/yoast.com\/product\/yoast-seo-wordpress\/ -->\n<title>Pr\u00e9sentoir mural satin\u00e9 pour 45 paires de lunettes - Achetez au Meilleur Prix<\/title>\n<meta name=\"description\" content=\"Pr\u00e9sentoir mural satin\u00e9 pour 45 paires de lunettes. Combinaison parfaite de design et de fonctionnalit\u00e9. Entretoises, vis et chevilles incluses.\" \/>\n<meta name=\"robots\" content=\"index, follow, max-snippet:-1, max-image-preview:large, max-video-preview:-1\" \/>\n<link rel=\"canonical\" href=\"https:\/\/www.smartystore.it\/fr\/prodotto\/presentoir-mural-satine-pour-45-paires-de-lunettes\/\" \/>\n<meta property=\"og:locale\" content=\"fr_FR\" \/>\n<meta property=\"og:type\" content=\"article\" \/>\n<meta property=\"og:title\" content=\"Pr\u00e9sentoir mural satin\u00e9 pour 45 paires de lunettes - Achetez au Meilleur Prix\" \/>\n<meta property=\"og:description\" content=\"Pr\u00e9sentoir mural satin\u00e9 pour 45 paires de lunettes. Combinaison parfaite de design et de fonctionnalit\u00e9. Entretoises, vis et chevilles incluses.\" \/>\n<meta property=\"og:url\" content=\"https:\/\/www.smartystore.it\/fr\/prodotto\/presentoir-mural-satine-pour-45-paires-de-lunettes\/\" \/>\n<meta property=\"og:site_name\" content=\"Smarty Store\" \/>\n<meta property=\"article:modified_time\" content=\"2026-02-05T15:45:31+00:00\" \/>\n<meta property=\"og:image\" content=\"https:\/\/www.smartystore.it\/v25\/wp-content\/uploads\/2017\/10\/Espositore-da-parete-per-45-paia-di-occhiali-STR-MP265.jpg\" \/>\n\t<meta property=\"og:image:width\" content=\"1000\" \/>\n\t<meta property=\"og:image:height\" content=\"1000\" \/>\n\t<meta property=\"og:image:type\" content=\"image\/jpeg\" \/>\n<meta name=\"twitter:card\" content=\"summary_large_image\" \/>\n<meta name=\"twitter:label1\" content=\"Dur\u00e9e de lecture estim\u00e9e\" \/>\n\t<meta name=\"twitter:data1\" content=\"3 minutes\" \/>\n<script type=\"application\/ld+json\" class=\"yoast-schema-graph\">{\"@context\":\"https:\\\/\\\/schema.org\",\"@graph\":[{\"@type\":\"WebPage\",\"@id\":\"https:\\\/\\\/www.smartystore.it\\\/fr\\\/prodotto\\\/presentoir-mural-satine-pour-45-paires-de-lunettes\\\/\",\"url\":\"https:\\\/\\\/www.smartystore.it\\\/fr\\\/prodotto\\\/presentoir-mural-satine-pour-45-paires-de-lunettes\\\/\",\"name\":\"Pr\u00e9sentoir mural satin\u00e9 pour 45 paires de lunettes - Achetez au Meilleur Prix\",\"isPartOf\":{\"@id\":\"https:\\\/\\\/www.smartystore.it\\\/fr\\\/#website\"},\"primaryImageOfPage\":{\"@id\":\"https:\\\/\\\/www.smartystore.it\\\/fr\\\/prodotto\\\/presentoir-mural-satine-pour-45-paires-de-lunettes\\\/#primaryimage\"},\"image\":{\"@id\":\"https:\\\/\\\/www.smartystore.it\\\/fr\\\/prodotto\\\/presentoir-mural-satine-pour-45-paires-de-lunettes\\\/#primaryimage\"},\"thumbnailUrl\":\"https:\\\/\\\/www.smartystore.it\\\/v25\\\/wp-content\\\/uploads\\\/2017\\\/10\\\/Espositore-da-parete-per-45-paia-di-occhiali-STR-MP265.jpg\",\"datePublished\":\"2017-10-13T14:29:05+00:00\",\"dateModified\":\"2026-02-05T15:45:31+00:00\",\"description\":\"Pr\u00e9sentoir mural satin\u00e9 pour 45 paires de lunettes. Combinaison parfaite de design et de fonctionnalit\u00e9. Entretoises, vis et chevilles incluses.\",\"breadcrumb\":{\"@id\":\"https:\\\/\\\/www.smartystore.it\\\/fr\\\/prodotto\\\/presentoir-mural-satine-pour-45-paires-de-lunettes\\\/#breadcrumb\"},\"inLanguage\":\"fr-FR\",\"potentialAction\":[{\"@type\":\"ReadAction\",\"target\":[\"https:\\\/\\\/www.smartystore.it\\\/fr\\\/prodotto\\\/presentoir-mural-satine-pour-45-paires-de-lunettes\\\/\"]}]},{\"@type\":\"ImageObject\",\"inLanguage\":\"fr-FR\",\"@id\":\"https:\\\/\\\/www.smartystore.it\\\/fr\\\/prodotto\\\/presentoir-mural-satine-pour-45-paires-de-lunettes\\\/#primaryimage\",\"url\":\"https:\\\/\\\/www.smartystore.it\\\/v25\\\/wp-content\\\/uploads\\\/2017\\\/10\\\/Espositore-da-parete-per-45-paia-di-occhiali-STR-MP265.jpg\",\"contentUrl\":\"https:\\\/\\\/www.smartystore.it\\\/v25\\\/wp-content\\\/uploads\\\/2017\\\/10\\\/Espositore-da-parete-per-45-paia-di-occhiali-STR-MP265.jpg\",\"width\":1000,\"height\":1000,\"caption\":\"Pr\u00e9sentoir mural satin\u00e9 pour 45 paires de lunettes\"},{\"@type\":\"BreadcrumbList\",\"@id\":\"https:\\\/\\\/www.smartystore.it\\\/fr\\\/prodotto\\\/presentoir-mural-satine-pour-45-paires-de-lunettes\\\/#breadcrumb\",\"itemListElement\":[{\"@type\":\"ListItem\",\"position\":1,\"name\":\"Home\",\"item\":\"https:\\\/\\\/www.smartystore.it\\\/fr\\\/\"},{\"@type\":\"ListItem\",\"position\":2,\"name\":\"Boutique\",\"item\":\"https:\\\/\\\/www.smartystore.it\\\/fr\\\/boutique\\\/\"},{\"@type\":\"ListItem\",\"position\":3,\"name\":\"Pr\u00e9sentoir mural satin\u00e9 pour 45 paires de lunettes\"}]},{\"@type\":\"WebSite\",\"@id\":\"https:\\\/\\\/www.smartystore.it\\\/fr\\\/#website\",\"url\":\"https:\\\/\\\/www.smartystore.it\\\/fr\\\/\",\"name\":\"Smarty Store\",\"description\":\"Espositori Pubblicitari e Sistemi di Comunicazione Visiva\",\"potentialAction\":[{\"@type\":\"SearchAction\",\"target\":{\"@type\":\"EntryPoint\",\"urlTemplate\":\"https:\\\/\\\/www.smartystore.it\\\/fr\\\/?s={search_term_string}\"},\"query-input\":{\"@type\":\"PropertyValueSpecification\",\"valueRequired\":true,\"valueName\":\"search_term_string\"}}],\"inLanguage\":\"fr-FR\"}]}<\/script>\n<!-- \/ Yoast SEO plugin. -->","yoast_head_json":{"title":"Pr\u00e9sentoir mural satin\u00e9 pour 45 paires de lunettes - Achetez au Meilleur Prix","description":"Pr\u00e9sentoir mural satin\u00e9 pour 45 paires de lunettes. Combinaison parfaite de design et de fonctionnalit\u00e9. Entretoises, vis et chevilles incluses.","robots":{"index":"index","follow":"follow","max-snippet":"max-snippet:-1","max-image-preview":"max-image-preview:large","max-video-preview":"max-video-preview:-1"},"canonical":"https:\/\/www.smartystore.it\/fr\/prodotto\/presentoir-mural-satine-pour-45-paires-de-lunettes\/","og_locale":"fr_FR","og_type":"article","og_title":"Pr\u00e9sentoir mural satin\u00e9 pour 45 paires de lunettes - Achetez au Meilleur Prix","og_description":"Pr\u00e9sentoir mural satin\u00e9 pour 45 paires de lunettes. Combinaison parfaite de design et de fonctionnalit\u00e9. Entretoises, vis et chevilles incluses.","og_url":"https:\/\/www.smartystore.it\/fr\/prodotto\/presentoir-mural-satine-pour-45-paires-de-lunettes\/","og_site_name":"Smarty Store","article_modified_time":"2026-02-05T15:45:31+00:00","og_image":[{"width":1000,"height":1000,"url":"https:\/\/www.smartystore.it\/v25\/wp-content\/uploads\/2017\/10\/Espositore-da-parete-per-45-paia-di-occhiali-STR-MP265.jpg","type":"image\/jpeg"}],"twitter_card":"summary_large_image","twitter_misc":{"Dur\u00e9e de lecture estim\u00e9e":"3 minutes"},"schema":{"@context":"https:\/\/schema.org","@graph":[{"@type":"WebPage","@id":"https:\/\/www.smartystore.it\/fr\/prodotto\/presentoir-mural-satine-pour-45-paires-de-lunettes\/","url":"https:\/\/www.smartystore.it\/fr\/prodotto\/presentoir-mural-satine-pour-45-paires-de-lunettes\/","name":"Pr\u00e9sentoir mural satin\u00e9 pour 45 paires de lunettes - Achetez au Meilleur Prix","isPartOf":{"@id":"https:\/\/www.smartystore.it\/fr\/#website"},"primaryImageOfPage":{"@id":"https:\/\/www.smartystore.it\/fr\/prodotto\/presentoir-mural-satine-pour-45-paires-de-lunettes\/#primaryimage"},"image":{"@id":"https:\/\/www.smartystore.it\/fr\/prodotto\/presentoir-mural-satine-pour-45-paires-de-lunettes\/#primaryimage"},"thumbnailUrl":"https:\/\/www.smartystore.it\/v25\/wp-content\/uploads\/2017\/10\/Espositore-da-parete-per-45-paia-di-occhiali-STR-MP265.jpg","datePublished":"2017-10-13T14:29:05+00:00","dateModified":"2026-02-05T15:45:31+00:00","description":"Pr\u00e9sentoir mural satin\u00e9 pour 45 paires de lunettes. Combinaison parfaite de design et de fonctionnalit\u00e9. Entretoises, vis et chevilles incluses.","breadcrumb":{"@id":"https:\/\/www.smartystore.it\/fr\/prodotto\/presentoir-mural-satine-pour-45-paires-de-lunettes\/#breadcrumb"},"inLanguage":"fr-FR","potentialAction":[{"@type":"ReadAction","target":["https:\/\/www.smartystore.it\/fr\/prodotto\/presentoir-mural-satine-pour-45-paires-de-lunettes\/"]}]},{"@type":"ImageObject","inLanguage":"fr-FR","@id":"https:\/\/www.smartystore.it\/fr\/prodotto\/presentoir-mural-satine-pour-45-paires-de-lunettes\/#primaryimage","url":"https:\/\/www.smartystore.it\/v25\/wp-content\/uploads\/2017\/10\/Espositore-da-parete-per-45-paia-di-occhiali-STR-MP265.jpg","contentUrl":"https:\/\/www.smartystore.it\/v25\/wp-content\/uploads\/2017\/10\/Espositore-da-parete-per-45-paia-di-occhiali-STR-MP265.jpg","width":1000,"height":1000,"caption":"Pr\u00e9sentoir mural satin\u00e9 pour 45 paires de lunettes"},{"@type":"BreadcrumbList","@id":"https:\/\/www.smartystore.it\/fr\/prodotto\/presentoir-mural-satine-pour-45-paires-de-lunettes\/#breadcrumb","itemListElement":[{"@type":"ListItem","position":1,"name":"Home","item":"https:\/\/www.smartystore.it\/fr\/"},{"@type":"ListItem","position":2,"name":"Boutique","item":"https:\/\/www.smartystore.it\/fr\/boutique\/"},{"@type":"ListItem","position":3,"name":"Pr\u00e9sentoir mural satin\u00e9 pour 45 paires de lunettes"}]},{"@type":"WebSite","@id":"https:\/\/www.smartystore.it\/fr\/#website","url":"https:\/\/www.smartystore.it\/fr\/","name":"Smarty Store","description":"Espositori Pubblicitari e Sistemi di Comunicazione Visiva","potentialAction":[{"@type":"SearchAction","target":{"@type":"EntryPoint","urlTemplate":"https:\/\/www.smartystore.it\/fr\/?s={search_term_string}"},"query-input":{"@type":"PropertyValueSpecification","valueRequired":true,"valueName":"search_term_string"}}],"inLanguage":"fr-FR"}]}},"brands":[],"_links":{"self":[{"href":"https:\/\/www.smartystore.it\/fr\/wp-json\/wp\/v2\/product\/95069","targetHints":{"allow":["GET"]}}],"collection":[{"href":"https:\/\/www.smartystore.it\/fr\/wp-json\/wp\/v2\/product"}],"about":[{"href":"https:\/\/www.smartystore.it\/fr\/wp-json\/wp\/v2\/types\/product"}],"replies":[{"embeddable":true,"href":"https:\/\/www.smartystore.it\/fr\/wp-json\/wp\/v2\/comments?post=95069"}],"wp:featuredmedia":[{"embeddable":true,"href":"https:\/\/www.smartystore.it\/fr\/wp-json\/wp\/v2\/media\/95068"}],"wp:attachment":[{"href":"https:\/\/www.smartystore.it\/fr\/wp-json\/wp\/v2\/media?parent=95069"}],"wp:term":[{"taxonomy":"pwb-brand","embeddable":true,"href":"https:\/\/www.smartystore.it\/fr\/wp-json\/wp\/v2\/pwb-brand?post=95069"},{"taxonomy":"product_brand","embeddable":true,"href":"https:\/\/www.smartystore.it\/fr\/wp-json\/wp\/v2\/product_brand?post=95069"},{"taxonomy":"product_cat","embeddable":true,"href":"https:\/\/www.smartystore.it\/fr\/wp-json\/wp\/v2\/product_cat?post=95069"},{"taxonomy":"product_tag","embeddable":true,"href":"https:\/\/www.smartystore.it\/fr\/wp-json\/wp\/v2\/product_tag?post=95069"}],"curies":[{"name":"wp","href":"https:\/\/api.w.org\/{rel}","templated":true}]}}