{"id":95065,"date":"2017-03-31T11:09:57","date_gmt":"2017-03-31T09:09:57","guid":{"rendered":"https:\/\/www.smartystore.it\/prodotto\/colonne-de-marquage-black-tendilinea-avec-ruban-noir-de-3-metres\/"},"modified":"2025-08-27T11:42:06","modified_gmt":"2025-08-27T09:42:06","slug":"colonne-de-marquage-black-tendilinea-avec-ruban-noir-de-3-metres","status":"publish","type":"product","link":"https:\/\/www.smartystore.it\/fr\/prodotto\/colonne-de-marquage-black-tendilinea-avec-ruban-noir-de-3-metres\/","title":{"rendered":"Colonne de marquage BLACK TENDILINEA avec ruban noir de 3 m\u00e8tres"},"content":{"rendered":"<div class=\"wpb-content-wrapper\"><p>[vc_row][vc_column][vc_column_text css=\u00a0\u00bb\u00a0\u00bb css_params=\u00a0\u00bb\u00a0\u00bb]<\/p>\n<h1><strong>Colonne de marquage avec ruban de 3 m\u00e8tres<\/strong><\/h1>\n<p>La Colonne de marquage noire TENDILINEA avec base ultraplate est une solution \u00e9l\u00e9gante et fonctionnelle de gestion de l&rsquo;espace, id\u00e9ale pour les \u00e9v\u00e9nements, les salons, les expositions et tout contexte dans lequel il est n\u00e9cessaire de d\u00e9limiter des zones. R\u00e9alis\u00e9e en m\u00e9tal thermolaqu\u00e9 noir, cette borne pr\u00e9sente non seulement un design sobre et raffin\u00e9, mais elle est \u00e9galement con\u00e7ue pour garantir sa durabilit\u00e9 et sa r\u00e9sistance dans le temps.<\/p>\n<p>Le ruban, d&rsquo;une longueur d&rsquo;environ 3 m\u00e8tres et d&rsquo;une couleur noire \u00e9l\u00e9gante, s&rsquo;\u00e9tend pour faciliter la s\u00e9paration des espaces. La fonctionnalit\u00e9 de l&rsquo;enrouleur est cruciale : il est dot\u00e9 d&rsquo;un m\u00e9canisme d&rsquo;autofreinage qui permet un enroulement en douceur et contr\u00f4l\u00e9, \u00e9vitant ainsi tout dommage ou accident potentiel. En outre, le syst\u00e8me de clip de verrouillage de s\u00e9curit\u00e9 garantit que le ruban reste bien en place lorsqu&rsquo;il n&rsquo;est pas utilis\u00e9, assurant ainsi une s\u00e9curit\u00e9 maximale pour les utilisateurs.<\/p>\n<h2><strong>La base anti-escalade ultra-plate<\/strong><\/h2>\n<p>La Colonne de marquage TENDILINEA se distingue par sa <strong>base plate<\/strong> en acier d&rsquo;un diam\u00e8tre de 35 cm. Cette conception sp\u00e9ciale minimise le risque de tr\u00e9buchement et de chute, ce qui la rend particuli\u00e8rement adapt\u00e9e aux environnements encombr\u00e9s. Le poteau, d&rsquo;un diam\u00e8tre de 6,3 cm et d&rsquo;une hauteur totale de 101 cm, offre \u00e0 la colonne une visibilit\u00e9 optimale sans compromettre l&rsquo;esth\u00e9tique de l&rsquo;espace dans lequel elle est install\u00e9e.<\/p>\n<h2><strong>Poteau de marquage noir et base ultraplate : poids et stabilit\u00e9<\/strong><\/h2>\n<p>Avec un poids total de 10,5 kg, la colonne est stable et durable, tout en restant facilement transportable pour des d\u00e9placements occasionnels. De plus, vous pouvez personnaliser le ruban des deux c\u00f4t\u00e9s avec le logo de votre entreprise, en utilisant une ou plusieurs couleurs. Cette option de personnalisation vous permet non seulement de promouvoir votre marque, mais aussi de cr\u00e9er une identit\u00e9 visuelle coh\u00e9rente avec l&rsquo;image de votre entreprise lors d&rsquo;\u00e9v\u00e9nements et de pr\u00e9sentations publiques.<\/p>\n<p>En r\u00e9sum\u00e9, la borne noire TENDILINEA de 3 m\u00e8tres avec base ultraplate est un choix id\u00e9al pour ceux qui souhaitent allier praticit\u00e9 et style. Sa robustesse et sa fonctionnalit\u00e9 innovante en font une solution appr\u00e9ci\u00e9e pour tous les besoins d&rsquo;organisation et de gestion de l&rsquo;espace. Choisissez TENDILINEA pour une pr\u00e9sentation professionnelle et s\u00e9curis\u00e9e.<\/p>\n<p>&nbsp;<\/p>\n<h3>CARACT\u00c9RISTIQUES<\/h3>\n<ol>\n<li>Colonne de marquise noire et ruban noir<\/li>\n<li>TENDILINEA colonne de marquage de l&rsquo;itin\u00e9raire.<\/li>\n<li>Fabriqu\u00e9 en m\u00e9tal peint par poudrage noir.<\/li>\n<li>Ruban noir d&rsquo;environ 3 m\u00e8tres.<\/li>\n<li>Enrouleur avec m\u00e9canisme d&rsquo;auto-freinage avec clip de verrouillage de s\u00e9curit\u00e9.<\/li>\n<li>Base plate en acier \u00d8 35 cm, poteau \u00d8 6,3 cm, colonne H 101 cm.<\/li>\n<li>Poids total : 10,5 kg<\/li>\n<\/ol>\n<p>Le co\u00fbt se r\u00e9f\u00e8re \u00e0 une colonne avec une bobine de ruban noir.<\/p>\n<p>Possibilit\u00e9 de personnaliser le ruban des deux c\u00f4t\u00e9s avec un logo en une ou plusieurs couleurs (contactez-nous pour plus d&rsquo;informations et pour conna\u00eetre les co\u00fbts).<\/p>\n<p>Voyez la version en ruban de 2,5 m\u00e8tres en cliquant sur ce lien <strong><a href=\"https:\/\/www.smartystore.it\/fr\/prodotto\/marqueur-de-colonne-noir-avec-ruban-de-2-5-metres\/\">LIEN<\/a><\/strong><\/p>\n<p>Ou la version avec bande de 3 m\u00e8tres sur le site suivant <strong><a href=\"https:\/\/www.smartystore.it\/fr\/prodotto\/colonne-de-marquage-noir-avec-ruban-noir\/\">LIEN<\/a><\/strong><\/p>\n<p>Vous pouvez \u00e9galement opter pour la version ultra-lourde avec bande de 3 m\u00e8tres et base ultra-plate en cliquant sur le lien suivant <strong><a href=\"https:\/\/www.smartystore.it\/fr\/prodotto\/15-kg-colonne-de-marquage-black-tendilinea-avec-ruban-noir-de-3-metres\/\">LIEN<\/a><\/strong><\/p>\n<p>&nbsp;<\/p>\n<p><a href=\"https:\/\/www.smartystore.it\/v25\/wp-content\/uploads\/2017\/03\/STR-TEND002R-B-N-GN-BR-BI-V-AR-GI.pdf\" target=\"_blank\" rel=\"noopener\"><img loading=\"lazy\" decoding=\"async\" class=\"alignnone size-full wp-image-93510\" src=\"https:\/\/www.smartystore.it\/v25\/wp-content\/uploads\/2014\/10\/SchedaTecnica-300-e1750084266903.png\" alt=\"\" width=\"249\" height=\"63\" \/><\/a><\/p>\n<p>[\/vc_column_text][\/vc_column][\/vc_row]<\/p>\n<\/div>","protected":false},"excerpt":{"rendered":"<p>Colonne m\u00e9tallique peinte en noir, base plate et ruban r\u00e9tractable de couleur noire.<\/p>\n","protected":false},"featured_media":95064,"comment_status":"open","ping_status":"closed","template":"","meta":{"_acf_changed":false},"pwb-brand":[],"product_brand":[],"product_cat":[3673],"product_tag":[4554,4261,4586,4265,4556,4587,4264,4260],"class_list":{"0":"post-95065","1":"product","2":"type-product","3":"status-publish","4":"has-post-thumbnail","6":"product_cat-colonnes-de-marqueurs-ditineraire-tendilinea","7":"product_tag-colonne-de-marquage-noir-avec-ruban-noir","8":"product_tag-colonne-de-tension-de-bande-flexible-3-metres","9":"product_tag-colonne-de-tension-noire-avec-base-ultraplate","10":"product_tag-piquets-avec-bande-amovible-de-3-metres","11":"product_tag-poteau-de-tension-flex-line-noir-3-metres","12":"product_tag-poteaux-de-balisage-avec-base-ultra-plate","13":"product_tag-poteaux-de-guidage-de-la-rangee-noire","14":"product_tag-traceur-de-piste-noir","15":"pa_c2c_color-noir","16":"pa_c2c_dimensione-3-metres","17":"pa_c2c_seo_canonical_url-https-www-smartystore-it-it-colonnine-segnapercorso-fr","18":"pa_c2c_trovraprezzi-oui","20":"first","21":"instock","22":"taxable","23":"shipping-taxable","24":"purchasable","25":"product-type-simple"},"acf":[],"yoast_head":"<!-- This site is optimized with the Yoast SEO plugin v27.4 - https:\/\/yoast.com\/product\/yoast-seo-wordpress\/ -->\n<title>Colonne de marquage noir et base ultraplate<\/title>\n<meta name=\"description\" content=\"Colonne de marquage noire et base ultraplate avec ruban noir, extension de 3 m\u00e8tres, hauteur 101 cm. Base antid\u00e9rapante. Achetez en ligne sur Smartystore.\" \/>\n<meta name=\"robots\" content=\"index, follow, max-snippet:-1, max-image-preview:large, max-video-preview:-1\" \/>\n<link rel=\"canonical\" href=\"https:\/\/www.smartystore.it\/fr\/prodotto\/colonne-de-marquage-black-tendilinea-avec-ruban-noir-de-3-metres\/\" \/>\n<meta property=\"og:locale\" content=\"fr_FR\" \/>\n<meta property=\"og:type\" content=\"article\" \/>\n<meta property=\"og:title\" content=\"Colonne de marquage noir et base ultraplate\" \/>\n<meta property=\"og:description\" content=\"Colonne de marquage noire et base ultraplate avec ruban noir, extension de 3 m\u00e8tres, hauteur 101 cm. Base antid\u00e9rapante. Achetez en ligne sur Smartystore.\" \/>\n<meta property=\"og:url\" content=\"https:\/\/www.smartystore.it\/fr\/prodotto\/colonne-de-marquage-black-tendilinea-avec-ruban-noir-de-3-metres\/\" \/>\n<meta property=\"og:site_name\" content=\"Smarty Store\" \/>\n<meta property=\"article:modified_time\" content=\"2025-08-27T09:42:06+00:00\" \/>\n<meta property=\"og:image\" content=\"https:\/\/www.smartystore.it\/v25\/wp-content\/uploads\/2017\/03\/Colonnina-segna-percorso-nero-opaco-base-piatta-nastro-nero-di-3-metri.jpg\" \/>\n\t<meta property=\"og:image:width\" content=\"1000\" \/>\n\t<meta property=\"og:image:height\" content=\"1000\" \/>\n\t<meta property=\"og:image:type\" content=\"image\/jpeg\" \/>\n<meta name=\"twitter:card\" content=\"summary_large_image\" \/>\n<meta name=\"twitter:label1\" content=\"Dur\u00e9e de lecture estim\u00e9e\" \/>\n\t<meta name=\"twitter:data1\" content=\"4 minutes\" \/>\n<script type=\"application\/ld+json\" class=\"yoast-schema-graph\">{\"@context\":\"https:\\\/\\\/schema.org\",\"@graph\":[{\"@type\":\"WebPage\",\"@id\":\"https:\\\/\\\/www.smartystore.it\\\/fr\\\/prodotto\\\/colonne-de-marquage-black-tendilinea-avec-ruban-noir-de-3-metres\\\/\",\"url\":\"https:\\\/\\\/www.smartystore.it\\\/fr\\\/prodotto\\\/colonne-de-marquage-black-tendilinea-avec-ruban-noir-de-3-metres\\\/\",\"name\":\"Colonne de marquage noir et base ultraplate\",\"isPartOf\":{\"@id\":\"https:\\\/\\\/www.smartystore.it\\\/fr\\\/#website\"},\"primaryImageOfPage\":{\"@id\":\"https:\\\/\\\/www.smartystore.it\\\/fr\\\/prodotto\\\/colonne-de-marquage-black-tendilinea-avec-ruban-noir-de-3-metres\\\/#primaryimage\"},\"image\":{\"@id\":\"https:\\\/\\\/www.smartystore.it\\\/fr\\\/prodotto\\\/colonne-de-marquage-black-tendilinea-avec-ruban-noir-de-3-metres\\\/#primaryimage\"},\"thumbnailUrl\":\"https:\\\/\\\/www.smartystore.it\\\/v25\\\/wp-content\\\/uploads\\\/2017\\\/03\\\/Colonnina-segna-percorso-nero-opaco-base-piatta-nastro-nero-di-3-metri.jpg\",\"datePublished\":\"2017-03-31T09:09:57+00:00\",\"dateModified\":\"2025-08-27T09:42:06+00:00\",\"description\":\"Colonne de marquage noire et base ultraplate avec ruban noir, extension de 3 m\u00e8tres, hauteur 101 cm. Base antid\u00e9rapante. Achetez en ligne sur Smartystore.\",\"breadcrumb\":{\"@id\":\"https:\\\/\\\/www.smartystore.it\\\/fr\\\/prodotto\\\/colonne-de-marquage-black-tendilinea-avec-ruban-noir-de-3-metres\\\/#breadcrumb\"},\"inLanguage\":\"fr-FR\",\"potentialAction\":[{\"@type\":\"ReadAction\",\"target\":[\"https:\\\/\\\/www.smartystore.it\\\/fr\\\/prodotto\\\/colonne-de-marquage-black-tendilinea-avec-ruban-noir-de-3-metres\\\/\"]}]},{\"@type\":\"ImageObject\",\"inLanguage\":\"fr-FR\",\"@id\":\"https:\\\/\\\/www.smartystore.it\\\/fr\\\/prodotto\\\/colonne-de-marquage-black-tendilinea-avec-ruban-noir-de-3-metres\\\/#primaryimage\",\"url\":\"https:\\\/\\\/www.smartystore.it\\\/v25\\\/wp-content\\\/uploads\\\/2017\\\/03\\\/Colonnina-segna-percorso-nero-opaco-base-piatta-nastro-nero-di-3-metri.jpg\",\"contentUrl\":\"https:\\\/\\\/www.smartystore.it\\\/v25\\\/wp-content\\\/uploads\\\/2017\\\/03\\\/Colonnina-segna-percorso-nero-opaco-base-piatta-nastro-nero-di-3-metri.jpg\",\"width\":1000,\"height\":1000,\"caption\":\"Colonne de marquage noire et base ultraplate avec ruban noir\"},{\"@type\":\"BreadcrumbList\",\"@id\":\"https:\\\/\\\/www.smartystore.it\\\/fr\\\/prodotto\\\/colonne-de-marquage-black-tendilinea-avec-ruban-noir-de-3-metres\\\/#breadcrumb\",\"itemListElement\":[{\"@type\":\"ListItem\",\"position\":1,\"name\":\"Home\",\"item\":\"https:\\\/\\\/www.smartystore.it\\\/fr\\\/\"},{\"@type\":\"ListItem\",\"position\":2,\"name\":\"Boutique\",\"item\":\"https:\\\/\\\/www.smartystore.it\\\/fr\\\/boutique\\\/\"},{\"@type\":\"ListItem\",\"position\":3,\"name\":\"Colonne de marquage BLACK TENDILINEA avec ruban noir de 3 m\u00e8tres\"}]},{\"@type\":\"WebSite\",\"@id\":\"https:\\\/\\\/www.smartystore.it\\\/fr\\\/#website\",\"url\":\"https:\\\/\\\/www.smartystore.it\\\/fr\\\/\",\"name\":\"Smarty Store\",\"description\":\"Espositori Pubblicitari e Sistemi di Comunicazione Visiva\",\"potentialAction\":[{\"@type\":\"SearchAction\",\"target\":{\"@type\":\"EntryPoint\",\"urlTemplate\":\"https:\\\/\\\/www.smartystore.it\\\/fr\\\/?s={search_term_string}\"},\"query-input\":{\"@type\":\"PropertyValueSpecification\",\"valueRequired\":true,\"valueName\":\"search_term_string\"}}],\"inLanguage\":\"fr-FR\"}]}<\/script>\n<!-- \/ Yoast SEO plugin. -->","yoast_head_json":{"title":"Colonne de marquage noir et base ultraplate","description":"Colonne de marquage noire et base ultraplate avec ruban noir, extension de 3 m\u00e8tres, hauteur 101 cm. Base antid\u00e9rapante. Achetez en ligne sur Smartystore.","robots":{"index":"index","follow":"follow","max-snippet":"max-snippet:-1","max-image-preview":"max-image-preview:large","max-video-preview":"max-video-preview:-1"},"canonical":"https:\/\/www.smartystore.it\/fr\/prodotto\/colonne-de-marquage-black-tendilinea-avec-ruban-noir-de-3-metres\/","og_locale":"fr_FR","og_type":"article","og_title":"Colonne de marquage noir et base ultraplate","og_description":"Colonne de marquage noire et base ultraplate avec ruban noir, extension de 3 m\u00e8tres, hauteur 101 cm. Base antid\u00e9rapante. Achetez en ligne sur Smartystore.","og_url":"https:\/\/www.smartystore.it\/fr\/prodotto\/colonne-de-marquage-black-tendilinea-avec-ruban-noir-de-3-metres\/","og_site_name":"Smarty Store","article_modified_time":"2025-08-27T09:42:06+00:00","og_image":[{"width":1000,"height":1000,"url":"https:\/\/www.smartystore.it\/v25\/wp-content\/uploads\/2017\/03\/Colonnina-segna-percorso-nero-opaco-base-piatta-nastro-nero-di-3-metri.jpg","type":"image\/jpeg"}],"twitter_card":"summary_large_image","twitter_misc":{"Dur\u00e9e de lecture estim\u00e9e":"4 minutes"},"schema":{"@context":"https:\/\/schema.org","@graph":[{"@type":"WebPage","@id":"https:\/\/www.smartystore.it\/fr\/prodotto\/colonne-de-marquage-black-tendilinea-avec-ruban-noir-de-3-metres\/","url":"https:\/\/www.smartystore.it\/fr\/prodotto\/colonne-de-marquage-black-tendilinea-avec-ruban-noir-de-3-metres\/","name":"Colonne de marquage noir et base ultraplate","isPartOf":{"@id":"https:\/\/www.smartystore.it\/fr\/#website"},"primaryImageOfPage":{"@id":"https:\/\/www.smartystore.it\/fr\/prodotto\/colonne-de-marquage-black-tendilinea-avec-ruban-noir-de-3-metres\/#primaryimage"},"image":{"@id":"https:\/\/www.smartystore.it\/fr\/prodotto\/colonne-de-marquage-black-tendilinea-avec-ruban-noir-de-3-metres\/#primaryimage"},"thumbnailUrl":"https:\/\/www.smartystore.it\/v25\/wp-content\/uploads\/2017\/03\/Colonnina-segna-percorso-nero-opaco-base-piatta-nastro-nero-di-3-metri.jpg","datePublished":"2017-03-31T09:09:57+00:00","dateModified":"2025-08-27T09:42:06+00:00","description":"Colonne de marquage noire et base ultraplate avec ruban noir, extension de 3 m\u00e8tres, hauteur 101 cm. Base antid\u00e9rapante. Achetez en ligne sur Smartystore.","breadcrumb":{"@id":"https:\/\/www.smartystore.it\/fr\/prodotto\/colonne-de-marquage-black-tendilinea-avec-ruban-noir-de-3-metres\/#breadcrumb"},"inLanguage":"fr-FR","potentialAction":[{"@type":"ReadAction","target":["https:\/\/www.smartystore.it\/fr\/prodotto\/colonne-de-marquage-black-tendilinea-avec-ruban-noir-de-3-metres\/"]}]},{"@type":"ImageObject","inLanguage":"fr-FR","@id":"https:\/\/www.smartystore.it\/fr\/prodotto\/colonne-de-marquage-black-tendilinea-avec-ruban-noir-de-3-metres\/#primaryimage","url":"https:\/\/www.smartystore.it\/v25\/wp-content\/uploads\/2017\/03\/Colonnina-segna-percorso-nero-opaco-base-piatta-nastro-nero-di-3-metri.jpg","contentUrl":"https:\/\/www.smartystore.it\/v25\/wp-content\/uploads\/2017\/03\/Colonnina-segna-percorso-nero-opaco-base-piatta-nastro-nero-di-3-metri.jpg","width":1000,"height":1000,"caption":"Colonne de marquage noire et base ultraplate avec ruban noir"},{"@type":"BreadcrumbList","@id":"https:\/\/www.smartystore.it\/fr\/prodotto\/colonne-de-marquage-black-tendilinea-avec-ruban-noir-de-3-metres\/#breadcrumb","itemListElement":[{"@type":"ListItem","position":1,"name":"Home","item":"https:\/\/www.smartystore.it\/fr\/"},{"@type":"ListItem","position":2,"name":"Boutique","item":"https:\/\/www.smartystore.it\/fr\/boutique\/"},{"@type":"ListItem","position":3,"name":"Colonne de marquage BLACK TENDILINEA avec ruban noir de 3 m\u00e8tres"}]},{"@type":"WebSite","@id":"https:\/\/www.smartystore.it\/fr\/#website","url":"https:\/\/www.smartystore.it\/fr\/","name":"Smarty Store","description":"Espositori Pubblicitari e Sistemi di Comunicazione Visiva","potentialAction":[{"@type":"SearchAction","target":{"@type":"EntryPoint","urlTemplate":"https:\/\/www.smartystore.it\/fr\/?s={search_term_string}"},"query-input":{"@type":"PropertyValueSpecification","valueRequired":true,"valueName":"search_term_string"}}],"inLanguage":"fr-FR"}]}},"brands":[],"_links":{"self":[{"href":"https:\/\/www.smartystore.it\/fr\/wp-json\/wp\/v2\/product\/95065","targetHints":{"allow":["GET"]}}],"collection":[{"href":"https:\/\/www.smartystore.it\/fr\/wp-json\/wp\/v2\/product"}],"about":[{"href":"https:\/\/www.smartystore.it\/fr\/wp-json\/wp\/v2\/types\/product"}],"replies":[{"embeddable":true,"href":"https:\/\/www.smartystore.it\/fr\/wp-json\/wp\/v2\/comments?post=95065"}],"wp:featuredmedia":[{"embeddable":true,"href":"https:\/\/www.smartystore.it\/fr\/wp-json\/wp\/v2\/media\/95064"}],"wp:attachment":[{"href":"https:\/\/www.smartystore.it\/fr\/wp-json\/wp\/v2\/media?parent=95065"}],"wp:term":[{"taxonomy":"pwb-brand","embeddable":true,"href":"https:\/\/www.smartystore.it\/fr\/wp-json\/wp\/v2\/pwb-brand?post=95065"},{"taxonomy":"product_brand","embeddable":true,"href":"https:\/\/www.smartystore.it\/fr\/wp-json\/wp\/v2\/product_brand?post=95065"},{"taxonomy":"product_cat","embeddable":true,"href":"https:\/\/www.smartystore.it\/fr\/wp-json\/wp\/v2\/product_cat?post=95065"},{"taxonomy":"product_tag","embeddable":true,"href":"https:\/\/www.smartystore.it\/fr\/wp-json\/wp\/v2\/product_tag?post=95065"}],"curies":[{"name":"wp","href":"https:\/\/api.w.org\/{rel}","templated":true}]}}