{"id":95061,"date":"2018-11-30T14:07:16","date_gmt":"2018-11-30T12:07:16","guid":{"rendered":"https:\/\/www.smartystore.it\/prodotto\/15-kg-colonne-de-marquage-black-tendilinea-avec-ruban-noir-de-3-metres\/"},"modified":"2025-08-27T11:50:08","modified_gmt":"2025-08-27T09:50:08","slug":"15-kg-colonne-de-marquage-black-tendilinea-avec-ruban-noir-de-3-metres","status":"publish","type":"product","link":"https:\/\/www.smartystore.it\/fr\/prodotto\/15-kg-colonne-de-marquage-black-tendilinea-avec-ruban-noir-de-3-metres\/","title":{"rendered":"15 kg Colonne de marquage BLACK TENDILINEA avec ruban noir de 3 m\u00e8tres"},"content":{"rendered":"<div class=\"wpb-content-wrapper\"><p>[vc_row][vc_column][vc_column_text css=\u00a0\u00bb\u00a0\u00bb css_params=\u00a0\u00bb\u00a0\u00bb]<\/p>\n<h1><strong>Colonne de ruban noir lourd 15 kg : stabilit\u00e9 et polyvalence pour les environnements \u00e0 forte fr\u00e9quentation<\/strong><\/h1>\n<p>La colonne noire de 15 kg est la solution id\u00e9ale pour g\u00e9rer efficacement et en toute s\u00e9curit\u00e9 les flux de pi\u00e9tons dans les environnements \u00e0 forte circulation. Avec un poids total de 15 kg, ce mod\u00e8le ultra-lourd est con\u00e7u pour r\u00e9sister \u00e0 des impacts accidentels consid\u00e9rables, assurant une stabilit\u00e9 in\u00e9gal\u00e9e m\u00eame dans les situations les plus critiques. <\/p>\n<p>Fabriqu\u00e9 en m\u00e9tal peint par poudrage en noir, le poteau offre un design \u00e9l\u00e9gant et discret qui s&rsquo;int\u00e8gre parfaitement \u00e0 tout environnement, tant \u00e0 l&rsquo;int\u00e9rieur qu&rsquo;\u00e0 l&rsquo;ext\u00e9rieur. La base plate, d&rsquo;un diam\u00e8tre de 35 cm, garantit un ancrage solide au sol, tandis que le poteau de 6,3 cm de diam\u00e8tre et la hauteur totale de 101 cm assurent une visibilit\u00e9 maximale pour les passants. <\/p>\n<p>Ce mod\u00e8le se distingue par son ruban noir d&rsquo;environ 3 m\u00e8tres, \u00e9quip\u00e9 d&rsquo;un enrouleur dot\u00e9 d&rsquo;un m\u00e9canisme de freinage automatique. Cette caract\u00e9ristique permet de manipuler facilement et en toute s\u00e9curit\u00e9 le ruban lui-m\u00eame, en \u00e9vitant qu&rsquo;il ne s&rsquo;effiloche ou ne s&rsquo;ab\u00eeme avec le temps. En outre, le clip de verrouillage de s\u00e9curit\u00e9 garantit que le ruban reste toujours en place, malgr\u00e9 les contraintes ext\u00e9rieures.  <\/p>\n<p>Par rapport au mod\u00e8le de base du poteau TENDILINEA, cette version est \u00e9quip\u00e9e d&rsquo;un contrepoids suppl\u00e9mentaire de 4,5 kg, plac\u00e9 \u00e0 la base du poteau. Cette am\u00e9lioration augmente consid\u00e9rablement la stabilit\u00e9 de l&rsquo;ensemble de la structure, ce qui la rend particuli\u00e8rement adapt\u00e9e aux lieux publics \u00e0 forte fr\u00e9quentation pi\u00e9tonne, tels que les centres commerciaux, les gares et les a\u00e9roports. <\/p>\n<h2><strong>Ruban de marquise lourd et personnalisable couleur noire ruban noir<\/strong><\/h2>\n<p>Outre sa robustesse, le ruban noir r\u00e9sistant Colonnina Tendiline Black 15 Kg offre \u00e9galement la possibilit\u00e9 de personnaliser le ruban. Logos et lettrages peuvent \u00eatre imprim\u00e9s sur les deux faces, en utilisant une ou plusieurs couleurs, afin que chaque entreprise puisse communiquer sa marque de mani\u00e8re efficace et visible. <\/p>\n<p>En conclusion, la borne TENDILINEA NERO 15 kg est un choix strat\u00e9gique pour ceux qui souhaitent assurer une gestion optimale des flux de pi\u00e9tons sans compromettre la s\u00e9curit\u00e9 et l&rsquo;esth\u00e9tique de leur environnement. Avec son design robuste et fonctionnel, elle est la solution parfaite pour r\u00e9pondre aux exigences modernes d&rsquo;organisation des espaces publics. <\/p>\n<h3><strong>CARACT\u00c9RISTIQUES<\/strong><\/h3>\n<ol>\n<li>TENDILINEA colonne de marquage de l&rsquo;itin\u00e9raire.<\/li>\n<li>Fabriqu\u00e9 en m\u00e9tal peint par poudrage noir.<\/li>\n<li>Ruban noir d&rsquo;environ 3 m\u00e8tres.<\/li>\n<li>Enrouleur avec m\u00e9canisme d&rsquo;auto-freinage avec clip de verrouillage de s\u00e9curit\u00e9.<\/li>\n<li>Base plate en acier \u00d8 35 cm, poteau \u00d8 6,3 cm, colonne H 101 cm.<\/li>\n<li>Par rapport au mod\u00e8le de base de la borne Tendilinear, un contrepoids de 4,5 kg a \u00e9t\u00e9 ajout\u00e9 \u00e0 la base du m\u00e2t. Cela rend la borne encore plus stable, ce qui est particuli\u00e8rement utile dans les lieux publics o\u00f9 le trafic pi\u00e9tonnier est important. <\/li>\n<li>Poids total : 15 kg<\/li>\n<\/ol>\n<p>Le co\u00fbt se r\u00e9f\u00e8re \u00e0 une colonne avec une bobine de ruban noir.<\/p>\n<p>Possibilit\u00e9 de personnaliser le ruban des deux c\u00f4t\u00e9s avec un logo en une ou plusieurs couleurs (contactez-nous pour plus d&rsquo;informations et pour conna\u00eetre les co\u00fbts).<\/p>\n<p>Voyez la version en ruban de 2,5 m\u00e8tres en cliquant sur ce lien <strong><a href=\"https:\/\/www.smartystore.it\/fr\/prodotto\/marqueur-de-colonne-noir-avec-ruban-de-2-5-metres\/\">LIEN<\/a><\/strong><\/p>\n<p>Ou la version avec bande de 3 m\u00e8tres sur le site suivant <strong><a href=\"https:\/\/www.smartystore.it\/fr\/prodotto\/colonne-de-marquage-noir-avec-ruban-noir\/\">LIEN<\/a><\/strong><\/p>\n<p>Vous pouvez \u00e9galement utiliser la version avec bande de 3 m\u00e8tres et base ultraplate en cliquant sur le lien suivant <strong><a href=\"https:\/\/www.smartystore.it\/fr\/prodotto\/colonne-de-marquage-black-tendilinea-avec-ruban-noir-de-3-metres\/\">LIEN<\/a><\/strong><\/p>\n<p>&nbsp;<\/p>\n<p><a href=\"https:\/\/www.smartystore.it\/v25\/wp-content\/uploads\/2018\/11\/STR-TEND002KG-R-B-N-GN-BR-BI-V-AR-GI.pdf\" target=\"_blank\" rel=\"noopener\"><img loading=\"lazy\" decoding=\"async\" class=\"alignnone size-full wp-image-93510\" src=\"https:\/\/www.smartystore.it\/v25\/wp-content\/uploads\/2014\/10\/SchedaTecnica-300-e1750084266903.png\" alt=\"\" width=\"249\" height=\"63\"><\/a>[\/vc_column_text][\/vc_column][\/vc_row]<\/p>\n<\/div>","protected":false},"excerpt":{"rendered":"<p>Colonne d&rsquo;auvent en m\u00e9tal peint en noir, base ultraplate et ceinture r\u00e9tractable de couleur noire et poids total de 15 kg.<\/p>\n","protected":false},"featured_media":95058,"comment_status":"open","ping_status":"closed","template":"","meta":{"_acf_changed":false},"pwb-brand":[],"product_brand":[],"product_cat":[3674],"product_tag":[4259,4554,4261,4581,4265,4555,4556,4264],"class_list":{"0":"post-95061","1":"product","2":"type-product","3":"status-publish","4":"has-post-thumbnail","6":"product_cat-poteaux-de-balisage-ditineraire-tendilinea-ultra-resistants","7":"product_tag-balisage-des-sentiers","8":"product_tag-colonne-de-marquage-noir-avec-ruban-noir","9":"product_tag-colonne-de-tension-de-bande-flexible-3-metres","10":"product_tag-colonne-de-traceurs-noir-kg-15","11":"product_tag-piquets-avec-bande-amovible-de-3-metres","12":"product_tag-poteau-a-rideau-noir-de-3-metres","13":"product_tag-poteau-de-tension-flex-line-noir-3-metres","14":"product_tag-poteaux-de-guidage-de-la-rangee-noire","15":"pa_c2c_color-noir","16":"pa_c2c_dimensione-3-metres","17":"pa_c2c_trovraprezzi-oui","19":"first","20":"instock","21":"taxable","22":"shipping-taxable","23":"purchasable","24":"product-type-simple"},"acf":[],"yoast_head":"<!-- This site is optimized with the Yoast SEO plugin v27.4 - https:\/\/yoast.com\/product\/yoast-seo-wordpress\/ -->\n<title>Colonne de marquise robuste ruban noir 3 m\u00e8tres<\/title>\n<meta name=\"description\" content=\"Colonne de store en m\u00e9tal peint en noir, base plate et courroie d&#039;enroulement de couleur noire, poids total 15 kg. Achetez en ligne sur Smartystore.\" \/>\n<meta name=\"robots\" content=\"index, follow, max-snippet:-1, max-image-preview:large, max-video-preview:-1\" \/>\n<link rel=\"canonical\" href=\"https:\/\/www.smartystore.it\/fr\/prodotto\/15-kg-colonne-de-marquage-black-tendilinea-avec-ruban-noir-de-3-metres\/\" \/>\n<meta property=\"og:locale\" content=\"fr_FR\" \/>\n<meta property=\"og:type\" content=\"article\" \/>\n<meta property=\"og:title\" content=\"Colonne de marquise robuste ruban noir 3 m\u00e8tres\" \/>\n<meta property=\"og:description\" content=\"Colonne de store en m\u00e9tal peint en noir, base plate et courroie d&#039;enroulement de couleur noire, poids total 15 kg. Achetez en ligne sur Smartystore.\" \/>\n<meta property=\"og:url\" content=\"https:\/\/www.smartystore.it\/fr\/prodotto\/15-kg-colonne-de-marquage-black-tendilinea-avec-ruban-noir-de-3-metres\/\" \/>\n<meta property=\"og:site_name\" content=\"Smarty Store\" \/>\n<meta property=\"article:modified_time\" content=\"2025-08-27T09:50:08+00:00\" \/>\n<meta property=\"og:image\" content=\"https:\/\/www.smartystore.it\/v25\/wp-content\/uploads\/2018\/11\/Colonnina-segna-percorso-nero-opaco-base-piatta-nastro-nero-3-metri-ultra-pesante-15-kg.jpg\" \/>\n\t<meta property=\"og:image:width\" content=\"1000\" \/>\n\t<meta property=\"og:image:height\" content=\"1000\" \/>\n\t<meta property=\"og:image:type\" content=\"image\/jpeg\" \/>\n<meta name=\"twitter:card\" content=\"summary_large_image\" \/>\n<meta name=\"twitter:label1\" content=\"Dur\u00e9e de lecture estim\u00e9e\" \/>\n\t<meta name=\"twitter:data1\" content=\"4 minutes\" \/>\n<script type=\"application\/ld+json\" class=\"yoast-schema-graph\">{\"@context\":\"https:\\\/\\\/schema.org\",\"@graph\":[{\"@type\":\"WebPage\",\"@id\":\"https:\\\/\\\/www.smartystore.it\\\/fr\\\/prodotto\\\/15-kg-colonne-de-marquage-black-tendilinea-avec-ruban-noir-de-3-metres\\\/\",\"url\":\"https:\\\/\\\/www.smartystore.it\\\/fr\\\/prodotto\\\/15-kg-colonne-de-marquage-black-tendilinea-avec-ruban-noir-de-3-metres\\\/\",\"name\":\"Colonne de marquise robuste ruban noir 3 m\u00e8tres\",\"isPartOf\":{\"@id\":\"https:\\\/\\\/www.smartystore.it\\\/fr\\\/#website\"},\"primaryImageOfPage\":{\"@id\":\"https:\\\/\\\/www.smartystore.it\\\/fr\\\/prodotto\\\/15-kg-colonne-de-marquage-black-tendilinea-avec-ruban-noir-de-3-metres\\\/#primaryimage\"},\"image\":{\"@id\":\"https:\\\/\\\/www.smartystore.it\\\/fr\\\/prodotto\\\/15-kg-colonne-de-marquage-black-tendilinea-avec-ruban-noir-de-3-metres\\\/#primaryimage\"},\"thumbnailUrl\":\"https:\\\/\\\/www.smartystore.it\\\/v25\\\/wp-content\\\/uploads\\\/2018\\\/11\\\/Colonnina-segna-percorso-nero-opaco-base-piatta-nastro-nero-3-metri-ultra-pesante-15-kg.jpg\",\"datePublished\":\"2018-11-30T12:07:16+00:00\",\"dateModified\":\"2025-08-27T09:50:08+00:00\",\"description\":\"Colonne de store en m\u00e9tal peint en noir, base plate et courroie d'enroulement de couleur noire, poids total 15 kg. Achetez en ligne sur Smartystore.\",\"breadcrumb\":{\"@id\":\"https:\\\/\\\/www.smartystore.it\\\/fr\\\/prodotto\\\/15-kg-colonne-de-marquage-black-tendilinea-avec-ruban-noir-de-3-metres\\\/#breadcrumb\"},\"inLanguage\":\"fr-FR\",\"potentialAction\":[{\"@type\":\"ReadAction\",\"target\":[\"https:\\\/\\\/www.smartystore.it\\\/fr\\\/prodotto\\\/15-kg-colonne-de-marquage-black-tendilinea-avec-ruban-noir-de-3-metres\\\/\"]}]},{\"@type\":\"ImageObject\",\"inLanguage\":\"fr-FR\",\"@id\":\"https:\\\/\\\/www.smartystore.it\\\/fr\\\/prodotto\\\/15-kg-colonne-de-marquage-black-tendilinea-avec-ruban-noir-de-3-metres\\\/#primaryimage\",\"url\":\"https:\\\/\\\/www.smartystore.it\\\/v25\\\/wp-content\\\/uploads\\\/2018\\\/11\\\/Colonnina-segna-percorso-nero-opaco-base-piatta-nastro-nero-3-metri-ultra-pesante-15-kg.jpg\",\"contentUrl\":\"https:\\\/\\\/www.smartystore.it\\\/v25\\\/wp-content\\\/uploads\\\/2018\\\/11\\\/Colonnina-segna-percorso-nero-opaco-base-piatta-nastro-nero-3-metri-ultra-pesante-15-kg.jpg\",\"width\":1000,\"height\":1000,\"caption\":\"Colonne de marquise robuste couleur ruban noir\"},{\"@type\":\"BreadcrumbList\",\"@id\":\"https:\\\/\\\/www.smartystore.it\\\/fr\\\/prodotto\\\/15-kg-colonne-de-marquage-black-tendilinea-avec-ruban-noir-de-3-metres\\\/#breadcrumb\",\"itemListElement\":[{\"@type\":\"ListItem\",\"position\":1,\"name\":\"Home\",\"item\":\"https:\\\/\\\/www.smartystore.it\\\/fr\\\/\"},{\"@type\":\"ListItem\",\"position\":2,\"name\":\"Boutique\",\"item\":\"https:\\\/\\\/www.smartystore.it\\\/fr\\\/boutique\\\/\"},{\"@type\":\"ListItem\",\"position\":3,\"name\":\"15 kg Colonne de marquage BLACK TENDILINEA avec ruban noir de 3 m\u00e8tres\"}]},{\"@type\":\"WebSite\",\"@id\":\"https:\\\/\\\/www.smartystore.it\\\/fr\\\/#website\",\"url\":\"https:\\\/\\\/www.smartystore.it\\\/fr\\\/\",\"name\":\"Smarty Store\",\"description\":\"Espositori Pubblicitari e Sistemi di Comunicazione Visiva\",\"potentialAction\":[{\"@type\":\"SearchAction\",\"target\":{\"@type\":\"EntryPoint\",\"urlTemplate\":\"https:\\\/\\\/www.smartystore.it\\\/fr\\\/?s={search_term_string}\"},\"query-input\":{\"@type\":\"PropertyValueSpecification\",\"valueRequired\":true,\"valueName\":\"search_term_string\"}}],\"inLanguage\":\"fr-FR\"}]}<\/script>\n<!-- \/ Yoast SEO plugin. -->","yoast_head_json":{"title":"Colonne de marquise robuste ruban noir 3 m\u00e8tres","description":"Colonne de store en m\u00e9tal peint en noir, base plate et courroie d'enroulement de couleur noire, poids total 15 kg. Achetez en ligne sur Smartystore.","robots":{"index":"index","follow":"follow","max-snippet":"max-snippet:-1","max-image-preview":"max-image-preview:large","max-video-preview":"max-video-preview:-1"},"canonical":"https:\/\/www.smartystore.it\/fr\/prodotto\/15-kg-colonne-de-marquage-black-tendilinea-avec-ruban-noir-de-3-metres\/","og_locale":"fr_FR","og_type":"article","og_title":"Colonne de marquise robuste ruban noir 3 m\u00e8tres","og_description":"Colonne de store en m\u00e9tal peint en noir, base plate et courroie d'enroulement de couleur noire, poids total 15 kg. Achetez en ligne sur Smartystore.","og_url":"https:\/\/www.smartystore.it\/fr\/prodotto\/15-kg-colonne-de-marquage-black-tendilinea-avec-ruban-noir-de-3-metres\/","og_site_name":"Smarty Store","article_modified_time":"2025-08-27T09:50:08+00:00","og_image":[{"width":1000,"height":1000,"url":"https:\/\/www.smartystore.it\/v25\/wp-content\/uploads\/2018\/11\/Colonnina-segna-percorso-nero-opaco-base-piatta-nastro-nero-3-metri-ultra-pesante-15-kg.jpg","type":"image\/jpeg"}],"twitter_card":"summary_large_image","twitter_misc":{"Dur\u00e9e de lecture estim\u00e9e":"4 minutes"},"schema":{"@context":"https:\/\/schema.org","@graph":[{"@type":"WebPage","@id":"https:\/\/www.smartystore.it\/fr\/prodotto\/15-kg-colonne-de-marquage-black-tendilinea-avec-ruban-noir-de-3-metres\/","url":"https:\/\/www.smartystore.it\/fr\/prodotto\/15-kg-colonne-de-marquage-black-tendilinea-avec-ruban-noir-de-3-metres\/","name":"Colonne de marquise robuste ruban noir 3 m\u00e8tres","isPartOf":{"@id":"https:\/\/www.smartystore.it\/fr\/#website"},"primaryImageOfPage":{"@id":"https:\/\/www.smartystore.it\/fr\/prodotto\/15-kg-colonne-de-marquage-black-tendilinea-avec-ruban-noir-de-3-metres\/#primaryimage"},"image":{"@id":"https:\/\/www.smartystore.it\/fr\/prodotto\/15-kg-colonne-de-marquage-black-tendilinea-avec-ruban-noir-de-3-metres\/#primaryimage"},"thumbnailUrl":"https:\/\/www.smartystore.it\/v25\/wp-content\/uploads\/2018\/11\/Colonnina-segna-percorso-nero-opaco-base-piatta-nastro-nero-3-metri-ultra-pesante-15-kg.jpg","datePublished":"2018-11-30T12:07:16+00:00","dateModified":"2025-08-27T09:50:08+00:00","description":"Colonne de store en m\u00e9tal peint en noir, base plate et courroie d'enroulement de couleur noire, poids total 15 kg. Achetez en ligne sur Smartystore.","breadcrumb":{"@id":"https:\/\/www.smartystore.it\/fr\/prodotto\/15-kg-colonne-de-marquage-black-tendilinea-avec-ruban-noir-de-3-metres\/#breadcrumb"},"inLanguage":"fr-FR","potentialAction":[{"@type":"ReadAction","target":["https:\/\/www.smartystore.it\/fr\/prodotto\/15-kg-colonne-de-marquage-black-tendilinea-avec-ruban-noir-de-3-metres\/"]}]},{"@type":"ImageObject","inLanguage":"fr-FR","@id":"https:\/\/www.smartystore.it\/fr\/prodotto\/15-kg-colonne-de-marquage-black-tendilinea-avec-ruban-noir-de-3-metres\/#primaryimage","url":"https:\/\/www.smartystore.it\/v25\/wp-content\/uploads\/2018\/11\/Colonnina-segna-percorso-nero-opaco-base-piatta-nastro-nero-3-metri-ultra-pesante-15-kg.jpg","contentUrl":"https:\/\/www.smartystore.it\/v25\/wp-content\/uploads\/2018\/11\/Colonnina-segna-percorso-nero-opaco-base-piatta-nastro-nero-3-metri-ultra-pesante-15-kg.jpg","width":1000,"height":1000,"caption":"Colonne de marquise robuste couleur ruban noir"},{"@type":"BreadcrumbList","@id":"https:\/\/www.smartystore.it\/fr\/prodotto\/15-kg-colonne-de-marquage-black-tendilinea-avec-ruban-noir-de-3-metres\/#breadcrumb","itemListElement":[{"@type":"ListItem","position":1,"name":"Home","item":"https:\/\/www.smartystore.it\/fr\/"},{"@type":"ListItem","position":2,"name":"Boutique","item":"https:\/\/www.smartystore.it\/fr\/boutique\/"},{"@type":"ListItem","position":3,"name":"15 kg Colonne de marquage BLACK TENDILINEA avec ruban noir de 3 m\u00e8tres"}]},{"@type":"WebSite","@id":"https:\/\/www.smartystore.it\/fr\/#website","url":"https:\/\/www.smartystore.it\/fr\/","name":"Smarty Store","description":"Espositori Pubblicitari e Sistemi di Comunicazione Visiva","potentialAction":[{"@type":"SearchAction","target":{"@type":"EntryPoint","urlTemplate":"https:\/\/www.smartystore.it\/fr\/?s={search_term_string}"},"query-input":{"@type":"PropertyValueSpecification","valueRequired":true,"valueName":"search_term_string"}}],"inLanguage":"fr-FR"}]}},"brands":[],"_links":{"self":[{"href":"https:\/\/www.smartystore.it\/fr\/wp-json\/wp\/v2\/product\/95061","targetHints":{"allow":["GET"]}}],"collection":[{"href":"https:\/\/www.smartystore.it\/fr\/wp-json\/wp\/v2\/product"}],"about":[{"href":"https:\/\/www.smartystore.it\/fr\/wp-json\/wp\/v2\/types\/product"}],"replies":[{"embeddable":true,"href":"https:\/\/www.smartystore.it\/fr\/wp-json\/wp\/v2\/comments?post=95061"}],"wp:featuredmedia":[{"embeddable":true,"href":"https:\/\/www.smartystore.it\/fr\/wp-json\/wp\/v2\/media\/95058"}],"wp:attachment":[{"href":"https:\/\/www.smartystore.it\/fr\/wp-json\/wp\/v2\/media?parent=95061"}],"wp:term":[{"taxonomy":"pwb-brand","embeddable":true,"href":"https:\/\/www.smartystore.it\/fr\/wp-json\/wp\/v2\/pwb-brand?post=95061"},{"taxonomy":"product_brand","embeddable":true,"href":"https:\/\/www.smartystore.it\/fr\/wp-json\/wp\/v2\/product_brand?post=95061"},{"taxonomy":"product_cat","embeddable":true,"href":"https:\/\/www.smartystore.it\/fr\/wp-json\/wp\/v2\/product_cat?post=95061"},{"taxonomy":"product_tag","embeddable":true,"href":"https:\/\/www.smartystore.it\/fr\/wp-json\/wp\/v2\/product_tag?post=95061"}],"curies":[{"name":"wp","href":"https:\/\/api.w.org\/{rel}","templated":true}]}}