{"id":95042,"date":"2015-09-09T10:16:20","date_gmt":"2015-09-09T08:16:20","guid":{"rendered":"https:\/\/www.smartystore.it\/prodotto\/colonne-de-marquage-noir-avec-ruban-noir\/"},"modified":"2025-08-27T11:57:11","modified_gmt":"2025-08-27T09:57:11","slug":"colonne-de-marquage-noir-avec-ruban-noir","status":"publish","type":"product","link":"https:\/\/www.smartystore.it\/fr\/prodotto\/colonne-de-marquage-noir-avec-ruban-noir\/","title":{"rendered":"Colonne de marquage NOIR avec ruban noir"},"content":{"rendered":"<div class=\"wpb-content-wrapper\"><p>[vc_row][vc_column][vc_column_text css=\u00a0\u00bb\u00a0\u00bb css_params=\u00a0\u00bb\u00a0\u00bb]<\/p>\n<h1><strong>Colonne de marquage noire de 3 m\u00e8tres : D\u00e9tails et caract\u00e9ristiques<\/strong><\/h1>\n<p>La Colonne de marquage noir de 3 m\u00e8tres est une solution \u00e9l\u00e9gante et fonctionnelle pour g\u00e9rer les flux de personnes dans les environnements commerciaux, les bureaux, les centres de conf\u00e9rence, les mus\u00e9es et les \u00e9v\u00e9nements sp\u00e9ciaux. Cette borne est r\u00e9alis\u00e9e en acier noir bross\u00e9 et satin\u00e9, ce qui lui conf\u00e8re un aspect raffin\u00e9 et contemporain qui s&rsquo;int\u00e8gre parfaitement dans diff\u00e9rents contextes. <\/p>\n<h2><strong>Sp\u00e9cifications techniques<\/strong><\/h2>\n<p>Le poteau a une hauteur de 100 cm et un diam\u00e8tre de 6,3 cm. La base, dot\u00e9e d&rsquo;un couvercle en acier d&rsquo;un diam\u00e8tre de 36 cm, offre une excellente stabilit\u00e9, garantissant que le poteau reste bien en place, m\u00eame dans des environnements tr\u00e8s fr\u00e9quent\u00e9s. Avec un poids total de 10 kg, cette structure offre une robustesse qui \u00e9vite les basculements accidentels et augmente la s\u00e9curit\u00e9 lors de la signalisation d&rsquo;itin\u00e9raires ou de zones restreintes.  <\/p>\n<h2><strong>Ceinture extractible autofrein\u00e9e<\/strong><\/h2>\n<p>Le ruban d&rsquo;avertissement, d&rsquo;une longueur d&rsquo;environ 3 m\u00e8tres et d&rsquo;une hauteur de 5 cm, est de couleur noire, ce qui contribue \u00e0 un design sobre et professionnel. Il est \u00e9quip\u00e9 d&rsquo;un enrouleur avec m\u00e9canisme de freinage automatique, ce qui permet une utilisation facile et s\u00fbre. En outre, la pr\u00e9sence d&rsquo;un clip de verrouillage de s\u00e9curit\u00e9 emp\u00eache le ruban de sortir involontairement, ce qui garantit une d\u00e9limitation efficace de l&rsquo;espace.  <\/p>\n<h2><strong>Personnalisation du ruban<\/strong><\/h2>\n<p>L&rsquo;un des points forts de la Colonne de marquage BLACK est la possibilit\u00e9 de personnaliser le ruban des deux c\u00f4t\u00e9s avec le logo d&rsquo;une entreprise, disponible en une ou plusieurs couleurs. Cette option de personnalisation permet non seulement de maintenir une image coordonn\u00e9e, mais sert \u00e9galement d&rsquo;outil publicitaire, en augmentant la visibilit\u00e9 de la marque d&rsquo;une mani\u00e8re discr\u00e8te mais efficace. <\/p>\n<h2><strong>Utilisation polyvalente de la Colonne de marquage noire avec ruban noir de 3 m\u00e8tres<\/strong><\/h2>\n<p>Gr\u00e2ce \u00e0 son design polyvalent et \u00e0 ses caract\u00e9ristiques techniques, la colonne est particuli\u00e8rement adapt\u00e9e aux magasins et aux salles d&rsquo;exposition, o\u00f9 elle permet d&rsquo;orienter les clients et d&rsquo;am\u00e9liorer l&rsquo;exp\u00e9rience d&rsquo;achat. En outre, elle est id\u00e9ale pour les \u00e9v\u00e9nements temporaires ou permanents, tels que les foires commerciales, les conf\u00e9rences et les expositions, o\u00f9 la n\u00e9cessit\u00e9 de g\u00e9rer la circulation du public devient primordiale. <\/p>\n<p>En conclusion, la colonne de marquage \u00e0 ruban noir de 3 m\u00e8tres est un excellent choix pour tous ceux qui recherchent un dispositif de signalisation s\u00fbr, \u00e9l\u00e9gant et hautement personnalisable, adapt\u00e9 \u00e0 un large \u00e9ventail d&rsquo;applications.<\/p>\n<p>&nbsp;<\/p>\n<h3><strong>Caract\u00e9ristiques<\/strong><\/h3>\n<ol>\n<li>Colonne de marquage en acier bross\u00e9 noir.<\/li>\n<li>Ruban noir : L 3 m\u00e8tres environ &#8211; H 5 cm.<\/li>\n<li>Enrouleur avec m\u00e9canisme d&rsquo;auto-freinage avec clip de verrouillage de s\u00e9curit\u00e9.<\/li>\n<li>Base avec couvercle en acier \u00d8 36 cm, poteau \u00d8 6,3 cm, poteau H 100 cm.<\/li>\n<li>Poids total de la colonne : 10 kg &#8211; Le poids assure une plus grande stabilit\u00e9.<\/li>\n<\/ol>\n<p>Le co\u00fbt se r\u00e9f\u00e8re \u00e0 une colonne avec une bobine de ruban noir.<\/p>\n<p>Possibilit\u00e9 de personnaliser le ruban des deux c\u00f4t\u00e9s avec un logo en une ou plusieurs couleurs (contactez-nous pour plus d&rsquo;informations et pour conna\u00eetre les co\u00fbts).<\/p>\n<p>Voyez la version en ruban de 2,5 m\u00e8tres en cliquant sur ce lien <strong><a href=\"https:\/\/www.smartystore.it\/fr\/prodotto\/marqueur-de-colonne-noir-avec-ruban-de-2-5-metres\/\">LIEN<\/a><\/strong><\/p>\n<p>Ou la version avec bande de 3 m\u00e8tres et base ultra-plate \u00e0 cette adresse <strong><a href=\"https:\/\/www.smartystore.it\/fr\/prodotto\/colonne-de-marquage-black-tendilinea-avec-ruban-noir-de-3-metres\/\">LIEN<\/a><\/strong><\/p>\n<p>Pour une stabilit\u00e9 maximale, la version ultra-lourde avec un ruban de 3 m\u00e8tres et une base ultra-plate est disponible sur le site suivant <strong><a href=\"https:\/\/www.smartystore.it\/fr\/prodotto\/15-kg-colonne-de-marquage-black-tendilinea-avec-ruban-noir-de-3-metres\/\">LIEN<\/a><\/strong><\/p>\n<p>&nbsp;<\/p>\n<p><a href=\"https:\/\/www.smartystore.it\/v25\/wp-content\/uploads\/2015\/09\/STR-STOP80-R-B-N-GN-BR-BI-V-AR-GI.pdf\" target=\"_blank\" rel=\"noopener\"><img loading=\"lazy\" decoding=\"async\" class=\"alignnone size-full wp-image-93510\" src=\"https:\/\/www.smartystore.it\/v25\/wp-content\/uploads\/2014\/10\/SchedaTecnica-300-e1750084266903.png\" alt=\"\" width=\"249\" height=\"63\"><\/a><\/p>\n<p>[\/vc_column_text][\/vc_column][\/vc_row]<\/p>\n<\/div>","protected":false},"excerpt":{"rendered":"<p>Colonne de marquage noire avec ruban enrouleur de 3 m\u00e8tres.<\/p>\n","protected":false},"featured_media":95039,"comment_status":"open","ping_status":"closed","template":"","meta":{"_acf_changed":false},"pwb-brand":[],"product_brand":[],"product_cat":[3079,3078],"product_tag":[4259,4554,4261,4265,4555,4556,4264,4260],"class_list":{"0":"post-95042","1":"product","2":"type-product","3":"status-publish","4":"has-post-thumbnail","6":"product_cat-poteau-de-separation-fr","7":"product_cat-poteau-de-separation","8":"product_tag-balisage-des-sentiers","9":"product_tag-colonne-de-marquage-noir-avec-ruban-noir","10":"product_tag-colonne-de-tension-de-bande-flexible-3-metres","11":"product_tag-piquets-avec-bande-amovible-de-3-metres","12":"product_tag-poteau-a-rideau-noir-de-3-metres","13":"product_tag-poteau-de-tension-flex-line-noir-3-metres","14":"product_tag-poteaux-de-guidage-de-la-rangee-noire","15":"product_tag-traceur-de-piste-noir","16":"pa_c2c_color-noir","17":"pa_c2c_dimensione-3-metres","18":"pa_c2c_seo_canonical_url-https-www-smartystore-it-it-colonnine-segnapercorso-fr","19":"pa_c2c_trovraprezzi-oui","21":"first","22":"instock","23":"taxable","24":"shipping-taxable","25":"purchasable","26":"product-type-simple"},"acf":[],"yoast_head":"<!-- This site is optimized with the Yoast SEO plugin v27.4 - https:\/\/yoast.com\/product\/yoast-seo-wordpress\/ -->\n<title>Colonne de rep\u00e9rage noire avec ruban noir - Smartystore<\/title>\n<meta name=\"description\" content=\"Colonne de marquage noire avec ruban noir, hauteur 100 cm. Ruban r\u00e9tractable auto-frein\u00e9 avec verrouillage de s\u00e9curit\u00e9. Achetez en ligne sur Smartystore.\" \/>\n<meta name=\"robots\" content=\"index, follow, max-snippet:-1, max-image-preview:large, max-video-preview:-1\" \/>\n<link rel=\"canonical\" href=\"https:\/\/www.smartystore.it\/fr\/prodotto\/colonne-de-marquage-noir-avec-ruban-noir\/\" \/>\n<meta property=\"og:locale\" content=\"fr_FR\" \/>\n<meta property=\"og:type\" content=\"article\" \/>\n<meta property=\"og:title\" content=\"Colonne de rep\u00e9rage noire avec ruban noir - Smartystore\" \/>\n<meta property=\"og:description\" content=\"Colonne de marquage noire avec ruban noir, hauteur 100 cm. Ruban r\u00e9tractable auto-frein\u00e9 avec verrouillage de s\u00e9curit\u00e9. Achetez en ligne sur Smartystore.\" \/>\n<meta property=\"og:url\" content=\"https:\/\/www.smartystore.it\/fr\/prodotto\/colonne-de-marquage-noir-avec-ruban-noir\/\" \/>\n<meta property=\"og:site_name\" content=\"Smarty Store\" \/>\n<meta property=\"article:modified_time\" content=\"2025-08-27T09:57:11+00:00\" \/>\n<meta property=\"og:image\" content=\"https:\/\/www.smartystore.it\/v25\/wp-content\/uploads\/2015\/09\/Colonnina-segna-percorso-nera-con-nastro-nero-di-3-metri.jpg\" \/>\n\t<meta property=\"og:image:width\" content=\"1000\" \/>\n\t<meta property=\"og:image:height\" content=\"1000\" \/>\n\t<meta property=\"og:image:type\" content=\"image\/jpeg\" \/>\n<meta name=\"twitter:card\" content=\"summary_large_image\" \/>\n<meta name=\"twitter:label1\" content=\"Dur\u00e9e de lecture estim\u00e9e\" \/>\n\t<meta name=\"twitter:data1\" content=\"4 minutes\" \/>\n<script type=\"application\/ld+json\" class=\"yoast-schema-graph\">{\"@context\":\"https:\\\/\\\/schema.org\",\"@graph\":[{\"@type\":\"WebPage\",\"@id\":\"https:\\\/\\\/www.smartystore.it\\\/fr\\\/prodotto\\\/colonne-de-marquage-noir-avec-ruban-noir\\\/\",\"url\":\"https:\\\/\\\/www.smartystore.it\\\/fr\\\/prodotto\\\/colonne-de-marquage-noir-avec-ruban-noir\\\/\",\"name\":\"Colonne de rep\u00e9rage noire avec ruban noir - Smartystore\",\"isPartOf\":{\"@id\":\"https:\\\/\\\/www.smartystore.it\\\/fr\\\/#website\"},\"primaryImageOfPage\":{\"@id\":\"https:\\\/\\\/www.smartystore.it\\\/fr\\\/prodotto\\\/colonne-de-marquage-noir-avec-ruban-noir\\\/#primaryimage\"},\"image\":{\"@id\":\"https:\\\/\\\/www.smartystore.it\\\/fr\\\/prodotto\\\/colonne-de-marquage-noir-avec-ruban-noir\\\/#primaryimage\"},\"thumbnailUrl\":\"https:\\\/\\\/www.smartystore.it\\\/v25\\\/wp-content\\\/uploads\\\/2015\\\/09\\\/Colonnina-segna-percorso-nera-con-nastro-nero-di-3-metri.jpg\",\"datePublished\":\"2015-09-09T08:16:20+00:00\",\"dateModified\":\"2025-08-27T09:57:11+00:00\",\"description\":\"Colonne de marquage noire avec ruban noir, hauteur 100 cm. Ruban r\u00e9tractable auto-frein\u00e9 avec verrouillage de s\u00e9curit\u00e9. Achetez en ligne sur Smartystore.\",\"breadcrumb\":{\"@id\":\"https:\\\/\\\/www.smartystore.it\\\/fr\\\/prodotto\\\/colonne-de-marquage-noir-avec-ruban-noir\\\/#breadcrumb\"},\"inLanguage\":\"fr-FR\",\"potentialAction\":[{\"@type\":\"ReadAction\",\"target\":[\"https:\\\/\\\/www.smartystore.it\\\/fr\\\/prodotto\\\/colonne-de-marquage-noir-avec-ruban-noir\\\/\"]}]},{\"@type\":\"ImageObject\",\"inLanguage\":\"fr-FR\",\"@id\":\"https:\\\/\\\/www.smartystore.it\\\/fr\\\/prodotto\\\/colonne-de-marquage-noir-avec-ruban-noir\\\/#primaryimage\",\"url\":\"https:\\\/\\\/www.smartystore.it\\\/v25\\\/wp-content\\\/uploads\\\/2015\\\/09\\\/Colonnina-segna-percorso-nera-con-nastro-nero-di-3-metri.jpg\",\"contentUrl\":\"https:\\\/\\\/www.smartystore.it\\\/v25\\\/wp-content\\\/uploads\\\/2015\\\/09\\\/Colonnina-segna-percorso-nera-con-nastro-nero-di-3-metri.jpg\",\"width\":1000,\"height\":1000,\"caption\":\"Colonne de marquage NOIR avec ruban noir\"},{\"@type\":\"BreadcrumbList\",\"@id\":\"https:\\\/\\\/www.smartystore.it\\\/fr\\\/prodotto\\\/colonne-de-marquage-noir-avec-ruban-noir\\\/#breadcrumb\",\"itemListElement\":[{\"@type\":\"ListItem\",\"position\":1,\"name\":\"Home\",\"item\":\"https:\\\/\\\/www.smartystore.it\\\/fr\\\/\"},{\"@type\":\"ListItem\",\"position\":2,\"name\":\"Boutique\",\"item\":\"https:\\\/\\\/www.smartystore.it\\\/fr\\\/boutique\\\/\"},{\"@type\":\"ListItem\",\"position\":3,\"name\":\"Colonne de marquage NOIR avec ruban noir\"}]},{\"@type\":\"WebSite\",\"@id\":\"https:\\\/\\\/www.smartystore.it\\\/fr\\\/#website\",\"url\":\"https:\\\/\\\/www.smartystore.it\\\/fr\\\/\",\"name\":\"Smarty Store\",\"description\":\"Espositori Pubblicitari e Sistemi di Comunicazione Visiva\",\"potentialAction\":[{\"@type\":\"SearchAction\",\"target\":{\"@type\":\"EntryPoint\",\"urlTemplate\":\"https:\\\/\\\/www.smartystore.it\\\/fr\\\/?s={search_term_string}\"},\"query-input\":{\"@type\":\"PropertyValueSpecification\",\"valueRequired\":true,\"valueName\":\"search_term_string\"}}],\"inLanguage\":\"fr-FR\"}]}<\/script>\n<!-- \/ Yoast SEO plugin. -->","yoast_head_json":{"title":"Colonne de rep\u00e9rage noire avec ruban noir - Smartystore","description":"Colonne de marquage noire avec ruban noir, hauteur 100 cm. Ruban r\u00e9tractable auto-frein\u00e9 avec verrouillage de s\u00e9curit\u00e9. Achetez en ligne sur Smartystore.","robots":{"index":"index","follow":"follow","max-snippet":"max-snippet:-1","max-image-preview":"max-image-preview:large","max-video-preview":"max-video-preview:-1"},"canonical":"https:\/\/www.smartystore.it\/fr\/prodotto\/colonne-de-marquage-noir-avec-ruban-noir\/","og_locale":"fr_FR","og_type":"article","og_title":"Colonne de rep\u00e9rage noire avec ruban noir - Smartystore","og_description":"Colonne de marquage noire avec ruban noir, hauteur 100 cm. Ruban r\u00e9tractable auto-frein\u00e9 avec verrouillage de s\u00e9curit\u00e9. Achetez en ligne sur Smartystore.","og_url":"https:\/\/www.smartystore.it\/fr\/prodotto\/colonne-de-marquage-noir-avec-ruban-noir\/","og_site_name":"Smarty Store","article_modified_time":"2025-08-27T09:57:11+00:00","og_image":[{"width":1000,"height":1000,"url":"https:\/\/www.smartystore.it\/v25\/wp-content\/uploads\/2015\/09\/Colonnina-segna-percorso-nera-con-nastro-nero-di-3-metri.jpg","type":"image\/jpeg"}],"twitter_card":"summary_large_image","twitter_misc":{"Dur\u00e9e de lecture estim\u00e9e":"4 minutes"},"schema":{"@context":"https:\/\/schema.org","@graph":[{"@type":"WebPage","@id":"https:\/\/www.smartystore.it\/fr\/prodotto\/colonne-de-marquage-noir-avec-ruban-noir\/","url":"https:\/\/www.smartystore.it\/fr\/prodotto\/colonne-de-marquage-noir-avec-ruban-noir\/","name":"Colonne de rep\u00e9rage noire avec ruban noir - Smartystore","isPartOf":{"@id":"https:\/\/www.smartystore.it\/fr\/#website"},"primaryImageOfPage":{"@id":"https:\/\/www.smartystore.it\/fr\/prodotto\/colonne-de-marquage-noir-avec-ruban-noir\/#primaryimage"},"image":{"@id":"https:\/\/www.smartystore.it\/fr\/prodotto\/colonne-de-marquage-noir-avec-ruban-noir\/#primaryimage"},"thumbnailUrl":"https:\/\/www.smartystore.it\/v25\/wp-content\/uploads\/2015\/09\/Colonnina-segna-percorso-nera-con-nastro-nero-di-3-metri.jpg","datePublished":"2015-09-09T08:16:20+00:00","dateModified":"2025-08-27T09:57:11+00:00","description":"Colonne de marquage noire avec ruban noir, hauteur 100 cm. Ruban r\u00e9tractable auto-frein\u00e9 avec verrouillage de s\u00e9curit\u00e9. Achetez en ligne sur Smartystore.","breadcrumb":{"@id":"https:\/\/www.smartystore.it\/fr\/prodotto\/colonne-de-marquage-noir-avec-ruban-noir\/#breadcrumb"},"inLanguage":"fr-FR","potentialAction":[{"@type":"ReadAction","target":["https:\/\/www.smartystore.it\/fr\/prodotto\/colonne-de-marquage-noir-avec-ruban-noir\/"]}]},{"@type":"ImageObject","inLanguage":"fr-FR","@id":"https:\/\/www.smartystore.it\/fr\/prodotto\/colonne-de-marquage-noir-avec-ruban-noir\/#primaryimage","url":"https:\/\/www.smartystore.it\/v25\/wp-content\/uploads\/2015\/09\/Colonnina-segna-percorso-nera-con-nastro-nero-di-3-metri.jpg","contentUrl":"https:\/\/www.smartystore.it\/v25\/wp-content\/uploads\/2015\/09\/Colonnina-segna-percorso-nera-con-nastro-nero-di-3-metri.jpg","width":1000,"height":1000,"caption":"Colonne de marquage NOIR avec ruban noir"},{"@type":"BreadcrumbList","@id":"https:\/\/www.smartystore.it\/fr\/prodotto\/colonne-de-marquage-noir-avec-ruban-noir\/#breadcrumb","itemListElement":[{"@type":"ListItem","position":1,"name":"Home","item":"https:\/\/www.smartystore.it\/fr\/"},{"@type":"ListItem","position":2,"name":"Boutique","item":"https:\/\/www.smartystore.it\/fr\/boutique\/"},{"@type":"ListItem","position":3,"name":"Colonne de marquage NOIR avec ruban noir"}]},{"@type":"WebSite","@id":"https:\/\/www.smartystore.it\/fr\/#website","url":"https:\/\/www.smartystore.it\/fr\/","name":"Smarty Store","description":"Espositori Pubblicitari e Sistemi di Comunicazione Visiva","potentialAction":[{"@type":"SearchAction","target":{"@type":"EntryPoint","urlTemplate":"https:\/\/www.smartystore.it\/fr\/?s={search_term_string}"},"query-input":{"@type":"PropertyValueSpecification","valueRequired":true,"valueName":"search_term_string"}}],"inLanguage":"fr-FR"}]}},"brands":[],"_links":{"self":[{"href":"https:\/\/www.smartystore.it\/fr\/wp-json\/wp\/v2\/product\/95042","targetHints":{"allow":["GET"]}}],"collection":[{"href":"https:\/\/www.smartystore.it\/fr\/wp-json\/wp\/v2\/product"}],"about":[{"href":"https:\/\/www.smartystore.it\/fr\/wp-json\/wp\/v2\/types\/product"}],"replies":[{"embeddable":true,"href":"https:\/\/www.smartystore.it\/fr\/wp-json\/wp\/v2\/comments?post=95042"}],"wp:featuredmedia":[{"embeddable":true,"href":"https:\/\/www.smartystore.it\/fr\/wp-json\/wp\/v2\/media\/95039"}],"wp:attachment":[{"href":"https:\/\/www.smartystore.it\/fr\/wp-json\/wp\/v2\/media?parent=95042"}],"wp:term":[{"taxonomy":"pwb-brand","embeddable":true,"href":"https:\/\/www.smartystore.it\/fr\/wp-json\/wp\/v2\/pwb-brand?post=95042"},{"taxonomy":"product_brand","embeddable":true,"href":"https:\/\/www.smartystore.it\/fr\/wp-json\/wp\/v2\/product_brand?post=95042"},{"taxonomy":"product_cat","embeddable":true,"href":"https:\/\/www.smartystore.it\/fr\/wp-json\/wp\/v2\/product_cat?post=95042"},{"taxonomy":"product_tag","embeddable":true,"href":"https:\/\/www.smartystore.it\/fr\/wp-json\/wp\/v2\/product_tag?post=95042"}],"curies":[{"name":"wp","href":"https:\/\/api.w.org\/{rel}","templated":true}]}}