{"id":94997,"date":"2021-05-12T19:50:46","date_gmt":"2021-05-12T17:50:46","guid":{"rendered":"https:\/\/www.smartystore.it\/prodotto\/presentoirs-muraux-en-opaline-blanche-pour-les-verres\/"},"modified":"2026-03-21T18:15:13","modified_gmt":"2026-03-21T16:15:13","slug":"presentoirs-muraux-en-opaline-blanche-pour-les-verres","status":"publish","type":"product","link":"https:\/\/www.smartystore.it\/fr\/prodotto\/presentoirs-muraux-en-opaline-blanche-pour-les-verres\/","title":{"rendered":"Pr\u00e9sentoirs muraux de lunettes en opaline blanche"},"content":{"rendered":"<div class=\"wpb-content-wrapper\"><p>[vc_row][vc_column][vc_column_text css=\u00a0\u00bb\u00a0\u00bb css_params=\u00a0\u00bb\u00a0\u00bb]<\/p>\n<h1>Pr\u00e9sentoirs muraux de lunettes en opaline blanche<\/h1>\n<p><span dir=\"auto\">Les pr\u00e9sentoirs muraux de lunettes en opaline blanche sont une solution <strong>\u00e9l\u00e9gante<\/strong> et <strong>fonctionnelle<\/strong> pour la pr\u00e9sentation des lunettes, con\u00e7ue pour r\u00e9pondre aux besoins des magasins d&rsquo;optique et des salles d&rsquo;exposition. R\u00e9alis\u00e9s en PMMA (m\u00e9thacrylate blanc), ces pr\u00e9sentoirs offrent une<strong>esth\u00e9tique sophistiqu\u00e9e et<\/strong> <strong>moderne<\/strong>, id\u00e9ale pour mettre en valeur les diff\u00e9rentes collections de lunettes. Gr\u00e2ce \u00e0 leur translucidit\u00e9, ils permettent une vision claire et imm\u00e9diate des lunettes expos\u00e9es, sans d\u00e9tourner l&rsquo;attention du design du produit lui-m\u00eame.  <\/span><\/p>\n<h2>Pr\u00e9sentoirs \u00e0 lunettes muraux en blanc opalin : \u00e9l\u00e9gance et fonctionnalit\u00e9<\/h2>\n<p><span dir=\"auto\">Disponibles en diff\u00e9rentes capacit\u00e9s, les pr\u00e9sentoirs peuvent contenir 80, 60, 45, 40 et 30 paires de lunettes, ce qui les rend tr\u00e8s polyvalents et adaptables \u00e0 tout type d&rsquo;espace. Cette gamme vous permet de choisir la solution la plus appropri\u00e9e en fonction de la taille du mur disponible et du volume de lunettes \u00e0 pr\u00e9senter. La robustesse et la qualit\u00e9 des mat\u00e9riaux garantissent une longue dur\u00e9e de vie et une r\u00e9sistance \u00e0 l&rsquo;usure dans le temps, ce qui les rend id\u00e9aux pour un usage intensif.  <\/span><\/p>\n<p><span dir=\"auto\">Le syst\u00e8me de fixation des pr\u00e9sentoirs est con\u00e7u pour assurer la stabilit\u00e9 et la s\u00e9curit\u00e9. En effet, chaque paquet comprend quatre entretoises m\u00e9talliques qui garantissent une installation simple et s\u00fbre. Ces entretoises offrent non seulement un aspect professionnel, mais permettent \u00e9galement une distance optimale par rapport au mur, ce qui am\u00e9liore encore le design des pr\u00e9sentoirs.  <\/span><\/p>\n<p><span dir=\"auto\">Pour enrichir encore l&rsquo;exp\u00e9rience de l&rsquo;exposition, une <strong>\u00e9tag\u00e8re de rangement<\/strong> peut \u00eatre achet\u00e9e en tant qu&rsquo;<strong>accessoire suppl\u00e9mentaire<\/strong>. Cette \u00e9tag\u00e8re pratique et fonctionnelle offre un espace suppl\u00e9mentaire pour ranger des accessoires tels que des chiffons de nettoyage ou des \u00e9tuis \u00e0 lunettes. L&rsquo;\u00e9tag\u00e8re se fixe directement au mur \u00e0 l&rsquo;aide de deux vis, de deux chevilles et de deux capuchons de vis, tous inclus dans l&#8217;emballage. Cela facilite l&rsquo;installation et permet de conserver un aspect ordonn\u00e9 et coordonn\u00e9 de l&rsquo;ensemble de l&rsquo;installation.   <\/span><\/p>\n<p><span dir=\"auto\">En conclusion, les pr\u00e9sentoirs muraux en opaline blanche pour lunettes ne mettent pas seulement en valeur les produits expos\u00e9s, mais constituent \u00e9galement un choix pratique et durable pour toute entreprise. Avec la possibilit\u00e9 de personnaliser l&rsquo;am\u00e9nagement gr\u00e2ce \u00e0 l&rsquo;\u00e9tag\u00e8re, ces pr\u00e9sentoirs sont un \u00e9l\u00e9ment indispensable pour ceux qui souhaitent pr\u00e9senter leurs articles avec style et professionnalisme. <\/span><\/p>\n<h3>CARACT\u00c9RISTIQUES:<\/h3>\n<ol>\n<li>Pr\u00e9sentoirs muraux en PMMA &#8211; m\u00e9thacrylate blanc.<\/li>\n<li>Disponible pour 80, 60, 45, 40 et 30 paires de lunettes.<\/li>\n<li>Syst\u00e8me de fixation : avec 4 entretoises m\u00e9talliques STR-MP502 incluses dans l&#8217;emballage.<\/li>\n<\/ol>\n<p>L&rsquo;\u00e9tag\u00e8re de rangement peut \u00eatre achet\u00e9e en tant qu&rsquo;accessoire suppl\u00e9mentaire.<\/p>\n<p>Le support est fix\u00e9 directement au mur \u00e0 l&rsquo;aide de 2 vis, 2 chevilles et 2 capuchons de vis (d\u00e9j\u00e0 inclus).<\/p>\n<table style=\"height: 217px; width: 70.3626%; border-collapse: collapse; border-color: #000000;\" border=\"1\">\n<tbody>\n<tr style=\"height: 23px;\">\n<td style=\"width: 14.9842%; text-align: center; height: 23px;\"><strong>CODE<\/strong><\/td>\n<td style=\"width: 35.9397%; text-align: center; height: 23px;\"><strong>DESCRIPTION<\/strong><\/td>\n<td style=\"width: 15.844%; text-align: center; height: 23px;\"><strong>DIMENSIONS<\/strong><\/td>\n<td style=\"width: 5.5498%; text-align: center; height: 23px;\"><strong>DISTANCE DES SUPPORTS<\/strong><\/td>\n<td style=\"width: 10.3587%; text-align: center;\"><strong>FICHE TECHNIQUE<\/strong><\/td>\n<\/tr>\n<tr>\n<td style=\"width: 14.9842%;\">STR-MP250<\/td>\n<td style=\"width: 35.9397%; text-align: center;\">Pr\u00e9sentoir mural pour 80 paires de lunettes<\/td>\n<td style=\"width: 15.844%; text-align: center;\">L 660 x H 1280 mm.<\/td>\n<td style=\"width: 5.5498%; text-align: center;\">60 mm.<\/td>\n<td style=\"width: 10.3587%; text-align: center;\"><a href=\"https:\/\/www.smartystore.it\/v25\/wp-content\/uploads\/2022\/04\/STR-MP250.pdf\" target=\"_blank\" rel=\"noopener\"><img loading=\"lazy\" decoding=\"async\" class=\"alignnone size-full wp-image-93672\" src=\"https:\/\/www.smartystore.it\/v25\/wp-content\/uploads\/2023\/11\/LogoDownload_yellow.jpg\" alt=\"\" width=\"50\" height=\"50\"><\/a><\/td>\n<\/tr>\n<tr style=\"height: 23px;\">\n<td style=\"width: 14.9842%; height: 23px;\">STR-MP250P60<\/td>\n<td style=\"width: 35.9397%; height: 23px; text-align: center;\">Pr\u00e9sentoir mural pour 60 paires de lunettes<\/td>\n<td style=\"width: 15.844%; height: 23px; text-align: center;\">L 660 x H 1280 mm.<\/td>\n<td style=\"width: 5.5498%; height: 23px; text-align: center;\">75 mm.<\/td>\n<td style=\"width: 10.3587%; text-align: center;\"><a href=\"https:\/\/www.smartystore.it\/v25\/wp-content\/uploads\/2022\/04\/STR-MP250P60.pdf\" target=\"_blank\" rel=\"noopener\"><img loading=\"lazy\" decoding=\"async\" class=\"alignnone size-full wp-image-93672\" src=\"https:\/\/www.smartystore.it\/v25\/wp-content\/uploads\/2023\/11\/LogoDownload_yellow.jpg\" alt=\"\" width=\"50\" height=\"50\"><\/a><\/td>\n<\/tr>\n<tr style=\"height: 23px;\">\n<td style=\"width: 14.9842%; height: 23px;\">STR-MP251<\/td>\n<td style=\"width: 35.9397%; height: 23px; text-align: center;\">Pr\u00e9sentoir mural pour 60 paires de lunettes<\/td>\n<td style=\"width: 15.844%; height: 23px; text-align: center;\">L 500 x H 1280 mm.<\/td>\n<td style=\"width: 5.5498%; height: 23px; text-align: center;\">60 mm.<\/td>\n<td style=\"width: 10.3587%; text-align: center;\"><a href=\"https:\/\/www.smartystore.it\/v25\/wp-content\/uploads\/2022\/04\/STR-MP251.pdf\" target=\"_blank\" rel=\"noopener\"><img loading=\"lazy\" decoding=\"async\" class=\"alignnone size-full wp-image-93672\" src=\"https:\/\/www.smartystore.it\/v25\/wp-content\/uploads\/2023\/11\/LogoDownload_yellow.jpg\" alt=\"\" width=\"50\" height=\"50\"><\/a><\/td>\n<\/tr>\n<tr style=\"height: 23px;\">\n<td style=\"width: 14.9842%; height: 23px;\">STR-MP251P45<\/td>\n<td style=\"width: 35.9397%; height: 23px; text-align: center;\">Pr\u00e9sentoir mural pour 45 paires de lunettes<\/td>\n<td style=\"width: 15.844%; height: 23px; text-align: center;\">L 500 x H 1280 mm.<\/td>\n<td style=\"width: 5.5498%; height: 23px; text-align: center;\">75 mm.<\/td>\n<td style=\"width: 10.3587%; text-align: center;\"><a href=\"https:\/\/www.smartystore.it\/v25\/wp-content\/uploads\/2022\/04\/STR-MP251P45.pdf\" target=\"_blank\" rel=\"noopener\"><img loading=\"lazy\" decoding=\"async\" class=\"alignnone size-full wp-image-93672\" src=\"https:\/\/www.smartystore.it\/v25\/wp-content\/uploads\/2023\/11\/LogoDownload_yellow.jpg\" alt=\"\" width=\"50\" height=\"50\"><\/a><\/td>\n<\/tr>\n<tr style=\"height: 23px;\">\n<td style=\"width: 14.9842%; height: 23px;\">STR-MP252<\/td>\n<td style=\"width: 35.9397%; height: 23px; text-align: center;\">Pr\u00e9sentoir mural pour 40 paires de lunettes<\/td>\n<td style=\"width: 15.844%; height: 23px; text-align: center;\">L 330 x H 1280 mm.<\/td>\n<td style=\"width: 5.5498%; height: 23px; text-align: center;\">60 mm.<\/td>\n<td style=\"width: 10.3587%; text-align: center;\"><a href=\"https:\/\/www.smartystore.it\/v25\/wp-content\/uploads\/2022\/04\/STR-MP252.pdf\" target=\"_blank\" rel=\"noopener\"><img loading=\"lazy\" decoding=\"async\" class=\"alignnone size-full wp-image-93672\" src=\"https:\/\/www.smartystore.it\/v25\/wp-content\/uploads\/2023\/11\/LogoDownload_yellow.jpg\" alt=\"\" width=\"50\" height=\"50\"><\/a><\/td>\n<\/tr>\n<tr style=\"height: 23px;\">\n<td style=\"width: 14.9842%; height: 23px;\">STR-MP252P30<\/td>\n<td style=\"width: 35.9397%; height: 23px; text-align: center;\">Pr\u00e9sentoir mural pour 30 paires de lunettes<\/td>\n<td style=\"width: 15.844%; height: 23px; text-align: center;\">L 330 x H 1280 mm.<\/td>\n<td style=\"width: 5.5498%; height: 23px; text-align: center;\">75 mm.<\/td>\n<td style=\"width: 10.3587%; text-align: center;\"><a href=\"https:\/\/www.smartystore.it\/v25\/wp-content\/uploads\/2022\/04\/STR-MP252P30.pdf\" target=\"_blank\" rel=\"noopener\"><img loading=\"lazy\" decoding=\"async\" class=\"alignnone size-full wp-image-93672\" src=\"https:\/\/www.smartystore.it\/v25\/wp-content\/uploads\/2023\/11\/LogoDownload_yellow.jpg\" alt=\"\" width=\"50\" height=\"50\"><\/a><\/td>\n<\/tr>\n<tr style=\"height: 23px;\">\n<td style=\"width: 14.9842%; height: 23px;\">STR-MP250-M<\/td>\n<td style=\"width: 35.9397%; height: 23px; text-align: center;\">Tablette d&rsquo;exposition L 660 mm.<\/td>\n<td style=\"width: 15.844%; height: 23px; text-align: center;\">L 660 x P 180 mm.<\/td>\n<td style=\"width: 5.5498%; height: 23px; text-align: center;\"><\/td>\n<td style=\"width: 10.3587%; text-align: center;\"><\/td>\n<\/tr>\n<tr style=\"height: 23px;\">\n<td style=\"width: 14.9842%; height: 23px;\">STR-MP251-M<\/td>\n<td style=\"width: 35.9397%; height: 23px; text-align: center;\">Tablette d&rsquo;exposition L 500 mm.<\/td>\n<td style=\"width: 15.844%; height: 23px; text-align: center;\">L 500 x P 180 mm.<\/td>\n<td style=\"width: 5.5498%; height: 23px; text-align: center;\"><\/td>\n<td style=\"width: 10.3587%; text-align: center;\"><\/td>\n<\/tr>\n<tr style=\"height: 23px;\">\n<td style=\"width: 14.9842%; height: 23px;\">STR-MP252-M<\/td>\n<td style=\"width: 35.9397%; height: 23px; text-align: center;\">Tablette d&rsquo;exposition L 330 mm.<\/td>\n<td style=\"width: 15.844%; height: 23px; text-align: center;\">L 330 x P 180 mm.<\/td>\n<td style=\"width: 5.5498%; height: 23px; text-align: center;\"><\/td>\n<td style=\"width: 10.3587%; text-align: center;\"><\/td>\n<\/tr>\n<\/tbody>\n<\/table>\n<p><span style=\"color: #000000;\"><strong>D\u00e9lai de livraison : 7\/10 jours ouvrables<\/strong><\/span><\/p>\n<p>&nbsp;<\/p>\n<h3 style=\"text-align: center;\">Voir tous les mod\u00e8les disponibles sur ce <strong><a href=\"https:\/\/www.smartystore.it\/fr\/categoria-prodotto\/presentoirs-pour-lunettes\/\">LIEN<\/a><\/strong><\/h3>\n<p>[\/vc_column_text][\/vc_column][\/vc_row]<\/p>\n<\/div>","protected":false},"excerpt":{"rendered":"<p>Pr\u00e9sentoir mural de lunettes. Disponible pour 80, 60, 45, 40 et 30 paires de lunettes. Etag\u00e8re d\u00e9di\u00e9e en option  <\/p>\n","protected":false},"featured_media":94998,"comment_status":"open","ping_status":"closed","template":"","meta":{"_acf_changed":false},"pwb-brand":[],"product_brand":[],"product_cat":[3016,3014],"product_tag":[4526,4525,4313,4303,4321,4419,4297,4527,4305,4416,4524,4523,4312,4300,4320,4304],"class_list":{"0":"post-94997","1":"product","2":"type-product","3":"status-publish","4":"has-post-thumbnail","6":"product_cat-presentoirs-a-lunettes-muraux","7":"product_cat-presentoirs-pour-lunettes","8":"product_tag-etui-a-lunettes-pour-30-lunettes","9":"product_tag-etui-a-lunettes-pour-40-lunettes","10":"product_tag-etui-a-lunettes-pour-45-lunettes","11":"product_tag-etui-a-lunettes-pour-60-lunettes","12":"product_tag-etui-a-lunettes-pour-80-lunettes","13":"product_tag-porte-lunettes-mural","14":"product_tag-presentoir-a-lunettes","15":"product_tag-presentoir-a-lunettes-avec-etagere","16":"product_tag-presentoir-de-magasin-de-lunettes","17":"product_tag-presentoir-mural-pour-lunettes","18":"product_tag-presentoir-pour-30-verres","19":"product_tag-presentoir-pour-40-verres","20":"product_tag-presentoir-pour-45-verres","21":"product_tag-presentoir-pour-60-verres","22":"product_tag-presentoir-pour-80-verres","23":"product_tag-support-de-lunettes","24":"pa_c2c_color-blanc","25":"pa_c2c_configurazione-exposant","26":"pa_c2c_configurazione-presentoir-4-entretoises","27":"pa_c2c_configurazione-presentoir-etagere","28":"pa_c2c_configurazione-presentoir-etagere-4-entretoises","29":"pa_c2c_dimensione-30-paires-de-lunettes","30":"pa_c2c_dimensione-40-paires-de-lunettes","31":"pa_c2c_dimensione-45-paires-de-lunettes","32":"pa_c2c_dimensione-60-paires-de-lunettes-sp-60","33":"pa_c2c_dimensione-60-paires-de-lunettes-sp-75","34":"pa_c2c_dimensione-80-paires-de-lunettes","35":"pa_c2c_trovraprezzi-oui","37":"first","38":"instock","39":"taxable","40":"shipping-taxable","41":"purchasable","42":"product-type-variable"},"acf":[],"yoast_head":"<!-- This site is optimized with the Yoast SEO plugin v27.4 - https:\/\/yoast.com\/product\/yoast-seo-wordpress\/ -->\n<title>Pr\u00e9sentoirs muraux de lunettes en opaline blanche - Smarty Store Au Meilleur Prix<\/title>\n<meta name=\"description\" content=\"Pr\u00e9sentoirs muraux de lunettes en opaline blanche. Disponibles pour 80, 60, 45, 40 et 30 verres. Livr\u00e9s avec une \u00e9tag\u00e8re de rangement suppl\u00e9mentaire.\" \/>\n<meta name=\"robots\" content=\"index, follow, max-snippet:-1, max-image-preview:large, max-video-preview:-1\" \/>\n<link rel=\"canonical\" href=\"https:\/\/www.smartystore.it\/fr\/prodotto\/presentoirs-muraux-en-opaline-blanche-pour-les-verres\/\" \/>\n<meta property=\"og:locale\" content=\"fr_FR\" \/>\n<meta property=\"og:type\" content=\"article\" \/>\n<meta property=\"og:title\" content=\"Pr\u00e9sentoirs muraux de lunettes en opaline blanche - Smarty Store Au Meilleur Prix\" \/>\n<meta property=\"og:description\" content=\"Pr\u00e9sentoirs muraux de lunettes en opaline blanche. Disponibles pour 80, 60, 45, 40 et 30 verres. Livr\u00e9s avec une \u00e9tag\u00e8re de rangement suppl\u00e9mentaire.\" \/>\n<meta property=\"og:url\" content=\"https:\/\/www.smartystore.it\/fr\/prodotto\/presentoirs-muraux-en-opaline-blanche-pour-les-verres\/\" \/>\n<meta property=\"og:site_name\" content=\"Smarty Store\" \/>\n<meta property=\"article:modified_time\" content=\"2026-03-21T16:15:13+00:00\" \/>\n<meta property=\"og:image\" content=\"https:\/\/www.smartystore.it\/v25\/wp-content\/uploads\/2021\/05\/Espositori-in-opalino-bianco-da-parete-per-40-60-80-paia-di-occhiali.jpg\" \/>\n\t<meta property=\"og:image:width\" content=\"1000\" \/>\n\t<meta property=\"og:image:height\" content=\"1000\" \/>\n\t<meta property=\"og:image:type\" content=\"image\/jpeg\" \/>\n<meta name=\"twitter:card\" content=\"summary_large_image\" \/>\n<meta name=\"twitter:label1\" content=\"Dur\u00e9e de lecture estim\u00e9e\" \/>\n\t<meta name=\"twitter:data1\" content=\"5 minutes\" \/>\n<script type=\"application\/ld+json\" class=\"yoast-schema-graph\">{\"@context\":\"https:\\\/\\\/schema.org\",\"@graph\":[{\"@type\":\"WebPage\",\"@id\":\"https:\\\/\\\/www.smartystore.it\\\/fr\\\/prodotto\\\/presentoirs-muraux-en-opaline-blanche-pour-les-verres\\\/\",\"url\":\"https:\\\/\\\/www.smartystore.it\\\/fr\\\/prodotto\\\/presentoirs-muraux-en-opaline-blanche-pour-les-verres\\\/\",\"name\":\"Pr\u00e9sentoirs muraux de lunettes en opaline blanche - Smarty Store Au Meilleur Prix\",\"isPartOf\":{\"@id\":\"https:\\\/\\\/www.smartystore.it\\\/fr\\\/#website\"},\"primaryImageOfPage\":{\"@id\":\"https:\\\/\\\/www.smartystore.it\\\/fr\\\/prodotto\\\/presentoirs-muraux-en-opaline-blanche-pour-les-verres\\\/#primaryimage\"},\"image\":{\"@id\":\"https:\\\/\\\/www.smartystore.it\\\/fr\\\/prodotto\\\/presentoirs-muraux-en-opaline-blanche-pour-les-verres\\\/#primaryimage\"},\"thumbnailUrl\":\"https:\\\/\\\/www.smartystore.it\\\/v25\\\/wp-content\\\/uploads\\\/2021\\\/05\\\/Espositori-in-opalino-bianco-da-parete-per-40-60-80-paia-di-occhiali.jpg\",\"datePublished\":\"2021-05-12T17:50:46+00:00\",\"dateModified\":\"2026-03-21T16:15:13+00:00\",\"description\":\"Pr\u00e9sentoirs muraux de lunettes en opaline blanche. Disponibles pour 80, 60, 45, 40 et 30 verres. Livr\u00e9s avec une \u00e9tag\u00e8re de rangement suppl\u00e9mentaire.\",\"breadcrumb\":{\"@id\":\"https:\\\/\\\/www.smartystore.it\\\/fr\\\/prodotto\\\/presentoirs-muraux-en-opaline-blanche-pour-les-verres\\\/#breadcrumb\"},\"inLanguage\":\"fr-FR\",\"potentialAction\":[{\"@type\":\"ReadAction\",\"target\":[\"https:\\\/\\\/www.smartystore.it\\\/fr\\\/prodotto\\\/presentoirs-muraux-en-opaline-blanche-pour-les-verres\\\/\"]}]},{\"@type\":\"ImageObject\",\"inLanguage\":\"fr-FR\",\"@id\":\"https:\\\/\\\/www.smartystore.it\\\/fr\\\/prodotto\\\/presentoirs-muraux-en-opaline-blanche-pour-les-verres\\\/#primaryimage\",\"url\":\"https:\\\/\\\/www.smartystore.it\\\/v25\\\/wp-content\\\/uploads\\\/2021\\\/05\\\/Espositori-in-opalino-bianco-da-parete-per-40-60-80-paia-di-occhiali.jpg\",\"contentUrl\":\"https:\\\/\\\/www.smartystore.it\\\/v25\\\/wp-content\\\/uploads\\\/2021\\\/05\\\/Espositori-in-opalino-bianco-da-parete-per-40-60-80-paia-di-occhiali.jpg\",\"width\":1000,\"height\":1000,\"caption\":\"Pr\u00e9sentoirs muraux en opaline blanche pour les verres\"},{\"@type\":\"BreadcrumbList\",\"@id\":\"https:\\\/\\\/www.smartystore.it\\\/fr\\\/prodotto\\\/presentoirs-muraux-en-opaline-blanche-pour-les-verres\\\/#breadcrumb\",\"itemListElement\":[{\"@type\":\"ListItem\",\"position\":1,\"name\":\"Home\",\"item\":\"https:\\\/\\\/www.smartystore.it\\\/fr\\\/\"},{\"@type\":\"ListItem\",\"position\":2,\"name\":\"Boutique\",\"item\":\"https:\\\/\\\/www.smartystore.it\\\/fr\\\/boutique\\\/\"},{\"@type\":\"ListItem\",\"position\":3,\"name\":\"Pr\u00e9sentoirs muraux de lunettes en opaline blanche\"}]},{\"@type\":\"WebSite\",\"@id\":\"https:\\\/\\\/www.smartystore.it\\\/fr\\\/#website\",\"url\":\"https:\\\/\\\/www.smartystore.it\\\/fr\\\/\",\"name\":\"Smarty Store\",\"description\":\"Espositori Pubblicitari e Sistemi di Comunicazione Visiva\",\"potentialAction\":[{\"@type\":\"SearchAction\",\"target\":{\"@type\":\"EntryPoint\",\"urlTemplate\":\"https:\\\/\\\/www.smartystore.it\\\/fr\\\/?s={search_term_string}\"},\"query-input\":{\"@type\":\"PropertyValueSpecification\",\"valueRequired\":true,\"valueName\":\"search_term_string\"}}],\"inLanguage\":\"fr-FR\"}]}<\/script>\n<!-- \/ Yoast SEO plugin. -->","yoast_head_json":{"title":"Pr\u00e9sentoirs muraux de lunettes en opaline blanche - Smarty Store Au Meilleur Prix","description":"Pr\u00e9sentoirs muraux de lunettes en opaline blanche. Disponibles pour 80, 60, 45, 40 et 30 verres. Livr\u00e9s avec une \u00e9tag\u00e8re de rangement suppl\u00e9mentaire.","robots":{"index":"index","follow":"follow","max-snippet":"max-snippet:-1","max-image-preview":"max-image-preview:large","max-video-preview":"max-video-preview:-1"},"canonical":"https:\/\/www.smartystore.it\/fr\/prodotto\/presentoirs-muraux-en-opaline-blanche-pour-les-verres\/","og_locale":"fr_FR","og_type":"article","og_title":"Pr\u00e9sentoirs muraux de lunettes en opaline blanche - Smarty Store Au Meilleur Prix","og_description":"Pr\u00e9sentoirs muraux de lunettes en opaline blanche. Disponibles pour 80, 60, 45, 40 et 30 verres. Livr\u00e9s avec une \u00e9tag\u00e8re de rangement suppl\u00e9mentaire.","og_url":"https:\/\/www.smartystore.it\/fr\/prodotto\/presentoirs-muraux-en-opaline-blanche-pour-les-verres\/","og_site_name":"Smarty Store","article_modified_time":"2026-03-21T16:15:13+00:00","og_image":[{"width":1000,"height":1000,"url":"https:\/\/www.smartystore.it\/v25\/wp-content\/uploads\/2021\/05\/Espositori-in-opalino-bianco-da-parete-per-40-60-80-paia-di-occhiali.jpg","type":"image\/jpeg"}],"twitter_card":"summary_large_image","twitter_misc":{"Dur\u00e9e de lecture estim\u00e9e":"5 minutes"},"schema":{"@context":"https:\/\/schema.org","@graph":[{"@type":"WebPage","@id":"https:\/\/www.smartystore.it\/fr\/prodotto\/presentoirs-muraux-en-opaline-blanche-pour-les-verres\/","url":"https:\/\/www.smartystore.it\/fr\/prodotto\/presentoirs-muraux-en-opaline-blanche-pour-les-verres\/","name":"Pr\u00e9sentoirs muraux de lunettes en opaline blanche - Smarty Store Au Meilleur Prix","isPartOf":{"@id":"https:\/\/www.smartystore.it\/fr\/#website"},"primaryImageOfPage":{"@id":"https:\/\/www.smartystore.it\/fr\/prodotto\/presentoirs-muraux-en-opaline-blanche-pour-les-verres\/#primaryimage"},"image":{"@id":"https:\/\/www.smartystore.it\/fr\/prodotto\/presentoirs-muraux-en-opaline-blanche-pour-les-verres\/#primaryimage"},"thumbnailUrl":"https:\/\/www.smartystore.it\/v25\/wp-content\/uploads\/2021\/05\/Espositori-in-opalino-bianco-da-parete-per-40-60-80-paia-di-occhiali.jpg","datePublished":"2021-05-12T17:50:46+00:00","dateModified":"2026-03-21T16:15:13+00:00","description":"Pr\u00e9sentoirs muraux de lunettes en opaline blanche. Disponibles pour 80, 60, 45, 40 et 30 verres. Livr\u00e9s avec une \u00e9tag\u00e8re de rangement suppl\u00e9mentaire.","breadcrumb":{"@id":"https:\/\/www.smartystore.it\/fr\/prodotto\/presentoirs-muraux-en-opaline-blanche-pour-les-verres\/#breadcrumb"},"inLanguage":"fr-FR","potentialAction":[{"@type":"ReadAction","target":["https:\/\/www.smartystore.it\/fr\/prodotto\/presentoirs-muraux-en-opaline-blanche-pour-les-verres\/"]}]},{"@type":"ImageObject","inLanguage":"fr-FR","@id":"https:\/\/www.smartystore.it\/fr\/prodotto\/presentoirs-muraux-en-opaline-blanche-pour-les-verres\/#primaryimage","url":"https:\/\/www.smartystore.it\/v25\/wp-content\/uploads\/2021\/05\/Espositori-in-opalino-bianco-da-parete-per-40-60-80-paia-di-occhiali.jpg","contentUrl":"https:\/\/www.smartystore.it\/v25\/wp-content\/uploads\/2021\/05\/Espositori-in-opalino-bianco-da-parete-per-40-60-80-paia-di-occhiali.jpg","width":1000,"height":1000,"caption":"Pr\u00e9sentoirs muraux en opaline blanche pour les verres"},{"@type":"BreadcrumbList","@id":"https:\/\/www.smartystore.it\/fr\/prodotto\/presentoirs-muraux-en-opaline-blanche-pour-les-verres\/#breadcrumb","itemListElement":[{"@type":"ListItem","position":1,"name":"Home","item":"https:\/\/www.smartystore.it\/fr\/"},{"@type":"ListItem","position":2,"name":"Boutique","item":"https:\/\/www.smartystore.it\/fr\/boutique\/"},{"@type":"ListItem","position":3,"name":"Pr\u00e9sentoirs muraux de lunettes en opaline blanche"}]},{"@type":"WebSite","@id":"https:\/\/www.smartystore.it\/fr\/#website","url":"https:\/\/www.smartystore.it\/fr\/","name":"Smarty Store","description":"Espositori Pubblicitari e Sistemi di Comunicazione Visiva","potentialAction":[{"@type":"SearchAction","target":{"@type":"EntryPoint","urlTemplate":"https:\/\/www.smartystore.it\/fr\/?s={search_term_string}"},"query-input":{"@type":"PropertyValueSpecification","valueRequired":true,"valueName":"search_term_string"}}],"inLanguage":"fr-FR"}]}},"brands":[],"_links":{"self":[{"href":"https:\/\/www.smartystore.it\/fr\/wp-json\/wp\/v2\/product\/94997","targetHints":{"allow":["GET"]}}],"collection":[{"href":"https:\/\/www.smartystore.it\/fr\/wp-json\/wp\/v2\/product"}],"about":[{"href":"https:\/\/www.smartystore.it\/fr\/wp-json\/wp\/v2\/types\/product"}],"replies":[{"embeddable":true,"href":"https:\/\/www.smartystore.it\/fr\/wp-json\/wp\/v2\/comments?post=94997"}],"wp:featuredmedia":[{"embeddable":true,"href":"https:\/\/www.smartystore.it\/fr\/wp-json\/wp\/v2\/media\/94998"}],"wp:attachment":[{"href":"https:\/\/www.smartystore.it\/fr\/wp-json\/wp\/v2\/media?parent=94997"}],"wp:term":[{"taxonomy":"pwb-brand","embeddable":true,"href":"https:\/\/www.smartystore.it\/fr\/wp-json\/wp\/v2\/pwb-brand?post=94997"},{"taxonomy":"product_brand","embeddable":true,"href":"https:\/\/www.smartystore.it\/fr\/wp-json\/wp\/v2\/product_brand?post=94997"},{"taxonomy":"product_cat","embeddable":true,"href":"https:\/\/www.smartystore.it\/fr\/wp-json\/wp\/v2\/product_cat?post=94997"},{"taxonomy":"product_tag","embeddable":true,"href":"https:\/\/www.smartystore.it\/fr\/wp-json\/wp\/v2\/product_tag?post=94997"}],"curies":[{"name":"wp","href":"https:\/\/api.w.org\/{rel}","templated":true}]}}