{"id":94993,"date":"2020-09-04T14:10:41","date_gmt":"2020-09-04T14:10:41","guid":{"rendered":"https:\/\/www.smartystore.it\/prodotto\/marqueur-de-colonne-noir-avec-ruban-de-25-metres\/"},"modified":"2025-08-27T12:03:22","modified_gmt":"2025-08-27T10:03:22","slug":"marqueur-de-colonne-noir-avec-ruban-de-2-5-metres","status":"publish","type":"product","link":"https:\/\/www.smartystore.it\/fr\/prodotto\/marqueur-de-colonne-noir-avec-ruban-de-2-5-metres\/","title":{"rendered":"Marqueur de colonne NOIR avec ruban de 2,5 m\u00e8tres"},"content":{"rendered":"<div class=\"wpb-content-wrapper\"><p>[vc_row][vc_column][vc_column_text css=\u00a0\u00bb\u00a0\u00bb css_params=\u00a0\u00bb\u00a0\u00bb]<\/p>\n<h1><strong>Marqueur de colonne NOIR avec ruban de 2,5 m\u00e8tres<\/strong><\/h1>\n<p>La borne BLACK avec ruban de 2,5 m\u00e8tres est une solution \u00e9l\u00e9gante et fonctionnelle pour g\u00e9rer les flux de personnes dans diff\u00e9rents contextes, tels que les magasins, les bureaux, les centres de conf\u00e9rence, les mus\u00e9es et les \u00e9v\u00e9nements. R\u00e9alis\u00e9e en acier bross\u00e9 noir satin\u00e9, cette borne offre non seulement robustesse et stabilit\u00e9, mais s&rsquo;int\u00e8gre aussi parfaitement dans les environnements modernes et traditionnels. <\/p>\n<h2><strong>Bande noire de 2,5 m\u00e8tres avec m\u00e9canisme d&rsquo;autofreinage<\/strong><\/h2>\n<p>Le ruban, d&rsquo;une longueur d&rsquo;environ 2,5 m\u00e8tres et d&rsquo;une hauteur de 5 cm, est \u00e9galement noir, ce qui lui conf\u00e8re un aspect uniforme et professionnel. Il est con\u00e7u pour \u00eatre facilement d\u00e9ploy\u00e9 et r\u00e9tract\u00e9, gr\u00e2ce \u00e0 un m\u00e9canisme d&rsquo;auto-freinage qui assure un mouvement contr\u00f4l\u00e9. En outre, le syst\u00e8me est \u00e9quip\u00e9 d&rsquo;un clip de verrouillage de s\u00e9curit\u00e9 qui emp\u00eache l&rsquo;ouverture accidentelle de la bande, garantissant ainsi une utilisation s\u00fbre dans toutes les situations.  <\/p>\n<p>La base du poteau a un diam\u00e8tre de 32 cm et est recouverte d&rsquo;acier, ce qui lui conf\u00e8re stabilit\u00e9 et solidit\u00e9. Le poteau a un diam\u00e8tre de 6,3 cm et une hauteur totale de 92,5 cm, des caract\u00e9ristiques qui contribuent \u00e0 une pr\u00e9sentation claire et \u00e0 une d\u00e9limitation efficace des espaces. <\/p>\n<p>Avec un poids total de seulement 8,3 kg, la colonne est facile \u00e0 d\u00e9placer et \u00e0 positionner dans diff\u00e9rentes zones, s&rsquo;adaptant rapidement aux besoins de tout \u00e9v\u00e9nement ou situation. Cela en fait une option polyvalente pour tous ceux qui souhaitent g\u00e9rer le trafic des visiteurs ou des clients avec style et en toute s\u00e9curit\u00e9. <\/p>\n<h2><strong>La personnalisation du ruban de la borne NOIRE avec un ruban de 2,5 m\u00e8tres<\/strong><\/h2>\n<p>Une autre caract\u00e9ristique int\u00e9ressante de la borne BLACK est la possibilit\u00e9 de personnaliser le ruban des deux c\u00f4t\u00e9s avec votre propre logo, qui peut \u00eatre r\u00e9alis\u00e9 en une ou plusieurs couleurs. Cette option vous permet de promouvoir la marque de votre entreprise lors de l&rsquo;organisation d&rsquo;\u00e9v\u00e9nements ou de la gestion d&rsquo;espaces publics, en assurant la visibilit\u00e9 et la reconnaissance de la marque. <\/p>\n<p>En r\u00e9sum\u00e9, la borne de marquage de ruban BLACK 2,5 m\u00e8tres est un choix id\u00e9al pour ceux qui recherchent un produit fonctionnel et visuellement percutant. La combinaison d&rsquo;un design moderne, de mat\u00e9riaux de haute qualit\u00e9 et de la personnalisation fait de cette borne un \u00e9l\u00e9ment indispensable \u00e0 la r\u00e9ussite des \u00e9v\u00e9nements et des initiatives commerciales. <\/p>\n<p>&nbsp;<\/p>\n<h2>Caract\u00e9ristiques<\/h2>\n<ol>\n<li>Colonne de marquage en acier bross\u00e9 noir.<\/li>\n<li>Ruban noir : L environ 2,5 m\u00e8tres &#8211; H 5 cm.<\/li>\n<li>Enrouleur avec m\u00e9canisme d&rsquo;auto-freinage avec clip de verrouillage de s\u00e9curit\u00e9.<\/li>\n<li>Base avec couvercle en acier \u00d8 32 cm, poteau \u00d8 6,3 cm, colonne H 92,5 cm.<\/li>\n<li>Poids total de la colonne : 8,3 kg<\/li>\n<\/ol>\n<p>Le co\u00fbt se r\u00e9f\u00e8re \u00e0 une colonne avec une bobine de ruban noir.<\/p>\n<p>Possibilit\u00e9 de personnaliser le ruban des deux c\u00f4t\u00e9s avec un logo en une ou plusieurs couleurs (contactez-nous pour plus d&rsquo;informations et pour conna\u00eetre les co\u00fbts).<\/p>\n<p>Voir la version en ruban de 3 m\u00e8tres \u00e0 ce <strong><span style=\"color: #ff0000;\"><a style=\"color: #ff0000;\" href=\"https:\/\/www.smartystore.it\/fr\/prodotto\/colonne-de-marquage-noir-avec-ruban-noir\/\">LIEN<\/a><\/span><\/strong><\/p>\n<p>Ou la version avec bande de 3 m\u00e8tres et base ultra-plate \u00e0 cette adresse <span style=\"color: #ff0000;\"><strong><a style=\"color: #ff0000;\" href=\"https:\/\/www.smartystore.it\/fr\/prodotto\/colonne-de-marquage-black-tendilinea-avec-ruban-noir-de-3-metres\/\">LIEN<\/a><\/strong><\/span><\/p>\n<p>Pour une stabilit\u00e9 maximale, la version ultra-lourde avec un ruban de 3 m\u00e8tres et une base ultra-plate est disponible sur le site suivant <span style=\"color: #ff0000;\"><strong><a style=\"color: #ff0000;\" href=\"https:\/\/www.smartystore.it\/fr\/prodotto\/15-kg-colonne-de-marquage-black-tendilinea-avec-ruban-noir-de-3-metres\/\">LIEN<\/a><\/strong><\/span><\/p>\n<p>&nbsp;<\/p>\n<p><a href=\"https:\/\/www.smartystore.it\/v25\/wp-content\/uploads\/2020\/09\/STR-STOP81.pdf\" target=\"_blank\" rel=\"noopener\"><img loading=\"lazy\" decoding=\"async\" class=\"alignnone size-full wp-image-93510\" src=\"https:\/\/www.smartystore.it\/v25\/wp-content\/uploads\/2014\/10\/SchedaTecnica-300-e1750084266903.png\" alt=\"\" width=\"249\" height=\"63\"><\/a>[\/vc_column_text][\/vc_column][\/vc_row]<\/p>\n<\/div>","protected":false},"excerpt":{"rendered":"<p>Colonne noire avec ruban enrouleur de 2,5 m\u00e8tres.<\/p>\n","protected":false},"featured_media":94986,"comment_status":"open","ping_status":"closed","template":"","meta":{"_acf_changed":false},"pwb-brand":[],"product_brand":[],"product_cat":[3078,3079],"product_tag":[4259,4258,4593,4592,4595,4594,4264,4260],"class_list":{"0":"post-94993","1":"product","2":"type-product","3":"status-publish","4":"has-post-thumbnail","6":"product_cat-poteau-de-separation","7":"product_cat-poteau-de-separation-fr","8":"product_tag-balisage-des-sentiers","9":"product_tag-colonne-de-marquage","10":"product_tag-colonne-de-tension-de-25-metres","11":"product_tag-colonne-de-tension-de-ruban-flexible-25-metres","12":"product_tag-piquets-avec-bande-amovible-de-25-metres","13":"product_tag-poteau-de-tension-de-ligne-flexible-25-metres","14":"product_tag-poteaux-de-guidage-de-la-rangee-noire","15":"product_tag-traceur-de-piste-noir","16":"pa_c2c_color-noir","17":"pa_c2c_dimensione-25-metres","18":"pa_c2c_trovraprezzi-oui","20":"first","21":"instock","22":"taxable","23":"shipping-taxable","24":"purchasable","25":"product-type-variable"},"acf":[],"yoast_head":"<!-- This site is optimized with the Yoast SEO plugin v27.4 - https:\/\/yoast.com\/product\/yoast-seo-wordpress\/ -->\n<title>Marqueur de colonne NOIR avec ruban de 2,5 m\u00e8tres - Smarty Store<\/title>\n<meta name=\"description\" content=\"Colonne de traceurs NOIRE avec ruban noir de 2,5 m\u00e8tres, excellente stabilit\u00e9 et enrouleur de ruban avec syst\u00e8me de freinage. Acheter chez SmartyStore\" \/>\n<meta name=\"robots\" content=\"index, follow, max-snippet:-1, max-image-preview:large, max-video-preview:-1\" \/>\n<link rel=\"canonical\" href=\"https:\/\/www.smartystore.it\/fr\/prodotto\/marqueur-de-colonne-noir-avec-ruban-de-2-5-metres\/\" \/>\n<meta property=\"og:locale\" content=\"fr_FR\" \/>\n<meta property=\"og:type\" content=\"article\" \/>\n<meta property=\"og:title\" content=\"Marqueur de colonne NOIR avec ruban de 2,5 m\u00e8tres - Smarty Store\" \/>\n<meta property=\"og:description\" content=\"Colonne de traceurs NOIRE avec ruban noir de 2,5 m\u00e8tres, excellente stabilit\u00e9 et enrouleur de ruban avec syst\u00e8me de freinage. Acheter chez SmartyStore\" \/>\n<meta property=\"og:url\" content=\"https:\/\/www.smartystore.it\/fr\/prodotto\/marqueur-de-colonne-noir-avec-ruban-de-2-5-metres\/\" \/>\n<meta property=\"og:site_name\" content=\"Smarty Store\" \/>\n<meta property=\"article:modified_time\" content=\"2025-08-27T10:03:22+00:00\" \/>\n<meta property=\"og:image\" content=\"https:\/\/www.smartystore.it\/v25\/wp-content\/uploads\/2020\/09\/Colonnina-segna-percorso-nera-con-nastro-nero-di-25-metri.jpg\" \/>\n\t<meta property=\"og:image:width\" content=\"1000\" \/>\n\t<meta property=\"og:image:height\" content=\"1000\" \/>\n\t<meta property=\"og:image:type\" content=\"image\/jpeg\" \/>\n<meta name=\"twitter:card\" content=\"summary_large_image\" \/>\n<meta name=\"twitter:label1\" content=\"Dur\u00e9e de lecture estim\u00e9e\" \/>\n\t<meta name=\"twitter:data1\" content=\"4 minutes\" \/>\n<script type=\"application\/ld+json\" class=\"yoast-schema-graph\">{\"@context\":\"https:\\\/\\\/schema.org\",\"@graph\":[{\"@type\":\"WebPage\",\"@id\":\"https:\\\/\\\/www.smartystore.it\\\/fr\\\/prodotto\\\/marqueur-de-colonne-noir-avec-ruban-de-2-5-metres\\\/\",\"url\":\"https:\\\/\\\/www.smartystore.it\\\/fr\\\/prodotto\\\/marqueur-de-colonne-noir-avec-ruban-de-2-5-metres\\\/\",\"name\":\"Marqueur de colonne NOIR avec ruban de 2,5 m\u00e8tres - Smarty Store\",\"isPartOf\":{\"@id\":\"https:\\\/\\\/www.smartystore.it\\\/fr\\\/#website\"},\"primaryImageOfPage\":{\"@id\":\"https:\\\/\\\/www.smartystore.it\\\/fr\\\/prodotto\\\/marqueur-de-colonne-noir-avec-ruban-de-2-5-metres\\\/#primaryimage\"},\"image\":{\"@id\":\"https:\\\/\\\/www.smartystore.it\\\/fr\\\/prodotto\\\/marqueur-de-colonne-noir-avec-ruban-de-2-5-metres\\\/#primaryimage\"},\"thumbnailUrl\":\"https:\\\/\\\/www.smartystore.it\\\/v25\\\/wp-content\\\/uploads\\\/2020\\\/09\\\/Colonnina-segna-percorso-nera-con-nastro-nero-di-25-metri.jpg\",\"datePublished\":\"2020-09-04T14:10:41+00:00\",\"dateModified\":\"2025-08-27T10:03:22+00:00\",\"description\":\"Colonne de traceurs NOIRE avec ruban noir de 2,5 m\u00e8tres, excellente stabilit\u00e9 et enrouleur de ruban avec syst\u00e8me de freinage. Acheter chez SmartyStore\",\"breadcrumb\":{\"@id\":\"https:\\\/\\\/www.smartystore.it\\\/fr\\\/prodotto\\\/marqueur-de-colonne-noir-avec-ruban-de-2-5-metres\\\/#breadcrumb\"},\"inLanguage\":\"fr-FR\",\"potentialAction\":[{\"@type\":\"ReadAction\",\"target\":[\"https:\\\/\\\/www.smartystore.it\\\/fr\\\/prodotto\\\/marqueur-de-colonne-noir-avec-ruban-de-2-5-metres\\\/\"]}]},{\"@type\":\"ImageObject\",\"inLanguage\":\"fr-FR\",\"@id\":\"https:\\\/\\\/www.smartystore.it\\\/fr\\\/prodotto\\\/marqueur-de-colonne-noir-avec-ruban-de-2-5-metres\\\/#primaryimage\",\"url\":\"https:\\\/\\\/www.smartystore.it\\\/v25\\\/wp-content\\\/uploads\\\/2020\\\/09\\\/Colonnina-segna-percorso-nera-con-nastro-nero-di-25-metri.jpg\",\"contentUrl\":\"https:\\\/\\\/www.smartystore.it\\\/v25\\\/wp-content\\\/uploads\\\/2020\\\/09\\\/Colonnina-segna-percorso-nera-con-nastro-nero-di-25-metri.jpg\",\"width\":1000,\"height\":1000,\"caption\":\"Marqueur de colonne NOIR avec ruban de 2.5 m\u00e8tres\"},{\"@type\":\"BreadcrumbList\",\"@id\":\"https:\\\/\\\/www.smartystore.it\\\/fr\\\/prodotto\\\/marqueur-de-colonne-noir-avec-ruban-de-2-5-metres\\\/#breadcrumb\",\"itemListElement\":[{\"@type\":\"ListItem\",\"position\":1,\"name\":\"Home\",\"item\":\"https:\\\/\\\/www.smartystore.it\\\/fr\\\/\"},{\"@type\":\"ListItem\",\"position\":2,\"name\":\"Boutique\",\"item\":\"https:\\\/\\\/www.smartystore.it\\\/fr\\\/boutique\\\/\"},{\"@type\":\"ListItem\",\"position\":3,\"name\":\"Marqueur de colonne NOIR avec ruban de 2,5 m\u00e8tres\"}]},{\"@type\":\"WebSite\",\"@id\":\"https:\\\/\\\/www.smartystore.it\\\/fr\\\/#website\",\"url\":\"https:\\\/\\\/www.smartystore.it\\\/fr\\\/\",\"name\":\"Smarty Store\",\"description\":\"Espositori Pubblicitari e Sistemi di Comunicazione Visiva\",\"potentialAction\":[{\"@type\":\"SearchAction\",\"target\":{\"@type\":\"EntryPoint\",\"urlTemplate\":\"https:\\\/\\\/www.smartystore.it\\\/fr\\\/?s={search_term_string}\"},\"query-input\":{\"@type\":\"PropertyValueSpecification\",\"valueRequired\":true,\"valueName\":\"search_term_string\"}}],\"inLanguage\":\"fr-FR\"}]}<\/script>\n<!-- \/ Yoast SEO plugin. -->","yoast_head_json":{"title":"Marqueur de colonne NOIR avec ruban de 2,5 m\u00e8tres - Smarty Store","description":"Colonne de traceurs NOIRE avec ruban noir de 2,5 m\u00e8tres, excellente stabilit\u00e9 et enrouleur de ruban avec syst\u00e8me de freinage. Acheter chez SmartyStore","robots":{"index":"index","follow":"follow","max-snippet":"max-snippet:-1","max-image-preview":"max-image-preview:large","max-video-preview":"max-video-preview:-1"},"canonical":"https:\/\/www.smartystore.it\/fr\/prodotto\/marqueur-de-colonne-noir-avec-ruban-de-2-5-metres\/","og_locale":"fr_FR","og_type":"article","og_title":"Marqueur de colonne NOIR avec ruban de 2,5 m\u00e8tres - Smarty Store","og_description":"Colonne de traceurs NOIRE avec ruban noir de 2,5 m\u00e8tres, excellente stabilit\u00e9 et enrouleur de ruban avec syst\u00e8me de freinage. Acheter chez SmartyStore","og_url":"https:\/\/www.smartystore.it\/fr\/prodotto\/marqueur-de-colonne-noir-avec-ruban-de-2-5-metres\/","og_site_name":"Smarty Store","article_modified_time":"2025-08-27T10:03:22+00:00","og_image":[{"width":1000,"height":1000,"url":"https:\/\/www.smartystore.it\/v25\/wp-content\/uploads\/2020\/09\/Colonnina-segna-percorso-nera-con-nastro-nero-di-25-metri.jpg","type":"image\/jpeg"}],"twitter_card":"summary_large_image","twitter_misc":{"Dur\u00e9e de lecture estim\u00e9e":"4 minutes"},"schema":{"@context":"https:\/\/schema.org","@graph":[{"@type":"WebPage","@id":"https:\/\/www.smartystore.it\/fr\/prodotto\/marqueur-de-colonne-noir-avec-ruban-de-2-5-metres\/","url":"https:\/\/www.smartystore.it\/fr\/prodotto\/marqueur-de-colonne-noir-avec-ruban-de-2-5-metres\/","name":"Marqueur de colonne NOIR avec ruban de 2,5 m\u00e8tres - Smarty Store","isPartOf":{"@id":"https:\/\/www.smartystore.it\/fr\/#website"},"primaryImageOfPage":{"@id":"https:\/\/www.smartystore.it\/fr\/prodotto\/marqueur-de-colonne-noir-avec-ruban-de-2-5-metres\/#primaryimage"},"image":{"@id":"https:\/\/www.smartystore.it\/fr\/prodotto\/marqueur-de-colonne-noir-avec-ruban-de-2-5-metres\/#primaryimage"},"thumbnailUrl":"https:\/\/www.smartystore.it\/v25\/wp-content\/uploads\/2020\/09\/Colonnina-segna-percorso-nera-con-nastro-nero-di-25-metri.jpg","datePublished":"2020-09-04T14:10:41+00:00","dateModified":"2025-08-27T10:03:22+00:00","description":"Colonne de traceurs NOIRE avec ruban noir de 2,5 m\u00e8tres, excellente stabilit\u00e9 et enrouleur de ruban avec syst\u00e8me de freinage. Acheter chez SmartyStore","breadcrumb":{"@id":"https:\/\/www.smartystore.it\/fr\/prodotto\/marqueur-de-colonne-noir-avec-ruban-de-2-5-metres\/#breadcrumb"},"inLanguage":"fr-FR","potentialAction":[{"@type":"ReadAction","target":["https:\/\/www.smartystore.it\/fr\/prodotto\/marqueur-de-colonne-noir-avec-ruban-de-2-5-metres\/"]}]},{"@type":"ImageObject","inLanguage":"fr-FR","@id":"https:\/\/www.smartystore.it\/fr\/prodotto\/marqueur-de-colonne-noir-avec-ruban-de-2-5-metres\/#primaryimage","url":"https:\/\/www.smartystore.it\/v25\/wp-content\/uploads\/2020\/09\/Colonnina-segna-percorso-nera-con-nastro-nero-di-25-metri.jpg","contentUrl":"https:\/\/www.smartystore.it\/v25\/wp-content\/uploads\/2020\/09\/Colonnina-segna-percorso-nera-con-nastro-nero-di-25-metri.jpg","width":1000,"height":1000,"caption":"Marqueur de colonne NOIR avec ruban de 2.5 m\u00e8tres"},{"@type":"BreadcrumbList","@id":"https:\/\/www.smartystore.it\/fr\/prodotto\/marqueur-de-colonne-noir-avec-ruban-de-2-5-metres\/#breadcrumb","itemListElement":[{"@type":"ListItem","position":1,"name":"Home","item":"https:\/\/www.smartystore.it\/fr\/"},{"@type":"ListItem","position":2,"name":"Boutique","item":"https:\/\/www.smartystore.it\/fr\/boutique\/"},{"@type":"ListItem","position":3,"name":"Marqueur de colonne NOIR avec ruban de 2,5 m\u00e8tres"}]},{"@type":"WebSite","@id":"https:\/\/www.smartystore.it\/fr\/#website","url":"https:\/\/www.smartystore.it\/fr\/","name":"Smarty Store","description":"Espositori Pubblicitari e Sistemi di Comunicazione Visiva","potentialAction":[{"@type":"SearchAction","target":{"@type":"EntryPoint","urlTemplate":"https:\/\/www.smartystore.it\/fr\/?s={search_term_string}"},"query-input":{"@type":"PropertyValueSpecification","valueRequired":true,"valueName":"search_term_string"}}],"inLanguage":"fr-FR"}]}},"brands":[],"_links":{"self":[{"href":"https:\/\/www.smartystore.it\/fr\/wp-json\/wp\/v2\/product\/94993","targetHints":{"allow":["GET"]}}],"collection":[{"href":"https:\/\/www.smartystore.it\/fr\/wp-json\/wp\/v2\/product"}],"about":[{"href":"https:\/\/www.smartystore.it\/fr\/wp-json\/wp\/v2\/types\/product"}],"replies":[{"embeddable":true,"href":"https:\/\/www.smartystore.it\/fr\/wp-json\/wp\/v2\/comments?post=94993"}],"wp:featuredmedia":[{"embeddable":true,"href":"https:\/\/www.smartystore.it\/fr\/wp-json\/wp\/v2\/media\/94986"}],"wp:attachment":[{"href":"https:\/\/www.smartystore.it\/fr\/wp-json\/wp\/v2\/media?parent=94993"}],"wp:term":[{"taxonomy":"pwb-brand","embeddable":true,"href":"https:\/\/www.smartystore.it\/fr\/wp-json\/wp\/v2\/pwb-brand?post=94993"},{"taxonomy":"product_brand","embeddable":true,"href":"https:\/\/www.smartystore.it\/fr\/wp-json\/wp\/v2\/product_brand?post=94993"},{"taxonomy":"product_cat","embeddable":true,"href":"https:\/\/www.smartystore.it\/fr\/wp-json\/wp\/v2\/product_cat?post=94993"},{"taxonomy":"product_tag","embeddable":true,"href":"https:\/\/www.smartystore.it\/fr\/wp-json\/wp\/v2\/product_tag?post=94993"}],"curies":[{"name":"wp","href":"https:\/\/api.w.org\/{rel}","templated":true}]}}