{"id":94964,"date":"2021-05-13T16:12:25","date_gmt":"2021-05-13T14:12:25","guid":{"rendered":"https:\/\/www.smartystore.it\/prodotto\/presentoirs-muraux-de-lunettes-en-opaline-blanche-et-9-tablettes-transparentes\/"},"modified":"2026-02-05T16:20:49","modified_gmt":"2026-02-05T14:20:49","slug":"presentoirs-muraux-de-lunettes-en-opaline-blanche-et-9-tablettes-transparentes","status":"publish","type":"product","link":"https:\/\/www.smartystore.it\/fr\/prodotto\/presentoirs-muraux-de-lunettes-en-opaline-blanche-et-9-tablettes-transparentes\/","title":{"rendered":"Pr\u00e9sentoirs muraux de lunettes en opaline blanche et 9 tablettes transparentes"},"content":{"rendered":"<div class=\"wpb-content-wrapper\"><p>[vc_row][vc_column][vc_column_text css=\u00a0\u00bb\u00a0\u00bb css_params=\u00a0\u00bb\u00a0\u00bb]<\/p>\n<h1>Pr\u00e9sentoirs muraux de lunettes en opaline blanche et 9 tablettes transparentes<\/h1>\n<p><span dir=\"auto\">Lorsqu&rsquo;il s&rsquo;agit de pr\u00e9senter et de vendre des lunettes, le choix des pr\u00e9sentoirs est d&rsquo;une importance capitale. Nos pr\u00e9sentoirs muraux en opaline blanche se distinguent non seulement par leur<strong>esth\u00e9tique sophistiqu\u00e9e<\/strong>, mais aussi par leur <strong>fonctionnalit\u00e9<\/strong> et leur <strong>polyvalence<\/strong>. Avec un design \u00e9l\u00e9gant et moderne, ces pr\u00e9sentoirs sont con\u00e7us pour mettre en valeur tous les types de lunettes, en les rendant facilement accessibles et visuellement attrayants pour les clients.  <\/span><\/p>\n<p><span dir=\"auto\">Chaque pr\u00e9sentoir est \u00e9quip\u00e9 de 9 \u00e9tag\u00e8res spacieuses en plexiglas transparent, qui garantissent une visibilit\u00e9 optimale des produits expos\u00e9s. Cette solution innovante permet aux consommateurs d&rsquo;observer clairement les cadres sans avoir \u00e0 les retirer, ce qui facilite le processus de prise de d\u00e9cision. Les \u00e9tag\u00e8res en plexiglas sont non seulement r\u00e9sistantes et durables, mais elles garantissent \u00e9galement un nettoyage et un entretien faciles, en conservant toujours un aspect soign\u00e9 et professionnel.  <\/span><\/p>\n<h2>Pr\u00e9sentoirs muraux de lunettes en opaline blanche et 9 tablettes transparentes : un maximum de praticit\u00e9<\/h2>\n<p><span dir=\"auto\">Nos pr\u00e9sentoirs sont disponibles en trois largeurs diff\u00e9rentes, s&rsquo;adaptant ainsi aux besoins sp\u00e9cifiques de chaque point de vente. Qu&rsquo;il s&rsquo;agisse d&rsquo;un magasin d&rsquo;optique, d&rsquo;un centre commercial ou d&rsquo;une boutique de mode, trouver la bonne taille sera simple et efficace. Cette flexibilit\u00e9 permet aux d\u00e9taillants d&rsquo;optimiser leur espace disponible et de pr\u00e9senter un assortiment vari\u00e9 de lunettes.  <\/span><\/p>\n<p><span dir=\"auto\">En ce qui concerne le syst\u00e8me de fixation, chaque pr\u00e9sentoir est livr\u00e9 avec un jeu d&rsquo;entretoises m\u00e9talliques, ce qui garantit une installation s\u00fbre et stable. Pour les mod\u00e8les pouvant accueillir 27 et 36 paires de lunettes, 4 entretoises m\u00e9talliques sont incluses, tandis que pour le mod\u00e8le de 45 paires, le nombre d&rsquo;entretoises passe \u00e0 6. Les pr\u00e9sentoirs sont ainsi solidement ancr\u00e9s au mur, ce qui offre une protection suppl\u00e9mentaire contre les chutes et les d\u00e9placements.  <\/span><\/p>\n<p>En un coup d&rsquo;\u0153il, des <span dir=\"auto\">pr\u00e9sentoirs de<\/span>lunettes muraux en opaline blanche et 9 tablettes transparentes<span dir=\"auto\">Ils repr\u00e9sentent une solution id\u00e9ale pour ceux qui souhaitent combiner praticit\u00e9 et style dans la pr\u00e9sentation de leurs lunettes. Leur polyvalence, la robustesse des mat\u00e9riaux et l&rsquo;attention port\u00e9e aux d\u00e9tails de construction en font un investissement utile et durable pour toute entreprise. <\/span><\/p>\n<h3>CARACT\u00c9RISTIQUES:<\/h3>\n<ol>\n<li>Panneau arri\u00e8re en PMMA blanc, d&rsquo;une \u00e9paisseur de 5 mm.<\/li>\n<li>9 tablettes transparentes en PMMA de 8 mm d&rsquo;\u00e9paisseur.<\/li>\n<li>Profondeur de l&rsquo;\u00e9tag\u00e8re : 170 mm.<\/li>\n<li>Distance entre les \u00e9tag\u00e8res : 128 mm.<\/li>\n<\/ol>\n<p>Disponible en trois largeurs.<\/p>\n<p>Syst\u00e8me de fixation : avec 4 entretoises m\u00e9talliques (pour les mod\u00e8les 27 et 36 paires de lunettes) ou avec 6 entretoises m\u00e9talliques (pour le mod\u00e8le 45 paires de lunettes) incluses dans l&#8217;emballage.<\/p>\n<table style=\"width: 85.4778%; border-collapse: collapse; border-color: #000000;\" border=\"1\">\n<tbody>\n<tr>\n<td style=\"width: 14.1556%; text-align: center;\"><strong>CODE<\/strong><\/td>\n<td style=\"width: 14.1971%; text-align: center;\"><strong>DESCRIPTION<\/strong><\/td>\n<td style=\"width: 14.1971%; text-align: center;\"><strong>NOMBRE D&rsquo;ENTRETOISES (EN OPTION)<\/strong><\/td>\n<td style=\"width: 21.4404%; text-align: center;\"><strong>DIMENSIONS<\/strong><\/td>\n<td style=\"width: 21.5231%; text-align: center;\"><strong>FICHE TECHNIQUE<\/strong><\/td>\n<\/tr>\n<tr>\n<td style=\"width: 14.1556%;\">STR-MP274<\/td>\n<td style=\"width: 14.1971%; text-align: center;\">Pr\u00e9sentoir mural pour 45 paires de lunettes<\/td>\n<td style=\"width: 14.1971%; text-align: center;\">6<\/td>\n<td style=\"width: 21.4404%; text-align: center;\">L 860 x H 1280 mm.<\/td>\n<td style=\"width: 21.5231%; text-align: center;\"><a href=\"https:\/\/www.smartystore.it\/v25\/wp-content\/uploads\/2022\/04\/STR-MP274.pdf\" target=\"_blank\" rel=\"noopener\"><img loading=\"lazy\" decoding=\"async\" class=\"alignnone size-full wp-image-93672\" src=\"https:\/\/www.smartystore.it\/v25\/wp-content\/uploads\/2023\/11\/LogoDownload_yellow.jpg\" alt=\"\" width=\"50\" height=\"50\"><\/a><\/td>\n<\/tr>\n<tr>\n<td style=\"width: 14.1556%;\">STR-MP275<\/td>\n<td style=\"width: 14.1971%; text-align: center;\">Pr\u00e9sentoir mural pour 36 paires de lunettes<\/td>\n<td style=\"width: 14.1971%; text-align: center;\">4<\/td>\n<td style=\"width: 21.4404%; text-align: center;\">L 660 x H 1280 mm.<\/td>\n<td style=\"width: 21.5231%; text-align: center;\"><a href=\"https:\/\/www.smartystore.it\/v25\/wp-content\/uploads\/2022\/04\/STR-MP275.pdf\" target=\"_blank\" rel=\"noopener\"><img loading=\"lazy\" decoding=\"async\" class=\"alignnone size-full wp-image-93672\" src=\"https:\/\/www.smartystore.it\/v25\/wp-content\/uploads\/2023\/11\/LogoDownload_yellow.jpg\" alt=\"\" width=\"50\" height=\"50\"><\/a><\/td>\n<\/tr>\n<tr>\n<td style=\"width: 14.1556%;\">STR-MP276<\/td>\n<td style=\"width: 14.1971%; text-align: center;\">Pr\u00e9sentoir mural pour 27 paires de lunettes<\/td>\n<td style=\"width: 14.1971%; text-align: center;\">4<\/td>\n<td style=\"width: 21.4404%; text-align: center;\">L 500 x H 1280 mm.<\/td>\n<td style=\"width: 21.5231%; text-align: center;\"><a href=\"https:\/\/www.smartystore.it\/v25\/wp-content\/uploads\/2022\/04\/STR-MP276.pdf\" target=\"_blank\" rel=\"noopener\"><img loading=\"lazy\" decoding=\"async\" class=\"alignnone size-full wp-image-93672\" src=\"https:\/\/www.smartystore.it\/v25\/wp-content\/uploads\/2023\/11\/LogoDownload_yellow.jpg\" alt=\"\" width=\"50\" height=\"50\"><\/a><\/td>\n<\/tr>\n<\/tbody>\n<\/table>\n<p><strong>D\u00e9lai d&rsquo;exp\u00e9dition : 7\/10 jours ouvrables.<\/strong><\/p>\n<p><strong>ACHAT PAR PAIRE<\/strong><\/p>\n<p>&nbsp;<\/p>\n<h3 style=\"text-align: center;\">D\u00e9couvrez d&rsquo;autres mod\u00e8les de pr\u00e9sentoirs \u00e0 lunettes sur ce <span style=\"color: #ff0000;\"><strong><a style=\"color: #ff0000;\" href=\"https:\/\/www.smartystore.it\/fr\/categoria-prodotto\/presentoirs-pour-lunettes\/\">LIEN<\/a><\/strong><\/span><\/h3>\n<p>&nbsp;<\/p>\n<p>[\/vc_column_text][\/vc_column][\/vc_row]<\/p>\n<\/div>","protected":false},"excerpt":{"rendered":"<p>Pr\u00e9sentoir mural avec 9 \u00e9tag\u00e8res pour la pr\u00e9sentation de lunettes. Disponible en trois tailles. <\/p>\n","protected":false},"featured_media":94965,"comment_status":"open","ping_status":"closed","template":"","meta":{"_acf_changed":false},"pwb-brand":[],"product_brand":[],"product_cat":[3016,3014],"product_tag":[4420,4421,4313,4419,4297,4305,4416,4418,4417,4312,4304],"class_list":{"0":"post-94964","1":"product","2":"type-product","3":"status-publish","4":"has-post-thumbnail","6":"product_cat-presentoirs-a-lunettes-muraux","7":"product_cat-presentoirs-pour-lunettes","8":"product_tag-etui-a-lunettes-pour-27-lunettes","9":"product_tag-etui-a-lunettes-pour-36-lunettes","10":"product_tag-etui-a-lunettes-pour-45-lunettes","11":"product_tag-porte-lunettes-mural","12":"product_tag-presentoir-a-lunettes","13":"product_tag-presentoir-de-magasin-de-lunettes","14":"product_tag-presentoir-mural-pour-lunettes","15":"product_tag-presentoir-pour-27-verres","16":"product_tag-presentoir-pour-36-verres","17":"product_tag-presentoir-pour-45-verres","18":"product_tag-support-de-lunettes","19":"pa_c2c_color-blanc","20":"pa_c2c_configurazione-exposant","21":"pa_c2c_configurazione-presentoir-4-entretoises","22":"pa_c2c_configurazione-presentoir-6-entretoises","23":"pa_c2c_dimensione-27-paires-de-lunettes","24":"pa_c2c_dimensione-36-paires-de-lunettes","25":"pa_c2c_dimensione-45-paires-de-lunettes","26":"pa_c2c_trovraprezzi-oui","28":"first","29":"instock","30":"taxable","31":"shipping-taxable","32":"purchasable","33":"product-type-variable"},"acf":[],"yoast_head":"<!-- This site is optimized with the Yoast SEO plugin v27.4 - https:\/\/yoast.com\/product\/yoast-seo-wordpress\/ -->\n<title>Pr\u00e9sentoirs muraux de lunettes en opaline blanche et 9 tablettes transparentes - Smarty Store<\/title>\n<meta name=\"description\" content=\"Pr\u00e9sentoir mural de lunettes en opaline blanche et 9 \u00e9tag\u00e8res transparentes. Enti\u00e8rement r\u00e9alis\u00e9 en PMMA et disponible en trois tailles.\" \/>\n<meta name=\"robots\" content=\"index, follow, max-snippet:-1, max-image-preview:large, max-video-preview:-1\" \/>\n<link rel=\"canonical\" href=\"https:\/\/www.smartystore.it\/fr\/prodotto\/presentoirs-muraux-de-lunettes-en-opaline-blanche-et-9-tablettes-transparentes\/\" \/>\n<meta property=\"og:locale\" content=\"fr_FR\" \/>\n<meta property=\"og:type\" content=\"article\" \/>\n<meta property=\"og:title\" content=\"Pr\u00e9sentoirs muraux de lunettes en opaline blanche et 9 tablettes transparentes - Smarty Store\" \/>\n<meta property=\"og:description\" content=\"Pr\u00e9sentoir mural de lunettes en opaline blanche et 9 \u00e9tag\u00e8res transparentes. Enti\u00e8rement r\u00e9alis\u00e9 en PMMA et disponible en trois tailles.\" \/>\n<meta property=\"og:url\" content=\"https:\/\/www.smartystore.it\/fr\/prodotto\/presentoirs-muraux-de-lunettes-en-opaline-blanche-et-9-tablettes-transparentes\/\" \/>\n<meta property=\"og:site_name\" content=\"Smarty Store\" \/>\n<meta property=\"article:modified_time\" content=\"2026-02-05T14:20:49+00:00\" \/>\n<meta property=\"og:image\" content=\"https:\/\/www.smartystore.it\/v25\/wp-content\/uploads\/2021\/05\/Espositore-da-parete-in-opalino-metacrilato-bianco-con-9-ripiani-trasparenti.jpg\" \/>\n\t<meta property=\"og:image:width\" content=\"1000\" \/>\n\t<meta property=\"og:image:height\" content=\"1000\" \/>\n\t<meta property=\"og:image:type\" content=\"image\/jpeg\" \/>\n<meta name=\"twitter:card\" content=\"summary_large_image\" \/>\n<meta name=\"twitter:label1\" content=\"Dur\u00e9e de lecture estim\u00e9e\" \/>\n\t<meta name=\"twitter:data1\" content=\"4 minutes\" \/>\n<script type=\"application\/ld+json\" class=\"yoast-schema-graph\">{\"@context\":\"https:\\\/\\\/schema.org\",\"@graph\":[{\"@type\":\"WebPage\",\"@id\":\"https:\\\/\\\/www.smartystore.it\\\/fr\\\/prodotto\\\/presentoirs-muraux-de-lunettes-en-opaline-blanche-et-9-tablettes-transparentes\\\/\",\"url\":\"https:\\\/\\\/www.smartystore.it\\\/fr\\\/prodotto\\\/presentoirs-muraux-de-lunettes-en-opaline-blanche-et-9-tablettes-transparentes\\\/\",\"name\":\"Pr\u00e9sentoirs muraux de lunettes en opaline blanche et 9 tablettes transparentes - Smarty Store\",\"isPartOf\":{\"@id\":\"https:\\\/\\\/www.smartystore.it\\\/fr\\\/#website\"},\"primaryImageOfPage\":{\"@id\":\"https:\\\/\\\/www.smartystore.it\\\/fr\\\/prodotto\\\/presentoirs-muraux-de-lunettes-en-opaline-blanche-et-9-tablettes-transparentes\\\/#primaryimage\"},\"image\":{\"@id\":\"https:\\\/\\\/www.smartystore.it\\\/fr\\\/prodotto\\\/presentoirs-muraux-de-lunettes-en-opaline-blanche-et-9-tablettes-transparentes\\\/#primaryimage\"},\"thumbnailUrl\":\"https:\\\/\\\/www.smartystore.it\\\/v25\\\/wp-content\\\/uploads\\\/2021\\\/05\\\/Espositore-da-parete-in-opalino-metacrilato-bianco-con-9-ripiani-trasparenti.jpg\",\"datePublished\":\"2021-05-13T14:12:25+00:00\",\"dateModified\":\"2026-02-05T14:20:49+00:00\",\"description\":\"Pr\u00e9sentoir mural de lunettes en opaline blanche et 9 \u00e9tag\u00e8res transparentes. Enti\u00e8rement r\u00e9alis\u00e9 en PMMA et disponible en trois tailles.\",\"breadcrumb\":{\"@id\":\"https:\\\/\\\/www.smartystore.it\\\/fr\\\/prodotto\\\/presentoirs-muraux-de-lunettes-en-opaline-blanche-et-9-tablettes-transparentes\\\/#breadcrumb\"},\"inLanguage\":\"fr-FR\",\"potentialAction\":[{\"@type\":\"ReadAction\",\"target\":[\"https:\\\/\\\/www.smartystore.it\\\/fr\\\/prodotto\\\/presentoirs-muraux-de-lunettes-en-opaline-blanche-et-9-tablettes-transparentes\\\/\"]}]},{\"@type\":\"ImageObject\",\"inLanguage\":\"fr-FR\",\"@id\":\"https:\\\/\\\/www.smartystore.it\\\/fr\\\/prodotto\\\/presentoirs-muraux-de-lunettes-en-opaline-blanche-et-9-tablettes-transparentes\\\/#primaryimage\",\"url\":\"https:\\\/\\\/www.smartystore.it\\\/v25\\\/wp-content\\\/uploads\\\/2021\\\/05\\\/Espositore-da-parete-in-opalino-metacrilato-bianco-con-9-ripiani-trasparenti.jpg\",\"contentUrl\":\"https:\\\/\\\/www.smartystore.it\\\/v25\\\/wp-content\\\/uploads\\\/2021\\\/05\\\/Espositore-da-parete-in-opalino-metacrilato-bianco-con-9-ripiani-trasparenti.jpg\",\"width\":1000,\"height\":1000,\"caption\":\"Pr\u00e9sentoirs muraux de lunettes en opaline blanche et 9 tablettes transparentes\"},{\"@type\":\"BreadcrumbList\",\"@id\":\"https:\\\/\\\/www.smartystore.it\\\/fr\\\/prodotto\\\/presentoirs-muraux-de-lunettes-en-opaline-blanche-et-9-tablettes-transparentes\\\/#breadcrumb\",\"itemListElement\":[{\"@type\":\"ListItem\",\"position\":1,\"name\":\"Home\",\"item\":\"https:\\\/\\\/www.smartystore.it\\\/fr\\\/\"},{\"@type\":\"ListItem\",\"position\":2,\"name\":\"Boutique\",\"item\":\"https:\\\/\\\/www.smartystore.it\\\/fr\\\/boutique\\\/\"},{\"@type\":\"ListItem\",\"position\":3,\"name\":\"Pr\u00e9sentoirs muraux de lunettes en opaline blanche et 9 tablettes transparentes\"}]},{\"@type\":\"WebSite\",\"@id\":\"https:\\\/\\\/www.smartystore.it\\\/fr\\\/#website\",\"url\":\"https:\\\/\\\/www.smartystore.it\\\/fr\\\/\",\"name\":\"Smarty Store\",\"description\":\"Espositori Pubblicitari e Sistemi di Comunicazione Visiva\",\"potentialAction\":[{\"@type\":\"SearchAction\",\"target\":{\"@type\":\"EntryPoint\",\"urlTemplate\":\"https:\\\/\\\/www.smartystore.it\\\/fr\\\/?s={search_term_string}\"},\"query-input\":{\"@type\":\"PropertyValueSpecification\",\"valueRequired\":true,\"valueName\":\"search_term_string\"}}],\"inLanguage\":\"fr-FR\"}]}<\/script>\n<!-- \/ Yoast SEO plugin. -->","yoast_head_json":{"title":"Pr\u00e9sentoirs muraux de lunettes en opaline blanche et 9 tablettes transparentes - Smarty Store","description":"Pr\u00e9sentoir mural de lunettes en opaline blanche et 9 \u00e9tag\u00e8res transparentes. Enti\u00e8rement r\u00e9alis\u00e9 en PMMA et disponible en trois tailles.","robots":{"index":"index","follow":"follow","max-snippet":"max-snippet:-1","max-image-preview":"max-image-preview:large","max-video-preview":"max-video-preview:-1"},"canonical":"https:\/\/www.smartystore.it\/fr\/prodotto\/presentoirs-muraux-de-lunettes-en-opaline-blanche-et-9-tablettes-transparentes\/","og_locale":"fr_FR","og_type":"article","og_title":"Pr\u00e9sentoirs muraux de lunettes en opaline blanche et 9 tablettes transparentes - Smarty Store","og_description":"Pr\u00e9sentoir mural de lunettes en opaline blanche et 9 \u00e9tag\u00e8res transparentes. Enti\u00e8rement r\u00e9alis\u00e9 en PMMA et disponible en trois tailles.","og_url":"https:\/\/www.smartystore.it\/fr\/prodotto\/presentoirs-muraux-de-lunettes-en-opaline-blanche-et-9-tablettes-transparentes\/","og_site_name":"Smarty Store","article_modified_time":"2026-02-05T14:20:49+00:00","og_image":[{"width":1000,"height":1000,"url":"https:\/\/www.smartystore.it\/v25\/wp-content\/uploads\/2021\/05\/Espositore-da-parete-in-opalino-metacrilato-bianco-con-9-ripiani-trasparenti.jpg","type":"image\/jpeg"}],"twitter_card":"summary_large_image","twitter_misc":{"Dur\u00e9e de lecture estim\u00e9e":"4 minutes"},"schema":{"@context":"https:\/\/schema.org","@graph":[{"@type":"WebPage","@id":"https:\/\/www.smartystore.it\/fr\/prodotto\/presentoirs-muraux-de-lunettes-en-opaline-blanche-et-9-tablettes-transparentes\/","url":"https:\/\/www.smartystore.it\/fr\/prodotto\/presentoirs-muraux-de-lunettes-en-opaline-blanche-et-9-tablettes-transparentes\/","name":"Pr\u00e9sentoirs muraux de lunettes en opaline blanche et 9 tablettes transparentes - Smarty Store","isPartOf":{"@id":"https:\/\/www.smartystore.it\/fr\/#website"},"primaryImageOfPage":{"@id":"https:\/\/www.smartystore.it\/fr\/prodotto\/presentoirs-muraux-de-lunettes-en-opaline-blanche-et-9-tablettes-transparentes\/#primaryimage"},"image":{"@id":"https:\/\/www.smartystore.it\/fr\/prodotto\/presentoirs-muraux-de-lunettes-en-opaline-blanche-et-9-tablettes-transparentes\/#primaryimage"},"thumbnailUrl":"https:\/\/www.smartystore.it\/v25\/wp-content\/uploads\/2021\/05\/Espositore-da-parete-in-opalino-metacrilato-bianco-con-9-ripiani-trasparenti.jpg","datePublished":"2021-05-13T14:12:25+00:00","dateModified":"2026-02-05T14:20:49+00:00","description":"Pr\u00e9sentoir mural de lunettes en opaline blanche et 9 \u00e9tag\u00e8res transparentes. Enti\u00e8rement r\u00e9alis\u00e9 en PMMA et disponible en trois tailles.","breadcrumb":{"@id":"https:\/\/www.smartystore.it\/fr\/prodotto\/presentoirs-muraux-de-lunettes-en-opaline-blanche-et-9-tablettes-transparentes\/#breadcrumb"},"inLanguage":"fr-FR","potentialAction":[{"@type":"ReadAction","target":["https:\/\/www.smartystore.it\/fr\/prodotto\/presentoirs-muraux-de-lunettes-en-opaline-blanche-et-9-tablettes-transparentes\/"]}]},{"@type":"ImageObject","inLanguage":"fr-FR","@id":"https:\/\/www.smartystore.it\/fr\/prodotto\/presentoirs-muraux-de-lunettes-en-opaline-blanche-et-9-tablettes-transparentes\/#primaryimage","url":"https:\/\/www.smartystore.it\/v25\/wp-content\/uploads\/2021\/05\/Espositore-da-parete-in-opalino-metacrilato-bianco-con-9-ripiani-trasparenti.jpg","contentUrl":"https:\/\/www.smartystore.it\/v25\/wp-content\/uploads\/2021\/05\/Espositore-da-parete-in-opalino-metacrilato-bianco-con-9-ripiani-trasparenti.jpg","width":1000,"height":1000,"caption":"Pr\u00e9sentoirs muraux de lunettes en opaline blanche et 9 tablettes transparentes"},{"@type":"BreadcrumbList","@id":"https:\/\/www.smartystore.it\/fr\/prodotto\/presentoirs-muraux-de-lunettes-en-opaline-blanche-et-9-tablettes-transparentes\/#breadcrumb","itemListElement":[{"@type":"ListItem","position":1,"name":"Home","item":"https:\/\/www.smartystore.it\/fr\/"},{"@type":"ListItem","position":2,"name":"Boutique","item":"https:\/\/www.smartystore.it\/fr\/boutique\/"},{"@type":"ListItem","position":3,"name":"Pr\u00e9sentoirs muraux de lunettes en opaline blanche et 9 tablettes transparentes"}]},{"@type":"WebSite","@id":"https:\/\/www.smartystore.it\/fr\/#website","url":"https:\/\/www.smartystore.it\/fr\/","name":"Smarty Store","description":"Espositori Pubblicitari e Sistemi di Comunicazione Visiva","potentialAction":[{"@type":"SearchAction","target":{"@type":"EntryPoint","urlTemplate":"https:\/\/www.smartystore.it\/fr\/?s={search_term_string}"},"query-input":{"@type":"PropertyValueSpecification","valueRequired":true,"valueName":"search_term_string"}}],"inLanguage":"fr-FR"}]}},"brands":[],"_links":{"self":[{"href":"https:\/\/www.smartystore.it\/fr\/wp-json\/wp\/v2\/product\/94964","targetHints":{"allow":["GET"]}}],"collection":[{"href":"https:\/\/www.smartystore.it\/fr\/wp-json\/wp\/v2\/product"}],"about":[{"href":"https:\/\/www.smartystore.it\/fr\/wp-json\/wp\/v2\/types\/product"}],"replies":[{"embeddable":true,"href":"https:\/\/www.smartystore.it\/fr\/wp-json\/wp\/v2\/comments?post=94964"}],"wp:featuredmedia":[{"embeddable":true,"href":"https:\/\/www.smartystore.it\/fr\/wp-json\/wp\/v2\/media\/94965"}],"wp:attachment":[{"href":"https:\/\/www.smartystore.it\/fr\/wp-json\/wp\/v2\/media?parent=94964"}],"wp:term":[{"taxonomy":"pwb-brand","embeddable":true,"href":"https:\/\/www.smartystore.it\/fr\/wp-json\/wp\/v2\/pwb-brand?post=94964"},{"taxonomy":"product_brand","embeddable":true,"href":"https:\/\/www.smartystore.it\/fr\/wp-json\/wp\/v2\/product_brand?post=94964"},{"taxonomy":"product_cat","embeddable":true,"href":"https:\/\/www.smartystore.it\/fr\/wp-json\/wp\/v2\/product_cat?post=94964"},{"taxonomy":"product_tag","embeddable":true,"href":"https:\/\/www.smartystore.it\/fr\/wp-json\/wp\/v2\/product_tag?post=94964"}],"curies":[{"name":"wp","href":"https:\/\/api.w.org\/{rel}","templated":true}]}}