{"id":94947,"date":"2023-01-23T16:32:45","date_gmt":"2023-01-23T14:32:45","guid":{"rendered":"https:\/\/www.smartystore.it\/prodotto\/presentoir-mural-avec-9-etageres-transparentes\/"},"modified":"2026-02-05T15:04:09","modified_gmt":"2026-02-05T13:04:09","slug":"presentoir-mural-avec-9-etageres-transparentes","status":"publish","type":"product","link":"https:\/\/www.smartystore.it\/fr\/prodotto\/presentoir-mural-avec-9-etageres-transparentes\/","title":{"rendered":"Pr\u00e9sentoir mural avec 9 \u00e9tag\u00e8res transparentes"},"content":{"rendered":"<div class=\"wpb-content-wrapper\"><p>[vc_row][vc_column][vc_column_text css=\u00a0\u00bb\u00a0\u00bb css_params=\u00a0\u00bb\u00a0\u00bb]<\/p>\n<h1>Pr\u00e9sentoir mural avec 9 \u00e9tag\u00e8res transparentes<\/h1>\n<p>Le pr\u00e9sentoir mural avec 9 \u00e9tag\u00e8res transparentes est une structure enti\u00e8rement r\u00e9alis\u00e9e en PMMA (m\u00e9thacrylate), un mat\u00e9riau \u00e0 <strong>la fois \u00e9l\u00e9gant et r\u00e9sistant<\/strong>. Le panneau inf\u00e9rieur est blanc pour faire ressortir le pr\u00e9sentoir sur le mur sur lequel il sera plac\u00e9, les 9 \u00e9tag\u00e8res en revanche sont compl\u00e8tement transparentes, ce qui permet de mettre en valeur les objets qui y sont pos\u00e9s.<\/p>\n<p>Il s&rsquo;agit d&rsquo;un pr\u00e9sentoir <strong>polyvalent<\/strong> qui permet de pr\u00e9senter des objets\/produits de toutes sortes : des cosm\u00e9tiques pour les salons de coiffure\/parfumeries aux vernis \u00e0 ongles pour les instituts de beaut\u00e9, des petits livres aux pr\u00e9sentoirs pour les bonbons, les cigarettes et les briquets \u00e0 tabac.<\/p>\n<p>Le polym\u00e9thacrylate de m\u00e9thyle (PMMA) est un mat\u00e9riau d\u00e9riv\u00e9 de la famille des technopolym\u00e8res et est donc r\u00e9sistant aux chocs et aux intemp\u00e9ries.<\/p>\n<h2>Pr\u00e9sentoir mural avec 9 \u00e9tag\u00e8res transparentes : trois largeurs diff\u00e9rentes<\/h2>\n<p>Le pr\u00e9sentoir est disponible en 3 largeurs et peut \u00eatre plac\u00e9 c\u00f4te \u00e0 c\u00f4te pour augmenter la pr\u00e9sentation des objets.<\/p>\n<p><strong>Syst\u00e8me de fixation INCLUS<\/strong>: avec 4 entretoises m\u00e9talliques (pour le mod\u00e8le de 500 mm de large et le mod\u00e8le de 660 mm de large) ou avec 6 entretoises m\u00e9talliques (pour le mod\u00e8le de 860 mm de large).<\/p>\n<h3>CARACT\u00c9RISTIQUES:<\/h3>\n<ol>\n<li>Panneau arri\u00e8re en PMMA blanc, d&rsquo;une \u00e9paisseur de 5 mm.<\/li>\n<li>9 tablettes transparentes en PMMA de 8 mm d&rsquo;\u00e9paisseur.<\/li>\n<li>Profondeur de l&rsquo;\u00e9tag\u00e8re : 170 mm.<\/li>\n<li>Distance entre les \u00e9tag\u00e8res : 128 mm.<\/li>\n<\/ol>\n<p>Entretoises m\u00e9talliques (4 entretoises sont fournies pour les \u00e9crans de 500 et 660 mm de large, 6 entretoises sont fournies pour l&rsquo;\u00e9cran de 860 mm de large)<\/p>\n<table style=\"width: 85.4778%; border-collapse: collapse; border-color: #000000;\" border=\"1\">\n<tbody>\n<tr>\n<td style=\"width: 14.1556%; text-align: center;\"><strong>CODE<\/strong><\/td>\n<td style=\"width: 14.1971%; text-align: center;\"><strong>DESCRIPTION<\/strong><\/td>\n<td style=\"width: 14.1971%; text-align: center;\"><strong>N\u00b0 SPACERS<\/strong><\/td>\n<td style=\"width: 21.4404%; text-align: center;\"><strong>DIMENSIONS<\/strong><\/td>\n<td style=\"width: 21.5231%; text-align: center;\"><strong>FICHE TECHNIQUE<\/strong><\/td>\n<\/tr>\n<tr>\n<td style=\"width: 14.1556%;\">SMP-MP274<\/td>\n<td style=\"width: 14.1971%; text-align: center;\">Pr\u00e9sentoir mural avec \u00e9tag\u00e8res L 860 mm.<\/td>\n<td style=\"width: 14.1971%; text-align: center;\">6<\/td>\n<td style=\"width: 21.4404%; text-align: center;\">L 860 x H 1280 mm.<\/td>\n<td style=\"width: 21.5231%; text-align: center;\"><a href=\"https:\/\/www.smartystore.it\/v25\/wp-content\/uploads\/2022\/04\/STR-MP274.pdf\" target=\"_blank\" rel=\"noopener\"><img loading=\"lazy\" decoding=\"async\" class=\"alignnone size-full wp-image-93672\" src=\"https:\/\/www.smartystore.it\/v25\/wp-content\/uploads\/2023\/11\/LogoDownload_yellow.jpg\" alt=\"\" width=\"50\" height=\"50\" \/><\/a><\/td>\n<\/tr>\n<tr>\n<td style=\"width: 14.1556%;\">SMP-MP275<\/td>\n<td style=\"width: 14.1971%; text-align: center;\">Pr\u00e9sentoir mural avec \u00e9tag\u00e8res L 660 mm.<\/td>\n<td style=\"width: 14.1971%; text-align: center;\">4<\/td>\n<td style=\"width: 21.4404%; text-align: center;\">L 660 x H 1280 mm.<\/td>\n<td style=\"width: 21.5231%; text-align: center;\"><a href=\"https:\/\/www.smartystore.it\/v25\/wp-content\/uploads\/2022\/04\/STR-MP275.pdf\" target=\"_blank\" rel=\"noopener\"><img loading=\"lazy\" decoding=\"async\" class=\"alignnone size-full wp-image-93672\" src=\"https:\/\/www.smartystore.it\/v25\/wp-content\/uploads\/2023\/11\/LogoDownload_yellow.jpg\" alt=\"\" width=\"50\" height=\"50\" \/><\/a><\/td>\n<\/tr>\n<tr>\n<td style=\"width: 14.1556%;\">SMP-MP276<\/td>\n<td style=\"width: 14.1971%; text-align: center;\">Pr\u00e9sentoir mural avec \u00e9tag\u00e8res L 500 mm.<\/td>\n<td style=\"width: 14.1971%; text-align: center;\">4<\/td>\n<td style=\"width: 21.4404%; text-align: center;\">L 500 x H 1280 mm.<\/td>\n<td style=\"width: 21.5231%; text-align: center;\"><a href=\"https:\/\/www.smartystore.it\/v25\/wp-content\/uploads\/2022\/04\/STR-MP276.pdf\" target=\"_blank\" rel=\"noopener\"><img loading=\"lazy\" decoding=\"async\" class=\"alignnone size-full wp-image-93672\" src=\"https:\/\/www.smartystore.it\/v25\/wp-content\/uploads\/2023\/11\/LogoDownload_yellow.jpg\" alt=\"\" width=\"50\" height=\"50\" \/><\/a><\/td>\n<\/tr>\n<\/tbody>\n<\/table>\n<p><strong>D\u00e9lai d&rsquo;exp\u00e9dition : 7\/10 jours ouvrables.<\/strong><\/p>\n<p><strong>ACHAT PAR PAIRE<\/strong><\/p>\n<h3 style=\"text-align: center;\">Voir tous les mod\u00e8les disponibles sur ce <span style=\"color: #ff0000;\"><strong><a style=\"color: #ff0000;\" href=\"https:\/\/www.smartystore.it\/fr\/categoria-prodotto\/presentoirs-pour-lunettes\/\">LIEN<\/a><\/strong><\/span><\/h3>\n<p>[\/vc_column_text][\/vc_column][\/vc_row]<\/p>\n<\/div>","protected":false},"excerpt":{"rendered":"<p>Pr\u00e9sentoir mural en PMMA blanc avec 9 \u00e9tag\u00e8res transparentes. Disponible en trois tailles.<\/p>\n","protected":false},"featured_media":94948,"comment_status":"open","ping_status":"closed","template":"","meta":{"_acf_changed":false},"pwb-brand":[],"product_brand":[],"product_cat":[3114,2968,3023],"product_tag":[4420,4421,4313,6330,4419,4297,6326,4305,6327,4416,4418,4417,4312,6329,6328,6325,4304],"class_list":{"0":"post-94947","1":"product","2":"type-product","3":"status-publish","4":"has-post-thumbnail","6":"product_cat-porte-brochure-mural","7":"product_cat-porte-brochures-catalogues","8":"product_cat-presentoirs-publicitaires-fr","9":"product_tag-etui-a-lunettes-pour-27-lunettes","10":"product_tag-etui-a-lunettes-pour-36-lunettes","11":"product_tag-etui-a-lunettes-pour-45-lunettes","12":"product_tag-petit-presentoir-a-livres","13":"product_tag-porte-lunettes-mural","14":"product_tag-presentoir-a-lunettes","15":"product_tag-presentoir-a-tabac","16":"product_tag-presentoir-de-magasin-de-lunettes","17":"product_tag-presentoir-de-parfumerie","18":"product_tag-presentoir-mural-pour-lunettes","19":"product_tag-presentoir-pour-27-verres","20":"product_tag-presentoir-pour-36-verres","21":"product_tag-presentoir-pour-45-verres","22":"product_tag-presentoir-pour-estheticienne","23":"product_tag-presentoir-pour-salon-de-beaute","24":"product_tag-presentoir-pour-salon-de-coiffure","25":"product_tag-support-de-lunettes","26":"pa_c2c_color-blanc","27":"pa_c2c_color-transparent","28":"pa_c2c_dimensione-mm-500x1280-l-x-h-fr","29":"pa_c2c_dimensione-mm-660x1280-l-x-h-fr","30":"pa_c2c_dimensione-mm-860x1280-l-x-h-fr","31":"pa_c2c_trovraprezzi-oui","33":"first","34":"instock","35":"taxable","36":"shipping-taxable","37":"purchasable","38":"product-type-variable"},"acf":[],"yoast_head":"<!-- This site is optimized with the Yoast SEO plugin v27.4 - https:\/\/yoast.com\/product\/yoast-seo-wordpress\/ -->\n<title>Pr\u00e9sentoir mural avec 9 \u00e9tag\u00e8res transparentes - Achetez au Meilleur Prix<\/title>\n<meta name=\"description\" content=\"Pr\u00e9sentoir mural avec 9 \u00e9tag\u00e8res transparentes. Enti\u00e8rement fabriqu\u00e9 en PMMA et disponible en trois tailles. Pr\u00e9sentoir blanc et \u00e9tag\u00e8res transparentes.\" \/>\n<meta name=\"robots\" content=\"index, follow, max-snippet:-1, max-image-preview:large, max-video-preview:-1\" \/>\n<link rel=\"canonical\" href=\"https:\/\/www.smartystore.it\/fr\/prodotto\/presentoir-mural-avec-9-etageres-transparentes\/\" \/>\n<meta property=\"og:locale\" content=\"fr_FR\" \/>\n<meta property=\"og:type\" content=\"article\" \/>\n<meta property=\"og:title\" content=\"Pr\u00e9sentoir mural avec 9 \u00e9tag\u00e8res transparentes - Achetez au Meilleur Prix\" \/>\n<meta property=\"og:description\" content=\"Pr\u00e9sentoir mural avec 9 \u00e9tag\u00e8res transparentes. Enti\u00e8rement fabriqu\u00e9 en PMMA et disponible en trois tailles. Pr\u00e9sentoir blanc et \u00e9tag\u00e8res transparentes.\" \/>\n<meta property=\"og:url\" content=\"https:\/\/www.smartystore.it\/fr\/prodotto\/presentoir-mural-avec-9-etageres-transparentes\/\" \/>\n<meta property=\"og:site_name\" content=\"Smarty Store\" \/>\n<meta property=\"article:modified_time\" content=\"2026-02-05T13:04:09+00:00\" \/>\n<meta property=\"og:image\" content=\"https:\/\/www.smartystore.it\/v25\/wp-content\/uploads\/2023\/01\/Espositore-da-parete-con-9-ripiani-trasparenti.jpg\" \/>\n\t<meta property=\"og:image:width\" content=\"1000\" \/>\n\t<meta property=\"og:image:height\" content=\"1000\" \/>\n\t<meta property=\"og:image:type\" content=\"image\/jpeg\" \/>\n<meta name=\"twitter:card\" content=\"summary_large_image\" \/>\n<meta name=\"twitter:label1\" content=\"Dur\u00e9e de lecture estim\u00e9e\" \/>\n\t<meta name=\"twitter:data1\" content=\"3 minutes\" \/>\n<script type=\"application\/ld+json\" class=\"yoast-schema-graph\">{\"@context\":\"https:\\\/\\\/schema.org\",\"@graph\":[{\"@type\":\"WebPage\",\"@id\":\"https:\\\/\\\/www.smartystore.it\\\/fr\\\/prodotto\\\/presentoir-mural-avec-9-etageres-transparentes\\\/\",\"url\":\"https:\\\/\\\/www.smartystore.it\\\/fr\\\/prodotto\\\/presentoir-mural-avec-9-etageres-transparentes\\\/\",\"name\":\"Pr\u00e9sentoir mural avec 9 \u00e9tag\u00e8res transparentes - Achetez au Meilleur Prix\",\"isPartOf\":{\"@id\":\"https:\\\/\\\/www.smartystore.it\\\/fr\\\/#website\"},\"primaryImageOfPage\":{\"@id\":\"https:\\\/\\\/www.smartystore.it\\\/fr\\\/prodotto\\\/presentoir-mural-avec-9-etageres-transparentes\\\/#primaryimage\"},\"image\":{\"@id\":\"https:\\\/\\\/www.smartystore.it\\\/fr\\\/prodotto\\\/presentoir-mural-avec-9-etageres-transparentes\\\/#primaryimage\"},\"thumbnailUrl\":\"https:\\\/\\\/www.smartystore.it\\\/v25\\\/wp-content\\\/uploads\\\/2023\\\/01\\\/Espositore-da-parete-con-9-ripiani-trasparenti.jpg\",\"datePublished\":\"2023-01-23T14:32:45+00:00\",\"dateModified\":\"2026-02-05T13:04:09+00:00\",\"description\":\"Pr\u00e9sentoir mural avec 9 \u00e9tag\u00e8res transparentes. Enti\u00e8rement fabriqu\u00e9 en PMMA et disponible en trois tailles. Pr\u00e9sentoir blanc et \u00e9tag\u00e8res transparentes.\",\"breadcrumb\":{\"@id\":\"https:\\\/\\\/www.smartystore.it\\\/fr\\\/prodotto\\\/presentoir-mural-avec-9-etageres-transparentes\\\/#breadcrumb\"},\"inLanguage\":\"fr-FR\",\"potentialAction\":[{\"@type\":\"ReadAction\",\"target\":[\"https:\\\/\\\/www.smartystore.it\\\/fr\\\/prodotto\\\/presentoir-mural-avec-9-etageres-transparentes\\\/\"]}]},{\"@type\":\"ImageObject\",\"inLanguage\":\"fr-FR\",\"@id\":\"https:\\\/\\\/www.smartystore.it\\\/fr\\\/prodotto\\\/presentoir-mural-avec-9-etageres-transparentes\\\/#primaryimage\",\"url\":\"https:\\\/\\\/www.smartystore.it\\\/v25\\\/wp-content\\\/uploads\\\/2023\\\/01\\\/Espositore-da-parete-con-9-ripiani-trasparenti.jpg\",\"contentUrl\":\"https:\\\/\\\/www.smartystore.it\\\/v25\\\/wp-content\\\/uploads\\\/2023\\\/01\\\/Espositore-da-parete-con-9-ripiani-trasparenti.jpg\",\"width\":1000,\"height\":1000,\"caption\":\"Pr\u00e9sentoir mural avec 9 \u00e9tag\u00e8res transparentes\"},{\"@type\":\"BreadcrumbList\",\"@id\":\"https:\\\/\\\/www.smartystore.it\\\/fr\\\/prodotto\\\/presentoir-mural-avec-9-etageres-transparentes\\\/#breadcrumb\",\"itemListElement\":[{\"@type\":\"ListItem\",\"position\":1,\"name\":\"Home\",\"item\":\"https:\\\/\\\/www.smartystore.it\\\/fr\\\/\"},{\"@type\":\"ListItem\",\"position\":2,\"name\":\"Boutique\",\"item\":\"https:\\\/\\\/www.smartystore.it\\\/fr\\\/boutique\\\/\"},{\"@type\":\"ListItem\",\"position\":3,\"name\":\"Pr\u00e9sentoir mural avec 9 \u00e9tag\u00e8res transparentes\"}]},{\"@type\":\"WebSite\",\"@id\":\"https:\\\/\\\/www.smartystore.it\\\/fr\\\/#website\",\"url\":\"https:\\\/\\\/www.smartystore.it\\\/fr\\\/\",\"name\":\"Smarty Store\",\"description\":\"Espositori Pubblicitari e Sistemi di Comunicazione Visiva\",\"potentialAction\":[{\"@type\":\"SearchAction\",\"target\":{\"@type\":\"EntryPoint\",\"urlTemplate\":\"https:\\\/\\\/www.smartystore.it\\\/fr\\\/?s={search_term_string}\"},\"query-input\":{\"@type\":\"PropertyValueSpecification\",\"valueRequired\":true,\"valueName\":\"search_term_string\"}}],\"inLanguage\":\"fr-FR\"}]}<\/script>\n<!-- \/ Yoast SEO plugin. -->","yoast_head_json":{"title":"Pr\u00e9sentoir mural avec 9 \u00e9tag\u00e8res transparentes - Achetez au Meilleur Prix","description":"Pr\u00e9sentoir mural avec 9 \u00e9tag\u00e8res transparentes. Enti\u00e8rement fabriqu\u00e9 en PMMA et disponible en trois tailles. Pr\u00e9sentoir blanc et \u00e9tag\u00e8res transparentes.","robots":{"index":"index","follow":"follow","max-snippet":"max-snippet:-1","max-image-preview":"max-image-preview:large","max-video-preview":"max-video-preview:-1"},"canonical":"https:\/\/www.smartystore.it\/fr\/prodotto\/presentoir-mural-avec-9-etageres-transparentes\/","og_locale":"fr_FR","og_type":"article","og_title":"Pr\u00e9sentoir mural avec 9 \u00e9tag\u00e8res transparentes - Achetez au Meilleur Prix","og_description":"Pr\u00e9sentoir mural avec 9 \u00e9tag\u00e8res transparentes. Enti\u00e8rement fabriqu\u00e9 en PMMA et disponible en trois tailles. Pr\u00e9sentoir blanc et \u00e9tag\u00e8res transparentes.","og_url":"https:\/\/www.smartystore.it\/fr\/prodotto\/presentoir-mural-avec-9-etageres-transparentes\/","og_site_name":"Smarty Store","article_modified_time":"2026-02-05T13:04:09+00:00","og_image":[{"width":1000,"height":1000,"url":"https:\/\/www.smartystore.it\/v25\/wp-content\/uploads\/2023\/01\/Espositore-da-parete-con-9-ripiani-trasparenti.jpg","type":"image\/jpeg"}],"twitter_card":"summary_large_image","twitter_misc":{"Dur\u00e9e de lecture estim\u00e9e":"3 minutes"},"schema":{"@context":"https:\/\/schema.org","@graph":[{"@type":"WebPage","@id":"https:\/\/www.smartystore.it\/fr\/prodotto\/presentoir-mural-avec-9-etageres-transparentes\/","url":"https:\/\/www.smartystore.it\/fr\/prodotto\/presentoir-mural-avec-9-etageres-transparentes\/","name":"Pr\u00e9sentoir mural avec 9 \u00e9tag\u00e8res transparentes - Achetez au Meilleur Prix","isPartOf":{"@id":"https:\/\/www.smartystore.it\/fr\/#website"},"primaryImageOfPage":{"@id":"https:\/\/www.smartystore.it\/fr\/prodotto\/presentoir-mural-avec-9-etageres-transparentes\/#primaryimage"},"image":{"@id":"https:\/\/www.smartystore.it\/fr\/prodotto\/presentoir-mural-avec-9-etageres-transparentes\/#primaryimage"},"thumbnailUrl":"https:\/\/www.smartystore.it\/v25\/wp-content\/uploads\/2023\/01\/Espositore-da-parete-con-9-ripiani-trasparenti.jpg","datePublished":"2023-01-23T14:32:45+00:00","dateModified":"2026-02-05T13:04:09+00:00","description":"Pr\u00e9sentoir mural avec 9 \u00e9tag\u00e8res transparentes. Enti\u00e8rement fabriqu\u00e9 en PMMA et disponible en trois tailles. Pr\u00e9sentoir blanc et \u00e9tag\u00e8res transparentes.","breadcrumb":{"@id":"https:\/\/www.smartystore.it\/fr\/prodotto\/presentoir-mural-avec-9-etageres-transparentes\/#breadcrumb"},"inLanguage":"fr-FR","potentialAction":[{"@type":"ReadAction","target":["https:\/\/www.smartystore.it\/fr\/prodotto\/presentoir-mural-avec-9-etageres-transparentes\/"]}]},{"@type":"ImageObject","inLanguage":"fr-FR","@id":"https:\/\/www.smartystore.it\/fr\/prodotto\/presentoir-mural-avec-9-etageres-transparentes\/#primaryimage","url":"https:\/\/www.smartystore.it\/v25\/wp-content\/uploads\/2023\/01\/Espositore-da-parete-con-9-ripiani-trasparenti.jpg","contentUrl":"https:\/\/www.smartystore.it\/v25\/wp-content\/uploads\/2023\/01\/Espositore-da-parete-con-9-ripiani-trasparenti.jpg","width":1000,"height":1000,"caption":"Pr\u00e9sentoir mural avec 9 \u00e9tag\u00e8res transparentes"},{"@type":"BreadcrumbList","@id":"https:\/\/www.smartystore.it\/fr\/prodotto\/presentoir-mural-avec-9-etageres-transparentes\/#breadcrumb","itemListElement":[{"@type":"ListItem","position":1,"name":"Home","item":"https:\/\/www.smartystore.it\/fr\/"},{"@type":"ListItem","position":2,"name":"Boutique","item":"https:\/\/www.smartystore.it\/fr\/boutique\/"},{"@type":"ListItem","position":3,"name":"Pr\u00e9sentoir mural avec 9 \u00e9tag\u00e8res transparentes"}]},{"@type":"WebSite","@id":"https:\/\/www.smartystore.it\/fr\/#website","url":"https:\/\/www.smartystore.it\/fr\/","name":"Smarty Store","description":"Espositori Pubblicitari e Sistemi di Comunicazione Visiva","potentialAction":[{"@type":"SearchAction","target":{"@type":"EntryPoint","urlTemplate":"https:\/\/www.smartystore.it\/fr\/?s={search_term_string}"},"query-input":{"@type":"PropertyValueSpecification","valueRequired":true,"valueName":"search_term_string"}}],"inLanguage":"fr-FR"}]}},"brands":[],"_links":{"self":[{"href":"https:\/\/www.smartystore.it\/fr\/wp-json\/wp\/v2\/product\/94947","targetHints":{"allow":["GET"]}}],"collection":[{"href":"https:\/\/www.smartystore.it\/fr\/wp-json\/wp\/v2\/product"}],"about":[{"href":"https:\/\/www.smartystore.it\/fr\/wp-json\/wp\/v2\/types\/product"}],"replies":[{"embeddable":true,"href":"https:\/\/www.smartystore.it\/fr\/wp-json\/wp\/v2\/comments?post=94947"}],"wp:featuredmedia":[{"embeddable":true,"href":"https:\/\/www.smartystore.it\/fr\/wp-json\/wp\/v2\/media\/94948"}],"wp:attachment":[{"href":"https:\/\/www.smartystore.it\/fr\/wp-json\/wp\/v2\/media?parent=94947"}],"wp:term":[{"taxonomy":"pwb-brand","embeddable":true,"href":"https:\/\/www.smartystore.it\/fr\/wp-json\/wp\/v2\/pwb-brand?post=94947"},{"taxonomy":"product_brand","embeddable":true,"href":"https:\/\/www.smartystore.it\/fr\/wp-json\/wp\/v2\/product_brand?post=94947"},{"taxonomy":"product_cat","embeddable":true,"href":"https:\/\/www.smartystore.it\/fr\/wp-json\/wp\/v2\/product_cat?post=94947"},{"taxonomy":"product_tag","embeddable":true,"href":"https:\/\/www.smartystore.it\/fr\/wp-json\/wp\/v2\/product_tag?post=94947"}],"curies":[{"name":"wp","href":"https:\/\/api.w.org\/{rel}","templated":true}]}}