{"id":94939,"date":"2013-12-06T14:57:53","date_gmt":"2013-12-06T14:57:53","guid":{"rendered":"https:\/\/www.smartystore.it\/prodotto\/films-de-remplacement-pour-cadres-clipsables-70x100\/"},"modified":"2026-04-20T18:23:54","modified_gmt":"2026-04-20T16:23:54","slug":"films-de-remplacement-pour-cadres-clipsables-70x100","status":"publish","type":"product","link":"https:\/\/www.smartystore.it\/fr\/prodotto\/films-de-remplacement-pour-cadres-clipsables-70x100\/","title":{"rendered":"Films de remplacement pour les cadres 70&#215;100"},"content":{"rendered":"<div class=\"wpb-content-wrapper\"><p>[vc_row][vc_column][vc_column_text css=\u00a0\u00bb\u00a0\u00bb css_params=\u00a0\u00bb\u00a0\u00bb]<\/p>\n<h1>Films de remplacement pour Snap-Frames 70\u00d7100<\/h1>\n<p>Les films de remplacement pour les cadres cliquables 70\u00d7100 sont un accessoire essentiel pour pr\u00e9server et rendre lisible l&rsquo;impression plac\u00e9e \u00e0 l&rsquo;int\u00e9rieur du cadre cliquable.<\/p>\n<p>Dans le monde de l&rsquo;ameublement et de la d\u00e9coration int\u00e9rieure, les cadres \u00e0 pression constituent une solution pratique et polyvalente pour pr\u00e9senter des impressions et des photographies. Cependant, il est vrai que le film protecteur de ces cadres peut se ternir, jaunir ou m\u00eame se casser avec le temps, notamment lors du remplacement de l&rsquo;\u00e9l\u00e9ment imprim\u00e9. Dans ce cas, il n&rsquo;est pas n\u00e9cessaire d&rsquo;investir dans un nouveau cadre ; un simple remplacement du film antireflet peut redonner \u00e0 votre cadre un aspect frais et attrayant.  <\/p>\n<p>Les films de remplacement pour les cadres clipsables muraux et autoportants 70&#215;100 sont fabriqu\u00e9s en PVC transparent et antireflet, ce qui garantit une protection optimale de vos \u0153uvres d&rsquo;art et de vos photographies. Les dimensions standard du produit sont de 70&#215;100 cm, un format tr\u00e8s populaire qui convient parfaitement \u00e0 de nombreuses utilisations, tant \u00e0 la maison que dans l&rsquo;environnement professionnel. L&rsquo;\u00e9paisseur du film de 0,5 mm le rend plus robuste que le film d&rsquo;origine fourni avec le cadre, garantissant ainsi une plus grande durabilit\u00e9 et une meilleure r\u00e9sistance.  <\/p>\n<h2>L&rsquo;entretien des films de remplacement pour cadre photo 70&#215;100<\/h2>\n<p>L&rsquo;entretien de ces films est extr\u00eamement simple. Pour les maintenir dans un \u00e9tat optimal, il suffit d&rsquo;utiliser un chiffon doux et l\u00e9g\u00e8rement humidifi\u00e9 pour les nettoyer, \u00e9vitant ainsi de rayer ou d&rsquo;endommager le mat\u00e9riau. Cette facilit\u00e9 d&rsquo;utilisation est un avantage suppl\u00e9mentaire qui fait de ce film de remplacement un choix id\u00e9al pour ceux qui souhaitent faciliter l&rsquo;entretien de leurs montures.  <\/p>\n<p>Il est important de noter que la disponibilit\u00e9 des films de remplacement ne se limite pas au format 70&#215;100 ; ils sont disponibles dans plusieurs autres formats, qui peuvent \u00eatre adapt\u00e9s aux besoins sp\u00e9cifiques de chaque client. Cette polyvalence permet de r\u00e9pondre \u00e0 un large \u00e9ventail de pr\u00e9f\u00e9rences et de styles d&rsquo;am\u00e9nagement, ce qui permet \u00e0 chacun de trouver la solution parfaite \u00e0 ses besoins. <\/p>\n<p>En conclusion, les films de remplacement pour cadres \u00e0 clipser constituent une option pratique et peu co\u00fbteuse pour conserver vos \u0153uvres d&rsquo;art. Investir dans une paire de films de remplacement, c&rsquo;est assurer la protection et la beaut\u00e9 de vos images sans le co\u00fbt d&rsquo;un nouveau cadre. Optez pour la qualit\u00e9 et la simplicit\u00e9 : le remplacement des films est une d\u00e9cision qui s&rsquo;av\u00e8re payante \u00e0 long terme.  <\/p>\n<p>&nbsp;<\/p>\n<h3>CARACT\u00c9RISTIQUES<\/h3>\n<ol>\n<li>Film de remplacement pour les cadres encliquetables et autoportants de 70&#215;100 cm.<\/li>\n<li>Mat\u00e9riau : PVC transparent antireflet<\/li>\n<li>Dimensions : 70&#215;100 cm.<\/li>\n<li>\u00c9paisseur : 0,5 mm.<\/li>\n<\/ol>\n<h3 style=\"text-align: center;\">Voir tous les formats disponibles sur ce <span style=\"color: #ff0000;\"><strong><a style=\"color: #ff0000;\" href=\"https:\/\/www.smartystore.it\/fr\/categoria-prodotto\/cadres-instantanes\/accessoires\/\">LIEN<\/a><\/strong><\/span><\/h3>\n<p>&nbsp;[\/vc_column_text][\/vc_column][\/vc_row]<\/p>\n<\/div>","protected":false},"excerpt":{"rendered":"<p>Films de remplacement en PVC transparent antireflet pour cadres \u00e0 pression cm. 70&#215;100.<\/p>\n","protected":false},"featured_media":94938,"comment_status":"open","ping_status":"closed","template":"","meta":{"_acf_changed":false},"pwb-brand":[],"product_brand":[3872],"product_cat":[3005],"product_tag":[4381,7282,4395,4397,4393,4396,4394],"class_list":{"0":"post-94939","1":"product","2":"type-product","3":"status-publish","4":"has-post-thumbnail","6":"product_brand-smartystore","7":"product_cat-accessoires","8":"product_tag-film-de-protection-pour-cadres-a-pression","9":"product_tag-film-de-remplacement-pour-cadres-snap-70x100","10":"product_tag-films-anti-reflets-70x100","11":"product_tag-films-de-protection-transparents-antireflets-en-pvc-70x100","12":"product_tag-films-de-remplacement-70x100","13":"product_tag-films-de-remplacement-anti-reflets-pour-les-cadres-70x100","14":"product_tag-pvc-transparent-antireflet-70x100","15":"pa_c2c_color-transparent","16":"pa_c2c_dimensione-70x100","17":"pa_c2c_trovraprezzi-oui","19":"first","20":"instock","21":"taxable","22":"shipping-taxable","23":"purchasable","24":"product-type-simple"},"acf":[],"yoast_head":"<!-- This site is optimized with the Yoast SEO plugin v27.4 - https:\/\/yoast.com\/product\/yoast-seo-wordpress\/ -->\n<title>Films de remplacement pour les cadres 70x100 - Smarty Store Au Meilleur Prix<\/title>\n<meta name=\"description\" content=\"Les films de remplacement pour les cadres 70x100 sont fabriqu\u00e9s en PVC transparent antireflet d&#039;une \u00e9paisseur de 0,5 mm, Acheter sur SmartyStore\" \/>\n<meta name=\"robots\" content=\"index, follow, max-snippet:-1, max-image-preview:large, max-video-preview:-1\" \/>\n<link rel=\"canonical\" href=\"https:\/\/www.smartystore.it\/fr\/prodotto\/films-de-remplacement-pour-cadres-clipsables-70x100\/\" \/>\n<meta property=\"og:locale\" content=\"fr_FR\" \/>\n<meta property=\"og:type\" content=\"article\" \/>\n<meta property=\"og:title\" content=\"Films de remplacement pour les cadres 70x100 - Smarty Store Au Meilleur Prix\" \/>\n<meta property=\"og:description\" content=\"Les films de remplacement pour les cadres 70x100 sont fabriqu\u00e9s en PVC transparent antireflet d&#039;une \u00e9paisseur de 0,5 mm, Acheter sur SmartyStore\" \/>\n<meta property=\"og:url\" content=\"https:\/\/www.smartystore.it\/fr\/prodotto\/films-de-remplacement-pour-cadres-clipsables-70x100\/\" \/>\n<meta property=\"og:site_name\" content=\"Smarty Store\" \/>\n<meta property=\"article:modified_time\" content=\"2026-04-20T16:23:54+00:00\" \/>\n<meta property=\"og:image\" content=\"https:\/\/www.smartystore.it\/v25\/wp-content\/uploads\/2013\/12\/Pellicola-ricambio-pvc-cornici-a-scatto-da-parete-70x100-1.jpg\" \/>\n\t<meta property=\"og:image:width\" content=\"1000\" \/>\n\t<meta property=\"og:image:height\" content=\"1000\" \/>\n\t<meta property=\"og:image:type\" content=\"image\/jpeg\" \/>\n<meta name=\"twitter:card\" content=\"summary_large_image\" \/>\n<meta name=\"twitter:label1\" content=\"Dur\u00e9e de lecture estim\u00e9e\" \/>\n\t<meta name=\"twitter:data1\" content=\"3 minutes\" \/>\n<script type=\"application\/ld+json\" class=\"yoast-schema-graph\">{\"@context\":\"https:\\\/\\\/schema.org\",\"@graph\":[{\"@type\":\"WebPage\",\"@id\":\"https:\\\/\\\/www.smartystore.it\\\/fr\\\/prodotto\\\/films-de-remplacement-pour-cadres-clipsables-70x100\\\/\",\"url\":\"https:\\\/\\\/www.smartystore.it\\\/fr\\\/prodotto\\\/films-de-remplacement-pour-cadres-clipsables-70x100\\\/\",\"name\":\"Films de remplacement pour les cadres 70x100 - Smarty Store Au Meilleur Prix\",\"isPartOf\":{\"@id\":\"https:\\\/\\\/www.smartystore.it\\\/fr\\\/#website\"},\"primaryImageOfPage\":{\"@id\":\"https:\\\/\\\/www.smartystore.it\\\/fr\\\/prodotto\\\/films-de-remplacement-pour-cadres-clipsables-70x100\\\/#primaryimage\"},\"image\":{\"@id\":\"https:\\\/\\\/www.smartystore.it\\\/fr\\\/prodotto\\\/films-de-remplacement-pour-cadres-clipsables-70x100\\\/#primaryimage\"},\"thumbnailUrl\":\"https:\\\/\\\/www.smartystore.it\\\/v25\\\/wp-content\\\/uploads\\\/2013\\\/12\\\/Pellicola-ricambio-pvc-cornici-a-scatto-da-parete-70x100-1.jpg\",\"datePublished\":\"2013-12-06T14:57:53+00:00\",\"dateModified\":\"2026-04-20T16:23:54+00:00\",\"description\":\"Les films de remplacement pour les cadres 70x100 sont fabriqu\u00e9s en PVC transparent antireflet d'une \u00e9paisseur de 0,5 mm, Acheter sur SmartyStore\",\"breadcrumb\":{\"@id\":\"https:\\\/\\\/www.smartystore.it\\\/fr\\\/prodotto\\\/films-de-remplacement-pour-cadres-clipsables-70x100\\\/#breadcrumb\"},\"inLanguage\":\"fr-FR\",\"potentialAction\":[{\"@type\":\"ReadAction\",\"target\":[\"https:\\\/\\\/www.smartystore.it\\\/fr\\\/prodotto\\\/films-de-remplacement-pour-cadres-clipsables-70x100\\\/\"]}]},{\"@type\":\"ImageObject\",\"inLanguage\":\"fr-FR\",\"@id\":\"https:\\\/\\\/www.smartystore.it\\\/fr\\\/prodotto\\\/films-de-remplacement-pour-cadres-clipsables-70x100\\\/#primaryimage\",\"url\":\"https:\\\/\\\/www.smartystore.it\\\/v25\\\/wp-content\\\/uploads\\\/2013\\\/12\\\/Pellicola-ricambio-pvc-cornici-a-scatto-da-parete-70x100-1.jpg\",\"contentUrl\":\"https:\\\/\\\/www.smartystore.it\\\/v25\\\/wp-content\\\/uploads\\\/2013\\\/12\\\/Pellicola-ricambio-pvc-cornici-a-scatto-da-parete-70x100-1.jpg\",\"width\":1000,\"height\":1000,\"caption\":\"Films de remplacement pour cadres clipsables 70x100\"},{\"@type\":\"BreadcrumbList\",\"@id\":\"https:\\\/\\\/www.smartystore.it\\\/fr\\\/prodotto\\\/films-de-remplacement-pour-cadres-clipsables-70x100\\\/#breadcrumb\",\"itemListElement\":[{\"@type\":\"ListItem\",\"position\":1,\"name\":\"Home\",\"item\":\"https:\\\/\\\/www.smartystore.it\\\/fr\\\/\"},{\"@type\":\"ListItem\",\"position\":2,\"name\":\"Boutique\",\"item\":\"https:\\\/\\\/www.smartystore.it\\\/fr\\\/boutique\\\/\"},{\"@type\":\"ListItem\",\"position\":3,\"name\":\"Films de remplacement pour les cadres 70&#215;100\"}]},{\"@type\":\"WebSite\",\"@id\":\"https:\\\/\\\/www.smartystore.it\\\/fr\\\/#website\",\"url\":\"https:\\\/\\\/www.smartystore.it\\\/fr\\\/\",\"name\":\"Smarty Store\",\"description\":\"Espositori Pubblicitari e Sistemi di Comunicazione Visiva\",\"potentialAction\":[{\"@type\":\"SearchAction\",\"target\":{\"@type\":\"EntryPoint\",\"urlTemplate\":\"https:\\\/\\\/www.smartystore.it\\\/fr\\\/?s={search_term_string}\"},\"query-input\":{\"@type\":\"PropertyValueSpecification\",\"valueRequired\":true,\"valueName\":\"search_term_string\"}}],\"inLanguage\":\"fr-FR\"}]}<\/script>\n<!-- \/ Yoast SEO plugin. -->","yoast_head_json":{"title":"Films de remplacement pour les cadres 70x100 - Smarty Store Au Meilleur Prix","description":"Les films de remplacement pour les cadres 70x100 sont fabriqu\u00e9s en PVC transparent antireflet d'une \u00e9paisseur de 0,5 mm, Acheter sur SmartyStore","robots":{"index":"index","follow":"follow","max-snippet":"max-snippet:-1","max-image-preview":"max-image-preview:large","max-video-preview":"max-video-preview:-1"},"canonical":"https:\/\/www.smartystore.it\/fr\/prodotto\/films-de-remplacement-pour-cadres-clipsables-70x100\/","og_locale":"fr_FR","og_type":"article","og_title":"Films de remplacement pour les cadres 70x100 - Smarty Store Au Meilleur Prix","og_description":"Les films de remplacement pour les cadres 70x100 sont fabriqu\u00e9s en PVC transparent antireflet d'une \u00e9paisseur de 0,5 mm, Acheter sur SmartyStore","og_url":"https:\/\/www.smartystore.it\/fr\/prodotto\/films-de-remplacement-pour-cadres-clipsables-70x100\/","og_site_name":"Smarty Store","article_modified_time":"2026-04-20T16:23:54+00:00","og_image":[{"width":1000,"height":1000,"url":"https:\/\/www.smartystore.it\/v25\/wp-content\/uploads\/2013\/12\/Pellicola-ricambio-pvc-cornici-a-scatto-da-parete-70x100-1.jpg","type":"image\/jpeg"}],"twitter_card":"summary_large_image","twitter_misc":{"Dur\u00e9e de lecture estim\u00e9e":"3 minutes"},"schema":{"@context":"https:\/\/schema.org","@graph":[{"@type":"WebPage","@id":"https:\/\/www.smartystore.it\/fr\/prodotto\/films-de-remplacement-pour-cadres-clipsables-70x100\/","url":"https:\/\/www.smartystore.it\/fr\/prodotto\/films-de-remplacement-pour-cadres-clipsables-70x100\/","name":"Films de remplacement pour les cadres 70x100 - Smarty Store Au Meilleur Prix","isPartOf":{"@id":"https:\/\/www.smartystore.it\/fr\/#website"},"primaryImageOfPage":{"@id":"https:\/\/www.smartystore.it\/fr\/prodotto\/films-de-remplacement-pour-cadres-clipsables-70x100\/#primaryimage"},"image":{"@id":"https:\/\/www.smartystore.it\/fr\/prodotto\/films-de-remplacement-pour-cadres-clipsables-70x100\/#primaryimage"},"thumbnailUrl":"https:\/\/www.smartystore.it\/v25\/wp-content\/uploads\/2013\/12\/Pellicola-ricambio-pvc-cornici-a-scatto-da-parete-70x100-1.jpg","datePublished":"2013-12-06T14:57:53+00:00","dateModified":"2026-04-20T16:23:54+00:00","description":"Les films de remplacement pour les cadres 70x100 sont fabriqu\u00e9s en PVC transparent antireflet d'une \u00e9paisseur de 0,5 mm, Acheter sur SmartyStore","breadcrumb":{"@id":"https:\/\/www.smartystore.it\/fr\/prodotto\/films-de-remplacement-pour-cadres-clipsables-70x100\/#breadcrumb"},"inLanguage":"fr-FR","potentialAction":[{"@type":"ReadAction","target":["https:\/\/www.smartystore.it\/fr\/prodotto\/films-de-remplacement-pour-cadres-clipsables-70x100\/"]}]},{"@type":"ImageObject","inLanguage":"fr-FR","@id":"https:\/\/www.smartystore.it\/fr\/prodotto\/films-de-remplacement-pour-cadres-clipsables-70x100\/#primaryimage","url":"https:\/\/www.smartystore.it\/v25\/wp-content\/uploads\/2013\/12\/Pellicola-ricambio-pvc-cornici-a-scatto-da-parete-70x100-1.jpg","contentUrl":"https:\/\/www.smartystore.it\/v25\/wp-content\/uploads\/2013\/12\/Pellicola-ricambio-pvc-cornici-a-scatto-da-parete-70x100-1.jpg","width":1000,"height":1000,"caption":"Films de remplacement pour cadres clipsables 70x100"},{"@type":"BreadcrumbList","@id":"https:\/\/www.smartystore.it\/fr\/prodotto\/films-de-remplacement-pour-cadres-clipsables-70x100\/#breadcrumb","itemListElement":[{"@type":"ListItem","position":1,"name":"Home","item":"https:\/\/www.smartystore.it\/fr\/"},{"@type":"ListItem","position":2,"name":"Boutique","item":"https:\/\/www.smartystore.it\/fr\/boutique\/"},{"@type":"ListItem","position":3,"name":"Films de remplacement pour les cadres 70&#215;100"}]},{"@type":"WebSite","@id":"https:\/\/www.smartystore.it\/fr\/#website","url":"https:\/\/www.smartystore.it\/fr\/","name":"Smarty Store","description":"Espositori Pubblicitari e Sistemi di Comunicazione Visiva","potentialAction":[{"@type":"SearchAction","target":{"@type":"EntryPoint","urlTemplate":"https:\/\/www.smartystore.it\/fr\/?s={search_term_string}"},"query-input":{"@type":"PropertyValueSpecification","valueRequired":true,"valueName":"search_term_string"}}],"inLanguage":"fr-FR"}]}},"brands":[],"_links":{"self":[{"href":"https:\/\/www.smartystore.it\/fr\/wp-json\/wp\/v2\/product\/94939","targetHints":{"allow":["GET"]}}],"collection":[{"href":"https:\/\/www.smartystore.it\/fr\/wp-json\/wp\/v2\/product"}],"about":[{"href":"https:\/\/www.smartystore.it\/fr\/wp-json\/wp\/v2\/types\/product"}],"replies":[{"embeddable":true,"href":"https:\/\/www.smartystore.it\/fr\/wp-json\/wp\/v2\/comments?post=94939"}],"wp:featuredmedia":[{"embeddable":true,"href":"https:\/\/www.smartystore.it\/fr\/wp-json\/wp\/v2\/media\/94938"}],"wp:attachment":[{"href":"https:\/\/www.smartystore.it\/fr\/wp-json\/wp\/v2\/media?parent=94939"}],"wp:term":[{"taxonomy":"pwb-brand","embeddable":true,"href":"https:\/\/www.smartystore.it\/fr\/wp-json\/wp\/v2\/pwb-brand?post=94939"},{"taxonomy":"product_brand","embeddable":true,"href":"https:\/\/www.smartystore.it\/fr\/wp-json\/wp\/v2\/product_brand?post=94939"},{"taxonomy":"product_cat","embeddable":true,"href":"https:\/\/www.smartystore.it\/fr\/wp-json\/wp\/v2\/product_cat?post=94939"},{"taxonomy":"product_tag","embeddable":true,"href":"https:\/\/www.smartystore.it\/fr\/wp-json\/wp\/v2\/product_tag?post=94939"}],"curies":[{"name":"wp","href":"https:\/\/api.w.org\/{rel}","templated":true}]}}