{"id":94935,"date":"2014-03-25T14:58:39","date_gmt":"2014-03-25T12:58:39","guid":{"rendered":"https:\/\/www.smartystore.it\/prodotto\/films-de-remplacement-pour-cadres-clipsables-100x140\/"},"modified":"2026-04-20T18:45:16","modified_gmt":"2026-04-20T16:45:16","slug":"films-de-remplacement-pour-cadres-a-pression-100x140","status":"publish","type":"product","link":"https:\/\/www.smartystore.it\/fr\/prodotto\/films-de-remplacement-pour-cadres-a-pression-100x140\/","title":{"rendered":"Films de remplacement pour cadres \u00e0 pression 100&#215;140"},"content":{"rendered":"<div class=\"wpb-content-wrapper\"><p>[vc_row][vc_column][vc_column_text css=\u00a0\u00bb\u00a0\u00bb css_params=\u00a0\u00bb\u00a0\u00bb]<\/p>\n<h1>Films de remplacement pour Snap Frame 100\u00d7140<\/h1>\n<p>Les films de remplacement pour les cadres snap 100&#215;140 sont importants pour prot\u00e9ger l&rsquo;impression et la rendre plus lisible gr\u00e2ce \u00e0 la fonction \u00ab\u00a0antireflet\u00a0\u00bb.<\/p>\n<p>Les cadres \u00e0 clipser, qu&rsquo;ils soient muraux ou sur pied, constituent une solution polyvalente et pratique pour exposer ses photos ou ses \u0153uvres d&rsquo;art. Cependant, avec le temps, le film protecteur de ces cadres a tendance \u00e0 se d\u00e9t\u00e9riorer. Il peut se ternir, jaunir ou m\u00eame se rompre en raison des nombreuses op\u00e9rations de remplacement de l&rsquo;impression. \u00c0 cet \u00e9gard, il est important de souligner qu&rsquo;il n&rsquo;est pas n\u00e9cessaire d&rsquo;acheter un nouveau cadre \u00e0 chaque fois que le film d&rsquo;origine pr\u00e9sente un probl\u00e8me. Vous pouvez simplement le remplacer par un nouveau film de remplacement.    <\/p>\n<p>Notre film de remplacement pour les cadres snap au format 100\u00d7140 cm est fabriqu\u00e9 en PVC transparent et antireflet, un mat\u00e9riau qui garantit une excellente visibilit\u00e9 de l&rsquo;image sans reflets ind\u00e9sirables. D&rsquo;une \u00e9paisseur de 0,5 mm, ce film est plus robuste que celui fourni \u00e0 l&rsquo;origine avec le cadre, ce qui garantit une plus grande durabilit\u00e9 et une meilleure protection dans le temps. <\/p>\n<h2>Remplacement et entretien des pellicules pour cadres de photos instantan\u00e9es<\/h2>\n<p>L&rsquo;installation du film de remplacement est simple et intuitive. Une fois l&rsquo;ancien film retir\u00e9, il suffit d&rsquo;ins\u00e9rer le nouveau dans le cadre d&rsquo;encliquetage. Pour conserver le film dans un \u00e9tat optimal, vous pouvez le nettoyer facilement \u00e0 l&rsquo;aide d&rsquo;un chiffon doux l\u00e9g\u00e8rement humidifi\u00e9, ce qui permet d&rsquo;\u00e9liminer la poussi\u00e8re et les empreintes digitales sans endommager le mat\u00e9riau.  <\/p>\n<p>Outre le format 100\u00d7140 cm, nous proposons ce film de remplacement dans plusieurs autres tailles, ce qui le rend adapt\u00e9 \u00e0 de nombreux types de cadres et d&rsquo;applications. Cette vari\u00e9t\u00e9 permet aux utilisateurs de trouver la solution parfaite pour chaque besoin d\u00e9coratif ou professionnel. <\/p>\n<p>Le remplacement du film permet non seulement de prolonger la dur\u00e9e de vie de l&rsquo;impression, mais aussi de pr\u00e9server l&rsquo;aspect esth\u00e9tique des environnements dans lesquels il est utilis\u00e9. Choisir de remplacer le film plut\u00f4t que d&rsquo;investir dans un nouveau cadre est une d\u00e9cision \u00e9cologique et durable, qui permet de r\u00e9duire les d\u00e9chets et de promouvoir une utilisation responsable des ressources. <\/p>\n<p>En conclusion, les films de remplacement pour cadres \u00e0 clipser offrent une solution pratique et rentable pour prot\u00e9ger vos \u0153uvres et les maintenir en parfait \u00e9tat. Investir dans un film de qualit\u00e9, c&rsquo;est choisir de pr\u00e9server vos souvenirs et vos pr\u00e9sentations visuelles avec style et fonctionnalit\u00e9. <\/p>\n<h3><\/h3>\n<h3>CARACT\u00c9RISTIQUES<\/h3>\n<ol>\n<li>Film de remplacement pour les cadres encliquetables et autoportants de 100&#215;140 cm.<\/li>\n<li>Mat\u00e9riau : PVC transparent antireflet<\/li>\n<li>Dimensions : 100&#215;140 cm.<\/li>\n<li>\u00c9paisseur : 0,5 mm.<\/li>\n<\/ol>\n<h3 style=\"text-align: center;\">Voir tous les formats disponibles sur ce <span style=\"color: #ff0000;\"><strong><a style=\"color: #ff0000;\" href=\"https:\/\/www.smartystore.it\/fr\/categoria-prodotto\/cadres-instantanes\/accessoires\/\">LIEN<\/a><\/strong><\/span><\/h3>\n<p>&nbsp;<\/p>\n<p>[\/vc_column_text][\/vc_column][\/vc_row]<\/p>\n<\/div>","protected":false},"excerpt":{"rendered":"<p>Films de remplacement en PVC transparent antireflet pour cadres \u00e0 pression taille cm. 100&#215;140<\/p>\n","protected":false},"featured_media":94932,"comment_status":"open","ping_status":"closed","template":"","meta":{"_acf_changed":false},"pwb-brand":[],"product_brand":[3872],"product_cat":[3005],"product_tag":[4381,4379,4378,4382,4376,4380,4377],"class_list":{"0":"post-94935","1":"product","2":"type-product","3":"status-publish","4":"has-post-thumbnail","6":"product_brand-smartystore","7":"product_cat-accessoires","8":"product_tag-film-de-protection-pour-cadres-a-pression","9":"product_tag-film-de-remplacement-pour-cadres-snap-100x140","10":"product_tag-films-anti-reflets-100x140","11":"product_tag-films-de-protection-transparents-antireflets-en-pvc-100x140","12":"product_tag-films-de-remplacement-100x140","13":"product_tag-films-de-remplacement-anti-reflets-pour-cadres-snap-100x140","14":"product_tag-pvc-transparent-antireflet-100x140","15":"pa_c2c_color-transparent","16":"pa_c2c_dimensione-100x140","18":"first","19":"instock","20":"taxable","21":"shipping-taxable","22":"purchasable","23":"product-type-simple"},"acf":[],"yoast_head":"<!-- This site is optimized with the Yoast SEO plugin v27.4 - https:\/\/yoast.com\/product\/yoast-seo-wordpress\/ -->\n<title>Films de remplacement pour cadres \u00e0 pression 100x140 - Smarty Store Au Meilleur Prix<\/title>\n<meta name=\"description\" content=\"Films de remplacement pour cadres \u00e0 pression 100x140, PVC transparent antireflet pour une meilleure lecture des imprim\u00e9s, qualit\u00e9 0,5 mm d&#039;\u00e9paisseur\" \/>\n<meta name=\"robots\" content=\"index, follow, max-snippet:-1, max-image-preview:large, max-video-preview:-1\" \/>\n<link rel=\"canonical\" href=\"https:\/\/www.smartystore.it\/fr\/prodotto\/films-de-remplacement-pour-cadres-a-pression-100x140\/\" \/>\n<meta property=\"og:locale\" content=\"fr_FR\" \/>\n<meta property=\"og:type\" content=\"article\" \/>\n<meta property=\"og:title\" content=\"Films de remplacement pour cadres \u00e0 pression 100x140 - Smarty Store Au Meilleur Prix\" \/>\n<meta property=\"og:description\" content=\"Films de remplacement pour cadres \u00e0 pression 100x140, PVC transparent antireflet pour une meilleure lecture des imprim\u00e9s, qualit\u00e9 0,5 mm d&#039;\u00e9paisseur\" \/>\n<meta property=\"og:url\" content=\"https:\/\/www.smartystore.it\/fr\/prodotto\/films-de-remplacement-pour-cadres-a-pression-100x140\/\" \/>\n<meta property=\"og:site_name\" content=\"Smarty Store\" \/>\n<meta property=\"article:modified_time\" content=\"2026-04-20T16:45:16+00:00\" \/>\n<meta property=\"og:image\" content=\"https:\/\/www.smartystore.it\/v25\/wp-content\/uploads\/2014\/03\/Pellicola-ricambio-pvc-cornici-a-scatto-da-parete-100x140-1.jpg\" \/>\n\t<meta property=\"og:image:width\" content=\"1000\" \/>\n\t<meta property=\"og:image:height\" content=\"1000\" \/>\n\t<meta property=\"og:image:type\" content=\"image\/jpeg\" \/>\n<meta name=\"twitter:card\" content=\"summary_large_image\" \/>\n<meta name=\"twitter:label1\" content=\"Dur\u00e9e de lecture estim\u00e9e\" \/>\n\t<meta name=\"twitter:data1\" content=\"3 minutes\" \/>\n<script type=\"application\/ld+json\" class=\"yoast-schema-graph\">{\"@context\":\"https:\\\/\\\/schema.org\",\"@graph\":[{\"@type\":\"WebPage\",\"@id\":\"https:\\\/\\\/www.smartystore.it\\\/fr\\\/prodotto\\\/films-de-remplacement-pour-cadres-a-pression-100x140\\\/\",\"url\":\"https:\\\/\\\/www.smartystore.it\\\/fr\\\/prodotto\\\/films-de-remplacement-pour-cadres-a-pression-100x140\\\/\",\"name\":\"Films de remplacement pour cadres \u00e0 pression 100x140 - Smarty Store Au Meilleur Prix\",\"isPartOf\":{\"@id\":\"https:\\\/\\\/www.smartystore.it\\\/fr\\\/#website\"},\"primaryImageOfPage\":{\"@id\":\"https:\\\/\\\/www.smartystore.it\\\/fr\\\/prodotto\\\/films-de-remplacement-pour-cadres-a-pression-100x140\\\/#primaryimage\"},\"image\":{\"@id\":\"https:\\\/\\\/www.smartystore.it\\\/fr\\\/prodotto\\\/films-de-remplacement-pour-cadres-a-pression-100x140\\\/#primaryimage\"},\"thumbnailUrl\":\"https:\\\/\\\/www.smartystore.it\\\/v25\\\/wp-content\\\/uploads\\\/2014\\\/03\\\/Pellicola-ricambio-pvc-cornici-a-scatto-da-parete-100x140-1.jpg\",\"datePublished\":\"2014-03-25T12:58:39+00:00\",\"dateModified\":\"2026-04-20T16:45:16+00:00\",\"description\":\"Films de remplacement pour cadres \u00e0 pression 100x140, PVC transparent antireflet pour une meilleure lecture des imprim\u00e9s, qualit\u00e9 0,5 mm d'\u00e9paisseur\",\"breadcrumb\":{\"@id\":\"https:\\\/\\\/www.smartystore.it\\\/fr\\\/prodotto\\\/films-de-remplacement-pour-cadres-a-pression-100x140\\\/#breadcrumb\"},\"inLanguage\":\"fr-FR\",\"potentialAction\":[{\"@type\":\"ReadAction\",\"target\":[\"https:\\\/\\\/www.smartystore.it\\\/fr\\\/prodotto\\\/films-de-remplacement-pour-cadres-a-pression-100x140\\\/\"]}]},{\"@type\":\"ImageObject\",\"inLanguage\":\"fr-FR\",\"@id\":\"https:\\\/\\\/www.smartystore.it\\\/fr\\\/prodotto\\\/films-de-remplacement-pour-cadres-a-pression-100x140\\\/#primaryimage\",\"url\":\"https:\\\/\\\/www.smartystore.it\\\/v25\\\/wp-content\\\/uploads\\\/2014\\\/03\\\/Pellicola-ricambio-pvc-cornici-a-scatto-da-parete-100x140-1.jpg\",\"contentUrl\":\"https:\\\/\\\/www.smartystore.it\\\/v25\\\/wp-content\\\/uploads\\\/2014\\\/03\\\/Pellicola-ricambio-pvc-cornici-a-scatto-da-parete-100x140-1.jpg\",\"width\":1000,\"height\":1000,\"caption\":\"Films de remplacement pour cadres clipsables 100x140\"},{\"@type\":\"BreadcrumbList\",\"@id\":\"https:\\\/\\\/www.smartystore.it\\\/fr\\\/prodotto\\\/films-de-remplacement-pour-cadres-a-pression-100x140\\\/#breadcrumb\",\"itemListElement\":[{\"@type\":\"ListItem\",\"position\":1,\"name\":\"Home\",\"item\":\"https:\\\/\\\/www.smartystore.it\\\/fr\\\/\"},{\"@type\":\"ListItem\",\"position\":2,\"name\":\"Boutique\",\"item\":\"https:\\\/\\\/www.smartystore.it\\\/fr\\\/boutique\\\/\"},{\"@type\":\"ListItem\",\"position\":3,\"name\":\"Films de remplacement pour cadres \u00e0 pression 100&#215;140\"}]},{\"@type\":\"WebSite\",\"@id\":\"https:\\\/\\\/www.smartystore.it\\\/fr\\\/#website\",\"url\":\"https:\\\/\\\/www.smartystore.it\\\/fr\\\/\",\"name\":\"Smarty Store\",\"description\":\"Espositori Pubblicitari e Sistemi di Comunicazione Visiva\",\"potentialAction\":[{\"@type\":\"SearchAction\",\"target\":{\"@type\":\"EntryPoint\",\"urlTemplate\":\"https:\\\/\\\/www.smartystore.it\\\/fr\\\/?s={search_term_string}\"},\"query-input\":{\"@type\":\"PropertyValueSpecification\",\"valueRequired\":true,\"valueName\":\"search_term_string\"}}],\"inLanguage\":\"fr-FR\"}]}<\/script>\n<!-- \/ Yoast SEO plugin. -->","yoast_head_json":{"title":"Films de remplacement pour cadres \u00e0 pression 100x140 - Smarty Store Au Meilleur Prix","description":"Films de remplacement pour cadres \u00e0 pression 100x140, PVC transparent antireflet pour une meilleure lecture des imprim\u00e9s, qualit\u00e9 0,5 mm d'\u00e9paisseur","robots":{"index":"index","follow":"follow","max-snippet":"max-snippet:-1","max-image-preview":"max-image-preview:large","max-video-preview":"max-video-preview:-1"},"canonical":"https:\/\/www.smartystore.it\/fr\/prodotto\/films-de-remplacement-pour-cadres-a-pression-100x140\/","og_locale":"fr_FR","og_type":"article","og_title":"Films de remplacement pour cadres \u00e0 pression 100x140 - Smarty Store Au Meilleur Prix","og_description":"Films de remplacement pour cadres \u00e0 pression 100x140, PVC transparent antireflet pour une meilleure lecture des imprim\u00e9s, qualit\u00e9 0,5 mm d'\u00e9paisseur","og_url":"https:\/\/www.smartystore.it\/fr\/prodotto\/films-de-remplacement-pour-cadres-a-pression-100x140\/","og_site_name":"Smarty Store","article_modified_time":"2026-04-20T16:45:16+00:00","og_image":[{"width":1000,"height":1000,"url":"https:\/\/www.smartystore.it\/v25\/wp-content\/uploads\/2014\/03\/Pellicola-ricambio-pvc-cornici-a-scatto-da-parete-100x140-1.jpg","type":"image\/jpeg"}],"twitter_card":"summary_large_image","twitter_misc":{"Dur\u00e9e de lecture estim\u00e9e":"3 minutes"},"schema":{"@context":"https:\/\/schema.org","@graph":[{"@type":"WebPage","@id":"https:\/\/www.smartystore.it\/fr\/prodotto\/films-de-remplacement-pour-cadres-a-pression-100x140\/","url":"https:\/\/www.smartystore.it\/fr\/prodotto\/films-de-remplacement-pour-cadres-a-pression-100x140\/","name":"Films de remplacement pour cadres \u00e0 pression 100x140 - Smarty Store Au Meilleur Prix","isPartOf":{"@id":"https:\/\/www.smartystore.it\/fr\/#website"},"primaryImageOfPage":{"@id":"https:\/\/www.smartystore.it\/fr\/prodotto\/films-de-remplacement-pour-cadres-a-pression-100x140\/#primaryimage"},"image":{"@id":"https:\/\/www.smartystore.it\/fr\/prodotto\/films-de-remplacement-pour-cadres-a-pression-100x140\/#primaryimage"},"thumbnailUrl":"https:\/\/www.smartystore.it\/v25\/wp-content\/uploads\/2014\/03\/Pellicola-ricambio-pvc-cornici-a-scatto-da-parete-100x140-1.jpg","datePublished":"2014-03-25T12:58:39+00:00","dateModified":"2026-04-20T16:45:16+00:00","description":"Films de remplacement pour cadres \u00e0 pression 100x140, PVC transparent antireflet pour une meilleure lecture des imprim\u00e9s, qualit\u00e9 0,5 mm d'\u00e9paisseur","breadcrumb":{"@id":"https:\/\/www.smartystore.it\/fr\/prodotto\/films-de-remplacement-pour-cadres-a-pression-100x140\/#breadcrumb"},"inLanguage":"fr-FR","potentialAction":[{"@type":"ReadAction","target":["https:\/\/www.smartystore.it\/fr\/prodotto\/films-de-remplacement-pour-cadres-a-pression-100x140\/"]}]},{"@type":"ImageObject","inLanguage":"fr-FR","@id":"https:\/\/www.smartystore.it\/fr\/prodotto\/films-de-remplacement-pour-cadres-a-pression-100x140\/#primaryimage","url":"https:\/\/www.smartystore.it\/v25\/wp-content\/uploads\/2014\/03\/Pellicola-ricambio-pvc-cornici-a-scatto-da-parete-100x140-1.jpg","contentUrl":"https:\/\/www.smartystore.it\/v25\/wp-content\/uploads\/2014\/03\/Pellicola-ricambio-pvc-cornici-a-scatto-da-parete-100x140-1.jpg","width":1000,"height":1000,"caption":"Films de remplacement pour cadres clipsables 100x140"},{"@type":"BreadcrumbList","@id":"https:\/\/www.smartystore.it\/fr\/prodotto\/films-de-remplacement-pour-cadres-a-pression-100x140\/#breadcrumb","itemListElement":[{"@type":"ListItem","position":1,"name":"Home","item":"https:\/\/www.smartystore.it\/fr\/"},{"@type":"ListItem","position":2,"name":"Boutique","item":"https:\/\/www.smartystore.it\/fr\/boutique\/"},{"@type":"ListItem","position":3,"name":"Films de remplacement pour cadres \u00e0 pression 100&#215;140"}]},{"@type":"WebSite","@id":"https:\/\/www.smartystore.it\/fr\/#website","url":"https:\/\/www.smartystore.it\/fr\/","name":"Smarty Store","description":"Espositori Pubblicitari e Sistemi di Comunicazione Visiva","potentialAction":[{"@type":"SearchAction","target":{"@type":"EntryPoint","urlTemplate":"https:\/\/www.smartystore.it\/fr\/?s={search_term_string}"},"query-input":{"@type":"PropertyValueSpecification","valueRequired":true,"valueName":"search_term_string"}}],"inLanguage":"fr-FR"}]}},"brands":[],"_links":{"self":[{"href":"https:\/\/www.smartystore.it\/fr\/wp-json\/wp\/v2\/product\/94935","targetHints":{"allow":["GET"]}}],"collection":[{"href":"https:\/\/www.smartystore.it\/fr\/wp-json\/wp\/v2\/product"}],"about":[{"href":"https:\/\/www.smartystore.it\/fr\/wp-json\/wp\/v2\/types\/product"}],"replies":[{"embeddable":true,"href":"https:\/\/www.smartystore.it\/fr\/wp-json\/wp\/v2\/comments?post=94935"}],"wp:featuredmedia":[{"embeddable":true,"href":"https:\/\/www.smartystore.it\/fr\/wp-json\/wp\/v2\/media\/94932"}],"wp:attachment":[{"href":"https:\/\/www.smartystore.it\/fr\/wp-json\/wp\/v2\/media?parent=94935"}],"wp:term":[{"taxonomy":"pwb-brand","embeddable":true,"href":"https:\/\/www.smartystore.it\/fr\/wp-json\/wp\/v2\/pwb-brand?post=94935"},{"taxonomy":"product_brand","embeddable":true,"href":"https:\/\/www.smartystore.it\/fr\/wp-json\/wp\/v2\/product_brand?post=94935"},{"taxonomy":"product_cat","embeddable":true,"href":"https:\/\/www.smartystore.it\/fr\/wp-json\/wp\/v2\/product_cat?post=94935"},{"taxonomy":"product_tag","embeddable":true,"href":"https:\/\/www.smartystore.it\/fr\/wp-json\/wp\/v2\/product_tag?post=94935"}],"curies":[{"name":"wp","href":"https:\/\/api.w.org\/{rel}","templated":true}]}}