{"id":94923,"date":"2015-03-30T16:29:56","date_gmt":"2015-03-30T14:29:56","guid":{"rendered":"https:\/\/www.smartystore.it\/prodotto\/poteau-de-guidage-classique-avec-ruban-blanc\/"},"modified":"2025-08-23T15:07:59","modified_gmt":"2025-08-23T13:07:59","slug":"poteau-de-guidage-classique-avec-ruban-blanc","status":"publish","type":"product","link":"https:\/\/www.smartystore.it\/fr\/prodotto\/poteau-de-guidage-classique-avec-ruban-blanc\/","title":{"rendered":"Poteau de guidage classique avec ruban blanc"},"content":{"rendered":"<div class=\"wpb-content-wrapper\"><p>[vc_row][vc_column][vc_column_text css=\u00a0\u00bb\u00a0\u00bb css_params=\u00a0\u00bb\u00a0\u00bb]<\/p>\n<h2>Poteau de guidage classique avec ruban blanc: \u00e9l\u00e9gance et fonctionnalit\u00e9<\/h2>\n<p>La Poteau de guidage classique avec ruban blanc est une solution sophistiqu\u00e9e et \u00e9l\u00e9gante pour cr\u00e9er des zones de s\u00e9paration dans diff\u00e9rents contextes, tels que les bureaux, les c\u00e9r\u00e9monies, les centres commerciaux, les magasins de v\u00eatements et les d\u00e9fil\u00e9s de mode. Ce mod\u00e8le est con\u00e7u pour r\u00e9pondre aux exigences de ceux qui souhaitent un produit non seulement pratique, mais aussi esth\u00e9tique. <\/p>\n<p>Fabriqu\u00e9e en acier bross\u00e9 de couleur argent\u00e9e, la Poteau de guidage classique avec ruban blanc offre un aspect moderne et raffin\u00e9. Son design se caract\u00e9rise par des lignes \u00e9pur\u00e9es et des mat\u00e9riaux de haute qualit\u00e9, conf\u00e9rant un aspect professionnel et soign\u00e9 \u00e0 n&rsquo;importe quel environnement. Le poteau a un diam\u00e8tre de 6,3 cm et une hauteur de 100 cm, des dimensions qui garantissent la visibilit\u00e9 et l&rsquo;impact visuel sans \u00eatre g\u00eanantes.  <\/p>\n<p>Le ruban, d&rsquo;une longueur d&rsquo;environ 3 m\u00e8tres et d&rsquo;une hauteur de 5 cm, est disponible dans une couleur blanche classique qui s&rsquo;int\u00e8gre parfaitement \u00e0 divers d\u00e9cors et th\u00e8mes. Le m\u00e9canisme d&rsquo;enroulement est \u00e9quip\u00e9 d&rsquo;un syst\u00e8me d&rsquo;auto-freinage, ce qui permet une utilisation simple et s\u00fbre. En outre, la pr\u00e9sence d&rsquo;un clip de verrouillage de s\u00e9curit\u00e9 garantit que le ruban reste fermement en place lorsqu&rsquo;il n&rsquo;est pas utilis\u00e9, ce qui \u00e9vite les accidents et assure une gestion optimale de l&rsquo;espace.  <\/p>\n<p>La base, d&rsquo;un diam\u00e8tre de 36 cm, est con\u00e7ue pour offrir une stabilit\u00e9 sup\u00e9rieure au m\u00e2t, qui p\u00e8se au total 10 kg. Ce poids consid\u00e9rable permet d&rsquo;\u00e9viter tout basculement accidentel, ce qui rend la perche id\u00e9ale pour les environnements tr\u00e8s fr\u00e9quent\u00e9s, tels que les \u00e9v\u00e9nements ou les foires commerciales. <\/p>\n<h3>Personnalisation du ruban<\/h3>\n<p>Une autre valeur ajout\u00e9e de la Poteau de guidage classique avec ruban blanc est la possibilit\u00e9 de personnaliser le ruban des deux c\u00f4t\u00e9s avec le logo de l&rsquo;entreprise, en utilisant une ou plusieurs couleurs. Cette option de marquage permet aux entreprises de renforcer leur identit\u00e9 visuelle et de promouvoir efficacement leurs valeurs, en transformant un simple outil de s\u00e9paration en un puissant moyen de communication. <\/p>\n<p>En conclusion, la poteau de guidage Classic avec bande blanche est un excellent choix pour ceux qui recherchent un \u00e9quilibre entre \u00e9l\u00e9gance et fonctionnalit\u00e9. Sa robustesse, combin\u00e9e \u00e0 la possibilit\u00e9 de personnalisation, la rend id\u00e9ale pour un large \u00e9ventail d&rsquo;applications commerciales et promotionnelles. <\/p>\n<h3>CARACT\u00c9RISTIQUES<\/h3>\n<ol>\n<li>Poteau de guidage avec tendeur de ruban.<\/li>\n<li>Mod\u00e8le classique en acier argent\u00e9 satin\u00e9.<\/li>\n<li>Ruban blanc : L 3 m\u00e8tres environ &#8211; H 5 cm.<\/li>\n<li>Enrouleur avec m\u00e9canisme d&rsquo;auto-freinage avec clip de verrouillage de s\u00e9curit\u00e9 et trois crochets de r\u00e9ception.<\/li>\n<li>Base avec couvercle en acier \u00d8 36 cm, colonne \u00d8 6,3 cm, colonne H 100 cm.<\/li>\n<li>Poids total de la colonne : 10 kg &#8211; Le poids assure une plus grande stabilit\u00e9.<\/li>\n<\/ol>\n<p>Le co\u00fbt se r\u00e9f\u00e8re \u00e0 une colonne compl\u00e8te avec une bobine de ruban blanc.<\/p>\n<p>Possibilit\u00e9 de personnaliser le ruban des deux c\u00f4t\u00e9s avec un logo en une ou plusieurs couleurs (contactez-nous pour plus d&rsquo;informations et pour conna\u00eetre les co\u00fbts).<\/p>\n<p>La colonne est disponible dans d&rsquo;autres couleurs de ruban, cliquez <strong><a href=\"https:\/\/www.smartystore.it\/fr\/?s=stop51%2F&amp;post_type=product\">ICI<\/a><\/strong><\/p>\n<p>&nbsp;<\/p>\n<p><a href=\"https:\/\/www.smartystore.it\/v25\/wp-content\/uploads\/2015\/03\/STR-STOP51-R-B-N-GN-BR-BI-V-AR.pdf\" target=\"_blank\" rel=\"noopener\"><img loading=\"lazy\" decoding=\"async\" class=\"alignnone size-full wp-image-93510\" src=\"https:\/\/www.smartystore.it\/v25\/wp-content\/uploads\/2014\/10\/SchedaTecnica-300-e1750084266903.png\" alt=\"\" width=\"249\" height=\"63\"><\/a><\/p>\n<p>&nbsp;[\/vc_column_text][\/vc_column][\/vc_row]<\/p>\n<\/div>","protected":false},"excerpt":{"rendered":"<p>Colonne en acier satin\u00e9 et ruban enrouleur de 3 m\u00e8tres en blanc.<\/p>\n<p>&nbsp;<\/p>\n","protected":false},"featured_media":94922,"comment_status":"open","ping_status":"closed","template":"","meta":{"_acf_changed":false},"pwb-brand":[],"product_brand":[],"product_cat":[3078,3079],"product_tag":[4361,4258,4262,4261,4360,4273,4359,4263,4274],"class_list":{"0":"post-94923","1":"product","2":"type-product","3":"status-publish","4":"has-post-thumbnail","6":"product_cat-poteau-de-separation","7":"product_cat-poteau-de-separation-fr","8":"product_tag-colonne-detirement-de-3-metres-de-ruban-blanc","9":"product_tag-colonne-de-marquage","10":"product_tag-colonne-de-marquise-de-3-metres","11":"product_tag-colonne-de-tension-de-bande-flexible-3-metres","12":"product_tag-piquets-avec-ruban-blanc-amovible-de-3-metres","13":"product_tag-poteau-de-balisage-argente","14":"product_tag-poteau-de-guidage-classique-avec-ruban-blanc","15":"product_tag-poteau-de-tension-flex-line-3-metres","16":"product_tag-poteaux-de-guidage-de-la-lime-argentee","17":"pa_c2c_color-blanc","18":"pa_c2c_dimensione-3-metres","19":"pa_c2c_trovraprezzi-oui","21":"first","22":"instock","23":"taxable","24":"shipping-taxable","25":"purchasable","26":"product-type-simple"},"acf":[],"yoast_head":"<!-- This site is optimized with the Yoast SEO plugin v27.4 - https:\/\/yoast.com\/product\/yoast-seo-wordpress\/ -->\n<title>Poteau de guidage classique avec ruban blanc - Smartystore<\/title>\n<meta name=\"description\" content=\"Poteau de guidage classique avec ruban blanc, extension du ruban 3 m\u00e8tres, hauteur 100cm. Achetez la borne de balisage Classic chez Smartystore.\" \/>\n<meta name=\"robots\" content=\"index, follow, max-snippet:-1, max-image-preview:large, max-video-preview:-1\" \/>\n<link rel=\"canonical\" href=\"https:\/\/www.smartystore.it\/fr\/prodotto\/poteau-de-guidage-classique-avec-ruban-blanc\/\" \/>\n<meta property=\"og:locale\" content=\"fr_FR\" \/>\n<meta property=\"og:type\" content=\"article\" \/>\n<meta property=\"og:title\" content=\"Poteau de guidage classique avec ruban blanc - Smartystore\" \/>\n<meta property=\"og:description\" content=\"Poteau de guidage classique avec ruban blanc, extension du ruban 3 m\u00e8tres, hauteur 100cm. Achetez la borne de balisage Classic chez Smartystore.\" \/>\n<meta property=\"og:url\" content=\"https:\/\/www.smartystore.it\/fr\/prodotto\/poteau-de-guidage-classique-avec-ruban-blanc\/\" \/>\n<meta property=\"og:site_name\" content=\"Smarty Store\" \/>\n<meta property=\"article:modified_time\" content=\"2025-08-23T13:07:59+00:00\" \/>\n<meta property=\"og:image\" content=\"https:\/\/www.smartystore.it\/v25\/wp-content\/uploads\/2015\/03\/Colonnina-segna-percorso-classic-in-acciaio-satinato-silver-nastro-bianco-di-3-metri-STOP51BI.jpg\" \/>\n\t<meta property=\"og:image:width\" content=\"1000\" \/>\n\t<meta property=\"og:image:height\" content=\"1000\" \/>\n\t<meta property=\"og:image:type\" content=\"image\/jpeg\" \/>\n<meta name=\"twitter:card\" content=\"summary_large_image\" \/>\n<meta name=\"twitter:label1\" content=\"Dur\u00e9e de lecture estim\u00e9e\" \/>\n\t<meta name=\"twitter:data1\" content=\"4 minutes\" \/>\n<script type=\"application\/ld+json\" class=\"yoast-schema-graph\">{\"@context\":\"https:\\\/\\\/schema.org\",\"@graph\":[{\"@type\":\"WebPage\",\"@id\":\"https:\\\/\\\/www.smartystore.it\\\/fr\\\/prodotto\\\/poteau-de-guidage-classique-avec-ruban-blanc\\\/\",\"url\":\"https:\\\/\\\/www.smartystore.it\\\/fr\\\/prodotto\\\/poteau-de-guidage-classique-avec-ruban-blanc\\\/\",\"name\":\"Poteau de guidage classique avec ruban blanc - Smartystore\",\"isPartOf\":{\"@id\":\"https:\\\/\\\/www.smartystore.it\\\/fr\\\/#website\"},\"primaryImageOfPage\":{\"@id\":\"https:\\\/\\\/www.smartystore.it\\\/fr\\\/prodotto\\\/poteau-de-guidage-classique-avec-ruban-blanc\\\/#primaryimage\"},\"image\":{\"@id\":\"https:\\\/\\\/www.smartystore.it\\\/fr\\\/prodotto\\\/poteau-de-guidage-classique-avec-ruban-blanc\\\/#primaryimage\"},\"thumbnailUrl\":\"https:\\\/\\\/www.smartystore.it\\\/v25\\\/wp-content\\\/uploads\\\/2015\\\/03\\\/Colonnina-segna-percorso-classic-in-acciaio-satinato-silver-nastro-bianco-di-3-metri-STOP51BI.jpg\",\"datePublished\":\"2015-03-30T14:29:56+00:00\",\"dateModified\":\"2025-08-23T13:07:59+00:00\",\"description\":\"Poteau de guidage classique avec ruban blanc, extension du ruban 3 m\u00e8tres, hauteur 100cm. Achetez la borne de balisage Classic chez Smartystore.\",\"breadcrumb\":{\"@id\":\"https:\\\/\\\/www.smartystore.it\\\/fr\\\/prodotto\\\/poteau-de-guidage-classique-avec-ruban-blanc\\\/#breadcrumb\"},\"inLanguage\":\"fr-FR\",\"potentialAction\":[{\"@type\":\"ReadAction\",\"target\":[\"https:\\\/\\\/www.smartystore.it\\\/fr\\\/prodotto\\\/poteau-de-guidage-classique-avec-ruban-blanc\\\/\"]}]},{\"@type\":\"ImageObject\",\"inLanguage\":\"fr-FR\",\"@id\":\"https:\\\/\\\/www.smartystore.it\\\/fr\\\/prodotto\\\/poteau-de-guidage-classique-avec-ruban-blanc\\\/#primaryimage\",\"url\":\"https:\\\/\\\/www.smartystore.it\\\/v25\\\/wp-content\\\/uploads\\\/2015\\\/03\\\/Colonnina-segna-percorso-classic-in-acciaio-satinato-silver-nastro-bianco-di-3-metri-STOP51BI.jpg\",\"contentUrl\":\"https:\\\/\\\/www.smartystore.it\\\/v25\\\/wp-content\\\/uploads\\\/2015\\\/03\\\/Colonnina-segna-percorso-classic-in-acciaio-satinato-silver-nastro-bianco-di-3-metri-STOP51BI.jpg\",\"width\":1000,\"height\":1000,\"caption\":\"Poteau de guidage classique avec ruban blanc\"},{\"@type\":\"BreadcrumbList\",\"@id\":\"https:\\\/\\\/www.smartystore.it\\\/fr\\\/prodotto\\\/poteau-de-guidage-classique-avec-ruban-blanc\\\/#breadcrumb\",\"itemListElement\":[{\"@type\":\"ListItem\",\"position\":1,\"name\":\"Home\",\"item\":\"https:\\\/\\\/www.smartystore.it\\\/fr\\\/\"},{\"@type\":\"ListItem\",\"position\":2,\"name\":\"Boutique\",\"item\":\"https:\\\/\\\/www.smartystore.it\\\/fr\\\/boutique\\\/\"},{\"@type\":\"ListItem\",\"position\":3,\"name\":\"Poteau de guidage classique avec ruban blanc\"}]},{\"@type\":\"WebSite\",\"@id\":\"https:\\\/\\\/www.smartystore.it\\\/fr\\\/#website\",\"url\":\"https:\\\/\\\/www.smartystore.it\\\/fr\\\/\",\"name\":\"Smarty Store\",\"description\":\"Espositori Pubblicitari e Sistemi di Comunicazione Visiva\",\"potentialAction\":[{\"@type\":\"SearchAction\",\"target\":{\"@type\":\"EntryPoint\",\"urlTemplate\":\"https:\\\/\\\/www.smartystore.it\\\/fr\\\/?s={search_term_string}\"},\"query-input\":{\"@type\":\"PropertyValueSpecification\",\"valueRequired\":true,\"valueName\":\"search_term_string\"}}],\"inLanguage\":\"fr-FR\"}]}<\/script>\n<!-- \/ Yoast SEO plugin. -->","yoast_head_json":{"title":"Poteau de guidage classique avec ruban blanc - Smartystore","description":"Poteau de guidage classique avec ruban blanc, extension du ruban 3 m\u00e8tres, hauteur 100cm. Achetez la borne de balisage Classic chez Smartystore.","robots":{"index":"index","follow":"follow","max-snippet":"max-snippet:-1","max-image-preview":"max-image-preview:large","max-video-preview":"max-video-preview:-1"},"canonical":"https:\/\/www.smartystore.it\/fr\/prodotto\/poteau-de-guidage-classique-avec-ruban-blanc\/","og_locale":"fr_FR","og_type":"article","og_title":"Poteau de guidage classique avec ruban blanc - Smartystore","og_description":"Poteau de guidage classique avec ruban blanc, extension du ruban 3 m\u00e8tres, hauteur 100cm. Achetez la borne de balisage Classic chez Smartystore.","og_url":"https:\/\/www.smartystore.it\/fr\/prodotto\/poteau-de-guidage-classique-avec-ruban-blanc\/","og_site_name":"Smarty Store","article_modified_time":"2025-08-23T13:07:59+00:00","og_image":[{"width":1000,"height":1000,"url":"https:\/\/www.smartystore.it\/v25\/wp-content\/uploads\/2015\/03\/Colonnina-segna-percorso-classic-in-acciaio-satinato-silver-nastro-bianco-di-3-metri-STOP51BI.jpg","type":"image\/jpeg"}],"twitter_card":"summary_large_image","twitter_misc":{"Dur\u00e9e de lecture estim\u00e9e":"4 minutes"},"schema":{"@context":"https:\/\/schema.org","@graph":[{"@type":"WebPage","@id":"https:\/\/www.smartystore.it\/fr\/prodotto\/poteau-de-guidage-classique-avec-ruban-blanc\/","url":"https:\/\/www.smartystore.it\/fr\/prodotto\/poteau-de-guidage-classique-avec-ruban-blanc\/","name":"Poteau de guidage classique avec ruban blanc - Smartystore","isPartOf":{"@id":"https:\/\/www.smartystore.it\/fr\/#website"},"primaryImageOfPage":{"@id":"https:\/\/www.smartystore.it\/fr\/prodotto\/poteau-de-guidage-classique-avec-ruban-blanc\/#primaryimage"},"image":{"@id":"https:\/\/www.smartystore.it\/fr\/prodotto\/poteau-de-guidage-classique-avec-ruban-blanc\/#primaryimage"},"thumbnailUrl":"https:\/\/www.smartystore.it\/v25\/wp-content\/uploads\/2015\/03\/Colonnina-segna-percorso-classic-in-acciaio-satinato-silver-nastro-bianco-di-3-metri-STOP51BI.jpg","datePublished":"2015-03-30T14:29:56+00:00","dateModified":"2025-08-23T13:07:59+00:00","description":"Poteau de guidage classique avec ruban blanc, extension du ruban 3 m\u00e8tres, hauteur 100cm. Achetez la borne de balisage Classic chez Smartystore.","breadcrumb":{"@id":"https:\/\/www.smartystore.it\/fr\/prodotto\/poteau-de-guidage-classique-avec-ruban-blanc\/#breadcrumb"},"inLanguage":"fr-FR","potentialAction":[{"@type":"ReadAction","target":["https:\/\/www.smartystore.it\/fr\/prodotto\/poteau-de-guidage-classique-avec-ruban-blanc\/"]}]},{"@type":"ImageObject","inLanguage":"fr-FR","@id":"https:\/\/www.smartystore.it\/fr\/prodotto\/poteau-de-guidage-classique-avec-ruban-blanc\/#primaryimage","url":"https:\/\/www.smartystore.it\/v25\/wp-content\/uploads\/2015\/03\/Colonnina-segna-percorso-classic-in-acciaio-satinato-silver-nastro-bianco-di-3-metri-STOP51BI.jpg","contentUrl":"https:\/\/www.smartystore.it\/v25\/wp-content\/uploads\/2015\/03\/Colonnina-segna-percorso-classic-in-acciaio-satinato-silver-nastro-bianco-di-3-metri-STOP51BI.jpg","width":1000,"height":1000,"caption":"Poteau de guidage classique avec ruban blanc"},{"@type":"BreadcrumbList","@id":"https:\/\/www.smartystore.it\/fr\/prodotto\/poteau-de-guidage-classique-avec-ruban-blanc\/#breadcrumb","itemListElement":[{"@type":"ListItem","position":1,"name":"Home","item":"https:\/\/www.smartystore.it\/fr\/"},{"@type":"ListItem","position":2,"name":"Boutique","item":"https:\/\/www.smartystore.it\/fr\/boutique\/"},{"@type":"ListItem","position":3,"name":"Poteau de guidage classique avec ruban blanc"}]},{"@type":"WebSite","@id":"https:\/\/www.smartystore.it\/fr\/#website","url":"https:\/\/www.smartystore.it\/fr\/","name":"Smarty Store","description":"Espositori Pubblicitari e Sistemi di Comunicazione Visiva","potentialAction":[{"@type":"SearchAction","target":{"@type":"EntryPoint","urlTemplate":"https:\/\/www.smartystore.it\/fr\/?s={search_term_string}"},"query-input":{"@type":"PropertyValueSpecification","valueRequired":true,"valueName":"search_term_string"}}],"inLanguage":"fr-FR"}]}},"brands":[],"_links":{"self":[{"href":"https:\/\/www.smartystore.it\/fr\/wp-json\/wp\/v2\/product\/94923","targetHints":{"allow":["GET"]}}],"collection":[{"href":"https:\/\/www.smartystore.it\/fr\/wp-json\/wp\/v2\/product"}],"about":[{"href":"https:\/\/www.smartystore.it\/fr\/wp-json\/wp\/v2\/types\/product"}],"replies":[{"embeddable":true,"href":"https:\/\/www.smartystore.it\/fr\/wp-json\/wp\/v2\/comments?post=94923"}],"wp:featuredmedia":[{"embeddable":true,"href":"https:\/\/www.smartystore.it\/fr\/wp-json\/wp\/v2\/media\/94922"}],"wp:attachment":[{"href":"https:\/\/www.smartystore.it\/fr\/wp-json\/wp\/v2\/media?parent=94923"}],"wp:term":[{"taxonomy":"pwb-brand","embeddable":true,"href":"https:\/\/www.smartystore.it\/fr\/wp-json\/wp\/v2\/pwb-brand?post=94923"},{"taxonomy":"product_brand","embeddable":true,"href":"https:\/\/www.smartystore.it\/fr\/wp-json\/wp\/v2\/product_brand?post=94923"},{"taxonomy":"product_cat","embeddable":true,"href":"https:\/\/www.smartystore.it\/fr\/wp-json\/wp\/v2\/product_cat?post=94923"},{"taxonomy":"product_tag","embeddable":true,"href":"https:\/\/www.smartystore.it\/fr\/wp-json\/wp\/v2\/product_tag?post=94923"}],"curies":[{"name":"wp","href":"https:\/\/api.w.org\/{rel}","templated":true}]}}