{"id":94920,"date":"2015-03-30T16:37:53","date_gmt":"2015-03-30T14:37:53","guid":{"rendered":"https:\/\/www.smartystore.it\/prodotto\/poteau-de-guidage-classique-avec-ruban-jaune\/"},"modified":"2025-08-23T13:49:41","modified_gmt":"2025-08-23T11:49:41","slug":"poteau-de-guidage-classique-avec-ruban-jaune","status":"publish","type":"product","link":"https:\/\/www.smartystore.it\/fr\/prodotto\/poteau-de-guidage-classique-avec-ruban-jaune\/","title":{"rendered":"Poteau de guidage classique avec ruban jaune"},"content":{"rendered":"<div class=\"wpb-content-wrapper\"><p>[vc_row][vc_column][vc_column_text css=\u00a0\u00bb\u00a0\u00bb css_params=\u00a0\u00bb\u00a0\u00bb]<\/p>\n<h2>Poteau de guidage classique avec ruban jaune: une solution polyvalente pour tous les contextes<\/h2>\n<p>La Poteau de guidage classique avec ruban jaune est une solution id\u00e9ale pour g\u00e9rer et diriger les flux de personnes dans divers environnements, notamment les bureaux, les entrep\u00f4ts, les centres a\u00e9r\u00e9s, les expositions et les d\u00e9fil\u00e9s de mode. Con\u00e7ue pour \u00eatre \u00e0 la fois fonctionnelle et esth\u00e9tique, cette borne se distingue par son design \u00e9l\u00e9gant et la qualit\u00e9 des mat\u00e9riaux utilis\u00e9s.<\/p>\n<p>R\u00e9alis\u00e9e en acier satin\u00e9 de couleur argent bross\u00e9, la Poteau de guidage classique avec ruban jaune offre non seulement une grande robustesse, mais elle s&rsquo;int\u00e8gre aussi harmonieusement dans n&rsquo;importe quel contexte, en lui donnant un aspect professionnel et soign\u00e9. Le ruban, d&rsquo;une longueur d&rsquo;environ 3 m\u00e8tres et d&rsquo;une hauteur de 5 cm, est r\u00e9alis\u00e9 dans une couleur jaune vif, facilement visible m\u00eame de loin. Cet \u00e9l\u00e9ment est particuli\u00e8rement utile pour signaler des itin\u00e9raires temporaires ou des zones \u00e0 d\u00e9limiter, en pr\u00eatant une attention particuli\u00e8re \u00e0 la s\u00e9curit\u00e9 et \u00e0 l&rsquo;orientation des visiteurs.<\/p>\n<p>Le m\u00e9canisme d&rsquo;enroulement de la colonne est \u00e9quip\u00e9 d&rsquo;un syst\u00e8me d&rsquo;auto-freinage, ce qui permet une utilisation facile et s\u00fbre. En outre, le clip de verrouillage de s\u00e9curit\u00e9 et les trois crochets de r\u00e9ception rendent le syst\u00e8me encore plus pratique et polyvalent, permettant une installation rapide et simple. La stabilit\u00e9 est assur\u00e9e par la base recouverte d&rsquo;acier, dont le diam\u00e8tre de 36 cm offre une grande surface d&rsquo;appui. Le poteau a un diam\u00e8tre de 6,3 cm et la colonne atteint une hauteur totale de 100 cm, ce qui garantit la visibilit\u00e9 et la reconnaissance dans la pi\u00e8ce.<\/p>\n<p>D&rsquo;un poids total de 10 kg, le poteau Classic est con\u00e7u pour rester fermement au sol et r\u00e9sister aux chocs, r\u00e9duisant ainsi le risque de chutes accidentelles. Cette caract\u00e9ristique est cruciale dans les environnements tr\u00e8s fr\u00e9quent\u00e9s o\u00f9 la s\u00e9curit\u00e9 des personnes doit toujours \u00eatre une priorit\u00e9.<\/p>\n<h3>Personnalisation du ruban<\/h3>\n<p>Outre ses qualit\u00e9s fonctionnelles, la borne peut \u00eatre personnalis\u00e9e des deux c\u00f4t\u00e9s du ruban avec le logo d&rsquo;une entreprise, ce qui permet une promotion efficace de la marque. Cette option de personnalisation fait de la borne Classic un excellent choix, non seulement pour les \u00e9v\u00e9nements sp\u00e9ciaux, mais aussi pour une utilisation quotidienne dans les environnements d&rsquo;entreprise.<\/p>\n<p>En conclusion, la Poteau de guidage classique avec ruban jaune est un investissement judicieux pour ceux qui souhaitent optimiser la gestion des flux de personnes, tout en assurant un haut niveau de s\u00e9curit\u00e9 et une touche d&rsquo;\u00e9l\u00e9gance.<\/p>\n<h3>CARACT\u00c9RISTIQUES<\/h3>\n<p>Poteau de guidage avec tendeur de ruban.<\/p>\n<p>Mod\u00e8le classique en acier argent\u00e9 satin\u00e9.<\/p>\n<p>Ruban jaune : L 3 m\u00e8tres environ &#8211; H 5 cm.<\/p>\n<p>Enrouleur avec m\u00e9canisme d&rsquo;auto-freinage avec clip de verrouillage de s\u00e9curit\u00e9 et trois crochets de r\u00e9ception.<\/p>\n<p>Base avec couvercle en acier \u00d8 36 cm, colonne \u00d8 6,3 cm, hauteur de la colonne 92 cm.<\/p>\n<p>Poids total de la colonne : 10 kg &#8211; Le poids assure une plus grande stabilit\u00e9.<\/p>\n<p>Le co\u00fbt se r\u00e9f\u00e8re \u00e0 une colonne compl\u00e8te avec une bobine de ruban jaune.<\/p>\n<p>Possibilit\u00e9 de personnaliser le ruban des deux c\u00f4t\u00e9s avec un logo en une ou plusieurs couleurs (contactez-nous pour plus d&rsquo;informations et pour conna\u00eetre les co\u00fbts).<\/p>\n<p>La colonne est disponible dans d&rsquo;autres couleurs de ruban, cliquez <strong><a href=\"https:\/\/www.smartystore.it\/fr\/?s=stop51%2F&amp;post_type=product\">ICI<\/a><\/strong><\/p>\n<p>&nbsp;<\/p>\n<p><a href=\"https:\/\/www.smartystore.it\/v25\/wp-content\/uploads\/2015\/03\/STR-STOP51-R-B-N-GN-BR-BI-V-AR.pdf\" target=\"_blank\" rel=\"noopener\"><img loading=\"lazy\" decoding=\"async\" class=\"alignnone size-full wp-image-93510\" src=\"https:\/\/www.smartystore.it\/v25\/wp-content\/uploads\/2014\/10\/SchedaTecnica-300-e1750084266903.png\" alt=\"\" width=\"249\" height=\"63\" \/><\/a><\/p>\n<p>[\/vc_column_text][\/vc_column][\/vc_row]<\/p>\n<\/div>","protected":false},"excerpt":{"rendered":"<p>Colonne en acier satin\u00e9 et ruban enrouleur jaune de 3 m\u00e8tres.<\/p>\n","protected":false},"featured_media":94919,"comment_status":"open","ping_status":"closed","template":"","meta":{"_acf_changed":false},"pwb-brand":[],"product_brand":[],"product_cat":[3078,3079],"product_tag":[4352,4258,4262,4261,4351,4273,4350,4263,4274],"class_list":{"0":"post-94920","1":"product","2":"type-product","3":"status-publish","4":"has-post-thumbnail","6":"product_cat-poteau-de-separation","7":"product_cat-poteau-de-separation-fr","8":"product_tag-colonne-detirement-avec-ruban-jaune-de-3-metres","9":"product_tag-colonne-de-marquage","10":"product_tag-colonne-de-marquise-de-3-metres","11":"product_tag-colonne-de-tension-de-bande-flexible-3-metres","12":"product_tag-piquets-avec-ruban-jaune-amovible-de-3-metres","13":"product_tag-poteau-de-balisage-argente","14":"product_tag-poteau-de-guidage-classique-avec-ruban-jaune","15":"product_tag-poteau-de-tension-flex-line-3-metres","16":"product_tag-poteaux-de-guidage-de-la-lime-argentee","17":"pa_c2c_color-jaune","18":"pa_c2c_dimensione-3-metres","19":"pa_c2c_trovraprezzi-oui","21":"first","22":"instock","23":"taxable","24":"shipping-taxable","25":"purchasable","26":"product-type-simple"},"acf":[],"yoast_head":"<!-- This site is optimized with the Yoast SEO plugin v27.4 - https:\/\/yoast.com\/product\/yoast-seo-wordpress\/ -->\n<title>Poteau de guidage classique avec ruban jaune - Smartystore<\/title>\n<meta name=\"description\" content=\"Poteau de guidage classique avec ruban jaune, extension du ruban de 3 m\u00e8tres, hauteur 100 cm. Achetez la borne de balisage Classic chez Smartystore.\" \/>\n<meta name=\"robots\" content=\"index, follow, max-snippet:-1, max-image-preview:large, max-video-preview:-1\" \/>\n<link rel=\"canonical\" href=\"https:\/\/www.smartystore.it\/fr\/prodotto\/poteau-de-guidage-classique-avec-ruban-jaune\/\" \/>\n<meta property=\"og:locale\" content=\"fr_FR\" \/>\n<meta property=\"og:type\" content=\"article\" \/>\n<meta property=\"og:title\" content=\"Poteau de guidage classique avec ruban jaune - Smartystore\" \/>\n<meta property=\"og:description\" content=\"Poteau de guidage classique avec ruban jaune, extension du ruban de 3 m\u00e8tres, hauteur 100 cm. Achetez la borne de balisage Classic chez Smartystore.\" \/>\n<meta property=\"og:url\" content=\"https:\/\/www.smartystore.it\/fr\/prodotto\/poteau-de-guidage-classique-avec-ruban-jaune\/\" \/>\n<meta property=\"og:site_name\" content=\"Smarty Store\" \/>\n<meta property=\"article:modified_time\" content=\"2025-08-23T11:49:41+00:00\" \/>\n<meta property=\"og:image\" content=\"https:\/\/www.smartystore.it\/v25\/wp-content\/uploads\/2015\/03\/Colonnina-segna-percorso-classic-in-acciaio-satinato-silver-nastro-giallo-di-3-metri-STOP51GI.jpg\" \/>\n\t<meta property=\"og:image:width\" content=\"1000\" \/>\n\t<meta property=\"og:image:height\" content=\"1000\" \/>\n\t<meta property=\"og:image:type\" content=\"image\/jpeg\" \/>\n<meta name=\"twitter:card\" content=\"summary_large_image\" \/>\n<meta name=\"twitter:label1\" content=\"Dur\u00e9e de lecture estim\u00e9e\" \/>\n\t<meta name=\"twitter:data1\" content=\"4 minutes\" \/>\n<script type=\"application\/ld+json\" class=\"yoast-schema-graph\">{\"@context\":\"https:\\\/\\\/schema.org\",\"@graph\":[{\"@type\":\"WebPage\",\"@id\":\"https:\\\/\\\/www.smartystore.it\\\/fr\\\/prodotto\\\/poteau-de-guidage-classique-avec-ruban-jaune\\\/\",\"url\":\"https:\\\/\\\/www.smartystore.it\\\/fr\\\/prodotto\\\/poteau-de-guidage-classique-avec-ruban-jaune\\\/\",\"name\":\"Poteau de guidage classique avec ruban jaune - Smartystore\",\"isPartOf\":{\"@id\":\"https:\\\/\\\/www.smartystore.it\\\/fr\\\/#website\"},\"primaryImageOfPage\":{\"@id\":\"https:\\\/\\\/www.smartystore.it\\\/fr\\\/prodotto\\\/poteau-de-guidage-classique-avec-ruban-jaune\\\/#primaryimage\"},\"image\":{\"@id\":\"https:\\\/\\\/www.smartystore.it\\\/fr\\\/prodotto\\\/poteau-de-guidage-classique-avec-ruban-jaune\\\/#primaryimage\"},\"thumbnailUrl\":\"https:\\\/\\\/www.smartystore.it\\\/v25\\\/wp-content\\\/uploads\\\/2015\\\/03\\\/Colonnina-segna-percorso-classic-in-acciaio-satinato-silver-nastro-giallo-di-3-metri-STOP51GI.jpg\",\"datePublished\":\"2015-03-30T14:37:53+00:00\",\"dateModified\":\"2025-08-23T11:49:41+00:00\",\"description\":\"Poteau de guidage classique avec ruban jaune, extension du ruban de 3 m\u00e8tres, hauteur 100 cm. Achetez la borne de balisage Classic chez Smartystore.\",\"breadcrumb\":{\"@id\":\"https:\\\/\\\/www.smartystore.it\\\/fr\\\/prodotto\\\/poteau-de-guidage-classique-avec-ruban-jaune\\\/#breadcrumb\"},\"inLanguage\":\"fr-FR\",\"potentialAction\":[{\"@type\":\"ReadAction\",\"target\":[\"https:\\\/\\\/www.smartystore.it\\\/fr\\\/prodotto\\\/poteau-de-guidage-classique-avec-ruban-jaune\\\/\"]}]},{\"@type\":\"ImageObject\",\"inLanguage\":\"fr-FR\",\"@id\":\"https:\\\/\\\/www.smartystore.it\\\/fr\\\/prodotto\\\/poteau-de-guidage-classique-avec-ruban-jaune\\\/#primaryimage\",\"url\":\"https:\\\/\\\/www.smartystore.it\\\/v25\\\/wp-content\\\/uploads\\\/2015\\\/03\\\/Colonnina-segna-percorso-classic-in-acciaio-satinato-silver-nastro-giallo-di-3-metri-STOP51GI.jpg\",\"contentUrl\":\"https:\\\/\\\/www.smartystore.it\\\/v25\\\/wp-content\\\/uploads\\\/2015\\\/03\\\/Colonnina-segna-percorso-classic-in-acciaio-satinato-silver-nastro-giallo-di-3-metri-STOP51GI.jpg\",\"width\":1000,\"height\":1000,\"caption\":\"Poteau de guidage classique avec ruban jaune\"},{\"@type\":\"BreadcrumbList\",\"@id\":\"https:\\\/\\\/www.smartystore.it\\\/fr\\\/prodotto\\\/poteau-de-guidage-classique-avec-ruban-jaune\\\/#breadcrumb\",\"itemListElement\":[{\"@type\":\"ListItem\",\"position\":1,\"name\":\"Home\",\"item\":\"https:\\\/\\\/www.smartystore.it\\\/fr\\\/\"},{\"@type\":\"ListItem\",\"position\":2,\"name\":\"Boutique\",\"item\":\"https:\\\/\\\/www.smartystore.it\\\/fr\\\/boutique\\\/\"},{\"@type\":\"ListItem\",\"position\":3,\"name\":\"Poteau de guidage classique avec ruban jaune\"}]},{\"@type\":\"WebSite\",\"@id\":\"https:\\\/\\\/www.smartystore.it\\\/fr\\\/#website\",\"url\":\"https:\\\/\\\/www.smartystore.it\\\/fr\\\/\",\"name\":\"Smarty Store\",\"description\":\"Espositori Pubblicitari e Sistemi di Comunicazione Visiva\",\"potentialAction\":[{\"@type\":\"SearchAction\",\"target\":{\"@type\":\"EntryPoint\",\"urlTemplate\":\"https:\\\/\\\/www.smartystore.it\\\/fr\\\/?s={search_term_string}\"},\"query-input\":{\"@type\":\"PropertyValueSpecification\",\"valueRequired\":true,\"valueName\":\"search_term_string\"}}],\"inLanguage\":\"fr-FR\"}]}<\/script>\n<!-- \/ Yoast SEO plugin. -->","yoast_head_json":{"title":"Poteau de guidage classique avec ruban jaune - Smartystore","description":"Poteau de guidage classique avec ruban jaune, extension du ruban de 3 m\u00e8tres, hauteur 100 cm. Achetez la borne de balisage Classic chez Smartystore.","robots":{"index":"index","follow":"follow","max-snippet":"max-snippet:-1","max-image-preview":"max-image-preview:large","max-video-preview":"max-video-preview:-1"},"canonical":"https:\/\/www.smartystore.it\/fr\/prodotto\/poteau-de-guidage-classique-avec-ruban-jaune\/","og_locale":"fr_FR","og_type":"article","og_title":"Poteau de guidage classique avec ruban jaune - Smartystore","og_description":"Poteau de guidage classique avec ruban jaune, extension du ruban de 3 m\u00e8tres, hauteur 100 cm. Achetez la borne de balisage Classic chez Smartystore.","og_url":"https:\/\/www.smartystore.it\/fr\/prodotto\/poteau-de-guidage-classique-avec-ruban-jaune\/","og_site_name":"Smarty Store","article_modified_time":"2025-08-23T11:49:41+00:00","og_image":[{"width":1000,"height":1000,"url":"https:\/\/www.smartystore.it\/v25\/wp-content\/uploads\/2015\/03\/Colonnina-segna-percorso-classic-in-acciaio-satinato-silver-nastro-giallo-di-3-metri-STOP51GI.jpg","type":"image\/jpeg"}],"twitter_card":"summary_large_image","twitter_misc":{"Dur\u00e9e de lecture estim\u00e9e":"4 minutes"},"schema":{"@context":"https:\/\/schema.org","@graph":[{"@type":"WebPage","@id":"https:\/\/www.smartystore.it\/fr\/prodotto\/poteau-de-guidage-classique-avec-ruban-jaune\/","url":"https:\/\/www.smartystore.it\/fr\/prodotto\/poteau-de-guidage-classique-avec-ruban-jaune\/","name":"Poteau de guidage classique avec ruban jaune - Smartystore","isPartOf":{"@id":"https:\/\/www.smartystore.it\/fr\/#website"},"primaryImageOfPage":{"@id":"https:\/\/www.smartystore.it\/fr\/prodotto\/poteau-de-guidage-classique-avec-ruban-jaune\/#primaryimage"},"image":{"@id":"https:\/\/www.smartystore.it\/fr\/prodotto\/poteau-de-guidage-classique-avec-ruban-jaune\/#primaryimage"},"thumbnailUrl":"https:\/\/www.smartystore.it\/v25\/wp-content\/uploads\/2015\/03\/Colonnina-segna-percorso-classic-in-acciaio-satinato-silver-nastro-giallo-di-3-metri-STOP51GI.jpg","datePublished":"2015-03-30T14:37:53+00:00","dateModified":"2025-08-23T11:49:41+00:00","description":"Poteau de guidage classique avec ruban jaune, extension du ruban de 3 m\u00e8tres, hauteur 100 cm. Achetez la borne de balisage Classic chez Smartystore.","breadcrumb":{"@id":"https:\/\/www.smartystore.it\/fr\/prodotto\/poteau-de-guidage-classique-avec-ruban-jaune\/#breadcrumb"},"inLanguage":"fr-FR","potentialAction":[{"@type":"ReadAction","target":["https:\/\/www.smartystore.it\/fr\/prodotto\/poteau-de-guidage-classique-avec-ruban-jaune\/"]}]},{"@type":"ImageObject","inLanguage":"fr-FR","@id":"https:\/\/www.smartystore.it\/fr\/prodotto\/poteau-de-guidage-classique-avec-ruban-jaune\/#primaryimage","url":"https:\/\/www.smartystore.it\/v25\/wp-content\/uploads\/2015\/03\/Colonnina-segna-percorso-classic-in-acciaio-satinato-silver-nastro-giallo-di-3-metri-STOP51GI.jpg","contentUrl":"https:\/\/www.smartystore.it\/v25\/wp-content\/uploads\/2015\/03\/Colonnina-segna-percorso-classic-in-acciaio-satinato-silver-nastro-giallo-di-3-metri-STOP51GI.jpg","width":1000,"height":1000,"caption":"Poteau de guidage classique avec ruban jaune"},{"@type":"BreadcrumbList","@id":"https:\/\/www.smartystore.it\/fr\/prodotto\/poteau-de-guidage-classique-avec-ruban-jaune\/#breadcrumb","itemListElement":[{"@type":"ListItem","position":1,"name":"Home","item":"https:\/\/www.smartystore.it\/fr\/"},{"@type":"ListItem","position":2,"name":"Boutique","item":"https:\/\/www.smartystore.it\/fr\/boutique\/"},{"@type":"ListItem","position":3,"name":"Poteau de guidage classique avec ruban jaune"}]},{"@type":"WebSite","@id":"https:\/\/www.smartystore.it\/fr\/#website","url":"https:\/\/www.smartystore.it\/fr\/","name":"Smarty Store","description":"Espositori Pubblicitari e Sistemi di Comunicazione Visiva","potentialAction":[{"@type":"SearchAction","target":{"@type":"EntryPoint","urlTemplate":"https:\/\/www.smartystore.it\/fr\/?s={search_term_string}"},"query-input":{"@type":"PropertyValueSpecification","valueRequired":true,"valueName":"search_term_string"}}],"inLanguage":"fr-FR"}]}},"brands":[],"_links":{"self":[{"href":"https:\/\/www.smartystore.it\/fr\/wp-json\/wp\/v2\/product\/94920","targetHints":{"allow":["GET"]}}],"collection":[{"href":"https:\/\/www.smartystore.it\/fr\/wp-json\/wp\/v2\/product"}],"about":[{"href":"https:\/\/www.smartystore.it\/fr\/wp-json\/wp\/v2\/types\/product"}],"replies":[{"embeddable":true,"href":"https:\/\/www.smartystore.it\/fr\/wp-json\/wp\/v2\/comments?post=94920"}],"wp:featuredmedia":[{"embeddable":true,"href":"https:\/\/www.smartystore.it\/fr\/wp-json\/wp\/v2\/media\/94919"}],"wp:attachment":[{"href":"https:\/\/www.smartystore.it\/fr\/wp-json\/wp\/v2\/media?parent=94920"}],"wp:term":[{"taxonomy":"pwb-brand","embeddable":true,"href":"https:\/\/www.smartystore.it\/fr\/wp-json\/wp\/v2\/pwb-brand?post=94920"},{"taxonomy":"product_brand","embeddable":true,"href":"https:\/\/www.smartystore.it\/fr\/wp-json\/wp\/v2\/product_brand?post=94920"},{"taxonomy":"product_cat","embeddable":true,"href":"https:\/\/www.smartystore.it\/fr\/wp-json\/wp\/v2\/product_cat?post=94920"},{"taxonomy":"product_tag","embeddable":true,"href":"https:\/\/www.smartystore.it\/fr\/wp-json\/wp\/v2\/product_tag?post=94920"}],"curies":[{"name":"wp","href":"https:\/\/api.w.org\/{rel}","templated":true}]}}