{"id":94912,"date":"2015-03-30T16:53:07","date_gmt":"2015-03-30T14:53:07","guid":{"rendered":"https:\/\/www.smartystore.it\/prodotto\/balisage-classique-avec-ruban-rouge\/"},"modified":"2025-08-23T13:19:28","modified_gmt":"2025-08-23T11:19:28","slug":"poteau-de-guidage-classique-avec-ruban-rouge","status":"publish","type":"product","link":"https:\/\/www.smartystore.it\/fr\/prodotto\/poteau-de-guidage-classique-avec-ruban-rouge\/","title":{"rendered":"Poteau de guidage avec ruban rouge"},"content":{"rendered":"<div class=\"wpb-content-wrapper\"><p>[vc_row][vc_column][vc_column_text css=\u00a0\u00bb\u00a0\u00bb css_params=\u00a0\u00bb\u00a0\u00bb]<\/p>\n<h2>Poteau de guidage classique avec ruban rouge<\/h2>\n<p>La poteau de guidage classique avec ruban rouge est un \u00e9l\u00e9ment essentiel dans de nombreuses situations o\u00f9 le flux de personnes doit \u00eatre guid\u00e9 et g\u00e9r\u00e9. Ce mod\u00e8le, appr\u00e9ci\u00e9 pour sa polyvalence, est utilis\u00e9 dans les bureaux, les entrep\u00f4ts, les centres commerciaux, les mus\u00e9es et les d\u00e9fil\u00e9s de mode, o\u00f9 il contribue \u00e0 cr\u00e9er des parcours clairs et ordonn\u00e9s. <\/p>\n<p>R\u00e9alis\u00e9e en acier bross\u00e9 et satin\u00e9 de couleur argent\u00e9e, la colonne de marquage classique avec ruban rouge se caract\u00e9rise par un design \u00e9l\u00e9gant et moderne qui s&rsquo;int\u00e8gre parfaitement dans n&rsquo;importe quel contexte. Le ruban, de couleur rouge vif, s&rsquo;\u00e9tend jusqu&rsquo;\u00e0 3 m\u00e8tres de long et 5 cm de haut, ce qui le rend visible et facilement reconnaissable, tandis que sa robustesse lui assure une longue dur\u00e9e de vie. <\/p>\n<p>Le m\u00e9canisme de rembobinage est \u00e9quip\u00e9 d&rsquo;un syst\u00e8me de freinage automatique, ce qui permet de manipuler la bande facilement et en toute s\u00e9curit\u00e9. Le clip de verrouillage de s\u00e9curit\u00e9 garantit que la bande reste bien attach\u00e9e lorsqu&rsquo;elle n&rsquo;est pas utilis\u00e9e, ce qui \u00e9vite les accidents et les d\u00e9sagr\u00e9ments. En outre, la pr\u00e9sence de trois crochets r\u00e9cepteurs permet d&rsquo;ancrer facilement la bande \u00e0 diff\u00e9rentes configurations, ce qui la rend extr\u00eamement adaptable \u00e0 diff\u00e9rents besoins.  <\/p>\n<p>En ce qui concerne la stabilit\u00e9, la base du poteau est con\u00e7ue avec un couvercle en acier d&rsquo;un diam\u00e8tre de 36 cm, et le poteau a un diam\u00e8tre de 6,3 cm. Avec une hauteur totale de 100 cm et un poids total de 10 kg, le poteau offre une solidit\u00e9 qui emp\u00eache le basculement et assure une pr\u00e9sence ferme m\u00eame dans les environnements encombr\u00e9s. <\/p>\n<h3>Personnalisation du ruban<\/h3>\n<p>Un autre avantage de la borne Classic est la possibilit\u00e9 de personnaliser le ruban. Vous pouvez faire imprimer votre logo sur les deux faces du ruban, en utilisant une ou plusieurs couleurs. Cette option de personnalisation permet non seulement d&rsquo;accro\u00eetre la visibilit\u00e9 de la marque, mais aussi d&rsquo;ajouter une touche distinctive \u00e0 l&rsquo;\u00e9v\u00e9nement ou \u00e0 la zone o\u00f9 elle est utilis\u00e9e.  <\/p>\n<p>En conclusion, la poteau de guidage Classic \u00e0 ruban rouge est la solution id\u00e9ale pour ceux qui souhaitent organiser les espaces publics et priv\u00e9s de mani\u00e8re efficace et \u00e9l\u00e9gante, tout en maintenant un niveau \u00e9lev\u00e9 de s\u00e9curit\u00e9 et de professionnalisme dans leur environnement. Consid\u00e9r\u00e9e comme l&rsquo;un des choix les plus populaires, elle constitue un investissement strat\u00e9gique pour toute organisation soucieuse de g\u00e9rer les flux de visiteurs et de clients. <\/p>\n<h3>CARACT\u00c9RISTIQUES<\/h3>\n<ol>\n<li>Poteau de guidage avec tendeur de ruban.<\/li>\n<li>Mod\u00e8le classique en acier argent\u00e9 satin\u00e9.<\/li>\n<li>Ruban rouge : L 3 m\u00e8tres environ &#8211; H 5 cm.<\/li>\n<li>Enrouleur avec m\u00e9canisme d&rsquo;auto-freinage avec clip de verrouillage de s\u00e9curit\u00e9 et trois crochets de r\u00e9ception.<\/li>\n<li>Base avec couvercle en acier \u00d8 36 cm, colonne \u00d8 6,3 cm, colonne H 100 cm.<\/li>\n<li>Poids total de la colonne : 10 kg &#8211; Le poids assure une plus grande stabilit\u00e9.<\/li>\n<\/ol>\n<p>Le co\u00fbt se r\u00e9f\u00e8re \u00e0 une colonne compl\u00e8te avec un enrouleur avec un ruban rouge.<\/p>\n<p>Possibilit\u00e9 de personnaliser le ruban des deux c\u00f4t\u00e9s avec un logo en une ou plusieurs couleurs (contactez-nous pour plus d&rsquo;informations et pour conna\u00eetre les co\u00fbts).<\/p>\n<p>La colonne est disponible dans d&rsquo;autres couleurs de ruban, cliquez <strong><a href=\"https:\/\/www.smartystore.it\/fr\/?s=stop51%2F&amp;post_type=product\">ICI<\/a><\/strong><\/p>\n<p>&nbsp;<\/p>\n<p><a href=\"https:\/\/www.smartystore.it\/v25\/wp-content\/uploads\/2015\/03\/STR-STOP51-R-B-N-GN-BR-BI-V-AR.pdf\" target=\"_blank\" rel=\"noopener\"><img loading=\"lazy\" decoding=\"async\" class=\"alignnone size-full wp-image-93510\" src=\"https:\/\/www.smartystore.it\/v25\/wp-content\/uploads\/2014\/10\/SchedaTecnica-300-e1750084266903.png\" alt=\"\" width=\"249\" height=\"63\"><\/a><\/p>\n<p>&nbsp;<\/p>\n<p>[\/vc_column_text][\/vc_column][\/vc_row]<\/p>\n<\/div>","protected":false},"excerpt":{"rendered":"<p>Colonne en acier satin\u00e9 et ruban enrouleur rouge de 3 m\u00e8tres.<\/p>\n<p>&nbsp;<\/p>\n","protected":false},"featured_media":94911,"comment_status":"open","ping_status":"closed","template":"","meta":{"_acf_changed":false},"pwb-brand":[],"product_brand":[],"product_cat":[3078,3079],"product_tag":[4343,4258,4262,4261,4341,4273,4263,4340,4274,4342],"class_list":{"0":"post-94912","1":"product","2":"type-product","3":"status-publish","4":"has-post-thumbnail","6":"product_cat-poteau-de-separation","7":"product_cat-poteau-de-separation-fr","8":"product_tag-colonne-detirement-de-3-metres-de-ruban-rouge","9":"product_tag-colonne-de-marquage","10":"product_tag-colonne-de-marquise-de-3-metres","11":"product_tag-colonne-de-tension-de-bande-flexible-3-metres","12":"product_tag-piquets-avec-ruban-rouge-amovible-de-3-metres","13":"product_tag-poteau-de-balisage-argente","14":"product_tag-poteau-de-tension-flex-line-3-metres","15":"product_tag-poteaux-de-balisage-avec-ruban-rouge","16":"product_tag-poteaux-de-guidage-de-la-lime-argentee","17":"product_tag-tendiflex-argent-avec-ruban-rouge-de-3-metres","18":"pa_c2c_color-rouge","19":"pa_c2c_dimensione-3-metres","20":"pa_c2c_trovraprezzi-oui","22":"first","23":"instock","24":"taxable","25":"shipping-taxable","26":"purchasable","27":"product-type-simple"},"acf":[],"yoast_head":"<!-- This site is optimized with the Yoast SEO plugin v27.4 - https:\/\/yoast.com\/product\/yoast-seo-wordpress\/ -->\n<title>Poteau de guidage avec ruban rouge - Smarty Store<\/title>\n<meta name=\"description\" content=\"Poteau de guidage classique avec ruban rouge, couleur argent, pratique, extension de ruban de 3 m\u00e8tres, hauteur 100 cm. Achetez en ligne sur Smartystore.\" \/>\n<meta name=\"robots\" content=\"index, follow, max-snippet:-1, max-image-preview:large, max-video-preview:-1\" \/>\n<link rel=\"canonical\" href=\"https:\/\/www.smartystore.it\/fr\/prodotto\/poteau-de-guidage-classique-avec-ruban-rouge\/\" \/>\n<meta property=\"og:locale\" content=\"fr_FR\" \/>\n<meta property=\"og:type\" content=\"article\" \/>\n<meta property=\"og:title\" content=\"Poteau de guidage avec ruban rouge - Smarty Store\" \/>\n<meta property=\"og:description\" content=\"Poteau de guidage classique avec ruban rouge, couleur argent, pratique, extension de ruban de 3 m\u00e8tres, hauteur 100 cm. Achetez en ligne sur Smartystore.\" \/>\n<meta property=\"og:url\" content=\"https:\/\/www.smartystore.it\/fr\/prodotto\/poteau-de-guidage-classique-avec-ruban-rouge\/\" \/>\n<meta property=\"og:site_name\" content=\"Smarty Store\" \/>\n<meta property=\"article:modified_time\" content=\"2025-08-23T11:19:28+00:00\" \/>\n<meta property=\"og:image\" content=\"https:\/\/www.smartystore.it\/v25\/wp-content\/uploads\/2015\/03\/Colonnina-segna-percorso-classic-in-acciaio-satinato-silver-nastro-rosso-di-3-metri-STOP51R.jpg\" \/>\n\t<meta property=\"og:image:width\" content=\"1000\" \/>\n\t<meta property=\"og:image:height\" content=\"1000\" \/>\n\t<meta property=\"og:image:type\" content=\"image\/jpeg\" \/>\n<meta name=\"twitter:card\" content=\"summary_large_image\" \/>\n<meta name=\"twitter:label1\" content=\"Dur\u00e9e de lecture estim\u00e9e\" \/>\n\t<meta name=\"twitter:data1\" content=\"4 minutes\" \/>\n<script type=\"application\/ld+json\" class=\"yoast-schema-graph\">{\"@context\":\"https:\\\/\\\/schema.org\",\"@graph\":[{\"@type\":\"WebPage\",\"@id\":\"https:\\\/\\\/www.smartystore.it\\\/fr\\\/prodotto\\\/poteau-de-guidage-classique-avec-ruban-rouge\\\/\",\"url\":\"https:\\\/\\\/www.smartystore.it\\\/fr\\\/prodotto\\\/poteau-de-guidage-classique-avec-ruban-rouge\\\/\",\"name\":\"Poteau de guidage avec ruban rouge - Smarty Store\",\"isPartOf\":{\"@id\":\"https:\\\/\\\/www.smartystore.it\\\/fr\\\/#website\"},\"primaryImageOfPage\":{\"@id\":\"https:\\\/\\\/www.smartystore.it\\\/fr\\\/prodotto\\\/poteau-de-guidage-classique-avec-ruban-rouge\\\/#primaryimage\"},\"image\":{\"@id\":\"https:\\\/\\\/www.smartystore.it\\\/fr\\\/prodotto\\\/poteau-de-guidage-classique-avec-ruban-rouge\\\/#primaryimage\"},\"thumbnailUrl\":\"https:\\\/\\\/www.smartystore.it\\\/v25\\\/wp-content\\\/uploads\\\/2015\\\/03\\\/Colonnina-segna-percorso-classic-in-acciaio-satinato-silver-nastro-rosso-di-3-metri-STOP51R.jpg\",\"datePublished\":\"2015-03-30T14:53:07+00:00\",\"dateModified\":\"2025-08-23T11:19:28+00:00\",\"description\":\"Poteau de guidage classique avec ruban rouge, couleur argent, pratique, extension de ruban de 3 m\u00e8tres, hauteur 100 cm. Achetez en ligne sur Smartystore.\",\"breadcrumb\":{\"@id\":\"https:\\\/\\\/www.smartystore.it\\\/fr\\\/prodotto\\\/poteau-de-guidage-classique-avec-ruban-rouge\\\/#breadcrumb\"},\"inLanguage\":\"fr-FR\",\"potentialAction\":[{\"@type\":\"ReadAction\",\"target\":[\"https:\\\/\\\/www.smartystore.it\\\/fr\\\/prodotto\\\/poteau-de-guidage-classique-avec-ruban-rouge\\\/\"]}]},{\"@type\":\"ImageObject\",\"inLanguage\":\"fr-FR\",\"@id\":\"https:\\\/\\\/www.smartystore.it\\\/fr\\\/prodotto\\\/poteau-de-guidage-classique-avec-ruban-rouge\\\/#primaryimage\",\"url\":\"https:\\\/\\\/www.smartystore.it\\\/v25\\\/wp-content\\\/uploads\\\/2015\\\/03\\\/Colonnina-segna-percorso-classic-in-acciaio-satinato-silver-nastro-rosso-di-3-metri-STOP51R.jpg\",\"contentUrl\":\"https:\\\/\\\/www.smartystore.it\\\/v25\\\/wp-content\\\/uploads\\\/2015\\\/03\\\/Colonnina-segna-percorso-classic-in-acciaio-satinato-silver-nastro-rosso-di-3-metri-STOP51R.jpg\",\"width\":1000,\"height\":1000,\"caption\":\"Poteau de guidage classique avec ruban rouge\"},{\"@type\":\"BreadcrumbList\",\"@id\":\"https:\\\/\\\/www.smartystore.it\\\/fr\\\/prodotto\\\/poteau-de-guidage-classique-avec-ruban-rouge\\\/#breadcrumb\",\"itemListElement\":[{\"@type\":\"ListItem\",\"position\":1,\"name\":\"Home\",\"item\":\"https:\\\/\\\/www.smartystore.it\\\/fr\\\/\"},{\"@type\":\"ListItem\",\"position\":2,\"name\":\"Boutique\",\"item\":\"https:\\\/\\\/www.smartystore.it\\\/fr\\\/boutique\\\/\"},{\"@type\":\"ListItem\",\"position\":3,\"name\":\"Poteau de guidage avec ruban rouge\"}]},{\"@type\":\"WebSite\",\"@id\":\"https:\\\/\\\/www.smartystore.it\\\/fr\\\/#website\",\"url\":\"https:\\\/\\\/www.smartystore.it\\\/fr\\\/\",\"name\":\"Smarty Store\",\"description\":\"Espositori Pubblicitari e Sistemi di Comunicazione Visiva\",\"potentialAction\":[{\"@type\":\"SearchAction\",\"target\":{\"@type\":\"EntryPoint\",\"urlTemplate\":\"https:\\\/\\\/www.smartystore.it\\\/fr\\\/?s={search_term_string}\"},\"query-input\":{\"@type\":\"PropertyValueSpecification\",\"valueRequired\":true,\"valueName\":\"search_term_string\"}}],\"inLanguage\":\"fr-FR\"}]}<\/script>\n<!-- \/ Yoast SEO plugin. -->","yoast_head_json":{"title":"Poteau de guidage avec ruban rouge - Smarty Store","description":"Poteau de guidage classique avec ruban rouge, couleur argent, pratique, extension de ruban de 3 m\u00e8tres, hauteur 100 cm. Achetez en ligne sur Smartystore.","robots":{"index":"index","follow":"follow","max-snippet":"max-snippet:-1","max-image-preview":"max-image-preview:large","max-video-preview":"max-video-preview:-1"},"canonical":"https:\/\/www.smartystore.it\/fr\/prodotto\/poteau-de-guidage-classique-avec-ruban-rouge\/","og_locale":"fr_FR","og_type":"article","og_title":"Poteau de guidage avec ruban rouge - Smarty Store","og_description":"Poteau de guidage classique avec ruban rouge, couleur argent, pratique, extension de ruban de 3 m\u00e8tres, hauteur 100 cm. Achetez en ligne sur Smartystore.","og_url":"https:\/\/www.smartystore.it\/fr\/prodotto\/poteau-de-guidage-classique-avec-ruban-rouge\/","og_site_name":"Smarty Store","article_modified_time":"2025-08-23T11:19:28+00:00","og_image":[{"width":1000,"height":1000,"url":"https:\/\/www.smartystore.it\/v25\/wp-content\/uploads\/2015\/03\/Colonnina-segna-percorso-classic-in-acciaio-satinato-silver-nastro-rosso-di-3-metri-STOP51R.jpg","type":"image\/jpeg"}],"twitter_card":"summary_large_image","twitter_misc":{"Dur\u00e9e de lecture estim\u00e9e":"4 minutes"},"schema":{"@context":"https:\/\/schema.org","@graph":[{"@type":"WebPage","@id":"https:\/\/www.smartystore.it\/fr\/prodotto\/poteau-de-guidage-classique-avec-ruban-rouge\/","url":"https:\/\/www.smartystore.it\/fr\/prodotto\/poteau-de-guidage-classique-avec-ruban-rouge\/","name":"Poteau de guidage avec ruban rouge - Smarty Store","isPartOf":{"@id":"https:\/\/www.smartystore.it\/fr\/#website"},"primaryImageOfPage":{"@id":"https:\/\/www.smartystore.it\/fr\/prodotto\/poteau-de-guidage-classique-avec-ruban-rouge\/#primaryimage"},"image":{"@id":"https:\/\/www.smartystore.it\/fr\/prodotto\/poteau-de-guidage-classique-avec-ruban-rouge\/#primaryimage"},"thumbnailUrl":"https:\/\/www.smartystore.it\/v25\/wp-content\/uploads\/2015\/03\/Colonnina-segna-percorso-classic-in-acciaio-satinato-silver-nastro-rosso-di-3-metri-STOP51R.jpg","datePublished":"2015-03-30T14:53:07+00:00","dateModified":"2025-08-23T11:19:28+00:00","description":"Poteau de guidage classique avec ruban rouge, couleur argent, pratique, extension de ruban de 3 m\u00e8tres, hauteur 100 cm. Achetez en ligne sur Smartystore.","breadcrumb":{"@id":"https:\/\/www.smartystore.it\/fr\/prodotto\/poteau-de-guidage-classique-avec-ruban-rouge\/#breadcrumb"},"inLanguage":"fr-FR","potentialAction":[{"@type":"ReadAction","target":["https:\/\/www.smartystore.it\/fr\/prodotto\/poteau-de-guidage-classique-avec-ruban-rouge\/"]}]},{"@type":"ImageObject","inLanguage":"fr-FR","@id":"https:\/\/www.smartystore.it\/fr\/prodotto\/poteau-de-guidage-classique-avec-ruban-rouge\/#primaryimage","url":"https:\/\/www.smartystore.it\/v25\/wp-content\/uploads\/2015\/03\/Colonnina-segna-percorso-classic-in-acciaio-satinato-silver-nastro-rosso-di-3-metri-STOP51R.jpg","contentUrl":"https:\/\/www.smartystore.it\/v25\/wp-content\/uploads\/2015\/03\/Colonnina-segna-percorso-classic-in-acciaio-satinato-silver-nastro-rosso-di-3-metri-STOP51R.jpg","width":1000,"height":1000,"caption":"Poteau de guidage classique avec ruban rouge"},{"@type":"BreadcrumbList","@id":"https:\/\/www.smartystore.it\/fr\/prodotto\/poteau-de-guidage-classique-avec-ruban-rouge\/#breadcrumb","itemListElement":[{"@type":"ListItem","position":1,"name":"Home","item":"https:\/\/www.smartystore.it\/fr\/"},{"@type":"ListItem","position":2,"name":"Boutique","item":"https:\/\/www.smartystore.it\/fr\/boutique\/"},{"@type":"ListItem","position":3,"name":"Poteau de guidage avec ruban rouge"}]},{"@type":"WebSite","@id":"https:\/\/www.smartystore.it\/fr\/#website","url":"https:\/\/www.smartystore.it\/fr\/","name":"Smarty Store","description":"Espositori Pubblicitari e Sistemi di Comunicazione Visiva","potentialAction":[{"@type":"SearchAction","target":{"@type":"EntryPoint","urlTemplate":"https:\/\/www.smartystore.it\/fr\/?s={search_term_string}"},"query-input":{"@type":"PropertyValueSpecification","valueRequired":true,"valueName":"search_term_string"}}],"inLanguage":"fr-FR"}]}},"brands":[],"_links":{"self":[{"href":"https:\/\/www.smartystore.it\/fr\/wp-json\/wp\/v2\/product\/94912","targetHints":{"allow":["GET"]}}],"collection":[{"href":"https:\/\/www.smartystore.it\/fr\/wp-json\/wp\/v2\/product"}],"about":[{"href":"https:\/\/www.smartystore.it\/fr\/wp-json\/wp\/v2\/types\/product"}],"replies":[{"embeddable":true,"href":"https:\/\/www.smartystore.it\/fr\/wp-json\/wp\/v2\/comments?post=94912"}],"wp:featuredmedia":[{"embeddable":true,"href":"https:\/\/www.smartystore.it\/fr\/wp-json\/wp\/v2\/media\/94911"}],"wp:attachment":[{"href":"https:\/\/www.smartystore.it\/fr\/wp-json\/wp\/v2\/media?parent=94912"}],"wp:term":[{"taxonomy":"pwb-brand","embeddable":true,"href":"https:\/\/www.smartystore.it\/fr\/wp-json\/wp\/v2\/pwb-brand?post=94912"},{"taxonomy":"product_brand","embeddable":true,"href":"https:\/\/www.smartystore.it\/fr\/wp-json\/wp\/v2\/product_brand?post=94912"},{"taxonomy":"product_cat","embeddable":true,"href":"https:\/\/www.smartystore.it\/fr\/wp-json\/wp\/v2\/product_cat?post=94912"},{"taxonomy":"product_tag","embeddable":true,"href":"https:\/\/www.smartystore.it\/fr\/wp-json\/wp\/v2\/product_tag?post=94912"}],"curies":[{"name":"wp","href":"https:\/\/api.w.org\/{rel}","templated":true}]}}