{"id":94908,"date":"2015-11-23T16:09:10","date_gmt":"2015-11-23T14:09:10","guid":{"rendered":"https:\/\/www.smartystore.it\/prodotto\/piquet-de-balisage-classique-avec-ruban-noir-jaune\/"},"modified":"2025-08-22T16:52:34","modified_gmt":"2025-08-22T14:52:34","slug":"piquet-de-balisage-classique-avec-ruban-noir-jaune","status":"publish","type":"product","link":"https:\/\/www.smartystore.it\/fr\/prodotto\/piquet-de-balisage-classique-avec-ruban-noir-jaune\/","title":{"rendered":"Piquet de balisage classique avec ruban noir\/jaune"},"content":{"rendered":"<div class=\"wpb-content-wrapper\"><p>[vc_row][vc_column][vc_column_text css=\u00a0\u00bb\u00a0\u00bb css_params=\u00a0\u00bb\u00a0\u00bb]<\/p>\n<h2>Borne classique avec bande noire\/jaune : un \u00e9l\u00e9ment essentiel pour la s\u00e9curit\u00e9 et l&rsquo;organisation des espaces publics<\/h2>\n<p>Dans le contexte de la gestion de l&rsquo;espace public, la s\u00e9curit\u00e9 et l&rsquo;ordre sont essentiels pour garantir aux citoyens une exp\u00e9rience fluide et sans risque. La borne classique \u00e0 ruban noir\/jaune appara\u00eet comme une solution efficace pour d\u00e9limiter des zones sp\u00e9cifiques, permettant de restreindre l&rsquo;acc\u00e8s aux espaces non autoris\u00e9s lors de travaux ou d&rsquo;activit\u00e9s temporaires.<br \/>\nCette pratique est particuli\u00e8rement utile dans des environnements tels que les supermarch\u00e9s, o\u00f9 des travaux de r\u00e9novation peuvent avoir lieu, ou dans les avant-cours soumis \u00e0 des travaux d&rsquo;entretien. <\/p>\n<p>Le mod\u00e8le Classic est dot\u00e9 d&rsquo;un cadre en acier satin\u00e9 bross\u00e9 de couleur argent\u00e9e, qui offre non seulement un aspect \u00e9l\u00e9gant et professionnel, mais garantit \u00e9galement la robustesse et la durabilit\u00e9. Le ruban, qui s&rsquo;\u00e9tend jusqu&rsquo;\u00e0 3 m\u00e8tres de long et 5 centim\u00e8tres de haut, est con\u00e7u pour \u00eatre tr\u00e8s visible, gr\u00e2ce \u00e0 sa couleur noire et jaune, qui le rend facilement identifiable de loin. <\/p>\n<p>La colonne se distingue par son enrouleur dot\u00e9 d&rsquo;un m\u00e9canisme de freinage automatique, qui permet de retirer et de r\u00e9tracter facilement la bande en un seul mouvement, ce qui r\u00e9duit le risque d&rsquo;accident. Le clip de verrouillage de s\u00e9curit\u00e9 garantit que la bande reste en place, \u00e9vitant ainsi les accidents potentiels dans les situations d&rsquo;activit\u00e9 intense. <\/p>\n<h3>Excellente stabilit\u00e9<\/h3>\n<p>La stabilit\u00e9 du pilier est assur\u00e9e par la base recouverte d&rsquo;acier d&rsquo;un diam\u00e8tre de 36 centim\u00e8tres, tandis que le pilier a un diam\u00e8tre de 6,3 centim\u00e8tres et une hauteur de 100 centim\u00e8tres. Le poids total du pilier de 10 kilogrammes contribue \u00e9galement \u00e0 sa stabilit\u00e9, ce qui le rend r\u00e9sistant aux chocs accidentels et aux conditions m\u00e9t\u00e9orologiques d\u00e9favorables. <\/p>\n<p>En r\u00e9sum\u00e9, la borne Classic avec bande noire\/jaune est une solution id\u00e9ale pour d\u00e9limiter les zones restreintes dans les lieux publics et priv\u00e9s. Sa fonctionnalit\u00e9, associ\u00e9e \u00e0 un design \u00e9l\u00e9gant et robuste, en fait un investissement rentable pour toute organisation souhaitant am\u00e9liorer la gestion des flux de personnes et garantir un environnement s\u00fbr pour tous. <\/p>\n<p>Con\u00e7ue pour r\u00e9sister \u00e0 l&rsquo;\u00e9preuve du temps, la colonne Classic est le compagnon id\u00e9al pour les \u00e9v\u00e9nements, les chantiers et toute situation n\u00e9cessitant clart\u00e9 et ordre.<\/p>\n<h3>CARACT\u00c9RISTIQUES<\/h3>\n<ol>\n<li>Poteau de balisage avec tendeur de ruban.<\/li>\n<li>Mod\u00e8le classique en acier argent\u00e9 satin\u00e9.<\/li>\n<li>Ruban noir\/jaune : L 3 m\u00e8tres environ &#8211; H 5 cm.<\/li>\n<li>Enrouleur avec m\u00e9canisme d&rsquo;auto-freinage avec clip de verrouillage de s\u00e9curit\u00e9 et trois crochets de r\u00e9ception.<\/li>\n<li>Base avec couvercle en acier \u00d8 36 cm, poteau \u00d8 6,3 cm, poteau H 100 cm.<\/li>\n<li>Poids total de la colonne : 10 kg &#8211; Le poids assure une plus grande stabilit\u00e9.<\/li>\n<\/ol>\n<p>Le co\u00fbt se r\u00e9f\u00e8re \u00e0 une colonne compl\u00e8te avec une bobine de ruban noir\/jaune.<\/p>\n<p>La colonne est disponible dans d&rsquo;autres couleurs de ruban, cliquez <strong><a href=\"https:\/\/www.smartystore.it\/fr\/?s=stop51%2F&amp;post_type=product\">ICI<\/a><\/strong><\/p>\n<p>&nbsp;<\/p>\n<p><a href=\"https:\/\/www.smartystore.it\/v25\/wp-content\/uploads\/2015\/03\/STR-STOP51-R-B-N-GN-BR-BI-V-AR.pdf\" target=\"_blank\" rel=\"noopener\"><img loading=\"lazy\" decoding=\"async\" class=\"alignnone size-full wp-image-93510\" src=\"https:\/\/www.smartystore.it\/v25\/wp-content\/uploads\/2014\/10\/SchedaTecnica-300-e1750084266903.png\" alt=\"\" width=\"249\" height=\"63\"><\/a><\/p>\n<p>[\/vc_column_text][\/vc_column][\/vc_row]<\/p>\n<\/div>","protected":false},"excerpt":{"rendered":"<p>Colonne en acier satin\u00e9 et ruban enrouleur noir\/jaune de 3 m\u00e8tres.<\/p>\n","protected":false},"featured_media":94905,"comment_status":"open","ping_status":"closed","template":"","meta":{"_acf_changed":false},"pwb-brand":[],"product_brand":[],"product_cat":[3078,3079],"product_tag":[4258,4262,4261,4331,4273,4263,4274,4330],"class_list":{"0":"post-94908","1":"product","2":"type-product","3":"status-publish","4":"has-post-thumbnail","6":"product_cat-poteau-de-separation","7":"product_cat-poteau-de-separation-fr","8":"product_tag-colonne-de-marquage","9":"product_tag-colonne-de-marquise-de-3-metres","10":"product_tag-colonne-de-tension-de-bande-flexible-3-metres","11":"product_tag-piquets-avec-ruban-amovible-noir-jaune-de-3-metres","12":"product_tag-poteau-de-balisage-argente","13":"product_tag-poteau-de-tension-flex-line-3-metres","14":"product_tag-poteaux-de-guidage-de-la-lime-argentee","15":"product_tag-poteaux-de-marquage-avec-ruban-noir-jaune","16":"pa_c2c_color-noir-jaune","17":"pa_c2c_dimensione-3-metres","18":"pa_c2c_trovraprezzi-oui","20":"first","21":"instock","22":"taxable","23":"shipping-taxable","24":"purchasable","25":"product-type-simple"},"acf":[],"yoast_head":"<!-- This site is optimized with the Yoast SEO plugin v27.4 - https:\/\/yoast.com\/product\/yoast-seo-wordpress\/ -->\n<title>Piquet de balisage classique avec ruban noir\/jaune - Smarty Store<\/title>\n<meta name=\"description\" content=\"Piquet de balisage classique avec bande noire\/jaune extensible jusqu&#039;\u00e0 3 m\u00e8tres, poids 10 kg, bande avec syst\u00e8me de freinage, hauteur du piquet 100 cm\" \/>\n<meta name=\"robots\" content=\"index, follow, max-snippet:-1, max-image-preview:large, max-video-preview:-1\" \/>\n<link rel=\"canonical\" href=\"https:\/\/www.smartystore.it\/fr\/prodotto\/piquet-de-balisage-classique-avec-ruban-noir-jaune\/\" \/>\n<meta property=\"og:locale\" content=\"fr_FR\" \/>\n<meta property=\"og:type\" content=\"article\" \/>\n<meta property=\"og:title\" content=\"Piquet de balisage classique avec ruban noir\/jaune - Smarty Store\" \/>\n<meta property=\"og:description\" content=\"Piquet de balisage classique avec bande noire\/jaune extensible jusqu&#039;\u00e0 3 m\u00e8tres, poids 10 kg, bande avec syst\u00e8me de freinage, hauteur du piquet 100 cm\" \/>\n<meta property=\"og:url\" content=\"https:\/\/www.smartystore.it\/fr\/prodotto\/piquet-de-balisage-classique-avec-ruban-noir-jaune\/\" \/>\n<meta property=\"og:site_name\" content=\"Smarty Store\" \/>\n<meta property=\"article:modified_time\" content=\"2025-08-22T14:52:34+00:00\" \/>\n<meta property=\"og:image\" content=\"https:\/\/www.smartystore.it\/v25\/wp-content\/uploads\/2015\/11\/Colonnina-segna-percorso-classic-in-acciaio-satinato-silver-nastro-giallo-nero-di-3-metri-STOP51GN.jpg\" \/>\n\t<meta property=\"og:image:width\" content=\"1000\" \/>\n\t<meta property=\"og:image:height\" content=\"1000\" \/>\n\t<meta property=\"og:image:type\" content=\"image\/jpeg\" \/>\n<meta name=\"twitter:card\" content=\"summary_large_image\" \/>\n<meta name=\"twitter:label1\" content=\"Dur\u00e9e de lecture estim\u00e9e\" \/>\n\t<meta name=\"twitter:data1\" content=\"3 minutes\" \/>\n<script type=\"application\/ld+json\" class=\"yoast-schema-graph\">{\"@context\":\"https:\\\/\\\/schema.org\",\"@graph\":[{\"@type\":\"WebPage\",\"@id\":\"https:\\\/\\\/www.smartystore.it\\\/fr\\\/prodotto\\\/piquet-de-balisage-classique-avec-ruban-noir-jaune\\\/\",\"url\":\"https:\\\/\\\/www.smartystore.it\\\/fr\\\/prodotto\\\/piquet-de-balisage-classique-avec-ruban-noir-jaune\\\/\",\"name\":\"Piquet de balisage classique avec ruban noir\\\/jaune - Smarty Store\",\"isPartOf\":{\"@id\":\"https:\\\/\\\/www.smartystore.it\\\/fr\\\/#website\"},\"primaryImageOfPage\":{\"@id\":\"https:\\\/\\\/www.smartystore.it\\\/fr\\\/prodotto\\\/piquet-de-balisage-classique-avec-ruban-noir-jaune\\\/#primaryimage\"},\"image\":{\"@id\":\"https:\\\/\\\/www.smartystore.it\\\/fr\\\/prodotto\\\/piquet-de-balisage-classique-avec-ruban-noir-jaune\\\/#primaryimage\"},\"thumbnailUrl\":\"https:\\\/\\\/www.smartystore.it\\\/v25\\\/wp-content\\\/uploads\\\/2015\\\/11\\\/Colonnina-segna-percorso-classic-in-acciaio-satinato-silver-nastro-giallo-nero-di-3-metri-STOP51GN.jpg\",\"datePublished\":\"2015-11-23T14:09:10+00:00\",\"dateModified\":\"2025-08-22T14:52:34+00:00\",\"description\":\"Piquet de balisage classique avec bande noire\\\/jaune extensible jusqu'\u00e0 3 m\u00e8tres, poids 10 kg, bande avec syst\u00e8me de freinage, hauteur du piquet 100 cm\",\"breadcrumb\":{\"@id\":\"https:\\\/\\\/www.smartystore.it\\\/fr\\\/prodotto\\\/piquet-de-balisage-classique-avec-ruban-noir-jaune\\\/#breadcrumb\"},\"inLanguage\":\"fr-FR\",\"potentialAction\":[{\"@type\":\"ReadAction\",\"target\":[\"https:\\\/\\\/www.smartystore.it\\\/fr\\\/prodotto\\\/piquet-de-balisage-classique-avec-ruban-noir-jaune\\\/\"]}]},{\"@type\":\"ImageObject\",\"inLanguage\":\"fr-FR\",\"@id\":\"https:\\\/\\\/www.smartystore.it\\\/fr\\\/prodotto\\\/piquet-de-balisage-classique-avec-ruban-noir-jaune\\\/#primaryimage\",\"url\":\"https:\\\/\\\/www.smartystore.it\\\/v25\\\/wp-content\\\/uploads\\\/2015\\\/11\\\/Colonnina-segna-percorso-classic-in-acciaio-satinato-silver-nastro-giallo-nero-di-3-metri-STOP51GN.jpg\",\"contentUrl\":\"https:\\\/\\\/www.smartystore.it\\\/v25\\\/wp-content\\\/uploads\\\/2015\\\/11\\\/Colonnina-segna-percorso-classic-in-acciaio-satinato-silver-nastro-giallo-nero-di-3-metri-STOP51GN.jpg\",\"width\":1000,\"height\":1000,\"caption\":\"Colonnina segnapercorso Classic con nastro nero\\\/giallo\"},{\"@type\":\"BreadcrumbList\",\"@id\":\"https:\\\/\\\/www.smartystore.it\\\/fr\\\/prodotto\\\/piquet-de-balisage-classique-avec-ruban-noir-jaune\\\/#breadcrumb\",\"itemListElement\":[{\"@type\":\"ListItem\",\"position\":1,\"name\":\"Home\",\"item\":\"https:\\\/\\\/www.smartystore.it\\\/fr\\\/\"},{\"@type\":\"ListItem\",\"position\":2,\"name\":\"Boutique\",\"item\":\"https:\\\/\\\/www.smartystore.it\\\/fr\\\/boutique\\\/\"},{\"@type\":\"ListItem\",\"position\":3,\"name\":\"Piquet de balisage classique avec ruban noir\\\/jaune\"}]},{\"@type\":\"WebSite\",\"@id\":\"https:\\\/\\\/www.smartystore.it\\\/fr\\\/#website\",\"url\":\"https:\\\/\\\/www.smartystore.it\\\/fr\\\/\",\"name\":\"Smarty Store\",\"description\":\"Espositori Pubblicitari e Sistemi di Comunicazione Visiva\",\"potentialAction\":[{\"@type\":\"SearchAction\",\"target\":{\"@type\":\"EntryPoint\",\"urlTemplate\":\"https:\\\/\\\/www.smartystore.it\\\/fr\\\/?s={search_term_string}\"},\"query-input\":{\"@type\":\"PropertyValueSpecification\",\"valueRequired\":true,\"valueName\":\"search_term_string\"}}],\"inLanguage\":\"fr-FR\"}]}<\/script>\n<!-- \/ Yoast SEO plugin. -->","yoast_head_json":{"title":"Piquet de balisage classique avec ruban noir\/jaune - Smarty Store","description":"Piquet de balisage classique avec bande noire\/jaune extensible jusqu'\u00e0 3 m\u00e8tres, poids 10 kg, bande avec syst\u00e8me de freinage, hauteur du piquet 100 cm","robots":{"index":"index","follow":"follow","max-snippet":"max-snippet:-1","max-image-preview":"max-image-preview:large","max-video-preview":"max-video-preview:-1"},"canonical":"https:\/\/www.smartystore.it\/fr\/prodotto\/piquet-de-balisage-classique-avec-ruban-noir-jaune\/","og_locale":"fr_FR","og_type":"article","og_title":"Piquet de balisage classique avec ruban noir\/jaune - Smarty Store","og_description":"Piquet de balisage classique avec bande noire\/jaune extensible jusqu'\u00e0 3 m\u00e8tres, poids 10 kg, bande avec syst\u00e8me de freinage, hauteur du piquet 100 cm","og_url":"https:\/\/www.smartystore.it\/fr\/prodotto\/piquet-de-balisage-classique-avec-ruban-noir-jaune\/","og_site_name":"Smarty Store","article_modified_time":"2025-08-22T14:52:34+00:00","og_image":[{"width":1000,"height":1000,"url":"https:\/\/www.smartystore.it\/v25\/wp-content\/uploads\/2015\/11\/Colonnina-segna-percorso-classic-in-acciaio-satinato-silver-nastro-giallo-nero-di-3-metri-STOP51GN.jpg","type":"image\/jpeg"}],"twitter_card":"summary_large_image","twitter_misc":{"Dur\u00e9e de lecture estim\u00e9e":"3 minutes"},"schema":{"@context":"https:\/\/schema.org","@graph":[{"@type":"WebPage","@id":"https:\/\/www.smartystore.it\/fr\/prodotto\/piquet-de-balisage-classique-avec-ruban-noir-jaune\/","url":"https:\/\/www.smartystore.it\/fr\/prodotto\/piquet-de-balisage-classique-avec-ruban-noir-jaune\/","name":"Piquet de balisage classique avec ruban noir\/jaune - Smarty Store","isPartOf":{"@id":"https:\/\/www.smartystore.it\/fr\/#website"},"primaryImageOfPage":{"@id":"https:\/\/www.smartystore.it\/fr\/prodotto\/piquet-de-balisage-classique-avec-ruban-noir-jaune\/#primaryimage"},"image":{"@id":"https:\/\/www.smartystore.it\/fr\/prodotto\/piquet-de-balisage-classique-avec-ruban-noir-jaune\/#primaryimage"},"thumbnailUrl":"https:\/\/www.smartystore.it\/v25\/wp-content\/uploads\/2015\/11\/Colonnina-segna-percorso-classic-in-acciaio-satinato-silver-nastro-giallo-nero-di-3-metri-STOP51GN.jpg","datePublished":"2015-11-23T14:09:10+00:00","dateModified":"2025-08-22T14:52:34+00:00","description":"Piquet de balisage classique avec bande noire\/jaune extensible jusqu'\u00e0 3 m\u00e8tres, poids 10 kg, bande avec syst\u00e8me de freinage, hauteur du piquet 100 cm","breadcrumb":{"@id":"https:\/\/www.smartystore.it\/fr\/prodotto\/piquet-de-balisage-classique-avec-ruban-noir-jaune\/#breadcrumb"},"inLanguage":"fr-FR","potentialAction":[{"@type":"ReadAction","target":["https:\/\/www.smartystore.it\/fr\/prodotto\/piquet-de-balisage-classique-avec-ruban-noir-jaune\/"]}]},{"@type":"ImageObject","inLanguage":"fr-FR","@id":"https:\/\/www.smartystore.it\/fr\/prodotto\/piquet-de-balisage-classique-avec-ruban-noir-jaune\/#primaryimage","url":"https:\/\/www.smartystore.it\/v25\/wp-content\/uploads\/2015\/11\/Colonnina-segna-percorso-classic-in-acciaio-satinato-silver-nastro-giallo-nero-di-3-metri-STOP51GN.jpg","contentUrl":"https:\/\/www.smartystore.it\/v25\/wp-content\/uploads\/2015\/11\/Colonnina-segna-percorso-classic-in-acciaio-satinato-silver-nastro-giallo-nero-di-3-metri-STOP51GN.jpg","width":1000,"height":1000,"caption":"Colonnina segnapercorso Classic con nastro nero\/giallo"},{"@type":"BreadcrumbList","@id":"https:\/\/www.smartystore.it\/fr\/prodotto\/piquet-de-balisage-classique-avec-ruban-noir-jaune\/#breadcrumb","itemListElement":[{"@type":"ListItem","position":1,"name":"Home","item":"https:\/\/www.smartystore.it\/fr\/"},{"@type":"ListItem","position":2,"name":"Boutique","item":"https:\/\/www.smartystore.it\/fr\/boutique\/"},{"@type":"ListItem","position":3,"name":"Piquet de balisage classique avec ruban noir\/jaune"}]},{"@type":"WebSite","@id":"https:\/\/www.smartystore.it\/fr\/#website","url":"https:\/\/www.smartystore.it\/fr\/","name":"Smarty Store","description":"Espositori Pubblicitari e Sistemi di Comunicazione Visiva","potentialAction":[{"@type":"SearchAction","target":{"@type":"EntryPoint","urlTemplate":"https:\/\/www.smartystore.it\/fr\/?s={search_term_string}"},"query-input":{"@type":"PropertyValueSpecification","valueRequired":true,"valueName":"search_term_string"}}],"inLanguage":"fr-FR"}]}},"brands":[],"_links":{"self":[{"href":"https:\/\/www.smartystore.it\/fr\/wp-json\/wp\/v2\/product\/94908","targetHints":{"allow":["GET"]}}],"collection":[{"href":"https:\/\/www.smartystore.it\/fr\/wp-json\/wp\/v2\/product"}],"about":[{"href":"https:\/\/www.smartystore.it\/fr\/wp-json\/wp\/v2\/types\/product"}],"replies":[{"embeddable":true,"href":"https:\/\/www.smartystore.it\/fr\/wp-json\/wp\/v2\/comments?post=94908"}],"wp:featuredmedia":[{"embeddable":true,"href":"https:\/\/www.smartystore.it\/fr\/wp-json\/wp\/v2\/media\/94905"}],"wp:attachment":[{"href":"https:\/\/www.smartystore.it\/fr\/wp-json\/wp\/v2\/media?parent=94908"}],"wp:term":[{"taxonomy":"pwb-brand","embeddable":true,"href":"https:\/\/www.smartystore.it\/fr\/wp-json\/wp\/v2\/pwb-brand?post=94908"},{"taxonomy":"product_brand","embeddable":true,"href":"https:\/\/www.smartystore.it\/fr\/wp-json\/wp\/v2\/product_brand?post=94908"},{"taxonomy":"product_cat","embeddable":true,"href":"https:\/\/www.smartystore.it\/fr\/wp-json\/wp\/v2\/product_cat?post=94908"},{"taxonomy":"product_tag","embeddable":true,"href":"https:\/\/www.smartystore.it\/fr\/wp-json\/wp\/v2\/product_tag?post=94908"}],"curies":[{"name":"wp","href":"https:\/\/api.w.org\/{rel}","templated":true}]}}