{"id":94903,"date":"2025-08-22T15:17:33","date_gmt":"2025-08-22T13:17:33","guid":{"rendered":"https:\/\/www.smartystore.it\/prodotto\/piquet-de-balisage-classique-avec-ruban-rouge-blanc\/"},"modified":"2025-08-22T15:18:09","modified_gmt":"2025-08-22T13:18:09","slug":"piquet-de-balisage-classique-avec-ruban-rouge-blanc","status":"publish","type":"product","link":"https:\/\/www.smartystore.it\/fr\/prodotto\/piquet-de-balisage-classique-avec-ruban-rouge-blanc\/","title":{"rendered":"Piquet de balisage classique avec ruban rouge\/blanc"},"content":{"rendered":"<div class=\"wpb-content-wrapper\"><p>[vc_row][vc_column][vc_column_text css=\u00a0\u00bb\u00a0\u00bb css_params=\u00a0\u00bb\u00a0\u00bb]<\/p>\n<h2>Colonne de balisage classique avec ruban rouge\/blanc<\/h2>\n<p>La borne Classic avec ruban rouge\/blanc est une solution id\u00e9ale pour g\u00e9rer les flux de personnes dans les espaces publics tout en assurant la s\u00e9curit\u00e9 et l&rsquo;accessibilit\u00e9. Con\u00e7ue en acier argent satin\u00e9 bross\u00e9, cette borne allie esth\u00e9tique et fonctionnalit\u00e9, ce qui la rend parfaite pour tout contexte commercial ou institutionnel. <\/p>\n<p>Le ruban bicolore rouge et blanc, d&rsquo;une longueur d&rsquo;environ 3 m\u00e8tres et d&rsquo;une hauteur de 5 centim\u00e8tres, est particuli\u00e8rement adapt\u00e9 pour d\u00e9limiter des zones \u00e0 acc\u00e8s restreint ou r\u00e9serv\u00e9es au personnel autoris\u00e9. L&rsquo;utilisation de ce ruban est tr\u00e8s utile dans des situations telles que la r\u00e9organisation des rayons dans un centre commercial ou l&rsquo;am\u00e9nagement de nouvelles zones d&rsquo;exposition dans les magasins. Gr\u00e2ce \u00e0 son design visible et imm\u00e9diatement reconnaissable, la bande attire l&rsquo;attention, ce qui contribue \u00e0 maintenir l&rsquo;ordre et \u00e0 emp\u00eacher l&rsquo;acc\u00e8s non autoris\u00e9 \u00e0 des zones critiques.  <\/p>\n<p>Le m\u00e9canisme d&rsquo;enroulement de la bande est \u00e9quip\u00e9 d&rsquo;un syst\u00e8me d&rsquo;auto-freinage, ce qui permet une utilisation facile et s\u00fbre. En outre, la pr\u00e9sence d&rsquo;un clip de verrouillage de s\u00e9curit\u00e9 garantit que le ruban reste bien en place lorsqu&rsquo;il n&rsquo;est pas utilis\u00e9, \u00e9vitant ainsi tout risque d&rsquo;accident. Cet aspect est crucial dans les environnements tr\u00e8s fr\u00e9quent\u00e9s o\u00f9 il est essentiel d&rsquo;assurer une protection maximale du public et des travailleurs.  <\/p>\n<p>La base de la colonne a un diam\u00e8tre de 36 centim\u00e8tres, tandis que le poteau a un diam\u00e8tre de 6,3 centim\u00e8tres et une hauteur de 100 centim\u00e8tres. Le poids total du pi\u00e9destal est de 10 kilogrammes, ce qui garantit une plus grande stabilit\u00e9 et une plus grande r\u00e9sistance, m\u00eame dans des situations de trafic intense. La robustesse des mat\u00e9riaux utilis\u00e9s dans le processus de fabrication conf\u00e8re au pilier une longue dur\u00e9e de vie, ce qui en fait un investissement s\u00fbr et rentable pour les entreprises qui souhaitent am\u00e9liorer leur logistique interne.  <\/p>\n<p>En conclusion, la borne Classic avec bande rouge\/blanche est une solution efficace et fiable pour la gestion de l&rsquo;espace dans les lieux publics et commerciaux. Son design \u00e9l\u00e9gant et fonctionnel, associ\u00e9 \u00e0 sa facilit\u00e9 d&rsquo;utilisation, est un must pour toute entreprise qui souhaite assurer l&rsquo;ordre et la s\u00e9curit\u00e9 de ses clients et de ses employ\u00e9s. <\/p>\n<h3>CARACT\u00c9RISTIQUES<\/h3>\n<ol>\n<li>Poteau de balisage avec tendeur de ruban.<\/li>\n<li>Mod\u00e8le classique en acier argent\u00e9 satin\u00e9.<\/li>\n<li>Ruban rouge\/blanc : L 3 m\u00e8tres environ &#8211; H 5 cm.<\/li>\n<li>Enrouleur avec m\u00e9canisme d&rsquo;auto-freinage avec clip de verrouillage de s\u00e9curit\u00e9.<\/li>\n<li>Base avec couvercle en acier \u00d8 36 cm, poteau \u00d8 6,3 cm, poteau H 100 cm.<\/li>\n<li>Poids total de la colonne : 10 kg &#8211; Le poids assure une plus grande stabilit\u00e9.<\/li>\n<\/ol>\n<p>Le co\u00fbt se r\u00e9f\u00e8re \u00e0 une colonne compl\u00e8te avec bobine et ruban blanc\/rouge.<\/p>\n<p>La colonne est disponible dans d&rsquo;autres couleurs de ruban, cliquez <strong><a href=\"https:\/\/www.smartystore.it\/fr\/?s=stop51%2F&amp;post_type=product\">ICI<\/a><\/strong><\/p>\n<p>&nbsp;<\/p>\n<p><a href=\"https:\/\/www.smartystore.it\/v25\/wp-content\/uploads\/2015\/03\/STR-STOP51-R-B-N-GN-BR-BI-V-AR.pdf\" target=\"_blank\" rel=\"noopener\"><img loading=\"lazy\" decoding=\"async\" class=\"alignnone size-full wp-image-93510\" src=\"https:\/\/www.smartystore.it\/v25\/wp-content\/uploads\/2014\/10\/SchedaTecnica-300-e1750084266903.png\" alt=\"\" width=\"249\" height=\"63\"><\/a><\/p>\n<p>[\/vc_column_text][\/vc_column][\/vc_row]<\/p>\n<\/div>","protected":false},"excerpt":{"rendered":"<p>Colonne en acier satin\u00e9 et ruban enrouleur rouge\/blanc de 3 m\u00e8tres.<\/p>\n<p>&nbsp;<\/p>\n","protected":false},"featured_media":94891,"comment_status":"open","ping_status":"closed","template":"","meta":{"_acf_changed":false},"pwb-brand":[],"product_brand":[],"product_cat":[3078,3079],"product_tag":[4258,4262,4261,4273,4263,4325,4324,4274],"class_list":{"0":"post-94903","1":"product","2":"type-product","3":"status-publish","4":"has-post-thumbnail","6":"product_cat-poteau-de-separation","7":"product_cat-poteau-de-separation-fr","8":"product_tag-colonne-de-marquage","9":"product_tag-colonne-de-marquise-de-3-metres","10":"product_tag-colonne-de-tension-de-bande-flexible-3-metres","11":"product_tag-poteau-de-balisage-argente","12":"product_tag-poteau-de-tension-flex-line-3-metres","13":"product_tag-poteaux-avec-bande-amovible-rouge-blanche-de-3-metres","14":"product_tag-poteaux-de-balisage-avec-ruban-rouge-blanc","15":"product_tag-poteaux-de-guidage-de-la-lime-argentee","16":"pa_c2c_color-rouge-blanc","17":"pa_c2c_dimensione-3-metres","18":"pa_c2c_trovraprezzi-oui","20":"first","21":"instock","22":"taxable","23":"shipping-taxable","24":"purchasable","25":"product-type-simple"},"acf":[],"yoast_head":"<!-- This site is optimized with the Yoast SEO plugin v27.4 - https:\/\/yoast.com\/product\/yoast-seo-wordpress\/ -->\n<title>Piquet de balisage classique avec ruban rouge\/blanc - Smarty Store<\/title>\n<meta name=\"description\" content=\"Colonne de balisage classique avec ruban rouge\/blanc, couleur argent, simple avec extension de ruban de 3 m\u00e8tres, hauteur 100 cm. Achetez-les en ligne !\" \/>\n<meta name=\"robots\" content=\"index, follow, max-snippet:-1, max-image-preview:large, max-video-preview:-1\" \/>\n<link rel=\"canonical\" href=\"https:\/\/www.smartystore.it\/fr\/prodotto\/piquet-de-balisage-classique-avec-ruban-rouge-blanc\/\" \/>\n<meta property=\"og:locale\" content=\"fr_FR\" \/>\n<meta property=\"og:type\" content=\"article\" \/>\n<meta property=\"og:title\" content=\"Piquet de balisage classique avec ruban rouge\/blanc - Smarty Store\" \/>\n<meta property=\"og:description\" content=\"Colonne de balisage classique avec ruban rouge\/blanc, couleur argent, simple avec extension de ruban de 3 m\u00e8tres, hauteur 100 cm. Achetez-les en ligne !\" \/>\n<meta property=\"og:url\" content=\"https:\/\/www.smartystore.it\/fr\/prodotto\/piquet-de-balisage-classique-avec-ruban-rouge-blanc\/\" \/>\n<meta property=\"og:site_name\" content=\"Smarty Store\" \/>\n<meta property=\"article:modified_time\" content=\"2025-08-22T13:18:09+00:00\" \/>\n<meta property=\"og:image\" content=\"https:\/\/www.smartystore.it\/v25\/wp-content\/uploads\/2015\/11\/Colonnina-segna-percorso-classic-in-acciaio-satinato-silver-nastro-bianco-rosso-di-3-metri-STOP51BR.jpg\" \/>\n\t<meta property=\"og:image:width\" content=\"1000\" \/>\n\t<meta property=\"og:image:height\" content=\"1000\" \/>\n\t<meta property=\"og:image:type\" content=\"image\/jpeg\" \/>\n<meta name=\"twitter:card\" content=\"summary_large_image\" \/>\n<meta name=\"twitter:label1\" content=\"Dur\u00e9e de lecture estim\u00e9e\" \/>\n\t<meta name=\"twitter:data1\" content=\"3 minutes\" \/>\n<script type=\"application\/ld+json\" class=\"yoast-schema-graph\">{\"@context\":\"https:\\\/\\\/schema.org\",\"@graph\":[{\"@type\":\"WebPage\",\"@id\":\"https:\\\/\\\/www.smartystore.it\\\/fr\\\/prodotto\\\/piquet-de-balisage-classique-avec-ruban-rouge-blanc\\\/\",\"url\":\"https:\\\/\\\/www.smartystore.it\\\/fr\\\/prodotto\\\/piquet-de-balisage-classique-avec-ruban-rouge-blanc\\\/\",\"name\":\"Piquet de balisage classique avec ruban rouge\\\/blanc - Smarty Store\",\"isPartOf\":{\"@id\":\"https:\\\/\\\/www.smartystore.it\\\/fr\\\/#website\"},\"primaryImageOfPage\":{\"@id\":\"https:\\\/\\\/www.smartystore.it\\\/fr\\\/prodotto\\\/piquet-de-balisage-classique-avec-ruban-rouge-blanc\\\/#primaryimage\"},\"image\":{\"@id\":\"https:\\\/\\\/www.smartystore.it\\\/fr\\\/prodotto\\\/piquet-de-balisage-classique-avec-ruban-rouge-blanc\\\/#primaryimage\"},\"thumbnailUrl\":\"https:\\\/\\\/www.smartystore.it\\\/v25\\\/wp-content\\\/uploads\\\/2015\\\/11\\\/Colonnina-segna-percorso-classic-in-acciaio-satinato-silver-nastro-bianco-rosso-di-3-metri-STOP51BR.jpg\",\"datePublished\":\"2025-08-22T13:17:33+00:00\",\"dateModified\":\"2025-08-22T13:18:09+00:00\",\"description\":\"Colonne de balisage classique avec ruban rouge\\\/blanc, couleur argent, simple avec extension de ruban de 3 m\u00e8tres, hauteur 100 cm. Achetez-les en ligne !\",\"breadcrumb\":{\"@id\":\"https:\\\/\\\/www.smartystore.it\\\/fr\\\/prodotto\\\/piquet-de-balisage-classique-avec-ruban-rouge-blanc\\\/#breadcrumb\"},\"inLanguage\":\"fr-FR\",\"potentialAction\":[{\"@type\":\"ReadAction\",\"target\":[\"https:\\\/\\\/www.smartystore.it\\\/fr\\\/prodotto\\\/piquet-de-balisage-classique-avec-ruban-rouge-blanc\\\/\"]}]},{\"@type\":\"ImageObject\",\"inLanguage\":\"fr-FR\",\"@id\":\"https:\\\/\\\/www.smartystore.it\\\/fr\\\/prodotto\\\/piquet-de-balisage-classique-avec-ruban-rouge-blanc\\\/#primaryimage\",\"url\":\"https:\\\/\\\/www.smartystore.it\\\/v25\\\/wp-content\\\/uploads\\\/2015\\\/11\\\/Colonnina-segna-percorso-classic-in-acciaio-satinato-silver-nastro-bianco-rosso-di-3-metri-STOP51BR.jpg\",\"contentUrl\":\"https:\\\/\\\/www.smartystore.it\\\/v25\\\/wp-content\\\/uploads\\\/2015\\\/11\\\/Colonnina-segna-percorso-classic-in-acciaio-satinato-silver-nastro-bianco-rosso-di-3-metri-STOP51BR.jpg\",\"width\":1000,\"height\":1000,\"caption\":\"Colonnina segnapercorso Classic con nastro rosso\\\/bianco\"},{\"@type\":\"BreadcrumbList\",\"@id\":\"https:\\\/\\\/www.smartystore.it\\\/fr\\\/prodotto\\\/piquet-de-balisage-classique-avec-ruban-rouge-blanc\\\/#breadcrumb\",\"itemListElement\":[{\"@type\":\"ListItem\",\"position\":1,\"name\":\"Home\",\"item\":\"https:\\\/\\\/www.smartystore.it\\\/fr\\\/\"},{\"@type\":\"ListItem\",\"position\":2,\"name\":\"Boutique\",\"item\":\"https:\\\/\\\/www.smartystore.it\\\/fr\\\/boutique\\\/\"},{\"@type\":\"ListItem\",\"position\":3,\"name\":\"Piquet de balisage classique avec ruban rouge\\\/blanc\"}]},{\"@type\":\"WebSite\",\"@id\":\"https:\\\/\\\/www.smartystore.it\\\/fr\\\/#website\",\"url\":\"https:\\\/\\\/www.smartystore.it\\\/fr\\\/\",\"name\":\"Smarty Store\",\"description\":\"Espositori Pubblicitari e Sistemi di Comunicazione Visiva\",\"potentialAction\":[{\"@type\":\"SearchAction\",\"target\":{\"@type\":\"EntryPoint\",\"urlTemplate\":\"https:\\\/\\\/www.smartystore.it\\\/fr\\\/?s={search_term_string}\"},\"query-input\":{\"@type\":\"PropertyValueSpecification\",\"valueRequired\":true,\"valueName\":\"search_term_string\"}}],\"inLanguage\":\"fr-FR\"}]}<\/script>\n<!-- \/ Yoast SEO plugin. -->","yoast_head_json":{"title":"Piquet de balisage classique avec ruban rouge\/blanc - Smarty Store","description":"Colonne de balisage classique avec ruban rouge\/blanc, couleur argent, simple avec extension de ruban de 3 m\u00e8tres, hauteur 100 cm. Achetez-les en ligne !","robots":{"index":"index","follow":"follow","max-snippet":"max-snippet:-1","max-image-preview":"max-image-preview:large","max-video-preview":"max-video-preview:-1"},"canonical":"https:\/\/www.smartystore.it\/fr\/prodotto\/piquet-de-balisage-classique-avec-ruban-rouge-blanc\/","og_locale":"fr_FR","og_type":"article","og_title":"Piquet de balisage classique avec ruban rouge\/blanc - Smarty Store","og_description":"Colonne de balisage classique avec ruban rouge\/blanc, couleur argent, simple avec extension de ruban de 3 m\u00e8tres, hauteur 100 cm. Achetez-les en ligne !","og_url":"https:\/\/www.smartystore.it\/fr\/prodotto\/piquet-de-balisage-classique-avec-ruban-rouge-blanc\/","og_site_name":"Smarty Store","article_modified_time":"2025-08-22T13:18:09+00:00","og_image":[{"width":1000,"height":1000,"url":"https:\/\/www.smartystore.it\/v25\/wp-content\/uploads\/2015\/11\/Colonnina-segna-percorso-classic-in-acciaio-satinato-silver-nastro-bianco-rosso-di-3-metri-STOP51BR.jpg","type":"image\/jpeg"}],"twitter_card":"summary_large_image","twitter_misc":{"Dur\u00e9e de lecture estim\u00e9e":"3 minutes"},"schema":{"@context":"https:\/\/schema.org","@graph":[{"@type":"WebPage","@id":"https:\/\/www.smartystore.it\/fr\/prodotto\/piquet-de-balisage-classique-avec-ruban-rouge-blanc\/","url":"https:\/\/www.smartystore.it\/fr\/prodotto\/piquet-de-balisage-classique-avec-ruban-rouge-blanc\/","name":"Piquet de balisage classique avec ruban rouge\/blanc - Smarty Store","isPartOf":{"@id":"https:\/\/www.smartystore.it\/fr\/#website"},"primaryImageOfPage":{"@id":"https:\/\/www.smartystore.it\/fr\/prodotto\/piquet-de-balisage-classique-avec-ruban-rouge-blanc\/#primaryimage"},"image":{"@id":"https:\/\/www.smartystore.it\/fr\/prodotto\/piquet-de-balisage-classique-avec-ruban-rouge-blanc\/#primaryimage"},"thumbnailUrl":"https:\/\/www.smartystore.it\/v25\/wp-content\/uploads\/2015\/11\/Colonnina-segna-percorso-classic-in-acciaio-satinato-silver-nastro-bianco-rosso-di-3-metri-STOP51BR.jpg","datePublished":"2025-08-22T13:17:33+00:00","dateModified":"2025-08-22T13:18:09+00:00","description":"Colonne de balisage classique avec ruban rouge\/blanc, couleur argent, simple avec extension de ruban de 3 m\u00e8tres, hauteur 100 cm. Achetez-les en ligne !","breadcrumb":{"@id":"https:\/\/www.smartystore.it\/fr\/prodotto\/piquet-de-balisage-classique-avec-ruban-rouge-blanc\/#breadcrumb"},"inLanguage":"fr-FR","potentialAction":[{"@type":"ReadAction","target":["https:\/\/www.smartystore.it\/fr\/prodotto\/piquet-de-balisage-classique-avec-ruban-rouge-blanc\/"]}]},{"@type":"ImageObject","inLanguage":"fr-FR","@id":"https:\/\/www.smartystore.it\/fr\/prodotto\/piquet-de-balisage-classique-avec-ruban-rouge-blanc\/#primaryimage","url":"https:\/\/www.smartystore.it\/v25\/wp-content\/uploads\/2015\/11\/Colonnina-segna-percorso-classic-in-acciaio-satinato-silver-nastro-bianco-rosso-di-3-metri-STOP51BR.jpg","contentUrl":"https:\/\/www.smartystore.it\/v25\/wp-content\/uploads\/2015\/11\/Colonnina-segna-percorso-classic-in-acciaio-satinato-silver-nastro-bianco-rosso-di-3-metri-STOP51BR.jpg","width":1000,"height":1000,"caption":"Colonnina segnapercorso Classic con nastro rosso\/bianco"},{"@type":"BreadcrumbList","@id":"https:\/\/www.smartystore.it\/fr\/prodotto\/piquet-de-balisage-classique-avec-ruban-rouge-blanc\/#breadcrumb","itemListElement":[{"@type":"ListItem","position":1,"name":"Home","item":"https:\/\/www.smartystore.it\/fr\/"},{"@type":"ListItem","position":2,"name":"Boutique","item":"https:\/\/www.smartystore.it\/fr\/boutique\/"},{"@type":"ListItem","position":3,"name":"Piquet de balisage classique avec ruban rouge\/blanc"}]},{"@type":"WebSite","@id":"https:\/\/www.smartystore.it\/fr\/#website","url":"https:\/\/www.smartystore.it\/fr\/","name":"Smarty Store","description":"Espositori Pubblicitari e Sistemi di Comunicazione Visiva","potentialAction":[{"@type":"SearchAction","target":{"@type":"EntryPoint","urlTemplate":"https:\/\/www.smartystore.it\/fr\/?s={search_term_string}"},"query-input":{"@type":"PropertyValueSpecification","valueRequired":true,"valueName":"search_term_string"}}],"inLanguage":"fr-FR"}]}},"brands":[],"_links":{"self":[{"href":"https:\/\/www.smartystore.it\/fr\/wp-json\/wp\/v2\/product\/94903","targetHints":{"allow":["GET"]}}],"collection":[{"href":"https:\/\/www.smartystore.it\/fr\/wp-json\/wp\/v2\/product"}],"about":[{"href":"https:\/\/www.smartystore.it\/fr\/wp-json\/wp\/v2\/types\/product"}],"replies":[{"embeddable":true,"href":"https:\/\/www.smartystore.it\/fr\/wp-json\/wp\/v2\/comments?post=94903"}],"wp:featuredmedia":[{"embeddable":true,"href":"https:\/\/www.smartystore.it\/fr\/wp-json\/wp\/v2\/media\/94891"}],"wp:attachment":[{"href":"https:\/\/www.smartystore.it\/fr\/wp-json\/wp\/v2\/media?parent=94903"}],"wp:term":[{"taxonomy":"pwb-brand","embeddable":true,"href":"https:\/\/www.smartystore.it\/fr\/wp-json\/wp\/v2\/pwb-brand?post=94903"},{"taxonomy":"product_brand","embeddable":true,"href":"https:\/\/www.smartystore.it\/fr\/wp-json\/wp\/v2\/product_brand?post=94903"},{"taxonomy":"product_cat","embeddable":true,"href":"https:\/\/www.smartystore.it\/fr\/wp-json\/wp\/v2\/product_cat?post=94903"},{"taxonomy":"product_tag","embeddable":true,"href":"https:\/\/www.smartystore.it\/fr\/wp-json\/wp\/v2\/product_tag?post=94903"}],"curies":[{"name":"wp","href":"https:\/\/api.w.org\/{rel}","templated":true}]}}