{"id":94896,"date":"2022-04-14T16:17:20","date_gmt":"2022-04-14T14:17:20","guid":{"rendered":"https:\/\/www.smartystore.it\/prodotto\/presentoir-de-sol-avec-etagere-pour-45-paires-de-lunettes\/"},"modified":"2026-02-19T17:13:01","modified_gmt":"2026-02-19T15:13:01","slug":"presentoir-de-sol-avec-etagere-pour-45-paires-de-lunettes","status":"publish","type":"product","link":"https:\/\/www.smartystore.it\/fr\/prodotto\/presentoir-de-sol-avec-etagere-pour-45-paires-de-lunettes\/","title":{"rendered":"Pr\u00e9sentoir pour 45 paires de lunettes"},"content":{"rendered":"<div class=\"wpb-content-wrapper\"><p>[vc_row][vc_column][vc_column_text css=\u00a0\u00bb\u00a0\u00bb css_params=\u00a0\u00bb\u00a0\u00bb]<\/p>\n<h1>Pr\u00e9sentoir de sol avec \u00e9tag\u00e8re pour 45 paires de lunettes<\/h1>\n<p>Le pr\u00e9sentoir de sol avec \u00e9tag\u00e8re pour 45 paires de lunettes est une solution innovante et fonctionnelle pour optimiser la pr\u00e9sentation et la vente de lunettes dans les magasins. Con\u00e7u pour accueillir jusqu&rsquo;\u00e0 45 paires de lunettes, ce pr\u00e9sentoir est id\u00e9al pour les magasins d&rsquo;optique, les boutiques de mode et les showrooms, en garantissant une<strong>excellente visibilit\u00e9<\/strong> des diff\u00e9rents mod\u00e8les propos\u00e9s. <\/p>\n<p>La conception de l&rsquo;\u00e9cran comprend une base m\u00e9tallique de 650 mm x 350 mm, qui conf\u00e8re \u00e0 l&rsquo;ensemble de la structure <strong>stabilit\u00e9<\/strong> et <strong>robustesse<\/strong>. La partie sup\u00e9rieure est en PMMA, un m\u00e9thacrylate blanc opalin connu pour sa transparence et sa l\u00e9g\u00e8ret\u00e9. Ce mat\u00e9riau offre non seulement un <strong>aspect \u00e9l\u00e9gant et moderne<\/strong>, mais aussi une protection ad\u00e9quate pour les verres expos\u00e9s, minimisant ainsi le risque de rayures ou de dommages.  <\/p>\n<h2>Pr\u00e9sentoir de sol avec \u00e9tag\u00e8re pour 45 paires de lunettes : commande et pr\u00e9sentation<\/h2>\n<p>Les dimensions totales du pr\u00e9sentoir sont : L 650 mm, H 1880 mm, P 350 mm, ce qui permet de le placer facilement dans divers espaces sans compromettre l&rsquo;esth\u00e9tique du magasin. Le pas vertical de 60 mm permet une disposition ordonn\u00e9e et accessible des lunettes, tout en facilitant la s\u00e9lection des clients. Chaque \u00e9tag\u00e8re est con\u00e7ue pour offrir une excellente visibilit\u00e9 des montures, ce qui rend l&rsquo;exp\u00e9rience d&rsquo;achat plus attrayante.  <\/p>\n<p>L&rsquo;utilisation d&rsquo;un pr\u00e9sentoir au sol avec \u00e9tag\u00e8re \u00e0 lunettes vous permet de tirer le meilleur parti de l&rsquo;espace disponible dans votre magasin. Gr\u00e2ce \u00e0 sa capacit\u00e9 \u00e0 pr\u00e9senter un nombre important de lunettes de mani\u00e8re ordonn\u00e9e, il favorise une pr\u00e9sentation attrayante susceptible d&rsquo;attirer l&rsquo;attention des clients et de stimuler les ventes. En outre, la base m\u00e9tallique garantit une grande durabilit\u00e9, tandis que le m\u00e9thacrylate opale apporte une touche d&rsquo;\u00e9l\u00e9gance, se mariant parfaitement avec diff\u00e9rents styles d&rsquo;ameublement.  <\/p>\n<p>En r\u00e9sum\u00e9, le pr\u00e9sentoir de sol avec \u00e9tag\u00e8re pour 45 paires de lunettes est un investissement strat\u00e9gique pour les d\u00e9taillants en optique. La combinaison d&rsquo;un design pratique, de mat\u00e9riaux de qualit\u00e9 et d&rsquo;une capacit\u00e9 d&rsquo;exposition en fait un choix id\u00e9al pour ceux qui souhaitent optimiser leur offre commerciale et am\u00e9liorer l&rsquo;exp\u00e9rience client. Il n&rsquo;a jamais \u00e9t\u00e9 aussi facile et efficace de tirer le meilleur parti de l&rsquo;espace d&rsquo;exposition.  <\/p>\n<h3>CARACT\u00c9RISTIQUES:<\/h3>\n<ol>\n<li>Base m\u00e9tallique 650\u00d7350 mm<\/li>\n<li>Mat\u00e9riau : PMMA &#8211; m\u00e9thacrylate blanc opale<\/li>\n<li>Dimensions : L 650 &#8211; H 1880 &#8211; P 350 mm<\/li>\n<li>Pas vertical : 60 mm.<\/li>\n<\/ol>\n<p><strong>D\u00e9lai d&rsquo;exp\u00e9dition : 7-10 jours<\/strong><\/p>\n<p>Egalement disponible en version pour 60 paires de lunettes : <a href=\"https:\/\/www.smartystore.it\/fr\/prodotto\/presentoir-de-sol-avec-etagere-pour-60-paires-de-lunettes\/\" target=\"_blank\" rel=\"noopener\"><strong>LIEN<\/strong><\/a><\/p>\n<p>Egalement en version 80 paires : <a href=\"https:\/\/www.smartystore.it\/fr\/prodotto\/presentoir-de-sol-avec-etagere-pour-80-paires-de-lunettes\/\" target=\"_blank\" rel=\"noopener\"><strong>LIEN<\/strong><\/a><\/p>\n<p>&nbsp;<\/p>\n<p><a href=\"https:\/\/www.smartystore.it\/v25\/wp-content\/uploads\/2022\/04\/STR-MP702.pdf\" target=\"_blank\" rel=\"noopener\"><img loading=\"lazy\" decoding=\"async\" class=\"alignnone size-full wp-image-93672\" src=\"https:\/\/www.smartystore.it\/v25\/wp-content\/uploads\/2023\/11\/LogoDownload_yellow.jpg\" alt=\"\" width=\"50\" height=\"50\"><\/a>   <strong><a href=\"https:\/\/www.smartystore.it\/v25\/wp-content\/uploads\/2022\/04\/STR-MP702.pdf\" target=\"_blank\" rel=\"noopener\">FICHE TECHNIQUE<\/a><\/strong><\/p>\n<p>&nbsp;<\/p>\n<p>[\/vc_column_text][\/vc_column][\/vc_row]<\/p>\n<\/div>","protected":false},"excerpt":{"rendered":"<p>Pr\u00e9sentoir de sol avec \u00e9tag\u00e8re pour 45 paires de lunettes.<\/p>\n","protected":false},"featured_media":94897,"comment_status":"open","ping_status":"closed","template":"","meta":{"_acf_changed":false},"pwb-brand":[],"product_brand":[],"product_cat":[3017,3014],"product_tag":[4313,4301,4302,4297,4305,4299,4298,4312,4304],"class_list":{"0":"post-94896","1":"product","2":"type-product","3":"status-publish","4":"has-post-thumbnail","6":"product_cat-presentoirs-a-lunettes-au-sol","7":"product_cat-presentoirs-pour-lunettes","8":"product_tag-etui-a-lunettes-pour-45-lunettes","9":"product_tag-porte-lunettes-de-sol","10":"product_tag-porte-lunettes-independant","11":"product_tag-presentoir-a-lunettes","12":"product_tag-presentoir-de-magasin-de-lunettes","13":"product_tag-presentoir-de-sol-pour-lunettes","14":"product_tag-presentoir-independant-pour-verres","15":"product_tag-presentoir-pour-45-verres","16":"product_tag-support-de-lunettes","17":"pa_c2c_color-blanc","18":"pa_c2c_dimensione-45-paires-de-lunettes","19":"pa_c2c_trovraprezzi-oui","21":"first","22":"instock","23":"taxable","24":"shipping-taxable","25":"purchasable","26":"product-type-simple"},"acf":[],"yoast_head":"<!-- This site is optimized with the Yoast SEO plugin v27.4 - https:\/\/yoast.com\/product\/yoast-seo-wordpress\/ -->\n<title>Pr\u00e9sentoir pour 45 paires de lunettes - Au Meilleur Prix<\/title>\n<meta name=\"description\" content=\"Pr\u00e9sentoir de sol pour 45 paires de verres avec une \u00e9tag\u00e8re pratique. Style \u00e9l\u00e9gant et moderne, id\u00e9al pour tout contexte commercial.\" \/>\n<meta name=\"robots\" content=\"index, follow, max-snippet:-1, max-image-preview:large, max-video-preview:-1\" \/>\n<link rel=\"canonical\" href=\"https:\/\/www.smartystore.it\/fr\/prodotto\/presentoir-de-sol-avec-etagere-pour-45-paires-de-lunettes\/\" \/>\n<meta property=\"og:locale\" content=\"fr_FR\" \/>\n<meta property=\"og:type\" content=\"article\" \/>\n<meta property=\"og:title\" content=\"Pr\u00e9sentoir pour 45 paires de lunettes - Au Meilleur Prix\" \/>\n<meta property=\"og:description\" content=\"Pr\u00e9sentoir de sol pour 45 paires de verres avec une \u00e9tag\u00e8re pratique. Style \u00e9l\u00e9gant et moderne, id\u00e9al pour tout contexte commercial.\" \/>\n<meta property=\"og:url\" content=\"https:\/\/www.smartystore.it\/fr\/prodotto\/presentoir-de-sol-avec-etagere-pour-45-paires-de-lunettes\/\" \/>\n<meta property=\"og:site_name\" content=\"Smarty Store\" \/>\n<meta property=\"article:modified_time\" content=\"2026-02-19T15:13:01+00:00\" \/>\n<meta property=\"og:image\" content=\"https:\/\/www.smartystore.it\/v25\/wp-content\/uploads\/2022\/04\/Espositore-da-terra-per-45-paia-di-occhiali-con-base-fissa-e-mensola.jpg\" \/>\n\t<meta property=\"og:image:width\" content=\"1000\" \/>\n\t<meta property=\"og:image:height\" content=\"1000\" \/>\n\t<meta property=\"og:image:type\" content=\"image\/jpeg\" \/>\n<meta name=\"twitter:card\" content=\"summary_large_image\" \/>\n<meta name=\"twitter:label1\" content=\"Dur\u00e9e de lecture estim\u00e9e\" \/>\n\t<meta name=\"twitter:data1\" content=\"3 minutes\" \/>\n<script type=\"application\/ld+json\" class=\"yoast-schema-graph\">{\"@context\":\"https:\\\/\\\/schema.org\",\"@graph\":[{\"@type\":\"WebPage\",\"@id\":\"https:\\\/\\\/www.smartystore.it\\\/fr\\\/prodotto\\\/presentoir-de-sol-avec-etagere-pour-45-paires-de-lunettes\\\/\",\"url\":\"https:\\\/\\\/www.smartystore.it\\\/fr\\\/prodotto\\\/presentoir-de-sol-avec-etagere-pour-45-paires-de-lunettes\\\/\",\"name\":\"Pr\u00e9sentoir pour 45 paires de lunettes - Au Meilleur Prix\",\"isPartOf\":{\"@id\":\"https:\\\/\\\/www.smartystore.it\\\/fr\\\/#website\"},\"primaryImageOfPage\":{\"@id\":\"https:\\\/\\\/www.smartystore.it\\\/fr\\\/prodotto\\\/presentoir-de-sol-avec-etagere-pour-45-paires-de-lunettes\\\/#primaryimage\"},\"image\":{\"@id\":\"https:\\\/\\\/www.smartystore.it\\\/fr\\\/prodotto\\\/presentoir-de-sol-avec-etagere-pour-45-paires-de-lunettes\\\/#primaryimage\"},\"thumbnailUrl\":\"https:\\\/\\\/www.smartystore.it\\\/v25\\\/wp-content\\\/uploads\\\/2022\\\/04\\\/Espositore-da-terra-per-45-paia-di-occhiali-con-base-fissa-e-mensola.jpg\",\"datePublished\":\"2022-04-14T14:17:20+00:00\",\"dateModified\":\"2026-02-19T15:13:01+00:00\",\"description\":\"Pr\u00e9sentoir de sol pour 45 paires de verres avec une \u00e9tag\u00e8re pratique. Style \u00e9l\u00e9gant et moderne, id\u00e9al pour tout contexte commercial.\",\"breadcrumb\":{\"@id\":\"https:\\\/\\\/www.smartystore.it\\\/fr\\\/prodotto\\\/presentoir-de-sol-avec-etagere-pour-45-paires-de-lunettes\\\/#breadcrumb\"},\"inLanguage\":\"fr-FR\",\"potentialAction\":[{\"@type\":\"ReadAction\",\"target\":[\"https:\\\/\\\/www.smartystore.it\\\/fr\\\/prodotto\\\/presentoir-de-sol-avec-etagere-pour-45-paires-de-lunettes\\\/\"]}]},{\"@type\":\"ImageObject\",\"inLanguage\":\"fr-FR\",\"@id\":\"https:\\\/\\\/www.smartystore.it\\\/fr\\\/prodotto\\\/presentoir-de-sol-avec-etagere-pour-45-paires-de-lunettes\\\/#primaryimage\",\"url\":\"https:\\\/\\\/www.smartystore.it\\\/v25\\\/wp-content\\\/uploads\\\/2022\\\/04\\\/Espositore-da-terra-per-45-paia-di-occhiali-con-base-fissa-e-mensola.jpg\",\"contentUrl\":\"https:\\\/\\\/www.smartystore.it\\\/v25\\\/wp-content\\\/uploads\\\/2022\\\/04\\\/Espositore-da-terra-per-45-paia-di-occhiali-con-base-fissa-e-mensola.jpg\",\"width\":1000,\"height\":1000,\"caption\":\"Pr\u00e9sentoir de sol avec \u00e9tag\u00e8re pour 45 paires de lunettes\"},{\"@type\":\"BreadcrumbList\",\"@id\":\"https:\\\/\\\/www.smartystore.it\\\/fr\\\/prodotto\\\/presentoir-de-sol-avec-etagere-pour-45-paires-de-lunettes\\\/#breadcrumb\",\"itemListElement\":[{\"@type\":\"ListItem\",\"position\":1,\"name\":\"Home\",\"item\":\"https:\\\/\\\/www.smartystore.it\\\/fr\\\/\"},{\"@type\":\"ListItem\",\"position\":2,\"name\":\"Boutique\",\"item\":\"https:\\\/\\\/www.smartystore.it\\\/fr\\\/boutique\\\/\"},{\"@type\":\"ListItem\",\"position\":3,\"name\":\"Pr\u00e9sentoir pour 45 paires de lunettes\"}]},{\"@type\":\"WebSite\",\"@id\":\"https:\\\/\\\/www.smartystore.it\\\/fr\\\/#website\",\"url\":\"https:\\\/\\\/www.smartystore.it\\\/fr\\\/\",\"name\":\"Smarty Store\",\"description\":\"Espositori Pubblicitari e Sistemi di Comunicazione Visiva\",\"potentialAction\":[{\"@type\":\"SearchAction\",\"target\":{\"@type\":\"EntryPoint\",\"urlTemplate\":\"https:\\\/\\\/www.smartystore.it\\\/fr\\\/?s={search_term_string}\"},\"query-input\":{\"@type\":\"PropertyValueSpecification\",\"valueRequired\":true,\"valueName\":\"search_term_string\"}}],\"inLanguage\":\"fr-FR\"}]}<\/script>\n<!-- \/ Yoast SEO plugin. -->","yoast_head_json":{"title":"Pr\u00e9sentoir pour 45 paires de lunettes - Au Meilleur Prix","description":"Pr\u00e9sentoir de sol pour 45 paires de verres avec une \u00e9tag\u00e8re pratique. Style \u00e9l\u00e9gant et moderne, id\u00e9al pour tout contexte commercial.","robots":{"index":"index","follow":"follow","max-snippet":"max-snippet:-1","max-image-preview":"max-image-preview:large","max-video-preview":"max-video-preview:-1"},"canonical":"https:\/\/www.smartystore.it\/fr\/prodotto\/presentoir-de-sol-avec-etagere-pour-45-paires-de-lunettes\/","og_locale":"fr_FR","og_type":"article","og_title":"Pr\u00e9sentoir pour 45 paires de lunettes - Au Meilleur Prix","og_description":"Pr\u00e9sentoir de sol pour 45 paires de verres avec une \u00e9tag\u00e8re pratique. Style \u00e9l\u00e9gant et moderne, id\u00e9al pour tout contexte commercial.","og_url":"https:\/\/www.smartystore.it\/fr\/prodotto\/presentoir-de-sol-avec-etagere-pour-45-paires-de-lunettes\/","og_site_name":"Smarty Store","article_modified_time":"2026-02-19T15:13:01+00:00","og_image":[{"width":1000,"height":1000,"url":"https:\/\/www.smartystore.it\/v25\/wp-content\/uploads\/2022\/04\/Espositore-da-terra-per-45-paia-di-occhiali-con-base-fissa-e-mensola.jpg","type":"image\/jpeg"}],"twitter_card":"summary_large_image","twitter_misc":{"Dur\u00e9e de lecture estim\u00e9e":"3 minutes"},"schema":{"@context":"https:\/\/schema.org","@graph":[{"@type":"WebPage","@id":"https:\/\/www.smartystore.it\/fr\/prodotto\/presentoir-de-sol-avec-etagere-pour-45-paires-de-lunettes\/","url":"https:\/\/www.smartystore.it\/fr\/prodotto\/presentoir-de-sol-avec-etagere-pour-45-paires-de-lunettes\/","name":"Pr\u00e9sentoir pour 45 paires de lunettes - Au Meilleur Prix","isPartOf":{"@id":"https:\/\/www.smartystore.it\/fr\/#website"},"primaryImageOfPage":{"@id":"https:\/\/www.smartystore.it\/fr\/prodotto\/presentoir-de-sol-avec-etagere-pour-45-paires-de-lunettes\/#primaryimage"},"image":{"@id":"https:\/\/www.smartystore.it\/fr\/prodotto\/presentoir-de-sol-avec-etagere-pour-45-paires-de-lunettes\/#primaryimage"},"thumbnailUrl":"https:\/\/www.smartystore.it\/v25\/wp-content\/uploads\/2022\/04\/Espositore-da-terra-per-45-paia-di-occhiali-con-base-fissa-e-mensola.jpg","datePublished":"2022-04-14T14:17:20+00:00","dateModified":"2026-02-19T15:13:01+00:00","description":"Pr\u00e9sentoir de sol pour 45 paires de verres avec une \u00e9tag\u00e8re pratique. Style \u00e9l\u00e9gant et moderne, id\u00e9al pour tout contexte commercial.","breadcrumb":{"@id":"https:\/\/www.smartystore.it\/fr\/prodotto\/presentoir-de-sol-avec-etagere-pour-45-paires-de-lunettes\/#breadcrumb"},"inLanguage":"fr-FR","potentialAction":[{"@type":"ReadAction","target":["https:\/\/www.smartystore.it\/fr\/prodotto\/presentoir-de-sol-avec-etagere-pour-45-paires-de-lunettes\/"]}]},{"@type":"ImageObject","inLanguage":"fr-FR","@id":"https:\/\/www.smartystore.it\/fr\/prodotto\/presentoir-de-sol-avec-etagere-pour-45-paires-de-lunettes\/#primaryimage","url":"https:\/\/www.smartystore.it\/v25\/wp-content\/uploads\/2022\/04\/Espositore-da-terra-per-45-paia-di-occhiali-con-base-fissa-e-mensola.jpg","contentUrl":"https:\/\/www.smartystore.it\/v25\/wp-content\/uploads\/2022\/04\/Espositore-da-terra-per-45-paia-di-occhiali-con-base-fissa-e-mensola.jpg","width":1000,"height":1000,"caption":"Pr\u00e9sentoir de sol avec \u00e9tag\u00e8re pour 45 paires de lunettes"},{"@type":"BreadcrumbList","@id":"https:\/\/www.smartystore.it\/fr\/prodotto\/presentoir-de-sol-avec-etagere-pour-45-paires-de-lunettes\/#breadcrumb","itemListElement":[{"@type":"ListItem","position":1,"name":"Home","item":"https:\/\/www.smartystore.it\/fr\/"},{"@type":"ListItem","position":2,"name":"Boutique","item":"https:\/\/www.smartystore.it\/fr\/boutique\/"},{"@type":"ListItem","position":3,"name":"Pr\u00e9sentoir pour 45 paires de lunettes"}]},{"@type":"WebSite","@id":"https:\/\/www.smartystore.it\/fr\/#website","url":"https:\/\/www.smartystore.it\/fr\/","name":"Smarty Store","description":"Espositori Pubblicitari e Sistemi di Comunicazione Visiva","potentialAction":[{"@type":"SearchAction","target":{"@type":"EntryPoint","urlTemplate":"https:\/\/www.smartystore.it\/fr\/?s={search_term_string}"},"query-input":{"@type":"PropertyValueSpecification","valueRequired":true,"valueName":"search_term_string"}}],"inLanguage":"fr-FR"}]}},"brands":[],"_links":{"self":[{"href":"https:\/\/www.smartystore.it\/fr\/wp-json\/wp\/v2\/product\/94896","targetHints":{"allow":["GET"]}}],"collection":[{"href":"https:\/\/www.smartystore.it\/fr\/wp-json\/wp\/v2\/product"}],"about":[{"href":"https:\/\/www.smartystore.it\/fr\/wp-json\/wp\/v2\/types\/product"}],"replies":[{"embeddable":true,"href":"https:\/\/www.smartystore.it\/fr\/wp-json\/wp\/v2\/comments?post=94896"}],"wp:featuredmedia":[{"embeddable":true,"href":"https:\/\/www.smartystore.it\/fr\/wp-json\/wp\/v2\/media\/94897"}],"wp:attachment":[{"href":"https:\/\/www.smartystore.it\/fr\/wp-json\/wp\/v2\/media?parent=94896"}],"wp:term":[{"taxonomy":"pwb-brand","embeddable":true,"href":"https:\/\/www.smartystore.it\/fr\/wp-json\/wp\/v2\/pwb-brand?post=94896"},{"taxonomy":"product_brand","embeddable":true,"href":"https:\/\/www.smartystore.it\/fr\/wp-json\/wp\/v2\/product_brand?post=94896"},{"taxonomy":"product_cat","embeddable":true,"href":"https:\/\/www.smartystore.it\/fr\/wp-json\/wp\/v2\/product_cat?post=94896"},{"taxonomy":"product_tag","embeddable":true,"href":"https:\/\/www.smartystore.it\/fr\/wp-json\/wp\/v2\/product_tag?post=94896"}],"curies":[{"name":"wp","href":"https:\/\/api.w.org\/{rel}","templated":true}]}}