{"id":94892,"date":"2022-04-14T15:33:00","date_gmt":"2022-04-14T13:33:00","guid":{"rendered":"https:\/\/www.smartystore.it\/prodotto\/presentoir-de-sol-avec-etagere-pour-60-paires-de-lunettes\/"},"modified":"2026-02-19T17:25:10","modified_gmt":"2026-02-19T15:25:10","slug":"presentoir-de-sol-avec-etagere-pour-60-paires-de-lunettes","status":"publish","type":"product","link":"https:\/\/www.smartystore.it\/fr\/prodotto\/presentoir-de-sol-avec-etagere-pour-60-paires-de-lunettes\/","title":{"rendered":"Pr\u00e9sentoir de sol pour 60 paires de lunettes"},"content":{"rendered":"<div class=\"wpb-content-wrapper\"><p>[vc_row][vc_column][vc_column_text css=\u00a0\u00bb\u00a0\u00bb css_params=\u00a0\u00bb\u00a0\u00bb]<\/p>\n<h1>Pr\u00e9sentoir de sol pour 60 paires de lunettes avec \u00e9tag\u00e8re<\/h1>\n<p><span dir=\"auto\">Le pr\u00e9sentoir de sol pour 60 paires de lunettes est un \u00e9l\u00e9ment cl\u00e9 pour optimiser la pr\u00e9sentation et la visibilit\u00e9 des lunettes dans tous les points de vente. Con\u00e7u pour accueillir jusqu&rsquo;\u00e0 60 paires de lunettes, ce pr\u00e9sentoir repr\u00e9sente une combinaison parfaite de <strong>fonctionnalit\u00e9 et de design<\/strong>. <\/span><\/p>\n<p><span dir=\"auto\">La base m\u00e9tallique, dont les dimensions sont de 650\u00d7350 mm, conf\u00e8re <strong>stabilit\u00e9<\/strong> et <strong>robustesse<\/strong> \u00e0 l&rsquo;ensemble de la structure, en fournissant un support s\u00fbr pour le stockage des verres. L&rsquo;utilisation du PMMA (m\u00e9thacrylate blanc opale) comme mat\u00e9riau principal garantit non seulement un choix appropri\u00e9 pour les variations environnementales, mais offre \u00e9galement une<strong>esth\u00e9tique \u00e9l\u00e9gante et moderne<\/strong> qui peut \u00eatre int\u00e9gr\u00e9e harmonieusement dans n&rsquo;importe quel contexte commercial. <\/span><\/p>\n<h2>Pr\u00e9sentoir de lunettes sur pied avec \u00e9tag\u00e8re : beaucoup d&rsquo;espace pour votre pr\u00e9sentation<\/h2>\n<p><span dir=\"auto\">Les dimensions globales du pr\u00e9sentoir sont de 650 mm de large, 1880 mm de haut et 350 mm de profondeur, ce qui en fait une excellente solution pour les espaces de vente de toutes tailles. Le pas vertical de 75 mm permet une division pr\u00e9cise et ordonn\u00e9e des verres, facilitant l&rsquo;acc\u00e8s et la s\u00e9lection des clients. Cela se traduit par une meilleure exp\u00e9rience d&rsquo;achat, ce qui contribue \u00e0 augmenter le volume des ventes.  <\/span><\/p>\n<p><span dir=\"auto\">En conclusion, le pr\u00e9sentoir de sol avec \u00e9tag\u00e8re pour 60 paires de lunettes n&rsquo;est pas seulement un accessoire fonctionnel, mais un v\u00e9ritable outil de marketing visuel. Son design soign\u00e9 et l&rsquo;utilisation de mat\u00e9riaux de haute qualit\u00e9 en font un investissement id\u00e9al pour les d\u00e9taillants qui souhaitent am\u00e9liorer leur offre et attirer l&rsquo;attention de leurs clients. <\/span><\/p>\n<h3><strong>CARACT\u00c9RISTIQUES :<\/strong><\/h3>\n<ol>\n<li>Base m\u00e9tallique 650\u00d7350 mm<\/li>\n<li>Mat\u00e9riau : PMMA &#8211; m\u00e9thacrylate blanc opale<\/li>\n<li>Dimensions : L 650 &#8211; H 1880 &#8211; P 350 mm<\/li>\n<li>Pas vertical : 75 mm.<\/li>\n<\/ol>\n<p><strong>D\u00e9lai d&rsquo;exp\u00e9dition : 7-10 jours<\/strong><\/p>\n<p>Egalement disponible dans une version pour 80 paires de lunettes : <a href=\"https:\/\/www.smartystore.it\/fr\/prodotto\/presentoir-de-sol-avec-etagere-pour-80-paires-de-lunettes\/\" target=\"_blank\" rel=\"noopener\"><strong>LIEN<\/strong><\/a><\/p>\n<p>Existe aussi en version 45 paires : <a href=\"https:\/\/www.smartystore.it\/fr\/prodotto\/presentoir-de-sol-avec-etagere-pour-45-paires-de-lunettes\/\" target=\"_blank\" rel=\"noopener\"><strong>LIEN<\/strong><\/a><\/p>\n<p>&nbsp;<\/p>\n<p><a href=\"https:\/\/www.smartystore.it\/V25\/wp-content\/uploads\/2022\/04\/STR-MP701.pdf\" target=\"_blank\" rel=\"noopener\"><img loading=\"lazy\" decoding=\"async\" class=\"alignnone size-full wp-image-93672\" src=\"https:\/\/www.smartystore.it\/v25\/wp-content\/uploads\/2023\/11\/LogoDownload_yellow.jpg\" alt=\"\" width=\"50\" height=\"50\">  <\/a><a href=\"https:\/\/www.smartystore.it\/V25\/wp-content\/uploads\/2022\/04\/STR-MP701.pdf\" target=\"_blank\" rel=\"noopener noreferrer\"><strong>FICHE TECHNIQUE  <\/strong><\/a><\/p>\n<p>&nbsp;<\/p>\n<p>[\/vc_column_text][\/vc_column][\/vc_row]<\/p>\n<\/div>","protected":false},"excerpt":{"rendered":"<p>Pr\u00e9sentoir de sol pour 60 paires de lunettes avec \u00e9tag\u00e8re.<\/p>\n","protected":false},"featured_media":94893,"comment_status":"open","ping_status":"closed","template":"","meta":{"_acf_changed":false},"pwb-brand":[],"product_brand":[],"product_cat":[3017,3014],"product_tag":[4303,4301,4302,4297,4305,4299,4298,4300,4304],"class_list":{"0":"post-94892","1":"product","2":"type-product","3":"status-publish","4":"has-post-thumbnail","6":"product_cat-presentoirs-a-lunettes-au-sol","7":"product_cat-presentoirs-pour-lunettes","8":"product_tag-etui-a-lunettes-pour-60-lunettes","9":"product_tag-porte-lunettes-de-sol","10":"product_tag-porte-lunettes-independant","11":"product_tag-presentoir-a-lunettes","12":"product_tag-presentoir-de-magasin-de-lunettes","13":"product_tag-presentoir-de-sol-pour-lunettes","14":"product_tag-presentoir-independant-pour-verres","15":"product_tag-presentoir-pour-60-verres","16":"product_tag-support-de-lunettes","17":"pa_c2c_color-blanc","18":"pa_c2c_dimensione-60-paires-de-lunettes","19":"pa_c2c_trovraprezzi-oui","21":"first","22":"instock","23":"taxable","24":"shipping-taxable","25":"purchasable","26":"product-type-simple"},"acf":[],"yoast_head":"<!-- This site is optimized with the Yoast SEO plugin v27.4 - https:\/\/yoast.com\/product\/yoast-seo-wordpress\/ -->\n<title>Pr\u00e9sentoir de sol pour 60 paires de lunettes - Au Meilleur Prix<\/title>\n<meta name=\"description\" content=\"Pr\u00e9sentoir de sol pour 60 paires de verres avec une \u00e9tag\u00e8re pratique. Style \u00e9l\u00e9gant et moderne, id\u00e9al pour tout contexte commercial.\" \/>\n<meta name=\"robots\" content=\"index, follow, max-snippet:-1, max-image-preview:large, max-video-preview:-1\" \/>\n<link rel=\"canonical\" href=\"https:\/\/www.smartystore.it\/fr\/prodotto\/presentoir-de-sol-avec-etagere-pour-60-paires-de-lunettes\/\" \/>\n<meta property=\"og:locale\" content=\"fr_FR\" \/>\n<meta property=\"og:type\" content=\"article\" \/>\n<meta property=\"og:title\" content=\"Pr\u00e9sentoir de sol pour 60 paires de lunettes - Au Meilleur Prix\" \/>\n<meta property=\"og:description\" content=\"Pr\u00e9sentoir de sol pour 60 paires de verres avec une \u00e9tag\u00e8re pratique. Style \u00e9l\u00e9gant et moderne, id\u00e9al pour tout contexte commercial.\" \/>\n<meta property=\"og:url\" content=\"https:\/\/www.smartystore.it\/fr\/prodotto\/presentoir-de-sol-avec-etagere-pour-60-paires-de-lunettes\/\" \/>\n<meta property=\"og:site_name\" content=\"Smarty Store\" \/>\n<meta property=\"article:modified_time\" content=\"2026-02-19T15:25:10+00:00\" \/>\n<meta property=\"og:image\" content=\"https:\/\/www.smartystore.it\/v25\/wp-content\/uploads\/2022\/04\/Espositore-da-terra-per-60-paia-di-occhiali-con-base-fissa-e-mensola.jpg\" \/>\n\t<meta property=\"og:image:width\" content=\"1000\" \/>\n\t<meta property=\"og:image:height\" content=\"1000\" \/>\n\t<meta property=\"og:image:type\" content=\"image\/jpeg\" \/>\n<meta name=\"twitter:card\" content=\"summary_large_image\" \/>\n<meta name=\"twitter:label1\" content=\"Dur\u00e9e de lecture estim\u00e9e\" \/>\n\t<meta name=\"twitter:data1\" content=\"3 minutes\" \/>\n<script type=\"application\/ld+json\" class=\"yoast-schema-graph\">{\"@context\":\"https:\\\/\\\/schema.org\",\"@graph\":[{\"@type\":\"WebPage\",\"@id\":\"https:\\\/\\\/www.smartystore.it\\\/fr\\\/prodotto\\\/presentoir-de-sol-avec-etagere-pour-60-paires-de-lunettes\\\/\",\"url\":\"https:\\\/\\\/www.smartystore.it\\\/fr\\\/prodotto\\\/presentoir-de-sol-avec-etagere-pour-60-paires-de-lunettes\\\/\",\"name\":\"Pr\u00e9sentoir de sol pour 60 paires de lunettes - Au Meilleur Prix\",\"isPartOf\":{\"@id\":\"https:\\\/\\\/www.smartystore.it\\\/fr\\\/#website\"},\"primaryImageOfPage\":{\"@id\":\"https:\\\/\\\/www.smartystore.it\\\/fr\\\/prodotto\\\/presentoir-de-sol-avec-etagere-pour-60-paires-de-lunettes\\\/#primaryimage\"},\"image\":{\"@id\":\"https:\\\/\\\/www.smartystore.it\\\/fr\\\/prodotto\\\/presentoir-de-sol-avec-etagere-pour-60-paires-de-lunettes\\\/#primaryimage\"},\"thumbnailUrl\":\"https:\\\/\\\/www.smartystore.it\\\/v25\\\/wp-content\\\/uploads\\\/2022\\\/04\\\/Espositore-da-terra-per-60-paia-di-occhiali-con-base-fissa-e-mensola.jpg\",\"datePublished\":\"2022-04-14T13:33:00+00:00\",\"dateModified\":\"2026-02-19T15:25:10+00:00\",\"description\":\"Pr\u00e9sentoir de sol pour 60 paires de verres avec une \u00e9tag\u00e8re pratique. Style \u00e9l\u00e9gant et moderne, id\u00e9al pour tout contexte commercial.\",\"breadcrumb\":{\"@id\":\"https:\\\/\\\/www.smartystore.it\\\/fr\\\/prodotto\\\/presentoir-de-sol-avec-etagere-pour-60-paires-de-lunettes\\\/#breadcrumb\"},\"inLanguage\":\"fr-FR\",\"potentialAction\":[{\"@type\":\"ReadAction\",\"target\":[\"https:\\\/\\\/www.smartystore.it\\\/fr\\\/prodotto\\\/presentoir-de-sol-avec-etagere-pour-60-paires-de-lunettes\\\/\"]}]},{\"@type\":\"ImageObject\",\"inLanguage\":\"fr-FR\",\"@id\":\"https:\\\/\\\/www.smartystore.it\\\/fr\\\/prodotto\\\/presentoir-de-sol-avec-etagere-pour-60-paires-de-lunettes\\\/#primaryimage\",\"url\":\"https:\\\/\\\/www.smartystore.it\\\/v25\\\/wp-content\\\/uploads\\\/2022\\\/04\\\/Espositore-da-terra-per-60-paia-di-occhiali-con-base-fissa-e-mensola.jpg\",\"contentUrl\":\"https:\\\/\\\/www.smartystore.it\\\/v25\\\/wp-content\\\/uploads\\\/2022\\\/04\\\/Espositore-da-terra-per-60-paia-di-occhiali-con-base-fissa-e-mensola.jpg\",\"width\":1000,\"height\":1000,\"caption\":\"Pr\u00e9sentoir de sol avec \u00e9tag\u00e8re pour 60 paires de lunettes\"},{\"@type\":\"BreadcrumbList\",\"@id\":\"https:\\\/\\\/www.smartystore.it\\\/fr\\\/prodotto\\\/presentoir-de-sol-avec-etagere-pour-60-paires-de-lunettes\\\/#breadcrumb\",\"itemListElement\":[{\"@type\":\"ListItem\",\"position\":1,\"name\":\"Home\",\"item\":\"https:\\\/\\\/www.smartystore.it\\\/fr\\\/\"},{\"@type\":\"ListItem\",\"position\":2,\"name\":\"Boutique\",\"item\":\"https:\\\/\\\/www.smartystore.it\\\/fr\\\/boutique\\\/\"},{\"@type\":\"ListItem\",\"position\":3,\"name\":\"Pr\u00e9sentoir de sol pour 60 paires de lunettes\"}]},{\"@type\":\"WebSite\",\"@id\":\"https:\\\/\\\/www.smartystore.it\\\/fr\\\/#website\",\"url\":\"https:\\\/\\\/www.smartystore.it\\\/fr\\\/\",\"name\":\"Smarty Store\",\"description\":\"Espositori Pubblicitari e Sistemi di Comunicazione Visiva\",\"potentialAction\":[{\"@type\":\"SearchAction\",\"target\":{\"@type\":\"EntryPoint\",\"urlTemplate\":\"https:\\\/\\\/www.smartystore.it\\\/fr\\\/?s={search_term_string}\"},\"query-input\":{\"@type\":\"PropertyValueSpecification\",\"valueRequired\":true,\"valueName\":\"search_term_string\"}}],\"inLanguage\":\"fr-FR\"}]}<\/script>\n<!-- \/ Yoast SEO plugin. -->","yoast_head_json":{"title":"Pr\u00e9sentoir de sol pour 60 paires de lunettes - Au Meilleur Prix","description":"Pr\u00e9sentoir de sol pour 60 paires de verres avec une \u00e9tag\u00e8re pratique. Style \u00e9l\u00e9gant et moderne, id\u00e9al pour tout contexte commercial.","robots":{"index":"index","follow":"follow","max-snippet":"max-snippet:-1","max-image-preview":"max-image-preview:large","max-video-preview":"max-video-preview:-1"},"canonical":"https:\/\/www.smartystore.it\/fr\/prodotto\/presentoir-de-sol-avec-etagere-pour-60-paires-de-lunettes\/","og_locale":"fr_FR","og_type":"article","og_title":"Pr\u00e9sentoir de sol pour 60 paires de lunettes - Au Meilleur Prix","og_description":"Pr\u00e9sentoir de sol pour 60 paires de verres avec une \u00e9tag\u00e8re pratique. Style \u00e9l\u00e9gant et moderne, id\u00e9al pour tout contexte commercial.","og_url":"https:\/\/www.smartystore.it\/fr\/prodotto\/presentoir-de-sol-avec-etagere-pour-60-paires-de-lunettes\/","og_site_name":"Smarty Store","article_modified_time":"2026-02-19T15:25:10+00:00","og_image":[{"width":1000,"height":1000,"url":"https:\/\/www.smartystore.it\/v25\/wp-content\/uploads\/2022\/04\/Espositore-da-terra-per-60-paia-di-occhiali-con-base-fissa-e-mensola.jpg","type":"image\/jpeg"}],"twitter_card":"summary_large_image","twitter_misc":{"Dur\u00e9e de lecture estim\u00e9e":"3 minutes"},"schema":{"@context":"https:\/\/schema.org","@graph":[{"@type":"WebPage","@id":"https:\/\/www.smartystore.it\/fr\/prodotto\/presentoir-de-sol-avec-etagere-pour-60-paires-de-lunettes\/","url":"https:\/\/www.smartystore.it\/fr\/prodotto\/presentoir-de-sol-avec-etagere-pour-60-paires-de-lunettes\/","name":"Pr\u00e9sentoir de sol pour 60 paires de lunettes - Au Meilleur Prix","isPartOf":{"@id":"https:\/\/www.smartystore.it\/fr\/#website"},"primaryImageOfPage":{"@id":"https:\/\/www.smartystore.it\/fr\/prodotto\/presentoir-de-sol-avec-etagere-pour-60-paires-de-lunettes\/#primaryimage"},"image":{"@id":"https:\/\/www.smartystore.it\/fr\/prodotto\/presentoir-de-sol-avec-etagere-pour-60-paires-de-lunettes\/#primaryimage"},"thumbnailUrl":"https:\/\/www.smartystore.it\/v25\/wp-content\/uploads\/2022\/04\/Espositore-da-terra-per-60-paia-di-occhiali-con-base-fissa-e-mensola.jpg","datePublished":"2022-04-14T13:33:00+00:00","dateModified":"2026-02-19T15:25:10+00:00","description":"Pr\u00e9sentoir de sol pour 60 paires de verres avec une \u00e9tag\u00e8re pratique. Style \u00e9l\u00e9gant et moderne, id\u00e9al pour tout contexte commercial.","breadcrumb":{"@id":"https:\/\/www.smartystore.it\/fr\/prodotto\/presentoir-de-sol-avec-etagere-pour-60-paires-de-lunettes\/#breadcrumb"},"inLanguage":"fr-FR","potentialAction":[{"@type":"ReadAction","target":["https:\/\/www.smartystore.it\/fr\/prodotto\/presentoir-de-sol-avec-etagere-pour-60-paires-de-lunettes\/"]}]},{"@type":"ImageObject","inLanguage":"fr-FR","@id":"https:\/\/www.smartystore.it\/fr\/prodotto\/presentoir-de-sol-avec-etagere-pour-60-paires-de-lunettes\/#primaryimage","url":"https:\/\/www.smartystore.it\/v25\/wp-content\/uploads\/2022\/04\/Espositore-da-terra-per-60-paia-di-occhiali-con-base-fissa-e-mensola.jpg","contentUrl":"https:\/\/www.smartystore.it\/v25\/wp-content\/uploads\/2022\/04\/Espositore-da-terra-per-60-paia-di-occhiali-con-base-fissa-e-mensola.jpg","width":1000,"height":1000,"caption":"Pr\u00e9sentoir de sol avec \u00e9tag\u00e8re pour 60 paires de lunettes"},{"@type":"BreadcrumbList","@id":"https:\/\/www.smartystore.it\/fr\/prodotto\/presentoir-de-sol-avec-etagere-pour-60-paires-de-lunettes\/#breadcrumb","itemListElement":[{"@type":"ListItem","position":1,"name":"Home","item":"https:\/\/www.smartystore.it\/fr\/"},{"@type":"ListItem","position":2,"name":"Boutique","item":"https:\/\/www.smartystore.it\/fr\/boutique\/"},{"@type":"ListItem","position":3,"name":"Pr\u00e9sentoir de sol pour 60 paires de lunettes"}]},{"@type":"WebSite","@id":"https:\/\/www.smartystore.it\/fr\/#website","url":"https:\/\/www.smartystore.it\/fr\/","name":"Smarty Store","description":"Espositori Pubblicitari e Sistemi di Comunicazione Visiva","potentialAction":[{"@type":"SearchAction","target":{"@type":"EntryPoint","urlTemplate":"https:\/\/www.smartystore.it\/fr\/?s={search_term_string}"},"query-input":{"@type":"PropertyValueSpecification","valueRequired":true,"valueName":"search_term_string"}}],"inLanguage":"fr-FR"}]}},"brands":[],"_links":{"self":[{"href":"https:\/\/www.smartystore.it\/fr\/wp-json\/wp\/v2\/product\/94892","targetHints":{"allow":["GET"]}}],"collection":[{"href":"https:\/\/www.smartystore.it\/fr\/wp-json\/wp\/v2\/product"}],"about":[{"href":"https:\/\/www.smartystore.it\/fr\/wp-json\/wp\/v2\/types\/product"}],"replies":[{"embeddable":true,"href":"https:\/\/www.smartystore.it\/fr\/wp-json\/wp\/v2\/comments?post=94892"}],"wp:featuredmedia":[{"embeddable":true,"href":"https:\/\/www.smartystore.it\/fr\/wp-json\/wp\/v2\/media\/94893"}],"wp:attachment":[{"href":"https:\/\/www.smartystore.it\/fr\/wp-json\/wp\/v2\/media?parent=94892"}],"wp:term":[{"taxonomy":"pwb-brand","embeddable":true,"href":"https:\/\/www.smartystore.it\/fr\/wp-json\/wp\/v2\/pwb-brand?post=94892"},{"taxonomy":"product_brand","embeddable":true,"href":"https:\/\/www.smartystore.it\/fr\/wp-json\/wp\/v2\/product_brand?post=94892"},{"taxonomy":"product_cat","embeddable":true,"href":"https:\/\/www.smartystore.it\/fr\/wp-json\/wp\/v2\/product_cat?post=94892"},{"taxonomy":"product_tag","embeddable":true,"href":"https:\/\/www.smartystore.it\/fr\/wp-json\/wp\/v2\/product_tag?post=94892"}],"curies":[{"name":"wp","href":"https:\/\/api.w.org\/{rel}","templated":true}]}}