{"id":94883,"date":"2017-07-20T15:26:27","date_gmt":"2017-07-20T13:26:27","guid":{"rendered":"https:\/\/www.smartystore.it\/prodotto\/poteau-de-balisage-classique-avec-ruban-orange\/"},"modified":"2025-08-21T16:48:24","modified_gmt":"2025-08-21T14:48:24","slug":"poteau-de-balisage-classique-avec-ruban-orange","status":"publish","type":"product","link":"https:\/\/www.smartystore.it\/fr\/prodotto\/poteau-de-balisage-classique-avec-ruban-orange\/","title":{"rendered":"Poteau de balisage classique avec ruban orange"},"content":{"rendered":"<div class=\"wpb-content-wrapper\"><p>[vc_row][vc_column][vc_column_text css=\u00a0\u00bb\u00a0\u00bb css_params=\u00a0\u00bb\u00a0\u00bb]<\/p>\n<h2>Poteau de balisage classique avec ruban orange<\/h2>\n<p>La Poteau de balisage Classic avec ruban orange est une solution efficace et de qualit\u00e9 pour r\u00e9guler les flux de personnes dans les espaces publics. R\u00e9alis\u00e9e avec un \u00e9l\u00e9gant poteau en acier bross\u00e9 satin\u00e9 de couleur argent\u00e9e, cette borne s&rsquo;int\u00e8gre parfaitement dans des contextes tels que les centres commerciaux, les mus\u00e9es, les centres de conf\u00e9rence et les bo\u00eetes de nuit. Ses lignes sobres et modernes la rendent non seulement fonctionnelle, mais aussi esth\u00e9tique.  <\/p>\n<p>L&rsquo;une des caract\u00e9ristiques de cette Poteau de balisage Classic est le ruban orange d&rsquo;environ 3 m\u00e8tres de long et 5 cm de haut, particuli\u00e8rement visible et utile pour guider les visiteurs. Le m\u00e9canisme d&rsquo;enroulement \u00e0 freinage automatique garantit une manipulation s\u00fbre et facile du ruban, en \u00e9vitant les accidents gr\u00e2ce \u00e0 la pr\u00e9sence d&rsquo;un clip de verrouillage de s\u00e9curit\u00e9. Cette caract\u00e9ristique permet d&rsquo;utiliser facilement la colonne, m\u00eame en cas de forte affluence.  <\/p>\n<p>La base du poteau est con\u00e7ue pour offrir stabilit\u00e9 et robustesse. Avec un diam\u00e8tre de 36 cm et un poids total de 10 kg, la borne Classic est un \u00e9l\u00e9ment s\u00fbr et durable, capable de maintenir sa position m\u00eame en cas de chocs l\u00e9gers. <\/p>\n<p>Le pilier a un diam\u00e8tre de 6,3 cm et une hauteur de 100 cm, des dimensions qui contribuent \u00e0 une visibilit\u00e9 optimale sans \u00eatre encombrantes.<\/p>\n<h3>Personnalisation<\/h3>\n<p>En plus de sa fonctionnalit\u00e9, la possibilit\u00e9 de personnaliser le ruban des deux c\u00f4t\u00e9s avec un logo en une ou plusieurs couleurs offre une valeur ajout\u00e9e suppl\u00e9mentaire. Cette option permet aux entreprises et aux institutions de promouvoir leur marque en int\u00e9grant la colonne dans leur syst\u00e8me de communication visuelle. <\/p>\n<p>La Poteau de balisage Classic avec ruban orange est donc un choix id\u00e9al pour tous les lieux publics o\u00f9 le flux de personnes doit \u00eatre r\u00e9gul\u00e9 ou dirig\u00e9 de mani\u00e8re claire et s\u00fbre. La combinaison d&rsquo;un design \u00e9l\u00e9gant, d&rsquo;une fonctionnalit\u00e9 pratique et d&rsquo;options de personnalisation rend ce produit indispensable pour une gestion efficace de l&rsquo;espace. <\/p>\n<p>Qu&rsquo;il s&rsquo;agisse d&rsquo;\u00e9v\u00e9nements temporaires ou d&rsquo;installations permanentes, cette colonne r\u00e9pond parfaitement aux exigences de s\u00e9curit\u00e9 et de visibilit\u00e9 de l&rsquo;environnement contemporain.<\/p>\n<h3>CARACT\u00c9RISTIQUES<\/h3>\n<ol>\n<li>Poteau de balisage avec tendeur de ruban.<\/li>\n<li>Mod\u00e8le classique en acier argent\u00e9 satin\u00e9.<\/li>\n<li>Ruban orange : L 3 m\u00e8tres environ &#8211; H 5 cm.<\/li>\n<li>Enrouleur avec m\u00e9canisme d&rsquo;auto-freinage avec clip de verrouillage de s\u00e9curit\u00e9 et trois crochets de r\u00e9ception.<\/li>\n<li>Base avec couvercle en acier \u00d8 36 cm, colonne \u00d8 6,3 cm, colonne H 100 cm.<\/li>\n<li>Poids total de la colonne : 10 kg &#8211; Le poids assure une plus grande stabilit\u00e9.<\/li>\n<\/ol>\n<p>Le co\u00fbt se r\u00e9f\u00e8re \u00e0 une colonne avec un ruban orange.<\/p>\n<p>Possibilit\u00e9 de personnaliser le ruban des deux c\u00f4t\u00e9s avec un logo en une ou plusieurs couleurs (contactez-nous pour plus d&rsquo;informations et pour conna\u00eetre les co\u00fbts).<\/p>\n<p>La colonne est disponible avec d&rsquo;autres couleurs de ruban, cliquez <span style=\"color: #ff0000;\"><strong><a style=\"color: #ff0000;\" href=\"https:\/\/www.smartystore.it\/?s=stop51%2F&amp;post_type=product\">ICI<\/a><\/strong><\/span><\/p>\n<p>&nbsp;<\/p>\n<p><a href=\"https:\/\/www.smartystore.it\/v25\/wp-content\/uploads\/2015\/03\/STR-STOP51-R-B-N-GN-BR-BI-V-AR.pdf\" target=\"_blank\" rel=\"noopener\"><img loading=\"lazy\" decoding=\"async\" class=\"alignnone size-full wp-image-93510\" src=\"https:\/\/www.smartystore.it\/v25\/wp-content\/uploads\/2014\/10\/SchedaTecnica-300-e1750084266903.png\" alt=\"\" width=\"249\" height=\"63\"><\/a>[\/vc_column_text][\/vc_column][\/vc_row]<\/p>\n<\/div>","protected":false},"excerpt":{"rendered":"<p>Colonne en acier satin\u00e9 et ruban enrouleur orange de 3 m\u00e8tres.<\/p>\n<p>&nbsp;<\/p>\n","protected":false},"featured_media":94881,"comment_status":"open","ping_status":"closed","template":"","meta":{"_acf_changed":false},"pwb-brand":[],"product_brand":[],"product_cat":[3078,3079],"product_tag":[4259,4258,4262,4261,4268,4273,4263,4274],"class_list":{"0":"post-94883","1":"product","2":"type-product","3":"status-publish","4":"has-post-thumbnail","6":"product_cat-poteau-de-separation","7":"product_cat-poteau-de-separation-fr","8":"product_tag-balisage-des-sentiers","9":"product_tag-colonne-de-marquage","10":"product_tag-colonne-de-marquise-de-3-metres","11":"product_tag-colonne-de-tension-de-bande-flexible-3-metres","12":"product_tag-piquets-avec-bande-orange-amovible-de-3-metres","13":"product_tag-poteau-de-balisage-argente","14":"product_tag-poteau-de-tension-flex-line-3-metres","15":"product_tag-poteaux-de-guidage-de-la-lime-argentee","16":"pa_c2c_color-orange","17":"pa_c2c_dimensione-3-metres","18":"pa_c2c_trovraprezzi-oui","20":"first","21":"instock","22":"taxable","23":"shipping-taxable","24":"purchasable","25":"product-type-simple"},"acf":[],"yoast_head":"<!-- This site is optimized with the Yoast SEO plugin v27.4 - https:\/\/yoast.com\/product\/yoast-seo-wordpress\/ -->\n<title>Colonne de rep\u00e9rage classique avec ruban orange - Smartystore<\/title>\n<meta name=\"description\" content=\"Poteau de balisage classique avec ruban orange, acier argent\u00e9, ruban de 3 m\u00e8tres. Achetez la Poteau de balisage classique sur Smartystore.\" \/>\n<meta name=\"robots\" content=\"index, follow, max-snippet:-1, max-image-preview:large, max-video-preview:-1\" \/>\n<link rel=\"canonical\" href=\"https:\/\/www.smartystore.it\/fr\/prodotto\/poteau-de-balisage-classique-avec-ruban-orange\/\" \/>\n<meta property=\"og:locale\" content=\"fr_FR\" \/>\n<meta property=\"og:type\" content=\"article\" \/>\n<meta property=\"og:title\" content=\"Colonne de rep\u00e9rage classique avec ruban orange - Smartystore\" \/>\n<meta property=\"og:description\" content=\"Poteau de balisage classique avec ruban orange, acier argent\u00e9, ruban de 3 m\u00e8tres. Achetez la Poteau de balisage classique sur Smartystore.\" \/>\n<meta property=\"og:url\" content=\"https:\/\/www.smartystore.it\/fr\/prodotto\/poteau-de-balisage-classique-avec-ruban-orange\/\" \/>\n<meta property=\"og:site_name\" content=\"Smarty Store\" \/>\n<meta property=\"article:modified_time\" content=\"2025-08-21T14:48:24+00:00\" \/>\n<meta property=\"og:image\" content=\"https:\/\/www.smartystore.it\/v25\/wp-content\/uploads\/2017\/07\/Colonnina-segna-percorso-classic-in-acciaio-satinato-silver-nastro-arancione-di-3-metri.jpg\" \/>\n\t<meta property=\"og:image:width\" content=\"1000\" \/>\n\t<meta property=\"og:image:height\" content=\"1000\" \/>\n\t<meta property=\"og:image:type\" content=\"image\/jpeg\" \/>\n<meta name=\"twitter:card\" content=\"summary_large_image\" \/>\n<meta name=\"twitter:label1\" content=\"Dur\u00e9e de lecture estim\u00e9e\" \/>\n\t<meta name=\"twitter:data1\" content=\"3 minutes\" \/>\n<script type=\"application\/ld+json\" class=\"yoast-schema-graph\">{\"@context\":\"https:\\\/\\\/schema.org\",\"@graph\":[{\"@type\":\"WebPage\",\"@id\":\"https:\\\/\\\/www.smartystore.it\\\/fr\\\/prodotto\\\/poteau-de-balisage-classique-avec-ruban-orange\\\/\",\"url\":\"https:\\\/\\\/www.smartystore.it\\\/fr\\\/prodotto\\\/poteau-de-balisage-classique-avec-ruban-orange\\\/\",\"name\":\"Colonne de rep\u00e9rage classique avec ruban orange - Smartystore\",\"isPartOf\":{\"@id\":\"https:\\\/\\\/www.smartystore.it\\\/fr\\\/#website\"},\"primaryImageOfPage\":{\"@id\":\"https:\\\/\\\/www.smartystore.it\\\/fr\\\/prodotto\\\/poteau-de-balisage-classique-avec-ruban-orange\\\/#primaryimage\"},\"image\":{\"@id\":\"https:\\\/\\\/www.smartystore.it\\\/fr\\\/prodotto\\\/poteau-de-balisage-classique-avec-ruban-orange\\\/#primaryimage\"},\"thumbnailUrl\":\"https:\\\/\\\/www.smartystore.it\\\/v25\\\/wp-content\\\/uploads\\\/2017\\\/07\\\/Colonnina-segna-percorso-classic-in-acciaio-satinato-silver-nastro-arancione-di-3-metri.jpg\",\"datePublished\":\"2017-07-20T13:26:27+00:00\",\"dateModified\":\"2025-08-21T14:48:24+00:00\",\"description\":\"Poteau de balisage classique avec ruban orange, acier argent\u00e9, ruban de 3 m\u00e8tres. Achetez la Poteau de balisage classique sur Smartystore.\",\"breadcrumb\":{\"@id\":\"https:\\\/\\\/www.smartystore.it\\\/fr\\\/prodotto\\\/poteau-de-balisage-classique-avec-ruban-orange\\\/#breadcrumb\"},\"inLanguage\":\"fr-FR\",\"potentialAction\":[{\"@type\":\"ReadAction\",\"target\":[\"https:\\\/\\\/www.smartystore.it\\\/fr\\\/prodotto\\\/poteau-de-balisage-classique-avec-ruban-orange\\\/\"]}]},{\"@type\":\"ImageObject\",\"inLanguage\":\"fr-FR\",\"@id\":\"https:\\\/\\\/www.smartystore.it\\\/fr\\\/prodotto\\\/poteau-de-balisage-classique-avec-ruban-orange\\\/#primaryimage\",\"url\":\"https:\\\/\\\/www.smartystore.it\\\/v25\\\/wp-content\\\/uploads\\\/2017\\\/07\\\/Colonnina-segna-percorso-classic-in-acciaio-satinato-silver-nastro-arancione-di-3-metri.jpg\",\"contentUrl\":\"https:\\\/\\\/www.smartystore.it\\\/v25\\\/wp-content\\\/uploads\\\/2017\\\/07\\\/Colonnina-segna-percorso-classic-in-acciaio-satinato-silver-nastro-arancione-di-3-metri.jpg\",\"width\":1000,\"height\":1000,\"caption\":\"Poteau de balisage classique avec ruban orange\"},{\"@type\":\"BreadcrumbList\",\"@id\":\"https:\\\/\\\/www.smartystore.it\\\/fr\\\/prodotto\\\/poteau-de-balisage-classique-avec-ruban-orange\\\/#breadcrumb\",\"itemListElement\":[{\"@type\":\"ListItem\",\"position\":1,\"name\":\"Home\",\"item\":\"https:\\\/\\\/www.smartystore.it\\\/fr\\\/\"},{\"@type\":\"ListItem\",\"position\":2,\"name\":\"Boutique\",\"item\":\"https:\\\/\\\/www.smartystore.it\\\/fr\\\/boutique\\\/\"},{\"@type\":\"ListItem\",\"position\":3,\"name\":\"Poteau de balisage classique avec ruban orange\"}]},{\"@type\":\"WebSite\",\"@id\":\"https:\\\/\\\/www.smartystore.it\\\/fr\\\/#website\",\"url\":\"https:\\\/\\\/www.smartystore.it\\\/fr\\\/\",\"name\":\"Smarty Store\",\"description\":\"Espositori Pubblicitari e Sistemi di Comunicazione Visiva\",\"potentialAction\":[{\"@type\":\"SearchAction\",\"target\":{\"@type\":\"EntryPoint\",\"urlTemplate\":\"https:\\\/\\\/www.smartystore.it\\\/fr\\\/?s={search_term_string}\"},\"query-input\":{\"@type\":\"PropertyValueSpecification\",\"valueRequired\":true,\"valueName\":\"search_term_string\"}}],\"inLanguage\":\"fr-FR\"}]}<\/script>\n<!-- \/ Yoast SEO plugin. -->","yoast_head_json":{"title":"Colonne de rep\u00e9rage classique avec ruban orange - Smartystore","description":"Poteau de balisage classique avec ruban orange, acier argent\u00e9, ruban de 3 m\u00e8tres. Achetez la Poteau de balisage classique sur Smartystore.","robots":{"index":"index","follow":"follow","max-snippet":"max-snippet:-1","max-image-preview":"max-image-preview:large","max-video-preview":"max-video-preview:-1"},"canonical":"https:\/\/www.smartystore.it\/fr\/prodotto\/poteau-de-balisage-classique-avec-ruban-orange\/","og_locale":"fr_FR","og_type":"article","og_title":"Colonne de rep\u00e9rage classique avec ruban orange - Smartystore","og_description":"Poteau de balisage classique avec ruban orange, acier argent\u00e9, ruban de 3 m\u00e8tres. Achetez la Poteau de balisage classique sur Smartystore.","og_url":"https:\/\/www.smartystore.it\/fr\/prodotto\/poteau-de-balisage-classique-avec-ruban-orange\/","og_site_name":"Smarty Store","article_modified_time":"2025-08-21T14:48:24+00:00","og_image":[{"width":1000,"height":1000,"url":"https:\/\/www.smartystore.it\/v25\/wp-content\/uploads\/2017\/07\/Colonnina-segna-percorso-classic-in-acciaio-satinato-silver-nastro-arancione-di-3-metri.jpg","type":"image\/jpeg"}],"twitter_card":"summary_large_image","twitter_misc":{"Dur\u00e9e de lecture estim\u00e9e":"3 minutes"},"schema":{"@context":"https:\/\/schema.org","@graph":[{"@type":"WebPage","@id":"https:\/\/www.smartystore.it\/fr\/prodotto\/poteau-de-balisage-classique-avec-ruban-orange\/","url":"https:\/\/www.smartystore.it\/fr\/prodotto\/poteau-de-balisage-classique-avec-ruban-orange\/","name":"Colonne de rep\u00e9rage classique avec ruban orange - Smartystore","isPartOf":{"@id":"https:\/\/www.smartystore.it\/fr\/#website"},"primaryImageOfPage":{"@id":"https:\/\/www.smartystore.it\/fr\/prodotto\/poteau-de-balisage-classique-avec-ruban-orange\/#primaryimage"},"image":{"@id":"https:\/\/www.smartystore.it\/fr\/prodotto\/poteau-de-balisage-classique-avec-ruban-orange\/#primaryimage"},"thumbnailUrl":"https:\/\/www.smartystore.it\/v25\/wp-content\/uploads\/2017\/07\/Colonnina-segna-percorso-classic-in-acciaio-satinato-silver-nastro-arancione-di-3-metri.jpg","datePublished":"2017-07-20T13:26:27+00:00","dateModified":"2025-08-21T14:48:24+00:00","description":"Poteau de balisage classique avec ruban orange, acier argent\u00e9, ruban de 3 m\u00e8tres. Achetez la Poteau de balisage classique sur Smartystore.","breadcrumb":{"@id":"https:\/\/www.smartystore.it\/fr\/prodotto\/poteau-de-balisage-classique-avec-ruban-orange\/#breadcrumb"},"inLanguage":"fr-FR","potentialAction":[{"@type":"ReadAction","target":["https:\/\/www.smartystore.it\/fr\/prodotto\/poteau-de-balisage-classique-avec-ruban-orange\/"]}]},{"@type":"ImageObject","inLanguage":"fr-FR","@id":"https:\/\/www.smartystore.it\/fr\/prodotto\/poteau-de-balisage-classique-avec-ruban-orange\/#primaryimage","url":"https:\/\/www.smartystore.it\/v25\/wp-content\/uploads\/2017\/07\/Colonnina-segna-percorso-classic-in-acciaio-satinato-silver-nastro-arancione-di-3-metri.jpg","contentUrl":"https:\/\/www.smartystore.it\/v25\/wp-content\/uploads\/2017\/07\/Colonnina-segna-percorso-classic-in-acciaio-satinato-silver-nastro-arancione-di-3-metri.jpg","width":1000,"height":1000,"caption":"Poteau de balisage classique avec ruban orange"},{"@type":"BreadcrumbList","@id":"https:\/\/www.smartystore.it\/fr\/prodotto\/poteau-de-balisage-classique-avec-ruban-orange\/#breadcrumb","itemListElement":[{"@type":"ListItem","position":1,"name":"Home","item":"https:\/\/www.smartystore.it\/fr\/"},{"@type":"ListItem","position":2,"name":"Boutique","item":"https:\/\/www.smartystore.it\/fr\/boutique\/"},{"@type":"ListItem","position":3,"name":"Poteau de balisage classique avec ruban orange"}]},{"@type":"WebSite","@id":"https:\/\/www.smartystore.it\/fr\/#website","url":"https:\/\/www.smartystore.it\/fr\/","name":"Smarty Store","description":"Espositori Pubblicitari e Sistemi di Comunicazione Visiva","potentialAction":[{"@type":"SearchAction","target":{"@type":"EntryPoint","urlTemplate":"https:\/\/www.smartystore.it\/fr\/?s={search_term_string}"},"query-input":{"@type":"PropertyValueSpecification","valueRequired":true,"valueName":"search_term_string"}}],"inLanguage":"fr-FR"}]}},"brands":[],"_links":{"self":[{"href":"https:\/\/www.smartystore.it\/fr\/wp-json\/wp\/v2\/product\/94883","targetHints":{"allow":["GET"]}}],"collection":[{"href":"https:\/\/www.smartystore.it\/fr\/wp-json\/wp\/v2\/product"}],"about":[{"href":"https:\/\/www.smartystore.it\/fr\/wp-json\/wp\/v2\/types\/product"}],"replies":[{"embeddable":true,"href":"https:\/\/www.smartystore.it\/fr\/wp-json\/wp\/v2\/comments?post=94883"}],"wp:featuredmedia":[{"embeddable":true,"href":"https:\/\/www.smartystore.it\/fr\/wp-json\/wp\/v2\/media\/94881"}],"wp:attachment":[{"href":"https:\/\/www.smartystore.it\/fr\/wp-json\/wp\/v2\/media?parent=94883"}],"wp:term":[{"taxonomy":"pwb-brand","embeddable":true,"href":"https:\/\/www.smartystore.it\/fr\/wp-json\/wp\/v2\/pwb-brand?post=94883"},{"taxonomy":"product_brand","embeddable":true,"href":"https:\/\/www.smartystore.it\/fr\/wp-json\/wp\/v2\/product_brand?post=94883"},{"taxonomy":"product_cat","embeddable":true,"href":"https:\/\/www.smartystore.it\/fr\/wp-json\/wp\/v2\/product_cat?post=94883"},{"taxonomy":"product_tag","embeddable":true,"href":"https:\/\/www.smartystore.it\/fr\/wp-json\/wp\/v2\/product_tag?post=94883"}],"curies":[{"name":"wp","href":"https:\/\/api.w.org\/{rel}","templated":true}]}}