{"id":94876,"date":"2017-07-20T15:38:35","date_gmt":"2017-07-20T13:38:35","guid":{"rendered":"https:\/\/www.smartystore.it\/prodotto\/marqueur-de-colonne-noir-avec-ruban-orange\/"},"modified":"2026-01-29T16:00:15","modified_gmt":"2026-01-29T14:00:15","slug":"marqueur-de-colonne-noir-avec-ruban-orange","status":"publish","type":"product","link":"https:\/\/www.smartystore.it\/fr\/prodotto\/marqueur-de-colonne-noir-avec-ruban-orange\/","title":{"rendered":"Marqueur de colonne NOIR avec ruban orange"},"content":{"rendered":"<div class=\"wpb-content-wrapper\"><p>[vc_row][vc_column][vc_column_text css=\u00a0\u00bb\u00a0\u00bb css_params=\u00a0\u00bb\u00a0\u00bb]<\/p>\n<h2>Colonne d&rsquo;orientation NOIRE avec ruban orange : un outil robuste d&rsquo;ajustement du flux de personnes<\/h2>\n<p>La borne NOIRE avec ruban orange est une solution efficace et stylistiquement attrayante pour g\u00e9rer le flux de personnes dans divers contextes publics. Fabriqu\u00e9e avec un poteau en acier noir bross\u00e9 et satin\u00e9, cette borne s&rsquo;int\u00e8gre parfaitement dans les environnements modernes et professionnels, tout en offrant une grande robustesse et durabilit\u00e9. <\/p>\n<p>Le ruban orange, d&rsquo;une longueur d&rsquo;environ 3 m\u00e8tres et d&rsquo;une hauteur de 5 cm, est facilement visible et est con\u00e7u pour d\u00e9limiter clairement les itin\u00e9raires souhait\u00e9s. Cet \u00e9l\u00e9ment visuel sert non seulement de guide pour les visiteurs, mais contribue \u00e9galement \u00e0 cr\u00e9er une d\u00e9marcation s\u00fbre entre les diff\u00e9rentes zones, garantissant ainsi un flux ordonn\u00e9 et contr\u00f4l\u00e9. <\/p>\n<p>\u00c9quip\u00e9 d&rsquo;un enrouleur avec m\u00e9canisme de freinage automatique, le traceur BLACK avec ruban orange se distingue par sa praticit\u00e9. Le clip de verrouillage de s\u00e9curit\u00e9 permet de maintenir le ruban en place, \u00e9vitant ainsi les accidents d\u00e9sagr\u00e9ables et garantissant une efficacit\u00e9 maximale dans l&rsquo;utilisation quotidienne. <\/p>\n<p>La base du poteau, avec un couvercle en acier et un diam\u00e8tre de 36 cm, assure une excellente stabilit\u00e9, tandis que le poteau a un diam\u00e8tre de 6,3 cm et une hauteur totale de 100 cm, ce qui rend la structure bien visible sans \u00eatre encombrante.<\/p>\n<p>D&rsquo;un poids total de 10 kg, cette colonne est con\u00e7ue pour r\u00e9sister aux chocs accidentels et aux conditions m\u00e9t\u00e9orologiques, ce qui la rend id\u00e9ale pour une utilisation \u00e0 l&rsquo;int\u00e9rieur comme \u00e0 l&rsquo;ext\u00e9rieur.<\/p>\n<p>La stabilit\u00e9 conf\u00e9r\u00e9e par le poids permet une utilisation prolong\u00e9e dans des environnements tr\u00e8s fr\u00e9quent\u00e9s, tels que les centres commerciaux, les mus\u00e9es, les centres de congr\u00e8s et les bo\u00eetes de nuit, o\u00f9 il est crucial de garder le contr\u00f4le sur les masses.<\/p>\n<h3>Personnalisation<\/h3>\n<p>Un aspect \u00e0 ne pas sous-estimer est la possibilit\u00e9 de personnaliser le ruban des deux c\u00f4t\u00e9s avec le logo de l&rsquo;entreprise, en une ou plusieurs couleurs. Cette caract\u00e9ristique offre un avantage promotionnel important, transformant la borne en un \u00e9l\u00e9ment de marque efficace qui ne se contente pas de marquer les itin\u00e9raires, mais communique \u00e9galement l&rsquo;identit\u00e9 de la marque, contribuant ainsi \u00e0 une plus grande reconnaissabilit\u00e9. <\/p>\n<p>En conclusion, la borne NOIRE avec ruban orange se pr\u00e9sente comme une option polyvalente et de haute qualit\u00e9 pour la gestion des flux de personnes, combinant esth\u00e9tique, fonctionnalit\u00e9 et possibilit\u00e9s de personnalisation, ce qui en fait un excellent choix pour tout environnement public.<\/p>\n<h3>CARACT\u00c9RISTIQUES<\/h3>\n<ul>\n<li>Marqueur de colonne en acier noir bross\u00e9 satin\u00e9.<\/li>\n<li>Ruban orange : L 3 m\u00e8tres environ &#8211; H 5 cm.<\/li>\n<li>Enrouleur avec m\u00e9canisme d&rsquo;auto-freinage avec clip de verrouillage de s\u00e9curit\u00e9.<\/li>\n<li>Base avec couvercle en acier \u00d8 36 cm, poteau \u00d8 6,3 cm, poteau H 100 cm.<\/li>\n<li>Poids total de la colonne : 10 kg &#8211; Le poids assure une plus grande stabilit\u00e9.<\/li>\n<\/ul>\n<p>Le co\u00fbt se r\u00e9f\u00e8re \u00e0 une colonne compl\u00e8te avec enrouleur et ruban orange.<\/p>\n<p>Possibilit\u00e9 de personnaliser le ruban des deux c\u00f4t\u00e9s avec un logo en une ou plusieurs couleurs (contactez-nous pour plus d&rsquo;informations et pour conna\u00eetre les co\u00fbts).<\/p>\n<p>La colonne est disponible avec d&rsquo;autres couleurs de ruban, cliquez <span style=\"color: #ff0000;\"><strong><a style=\"color: #ff0000;\" href=\"https:\/\/www.smartystore.it\/fr\/?s=str-stop80&amp;post_type=product\">ICI<\/a><\/strong><\/span><\/p>\n<p><a href=\"https:\/\/www.smartystore.it\/v25\/wp-content\/uploads\/2026\/01\/STR-STOP80-R-B-N-GN-BR-BI-V-AR-GI-GR.pdf\" target=\"_blank\" rel=\"noopener\"><img loading=\"lazy\" decoding=\"async\" class=\"alignnone size-full wp-image-93672\" src=\"https:\/\/www.smartystore.it\/v25\/wp-content\/uploads\/2023\/11\/LogoDownload_yellow.jpg\" alt=\"\" width=\"50\" height=\"50\"><\/a> <a href=\"https:\/\/www.smartystore.it\/v25\/wp-content\/uploads\/2026\/01\/STR-STOP80-R-B-N-GN-BR-BI-V-AR-GI-GR.pdf\" target=\"_blank\" rel=\"noopener\"><strong>FICHE TECHNIQUE<\/strong><\/a>[\/vc_column_text][\/vc_column][\/vc_row]<\/p>\n<\/div>","protected":false},"excerpt":{"rendered":"<p>Marqueur de colonne noire avec ruban r\u00e9tractable orange de 3 m\u00e8tres.<\/p>\n<p>&nbsp;<\/p>\n","protected":false},"featured_media":94874,"comment_status":"open","ping_status":"closed","template":"","meta":{"_acf_changed":false},"pwb-brand":[],"product_brand":[],"product_cat":[3079,3078],"product_tag":[4259,4258,4262,4261,4268,4263,4264,4260],"class_list":{"0":"post-94876","1":"product","2":"type-product","3":"status-publish","4":"has-post-thumbnail","6":"product_cat-poteau-de-separation-fr","7":"product_cat-poteau-de-separation","8":"product_tag-balisage-des-sentiers","9":"product_tag-colonne-de-marquage","10":"product_tag-colonne-de-marquise-de-3-metres","11":"product_tag-colonne-de-tension-de-bande-flexible-3-metres","12":"product_tag-piquets-avec-bande-orange-amovible-de-3-metres","13":"product_tag-poteau-de-tension-flex-line-3-metres","14":"product_tag-poteaux-de-guidage-de-la-rangee-noire","15":"product_tag-traceur-de-piste-noir","16":"pa_c2c_color-orange","17":"pa_c2c_dimensione-3-metres","18":"pa_c2c_seo_canonical_url-https-www-smartystore-it-it-colonnine-segnapercorso-fr","19":"pa_c2c_trovraprezzi-oui","21":"first","22":"instock","23":"taxable","24":"shipping-taxable","25":"purchasable","26":"product-type-simple"},"acf":[],"yoast_head":"<!-- This site is optimized with the Yoast SEO plugin v27.4 - https:\/\/yoast.com\/product\/yoast-seo-wordpress\/ -->\n<title>Marqueur de colonne NOIR avec ruban orange - Smartystore<\/title>\n<meta name=\"description\" content=\"Marqueur de colonne NOIRE en acier satin\u00e9 avec ruban orange, rallonge de ruban de 3 m\u00e8tres, borne de 100 cm. Achetez en ligne sur Smartystore.\" \/>\n<meta name=\"robots\" content=\"index, follow, max-snippet:-1, max-image-preview:large, max-video-preview:-1\" \/>\n<link rel=\"canonical\" href=\"https:\/\/www.smartystore.it\/fr\/prodotto\/marqueur-de-colonne-noir-avec-ruban-orange\/\" \/>\n<meta property=\"og:locale\" content=\"fr_FR\" \/>\n<meta property=\"og:type\" content=\"article\" \/>\n<meta property=\"og:title\" content=\"Marqueur de colonne NOIR avec ruban orange - Smartystore\" \/>\n<meta property=\"og:description\" content=\"Marqueur de colonne NOIRE en acier satin\u00e9 avec ruban orange, rallonge de ruban de 3 m\u00e8tres, borne de 100 cm. Achetez en ligne sur Smartystore.\" \/>\n<meta property=\"og:url\" content=\"https:\/\/www.smartystore.it\/fr\/prodotto\/marqueur-de-colonne-noir-avec-ruban-orange\/\" \/>\n<meta property=\"og:site_name\" content=\"Smarty Store\" \/>\n<meta property=\"article:modified_time\" content=\"2026-01-29T14:00:15+00:00\" \/>\n<meta property=\"og:image\" content=\"https:\/\/www.smartystore.it\/v25\/wp-content\/uploads\/2017\/07\/Colonnina-segna-percorso-nera-con-nastro-arancione-di-3-metri.jpg\" \/>\n\t<meta property=\"og:image:width\" content=\"1000\" \/>\n\t<meta property=\"og:image:height\" content=\"1000\" \/>\n\t<meta property=\"og:image:type\" content=\"image\/jpeg\" \/>\n<meta name=\"twitter:card\" content=\"summary_large_image\" \/>\n<meta name=\"twitter:label1\" content=\"Dur\u00e9e de lecture estim\u00e9e\" \/>\n\t<meta name=\"twitter:data1\" content=\"4 minutes\" \/>\n<script type=\"application\/ld+json\" class=\"yoast-schema-graph\">{\"@context\":\"https:\\\/\\\/schema.org\",\"@graph\":[{\"@type\":\"WebPage\",\"@id\":\"https:\\\/\\\/www.smartystore.it\\\/fr\\\/prodotto\\\/marqueur-de-colonne-noir-avec-ruban-orange\\\/\",\"url\":\"https:\\\/\\\/www.smartystore.it\\\/fr\\\/prodotto\\\/marqueur-de-colonne-noir-avec-ruban-orange\\\/\",\"name\":\"Marqueur de colonne NOIR avec ruban orange - Smartystore\",\"isPartOf\":{\"@id\":\"https:\\\/\\\/www.smartystore.it\\\/fr\\\/#website\"},\"primaryImageOfPage\":{\"@id\":\"https:\\\/\\\/www.smartystore.it\\\/fr\\\/prodotto\\\/marqueur-de-colonne-noir-avec-ruban-orange\\\/#primaryimage\"},\"image\":{\"@id\":\"https:\\\/\\\/www.smartystore.it\\\/fr\\\/prodotto\\\/marqueur-de-colonne-noir-avec-ruban-orange\\\/#primaryimage\"},\"thumbnailUrl\":\"https:\\\/\\\/www.smartystore.it\\\/v25\\\/wp-content\\\/uploads\\\/2017\\\/07\\\/Colonnina-segna-percorso-nera-con-nastro-arancione-di-3-metri.jpg\",\"datePublished\":\"2017-07-20T13:38:35+00:00\",\"dateModified\":\"2026-01-29T14:00:15+00:00\",\"description\":\"Marqueur de colonne NOIRE en acier satin\u00e9 avec ruban orange, rallonge de ruban de 3 m\u00e8tres, borne de 100 cm. Achetez en ligne sur Smartystore.\",\"breadcrumb\":{\"@id\":\"https:\\\/\\\/www.smartystore.it\\\/fr\\\/prodotto\\\/marqueur-de-colonne-noir-avec-ruban-orange\\\/#breadcrumb\"},\"inLanguage\":\"fr-FR\",\"potentialAction\":[{\"@type\":\"ReadAction\",\"target\":[\"https:\\\/\\\/www.smartystore.it\\\/fr\\\/prodotto\\\/marqueur-de-colonne-noir-avec-ruban-orange\\\/\"]}]},{\"@type\":\"ImageObject\",\"inLanguage\":\"fr-FR\",\"@id\":\"https:\\\/\\\/www.smartystore.it\\\/fr\\\/prodotto\\\/marqueur-de-colonne-noir-avec-ruban-orange\\\/#primaryimage\",\"url\":\"https:\\\/\\\/www.smartystore.it\\\/v25\\\/wp-content\\\/uploads\\\/2017\\\/07\\\/Colonnina-segna-percorso-nera-con-nastro-arancione-di-3-metri.jpg\",\"contentUrl\":\"https:\\\/\\\/www.smartystore.it\\\/v25\\\/wp-content\\\/uploads\\\/2017\\\/07\\\/Colonnina-segna-percorso-nera-con-nastro-arancione-di-3-metri.jpg\",\"width\":1000,\"height\":1000,\"caption\":\"Marqueur de colonne NOIR avec ruban orange\"},{\"@type\":\"BreadcrumbList\",\"@id\":\"https:\\\/\\\/www.smartystore.it\\\/fr\\\/prodotto\\\/marqueur-de-colonne-noir-avec-ruban-orange\\\/#breadcrumb\",\"itemListElement\":[{\"@type\":\"ListItem\",\"position\":1,\"name\":\"Home\",\"item\":\"https:\\\/\\\/www.smartystore.it\\\/fr\\\/\"},{\"@type\":\"ListItem\",\"position\":2,\"name\":\"Boutique\",\"item\":\"https:\\\/\\\/www.smartystore.it\\\/fr\\\/boutique\\\/\"},{\"@type\":\"ListItem\",\"position\":3,\"name\":\"Marqueur de colonne NOIR avec ruban orange\"}]},{\"@type\":\"WebSite\",\"@id\":\"https:\\\/\\\/www.smartystore.it\\\/fr\\\/#website\",\"url\":\"https:\\\/\\\/www.smartystore.it\\\/fr\\\/\",\"name\":\"Smarty Store\",\"description\":\"Espositori Pubblicitari e Sistemi di Comunicazione Visiva\",\"potentialAction\":[{\"@type\":\"SearchAction\",\"target\":{\"@type\":\"EntryPoint\",\"urlTemplate\":\"https:\\\/\\\/www.smartystore.it\\\/fr\\\/?s={search_term_string}\"},\"query-input\":{\"@type\":\"PropertyValueSpecification\",\"valueRequired\":true,\"valueName\":\"search_term_string\"}}],\"inLanguage\":\"fr-FR\"}]}<\/script>\n<!-- \/ Yoast SEO plugin. -->","yoast_head_json":{"title":"Marqueur de colonne NOIR avec ruban orange - Smartystore","description":"Marqueur de colonne NOIRE en acier satin\u00e9 avec ruban orange, rallonge de ruban de 3 m\u00e8tres, borne de 100 cm. Achetez en ligne sur Smartystore.","robots":{"index":"index","follow":"follow","max-snippet":"max-snippet:-1","max-image-preview":"max-image-preview:large","max-video-preview":"max-video-preview:-1"},"canonical":"https:\/\/www.smartystore.it\/fr\/prodotto\/marqueur-de-colonne-noir-avec-ruban-orange\/","og_locale":"fr_FR","og_type":"article","og_title":"Marqueur de colonne NOIR avec ruban orange - Smartystore","og_description":"Marqueur de colonne NOIRE en acier satin\u00e9 avec ruban orange, rallonge de ruban de 3 m\u00e8tres, borne de 100 cm. Achetez en ligne sur Smartystore.","og_url":"https:\/\/www.smartystore.it\/fr\/prodotto\/marqueur-de-colonne-noir-avec-ruban-orange\/","og_site_name":"Smarty Store","article_modified_time":"2026-01-29T14:00:15+00:00","og_image":[{"width":1000,"height":1000,"url":"https:\/\/www.smartystore.it\/v25\/wp-content\/uploads\/2017\/07\/Colonnina-segna-percorso-nera-con-nastro-arancione-di-3-metri.jpg","type":"image\/jpeg"}],"twitter_card":"summary_large_image","twitter_misc":{"Dur\u00e9e de lecture estim\u00e9e":"4 minutes"},"schema":{"@context":"https:\/\/schema.org","@graph":[{"@type":"WebPage","@id":"https:\/\/www.smartystore.it\/fr\/prodotto\/marqueur-de-colonne-noir-avec-ruban-orange\/","url":"https:\/\/www.smartystore.it\/fr\/prodotto\/marqueur-de-colonne-noir-avec-ruban-orange\/","name":"Marqueur de colonne NOIR avec ruban orange - Smartystore","isPartOf":{"@id":"https:\/\/www.smartystore.it\/fr\/#website"},"primaryImageOfPage":{"@id":"https:\/\/www.smartystore.it\/fr\/prodotto\/marqueur-de-colonne-noir-avec-ruban-orange\/#primaryimage"},"image":{"@id":"https:\/\/www.smartystore.it\/fr\/prodotto\/marqueur-de-colonne-noir-avec-ruban-orange\/#primaryimage"},"thumbnailUrl":"https:\/\/www.smartystore.it\/v25\/wp-content\/uploads\/2017\/07\/Colonnina-segna-percorso-nera-con-nastro-arancione-di-3-metri.jpg","datePublished":"2017-07-20T13:38:35+00:00","dateModified":"2026-01-29T14:00:15+00:00","description":"Marqueur de colonne NOIRE en acier satin\u00e9 avec ruban orange, rallonge de ruban de 3 m\u00e8tres, borne de 100 cm. Achetez en ligne sur Smartystore.","breadcrumb":{"@id":"https:\/\/www.smartystore.it\/fr\/prodotto\/marqueur-de-colonne-noir-avec-ruban-orange\/#breadcrumb"},"inLanguage":"fr-FR","potentialAction":[{"@type":"ReadAction","target":["https:\/\/www.smartystore.it\/fr\/prodotto\/marqueur-de-colonne-noir-avec-ruban-orange\/"]}]},{"@type":"ImageObject","inLanguage":"fr-FR","@id":"https:\/\/www.smartystore.it\/fr\/prodotto\/marqueur-de-colonne-noir-avec-ruban-orange\/#primaryimage","url":"https:\/\/www.smartystore.it\/v25\/wp-content\/uploads\/2017\/07\/Colonnina-segna-percorso-nera-con-nastro-arancione-di-3-metri.jpg","contentUrl":"https:\/\/www.smartystore.it\/v25\/wp-content\/uploads\/2017\/07\/Colonnina-segna-percorso-nera-con-nastro-arancione-di-3-metri.jpg","width":1000,"height":1000,"caption":"Marqueur de colonne NOIR avec ruban orange"},{"@type":"BreadcrumbList","@id":"https:\/\/www.smartystore.it\/fr\/prodotto\/marqueur-de-colonne-noir-avec-ruban-orange\/#breadcrumb","itemListElement":[{"@type":"ListItem","position":1,"name":"Home","item":"https:\/\/www.smartystore.it\/fr\/"},{"@type":"ListItem","position":2,"name":"Boutique","item":"https:\/\/www.smartystore.it\/fr\/boutique\/"},{"@type":"ListItem","position":3,"name":"Marqueur de colonne NOIR avec ruban orange"}]},{"@type":"WebSite","@id":"https:\/\/www.smartystore.it\/fr\/#website","url":"https:\/\/www.smartystore.it\/fr\/","name":"Smarty Store","description":"Espositori Pubblicitari e Sistemi di Comunicazione Visiva","potentialAction":[{"@type":"SearchAction","target":{"@type":"EntryPoint","urlTemplate":"https:\/\/www.smartystore.it\/fr\/?s={search_term_string}"},"query-input":{"@type":"PropertyValueSpecification","valueRequired":true,"valueName":"search_term_string"}}],"inLanguage":"fr-FR"}]}},"brands":[],"_links":{"self":[{"href":"https:\/\/www.smartystore.it\/fr\/wp-json\/wp\/v2\/product\/94876","targetHints":{"allow":["GET"]}}],"collection":[{"href":"https:\/\/www.smartystore.it\/fr\/wp-json\/wp\/v2\/product"}],"about":[{"href":"https:\/\/www.smartystore.it\/fr\/wp-json\/wp\/v2\/types\/product"}],"replies":[{"embeddable":true,"href":"https:\/\/www.smartystore.it\/fr\/wp-json\/wp\/v2\/comments?post=94876"}],"wp:featuredmedia":[{"embeddable":true,"href":"https:\/\/www.smartystore.it\/fr\/wp-json\/wp\/v2\/media\/94874"}],"wp:attachment":[{"href":"https:\/\/www.smartystore.it\/fr\/wp-json\/wp\/v2\/media?parent=94876"}],"wp:term":[{"taxonomy":"pwb-brand","embeddable":true,"href":"https:\/\/www.smartystore.it\/fr\/wp-json\/wp\/v2\/pwb-brand?post=94876"},{"taxonomy":"product_brand","embeddable":true,"href":"https:\/\/www.smartystore.it\/fr\/wp-json\/wp\/v2\/product_brand?post=94876"},{"taxonomy":"product_cat","embeddable":true,"href":"https:\/\/www.smartystore.it\/fr\/wp-json\/wp\/v2\/product_cat?post=94876"},{"taxonomy":"product_tag","embeddable":true,"href":"https:\/\/www.smartystore.it\/fr\/wp-json\/wp\/v2\/product_tag?post=94876"}],"curies":[{"name":"wp","href":"https:\/\/api.w.org\/{rel}","templated":true}]}}