{"id":94861,"date":"2018-02-28T12:25:05","date_gmt":"2018-02-28T10:25:05","guid":{"rendered":"https:\/\/www.smartystore.it\/prodotto\/marqueur-de-colonne-noir-avec-ruban-jaune\/"},"modified":"2025-08-21T13:10:27","modified_gmt":"2025-08-21T11:10:27","slug":"marqueur-de-colonne-noir-avec-ruban-jaune","status":"publish","type":"product","link":"https:\/\/www.smartystore.it\/fr\/prodotto\/marqueur-de-colonne-noir-avec-ruban-jaune\/","title":{"rendered":"Marqueur de colonne NOIR avec ruban jaune"},"content":{"rendered":"<div class=\"wpb-content-wrapper\"><p>[vc_row][vc_column][vc_column_text css=\u00a0\u00bb\u00a0\u00bb css_params=\u00a0\u00bb\u00a0\u00bb]<\/p>\n<h2>Marqueur de colonne NOIRE avec bande jaune : une infrastructure efficace pour la gestion du flux de pi\u00e9tons<\/h2>\n<p>La Marqueur de colonne NOIRE avec bande jaune est une solution innovante et polyvalente pour r\u00e9guler le flux de personnes dans divers lieux publics, notamment les centres commerciaux, les mus\u00e9es, les centres de congr\u00e8s et autres espaces tr\u00e8s fr\u00e9quent\u00e9s. Fabriqu\u00e9e en acier bross\u00e9 noir satin\u00e9, cette borne offre non seulement un design \u00e9l\u00e9gant et moderne, mais garantit \u00e9galement robustesse et durabilit\u00e9. <\/p>\n<p>Le ruban jaune mesure environ 3 m\u00e8tres de long et 5 cm de haut, offrant une visibilit\u00e9 imm\u00e9diate et claire aux utilisateurs. Ce choix de couleur attire l&rsquo;attention et guide les gens vers les chemins souhait\u00e9s, am\u00e9liorant ainsi la gestion de l&rsquo;espace et contribuant \u00e0 cr\u00e9er un environnement ordonn\u00e9 et s\u00fbr. <\/p>\n<p>La bande est \u00e9quip\u00e9e d&rsquo;un enrouleur dot\u00e9 d&rsquo;un m\u00e9canisme d&rsquo;auto-freinage, qui garantit un fonctionnement souple et contr\u00f4l\u00e9. En outre, le clip de verrouillage de s\u00e9curit\u00e9 emp\u00eache le d\u00e9roulement soudain de la bande, offrant ainsi un niveau de protection suppl\u00e9mentaire. <\/p>\n<p>La structure de la colonne est con\u00e7ue pour \u00eatre stable et r\u00e9sistante. La base, avec un couvercle en acier de 36 cm de diam\u00e8tre, et le poteau de 6,3 cm de diam\u00e8tre supportent une hauteur totale de 100 cm. Pesant 10 kg, le poteau offre une stabilit\u00e9 sup\u00e9rieure, r\u00e9duisant le risque de basculement, m\u00eame en cas de forts courants d&rsquo;air ou d&rsquo;interaction accidentelle.  <\/p>\n<h3>Personnalisation<\/h3>\n<p>L&rsquo;un des aspects distinctifs de la borne BLACK est la possibilit\u00e9 de personnaliser le ruban des deux c\u00f4t\u00e9s avec un logo unicolore ou multicolore. Cette caract\u00e9ristique permet non seulement d&rsquo;adapter la borne \u00e0 l&rsquo;identit\u00e9 visuelle de l&rsquo;entreprise ou de l&rsquo;organisation, mais aussi de renforcer la notori\u00e9t\u00e9 de la marque dans un contexte public. <\/p>\n<p>Dans l&rsquo;ensemble, la balise NOIRE avec bande jaune est un dispositif essentiel pour la gestion efficace des flux de personnes. La combinaison de mat\u00e9riaux de haute qualit\u00e9, d&rsquo;un design fonctionnel et de possibilit\u00e9s de personnalisation en fait un choix id\u00e9al pour toutes les installations qui requi\u00e8rent organisation et s\u00e9curit\u00e9 dans le mouvement des visiteurs. Investir dans cette solution, c&rsquo;est investir dans un environnement plus ordonn\u00e9 et une meilleure exp\u00e9rience pour tous.  <\/p>\n<h3>CARACT\u00c9RISTIQUES<\/h3>\n<ol>\n<li>Marqueur de colonne en acier noir bross\u00e9 satin\u00e9.<\/li>\n<li>Ruban jaune : L 3 m\u00e8tres environ &#8211; H 5 cm.<\/li>\n<li>Enrouleur avec m\u00e9canisme d&rsquo;auto-freinage avec clip de verrouillage de s\u00e9curit\u00e9.<\/li>\n<li>Base avec couvercle en acier \u00d8 36 cm, poteau \u00d8 6,3 cm, poteau H 100 cm.<\/li>\n<li>Poids total de la colonne : 10 kg &#8211; Le poids assure une plus grande stabilit\u00e9.<\/li>\n<\/ol>\n<p>Le co\u00fbt se r\u00e9f\u00e8re \u00e0 une colonne compl\u00e8te avec une bobine de ruban jaune.<\/p>\n<p>Possibilit\u00e9 de personnaliser le ruban des deux c\u00f4t\u00e9s avec un logo en une ou plusieurs couleurs (contactez-nous pour plus d&rsquo;informations et pour conna\u00eetre les co\u00fbts).<\/p>\n<p>La colonne est disponible dans d&rsquo;autres couleurs de ruban, cliquez <span style=\"color: #ff0000;\"><strong><a style=\"color: #ff0000;\" href=\"https:\/\/www.smartystore.it\/fr\/?s=str-stop80&amp;post_type=product\">ICI<\/a><\/strong><\/span><\/p>\n<p>&nbsp;<\/p>\n<p><a href=\"https:\/\/www.smartystore.it\/v25\/wp-content\/uploads\/2015\/09\/STR-STOP80-R-B-N-GN-BR-BI-V-AR-GI.pdf\" target=\"_blank\" rel=\"noopener\"><img loading=\"lazy\" decoding=\"async\" class=\"alignnone size-full wp-image-93510\" src=\"https:\/\/www.smartystore.it\/v25\/wp-content\/uploads\/2014\/10\/SchedaTecnica-300-e1750084266903.png\" alt=\"\" width=\"249\" height=\"63\"><\/a>[\/vc_column_text][\/vc_column][\/vc_row]<\/p>\n<\/div>","protected":false},"excerpt":{"rendered":"<p>Marqueur de colonne noire avec ruban jaune r\u00e9tractable de 3 m\u00e8tres.<\/p>\n<p>&nbsp;<\/p>\n","protected":false},"featured_media":94854,"comment_status":"open","ping_status":"closed","template":"","meta":{"_acf_changed":false},"pwb-brand":[],"product_brand":[],"product_cat":[3078,3079],"product_tag":[4259,4258,4262,4261,4265,4263,4264,4260],"class_list":{"0":"post-94861","1":"product","2":"type-product","3":"status-publish","4":"has-post-thumbnail","6":"product_cat-poteau-de-separation","7":"product_cat-poteau-de-separation-fr","8":"product_tag-balisage-des-sentiers","9":"product_tag-colonne-de-marquage","10":"product_tag-colonne-de-marquise-de-3-metres","11":"product_tag-colonne-de-tension-de-bande-flexible-3-metres","12":"product_tag-piquets-avec-bande-amovible-de-3-metres","13":"product_tag-poteau-de-tension-flex-line-3-metres","14":"product_tag-poteaux-de-guidage-de-la-rangee-noire","15":"product_tag-traceur-de-piste-noir","16":"pa_c2c_color-jaune","17":"pa_c2c_dimensione-3-metres","18":"pa_c2c_seo_canonical_url-https-www-smartystore-it-it-colonnine-segnapercorso-fr","19":"pa_c2c_trovraprezzi-oui","21":"first","22":"instock","23":"taxable","24":"shipping-taxable","25":"purchasable","26":"product-type-simple"},"acf":[],"yoast_head":"<!-- This site is optimized with the Yoast SEO plugin v27.4 - https:\/\/yoast.com\/product\/yoast-seo-wordpress\/ -->\n<title>Piquet de piste NOIR avec ruban jaune - Smartystore<\/title>\n<meta name=\"description\" content=\"Colonne de balisage NOIRE avec ruban en acier satin\u00e9 jaune, rallonge de 3 m\u00e8tres, hauteur 100cm. Achetez en ligne sur Smartystore.\" \/>\n<meta name=\"robots\" content=\"index, follow, max-snippet:-1, max-image-preview:large, max-video-preview:-1\" \/>\n<link rel=\"canonical\" href=\"https:\/\/www.smartystore.it\/fr\/prodotto\/marqueur-de-colonne-noir-avec-ruban-jaune\/\" \/>\n<meta property=\"og:locale\" content=\"fr_FR\" \/>\n<meta property=\"og:type\" content=\"article\" \/>\n<meta property=\"og:title\" content=\"Piquet de piste NOIR avec ruban jaune - Smartystore\" \/>\n<meta property=\"og:description\" content=\"Colonne de balisage NOIRE avec ruban en acier satin\u00e9 jaune, rallonge de 3 m\u00e8tres, hauteur 100cm. Achetez en ligne sur Smartystore.\" \/>\n<meta property=\"og:url\" content=\"https:\/\/www.smartystore.it\/fr\/prodotto\/marqueur-de-colonne-noir-avec-ruban-jaune\/\" \/>\n<meta property=\"og:site_name\" content=\"Smarty Store\" \/>\n<meta property=\"article:modified_time\" content=\"2025-08-21T11:10:27+00:00\" \/>\n<meta property=\"og:image\" content=\"https:\/\/www.smartystore.it\/v25\/wp-content\/uploads\/2018\/02\/Colonnina-segna-percorso-nera-con-nastro-giallo-di-3-metri.jpg\" \/>\n\t<meta property=\"og:image:width\" content=\"1000\" \/>\n\t<meta property=\"og:image:height\" content=\"1000\" \/>\n\t<meta property=\"og:image:type\" content=\"image\/jpeg\" \/>\n<meta name=\"twitter:card\" content=\"summary_large_image\" \/>\n<meta name=\"twitter:label1\" content=\"Dur\u00e9e de lecture estim\u00e9e\" \/>\n\t<meta name=\"twitter:data1\" content=\"3 minutes\" \/>\n<script type=\"application\/ld+json\" class=\"yoast-schema-graph\">{\"@context\":\"https:\\\/\\\/schema.org\",\"@graph\":[{\"@type\":\"WebPage\",\"@id\":\"https:\\\/\\\/www.smartystore.it\\\/fr\\\/prodotto\\\/marqueur-de-colonne-noir-avec-ruban-jaune\\\/\",\"url\":\"https:\\\/\\\/www.smartystore.it\\\/fr\\\/prodotto\\\/marqueur-de-colonne-noir-avec-ruban-jaune\\\/\",\"name\":\"Piquet de piste NOIR avec ruban jaune - Smartystore\",\"isPartOf\":{\"@id\":\"https:\\\/\\\/www.smartystore.it\\\/fr\\\/#website\"},\"primaryImageOfPage\":{\"@id\":\"https:\\\/\\\/www.smartystore.it\\\/fr\\\/prodotto\\\/marqueur-de-colonne-noir-avec-ruban-jaune\\\/#primaryimage\"},\"image\":{\"@id\":\"https:\\\/\\\/www.smartystore.it\\\/fr\\\/prodotto\\\/marqueur-de-colonne-noir-avec-ruban-jaune\\\/#primaryimage\"},\"thumbnailUrl\":\"https:\\\/\\\/www.smartystore.it\\\/v25\\\/wp-content\\\/uploads\\\/2018\\\/02\\\/Colonnina-segna-percorso-nera-con-nastro-giallo-di-3-metri.jpg\",\"datePublished\":\"2018-02-28T10:25:05+00:00\",\"dateModified\":\"2025-08-21T11:10:27+00:00\",\"description\":\"Colonne de balisage NOIRE avec ruban en acier satin\u00e9 jaune, rallonge de 3 m\u00e8tres, hauteur 100cm. Achetez en ligne sur Smartystore.\",\"breadcrumb\":{\"@id\":\"https:\\\/\\\/www.smartystore.it\\\/fr\\\/prodotto\\\/marqueur-de-colonne-noir-avec-ruban-jaune\\\/#breadcrumb\"},\"inLanguage\":\"fr-FR\",\"potentialAction\":[{\"@type\":\"ReadAction\",\"target\":[\"https:\\\/\\\/www.smartystore.it\\\/fr\\\/prodotto\\\/marqueur-de-colonne-noir-avec-ruban-jaune\\\/\"]}]},{\"@type\":\"ImageObject\",\"inLanguage\":\"fr-FR\",\"@id\":\"https:\\\/\\\/www.smartystore.it\\\/fr\\\/prodotto\\\/marqueur-de-colonne-noir-avec-ruban-jaune\\\/#primaryimage\",\"url\":\"https:\\\/\\\/www.smartystore.it\\\/v25\\\/wp-content\\\/uploads\\\/2018\\\/02\\\/Colonnina-segna-percorso-nera-con-nastro-giallo-di-3-metri.jpg\",\"contentUrl\":\"https:\\\/\\\/www.smartystore.it\\\/v25\\\/wp-content\\\/uploads\\\/2018\\\/02\\\/Colonnina-segna-percorso-nera-con-nastro-giallo-di-3-metri.jpg\",\"width\":1000,\"height\":1000,\"caption\":\"Marqueur de colonne NOIR avec ruban jaune\"},{\"@type\":\"BreadcrumbList\",\"@id\":\"https:\\\/\\\/www.smartystore.it\\\/fr\\\/prodotto\\\/marqueur-de-colonne-noir-avec-ruban-jaune\\\/#breadcrumb\",\"itemListElement\":[{\"@type\":\"ListItem\",\"position\":1,\"name\":\"Home\",\"item\":\"https:\\\/\\\/www.smartystore.it\\\/fr\\\/\"},{\"@type\":\"ListItem\",\"position\":2,\"name\":\"Boutique\",\"item\":\"https:\\\/\\\/www.smartystore.it\\\/fr\\\/boutique\\\/\"},{\"@type\":\"ListItem\",\"position\":3,\"name\":\"Marqueur de colonne NOIR avec ruban jaune\"}]},{\"@type\":\"WebSite\",\"@id\":\"https:\\\/\\\/www.smartystore.it\\\/fr\\\/#website\",\"url\":\"https:\\\/\\\/www.smartystore.it\\\/fr\\\/\",\"name\":\"Smarty Store\",\"description\":\"Espositori Pubblicitari e Sistemi di Comunicazione Visiva\",\"potentialAction\":[{\"@type\":\"SearchAction\",\"target\":{\"@type\":\"EntryPoint\",\"urlTemplate\":\"https:\\\/\\\/www.smartystore.it\\\/fr\\\/?s={search_term_string}\"},\"query-input\":{\"@type\":\"PropertyValueSpecification\",\"valueRequired\":true,\"valueName\":\"search_term_string\"}}],\"inLanguage\":\"fr-FR\"}]}<\/script>\n<!-- \/ Yoast SEO plugin. -->","yoast_head_json":{"title":"Piquet de piste NOIR avec ruban jaune - Smartystore","description":"Colonne de balisage NOIRE avec ruban en acier satin\u00e9 jaune, rallonge de 3 m\u00e8tres, hauteur 100cm. Achetez en ligne sur Smartystore.","robots":{"index":"index","follow":"follow","max-snippet":"max-snippet:-1","max-image-preview":"max-image-preview:large","max-video-preview":"max-video-preview:-1"},"canonical":"https:\/\/www.smartystore.it\/fr\/prodotto\/marqueur-de-colonne-noir-avec-ruban-jaune\/","og_locale":"fr_FR","og_type":"article","og_title":"Piquet de piste NOIR avec ruban jaune - Smartystore","og_description":"Colonne de balisage NOIRE avec ruban en acier satin\u00e9 jaune, rallonge de 3 m\u00e8tres, hauteur 100cm. Achetez en ligne sur Smartystore.","og_url":"https:\/\/www.smartystore.it\/fr\/prodotto\/marqueur-de-colonne-noir-avec-ruban-jaune\/","og_site_name":"Smarty Store","article_modified_time":"2025-08-21T11:10:27+00:00","og_image":[{"width":1000,"height":1000,"url":"https:\/\/www.smartystore.it\/v25\/wp-content\/uploads\/2018\/02\/Colonnina-segna-percorso-nera-con-nastro-giallo-di-3-metri.jpg","type":"image\/jpeg"}],"twitter_card":"summary_large_image","twitter_misc":{"Dur\u00e9e de lecture estim\u00e9e":"3 minutes"},"schema":{"@context":"https:\/\/schema.org","@graph":[{"@type":"WebPage","@id":"https:\/\/www.smartystore.it\/fr\/prodotto\/marqueur-de-colonne-noir-avec-ruban-jaune\/","url":"https:\/\/www.smartystore.it\/fr\/prodotto\/marqueur-de-colonne-noir-avec-ruban-jaune\/","name":"Piquet de piste NOIR avec ruban jaune - Smartystore","isPartOf":{"@id":"https:\/\/www.smartystore.it\/fr\/#website"},"primaryImageOfPage":{"@id":"https:\/\/www.smartystore.it\/fr\/prodotto\/marqueur-de-colonne-noir-avec-ruban-jaune\/#primaryimage"},"image":{"@id":"https:\/\/www.smartystore.it\/fr\/prodotto\/marqueur-de-colonne-noir-avec-ruban-jaune\/#primaryimage"},"thumbnailUrl":"https:\/\/www.smartystore.it\/v25\/wp-content\/uploads\/2018\/02\/Colonnina-segna-percorso-nera-con-nastro-giallo-di-3-metri.jpg","datePublished":"2018-02-28T10:25:05+00:00","dateModified":"2025-08-21T11:10:27+00:00","description":"Colonne de balisage NOIRE avec ruban en acier satin\u00e9 jaune, rallonge de 3 m\u00e8tres, hauteur 100cm. Achetez en ligne sur Smartystore.","breadcrumb":{"@id":"https:\/\/www.smartystore.it\/fr\/prodotto\/marqueur-de-colonne-noir-avec-ruban-jaune\/#breadcrumb"},"inLanguage":"fr-FR","potentialAction":[{"@type":"ReadAction","target":["https:\/\/www.smartystore.it\/fr\/prodotto\/marqueur-de-colonne-noir-avec-ruban-jaune\/"]}]},{"@type":"ImageObject","inLanguage":"fr-FR","@id":"https:\/\/www.smartystore.it\/fr\/prodotto\/marqueur-de-colonne-noir-avec-ruban-jaune\/#primaryimage","url":"https:\/\/www.smartystore.it\/v25\/wp-content\/uploads\/2018\/02\/Colonnina-segna-percorso-nera-con-nastro-giallo-di-3-metri.jpg","contentUrl":"https:\/\/www.smartystore.it\/v25\/wp-content\/uploads\/2018\/02\/Colonnina-segna-percorso-nera-con-nastro-giallo-di-3-metri.jpg","width":1000,"height":1000,"caption":"Marqueur de colonne NOIR avec ruban jaune"},{"@type":"BreadcrumbList","@id":"https:\/\/www.smartystore.it\/fr\/prodotto\/marqueur-de-colonne-noir-avec-ruban-jaune\/#breadcrumb","itemListElement":[{"@type":"ListItem","position":1,"name":"Home","item":"https:\/\/www.smartystore.it\/fr\/"},{"@type":"ListItem","position":2,"name":"Boutique","item":"https:\/\/www.smartystore.it\/fr\/boutique\/"},{"@type":"ListItem","position":3,"name":"Marqueur de colonne NOIR avec ruban jaune"}]},{"@type":"WebSite","@id":"https:\/\/www.smartystore.it\/fr\/#website","url":"https:\/\/www.smartystore.it\/fr\/","name":"Smarty Store","description":"Espositori Pubblicitari e Sistemi di Comunicazione Visiva","potentialAction":[{"@type":"SearchAction","target":{"@type":"EntryPoint","urlTemplate":"https:\/\/www.smartystore.it\/fr\/?s={search_term_string}"},"query-input":{"@type":"PropertyValueSpecification","valueRequired":true,"valueName":"search_term_string"}}],"inLanguage":"fr-FR"}]}},"brands":[],"_links":{"self":[{"href":"https:\/\/www.smartystore.it\/fr\/wp-json\/wp\/v2\/product\/94861","targetHints":{"allow":["GET"]}}],"collection":[{"href":"https:\/\/www.smartystore.it\/fr\/wp-json\/wp\/v2\/product"}],"about":[{"href":"https:\/\/www.smartystore.it\/fr\/wp-json\/wp\/v2\/types\/product"}],"replies":[{"embeddable":true,"href":"https:\/\/www.smartystore.it\/fr\/wp-json\/wp\/v2\/comments?post=94861"}],"wp:featuredmedia":[{"embeddable":true,"href":"https:\/\/www.smartystore.it\/fr\/wp-json\/wp\/v2\/media\/94854"}],"wp:attachment":[{"href":"https:\/\/www.smartystore.it\/fr\/wp-json\/wp\/v2\/media?parent=94861"}],"wp:term":[{"taxonomy":"pwb-brand","embeddable":true,"href":"https:\/\/www.smartystore.it\/fr\/wp-json\/wp\/v2\/pwb-brand?post=94861"},{"taxonomy":"product_brand","embeddable":true,"href":"https:\/\/www.smartystore.it\/fr\/wp-json\/wp\/v2\/product_brand?post=94861"},{"taxonomy":"product_cat","embeddable":true,"href":"https:\/\/www.smartystore.it\/fr\/wp-json\/wp\/v2\/product_cat?post=94861"},{"taxonomy":"product_tag","embeddable":true,"href":"https:\/\/www.smartystore.it\/fr\/wp-json\/wp\/v2\/product_tag?post=94861"}],"curies":[{"name":"wp","href":"https:\/\/api.w.org\/{rel}","templated":true}]}}