{"id":94771,"date":"2014-03-25T15:55:06","date_gmt":"2014-03-25T13:55:06","guid":{"rendered":"https:\/\/www.smartystore.it\/prodotto\/cadre-a-encliqueter-70x100-cadre-25-a-angle-vif\/"},"modified":"2025-08-01T16:02:37","modified_gmt":"2025-08-01T14:02:37","slug":"cadre-a-encliqueter-70x100-cadre-25-a-angle-vif","status":"publish","type":"product","link":"https:\/\/www.smartystore.it\/fr\/prodotto\/cadre-a-encliqueter-70x100-cadre-25-a-angle-vif\/","title":{"rendered":"Cadre \u00e0 encliqueter 70&#215;100 Cadre 25 \u00e0 angle vif"},"content":{"rendered":"<h3>Cadre \u00e0 encliqueter 70&#215;100 Cadre 25 \u00e0 angle vif<\/h3>\n<p>Le Cadre \u00e0 encliqueter 70&#215;100 Cadre 25 \u00e0 angle vif, caract\u00e9ris\u00e9 par un design \u00e9l\u00e9gant et fonctionnel, est la solution id\u00e9ale pour exposer des \u0153uvres d&rsquo;art, des affiches publicitaires ou des photographies de grand format. Gr\u00e2ce \u00e0 son profil mince et \u00e0 son angle aigu, ce cadre offre un aspect moderne et raffin\u00e9, parfait pour les environnements r\u00e9sidentiels et commerciaux.<\/p>\n<p>Fabriqu\u00e9 en aluminium de haute qualit\u00e9, le cadre 70&#215;100 Frame 25 \u00e0 angle vif garantit non seulement la l\u00e9g\u00e8ret\u00e9 et la facilit\u00e9 d&rsquo;installation, mais aussi une remarquable durabilit\u00e9. Le syst\u00e8me d&rsquo;encliquetage permet de remplacer facilement le contenu, ce qui rend l&rsquo;op\u00e9ration rapide et simple. En outre, la pr\u00e9sence d&rsquo;un PVC transparent antireflet assure une protection efficace des imprim\u00e9s, les pr\u00e9servant de la poussi\u00e8re, de l&rsquo;humidit\u00e9 et des dommages physiques. Cette caract\u00e9ristique est essentielle pour maintenir la qualit\u00e9 visuelle de l&rsquo;affiche, en \u00e9vitant les reflets g\u00eanants qui pourraient compromettre la lisibilit\u00e9 et l&rsquo;appr\u00e9ciation de l&rsquo;image.<\/p>\n<p>Le cadre est con\u00e7u pour \u00eatre facilement fix\u00e9 au mur \u00e0 l&rsquo;aide des vis et des chevilles fournies, offrant ainsi une polyvalence d&rsquo;affichage dans diff\u00e9rents contextes, tels que les galeries d&rsquo;art, les bureaux, les magasins et les habitations priv\u00e9es. En r\u00e9sum\u00e9, le cadre mural pour affiches 70&#215;100 en aluminium n&rsquo;est pas seulement un accessoire fonctionnel, mais aussi un \u00e9l\u00e9ment d\u00e9coratif qui met en valeur n&rsquo;importe quel espace.<\/p>\n<h3>Caract\u00e9ristiques du cadre Snap<\/h3>\n<ul>\n<li>Cadre d&rsquo;encliquetage mural.<\/li>\n<li>Le coin du direct.<\/li>\n<li>Trous au dos pour une application murale.<\/li>\n<li>Feuille de protection en PVC antireflet.<\/li>\n<li>Profil du cadre : Cadre 25 (largeur des bords mm.25).<\/li>\n<li>Taille de l&rsquo;impression : 70 x 100.<\/li>\n<li>Mat\u00e9riau du cadre : aluminium<\/li>\n<li>Mat\u00e9riau du fond : polistyr\u00e8ne.<\/li>\n<li>Couleur : aluminium anodis\u00e9.<\/li>\n<li>Surface visible : 68 x 98 cm.<\/li>\n<li>Dimensions effectives du cadre : 73,1 x 103,1 cm.<\/li>\n<li>Poids du cadre : 2,20 kg.<\/li>\n<li>Fourni avec des chevilles pour le montage mural.<\/li>\n<\/ul>\n<p>Le cadre 70&#215;100 Frame 25 sharp corner est \u00e9galement disponible en version round corner &#8211; <span style=\"color: #ff0000;\"><strong><a style=\"color: #ff0000;\" href=\"https:\/\/www.smartystore.it\/fr\/prodotto\/cadre-a-encliqueter-70x100-coin-rond-fr25\/\">LINK<\/a> <\/strong><\/span>-, dans la version plus robuste Frame 32 &#8211; <strong><span style=\"color: #ff0000;\"><a style=\"color: #ff0000;\" href=\"https:\/\/www.smartystore.it\/fr\/prodotto\/cadre-mural-encliquetable-70x100-cadre-32\/\">LIEN<\/a> <\/span><\/strong>&#8211; et en version vitrine, donc visible des deux c\u00f4t\u00e9s &#8211; <strong><span style=\"color: #ff0000;\"><a style=\"color: #ff0000;\" href=\"https:\/\/www.smartystore.it\/prodotto\/cornice-a-scatto-bifacciale-da-vetro-frame-25-angolo-vivo-70x100\/\">LIEN<\/a> <\/span><\/strong>-.<\/p>\n<p>&nbsp;<\/p>\n<p><a href=\"https:\/\/www.smartystore.it\/v25\/wp-content\/uploads\/2014\/03\/STR-CRPT11-12-18-14-15-16.pdf\" target=\"_blank\" rel=\"noopener\"><img loading=\"lazy\" decoding=\"async\" class=\"alignnone size-full wp-image-93510\" src=\"https:\/\/www.smartystore.it\/v25\/wp-content\/uploads\/2014\/10\/SchedaTecnica-300-e1750084266903.png\" alt=\"\" width=\"249\" height=\"63\" \/><\/a><\/p>\n<p>&nbsp;<\/p>\n","protected":false},"excerpt":{"rendered":"<p>Cadre \u00e0 clipser en aluminium \u00e0 angle vif 70&#215;100 &#8211; Cadre 25. Feuille de PVC anti-reflet et vis et chevilles fournies.<\/p>\n","protected":false},"featured_media":94772,"comment_status":"open","ping_status":"closed","template":"","meta":{"_acf_changed":false},"pwb-brand":[],"product_brand":[3872],"product_cat":[3008,2912],"product_tag":[4105,4091,4090,4085,4086,4092,4093,4087,4089,4106],"class_list":{"0":"post-94771","1":"product","2":"type-product","3":"status-publish","4":"has-post-thumbnail","6":"product_brand-smartystore","7":"product_cat-cadres-clic-clac","8":"product_cat-cadres-instantanes","9":"product_tag-cadre-a-clipser-70x100-angle-vif","10":"product_tag-cadre-a-clipser-en-aluminium-70x100","11":"product_tag-cadre-a-clipser-vertical-et-horizontal-70x100","12":"product_tag-cadre-a-encliqueter-70x100","13":"product_tag-cadre-click-clac-70x100","14":"product_tag-cadre-click-clack-70x100","15":"product_tag-cadre-daffichage-70x100","16":"product_tag-cadre-mural-encliquetable-70x100","17":"product_tag-cadres-a-clipser-70x100","18":"product_tag-cadres-clipses-70x100-angles-vifs","19":"pa_c2c_angolo-vif","20":"pa_c2c_color-argent","21":"pa_c2c_dimensione-70x100-cm","22":"pa_c2c_mono_bifacciale-simple-face","23":"pa_c2c_trovraprezzi-oui","25":"first","26":"instock","27":"taxable","28":"shipping-taxable","29":"purchasable","30":"product-type-simple"},"acf":[],"yoast_head":"<!-- This site is optimized with the Yoast SEO plugin v27.4 - https:\/\/yoast.com\/product\/yoast-seo-wordpress\/ -->\n<title>Cadre \u00e0 encliqueter 70x100 Cadre 25 \u00e0 angle vif<\/title>\n<meta name=\"description\" content=\"Cadre \u00e0 encliqueter 70x100 Cadre 25 \u00e0 angle vif. Achetez des cadres muraux pour les utiliser comme syst\u00e8mes de communication modernes.\" \/>\n<meta name=\"robots\" content=\"index, follow, max-snippet:-1, max-image-preview:large, max-video-preview:-1\" \/>\n<link rel=\"canonical\" href=\"https:\/\/www.smartystore.it\/fr\/prodotto\/cadre-a-encliqueter-70x100-cadre-25-a-angle-vif\/\" \/>\n<meta property=\"og:locale\" content=\"fr_FR\" \/>\n<meta property=\"og:type\" content=\"article\" \/>\n<meta property=\"og:title\" content=\"Cadre \u00e0 encliqueter 70x100 Cadre 25 \u00e0 angle vif\" \/>\n<meta property=\"og:description\" content=\"Cadre \u00e0 encliqueter 70x100 Cadre 25 \u00e0 angle vif. Achetez des cadres muraux pour les utiliser comme syst\u00e8mes de communication modernes.\" \/>\n<meta property=\"og:url\" content=\"https:\/\/www.smartystore.it\/fr\/prodotto\/cadre-a-encliqueter-70x100-cadre-25-a-angle-vif\/\" \/>\n<meta property=\"og:site_name\" content=\"Smarty Store\" \/>\n<meta property=\"article:modified_time\" content=\"2025-08-01T14:02:37+00:00\" \/>\n<meta property=\"og:image\" content=\"https:\/\/www.smartystore.it\/v25\/wp-content\/uploads\/2014\/03\/Cornice-a-scatto-parete-70x100-frame-25-angolo-vivo-1.jpg\" \/>\n\t<meta property=\"og:image:width\" content=\"1000\" \/>\n\t<meta property=\"og:image:height\" content=\"1000\" \/>\n\t<meta property=\"og:image:type\" content=\"image\/jpeg\" \/>\n<meta name=\"twitter:card\" content=\"summary_large_image\" \/>\n<meta name=\"twitter:label1\" content=\"Dur\u00e9e de lecture estim\u00e9e\" \/>\n\t<meta name=\"twitter:data1\" content=\"3 minutes\" \/>\n<script type=\"application\/ld+json\" class=\"yoast-schema-graph\">{\"@context\":\"https:\\\/\\\/schema.org\",\"@graph\":[{\"@type\":\"WebPage\",\"@id\":\"https:\\\/\\\/www.smartystore.it\\\/fr\\\/prodotto\\\/cadre-a-encliqueter-70x100-cadre-25-a-angle-vif\\\/\",\"url\":\"https:\\\/\\\/www.smartystore.it\\\/fr\\\/prodotto\\\/cadre-a-encliqueter-70x100-cadre-25-a-angle-vif\\\/\",\"name\":\"Cadre \u00e0 encliqueter 70x100 Cadre 25 \u00e0 angle vif\",\"isPartOf\":{\"@id\":\"https:\\\/\\\/www.smartystore.it\\\/fr\\\/#website\"},\"primaryImageOfPage\":{\"@id\":\"https:\\\/\\\/www.smartystore.it\\\/fr\\\/prodotto\\\/cadre-a-encliqueter-70x100-cadre-25-a-angle-vif\\\/#primaryimage\"},\"image\":{\"@id\":\"https:\\\/\\\/www.smartystore.it\\\/fr\\\/prodotto\\\/cadre-a-encliqueter-70x100-cadre-25-a-angle-vif\\\/#primaryimage\"},\"thumbnailUrl\":\"https:\\\/\\\/www.smartystore.it\\\/v25\\\/wp-content\\\/uploads\\\/2014\\\/03\\\/Cornice-a-scatto-parete-70x100-frame-25-angolo-vivo-1.jpg\",\"datePublished\":\"2014-03-25T13:55:06+00:00\",\"dateModified\":\"2025-08-01T14:02:37+00:00\",\"description\":\"Cadre \u00e0 encliqueter 70x100 Cadre 25 \u00e0 angle vif. Achetez des cadres muraux pour les utiliser comme syst\u00e8mes de communication modernes.\",\"breadcrumb\":{\"@id\":\"https:\\\/\\\/www.smartystore.it\\\/fr\\\/prodotto\\\/cadre-a-encliqueter-70x100-cadre-25-a-angle-vif\\\/#breadcrumb\"},\"inLanguage\":\"fr-FR\",\"potentialAction\":[{\"@type\":\"ReadAction\",\"target\":[\"https:\\\/\\\/www.smartystore.it\\\/fr\\\/prodotto\\\/cadre-a-encliqueter-70x100-cadre-25-a-angle-vif\\\/\"]}]},{\"@type\":\"ImageObject\",\"inLanguage\":\"fr-FR\",\"@id\":\"https:\\\/\\\/www.smartystore.it\\\/fr\\\/prodotto\\\/cadre-a-encliqueter-70x100-cadre-25-a-angle-vif\\\/#primaryimage\",\"url\":\"https:\\\/\\\/www.smartystore.it\\\/v25\\\/wp-content\\\/uploads\\\/2014\\\/03\\\/Cornice-a-scatto-parete-70x100-frame-25-angolo-vivo-1.jpg\",\"contentUrl\":\"https:\\\/\\\/www.smartystore.it\\\/v25\\\/wp-content\\\/uploads\\\/2014\\\/03\\\/Cornice-a-scatto-parete-70x100-frame-25-angolo-vivo-1.jpg\",\"width\":1000,\"height\":1000,\"caption\":\"Cadre \u00e0 encliqueter 70x100 Cadre 25 \u00e0 angle vif\"},{\"@type\":\"BreadcrumbList\",\"@id\":\"https:\\\/\\\/www.smartystore.it\\\/fr\\\/prodotto\\\/cadre-a-encliqueter-70x100-cadre-25-a-angle-vif\\\/#breadcrumb\",\"itemListElement\":[{\"@type\":\"ListItem\",\"position\":1,\"name\":\"Home\",\"item\":\"https:\\\/\\\/www.smartystore.it\\\/fr\\\/\"},{\"@type\":\"ListItem\",\"position\":2,\"name\":\"Boutique\",\"item\":\"https:\\\/\\\/www.smartystore.it\\\/fr\\\/boutique\\\/\"},{\"@type\":\"ListItem\",\"position\":3,\"name\":\"Cadre \u00e0 encliqueter 70&#215;100 Cadre 25 \u00e0 angle vif\"}]},{\"@type\":\"WebSite\",\"@id\":\"https:\\\/\\\/www.smartystore.it\\\/fr\\\/#website\",\"url\":\"https:\\\/\\\/www.smartystore.it\\\/fr\\\/\",\"name\":\"Smarty Store\",\"description\":\"Espositori Pubblicitari e Sistemi di Comunicazione Visiva\",\"potentialAction\":[{\"@type\":\"SearchAction\",\"target\":{\"@type\":\"EntryPoint\",\"urlTemplate\":\"https:\\\/\\\/www.smartystore.it\\\/fr\\\/?s={search_term_string}\"},\"query-input\":{\"@type\":\"PropertyValueSpecification\",\"valueRequired\":true,\"valueName\":\"search_term_string\"}}],\"inLanguage\":\"fr-FR\"}]}<\/script>\n<!-- \/ Yoast SEO plugin. -->","yoast_head_json":{"title":"Cadre \u00e0 encliqueter 70x100 Cadre 25 \u00e0 angle vif","description":"Cadre \u00e0 encliqueter 70x100 Cadre 25 \u00e0 angle vif. Achetez des cadres muraux pour les utiliser comme syst\u00e8mes de communication modernes.","robots":{"index":"index","follow":"follow","max-snippet":"max-snippet:-1","max-image-preview":"max-image-preview:large","max-video-preview":"max-video-preview:-1"},"canonical":"https:\/\/www.smartystore.it\/fr\/prodotto\/cadre-a-encliqueter-70x100-cadre-25-a-angle-vif\/","og_locale":"fr_FR","og_type":"article","og_title":"Cadre \u00e0 encliqueter 70x100 Cadre 25 \u00e0 angle vif","og_description":"Cadre \u00e0 encliqueter 70x100 Cadre 25 \u00e0 angle vif. Achetez des cadres muraux pour les utiliser comme syst\u00e8mes de communication modernes.","og_url":"https:\/\/www.smartystore.it\/fr\/prodotto\/cadre-a-encliqueter-70x100-cadre-25-a-angle-vif\/","og_site_name":"Smarty Store","article_modified_time":"2025-08-01T14:02:37+00:00","og_image":[{"width":1000,"height":1000,"url":"https:\/\/www.smartystore.it\/v25\/wp-content\/uploads\/2014\/03\/Cornice-a-scatto-parete-70x100-frame-25-angolo-vivo-1.jpg","type":"image\/jpeg"}],"twitter_card":"summary_large_image","twitter_misc":{"Dur\u00e9e de lecture estim\u00e9e":"3 minutes"},"schema":{"@context":"https:\/\/schema.org","@graph":[{"@type":"WebPage","@id":"https:\/\/www.smartystore.it\/fr\/prodotto\/cadre-a-encliqueter-70x100-cadre-25-a-angle-vif\/","url":"https:\/\/www.smartystore.it\/fr\/prodotto\/cadre-a-encliqueter-70x100-cadre-25-a-angle-vif\/","name":"Cadre \u00e0 encliqueter 70x100 Cadre 25 \u00e0 angle vif","isPartOf":{"@id":"https:\/\/www.smartystore.it\/fr\/#website"},"primaryImageOfPage":{"@id":"https:\/\/www.smartystore.it\/fr\/prodotto\/cadre-a-encliqueter-70x100-cadre-25-a-angle-vif\/#primaryimage"},"image":{"@id":"https:\/\/www.smartystore.it\/fr\/prodotto\/cadre-a-encliqueter-70x100-cadre-25-a-angle-vif\/#primaryimage"},"thumbnailUrl":"https:\/\/www.smartystore.it\/v25\/wp-content\/uploads\/2014\/03\/Cornice-a-scatto-parete-70x100-frame-25-angolo-vivo-1.jpg","datePublished":"2014-03-25T13:55:06+00:00","dateModified":"2025-08-01T14:02:37+00:00","description":"Cadre \u00e0 encliqueter 70x100 Cadre 25 \u00e0 angle vif. Achetez des cadres muraux pour les utiliser comme syst\u00e8mes de communication modernes.","breadcrumb":{"@id":"https:\/\/www.smartystore.it\/fr\/prodotto\/cadre-a-encliqueter-70x100-cadre-25-a-angle-vif\/#breadcrumb"},"inLanguage":"fr-FR","potentialAction":[{"@type":"ReadAction","target":["https:\/\/www.smartystore.it\/fr\/prodotto\/cadre-a-encliqueter-70x100-cadre-25-a-angle-vif\/"]}]},{"@type":"ImageObject","inLanguage":"fr-FR","@id":"https:\/\/www.smartystore.it\/fr\/prodotto\/cadre-a-encliqueter-70x100-cadre-25-a-angle-vif\/#primaryimage","url":"https:\/\/www.smartystore.it\/v25\/wp-content\/uploads\/2014\/03\/Cornice-a-scatto-parete-70x100-frame-25-angolo-vivo-1.jpg","contentUrl":"https:\/\/www.smartystore.it\/v25\/wp-content\/uploads\/2014\/03\/Cornice-a-scatto-parete-70x100-frame-25-angolo-vivo-1.jpg","width":1000,"height":1000,"caption":"Cadre \u00e0 encliqueter 70x100 Cadre 25 \u00e0 angle vif"},{"@type":"BreadcrumbList","@id":"https:\/\/www.smartystore.it\/fr\/prodotto\/cadre-a-encliqueter-70x100-cadre-25-a-angle-vif\/#breadcrumb","itemListElement":[{"@type":"ListItem","position":1,"name":"Home","item":"https:\/\/www.smartystore.it\/fr\/"},{"@type":"ListItem","position":2,"name":"Boutique","item":"https:\/\/www.smartystore.it\/fr\/boutique\/"},{"@type":"ListItem","position":3,"name":"Cadre \u00e0 encliqueter 70&#215;100 Cadre 25 \u00e0 angle vif"}]},{"@type":"WebSite","@id":"https:\/\/www.smartystore.it\/fr\/#website","url":"https:\/\/www.smartystore.it\/fr\/","name":"Smarty Store","description":"Espositori Pubblicitari e Sistemi di Comunicazione Visiva","potentialAction":[{"@type":"SearchAction","target":{"@type":"EntryPoint","urlTemplate":"https:\/\/www.smartystore.it\/fr\/?s={search_term_string}"},"query-input":{"@type":"PropertyValueSpecification","valueRequired":true,"valueName":"search_term_string"}}],"inLanguage":"fr-FR"}]}},"brands":[],"_links":{"self":[{"href":"https:\/\/www.smartystore.it\/fr\/wp-json\/wp\/v2\/product\/94771","targetHints":{"allow":["GET"]}}],"collection":[{"href":"https:\/\/www.smartystore.it\/fr\/wp-json\/wp\/v2\/product"}],"about":[{"href":"https:\/\/www.smartystore.it\/fr\/wp-json\/wp\/v2\/types\/product"}],"replies":[{"embeddable":true,"href":"https:\/\/www.smartystore.it\/fr\/wp-json\/wp\/v2\/comments?post=94771"}],"wp:featuredmedia":[{"embeddable":true,"href":"https:\/\/www.smartystore.it\/fr\/wp-json\/wp\/v2\/media\/94772"}],"wp:attachment":[{"href":"https:\/\/www.smartystore.it\/fr\/wp-json\/wp\/v2\/media?parent=94771"}],"wp:term":[{"taxonomy":"pwb-brand","embeddable":true,"href":"https:\/\/www.smartystore.it\/fr\/wp-json\/wp\/v2\/pwb-brand?post=94771"},{"taxonomy":"product_brand","embeddable":true,"href":"https:\/\/www.smartystore.it\/fr\/wp-json\/wp\/v2\/product_brand?post=94771"},{"taxonomy":"product_cat","embeddable":true,"href":"https:\/\/www.smartystore.it\/fr\/wp-json\/wp\/v2\/product_cat?post=94771"},{"taxonomy":"product_tag","embeddable":true,"href":"https:\/\/www.smartystore.it\/fr\/wp-json\/wp\/v2\/product_tag?post=94771"}],"curies":[{"name":"wp","href":"https:\/\/api.w.org\/{rel}","templated":true}]}}